{"id":45424,"date":"2022-05-12T15:05:57","date_gmt":"2022-05-12T19:05:57","guid":{"rendered":"https:\/\/cdsboutique.com\/?post_type=product&#038;p=45424"},"modified":"2022-05-13T08:44:12","modified_gmt":"2022-05-13T12:44:12","slug":"set-e-35-pcs-tray-puzzle-4","status":"publish","type":"product","link":"https:\/\/staging.cdsboutique.com\/en\/produit\/set-e-35-pcs-tray-puzzle-4\/","title":{"rendered":"Set \u201cE\u201d 35 Pcs &#8211; Tray Puzzle (4)"},"content":{"rendered":"<p style=\"text-align: justify;\">These beautiful tray puzzles contain 35 large pieces measuring approximately 2\u00bd&#8221; x 2\u00bd&#8221; (6.3 x 6.3 cm) each. Pieces have to be inserted in an outlined\u00a0tray with prints providing a lot of clues on the\u00a0location of the pieces, making things easier for the users. These charming images display many details that could help start conversations during reminiscing workshops.<\/p>\n<p><strong>Each puzzle measures\u00a014&#8243; x 10&#8243; (35.6 x 25.4 cm). Made of extra thick cardboard with the Cobble Hill high quality standards.<\/strong><\/p>\n<p><strong>Includes: Pond, Squirrels, Country Road and Chickens.<\/strong><\/p>\n<p><span style=\"color: #ffffff;\"><strong>V*<\/strong><\/span><\/p>\n","protected":false},"excerpt":{"rendered":"<p style=\"text-align: justify;\">These beautiful tray puzzles contain 35 large pieces measuring approximately 2\u00bd&#8221; x 2\u00bd&#8221; (6.3 x 6.3 cm) each. Pieces have to be inserted in an outlined\u00a0tray with prints providing a lot of clues on the\u00a0location of the pieces, making things easier for the users. These charming images display many details that could help start conversations during reminiscing workshops.<\/p>\n<p><strong>Each puzzle measures\u00a014&#8243; x 10&#8243; (35.6 x 25.4 cm). Made of extra thick cardboard with the Cobble Hill high quality standards.<\/strong><\/p>\n<p><strong>Includes: Pond, Squirrels, Country Road and Chickens.<\/strong><\/p>\n<p><span style=\"color: #ffffff;\"><strong>V*<\/strong><\/span><\/p>\n","protected":false},"featured_media":45427,"comment_status":"open","ping_status":"closed","template":"","meta":{"_acf_changed":false},"product_brand":[],"product_cat":[4401,2814,2962,2804],"product_tag":[],"class_list":{"0":"post-45424","1":"product","2":"type-product","3":"status-publish","4":"has-post-thumbnail","6":"product_cat-all","7":"product_cat-puzzles","8":"product_cat-medium-25-to-100-pcs","9":"product_cat-various-games","10":"product_shipping_class-frais-de-livraison-en","12":"first","13":"instock","14":"taxable","15":"shipping-taxable","16":"purchasable","17":"product-type-simple"},"bundled_by":[],"bundle_stock_status":"instock","bundle_stock_quantity":null,"bundle_virtual":false,"bundle_layout":"","bundle_add_to_cart_form_location":"","bundle_editable_in_cart":false,"bundle_sold_individually_context":"","bundle_item_grouping":"","bundle_min_size":"","bundle_max_size":"","bundle_price":[],"bundled_items":[],"bundle_sell_ids":[],"acf":[],"featured_image_urls_v2":{"full":["https:\/\/staging.cdsboutique.com\/wp-content\/uploads\/2022\/05\/27270Z_Ensemble-E.png",700,700,false],"thumbnail":["https:\/\/staging.cdsboutique.com\/wp-content\/uploads\/2022\/05\/27270Z_Ensemble-E-150x150.png",150,150,true],"medium":["https:\/\/staging.cdsboutique.com\/wp-content\/uploads\/2022\/05\/27270Z_Ensemble-E-300x300.png",300,300,true],"medium_large":["https:\/\/staging.cdsboutique.com\/wp-content\/uploads\/2022\/05\/27270Z_Ensemble-E.png",700,700,false],"large":["https:\/\/staging.cdsboutique.com\/wp-content\/uploads\/2022\/05\/27270Z_Ensemble-E.png",700,700,false],"1536x1536":["https:\/\/staging.cdsboutique.com\/wp-content\/uploads\/2022\/05\/27270Z_Ensemble-E.png",700,700,false],"2048x2048":["https:\/\/staging.cdsboutique.com\/wp-content\/uploads\/2022\/05\/27270Z_Ensemble-E.png",700,700,false],"gform-image-choice-sm":["https:\/\/staging.cdsboutique.com\/wp-content\/uploads\/2022\/05\/27270Z_Ensemble-E.png",300,300,false],"gform-image-choice-md":["https:\/\/staging.cdsboutique.com\/wp-content\/uploads\/2022\/05\/27270Z_Ensemble-E.png",400,400,false],"gform-image-choice-lg":["https:\/\/staging.cdsboutique.com\/wp-content\/uploads\/2022\/05\/27270Z_Ensemble-E.png",600,600,false],"woocommerce_thumbnail":["https:\/\/staging.cdsboutique.com\/wp-content\/uploads\/2022\/05\/27270Z_Ensemble-E-300x300.png",300,300,true],"woocommerce_single":["https:\/\/staging.cdsboutique.com\/wp-content\/uploads\/2022\/05\/27270Z_Ensemble-E-600x600.png",600,600,true],"woocommerce_gallery_thumbnail":["https:\/\/staging.cdsboutique.com\/wp-content\/uploads\/2022\/05\/27270Z_Ensemble-E-100x100.png",100,100,true],"variation_swatches_image_size":["https:\/\/staging.cdsboutique.com\/wp-content\/uploads\/2022\/05\/27270Z_Ensemble-E.png",50,50,false],"variation_swatches_tooltip_size":["https:\/\/staging.cdsboutique.com\/wp-content\/uploads\/2022\/05\/27270Z_Ensemble-E.png",100,100,false],"logo-size":["https:\/\/staging.cdsboutique.com\/wp-content\/uploads\/2022\/05\/27270Z_Ensemble-E-84x84.png",84,84,true],"blog":["https:\/\/staging.cdsboutique.com\/wp-content\/uploads\/2022\/05\/27270Z_Ensemble-E-350x260.png",350,260,true]},"post_excerpt_stackable_v2":"<p style=\"text-align: justify;\">These beautiful tray puzzles contain 35 large pieces measuring approximately 2\u00bd&#8221; x 2\u00bd&#8221; (6.3 x 6.3 cm) each. Pieces have to be inserted in an outlined\u00a0tray with prints providing a lot of clues on the\u00a0location of the pieces, making things easier for the users. These charming images display many details that could help start conversations during reminiscing workshops.<\/p>\n<p><strong>Each puzzle measures\u00a014&#8243; x 10&#8243; (35.6 x 25.4 cm). Made of extra thick cardboard with the Cobble Hill high quality standards.<\/strong><\/p>\n<p><strong>Includes: Pond, Squirrels, Country Road and Chickens.<\/strong><\/p>\n<p><span style=\"color: #ffffff;\"><strong>V*<\/strong><\/span><\/p>\n","category_list_v2":"","author_info_v2":{"name":"","url":""},"comments_num_v2":"0 comments","yoast_head":"<!-- This site is optimized with the Yoast SEO plugin v27.4 - https:\/\/yoast.com\/product\/yoast-seo-wordpress\/ -->\n<title>Set \u201cE\u201d 35 Pcs - Tray Puzzle (4) - CDS boutique A\u00een\u00e9s<\/title>\n<meta name=\"robots\" content=\"noindex, follow, max-snippet:-1, max-image-preview:large, max-video-preview:-1\" \/>\n<meta property=\"og:locale\" content=\"en_US\" \/>\n<meta property=\"og:type\" content=\"article\" \/>\n<meta property=\"og:title\" content=\"Set \u201cE\u201d 35 Pcs - Tray Puzzle (4) - CDS boutique A\u00een\u00e9s\" \/>\n<meta property=\"og:description\" content=\"These beautiful tray puzzles contain 35 large pieces measuring approximately 2\u00bd&quot; x 2\u00bd&quot; (6.3 x 6.3 cm) each. Pieces have to be inserted in an outlined\u00a0tray with prints providing a lot of clues on the\u00a0location of the pieces, making things easier for the users. These charming images display many details that could help start conversations during reminiscing workshops. Each puzzle measures\u00a014&quot; x 10&quot; (35.6 x 25.4 cm). Made of extra thick cardboard with the Cobble Hill high quality standards.  Includes: Pond, Squirrels, Country Road and Chickens.  V*\" \/>\n<meta property=\"og:url\" content=\"https:\/\/staging.cdsboutique.com\/en\/product\/set-e-35-pcs-tray-puzzle-4\/\" \/>\n<meta property=\"og:site_name\" content=\"CDS boutique A\u00een\u00e9s\" \/>\n<meta property=\"article:publisher\" content=\"https:\/\/www.facebook.com\/CDSBoutique.Aines.Seniors\" \/>\n<meta property=\"article:modified_time\" content=\"2022-05-13T12:44:12+00:00\" \/>\n<meta property=\"og:image\" content=\"https:\/\/staging.cdsboutique.com\/wp-content\/uploads\/2022\/05\/27270Z_Ensemble-E.png\" \/>\n\t<meta property=\"og:image:width\" content=\"700\" \/>\n\t<meta property=\"og:image:height\" content=\"700\" \/>\n\t<meta property=\"og:image:type\" content=\"image\/png\" \/>\n<meta name=\"twitter:card\" content=\"summary_large_image\" \/>\n<script type=\"application\/ld+json\" class=\"yoast-schema-graph\">{\"@context\":\"https:\\\/\\\/schema.org\",\"@graph\":[{\"@type\":\"WebPage\",\"@id\":\"https:\\\/\\\/staging.cdsboutique.com\\\/en\\\/product\\\/set-e-35-pcs-tray-puzzle-4\\\/\",\"url\":\"https:\\\/\\\/staging.cdsboutique.com\\\/en\\\/product\\\/set-e-35-pcs-tray-puzzle-4\\\/\",\"name\":\"Set \u201cE\u201d 35 Pcs - Tray Puzzle (4) - CDS boutique A\u00een\u00e9s\",\"isPartOf\":{\"@id\":\"https:\\\/\\\/staging.cdsboutique.com\\\/#website\"},\"primaryImageOfPage\":{\"@id\":\"https:\\\/\\\/staging.cdsboutique.com\\\/en\\\/product\\\/set-e-35-pcs-tray-puzzle-4\\\/#primaryimage\"},\"image\":{\"@id\":\"https:\\\/\\\/staging.cdsboutique.com\\\/en\\\/product\\\/set-e-35-pcs-tray-puzzle-4\\\/#primaryimage\"},\"thumbnailUrl\":\"https:\\\/\\\/staging.cdsboutique.com\\\/wp-content\\\/uploads\\\/2022\\\/05\\\/27270Z_Ensemble-E.png\",\"datePublished\":\"2022-05-12T19:05:57+00:00\",\"dateModified\":\"2022-05-13T12:44:12+00:00\",\"breadcrumb\":{\"@id\":\"https:\\\/\\\/staging.cdsboutique.com\\\/en\\\/product\\\/set-e-35-pcs-tray-puzzle-4\\\/#breadcrumb\"},\"inLanguage\":\"en-US\",\"potentialAction\":[{\"@type\":\"ReadAction\",\"target\":[\"https:\\\/\\\/staging.cdsboutique.com\\\/en\\\/product\\\/set-e-35-pcs-tray-puzzle-4\\\/\"]}]},{\"@type\":\"ImageObject\",\"inLanguage\":\"en-US\",\"@id\":\"https:\\\/\\\/staging.cdsboutique.com\\\/en\\\/product\\\/set-e-35-pcs-tray-puzzle-4\\\/#primaryimage\",\"url\":\"https:\\\/\\\/staging.cdsboutique.com\\\/wp-content\\\/uploads\\\/2022\\\/05\\\/27270Z_Ensemble-E.png\",\"contentUrl\":\"https:\\\/\\\/staging.cdsboutique.com\\\/wp-content\\\/uploads\\\/2022\\\/05\\\/27270Z_Ensemble-E.png\",\"width\":700,\"height\":700},{\"@type\":\"BreadcrumbList\",\"@id\":\"https:\\\/\\\/staging.cdsboutique.com\\\/en\\\/product\\\/set-e-35-pcs-tray-puzzle-4\\\/#breadcrumb\",\"itemListElement\":[{\"@type\":\"ListItem\",\"position\":1,\"name\":\"Home\",\"item\":\"https:\\\/\\\/staging.cdsboutique.com\\\/en\\\/\"},{\"@type\":\"ListItem\",\"position\":2,\"name\":\"Products\",\"item\":\"https:\\\/\\\/staging.cdsboutique.com\\\/en\\\/products\\\/\"},{\"@type\":\"ListItem\",\"position\":3,\"name\":\"Set \u201cE\u201d 35 Pcs &#8211; Tray Puzzle (4)\"}]},{\"@type\":\"WebSite\",\"@id\":\"https:\\\/\\\/staging.cdsboutique.com\\\/#website\",\"url\":\"https:\\\/\\\/staging.cdsboutique.com\\\/\",\"name\":\"CDS boutique A\u00een\u00e9s\",\"description\":\"Pour une meilleure qualit\u00e9 de vie\",\"publisher\":{\"@id\":\"https:\\\/\\\/staging.cdsboutique.com\\\/#organization\"},\"potentialAction\":[{\"@type\":\"SearchAction\",\"target\":{\"@type\":\"EntryPoint\",\"urlTemplate\":\"https:\\\/\\\/staging.cdsboutique.com\\\/?s={search_term_string}\"},\"query-input\":{\"@type\":\"PropertyValueSpecification\",\"valueRequired\":true,\"valueName\":\"search_term_string\"}}],\"inLanguage\":\"en-US\"},{\"@type\":\"Organization\",\"@id\":\"https:\\\/\\\/staging.cdsboutique.com\\\/#organization\",\"name\":\"CDS Boutique\",\"url\":\"https:\\\/\\\/staging.cdsboutique.com\\\/\",\"logo\":{\"@type\":\"ImageObject\",\"inLanguage\":\"en-US\",\"@id\":\"https:\\\/\\\/staging.cdsboutique.com\\\/#\\\/schema\\\/logo\\\/image\\\/\",\"url\":\"https:\\\/\\\/staging.cdsboutique.com\\\/wp-content\\\/uploads\\\/2024\\\/09\\\/logoCDS-Boutique_final2024.jpg\",\"contentUrl\":\"https:\\\/\\\/staging.cdsboutique.com\\\/wp-content\\\/uploads\\\/2024\\\/09\\\/logoCDS-Boutique_final2024.jpg\",\"width\":900,\"height\":600,\"caption\":\"CDS Boutique\"},\"image\":{\"@id\":\"https:\\\/\\\/staging.cdsboutique.com\\\/#\\\/schema\\\/logo\\\/image\\\/\"},\"sameAs\":[\"https:\\\/\\\/www.facebook.com\\\/CDSBoutique.Aines.Seniors\",\"https:\\\/\\\/www.youtube.com\\\/@cdsboutique4046\",\"https:\\\/\\\/www.linkedin.com\\\/company\\\/cds-boutique\\\/\",\"https:\\\/\\\/www.instagram.com\\\/cdsboutique\\\/\"]}]}<\/script>\n<!-- \/ Yoast SEO plugin. -->","yoast_head_json":{"title":"Set \u201cE\u201d 35 Pcs - Tray Puzzle (4) - CDS boutique A\u00een\u00e9s","robots":{"index":"noindex","follow":"follow","max-snippet":"max-snippet:-1","max-image-preview":"max-image-preview:large","max-video-preview":"max-video-preview:-1"},"og_locale":"en_US","og_type":"article","og_title":"Set \u201cE\u201d 35 Pcs - Tray Puzzle (4) - CDS boutique A\u00een\u00e9s","og_description":"These beautiful tray puzzles contain 35 large pieces measuring approximately 2\u00bd\" x 2\u00bd\" (6.3 x 6.3 cm) each. Pieces have to be inserted in an outlined\u00a0tray with prints providing a lot of clues on the\u00a0location of the pieces, making things easier for the users. These charming images display many details that could help start conversations during reminiscing workshops. Each puzzle measures\u00a014\" x 10\" (35.6 x 25.4 cm). Made of extra thick cardboard with the Cobble Hill high quality standards.  Includes: Pond, Squirrels, Country Road and Chickens.  V*","og_url":"https:\/\/staging.cdsboutique.com\/en\/product\/set-e-35-pcs-tray-puzzle-4\/","og_site_name":"CDS boutique A\u00een\u00e9s","article_publisher":"https:\/\/www.facebook.com\/CDSBoutique.Aines.Seniors","article_modified_time":"2022-05-13T12:44:12+00:00","og_image":[{"width":700,"height":700,"url":"https:\/\/staging.cdsboutique.com\/wp-content\/uploads\/2022\/05\/27270Z_Ensemble-E.png","type":"image\/png"}],"twitter_card":"summary_large_image","schema":{"@context":"https:\/\/schema.org","@graph":[{"@type":"WebPage","@id":"https:\/\/staging.cdsboutique.com\/en\/product\/set-e-35-pcs-tray-puzzle-4\/","url":"https:\/\/staging.cdsboutique.com\/en\/product\/set-e-35-pcs-tray-puzzle-4\/","name":"Set \u201cE\u201d 35 Pcs - Tray Puzzle (4) - CDS boutique A\u00een\u00e9s","isPartOf":{"@id":"https:\/\/staging.cdsboutique.com\/#website"},"primaryImageOfPage":{"@id":"https:\/\/staging.cdsboutique.com\/en\/product\/set-e-35-pcs-tray-puzzle-4\/#primaryimage"},"image":{"@id":"https:\/\/staging.cdsboutique.com\/en\/product\/set-e-35-pcs-tray-puzzle-4\/#primaryimage"},"thumbnailUrl":"https:\/\/staging.cdsboutique.com\/wp-content\/uploads\/2022\/05\/27270Z_Ensemble-E.png","datePublished":"2022-05-12T19:05:57+00:00","dateModified":"2022-05-13T12:44:12+00:00","breadcrumb":{"@id":"https:\/\/staging.cdsboutique.com\/en\/product\/set-e-35-pcs-tray-puzzle-4\/#breadcrumb"},"inLanguage":"en-US","potentialAction":[{"@type":"ReadAction","target":["https:\/\/staging.cdsboutique.com\/en\/product\/set-e-35-pcs-tray-puzzle-4\/"]}]},{"@type":"ImageObject","inLanguage":"en-US","@id":"https:\/\/staging.cdsboutique.com\/en\/product\/set-e-35-pcs-tray-puzzle-4\/#primaryimage","url":"https:\/\/staging.cdsboutique.com\/wp-content\/uploads\/2022\/05\/27270Z_Ensemble-E.png","contentUrl":"https:\/\/staging.cdsboutique.com\/wp-content\/uploads\/2022\/05\/27270Z_Ensemble-E.png","width":700,"height":700},{"@type":"BreadcrumbList","@id":"https:\/\/staging.cdsboutique.com\/en\/product\/set-e-35-pcs-tray-puzzle-4\/#breadcrumb","itemListElement":[{"@type":"ListItem","position":1,"name":"Home","item":"https:\/\/staging.cdsboutique.com\/en\/"},{"@type":"ListItem","position":2,"name":"Products","item":"https:\/\/staging.cdsboutique.com\/en\/products\/"},{"@type":"ListItem","position":3,"name":"Set \u201cE\u201d 35 Pcs &#8211; Tray Puzzle (4)"}]},{"@type":"WebSite","@id":"https:\/\/staging.cdsboutique.com\/#website","url":"https:\/\/staging.cdsboutique.com\/","name":"CDS boutique A\u00een\u00e9s","description":"Pour une meilleure qualit\u00e9 de vie","publisher":{"@id":"https:\/\/staging.cdsboutique.com\/#organization"},"potentialAction":[{"@type":"SearchAction","target":{"@type":"EntryPoint","urlTemplate":"https:\/\/staging.cdsboutique.com\/?s={search_term_string}"},"query-input":{"@type":"PropertyValueSpecification","valueRequired":true,"valueName":"search_term_string"}}],"inLanguage":"en-US"},{"@type":"Organization","@id":"https:\/\/staging.cdsboutique.com\/#organization","name":"CDS Boutique","url":"https:\/\/staging.cdsboutique.com\/","logo":{"@type":"ImageObject","inLanguage":"en-US","@id":"https:\/\/staging.cdsboutique.com\/#\/schema\/logo\/image\/","url":"https:\/\/staging.cdsboutique.com\/wp-content\/uploads\/2024\/09\/logoCDS-Boutique_final2024.jpg","contentUrl":"https:\/\/staging.cdsboutique.com\/wp-content\/uploads\/2024\/09\/logoCDS-Boutique_final2024.jpg","width":900,"height":600,"caption":"CDS Boutique"},"image":{"@id":"https:\/\/staging.cdsboutique.com\/#\/schema\/logo\/image\/"},"sameAs":["https:\/\/www.facebook.com\/CDSBoutique.Aines.Seniors","https:\/\/www.youtube.com\/@cdsboutique4046","https:\/\/www.linkedin.com\/company\/cds-boutique\/","https:\/\/www.instagram.com\/cdsboutique\/"]}]}},"_links":{"self":[{"href":"https:\/\/staging.cdsboutique.com\/en\/wp-json\/wp\/v2\/product\/45424","targetHints":{"allow":["GET"]}}],"collection":[{"href":"https:\/\/staging.cdsboutique.com\/en\/wp-json\/wp\/v2\/product"}],"about":[{"href":"https:\/\/staging.cdsboutique.com\/en\/wp-json\/wp\/v2\/types\/product"}],"replies":[{"embeddable":true,"href":"https:\/\/staging.cdsboutique.com\/en\/wp-json\/wp\/v2\/comments?post=45424"}],"wp:featuredmedia":[{"embeddable":true,"href":"https:\/\/staging.cdsboutique.com\/en\/wp-json\/wp\/v2\/media\/45427"}],"wp:attachment":[{"href":"https:\/\/staging.cdsboutique.com\/en\/wp-json\/wp\/v2\/media?parent=45424"}],"wp:term":[{"taxonomy":"product_brand","embeddable":true,"href":"https:\/\/staging.cdsboutique.com\/en\/wp-json\/wp\/v2\/product_brand?post=45424"},{"taxonomy":"product_cat","embeddable":true,"href":"https:\/\/staging.cdsboutique.com\/en\/wp-json\/wp\/v2\/product_cat?post=45424"},{"taxonomy":"product_tag","embeddable":true,"href":"https:\/\/staging.cdsboutique.com\/en\/wp-json\/wp\/v2\/product_tag?post=45424"}],"curies":[{"name":"wp","href":"https:\/\/api.w.org\/{rel}","templated":true}]}}