{"id":46418,"date":"2022-07-22T10:28:56","date_gmt":"2022-07-22T14:28:56","guid":{"rendered":"https:\/\/cdsboutique.com\/?post_type=product&#038;p=46418"},"modified":"2022-07-28T13:18:24","modified_gmt":"2022-07-28T17:18:24","slug":"easy-handling-puzzle-275-pcs-chez-michelle","status":"publish","type":"product","link":"https:\/\/staging.cdsboutique.com\/en\/produit\/easy-handling-puzzle-275-pcs-chez-michelle\/","title":{"rendered":"Easy Handling Puzzle (275 pcs) &#8211; Chez Michelle"},"content":{"rendered":"<div class=\"std\">\n<p><strong>This quality collection has been a favourite of thousands of puzzle lovers for years!<\/strong><\/p>\n<div class=\"std\">\n<div class=\"std\">\n<p>Your residents will have a lot of fun completing this puzzle reflecting a scene from everyday life. This bistro is near the ocean and surrounded by colorful flowers. Made of high quality cardboard, the pieces are precision cut to fit together perfectly.<\/p>\n<div class=\"std\">\n<div class=\"std\">\n<p>Dimension: 24 x 18 in (61 x 45,7\u00a0cm)<\/p>\n<\/div>\n<\/div>\n<\/div>\n<\/div>\n<\/div>\n","protected":false},"excerpt":{"rendered":"<div class=\"std\"><strong>This quality collection has been a favourite of thousands of puzzle lovers for years!<\/strong><\/div>\n<div class=\"std\"><\/div>\n<div class=\"std\">Your residents will have a lot of fun completing this puzzle reflecting a scene from everyday life. This bistro is near the ocean and surrounded by colorful flowers. Made of high quality cardboard, the pieces are precision cut to fit together perfectly.<\/div>\n<div class=\"std\"><\/div>\n<div class=\"std\">Dimension: 24 x 18 in (61 x 45,7\u00a0cm)<\/div>\n","protected":false},"featured_media":46421,"comment_status":"open","ping_status":"closed","template":"","meta":{"_acf_changed":false},"product_brand":[],"product_cat":[4401,2960],"product_tag":[],"class_list":{"0":"post-46418","1":"product","2":"type-product","3":"status-publish","4":"has-post-thumbnail","6":"product_cat-all","7":"product_cat-hard-more-than-100-pcs","8":"product_shipping_class-frais-de-livraison-en","10":"first","11":"instock","12":"taxable","13":"shipping-taxable","14":"purchasable","15":"product-type-simple"},"bundled_by":[],"bundle_stock_status":"instock","bundle_stock_quantity":null,"bundle_virtual":false,"bundle_layout":"","bundle_add_to_cart_form_location":"","bundle_editable_in_cart":false,"bundle_sold_individually_context":"","bundle_item_grouping":"","bundle_min_size":"","bundle_max_size":"","bundle_price":[],"bundled_items":[],"bundle_sell_ids":[],"acf":[],"featured_image_urls_v2":{"full":["https:\/\/staging.cdsboutique.com\/wp-content\/uploads\/2022\/07\/chez-michelle.jpg",1200,900,false],"thumbnail":["https:\/\/staging.cdsboutique.com\/wp-content\/uploads\/2022\/07\/chez-michelle-150x150.jpg",150,150,true],"medium":["https:\/\/staging.cdsboutique.com\/wp-content\/uploads\/2022\/07\/chez-michelle-300x225.jpg",300,225,true],"medium_large":["https:\/\/staging.cdsboutique.com\/wp-content\/uploads\/2022\/07\/chez-michelle-768x576.jpg",768,576,true],"large":["https:\/\/staging.cdsboutique.com\/wp-content\/uploads\/2022\/07\/chez-michelle-1024x768.jpg",980,735,true],"1536x1536":["https:\/\/staging.cdsboutique.com\/wp-content\/uploads\/2022\/07\/chez-michelle.jpg",1200,900,false],"2048x2048":["https:\/\/staging.cdsboutique.com\/wp-content\/uploads\/2022\/07\/chez-michelle.jpg",1200,900,false],"gform-image-choice-sm":["https:\/\/staging.cdsboutique.com\/wp-content\/uploads\/2022\/07\/chez-michelle.jpg",300,225,false],"gform-image-choice-md":["https:\/\/staging.cdsboutique.com\/wp-content\/uploads\/2022\/07\/chez-michelle.jpg",400,300,false],"gform-image-choice-lg":["https:\/\/staging.cdsboutique.com\/wp-content\/uploads\/2022\/07\/chez-michelle.jpg",600,450,false],"woocommerce_thumbnail":["https:\/\/staging.cdsboutique.com\/wp-content\/uploads\/2022\/07\/chez-michelle-300x225.jpg",300,225,true],"woocommerce_single":["https:\/\/staging.cdsboutique.com\/wp-content\/uploads\/2022\/07\/chez-michelle-600x450.jpg",600,450,true],"woocommerce_gallery_thumbnail":["https:\/\/staging.cdsboutique.com\/wp-content\/uploads\/2022\/07\/chez-michelle-100x100.jpg",100,100,true],"variation_swatches_image_size":["https:\/\/staging.cdsboutique.com\/wp-content\/uploads\/2022\/07\/chez-michelle.jpg",50,38,false],"variation_swatches_tooltip_size":["https:\/\/staging.cdsboutique.com\/wp-content\/uploads\/2022\/07\/chez-michelle.jpg",100,75,false],"logo-size":["https:\/\/staging.cdsboutique.com\/wp-content\/uploads\/2022\/07\/chez-michelle-112x84.jpg",112,84,true],"blog":["https:\/\/staging.cdsboutique.com\/wp-content\/uploads\/2022\/07\/chez-michelle-350x260.jpg",350,260,true]},"post_excerpt_stackable_v2":"<div class=\"std\"><strong>This quality collection has been a favourite of thousands of puzzle lovers for years!<\/strong><\/div>\n<div class=\"std\"><\/div>\n<div class=\"std\">Your residents will have a lot of fun completing this puzzle reflecting a scene from everyday life. This bistro is near the ocean and surrounded by colorful flowers. Made of high quality cardboard, the pieces are precision cut to fit together perfectly.<\/div>\n<div class=\"std\"><\/div>\n<div class=\"std\">Dimension: 24 x 18 in (61 x 45,7\u00a0cm)<\/div>\n","category_list_v2":"","author_info_v2":{"name":"","url":""},"comments_num_v2":"0 comments","yoast_head":"<!-- This site is optimized with the Yoast SEO plugin v27.4 - https:\/\/yoast.com\/product\/yoast-seo-wordpress\/ -->\n<title>Easy Handling Puzzle (275 pcs) - Farm Cats &quot;Reminiscence Collection&quot;<\/title>\n<meta name=\"description\" content=\"This quality collection has been a favourite of thousands of puzzle lovers for years! The images we selected with care represent scenes of everyday living that your residents will have a lot of pleasure to do over and over again over the years.\" \/>\n<meta name=\"robots\" content=\"noindex, follow, max-snippet:-1, max-image-preview:large, max-video-preview:-1\" \/>\n<meta property=\"og:locale\" content=\"en_US\" \/>\n<meta property=\"og:type\" content=\"article\" \/>\n<meta property=\"og:title\" content=\"Easy Handling Puzzle (275 pcs) - Farm Cats &quot;Reminiscence Collection&quot;\" \/>\n<meta property=\"og:description\" content=\"This quality collection has been a favourite of thousands of puzzle lovers for years! The images we selected with care represent scenes of everyday living that your residents will have a lot of pleasure to do over and over again over the years.\" \/>\n<meta property=\"og:url\" content=\"https:\/\/staging.cdsboutique.com\/en\/product\/easy-handling-puzzle-275-pcs-chez-michelle\/\" \/>\n<meta property=\"og:site_name\" content=\"CDS boutique A\u00een\u00e9s\" \/>\n<meta property=\"article:publisher\" content=\"https:\/\/www.facebook.com\/CDSBoutique.Aines.Seniors\" \/>\n<meta property=\"article:modified_time\" content=\"2022-07-28T17:18:24+00:00\" \/>\n<meta property=\"og:image\" content=\"https:\/\/staging.cdsboutique.com\/wp-content\/uploads\/2022\/07\/chez-michelle.jpg\" \/>\n\t<meta property=\"og:image:width\" content=\"1200\" \/>\n\t<meta property=\"og:image:height\" content=\"900\" \/>\n\t<meta property=\"og:image:type\" content=\"image\/jpeg\" \/>\n<meta name=\"twitter:card\" content=\"summary_large_image\" \/>\n<script type=\"application\/ld+json\" class=\"yoast-schema-graph\">{\"@context\":\"https:\\\/\\\/schema.org\",\"@graph\":[{\"@type\":\"WebPage\",\"@id\":\"https:\\\/\\\/staging.cdsboutique.com\\\/en\\\/product\\\/easy-handling-puzzle-275-pcs-chez-michelle\\\/\",\"url\":\"https:\\\/\\\/staging.cdsboutique.com\\\/en\\\/product\\\/easy-handling-puzzle-275-pcs-chez-michelle\\\/\",\"name\":\"Easy Handling Puzzle (275 pcs) - Farm Cats \\\"Reminiscence Collection\\\"\",\"isPartOf\":{\"@id\":\"https:\\\/\\\/staging.cdsboutique.com\\\/#website\"},\"primaryImageOfPage\":{\"@id\":\"https:\\\/\\\/staging.cdsboutique.com\\\/en\\\/product\\\/easy-handling-puzzle-275-pcs-chez-michelle\\\/#primaryimage\"},\"image\":{\"@id\":\"https:\\\/\\\/staging.cdsboutique.com\\\/en\\\/product\\\/easy-handling-puzzle-275-pcs-chez-michelle\\\/#primaryimage\"},\"thumbnailUrl\":\"https:\\\/\\\/staging.cdsboutique.com\\\/wp-content\\\/uploads\\\/2022\\\/07\\\/chez-michelle.jpg\",\"datePublished\":\"2022-07-22T14:28:56+00:00\",\"dateModified\":\"2022-07-28T17:18:24+00:00\",\"description\":\"This quality collection has been a favourite of thousands of puzzle lovers for years! The images we selected with care represent scenes of everyday living that your residents will have a lot of pleasure to do over and over again over the years.\",\"breadcrumb\":{\"@id\":\"https:\\\/\\\/staging.cdsboutique.com\\\/en\\\/product\\\/easy-handling-puzzle-275-pcs-chez-michelle\\\/#breadcrumb\"},\"inLanguage\":\"en-US\",\"potentialAction\":[{\"@type\":\"ReadAction\",\"target\":[\"https:\\\/\\\/staging.cdsboutique.com\\\/en\\\/product\\\/easy-handling-puzzle-275-pcs-chez-michelle\\\/\"]}]},{\"@type\":\"ImageObject\",\"inLanguage\":\"en-US\",\"@id\":\"https:\\\/\\\/staging.cdsboutique.com\\\/en\\\/product\\\/easy-handling-puzzle-275-pcs-chez-michelle\\\/#primaryimage\",\"url\":\"https:\\\/\\\/staging.cdsboutique.com\\\/wp-content\\\/uploads\\\/2022\\\/07\\\/chez-michelle.jpg\",\"contentUrl\":\"https:\\\/\\\/staging.cdsboutique.com\\\/wp-content\\\/uploads\\\/2022\\\/07\\\/chez-michelle.jpg\",\"width\":1200,\"height\":900},{\"@type\":\"BreadcrumbList\",\"@id\":\"https:\\\/\\\/staging.cdsboutique.com\\\/en\\\/product\\\/easy-handling-puzzle-275-pcs-chez-michelle\\\/#breadcrumb\",\"itemListElement\":[{\"@type\":\"ListItem\",\"position\":1,\"name\":\"Home\",\"item\":\"https:\\\/\\\/staging.cdsboutique.com\\\/en\\\/\"},{\"@type\":\"ListItem\",\"position\":2,\"name\":\"Products\",\"item\":\"https:\\\/\\\/staging.cdsboutique.com\\\/en\\\/products\\\/\"},{\"@type\":\"ListItem\",\"position\":3,\"name\":\"Easy Handling Puzzle (275 pcs) &#8211; Chez Michelle\"}]},{\"@type\":\"WebSite\",\"@id\":\"https:\\\/\\\/staging.cdsboutique.com\\\/#website\",\"url\":\"https:\\\/\\\/staging.cdsboutique.com\\\/\",\"name\":\"CDS boutique A\u00een\u00e9s\",\"description\":\"Pour une meilleure qualit\u00e9 de vie\",\"publisher\":{\"@id\":\"https:\\\/\\\/staging.cdsboutique.com\\\/#organization\"},\"potentialAction\":[{\"@type\":\"SearchAction\",\"target\":{\"@type\":\"EntryPoint\",\"urlTemplate\":\"https:\\\/\\\/staging.cdsboutique.com\\\/?s={search_term_string}\"},\"query-input\":{\"@type\":\"PropertyValueSpecification\",\"valueRequired\":true,\"valueName\":\"search_term_string\"}}],\"inLanguage\":\"en-US\"},{\"@type\":\"Organization\",\"@id\":\"https:\\\/\\\/staging.cdsboutique.com\\\/#organization\",\"name\":\"CDS Boutique\",\"url\":\"https:\\\/\\\/staging.cdsboutique.com\\\/\",\"logo\":{\"@type\":\"ImageObject\",\"inLanguage\":\"en-US\",\"@id\":\"https:\\\/\\\/staging.cdsboutique.com\\\/#\\\/schema\\\/logo\\\/image\\\/\",\"url\":\"https:\\\/\\\/staging.cdsboutique.com\\\/wp-content\\\/uploads\\\/2024\\\/09\\\/logoCDS-Boutique_final2024.jpg\",\"contentUrl\":\"https:\\\/\\\/staging.cdsboutique.com\\\/wp-content\\\/uploads\\\/2024\\\/09\\\/logoCDS-Boutique_final2024.jpg\",\"width\":900,\"height\":600,\"caption\":\"CDS Boutique\"},\"image\":{\"@id\":\"https:\\\/\\\/staging.cdsboutique.com\\\/#\\\/schema\\\/logo\\\/image\\\/\"},\"sameAs\":[\"https:\\\/\\\/www.facebook.com\\\/CDSBoutique.Aines.Seniors\",\"https:\\\/\\\/www.youtube.com\\\/@cdsboutique4046\",\"https:\\\/\\\/www.linkedin.com\\\/company\\\/cds-boutique\\\/\",\"https:\\\/\\\/www.instagram.com\\\/cdsboutique\\\/\"]}]}<\/script>\n<!-- \/ Yoast SEO plugin. -->","yoast_head_json":{"title":"Easy Handling Puzzle (275 pcs) - Farm Cats \"Reminiscence Collection\"","description":"This quality collection has been a favourite of thousands of puzzle lovers for years! The images we selected with care represent scenes of everyday living that your residents will have a lot of pleasure to do over and over again over the years.","robots":{"index":"noindex","follow":"follow","max-snippet":"max-snippet:-1","max-image-preview":"max-image-preview:large","max-video-preview":"max-video-preview:-1"},"og_locale":"en_US","og_type":"article","og_title":"Easy Handling Puzzle (275 pcs) - Farm Cats \"Reminiscence Collection\"","og_description":"This quality collection has been a favourite of thousands of puzzle lovers for years! The images we selected with care represent scenes of everyday living that your residents will have a lot of pleasure to do over and over again over the years.","og_url":"https:\/\/staging.cdsboutique.com\/en\/product\/easy-handling-puzzle-275-pcs-chez-michelle\/","og_site_name":"CDS boutique A\u00een\u00e9s","article_publisher":"https:\/\/www.facebook.com\/CDSBoutique.Aines.Seniors","article_modified_time":"2022-07-28T17:18:24+00:00","og_image":[{"width":1200,"height":900,"url":"https:\/\/staging.cdsboutique.com\/wp-content\/uploads\/2022\/07\/chez-michelle.jpg","type":"image\/jpeg"}],"twitter_card":"summary_large_image","schema":{"@context":"https:\/\/schema.org","@graph":[{"@type":"WebPage","@id":"https:\/\/staging.cdsboutique.com\/en\/product\/easy-handling-puzzle-275-pcs-chez-michelle\/","url":"https:\/\/staging.cdsboutique.com\/en\/product\/easy-handling-puzzle-275-pcs-chez-michelle\/","name":"Easy Handling Puzzle (275 pcs) - Farm Cats \"Reminiscence Collection\"","isPartOf":{"@id":"https:\/\/staging.cdsboutique.com\/#website"},"primaryImageOfPage":{"@id":"https:\/\/staging.cdsboutique.com\/en\/product\/easy-handling-puzzle-275-pcs-chez-michelle\/#primaryimage"},"image":{"@id":"https:\/\/staging.cdsboutique.com\/en\/product\/easy-handling-puzzle-275-pcs-chez-michelle\/#primaryimage"},"thumbnailUrl":"https:\/\/staging.cdsboutique.com\/wp-content\/uploads\/2022\/07\/chez-michelle.jpg","datePublished":"2022-07-22T14:28:56+00:00","dateModified":"2022-07-28T17:18:24+00:00","description":"This quality collection has been a favourite of thousands of puzzle lovers for years! The images we selected with care represent scenes of everyday living that your residents will have a lot of pleasure to do over and over again over the years.","breadcrumb":{"@id":"https:\/\/staging.cdsboutique.com\/en\/product\/easy-handling-puzzle-275-pcs-chez-michelle\/#breadcrumb"},"inLanguage":"en-US","potentialAction":[{"@type":"ReadAction","target":["https:\/\/staging.cdsboutique.com\/en\/product\/easy-handling-puzzle-275-pcs-chez-michelle\/"]}]},{"@type":"ImageObject","inLanguage":"en-US","@id":"https:\/\/staging.cdsboutique.com\/en\/product\/easy-handling-puzzle-275-pcs-chez-michelle\/#primaryimage","url":"https:\/\/staging.cdsboutique.com\/wp-content\/uploads\/2022\/07\/chez-michelle.jpg","contentUrl":"https:\/\/staging.cdsboutique.com\/wp-content\/uploads\/2022\/07\/chez-michelle.jpg","width":1200,"height":900},{"@type":"BreadcrumbList","@id":"https:\/\/staging.cdsboutique.com\/en\/product\/easy-handling-puzzle-275-pcs-chez-michelle\/#breadcrumb","itemListElement":[{"@type":"ListItem","position":1,"name":"Home","item":"https:\/\/staging.cdsboutique.com\/en\/"},{"@type":"ListItem","position":2,"name":"Products","item":"https:\/\/staging.cdsboutique.com\/en\/products\/"},{"@type":"ListItem","position":3,"name":"Easy Handling Puzzle (275 pcs) &#8211; Chez Michelle"}]},{"@type":"WebSite","@id":"https:\/\/staging.cdsboutique.com\/#website","url":"https:\/\/staging.cdsboutique.com\/","name":"CDS boutique A\u00een\u00e9s","description":"Pour une meilleure qualit\u00e9 de vie","publisher":{"@id":"https:\/\/staging.cdsboutique.com\/#organization"},"potentialAction":[{"@type":"SearchAction","target":{"@type":"EntryPoint","urlTemplate":"https:\/\/staging.cdsboutique.com\/?s={search_term_string}"},"query-input":{"@type":"PropertyValueSpecification","valueRequired":true,"valueName":"search_term_string"}}],"inLanguage":"en-US"},{"@type":"Organization","@id":"https:\/\/staging.cdsboutique.com\/#organization","name":"CDS Boutique","url":"https:\/\/staging.cdsboutique.com\/","logo":{"@type":"ImageObject","inLanguage":"en-US","@id":"https:\/\/staging.cdsboutique.com\/#\/schema\/logo\/image\/","url":"https:\/\/staging.cdsboutique.com\/wp-content\/uploads\/2024\/09\/logoCDS-Boutique_final2024.jpg","contentUrl":"https:\/\/staging.cdsboutique.com\/wp-content\/uploads\/2024\/09\/logoCDS-Boutique_final2024.jpg","width":900,"height":600,"caption":"CDS Boutique"},"image":{"@id":"https:\/\/staging.cdsboutique.com\/#\/schema\/logo\/image\/"},"sameAs":["https:\/\/www.facebook.com\/CDSBoutique.Aines.Seniors","https:\/\/www.youtube.com\/@cdsboutique4046","https:\/\/www.linkedin.com\/company\/cds-boutique\/","https:\/\/www.instagram.com\/cdsboutique\/"]}]}},"_links":{"self":[{"href":"https:\/\/staging.cdsboutique.com\/en\/wp-json\/wp\/v2\/product\/46418","targetHints":{"allow":["GET"]}}],"collection":[{"href":"https:\/\/staging.cdsboutique.com\/en\/wp-json\/wp\/v2\/product"}],"about":[{"href":"https:\/\/staging.cdsboutique.com\/en\/wp-json\/wp\/v2\/types\/product"}],"replies":[{"embeddable":true,"href":"https:\/\/staging.cdsboutique.com\/en\/wp-json\/wp\/v2\/comments?post=46418"}],"wp:featuredmedia":[{"embeddable":true,"href":"https:\/\/staging.cdsboutique.com\/en\/wp-json\/wp\/v2\/media\/46421"}],"wp:attachment":[{"href":"https:\/\/staging.cdsboutique.com\/en\/wp-json\/wp\/v2\/media?parent=46418"}],"wp:term":[{"taxonomy":"product_brand","embeddable":true,"href":"https:\/\/staging.cdsboutique.com\/en\/wp-json\/wp\/v2\/product_brand?post=46418"},{"taxonomy":"product_cat","embeddable":true,"href":"https:\/\/staging.cdsboutique.com\/en\/wp-json\/wp\/v2\/product_cat?post=46418"},{"taxonomy":"product_tag","embeddable":true,"href":"https:\/\/staging.cdsboutique.com\/en\/wp-json\/wp\/v2\/product_tag?post=46418"}],"curies":[{"name":"wp","href":"https:\/\/api.w.org\/{rel}","templated":true}]}}