{"id":46442,"date":"2022-07-22T11:47:40","date_gmt":"2022-07-22T15:47:40","guid":{"rendered":"https:\/\/cdsboutique.com\/?post_type=product&#038;p=46442"},"modified":"2026-01-27T12:36:53","modified_gmt":"2026-01-27T17:36:53","slug":"yesteryear-oko","status":"publish","type":"product","link":"https:\/\/staging.cdsboutique.com\/en\/produit\/yesteryear-oko\/","title":{"rendered":"Yesteryear OKO"},"content":{"rendered":"<p><strong>Your residents will reminisce about the good old days with images from the past in our reinvented Bingo!<\/strong><\/p>\n<p>Let them tell stories from the past while playing bingo. This game helps seniors improve their attention span and observation skills. The first player to line up five tokens vertically, horizontally or diagonally wins the game (or all four corners, an &#8220;X&#8221; or a full card if you&#8217;re playing with the BINGO variation). Be ready to scream&#8221;OKO&#8221;!<\/p>\n<p>Choose the game master, turn over the first card in the deck and name the object out loud. All players who have that image on their card place a token on the corresponding square. Play with the YESTERYEAR variation! The master of the game is the oldest player. Taking the first card from the deck, the player explains in their own words what the object was used for, but without naming it. This allows you to share some memories!<\/p>\n<p>Contents of the box :<\/p>\n<ul>\n<li>12 game boards;<\/li>\n<li>52 picture cards;<\/li>\n<li>100 tokens;<\/li>\n<li>Rules of the game.<\/li>\n<\/ul>\n","protected":false},"excerpt":{"rendered":"<p><strong>Your residents will reminisce about the good old days with images from the past in our reinvented Bingo!<\/strong><\/p>\n<p>Let them tell stories from the past while playing bingo. This game helps seniors improve their attention span and observation skills. The first player to line up five tokens vertically, horizontally or diagonally wins the game (or all four corners, an &#8220;X&#8221; or a full card if you&#8217;re playing with the BINGO variation). Be ready to scream&#8221;OKO&#8221;!<\/p>\n<p>Choose the game master, turn over the first card in the deck and name the object out loud. All players who have that image on their card place a token on the corresponding square. Play with the YESTERYEAR variation! The master of the game is the oldest player. Taking the first card from the deck, the player explains in their own words what the object was used for, but without naming it. This allows you to share some memories!<\/p>\n<p>Contents of the box :<\/p>\n<ul>\n<li>12 game boards;<\/li>\n<li>52 picture cards;<\/li>\n<li>100 tokens;<\/li>\n<li>Rules of the game.<\/li>\n<\/ul>\n","protected":false},"featured_media":46445,"comment_status":"open","ping_status":"closed","template":"","meta":{"_acf_changed":false},"product_brand":[],"product_cat":[4401,4558],"product_tag":[],"class_list":{"0":"post-46442","1":"product","2":"type-product","3":"status-publish","4":"has-post-thumbnail","6":"product_cat-all","7":"product_cat-gift-ideas-en","8":"product_shipping_class-frais-de-livraison-en","10":"first","11":"instock","12":"taxable","13":"shipping-taxable","14":"purchasable","15":"product-type-simple"},"bundled_by":[],"bundle_stock_status":"instock","bundle_stock_quantity":null,"bundle_virtual":false,"bundle_layout":"","bundle_add_to_cart_form_location":"","bundle_editable_in_cart":false,"bundle_sold_individually_context":"","bundle_item_grouping":"","bundle_min_size":"","bundle_max_size":"","bundle_price":[],"bundled_items":[],"bundle_sell_ids":[],"acf":[],"featured_image_urls_v2":{"full":["https:\/\/staging.cdsboutique.com\/wp-content\/uploads\/2022\/07\/oko-dantan.png",893,893,false],"thumbnail":["https:\/\/staging.cdsboutique.com\/wp-content\/uploads\/2022\/07\/oko-dantan-150x150.png",150,150,true],"medium":["https:\/\/staging.cdsboutique.com\/wp-content\/uploads\/2022\/07\/oko-dantan-300x300.png",300,300,true],"medium_large":["https:\/\/staging.cdsboutique.com\/wp-content\/uploads\/2022\/07\/oko-dantan-768x768.png",768,768,true],"large":["https:\/\/staging.cdsboutique.com\/wp-content\/uploads\/2022\/07\/oko-dantan.png",893,893,false],"1536x1536":["https:\/\/staging.cdsboutique.com\/wp-content\/uploads\/2022\/07\/oko-dantan.png",893,893,false],"2048x2048":["https:\/\/staging.cdsboutique.com\/wp-content\/uploads\/2022\/07\/oko-dantan.png",893,893,false],"gform-image-choice-sm":["https:\/\/staging.cdsboutique.com\/wp-content\/uploads\/2022\/07\/oko-dantan.png",300,300,false],"gform-image-choice-md":["https:\/\/staging.cdsboutique.com\/wp-content\/uploads\/2022\/07\/oko-dantan.png",400,400,false],"gform-image-choice-lg":["https:\/\/staging.cdsboutique.com\/wp-content\/uploads\/2022\/07\/oko-dantan.png",600,600,false],"woocommerce_thumbnail":["https:\/\/staging.cdsboutique.com\/wp-content\/uploads\/2022\/07\/oko-dantan-300x300.png",300,300,true],"woocommerce_single":["https:\/\/staging.cdsboutique.com\/wp-content\/uploads\/2022\/07\/oko-dantan-600x600.png",600,600,true],"woocommerce_gallery_thumbnail":["https:\/\/staging.cdsboutique.com\/wp-content\/uploads\/2022\/07\/oko-dantan-100x100.png",100,100,true],"variation_swatches_image_size":["https:\/\/staging.cdsboutique.com\/wp-content\/uploads\/2022\/07\/oko-dantan.png",50,50,false],"variation_swatches_tooltip_size":["https:\/\/staging.cdsboutique.com\/wp-content\/uploads\/2022\/07\/oko-dantan.png",100,100,false],"logo-size":["https:\/\/staging.cdsboutique.com\/wp-content\/uploads\/2022\/07\/oko-dantan-84x84.png",84,84,true],"blog":["https:\/\/staging.cdsboutique.com\/wp-content\/uploads\/2022\/07\/oko-dantan-350x260.png",350,260,true]},"post_excerpt_stackable_v2":"<p><strong>Your residents will reminisce about the good old days with images from the past in our reinvented Bingo!<\/strong><\/p>\n<p>Let them tell stories from the past while playing bingo. This game helps seniors improve their attention span and observation skills. The first player to line up five tokens vertically, horizontally or diagonally wins the game (or all four corners, an &#8220;X&#8221; or a full card if you&#8217;re playing with the BINGO variation). Be ready to scream&#8221;OKO&#8221;!<\/p>\n<p>Choose the game master, turn over the first card in the deck and name the object out loud. All players who have that image on their card place a token on the corresponding square. Play with the YESTERYEAR variation! The master of the game is the oldest player. Taking the first card from the deck, the player explains in their own words what the object was used for, but without naming it. This allows you to share some memories!<\/p>\n<p>Contents of the box :<\/p>\n<ul>\n<li>12 game boards;<\/li>\n<li>52 picture cards;<\/li>\n<li>100 tokens;<\/li>\n<li>Rules of the game.<\/li>\n<\/ul>\n","category_list_v2":"","author_info_v2":{"name":"","url":""},"comments_num_v2":"3 comments","yoast_head":"<!-- This site is optimized with the Yoast SEO plugin v27.4 - https:\/\/yoast.com\/product\/yoast-seo-wordpress\/ -->\n<title>Yesteryear OKO - CDS boutique A\u00een\u00e9s<\/title>\n<meta name=\"description\" content=\"Your residents will reminisce about the good old days with images from the past in our reinvented Bingo!\" \/>\n<meta name=\"robots\" content=\"noindex, follow, max-snippet:-1, max-image-preview:large, max-video-preview:-1\" \/>\n<meta property=\"og:locale\" content=\"en_US\" \/>\n<meta property=\"og:type\" content=\"article\" \/>\n<meta property=\"og:title\" content=\"Yesteryear OKO - CDS boutique A\u00een\u00e9s\" \/>\n<meta property=\"og:description\" content=\"Your residents will reminisce about the good old days with images from the past in our reinvented Bingo!\" \/>\n<meta property=\"og:url\" content=\"https:\/\/staging.cdsboutique.com\/en\/product\/yesteryear-oko\/\" \/>\n<meta property=\"og:site_name\" content=\"CDS boutique A\u00een\u00e9s\" \/>\n<meta property=\"article:publisher\" content=\"https:\/\/www.facebook.com\/CDSBoutique.Aines.Seniors\" \/>\n<meta property=\"article:modified_time\" content=\"2026-01-27T17:36:53+00:00\" \/>\n<meta property=\"og:image\" content=\"https:\/\/staging.cdsboutique.com\/wp-content\/uploads\/2022\/07\/oko-dantan.png?_t=1771338778\" \/>\n\t<meta property=\"og:image:width\" content=\"893\" \/>\n\t<meta property=\"og:image:height\" content=\"893\" \/>\n\t<meta property=\"og:image:type\" content=\"image\/png\" \/>\n<meta name=\"twitter:card\" content=\"summary_large_image\" \/>\n<meta name=\"twitter:label1\" content=\"Est. reading time\" \/>\n\t<meta name=\"twitter:data1\" content=\"1 minute\" \/>\n<script type=\"application\/ld+json\" class=\"yoast-schema-graph\">{\"@context\":\"https:\\\/\\\/schema.org\",\"@graph\":[{\"@type\":\"WebPage\",\"@id\":\"https:\\\/\\\/staging.cdsboutique.com\\\/en\\\/product\\\/yesteryear-oko\\\/\",\"url\":\"https:\\\/\\\/staging.cdsboutique.com\\\/en\\\/product\\\/yesteryear-oko\\\/\",\"name\":\"Yesteryear OKO - CDS boutique A\u00een\u00e9s\",\"isPartOf\":{\"@id\":\"https:\\\/\\\/staging.cdsboutique.com\\\/#website\"},\"primaryImageOfPage\":{\"@id\":\"https:\\\/\\\/staging.cdsboutique.com\\\/en\\\/product\\\/yesteryear-oko\\\/#primaryimage\"},\"image\":{\"@id\":\"https:\\\/\\\/staging.cdsboutique.com\\\/en\\\/product\\\/yesteryear-oko\\\/#primaryimage\"},\"thumbnailUrl\":\"https:\\\/\\\/staging.cdsboutique.com\\\/wp-content\\\/uploads\\\/2022\\\/07\\\/oko-dantan.png\",\"datePublished\":\"2022-07-22T15:47:40+00:00\",\"dateModified\":\"2026-01-27T17:36:53+00:00\",\"description\":\"Your residents will reminisce about the good old days with images from the past in our reinvented Bingo!\",\"breadcrumb\":{\"@id\":\"https:\\\/\\\/staging.cdsboutique.com\\\/en\\\/product\\\/yesteryear-oko\\\/#breadcrumb\"},\"inLanguage\":\"en-US\",\"potentialAction\":[{\"@type\":\"ReadAction\",\"target\":[\"https:\\\/\\\/staging.cdsboutique.com\\\/en\\\/product\\\/yesteryear-oko\\\/\"]}]},{\"@type\":\"ImageObject\",\"inLanguage\":\"en-US\",\"@id\":\"https:\\\/\\\/staging.cdsboutique.com\\\/en\\\/product\\\/yesteryear-oko\\\/#primaryimage\",\"url\":\"https:\\\/\\\/staging.cdsboutique.com\\\/wp-content\\\/uploads\\\/2022\\\/07\\\/oko-dantan.png\",\"contentUrl\":\"https:\\\/\\\/staging.cdsboutique.com\\\/wp-content\\\/uploads\\\/2022\\\/07\\\/oko-dantan.png\",\"width\":893,\"height\":893},{\"@type\":\"BreadcrumbList\",\"@id\":\"https:\\\/\\\/staging.cdsboutique.com\\\/en\\\/product\\\/yesteryear-oko\\\/#breadcrumb\",\"itemListElement\":[{\"@type\":\"ListItem\",\"position\":1,\"name\":\"Home\",\"item\":\"https:\\\/\\\/staging.cdsboutique.com\\\/en\\\/\"},{\"@type\":\"ListItem\",\"position\":2,\"name\":\"Products\",\"item\":\"https:\\\/\\\/staging.cdsboutique.com\\\/en\\\/products\\\/\"},{\"@type\":\"ListItem\",\"position\":3,\"name\":\"Yesteryear OKO\"}]},{\"@type\":\"WebSite\",\"@id\":\"https:\\\/\\\/staging.cdsboutique.com\\\/#website\",\"url\":\"https:\\\/\\\/staging.cdsboutique.com\\\/\",\"name\":\"CDS boutique A\u00een\u00e9s\",\"description\":\"Pour une meilleure qualit\u00e9 de vie\",\"publisher\":{\"@id\":\"https:\\\/\\\/staging.cdsboutique.com\\\/#organization\"},\"potentialAction\":[{\"@type\":\"SearchAction\",\"target\":{\"@type\":\"EntryPoint\",\"urlTemplate\":\"https:\\\/\\\/staging.cdsboutique.com\\\/?s={search_term_string}\"},\"query-input\":{\"@type\":\"PropertyValueSpecification\",\"valueRequired\":true,\"valueName\":\"search_term_string\"}}],\"inLanguage\":\"en-US\"},{\"@type\":\"Organization\",\"@id\":\"https:\\\/\\\/staging.cdsboutique.com\\\/#organization\",\"name\":\"CDS Boutique\",\"url\":\"https:\\\/\\\/staging.cdsboutique.com\\\/\",\"logo\":{\"@type\":\"ImageObject\",\"inLanguage\":\"en-US\",\"@id\":\"https:\\\/\\\/staging.cdsboutique.com\\\/#\\\/schema\\\/logo\\\/image\\\/\",\"url\":\"https:\\\/\\\/staging.cdsboutique.com\\\/wp-content\\\/uploads\\\/2024\\\/09\\\/logoCDS-Boutique_final2024.jpg\",\"contentUrl\":\"https:\\\/\\\/staging.cdsboutique.com\\\/wp-content\\\/uploads\\\/2024\\\/09\\\/logoCDS-Boutique_final2024.jpg\",\"width\":900,\"height\":600,\"caption\":\"CDS Boutique\"},\"image\":{\"@id\":\"https:\\\/\\\/staging.cdsboutique.com\\\/#\\\/schema\\\/logo\\\/image\\\/\"},\"sameAs\":[\"https:\\\/\\\/www.facebook.com\\\/CDSBoutique.Aines.Seniors\",\"https:\\\/\\\/www.youtube.com\\\/@cdsboutique4046\",\"https:\\\/\\\/www.linkedin.com\\\/company\\\/cds-boutique\\\/\",\"https:\\\/\\\/www.instagram.com\\\/cdsboutique\\\/\"]}]}<\/script>\n<!-- \/ Yoast SEO plugin. -->","yoast_head_json":{"title":"Yesteryear OKO - CDS boutique A\u00een\u00e9s","description":"Your residents will reminisce about the good old days with images from the past in our reinvented Bingo!","robots":{"index":"noindex","follow":"follow","max-snippet":"max-snippet:-1","max-image-preview":"max-image-preview:large","max-video-preview":"max-video-preview:-1"},"og_locale":"en_US","og_type":"article","og_title":"Yesteryear OKO - CDS boutique A\u00een\u00e9s","og_description":"Your residents will reminisce about the good old days with images from the past in our reinvented Bingo!","og_url":"https:\/\/staging.cdsboutique.com\/en\/product\/yesteryear-oko\/","og_site_name":"CDS boutique A\u00een\u00e9s","article_publisher":"https:\/\/www.facebook.com\/CDSBoutique.Aines.Seniors","article_modified_time":"2026-01-27T17:36:53+00:00","og_image":[{"width":893,"height":893,"url":"https:\/\/staging.cdsboutique.com\/wp-content\/uploads\/2022\/07\/oko-dantan.png?_t=1771338778","type":"image\/png"}],"twitter_card":"summary_large_image","twitter_misc":{"Est. reading time":"1 minute"},"schema":{"@context":"https:\/\/schema.org","@graph":[{"@type":"WebPage","@id":"https:\/\/staging.cdsboutique.com\/en\/product\/yesteryear-oko\/","url":"https:\/\/staging.cdsboutique.com\/en\/product\/yesteryear-oko\/","name":"Yesteryear OKO - CDS boutique A\u00een\u00e9s","isPartOf":{"@id":"https:\/\/staging.cdsboutique.com\/#website"},"primaryImageOfPage":{"@id":"https:\/\/staging.cdsboutique.com\/en\/product\/yesteryear-oko\/#primaryimage"},"image":{"@id":"https:\/\/staging.cdsboutique.com\/en\/product\/yesteryear-oko\/#primaryimage"},"thumbnailUrl":"https:\/\/staging.cdsboutique.com\/wp-content\/uploads\/2022\/07\/oko-dantan.png","datePublished":"2022-07-22T15:47:40+00:00","dateModified":"2026-01-27T17:36:53+00:00","description":"Your residents will reminisce about the good old days with images from the past in our reinvented Bingo!","breadcrumb":{"@id":"https:\/\/staging.cdsboutique.com\/en\/product\/yesteryear-oko\/#breadcrumb"},"inLanguage":"en-US","potentialAction":[{"@type":"ReadAction","target":["https:\/\/staging.cdsboutique.com\/en\/product\/yesteryear-oko\/"]}]},{"@type":"ImageObject","inLanguage":"en-US","@id":"https:\/\/staging.cdsboutique.com\/en\/product\/yesteryear-oko\/#primaryimage","url":"https:\/\/staging.cdsboutique.com\/wp-content\/uploads\/2022\/07\/oko-dantan.png","contentUrl":"https:\/\/staging.cdsboutique.com\/wp-content\/uploads\/2022\/07\/oko-dantan.png","width":893,"height":893},{"@type":"BreadcrumbList","@id":"https:\/\/staging.cdsboutique.com\/en\/product\/yesteryear-oko\/#breadcrumb","itemListElement":[{"@type":"ListItem","position":1,"name":"Home","item":"https:\/\/staging.cdsboutique.com\/en\/"},{"@type":"ListItem","position":2,"name":"Products","item":"https:\/\/staging.cdsboutique.com\/en\/products\/"},{"@type":"ListItem","position":3,"name":"Yesteryear OKO"}]},{"@type":"WebSite","@id":"https:\/\/staging.cdsboutique.com\/#website","url":"https:\/\/staging.cdsboutique.com\/","name":"CDS boutique A\u00een\u00e9s","description":"Pour une meilleure qualit\u00e9 de vie","publisher":{"@id":"https:\/\/staging.cdsboutique.com\/#organization"},"potentialAction":[{"@type":"SearchAction","target":{"@type":"EntryPoint","urlTemplate":"https:\/\/staging.cdsboutique.com\/?s={search_term_string}"},"query-input":{"@type":"PropertyValueSpecification","valueRequired":true,"valueName":"search_term_string"}}],"inLanguage":"en-US"},{"@type":"Organization","@id":"https:\/\/staging.cdsboutique.com\/#organization","name":"CDS Boutique","url":"https:\/\/staging.cdsboutique.com\/","logo":{"@type":"ImageObject","inLanguage":"en-US","@id":"https:\/\/staging.cdsboutique.com\/#\/schema\/logo\/image\/","url":"https:\/\/staging.cdsboutique.com\/wp-content\/uploads\/2024\/09\/logoCDS-Boutique_final2024.jpg","contentUrl":"https:\/\/staging.cdsboutique.com\/wp-content\/uploads\/2024\/09\/logoCDS-Boutique_final2024.jpg","width":900,"height":600,"caption":"CDS Boutique"},"image":{"@id":"https:\/\/staging.cdsboutique.com\/#\/schema\/logo\/image\/"},"sameAs":["https:\/\/www.facebook.com\/CDSBoutique.Aines.Seniors","https:\/\/www.youtube.com\/@cdsboutique4046","https:\/\/www.linkedin.com\/company\/cds-boutique\/","https:\/\/www.instagram.com\/cdsboutique\/"]}]}},"_links":{"self":[{"href":"https:\/\/staging.cdsboutique.com\/en\/wp-json\/wp\/v2\/product\/46442","targetHints":{"allow":["GET"]}}],"collection":[{"href":"https:\/\/staging.cdsboutique.com\/en\/wp-json\/wp\/v2\/product"}],"about":[{"href":"https:\/\/staging.cdsboutique.com\/en\/wp-json\/wp\/v2\/types\/product"}],"replies":[{"embeddable":true,"href":"https:\/\/staging.cdsboutique.com\/en\/wp-json\/wp\/v2\/comments?post=46442"}],"wp:featuredmedia":[{"embeddable":true,"href":"https:\/\/staging.cdsboutique.com\/en\/wp-json\/wp\/v2\/media\/46445"}],"wp:attachment":[{"href":"https:\/\/staging.cdsboutique.com\/en\/wp-json\/wp\/v2\/media?parent=46442"}],"wp:term":[{"taxonomy":"product_brand","embeddable":true,"href":"https:\/\/staging.cdsboutique.com\/en\/wp-json\/wp\/v2\/product_brand?post=46442"},{"taxonomy":"product_cat","embeddable":true,"href":"https:\/\/staging.cdsboutique.com\/en\/wp-json\/wp\/v2\/product_cat?post=46442"},{"taxonomy":"product_tag","embeddable":true,"href":"https:\/\/staging.cdsboutique.com\/en\/wp-json\/wp\/v2\/product_tag?post=46442"}],"curies":[{"name":"wp","href":"https:\/\/api.w.org\/{rel}","templated":true}]}}