{"id":46640,"date":"2022-08-19T14:26:01","date_gmt":"2022-08-19T18:26:01","guid":{"rendered":"https:\/\/cdsboutique.com\/?post_type=product&#038;p=46640"},"modified":"2022-08-23T08:47:30","modified_gmt":"2022-08-23T12:47:30","slug":"scarlet-parrot-puppet","status":"publish","type":"product","link":"https:\/\/staging.cdsboutique.com\/en\/produit\/scarlet-parrot-puppet\/","title":{"rendered":"Scarlet Parrot Puppet"},"content":{"rendered":"<p><strong>This beautiful and colorful puppet will make your residents smile!<\/strong><\/p>\n<p>It measures approximately 5 inches long, 7 inches large and 25 inches tall. The hand enters from the underside of the tail, allowing you to move the puppet by the beak and by the body.<\/p>\n<p><strong>*DO NOT PUT IN THE WASHER.<\/strong><br \/>\nIf you want to wash the puppet, only wash it on the surface. It is important not to immerse the puppet in water. Instead, use warm water and a sponge with a mild liquid detergent, wetting only the surface with a sponge. Lather the fur and then dry your puppet by gently squeezing it between two towels or hanging it to air dry.<\/p>\n","protected":false},"excerpt":{"rendered":"<p>This beautiful and colorful puppet will make your residents smile! It measures approximately 5 inches long, 7 inches large and 25 inches tall. The hand enters from the underside of the tail, allowing you to move the puppet by the beak and by the body. *DO NOT PUT IN THE WASHER. If you want to [&hellip;]<\/p>\n","protected":false},"featured_media":46643,"comment_status":"open","ping_status":"closed","template":"","meta":{"_acf_changed":false},"product_brand":[],"product_cat":[4401,4558],"product_tag":[],"class_list":{"0":"post-46640","1":"product","2":"type-product","3":"status-publish","4":"has-post-thumbnail","6":"product_cat-all","7":"product_cat-gift-ideas-en","8":"product_shipping_class-frais-de-livraison-en","10":"first","11":"instock","12":"taxable","13":"shipping-taxable","14":"purchasable","15":"product-type-simple"},"bundled_by":[],"bundle_stock_status":"instock","bundle_stock_quantity":null,"bundle_virtual":false,"bundle_layout":"","bundle_add_to_cart_form_location":"","bundle_editable_in_cart":false,"bundle_sold_individually_context":"","bundle_item_grouping":"","bundle_min_size":"","bundle_max_size":"","bundle_price":[],"bundled_items":[],"bundle_sell_ids":[],"acf":[],"featured_image_urls_v2":{"full":["https:\/\/staging.cdsboutique.com\/wp-content\/uploads\/2022\/08\/Scarlet_MAIN.jpg",479,479,false],"thumbnail":["https:\/\/staging.cdsboutique.com\/wp-content\/uploads\/2022\/08\/Scarlet_MAIN-150x150.jpg",150,150,true],"medium":["https:\/\/staging.cdsboutique.com\/wp-content\/uploads\/2022\/08\/Scarlet_MAIN-300x300.jpg",300,300,true],"medium_large":["https:\/\/staging.cdsboutique.com\/wp-content\/uploads\/2022\/08\/Scarlet_MAIN.jpg",479,479,false],"large":["https:\/\/staging.cdsboutique.com\/wp-content\/uploads\/2022\/08\/Scarlet_MAIN.jpg",479,479,false],"1536x1536":["https:\/\/staging.cdsboutique.com\/wp-content\/uploads\/2022\/08\/Scarlet_MAIN.jpg",479,479,false],"2048x2048":["https:\/\/staging.cdsboutique.com\/wp-content\/uploads\/2022\/08\/Scarlet_MAIN.jpg",479,479,false],"gform-image-choice-sm":["https:\/\/staging.cdsboutique.com\/wp-content\/uploads\/2022\/08\/Scarlet_MAIN.jpg",300,300,false],"gform-image-choice-md":["https:\/\/staging.cdsboutique.com\/wp-content\/uploads\/2022\/08\/Scarlet_MAIN.jpg",400,400,false],"gform-image-choice-lg":["https:\/\/staging.cdsboutique.com\/wp-content\/uploads\/2022\/08\/Scarlet_MAIN.jpg",479,479,false],"woocommerce_thumbnail":["https:\/\/staging.cdsboutique.com\/wp-content\/uploads\/2022\/08\/Scarlet_MAIN-300x300.jpg",300,300,true],"woocommerce_single":["https:\/\/staging.cdsboutique.com\/wp-content\/uploads\/2022\/08\/Scarlet_MAIN.jpg",479,479,false],"woocommerce_gallery_thumbnail":["https:\/\/staging.cdsboutique.com\/wp-content\/uploads\/2022\/08\/Scarlet_MAIN-100x100.jpg",100,100,true],"variation_swatches_image_size":["https:\/\/staging.cdsboutique.com\/wp-content\/uploads\/2022\/08\/Scarlet_MAIN.jpg",50,50,false],"variation_swatches_tooltip_size":["https:\/\/staging.cdsboutique.com\/wp-content\/uploads\/2022\/08\/Scarlet_MAIN.jpg",100,100,false],"logo-size":["https:\/\/staging.cdsboutique.com\/wp-content\/uploads\/2022\/08\/Scarlet_MAIN-84x84.jpg",84,84,true],"blog":["https:\/\/staging.cdsboutique.com\/wp-content\/uploads\/2022\/08\/Scarlet_MAIN-350x260.jpg",350,260,true]},"post_excerpt_stackable_v2":"<p>This beautiful and colorful puppet will make your residents smile! It measures approximately 5 inches long, 7 inches large and 25 inches tall. The hand enters from the underside of the tail, allowing you to move the puppet by the beak and by the body. *DO NOT PUT IN THE WASHER. If you want to wash the puppet, only wash it on the surface. It is important not to immerse the puppet in water. Instead, use warm water and a sponge with a mild liquid detergent, wetting only the surface with a sponge. Lather the fur and then dry your&hellip;<\/p>\n","category_list_v2":"","author_info_v2":{"name":"","url":""},"comments_num_v2":"0 comments","yoast_head":"<!-- This site is optimized with the Yoast SEO plugin v27.4 - https:\/\/yoast.com\/product\/yoast-seo-wordpress\/ -->\n<title>Scarlet Parrot Puppet - CDS boutique A\u00een\u00e9s<\/title>\n<meta name=\"description\" content=\"This beautiful and colorful scarlet parrot puppet is sure to make your residents smile!\" \/>\n<meta name=\"robots\" content=\"noindex, follow, max-snippet:-1, max-image-preview:large, max-video-preview:-1\" \/>\n<meta property=\"og:locale\" content=\"en_US\" \/>\n<meta property=\"og:type\" content=\"article\" \/>\n<meta property=\"og:title\" content=\"Scarlet Parrot Puppet - CDS boutique A\u00een\u00e9s\" \/>\n<meta property=\"og:description\" content=\"This beautiful and colorful scarlet parrot puppet is sure to make your residents smile!\" \/>\n<meta property=\"og:url\" content=\"https:\/\/staging.cdsboutique.com\/en\/product\/scarlet-parrot-puppet\/\" \/>\n<meta property=\"og:site_name\" content=\"CDS boutique A\u00een\u00e9s\" \/>\n<meta property=\"article:publisher\" content=\"https:\/\/www.facebook.com\/CDSBoutique.Aines.Seniors\" \/>\n<meta property=\"article:modified_time\" content=\"2022-08-23T12:47:30+00:00\" \/>\n<meta property=\"og:image\" content=\"https:\/\/staging.cdsboutique.com\/wp-content\/uploads\/2022\/08\/Scarlet_MAIN.jpg\" \/>\n\t<meta property=\"og:image:width\" content=\"479\" \/>\n\t<meta property=\"og:image:height\" content=\"479\" \/>\n\t<meta property=\"og:image:type\" content=\"image\/jpeg\" \/>\n<meta name=\"twitter:card\" content=\"summary_large_image\" \/>\n<meta name=\"twitter:label1\" content=\"Est. reading time\" \/>\n\t<meta name=\"twitter:data1\" content=\"1 minute\" \/>\n<script type=\"application\/ld+json\" class=\"yoast-schema-graph\">{\"@context\":\"https:\\\/\\\/schema.org\",\"@graph\":[{\"@type\":\"WebPage\",\"@id\":\"https:\\\/\\\/staging.cdsboutique.com\\\/en\\\/product\\\/scarlet-parrot-puppet\\\/\",\"url\":\"https:\\\/\\\/staging.cdsboutique.com\\\/en\\\/product\\\/scarlet-parrot-puppet\\\/\",\"name\":\"Scarlet Parrot Puppet - CDS boutique A\u00een\u00e9s\",\"isPartOf\":{\"@id\":\"https:\\\/\\\/staging.cdsboutique.com\\\/#website\"},\"primaryImageOfPage\":{\"@id\":\"https:\\\/\\\/staging.cdsboutique.com\\\/en\\\/product\\\/scarlet-parrot-puppet\\\/#primaryimage\"},\"image\":{\"@id\":\"https:\\\/\\\/staging.cdsboutique.com\\\/en\\\/product\\\/scarlet-parrot-puppet\\\/#primaryimage\"},\"thumbnailUrl\":\"https:\\\/\\\/staging.cdsboutique.com\\\/wp-content\\\/uploads\\\/2022\\\/08\\\/Scarlet_MAIN.jpg\",\"datePublished\":\"2022-08-19T18:26:01+00:00\",\"dateModified\":\"2022-08-23T12:47:30+00:00\",\"description\":\"This beautiful and colorful scarlet parrot puppet is sure to make your residents smile!\",\"breadcrumb\":{\"@id\":\"https:\\\/\\\/staging.cdsboutique.com\\\/en\\\/product\\\/scarlet-parrot-puppet\\\/#breadcrumb\"},\"inLanguage\":\"en-US\",\"potentialAction\":[{\"@type\":\"ReadAction\",\"target\":[\"https:\\\/\\\/staging.cdsboutique.com\\\/en\\\/product\\\/scarlet-parrot-puppet\\\/\"]}]},{\"@type\":\"ImageObject\",\"inLanguage\":\"en-US\",\"@id\":\"https:\\\/\\\/staging.cdsboutique.com\\\/en\\\/product\\\/scarlet-parrot-puppet\\\/#primaryimage\",\"url\":\"https:\\\/\\\/staging.cdsboutique.com\\\/wp-content\\\/uploads\\\/2022\\\/08\\\/Scarlet_MAIN.jpg\",\"contentUrl\":\"https:\\\/\\\/staging.cdsboutique.com\\\/wp-content\\\/uploads\\\/2022\\\/08\\\/Scarlet_MAIN.jpg\",\"width\":479,\"height\":479},{\"@type\":\"BreadcrumbList\",\"@id\":\"https:\\\/\\\/staging.cdsboutique.com\\\/en\\\/product\\\/scarlet-parrot-puppet\\\/#breadcrumb\",\"itemListElement\":[{\"@type\":\"ListItem\",\"position\":1,\"name\":\"Home\",\"item\":\"https:\\\/\\\/staging.cdsboutique.com\\\/en\\\/\"},{\"@type\":\"ListItem\",\"position\":2,\"name\":\"Products\",\"item\":\"https:\\\/\\\/staging.cdsboutique.com\\\/en\\\/products\\\/\"},{\"@type\":\"ListItem\",\"position\":3,\"name\":\"Scarlet Parrot Puppet\"}]},{\"@type\":\"WebSite\",\"@id\":\"https:\\\/\\\/staging.cdsboutique.com\\\/#website\",\"url\":\"https:\\\/\\\/staging.cdsboutique.com\\\/\",\"name\":\"CDS boutique A\u00een\u00e9s\",\"description\":\"Pour une meilleure qualit\u00e9 de vie\",\"publisher\":{\"@id\":\"https:\\\/\\\/staging.cdsboutique.com\\\/#organization\"},\"potentialAction\":[{\"@type\":\"SearchAction\",\"target\":{\"@type\":\"EntryPoint\",\"urlTemplate\":\"https:\\\/\\\/staging.cdsboutique.com\\\/?s={search_term_string}\"},\"query-input\":{\"@type\":\"PropertyValueSpecification\",\"valueRequired\":true,\"valueName\":\"search_term_string\"}}],\"inLanguage\":\"en-US\"},{\"@type\":\"Organization\",\"@id\":\"https:\\\/\\\/staging.cdsboutique.com\\\/#organization\",\"name\":\"CDS Boutique\",\"url\":\"https:\\\/\\\/staging.cdsboutique.com\\\/\",\"logo\":{\"@type\":\"ImageObject\",\"inLanguage\":\"en-US\",\"@id\":\"https:\\\/\\\/staging.cdsboutique.com\\\/#\\\/schema\\\/logo\\\/image\\\/\",\"url\":\"https:\\\/\\\/staging.cdsboutique.com\\\/wp-content\\\/uploads\\\/2024\\\/09\\\/logoCDS-Boutique_final2024.jpg\",\"contentUrl\":\"https:\\\/\\\/staging.cdsboutique.com\\\/wp-content\\\/uploads\\\/2024\\\/09\\\/logoCDS-Boutique_final2024.jpg\",\"width\":900,\"height\":600,\"caption\":\"CDS Boutique\"},\"image\":{\"@id\":\"https:\\\/\\\/staging.cdsboutique.com\\\/#\\\/schema\\\/logo\\\/image\\\/\"},\"sameAs\":[\"https:\\\/\\\/www.facebook.com\\\/CDSBoutique.Aines.Seniors\",\"https:\\\/\\\/www.youtube.com\\\/@cdsboutique4046\",\"https:\\\/\\\/www.linkedin.com\\\/company\\\/cds-boutique\\\/\",\"https:\\\/\\\/www.instagram.com\\\/cdsboutique\\\/\"]}]}<\/script>\n<!-- \/ Yoast SEO plugin. -->","yoast_head_json":{"title":"Scarlet Parrot Puppet - CDS boutique A\u00een\u00e9s","description":"This beautiful and colorful scarlet parrot puppet is sure to make your residents smile!","robots":{"index":"noindex","follow":"follow","max-snippet":"max-snippet:-1","max-image-preview":"max-image-preview:large","max-video-preview":"max-video-preview:-1"},"og_locale":"en_US","og_type":"article","og_title":"Scarlet Parrot Puppet - CDS boutique A\u00een\u00e9s","og_description":"This beautiful and colorful scarlet parrot puppet is sure to make your residents smile!","og_url":"https:\/\/staging.cdsboutique.com\/en\/product\/scarlet-parrot-puppet\/","og_site_name":"CDS boutique A\u00een\u00e9s","article_publisher":"https:\/\/www.facebook.com\/CDSBoutique.Aines.Seniors","article_modified_time":"2022-08-23T12:47:30+00:00","og_image":[{"width":479,"height":479,"url":"https:\/\/staging.cdsboutique.com\/wp-content\/uploads\/2022\/08\/Scarlet_MAIN.jpg","type":"image\/jpeg"}],"twitter_card":"summary_large_image","twitter_misc":{"Est. reading time":"1 minute"},"schema":{"@context":"https:\/\/schema.org","@graph":[{"@type":"WebPage","@id":"https:\/\/staging.cdsboutique.com\/en\/product\/scarlet-parrot-puppet\/","url":"https:\/\/staging.cdsboutique.com\/en\/product\/scarlet-parrot-puppet\/","name":"Scarlet Parrot Puppet - CDS boutique A\u00een\u00e9s","isPartOf":{"@id":"https:\/\/staging.cdsboutique.com\/#website"},"primaryImageOfPage":{"@id":"https:\/\/staging.cdsboutique.com\/en\/product\/scarlet-parrot-puppet\/#primaryimage"},"image":{"@id":"https:\/\/staging.cdsboutique.com\/en\/product\/scarlet-parrot-puppet\/#primaryimage"},"thumbnailUrl":"https:\/\/staging.cdsboutique.com\/wp-content\/uploads\/2022\/08\/Scarlet_MAIN.jpg","datePublished":"2022-08-19T18:26:01+00:00","dateModified":"2022-08-23T12:47:30+00:00","description":"This beautiful and colorful scarlet parrot puppet is sure to make your residents smile!","breadcrumb":{"@id":"https:\/\/staging.cdsboutique.com\/en\/product\/scarlet-parrot-puppet\/#breadcrumb"},"inLanguage":"en-US","potentialAction":[{"@type":"ReadAction","target":["https:\/\/staging.cdsboutique.com\/en\/product\/scarlet-parrot-puppet\/"]}]},{"@type":"ImageObject","inLanguage":"en-US","@id":"https:\/\/staging.cdsboutique.com\/en\/product\/scarlet-parrot-puppet\/#primaryimage","url":"https:\/\/staging.cdsboutique.com\/wp-content\/uploads\/2022\/08\/Scarlet_MAIN.jpg","contentUrl":"https:\/\/staging.cdsboutique.com\/wp-content\/uploads\/2022\/08\/Scarlet_MAIN.jpg","width":479,"height":479},{"@type":"BreadcrumbList","@id":"https:\/\/staging.cdsboutique.com\/en\/product\/scarlet-parrot-puppet\/#breadcrumb","itemListElement":[{"@type":"ListItem","position":1,"name":"Home","item":"https:\/\/staging.cdsboutique.com\/en\/"},{"@type":"ListItem","position":2,"name":"Products","item":"https:\/\/staging.cdsboutique.com\/en\/products\/"},{"@type":"ListItem","position":3,"name":"Scarlet Parrot Puppet"}]},{"@type":"WebSite","@id":"https:\/\/staging.cdsboutique.com\/#website","url":"https:\/\/staging.cdsboutique.com\/","name":"CDS boutique A\u00een\u00e9s","description":"Pour une meilleure qualit\u00e9 de vie","publisher":{"@id":"https:\/\/staging.cdsboutique.com\/#organization"},"potentialAction":[{"@type":"SearchAction","target":{"@type":"EntryPoint","urlTemplate":"https:\/\/staging.cdsboutique.com\/?s={search_term_string}"},"query-input":{"@type":"PropertyValueSpecification","valueRequired":true,"valueName":"search_term_string"}}],"inLanguage":"en-US"},{"@type":"Organization","@id":"https:\/\/staging.cdsboutique.com\/#organization","name":"CDS Boutique","url":"https:\/\/staging.cdsboutique.com\/","logo":{"@type":"ImageObject","inLanguage":"en-US","@id":"https:\/\/staging.cdsboutique.com\/#\/schema\/logo\/image\/","url":"https:\/\/staging.cdsboutique.com\/wp-content\/uploads\/2024\/09\/logoCDS-Boutique_final2024.jpg","contentUrl":"https:\/\/staging.cdsboutique.com\/wp-content\/uploads\/2024\/09\/logoCDS-Boutique_final2024.jpg","width":900,"height":600,"caption":"CDS Boutique"},"image":{"@id":"https:\/\/staging.cdsboutique.com\/#\/schema\/logo\/image\/"},"sameAs":["https:\/\/www.facebook.com\/CDSBoutique.Aines.Seniors","https:\/\/www.youtube.com\/@cdsboutique4046","https:\/\/www.linkedin.com\/company\/cds-boutique\/","https:\/\/www.instagram.com\/cdsboutique\/"]}]}},"_links":{"self":[{"href":"https:\/\/staging.cdsboutique.com\/en\/wp-json\/wp\/v2\/product\/46640","targetHints":{"allow":["GET"]}}],"collection":[{"href":"https:\/\/staging.cdsboutique.com\/en\/wp-json\/wp\/v2\/product"}],"about":[{"href":"https:\/\/staging.cdsboutique.com\/en\/wp-json\/wp\/v2\/types\/product"}],"replies":[{"embeddable":true,"href":"https:\/\/staging.cdsboutique.com\/en\/wp-json\/wp\/v2\/comments?post=46640"}],"wp:featuredmedia":[{"embeddable":true,"href":"https:\/\/staging.cdsboutique.com\/en\/wp-json\/wp\/v2\/media\/46643"}],"wp:attachment":[{"href":"https:\/\/staging.cdsboutique.com\/en\/wp-json\/wp\/v2\/media?parent=46640"}],"wp:term":[{"taxonomy":"product_brand","embeddable":true,"href":"https:\/\/staging.cdsboutique.com\/en\/wp-json\/wp\/v2\/product_brand?post=46640"},{"taxonomy":"product_cat","embeddable":true,"href":"https:\/\/staging.cdsboutique.com\/en\/wp-json\/wp\/v2\/product_cat?post=46640"},{"taxonomy":"product_tag","embeddable":true,"href":"https:\/\/staging.cdsboutique.com\/en\/wp-json\/wp\/v2\/product_tag?post=46640"}],"curies":[{"name":"wp","href":"https:\/\/api.w.org\/{rel}","templated":true}]}}