{"id":46665,"date":"2022-08-23T10:19:22","date_gmt":"2022-08-23T14:19:23","guid":{"rendered":"https:\/\/cdsboutique.com\/?post_type=product&#038;p=46665"},"modified":"2022-08-23T10:34:45","modified_gmt":"2022-08-23T14:34:45","slug":"13-pcs-adapted-puzzle-orient-express","status":"publish","type":"product","link":"https:\/\/staging.cdsboutique.com\/en\/produit\/13-pcs-adapted-puzzle-orient-express\/","title":{"rendered":"13-pcs Adapted Puzzle &#8211; Orient Express"},"content":{"rendered":"<p><strong>This beautiful puzzle with a train illustration will spark conversations and memories!<\/strong><\/p>\n<p>This puzzle is specially designed for people with early to intermediate dementia. Each large piece is made from durable, easily cleanable cardboard.<\/p>\n<p>Relish&#8217;s adapted puzzles can be put together from their pretty, colorful boxes, as the bottom of the boxes has been specially printed and designed to serve as a guide for the user during assembly.<\/p>\n","protected":false},"excerpt":{"rendered":"<p><strong>This beautiful puzzle with a train illustration will spark conversations and memories!<\/strong><\/p>\n<p>This puzzle is specially designed for people with early to intermediate dementia. Each large piece is made from durable, easily cleanable cardboard.<\/p>\n<p>Relish&#8217;s adapted puzzles can be put together from their pretty, colorful boxes, as the bottom of the boxes has been specially printed and designed to serve as a guide for the user during assembly.<\/p>\n","protected":false},"featured_media":47470,"comment_status":"open","ping_status":"closed","template":"","meta":{"_acf_changed":false},"product_brand":[],"product_cat":[4401,2962],"product_tag":[],"class_list":{"0":"post-46665","1":"product","2":"type-product","3":"status-publish","4":"has-post-thumbnail","6":"product_cat-all","7":"product_cat-medium-25-to-100-pcs","8":"product_shipping_class-frais-de-livraison-en","10":"first","11":"instock","12":"taxable","13":"shipping-taxable","14":"purchasable","15":"product-type-simple"},"bundled_by":[],"bundle_stock_status":"instock","bundle_stock_quantity":null,"bundle_virtual":false,"bundle_layout":"","bundle_add_to_cart_form_location":"","bundle_editable_in_cart":false,"bundle_sold_individually_context":"","bundle_item_grouping":"","bundle_min_size":"","bundle_max_size":"","bundle_price":[],"bundled_items":[],"bundle_sell_ids":[],"acf":[],"featured_image_urls_v2":{"full":["https:\/\/staging.cdsboutique.com\/wp-content\/uploads\/2022\/08\/orient_express.png",940,788,false],"thumbnail":["https:\/\/staging.cdsboutique.com\/wp-content\/uploads\/2022\/08\/orient_express-150x150.png",150,150,true],"medium":["https:\/\/staging.cdsboutique.com\/wp-content\/uploads\/2022\/08\/orient_express-300x251.png",300,251,true],"medium_large":["https:\/\/staging.cdsboutique.com\/wp-content\/uploads\/2022\/08\/orient_express-768x644.png",768,644,true],"large":["https:\/\/staging.cdsboutique.com\/wp-content\/uploads\/2022\/08\/orient_express.png",940,788,false],"1536x1536":["https:\/\/staging.cdsboutique.com\/wp-content\/uploads\/2022\/08\/orient_express.png",940,788,false],"2048x2048":["https:\/\/staging.cdsboutique.com\/wp-content\/uploads\/2022\/08\/orient_express.png",940,788,false],"gform-image-choice-sm":["https:\/\/staging.cdsboutique.com\/wp-content\/uploads\/2022\/08\/orient_express.png",300,251,false],"gform-image-choice-md":["https:\/\/staging.cdsboutique.com\/wp-content\/uploads\/2022\/08\/orient_express.png",400,335,false],"gform-image-choice-lg":["https:\/\/staging.cdsboutique.com\/wp-content\/uploads\/2022\/08\/orient_express.png",600,503,false],"woocommerce_thumbnail":["https:\/\/staging.cdsboutique.com\/wp-content\/uploads\/2022\/08\/orient_express-300x251.png",300,251,true],"woocommerce_single":["https:\/\/staging.cdsboutique.com\/wp-content\/uploads\/2022\/08\/orient_express-600x503.png",600,503,true],"woocommerce_gallery_thumbnail":["https:\/\/staging.cdsboutique.com\/wp-content\/uploads\/2022\/08\/orient_express-100x100.png",100,100,true],"variation_swatches_image_size":["https:\/\/staging.cdsboutique.com\/wp-content\/uploads\/2022\/08\/orient_express.png",50,42,false],"variation_swatches_tooltip_size":["https:\/\/staging.cdsboutique.com\/wp-content\/uploads\/2022\/08\/orient_express.png",100,84,false],"logo-size":["https:\/\/staging.cdsboutique.com\/wp-content\/uploads\/2022\/08\/orient_express-100x84.png",100,84,true],"blog":["https:\/\/staging.cdsboutique.com\/wp-content\/uploads\/2022\/08\/orient_express-350x260.png",350,260,true]},"post_excerpt_stackable_v2":"<p><strong>This beautiful puzzle with a train illustration will spark conversations and memories!<\/strong><\/p>\n<p>This puzzle is specially designed for people with early to intermediate dementia. Each large piece is made from durable, easily cleanable cardboard.<\/p>\n<p>Relish&#8217;s adapted puzzles can be put together from their pretty, colorful boxes, as the bottom of the boxes has been specially printed and designed to serve as a guide for the user during assembly.<\/p>\n","category_list_v2":"","author_info_v2":{"name":"","url":""},"comments_num_v2":"0 comments","yoast_head":"<!-- This site is optimized with the Yoast SEO plugin v27.4 - https:\/\/yoast.com\/product\/yoast-seo-wordpress\/ -->\n<title>13-pcs Adapted Puzzle - Orient Express - CDS boutique A\u00een\u00e9s<\/title>\n<meta name=\"description\" content=\"This beautiful puzzle with a train illustration will spark conversations and memories!\" \/>\n<meta name=\"robots\" content=\"noindex, follow, max-snippet:-1, max-image-preview:large, max-video-preview:-1\" \/>\n<meta property=\"og:locale\" content=\"en_US\" \/>\n<meta property=\"og:type\" content=\"article\" \/>\n<meta property=\"og:title\" content=\"13-pcs Adapted Puzzle - Orient Express - CDS boutique A\u00een\u00e9s\" \/>\n<meta property=\"og:description\" content=\"This beautiful puzzle with a train illustration will spark conversations and memories!\" \/>\n<meta property=\"og:url\" content=\"https:\/\/staging.cdsboutique.com\/en\/product\/13-pcs-adapted-puzzle-orient-express\/\" \/>\n<meta property=\"og:site_name\" content=\"CDS boutique A\u00een\u00e9s\" \/>\n<meta property=\"article:publisher\" content=\"https:\/\/www.facebook.com\/CDSBoutique.Aines.Seniors\" \/>\n<meta property=\"article:modified_time\" content=\"2022-08-23T14:34:45+00:00\" \/>\n<meta property=\"og:image\" content=\"https:\/\/staging.cdsboutique.com\/wp-content\/uploads\/2022\/08\/orient_express.png\" \/>\n\t<meta property=\"og:image:width\" content=\"940\" \/>\n\t<meta property=\"og:image:height\" content=\"788\" \/>\n\t<meta property=\"og:image:type\" content=\"image\/png\" \/>\n<meta name=\"twitter:card\" content=\"summary_large_image\" \/>\n<meta name=\"twitter:label1\" content=\"Est. reading time\" \/>\n\t<meta name=\"twitter:data1\" content=\"1 minute\" \/>\n<script type=\"application\/ld+json\" class=\"yoast-schema-graph\">{\"@context\":\"https:\\\/\\\/schema.org\",\"@graph\":[{\"@type\":\"WebPage\",\"@id\":\"https:\\\/\\\/staging.cdsboutique.com\\\/en\\\/product\\\/13-pcs-adapted-puzzle-orient-express\\\/\",\"url\":\"https:\\\/\\\/staging.cdsboutique.com\\\/en\\\/product\\\/13-pcs-adapted-puzzle-orient-express\\\/\",\"name\":\"13-pcs Adapted Puzzle - Orient Express - CDS boutique A\u00een\u00e9s\",\"isPartOf\":{\"@id\":\"https:\\\/\\\/staging.cdsboutique.com\\\/#website\"},\"primaryImageOfPage\":{\"@id\":\"https:\\\/\\\/staging.cdsboutique.com\\\/en\\\/product\\\/13-pcs-adapted-puzzle-orient-express\\\/#primaryimage\"},\"image\":{\"@id\":\"https:\\\/\\\/staging.cdsboutique.com\\\/en\\\/product\\\/13-pcs-adapted-puzzle-orient-express\\\/#primaryimage\"},\"thumbnailUrl\":\"https:\\\/\\\/staging.cdsboutique.com\\\/wp-content\\\/uploads\\\/2022\\\/08\\\/orient_express.png\",\"datePublished\":\"2022-08-23T14:19:23+00:00\",\"dateModified\":\"2022-08-23T14:34:45+00:00\",\"description\":\"This beautiful puzzle with a train illustration will spark conversations and memories!\",\"breadcrumb\":{\"@id\":\"https:\\\/\\\/staging.cdsboutique.com\\\/en\\\/product\\\/13-pcs-adapted-puzzle-orient-express\\\/#breadcrumb\"},\"inLanguage\":\"en-US\",\"potentialAction\":[{\"@type\":\"ReadAction\",\"target\":[\"https:\\\/\\\/staging.cdsboutique.com\\\/en\\\/product\\\/13-pcs-adapted-puzzle-orient-express\\\/\"]}]},{\"@type\":\"ImageObject\",\"inLanguage\":\"en-US\",\"@id\":\"https:\\\/\\\/staging.cdsboutique.com\\\/en\\\/product\\\/13-pcs-adapted-puzzle-orient-express\\\/#primaryimage\",\"url\":\"https:\\\/\\\/staging.cdsboutique.com\\\/wp-content\\\/uploads\\\/2022\\\/08\\\/orient_express.png\",\"contentUrl\":\"https:\\\/\\\/staging.cdsboutique.com\\\/wp-content\\\/uploads\\\/2022\\\/08\\\/orient_express.png\",\"width\":940,\"height\":788},{\"@type\":\"BreadcrumbList\",\"@id\":\"https:\\\/\\\/staging.cdsboutique.com\\\/en\\\/product\\\/13-pcs-adapted-puzzle-orient-express\\\/#breadcrumb\",\"itemListElement\":[{\"@type\":\"ListItem\",\"position\":1,\"name\":\"Home\",\"item\":\"https:\\\/\\\/staging.cdsboutique.com\\\/en\\\/\"},{\"@type\":\"ListItem\",\"position\":2,\"name\":\"Products\",\"item\":\"https:\\\/\\\/staging.cdsboutique.com\\\/en\\\/products\\\/\"},{\"@type\":\"ListItem\",\"position\":3,\"name\":\"13-pcs Adapted Puzzle &#8211; Orient Express\"}]},{\"@type\":\"WebSite\",\"@id\":\"https:\\\/\\\/staging.cdsboutique.com\\\/#website\",\"url\":\"https:\\\/\\\/staging.cdsboutique.com\\\/\",\"name\":\"CDS boutique A\u00een\u00e9s\",\"description\":\"Pour une meilleure qualit\u00e9 de vie\",\"publisher\":{\"@id\":\"https:\\\/\\\/staging.cdsboutique.com\\\/#organization\"},\"potentialAction\":[{\"@type\":\"SearchAction\",\"target\":{\"@type\":\"EntryPoint\",\"urlTemplate\":\"https:\\\/\\\/staging.cdsboutique.com\\\/?s={search_term_string}\"},\"query-input\":{\"@type\":\"PropertyValueSpecification\",\"valueRequired\":true,\"valueName\":\"search_term_string\"}}],\"inLanguage\":\"en-US\"},{\"@type\":\"Organization\",\"@id\":\"https:\\\/\\\/staging.cdsboutique.com\\\/#organization\",\"name\":\"CDS Boutique\",\"url\":\"https:\\\/\\\/staging.cdsboutique.com\\\/\",\"logo\":{\"@type\":\"ImageObject\",\"inLanguage\":\"en-US\",\"@id\":\"https:\\\/\\\/staging.cdsboutique.com\\\/#\\\/schema\\\/logo\\\/image\\\/\",\"url\":\"https:\\\/\\\/staging.cdsboutique.com\\\/wp-content\\\/uploads\\\/2024\\\/09\\\/logoCDS-Boutique_final2024.jpg\",\"contentUrl\":\"https:\\\/\\\/staging.cdsboutique.com\\\/wp-content\\\/uploads\\\/2024\\\/09\\\/logoCDS-Boutique_final2024.jpg\",\"width\":900,\"height\":600,\"caption\":\"CDS Boutique\"},\"image\":{\"@id\":\"https:\\\/\\\/staging.cdsboutique.com\\\/#\\\/schema\\\/logo\\\/image\\\/\"},\"sameAs\":[\"https:\\\/\\\/www.facebook.com\\\/CDSBoutique.Aines.Seniors\",\"https:\\\/\\\/www.youtube.com\\\/@cdsboutique4046\",\"https:\\\/\\\/www.linkedin.com\\\/company\\\/cds-boutique\\\/\",\"https:\\\/\\\/www.instagram.com\\\/cdsboutique\\\/\"]}]}<\/script>\n<!-- \/ Yoast SEO plugin. -->","yoast_head_json":{"title":"13-pcs Adapted Puzzle - Orient Express - CDS boutique A\u00een\u00e9s","description":"This beautiful puzzle with a train illustration will spark conversations and memories!","robots":{"index":"noindex","follow":"follow","max-snippet":"max-snippet:-1","max-image-preview":"max-image-preview:large","max-video-preview":"max-video-preview:-1"},"og_locale":"en_US","og_type":"article","og_title":"13-pcs Adapted Puzzle - Orient Express - CDS boutique A\u00een\u00e9s","og_description":"This beautiful puzzle with a train illustration will spark conversations and memories!","og_url":"https:\/\/staging.cdsboutique.com\/en\/product\/13-pcs-adapted-puzzle-orient-express\/","og_site_name":"CDS boutique A\u00een\u00e9s","article_publisher":"https:\/\/www.facebook.com\/CDSBoutique.Aines.Seniors","article_modified_time":"2022-08-23T14:34:45+00:00","og_image":[{"width":940,"height":788,"url":"https:\/\/staging.cdsboutique.com\/wp-content\/uploads\/2022\/08\/orient_express.png","type":"image\/png"}],"twitter_card":"summary_large_image","twitter_misc":{"Est. reading time":"1 minute"},"schema":{"@context":"https:\/\/schema.org","@graph":[{"@type":"WebPage","@id":"https:\/\/staging.cdsboutique.com\/en\/product\/13-pcs-adapted-puzzle-orient-express\/","url":"https:\/\/staging.cdsboutique.com\/en\/product\/13-pcs-adapted-puzzle-orient-express\/","name":"13-pcs Adapted Puzzle - Orient Express - CDS boutique A\u00een\u00e9s","isPartOf":{"@id":"https:\/\/staging.cdsboutique.com\/#website"},"primaryImageOfPage":{"@id":"https:\/\/staging.cdsboutique.com\/en\/product\/13-pcs-adapted-puzzle-orient-express\/#primaryimage"},"image":{"@id":"https:\/\/staging.cdsboutique.com\/en\/product\/13-pcs-adapted-puzzle-orient-express\/#primaryimage"},"thumbnailUrl":"https:\/\/staging.cdsboutique.com\/wp-content\/uploads\/2022\/08\/orient_express.png","datePublished":"2022-08-23T14:19:23+00:00","dateModified":"2022-08-23T14:34:45+00:00","description":"This beautiful puzzle with a train illustration will spark conversations and memories!","breadcrumb":{"@id":"https:\/\/staging.cdsboutique.com\/en\/product\/13-pcs-adapted-puzzle-orient-express\/#breadcrumb"},"inLanguage":"en-US","potentialAction":[{"@type":"ReadAction","target":["https:\/\/staging.cdsboutique.com\/en\/product\/13-pcs-adapted-puzzle-orient-express\/"]}]},{"@type":"ImageObject","inLanguage":"en-US","@id":"https:\/\/staging.cdsboutique.com\/en\/product\/13-pcs-adapted-puzzle-orient-express\/#primaryimage","url":"https:\/\/staging.cdsboutique.com\/wp-content\/uploads\/2022\/08\/orient_express.png","contentUrl":"https:\/\/staging.cdsboutique.com\/wp-content\/uploads\/2022\/08\/orient_express.png","width":940,"height":788},{"@type":"BreadcrumbList","@id":"https:\/\/staging.cdsboutique.com\/en\/product\/13-pcs-adapted-puzzle-orient-express\/#breadcrumb","itemListElement":[{"@type":"ListItem","position":1,"name":"Home","item":"https:\/\/staging.cdsboutique.com\/en\/"},{"@type":"ListItem","position":2,"name":"Products","item":"https:\/\/staging.cdsboutique.com\/en\/products\/"},{"@type":"ListItem","position":3,"name":"13-pcs Adapted Puzzle &#8211; Orient Express"}]},{"@type":"WebSite","@id":"https:\/\/staging.cdsboutique.com\/#website","url":"https:\/\/staging.cdsboutique.com\/","name":"CDS boutique A\u00een\u00e9s","description":"Pour une meilleure qualit\u00e9 de vie","publisher":{"@id":"https:\/\/staging.cdsboutique.com\/#organization"},"potentialAction":[{"@type":"SearchAction","target":{"@type":"EntryPoint","urlTemplate":"https:\/\/staging.cdsboutique.com\/?s={search_term_string}"},"query-input":{"@type":"PropertyValueSpecification","valueRequired":true,"valueName":"search_term_string"}}],"inLanguage":"en-US"},{"@type":"Organization","@id":"https:\/\/staging.cdsboutique.com\/#organization","name":"CDS Boutique","url":"https:\/\/staging.cdsboutique.com\/","logo":{"@type":"ImageObject","inLanguage":"en-US","@id":"https:\/\/staging.cdsboutique.com\/#\/schema\/logo\/image\/","url":"https:\/\/staging.cdsboutique.com\/wp-content\/uploads\/2024\/09\/logoCDS-Boutique_final2024.jpg","contentUrl":"https:\/\/staging.cdsboutique.com\/wp-content\/uploads\/2024\/09\/logoCDS-Boutique_final2024.jpg","width":900,"height":600,"caption":"CDS Boutique"},"image":{"@id":"https:\/\/staging.cdsboutique.com\/#\/schema\/logo\/image\/"},"sameAs":["https:\/\/www.facebook.com\/CDSBoutique.Aines.Seniors","https:\/\/www.youtube.com\/@cdsboutique4046","https:\/\/www.linkedin.com\/company\/cds-boutique\/","https:\/\/www.instagram.com\/cdsboutique\/"]}]}},"_links":{"self":[{"href":"https:\/\/staging.cdsboutique.com\/en\/wp-json\/wp\/v2\/product\/46665","targetHints":{"allow":["GET"]}}],"collection":[{"href":"https:\/\/staging.cdsboutique.com\/en\/wp-json\/wp\/v2\/product"}],"about":[{"href":"https:\/\/staging.cdsboutique.com\/en\/wp-json\/wp\/v2\/types\/product"}],"replies":[{"embeddable":true,"href":"https:\/\/staging.cdsboutique.com\/en\/wp-json\/wp\/v2\/comments?post=46665"}],"wp:featuredmedia":[{"embeddable":true,"href":"https:\/\/staging.cdsboutique.com\/en\/wp-json\/wp\/v2\/media\/47470"}],"wp:attachment":[{"href":"https:\/\/staging.cdsboutique.com\/en\/wp-json\/wp\/v2\/media?parent=46665"}],"wp:term":[{"taxonomy":"product_brand","embeddable":true,"href":"https:\/\/staging.cdsboutique.com\/en\/wp-json\/wp\/v2\/product_brand?post=46665"},{"taxonomy":"product_cat","embeddable":true,"href":"https:\/\/staging.cdsboutique.com\/en\/wp-json\/wp\/v2\/product_cat?post=46665"},{"taxonomy":"product_tag","embeddable":true,"href":"https:\/\/staging.cdsboutique.com\/en\/wp-json\/wp\/v2\/product_tag?post=46665"}],"curies":[{"name":"wp","href":"https:\/\/api.w.org\/{rel}","templated":true}]}}