{"id":47511,"date":"2022-09-15T14:58:30","date_gmt":"2022-09-15T18:58:30","guid":{"rendered":"https:\/\/cdsboutique.com\/?post_type=product&#038;p=47511"},"modified":"2024-01-02T09:34:00","modified_gmt":"2024-01-02T14:34:00","slug":"graded-pinch-exerciser","status":"publish","type":"product","link":"https:\/\/staging.cdsboutique.com\/en\/produit\/graded-pinch-exerciser\/","title":{"rendered":"Graded Pinch Exerciser"},"content":{"rendered":"<p>Improve hand and finger strength and coordination with this Graded Pinch Exerciser. Utilized by people recovering from hand injuries, individuals with disabilities or for fine motor skills activities. They are ideal for a variety of applications like colour seriation, prehension, coordination and for keeping your resident\u2019s fine motor skills abilities.<br \/>\nSize: 16&#8243; x 11&#8243; x 14&#8243;<\/p>\n","protected":false},"excerpt":{"rendered":"<p>Improve hand and finger strength and coordination with this Graded Pinch Exerciser. Utilized by people recovering from hand injuries, individuals with disabilities or for fine motor skills activities. They are ideal for a variety of applications like colour seriation, prehension, coordination and for keeping your resident\u2019s fine motor skills abilities.<br \/>\nSize: 16&#8243; x 11&#8243; x 14&#8243;<\/p>\n","protected":false},"featured_media":47514,"comment_status":"open","ping_status":"closed","template":"","meta":{"_acf_changed":false},"product_brand":[],"product_cat":[4401,3005],"product_tag":[],"class_list":{"0":"post-47511","1":"product","2":"type-product","3":"status-publish","4":"has-post-thumbnail","6":"product_cat-all","7":"product_cat-exercise-en","8":"product_shipping_class-frais-de-livraison-en","10":"first","11":"instock","12":"taxable","13":"shipping-taxable","14":"purchasable","15":"product-type-simple"},"bundled_by":[],"bundle_stock_status":"instock","bundle_stock_quantity":null,"bundle_virtual":false,"bundle_layout":"","bundle_add_to_cart_form_location":"","bundle_editable_in_cart":false,"bundle_sold_individually_context":"","bundle_item_grouping":"","bundle_min_size":"","bundle_max_size":"","bundle_price":[],"bundled_items":[],"bundle_sell_ids":[],"acf":[],"featured_image_urls_v2":{"full":["https:\/\/staging.cdsboutique.com\/wp-content\/uploads\/2022\/09\/Exercice-pour-doigts-et-mains_4393.jpg",1200,1107,false],"thumbnail":["https:\/\/staging.cdsboutique.com\/wp-content\/uploads\/2022\/09\/Exercice-pour-doigts-et-mains_4393-150x150.jpg",150,150,true],"medium":["https:\/\/staging.cdsboutique.com\/wp-content\/uploads\/2022\/09\/Exercice-pour-doigts-et-mains_4393-300x277.jpg",300,277,true],"medium_large":["https:\/\/staging.cdsboutique.com\/wp-content\/uploads\/2022\/09\/Exercice-pour-doigts-et-mains_4393-768x708.jpg",768,708,true],"large":["https:\/\/staging.cdsboutique.com\/wp-content\/uploads\/2022\/09\/Exercice-pour-doigts-et-mains_4393-1024x945.jpg",980,904,true],"1536x1536":["https:\/\/staging.cdsboutique.com\/wp-content\/uploads\/2022\/09\/Exercice-pour-doigts-et-mains_4393.jpg",1200,1107,false],"2048x2048":["https:\/\/staging.cdsboutique.com\/wp-content\/uploads\/2022\/09\/Exercice-pour-doigts-et-mains_4393.jpg",1200,1107,false],"gform-image-choice-sm":["https:\/\/staging.cdsboutique.com\/wp-content\/uploads\/2022\/09\/Exercice-pour-doigts-et-mains_4393.jpg",300,277,false],"gform-image-choice-md":["https:\/\/staging.cdsboutique.com\/wp-content\/uploads\/2022\/09\/Exercice-pour-doigts-et-mains_4393.jpg",400,369,false],"gform-image-choice-lg":["https:\/\/staging.cdsboutique.com\/wp-content\/uploads\/2022\/09\/Exercice-pour-doigts-et-mains_4393.jpg",600,554,false],"woocommerce_thumbnail":["https:\/\/staging.cdsboutique.com\/wp-content\/uploads\/2022\/09\/Exercice-pour-doigts-et-mains_4393-300x277.jpg",300,277,true],"woocommerce_single":["https:\/\/staging.cdsboutique.com\/wp-content\/uploads\/2022\/09\/Exercice-pour-doigts-et-mains_4393-600x554.jpg",600,554,true],"woocommerce_gallery_thumbnail":["https:\/\/staging.cdsboutique.com\/wp-content\/uploads\/2022\/09\/Exercice-pour-doigts-et-mains_4393-100x100.jpg",100,100,true],"variation_swatches_image_size":["https:\/\/staging.cdsboutique.com\/wp-content\/uploads\/2022\/09\/Exercice-pour-doigts-et-mains_4393.jpg",50,46,false],"variation_swatches_tooltip_size":["https:\/\/staging.cdsboutique.com\/wp-content\/uploads\/2022\/09\/Exercice-pour-doigts-et-mains_4393.jpg",100,92,false],"logo-size":["https:\/\/staging.cdsboutique.com\/wp-content\/uploads\/2022\/09\/Exercice-pour-doigts-et-mains_4393-91x84.jpg",91,84,true],"blog":["https:\/\/staging.cdsboutique.com\/wp-content\/uploads\/2022\/09\/Exercice-pour-doigts-et-mains_4393-350x260.jpg",350,260,true]},"post_excerpt_stackable_v2":"<p>Improve hand and finger strength and coordination with this Graded Pinch Exerciser. Utilized by people recovering from hand injuries, individuals with disabilities or for fine motor skills activities. They are ideal for a variety of applications like colour seriation, prehension, coordination and for keeping your resident\u2019s fine motor skills abilities.<br \/>\nSize: 16&#8243; x 11&#8243; x 14&#8243;<\/p>\n","category_list_v2":"","author_info_v2":{"name":"","url":""},"comments_num_v2":"0 comments","yoast_head":"<!-- This site is optimized with the Yoast SEO plugin v27.4 - https:\/\/yoast.com\/product\/yoast-seo-wordpress\/ -->\n<title>Graded Pinch Exerciser - CDS boutique A\u00een\u00e9s<\/title>\n<meta name=\"description\" content=\"Improve hand and finger strength and coordination with this Graded Pinch Exerciser. Utilized by people recovering from hand injuries, individuals with disabilities or for fine motor skills activities.\" \/>\n<meta name=\"robots\" content=\"noindex, follow, max-snippet:-1, max-image-preview:large, max-video-preview:-1\" \/>\n<meta property=\"og:locale\" content=\"en_US\" \/>\n<meta property=\"og:type\" content=\"article\" \/>\n<meta property=\"og:title\" content=\"Graded Pinch Exerciser - CDS boutique A\u00een\u00e9s\" \/>\n<meta property=\"og:description\" content=\"Improve hand and finger strength and coordination with this Graded Pinch Exerciser. Utilized by people recovering from hand injuries, individuals with disabilities or for fine motor skills activities.\" \/>\n<meta property=\"og:url\" content=\"https:\/\/staging.cdsboutique.com\/en\/product\/graded-pinch-exerciser\/\" \/>\n<meta property=\"og:site_name\" content=\"CDS boutique A\u00een\u00e9s\" \/>\n<meta property=\"article:publisher\" content=\"https:\/\/www.facebook.com\/CDSBoutique.Aines.Seniors\" \/>\n<meta property=\"article:modified_time\" content=\"2024-01-02T14:34:00+00:00\" \/>\n<meta property=\"og:image\" content=\"https:\/\/staging.cdsboutique.com\/wp-content\/uploads\/2022\/09\/Exercice-pour-doigts-et-mains_4393.jpg?_t=1704206040\" \/>\n\t<meta property=\"og:image:width\" content=\"1200\" \/>\n\t<meta property=\"og:image:height\" content=\"1107\" \/>\n\t<meta property=\"og:image:type\" content=\"image\/jpeg\" \/>\n<meta name=\"twitter:card\" content=\"summary_large_image\" \/>\n<meta name=\"twitter:label1\" content=\"Est. reading time\" \/>\n\t<meta name=\"twitter:data1\" content=\"1 minute\" \/>\n<script type=\"application\/ld+json\" class=\"yoast-schema-graph\">{\"@context\":\"https:\\\/\\\/schema.org\",\"@graph\":[{\"@type\":\"WebPage\",\"@id\":\"https:\\\/\\\/staging.cdsboutique.com\\\/en\\\/product\\\/graded-pinch-exerciser\\\/\",\"url\":\"https:\\\/\\\/staging.cdsboutique.com\\\/en\\\/product\\\/graded-pinch-exerciser\\\/\",\"name\":\"Graded Pinch Exerciser - CDS boutique A\u00een\u00e9s\",\"isPartOf\":{\"@id\":\"https:\\\/\\\/staging.cdsboutique.com\\\/#website\"},\"primaryImageOfPage\":{\"@id\":\"https:\\\/\\\/staging.cdsboutique.com\\\/en\\\/product\\\/graded-pinch-exerciser\\\/#primaryimage\"},\"image\":{\"@id\":\"https:\\\/\\\/staging.cdsboutique.com\\\/en\\\/product\\\/graded-pinch-exerciser\\\/#primaryimage\"},\"thumbnailUrl\":\"https:\\\/\\\/staging.cdsboutique.com\\\/wp-content\\\/uploads\\\/2022\\\/09\\\/Exercice-pour-doigts-et-mains_4393.jpg\",\"datePublished\":\"2022-09-15T18:58:30+00:00\",\"dateModified\":\"2024-01-02T14:34:00+00:00\",\"description\":\"Improve hand and finger strength and coordination with this Graded Pinch Exerciser. Utilized by people recovering from hand injuries, individuals with disabilities or for fine motor skills activities.\",\"breadcrumb\":{\"@id\":\"https:\\\/\\\/staging.cdsboutique.com\\\/en\\\/product\\\/graded-pinch-exerciser\\\/#breadcrumb\"},\"inLanguage\":\"en-US\",\"potentialAction\":[{\"@type\":\"ReadAction\",\"target\":[\"https:\\\/\\\/staging.cdsboutique.com\\\/en\\\/product\\\/graded-pinch-exerciser\\\/\"]}]},{\"@type\":\"ImageObject\",\"inLanguage\":\"en-US\",\"@id\":\"https:\\\/\\\/staging.cdsboutique.com\\\/en\\\/product\\\/graded-pinch-exerciser\\\/#primaryimage\",\"url\":\"https:\\\/\\\/staging.cdsboutique.com\\\/wp-content\\\/uploads\\\/2022\\\/09\\\/Exercice-pour-doigts-et-mains_4393.jpg\",\"contentUrl\":\"https:\\\/\\\/staging.cdsboutique.com\\\/wp-content\\\/uploads\\\/2022\\\/09\\\/Exercice-pour-doigts-et-mains_4393.jpg\",\"width\":1200,\"height\":1107},{\"@type\":\"BreadcrumbList\",\"@id\":\"https:\\\/\\\/staging.cdsboutique.com\\\/en\\\/product\\\/graded-pinch-exerciser\\\/#breadcrumb\",\"itemListElement\":[{\"@type\":\"ListItem\",\"position\":1,\"name\":\"Home\",\"item\":\"https:\\\/\\\/staging.cdsboutique.com\\\/en\\\/\"},{\"@type\":\"ListItem\",\"position\":2,\"name\":\"Products\",\"item\":\"https:\\\/\\\/staging.cdsboutique.com\\\/en\\\/products\\\/\"},{\"@type\":\"ListItem\",\"position\":3,\"name\":\"Graded Pinch Exerciser\"}]},{\"@type\":\"WebSite\",\"@id\":\"https:\\\/\\\/staging.cdsboutique.com\\\/#website\",\"url\":\"https:\\\/\\\/staging.cdsboutique.com\\\/\",\"name\":\"CDS boutique A\u00een\u00e9s\",\"description\":\"Pour une meilleure qualit\u00e9 de vie\",\"publisher\":{\"@id\":\"https:\\\/\\\/staging.cdsboutique.com\\\/#organization\"},\"potentialAction\":[{\"@type\":\"SearchAction\",\"target\":{\"@type\":\"EntryPoint\",\"urlTemplate\":\"https:\\\/\\\/staging.cdsboutique.com\\\/?s={search_term_string}\"},\"query-input\":{\"@type\":\"PropertyValueSpecification\",\"valueRequired\":true,\"valueName\":\"search_term_string\"}}],\"inLanguage\":\"en-US\"},{\"@type\":\"Organization\",\"@id\":\"https:\\\/\\\/staging.cdsboutique.com\\\/#organization\",\"name\":\"CDS Boutique\",\"url\":\"https:\\\/\\\/staging.cdsboutique.com\\\/\",\"logo\":{\"@type\":\"ImageObject\",\"inLanguage\":\"en-US\",\"@id\":\"https:\\\/\\\/staging.cdsboutique.com\\\/#\\\/schema\\\/logo\\\/image\\\/\",\"url\":\"https:\\\/\\\/staging.cdsboutique.com\\\/wp-content\\\/uploads\\\/2024\\\/09\\\/logoCDS-Boutique_final2024.jpg\",\"contentUrl\":\"https:\\\/\\\/staging.cdsboutique.com\\\/wp-content\\\/uploads\\\/2024\\\/09\\\/logoCDS-Boutique_final2024.jpg\",\"width\":900,\"height\":600,\"caption\":\"CDS Boutique\"},\"image\":{\"@id\":\"https:\\\/\\\/staging.cdsboutique.com\\\/#\\\/schema\\\/logo\\\/image\\\/\"},\"sameAs\":[\"https:\\\/\\\/www.facebook.com\\\/CDSBoutique.Aines.Seniors\",\"https:\\\/\\\/www.youtube.com\\\/@cdsboutique4046\",\"https:\\\/\\\/www.linkedin.com\\\/company\\\/cds-boutique\\\/\",\"https:\\\/\\\/www.instagram.com\\\/cdsboutique\\\/\"]}]}<\/script>\n<!-- \/ Yoast SEO plugin. -->","yoast_head_json":{"title":"Graded Pinch Exerciser - CDS boutique A\u00een\u00e9s","description":"Improve hand and finger strength and coordination with this Graded Pinch Exerciser. Utilized by people recovering from hand injuries, individuals with disabilities or for fine motor skills activities.","robots":{"index":"noindex","follow":"follow","max-snippet":"max-snippet:-1","max-image-preview":"max-image-preview:large","max-video-preview":"max-video-preview:-1"},"og_locale":"en_US","og_type":"article","og_title":"Graded Pinch Exerciser - CDS boutique A\u00een\u00e9s","og_description":"Improve hand and finger strength and coordination with this Graded Pinch Exerciser. Utilized by people recovering from hand injuries, individuals with disabilities or for fine motor skills activities.","og_url":"https:\/\/staging.cdsboutique.com\/en\/product\/graded-pinch-exerciser\/","og_site_name":"CDS boutique A\u00een\u00e9s","article_publisher":"https:\/\/www.facebook.com\/CDSBoutique.Aines.Seniors","article_modified_time":"2024-01-02T14:34:00+00:00","og_image":[{"width":1200,"height":1107,"url":"https:\/\/staging.cdsboutique.com\/wp-content\/uploads\/2022\/09\/Exercice-pour-doigts-et-mains_4393.jpg?_t=1704206040","type":"image\/jpeg"}],"twitter_card":"summary_large_image","twitter_misc":{"Est. reading time":"1 minute"},"schema":{"@context":"https:\/\/schema.org","@graph":[{"@type":"WebPage","@id":"https:\/\/staging.cdsboutique.com\/en\/product\/graded-pinch-exerciser\/","url":"https:\/\/staging.cdsboutique.com\/en\/product\/graded-pinch-exerciser\/","name":"Graded Pinch Exerciser - CDS boutique A\u00een\u00e9s","isPartOf":{"@id":"https:\/\/staging.cdsboutique.com\/#website"},"primaryImageOfPage":{"@id":"https:\/\/staging.cdsboutique.com\/en\/product\/graded-pinch-exerciser\/#primaryimage"},"image":{"@id":"https:\/\/staging.cdsboutique.com\/en\/product\/graded-pinch-exerciser\/#primaryimage"},"thumbnailUrl":"https:\/\/staging.cdsboutique.com\/wp-content\/uploads\/2022\/09\/Exercice-pour-doigts-et-mains_4393.jpg","datePublished":"2022-09-15T18:58:30+00:00","dateModified":"2024-01-02T14:34:00+00:00","description":"Improve hand and finger strength and coordination with this Graded Pinch Exerciser. Utilized by people recovering from hand injuries, individuals with disabilities or for fine motor skills activities.","breadcrumb":{"@id":"https:\/\/staging.cdsboutique.com\/en\/product\/graded-pinch-exerciser\/#breadcrumb"},"inLanguage":"en-US","potentialAction":[{"@type":"ReadAction","target":["https:\/\/staging.cdsboutique.com\/en\/product\/graded-pinch-exerciser\/"]}]},{"@type":"ImageObject","inLanguage":"en-US","@id":"https:\/\/staging.cdsboutique.com\/en\/product\/graded-pinch-exerciser\/#primaryimage","url":"https:\/\/staging.cdsboutique.com\/wp-content\/uploads\/2022\/09\/Exercice-pour-doigts-et-mains_4393.jpg","contentUrl":"https:\/\/staging.cdsboutique.com\/wp-content\/uploads\/2022\/09\/Exercice-pour-doigts-et-mains_4393.jpg","width":1200,"height":1107},{"@type":"BreadcrumbList","@id":"https:\/\/staging.cdsboutique.com\/en\/product\/graded-pinch-exerciser\/#breadcrumb","itemListElement":[{"@type":"ListItem","position":1,"name":"Home","item":"https:\/\/staging.cdsboutique.com\/en\/"},{"@type":"ListItem","position":2,"name":"Products","item":"https:\/\/staging.cdsboutique.com\/en\/products\/"},{"@type":"ListItem","position":3,"name":"Graded Pinch Exerciser"}]},{"@type":"WebSite","@id":"https:\/\/staging.cdsboutique.com\/#website","url":"https:\/\/staging.cdsboutique.com\/","name":"CDS boutique A\u00een\u00e9s","description":"Pour une meilleure qualit\u00e9 de vie","publisher":{"@id":"https:\/\/staging.cdsboutique.com\/#organization"},"potentialAction":[{"@type":"SearchAction","target":{"@type":"EntryPoint","urlTemplate":"https:\/\/staging.cdsboutique.com\/?s={search_term_string}"},"query-input":{"@type":"PropertyValueSpecification","valueRequired":true,"valueName":"search_term_string"}}],"inLanguage":"en-US"},{"@type":"Organization","@id":"https:\/\/staging.cdsboutique.com\/#organization","name":"CDS Boutique","url":"https:\/\/staging.cdsboutique.com\/","logo":{"@type":"ImageObject","inLanguage":"en-US","@id":"https:\/\/staging.cdsboutique.com\/#\/schema\/logo\/image\/","url":"https:\/\/staging.cdsboutique.com\/wp-content\/uploads\/2024\/09\/logoCDS-Boutique_final2024.jpg","contentUrl":"https:\/\/staging.cdsboutique.com\/wp-content\/uploads\/2024\/09\/logoCDS-Boutique_final2024.jpg","width":900,"height":600,"caption":"CDS Boutique"},"image":{"@id":"https:\/\/staging.cdsboutique.com\/#\/schema\/logo\/image\/"},"sameAs":["https:\/\/www.facebook.com\/CDSBoutique.Aines.Seniors","https:\/\/www.youtube.com\/@cdsboutique4046","https:\/\/www.linkedin.com\/company\/cds-boutique\/","https:\/\/www.instagram.com\/cdsboutique\/"]}]}},"_links":{"self":[{"href":"https:\/\/staging.cdsboutique.com\/en\/wp-json\/wp\/v2\/product\/47511","targetHints":{"allow":["GET"]}}],"collection":[{"href":"https:\/\/staging.cdsboutique.com\/en\/wp-json\/wp\/v2\/product"}],"about":[{"href":"https:\/\/staging.cdsboutique.com\/en\/wp-json\/wp\/v2\/types\/product"}],"replies":[{"embeddable":true,"href":"https:\/\/staging.cdsboutique.com\/en\/wp-json\/wp\/v2\/comments?post=47511"}],"wp:featuredmedia":[{"embeddable":true,"href":"https:\/\/staging.cdsboutique.com\/en\/wp-json\/wp\/v2\/media\/47514"}],"wp:attachment":[{"href":"https:\/\/staging.cdsboutique.com\/en\/wp-json\/wp\/v2\/media?parent=47511"}],"wp:term":[{"taxonomy":"product_brand","embeddable":true,"href":"https:\/\/staging.cdsboutique.com\/en\/wp-json\/wp\/v2\/product_brand?post=47511"},{"taxonomy":"product_cat","embeddable":true,"href":"https:\/\/staging.cdsboutique.com\/en\/wp-json\/wp\/v2\/product_cat?post=47511"},{"taxonomy":"product_tag","embeddable":true,"href":"https:\/\/staging.cdsboutique.com\/en\/wp-json\/wp\/v2\/product_tag?post=47511"}],"curies":[{"name":"wp","href":"https:\/\/api.w.org\/{rel}","templated":true}]}}