{"id":47545,"date":"2022-09-20T13:34:24","date_gmt":"2022-09-20T17:34:24","guid":{"rendered":"https:\/\/cdsboutique.com\/?post_type=product&#038;p=47545"},"modified":"2022-10-25T16:02:06","modified_gmt":"2022-10-25T20:02:06","slug":"activity-kit-active-games","status":"publish","type":"product","link":"https:\/\/staging.cdsboutique.com\/en\/produit\/activity-kit-active-games\/","title":{"rendered":"Activity Kit &#8211; Active Games"},"content":{"rendered":"<p>We have developed this kit with handpicked activities that require no formal training or skill for visitors to do with seniors during visits making <strong>each visit<\/strong> more <strong>significant<\/strong> and <strong>fun<\/strong>.<\/p>\n<p>The activities in this kit are<strong> perfect for anyone who loves to move<\/strong>! Your residents and their guests will be able to throw, catch and practice their manual dexterity with the many active living products. Each kit is easy to store as all activity products fit into a sturdy plastic box. The box comes with an evaluation and suggestion sheet for families to let others know what worked best with their loved one. A good way for other visitors to pick up where the others left off and learn from past experience.<\/p>\n<p><strong>SAVE! Get all 3 kits (<a href=\"https:\/\/staging.cdsboutique.com\/en\/product\/activity-kit-playing-together\/\" title=\"#4152Z\">#4152Z<\/a> &#8211; <a href=\"https:\/\/staging.cdsboutique.com\/en\/product\/activity-kit-creative-play\/\" title=\"#4154Z\">#4154Z<\/a> &#8211; #4150Z) for $389.95.<\/strong><\/p>\n<p><em><strong>Products in the kit may vary from the picture.<\/strong><\/em><\/p>\n","protected":false},"excerpt":{"rendered":"<p>The activities in this kit are<strong> perfect for anyone who loves to move<\/strong>! Your residents and their guests will be able to throw, catch and practice their manual dexterity with the many active living products. Each kit is easy to store as all activity products fit into a sturdy plastic box. The box comes with an evaluation and suggestion sheet for families to let others know what worked best with their loved one. A good way for other visitors to pick up where the others left off and learn from past experience.<\/p>\n","protected":false},"featured_media":48134,"comment_status":"open","ping_status":"closed","template":"","meta":{"_acf_changed":false},"product_brand":[],"product_cat":[4736,4401],"product_tag":[],"class_list":{"0":"post-47545","1":"product","2":"type-product","3":"status-publish","4":"has-post-thumbnail","6":"product_cat-active-games","7":"product_cat-all","8":"product_shipping_class-frais-de-livraison-en","10":"first","11":"instock","12":"taxable","13":"shipping-taxable","14":"purchasable","15":"product-type-simple"},"bundled_by":[],"bundle_stock_status":"instock","bundle_stock_quantity":null,"bundle_virtual":false,"bundle_layout":"","bundle_add_to_cart_form_location":"","bundle_editable_in_cart":false,"bundle_sold_individually_context":"","bundle_item_grouping":"","bundle_min_size":"","bundle_max_size":"","bundle_price":[],"bundled_items":[],"bundle_sell_ids":[],"acf":[],"featured_image_urls_v2":{"full":["https:\/\/staging.cdsboutique.com\/wp-content\/uploads\/2022\/09\/Jeux-actifs-1.png",800,600,false],"thumbnail":["https:\/\/staging.cdsboutique.com\/wp-content\/uploads\/2022\/09\/Jeux-actifs-1-150x150.png",150,150,true],"medium":["https:\/\/staging.cdsboutique.com\/wp-content\/uploads\/2022\/09\/Jeux-actifs-1-300x225.png",300,225,true],"medium_large":["https:\/\/staging.cdsboutique.com\/wp-content\/uploads\/2022\/09\/Jeux-actifs-1-768x576.png",768,576,true],"large":["https:\/\/staging.cdsboutique.com\/wp-content\/uploads\/2022\/09\/Jeux-actifs-1.png",800,600,false],"1536x1536":["https:\/\/staging.cdsboutique.com\/wp-content\/uploads\/2022\/09\/Jeux-actifs-1.png",800,600,false],"2048x2048":["https:\/\/staging.cdsboutique.com\/wp-content\/uploads\/2022\/09\/Jeux-actifs-1.png",800,600,false],"gform-image-choice-sm":["https:\/\/staging.cdsboutique.com\/wp-content\/uploads\/2022\/09\/Jeux-actifs-1.png",300,225,false],"gform-image-choice-md":["https:\/\/staging.cdsboutique.com\/wp-content\/uploads\/2022\/09\/Jeux-actifs-1.png",400,300,false],"gform-image-choice-lg":["https:\/\/staging.cdsboutique.com\/wp-content\/uploads\/2022\/09\/Jeux-actifs-1.png",600,450,false],"woocommerce_thumbnail":["https:\/\/staging.cdsboutique.com\/wp-content\/uploads\/2022\/09\/Jeux-actifs-1-300x225.png",300,225,true],"woocommerce_single":["https:\/\/staging.cdsboutique.com\/wp-content\/uploads\/2022\/09\/Jeux-actifs-1-600x450.png",600,450,true],"woocommerce_gallery_thumbnail":["https:\/\/staging.cdsboutique.com\/wp-content\/uploads\/2022\/09\/Jeux-actifs-1-100x100.png",100,100,true],"variation_swatches_image_size":["https:\/\/staging.cdsboutique.com\/wp-content\/uploads\/2022\/09\/Jeux-actifs-1.png",50,38,false],"variation_swatches_tooltip_size":["https:\/\/staging.cdsboutique.com\/wp-content\/uploads\/2022\/09\/Jeux-actifs-1.png",100,75,false],"logo-size":["https:\/\/staging.cdsboutique.com\/wp-content\/uploads\/2022\/09\/Jeux-actifs-1-112x84.png",112,84,true],"blog":["https:\/\/staging.cdsboutique.com\/wp-content\/uploads\/2022\/09\/Jeux-actifs-1-350x260.png",350,260,true]},"post_excerpt_stackable_v2":"<p>The activities in this kit are<strong> perfect for anyone who loves to move<\/strong>! Your residents and their guests will be able to throw, catch and practice their manual dexterity with the many active living products. Each kit is easy to store as all activity products fit into a sturdy plastic box. The box comes with an evaluation and suggestion sheet for families to let others know what worked best with their loved one. A good way for other visitors to pick up where the others left off and learn from past experience.<\/p>\n","category_list_v2":"","author_info_v2":{"name":"","url":""},"comments_num_v2":"0 comments","yoast_head":"<!-- This site is optimized with the Yoast SEO plugin v27.4 - https:\/\/yoast.com\/product\/yoast-seo-wordpress\/ -->\n<title>Activity Kit - Active Games - CDS boutique A\u00een\u00e9s<\/title>\n<meta name=\"description\" content=\"The games in this kit are perfect for anyone who loves to move! Your residents and their guests will be able to throw, catch and practice their manual dexterity!\" \/>\n<meta name=\"robots\" content=\"noindex, follow, max-snippet:-1, max-image-preview:large, max-video-preview:-1\" \/>\n<meta property=\"og:locale\" content=\"en_US\" \/>\n<meta property=\"og:type\" content=\"article\" \/>\n<meta property=\"og:title\" content=\"Activity Kit - Active Games - CDS boutique A\u00een\u00e9s\" \/>\n<meta property=\"og:description\" content=\"The games in this kit are perfect for anyone who loves to move! Your residents and their guests will be able to throw, catch and practice their manual dexterity!\" \/>\n<meta property=\"og:url\" content=\"https:\/\/staging.cdsboutique.com\/en\/product\/activity-kit-active-games\/\" \/>\n<meta property=\"og:site_name\" content=\"CDS boutique A\u00een\u00e9s\" \/>\n<meta property=\"article:publisher\" content=\"https:\/\/www.facebook.com\/CDSBoutique.Aines.Seniors\" \/>\n<meta property=\"article:modified_time\" content=\"2022-10-25T20:02:06+00:00\" \/>\n<meta property=\"og:image\" content=\"https:\/\/staging.cdsboutique.com\/wp-content\/uploads\/2022\/02\/230_SQU_Mini_Marionnette_Ecureuill_roux.jpg\" \/>\n<meta name=\"twitter:card\" content=\"summary_large_image\" \/>\n<meta name=\"twitter:label1\" content=\"Est. reading time\" \/>\n\t<meta name=\"twitter:data1\" content=\"1 minute\" \/>\n<script type=\"application\/ld+json\" class=\"yoast-schema-graph\">{\"@context\":\"https:\\\/\\\/schema.org\",\"@graph\":[{\"@type\":\"WebPage\",\"@id\":\"https:\\\/\\\/staging.cdsboutique.com\\\/en\\\/product\\\/activity-kit-active-games\\\/\",\"url\":\"https:\\\/\\\/staging.cdsboutique.com\\\/en\\\/product\\\/activity-kit-active-games\\\/\",\"name\":\"Activity Kit - Active Games - CDS boutique A\u00een\u00e9s\",\"isPartOf\":{\"@id\":\"https:\\\/\\\/staging.cdsboutique.com\\\/#website\"},\"primaryImageOfPage\":{\"@id\":\"https:\\\/\\\/staging.cdsboutique.com\\\/en\\\/product\\\/activity-kit-active-games\\\/#primaryimage\"},\"image\":{\"@id\":\"https:\\\/\\\/staging.cdsboutique.com\\\/en\\\/product\\\/activity-kit-active-games\\\/#primaryimage\"},\"thumbnailUrl\":\"https:\\\/\\\/staging.cdsboutique.com\\\/wp-content\\\/uploads\\\/2022\\\/09\\\/Jeux-actifs-1.png\",\"datePublished\":\"2022-09-20T17:34:24+00:00\",\"dateModified\":\"2022-10-25T20:02:06+00:00\",\"description\":\"The games in this kit are perfect for anyone who loves to move! Your residents and their guests will be able to throw, catch and practice their manual dexterity!\",\"breadcrumb\":{\"@id\":\"https:\\\/\\\/staging.cdsboutique.com\\\/en\\\/product\\\/activity-kit-active-games\\\/#breadcrumb\"},\"inLanguage\":\"en-US\",\"potentialAction\":[{\"@type\":\"ReadAction\",\"target\":[\"https:\\\/\\\/staging.cdsboutique.com\\\/en\\\/product\\\/activity-kit-active-games\\\/\"]}]},{\"@type\":\"ImageObject\",\"inLanguage\":\"en-US\",\"@id\":\"https:\\\/\\\/staging.cdsboutique.com\\\/en\\\/product\\\/activity-kit-active-games\\\/#primaryimage\",\"url\":\"https:\\\/\\\/staging.cdsboutique.com\\\/wp-content\\\/uploads\\\/2022\\\/09\\\/Jeux-actifs-1.png\",\"contentUrl\":\"https:\\\/\\\/staging.cdsboutique.com\\\/wp-content\\\/uploads\\\/2022\\\/09\\\/Jeux-actifs-1.png\",\"width\":800,\"height\":600},{\"@type\":\"BreadcrumbList\",\"@id\":\"https:\\\/\\\/staging.cdsboutique.com\\\/en\\\/product\\\/activity-kit-active-games\\\/#breadcrumb\",\"itemListElement\":[{\"@type\":\"ListItem\",\"position\":1,\"name\":\"Home\",\"item\":\"https:\\\/\\\/staging.cdsboutique.com\\\/en\\\/\"},{\"@type\":\"ListItem\",\"position\":2,\"name\":\"Products\",\"item\":\"https:\\\/\\\/staging.cdsboutique.com\\\/en\\\/products\\\/\"},{\"@type\":\"ListItem\",\"position\":3,\"name\":\"Activity Kit &#8211; Active Games\"}]},{\"@type\":\"WebSite\",\"@id\":\"https:\\\/\\\/staging.cdsboutique.com\\\/#website\",\"url\":\"https:\\\/\\\/staging.cdsboutique.com\\\/\",\"name\":\"CDS boutique A\u00een\u00e9s\",\"description\":\"Pour une meilleure qualit\u00e9 de vie\",\"publisher\":{\"@id\":\"https:\\\/\\\/staging.cdsboutique.com\\\/#organization\"},\"potentialAction\":[{\"@type\":\"SearchAction\",\"target\":{\"@type\":\"EntryPoint\",\"urlTemplate\":\"https:\\\/\\\/staging.cdsboutique.com\\\/?s={search_term_string}\"},\"query-input\":{\"@type\":\"PropertyValueSpecification\",\"valueRequired\":true,\"valueName\":\"search_term_string\"}}],\"inLanguage\":\"en-US\"},{\"@type\":\"Organization\",\"@id\":\"https:\\\/\\\/staging.cdsboutique.com\\\/#organization\",\"name\":\"CDS Boutique\",\"url\":\"https:\\\/\\\/staging.cdsboutique.com\\\/\",\"logo\":{\"@type\":\"ImageObject\",\"inLanguage\":\"en-US\",\"@id\":\"https:\\\/\\\/staging.cdsboutique.com\\\/#\\\/schema\\\/logo\\\/image\\\/\",\"url\":\"https:\\\/\\\/staging.cdsboutique.com\\\/wp-content\\\/uploads\\\/2024\\\/09\\\/logoCDS-Boutique_final2024.jpg\",\"contentUrl\":\"https:\\\/\\\/staging.cdsboutique.com\\\/wp-content\\\/uploads\\\/2024\\\/09\\\/logoCDS-Boutique_final2024.jpg\",\"width\":900,\"height\":600,\"caption\":\"CDS Boutique\"},\"image\":{\"@id\":\"https:\\\/\\\/staging.cdsboutique.com\\\/#\\\/schema\\\/logo\\\/image\\\/\"},\"sameAs\":[\"https:\\\/\\\/www.facebook.com\\\/CDSBoutique.Aines.Seniors\",\"https:\\\/\\\/www.youtube.com\\\/@cdsboutique4046\",\"https:\\\/\\\/www.linkedin.com\\\/company\\\/cds-boutique\\\/\",\"https:\\\/\\\/www.instagram.com\\\/cdsboutique\\\/\"]}]}<\/script>\n<!-- \/ Yoast SEO plugin. -->","yoast_head_json":{"title":"Activity Kit - Active Games - CDS boutique A\u00een\u00e9s","description":"The games in this kit are perfect for anyone who loves to move! Your residents and their guests will be able to throw, catch and practice their manual dexterity!","robots":{"index":"noindex","follow":"follow","max-snippet":"max-snippet:-1","max-image-preview":"max-image-preview:large","max-video-preview":"max-video-preview:-1"},"og_locale":"en_US","og_type":"article","og_title":"Activity Kit - Active Games - CDS boutique A\u00een\u00e9s","og_description":"The games in this kit are perfect for anyone who loves to move! Your residents and their guests will be able to throw, catch and practice their manual dexterity!","og_url":"https:\/\/staging.cdsboutique.com\/en\/product\/activity-kit-active-games\/","og_site_name":"CDS boutique A\u00een\u00e9s","article_publisher":"https:\/\/www.facebook.com\/CDSBoutique.Aines.Seniors","article_modified_time":"2022-10-25T20:02:06+00:00","og_image":[{"url":"https:\/\/staging.cdsboutique.com\/wp-content\/uploads\/2022\/02\/230_SQU_Mini_Marionnette_Ecureuill_roux.jpg","type":"","width":"","height":""}],"twitter_card":"summary_large_image","twitter_misc":{"Est. reading time":"1 minute"},"schema":{"@context":"https:\/\/schema.org","@graph":[{"@type":"WebPage","@id":"https:\/\/staging.cdsboutique.com\/en\/product\/activity-kit-active-games\/","url":"https:\/\/staging.cdsboutique.com\/en\/product\/activity-kit-active-games\/","name":"Activity Kit - Active Games - CDS boutique A\u00een\u00e9s","isPartOf":{"@id":"https:\/\/staging.cdsboutique.com\/#website"},"primaryImageOfPage":{"@id":"https:\/\/staging.cdsboutique.com\/en\/product\/activity-kit-active-games\/#primaryimage"},"image":{"@id":"https:\/\/staging.cdsboutique.com\/en\/product\/activity-kit-active-games\/#primaryimage"},"thumbnailUrl":"https:\/\/staging.cdsboutique.com\/wp-content\/uploads\/2022\/09\/Jeux-actifs-1.png","datePublished":"2022-09-20T17:34:24+00:00","dateModified":"2022-10-25T20:02:06+00:00","description":"The games in this kit are perfect for anyone who loves to move! Your residents and their guests will be able to throw, catch and practice their manual dexterity!","breadcrumb":{"@id":"https:\/\/staging.cdsboutique.com\/en\/product\/activity-kit-active-games\/#breadcrumb"},"inLanguage":"en-US","potentialAction":[{"@type":"ReadAction","target":["https:\/\/staging.cdsboutique.com\/en\/product\/activity-kit-active-games\/"]}]},{"@type":"ImageObject","inLanguage":"en-US","@id":"https:\/\/staging.cdsboutique.com\/en\/product\/activity-kit-active-games\/#primaryimage","url":"https:\/\/staging.cdsboutique.com\/wp-content\/uploads\/2022\/09\/Jeux-actifs-1.png","contentUrl":"https:\/\/staging.cdsboutique.com\/wp-content\/uploads\/2022\/09\/Jeux-actifs-1.png","width":800,"height":600},{"@type":"BreadcrumbList","@id":"https:\/\/staging.cdsboutique.com\/en\/product\/activity-kit-active-games\/#breadcrumb","itemListElement":[{"@type":"ListItem","position":1,"name":"Home","item":"https:\/\/staging.cdsboutique.com\/en\/"},{"@type":"ListItem","position":2,"name":"Products","item":"https:\/\/staging.cdsboutique.com\/en\/products\/"},{"@type":"ListItem","position":3,"name":"Activity Kit &#8211; Active Games"}]},{"@type":"WebSite","@id":"https:\/\/staging.cdsboutique.com\/#website","url":"https:\/\/staging.cdsboutique.com\/","name":"CDS boutique A\u00een\u00e9s","description":"Pour une meilleure qualit\u00e9 de vie","publisher":{"@id":"https:\/\/staging.cdsboutique.com\/#organization"},"potentialAction":[{"@type":"SearchAction","target":{"@type":"EntryPoint","urlTemplate":"https:\/\/staging.cdsboutique.com\/?s={search_term_string}"},"query-input":{"@type":"PropertyValueSpecification","valueRequired":true,"valueName":"search_term_string"}}],"inLanguage":"en-US"},{"@type":"Organization","@id":"https:\/\/staging.cdsboutique.com\/#organization","name":"CDS Boutique","url":"https:\/\/staging.cdsboutique.com\/","logo":{"@type":"ImageObject","inLanguage":"en-US","@id":"https:\/\/staging.cdsboutique.com\/#\/schema\/logo\/image\/","url":"https:\/\/staging.cdsboutique.com\/wp-content\/uploads\/2024\/09\/logoCDS-Boutique_final2024.jpg","contentUrl":"https:\/\/staging.cdsboutique.com\/wp-content\/uploads\/2024\/09\/logoCDS-Boutique_final2024.jpg","width":900,"height":600,"caption":"CDS Boutique"},"image":{"@id":"https:\/\/staging.cdsboutique.com\/#\/schema\/logo\/image\/"},"sameAs":["https:\/\/www.facebook.com\/CDSBoutique.Aines.Seniors","https:\/\/www.youtube.com\/@cdsboutique4046","https:\/\/www.linkedin.com\/company\/cds-boutique\/","https:\/\/www.instagram.com\/cdsboutique\/"]}]}},"_links":{"self":[{"href":"https:\/\/staging.cdsboutique.com\/en\/wp-json\/wp\/v2\/product\/47545","targetHints":{"allow":["GET"]}}],"collection":[{"href":"https:\/\/staging.cdsboutique.com\/en\/wp-json\/wp\/v2\/product"}],"about":[{"href":"https:\/\/staging.cdsboutique.com\/en\/wp-json\/wp\/v2\/types\/product"}],"replies":[{"embeddable":true,"href":"https:\/\/staging.cdsboutique.com\/en\/wp-json\/wp\/v2\/comments?post=47545"}],"wp:featuredmedia":[{"embeddable":true,"href":"https:\/\/staging.cdsboutique.com\/en\/wp-json\/wp\/v2\/media\/48134"}],"wp:attachment":[{"href":"https:\/\/staging.cdsboutique.com\/en\/wp-json\/wp\/v2\/media?parent=47545"}],"wp:term":[{"taxonomy":"product_brand","embeddable":true,"href":"https:\/\/staging.cdsboutique.com\/en\/wp-json\/wp\/v2\/product_brand?post=47545"},{"taxonomy":"product_cat","embeddable":true,"href":"https:\/\/staging.cdsboutique.com\/en\/wp-json\/wp\/v2\/product_cat?post=47545"},{"taxonomy":"product_tag","embeddable":true,"href":"https:\/\/staging.cdsboutique.com\/en\/wp-json\/wp\/v2\/product_tag?post=47545"}],"curies":[{"name":"wp","href":"https:\/\/api.w.org\/{rel}","templated":true}]}}