{"id":48277,"date":"2022-11-03T13:16:07","date_gmt":"2022-11-03T17:16:07","guid":{"rendered":"https:\/\/cdsboutique.com\/?post_type=product&#038;p=48277"},"modified":"2022-11-25T09:58:24","modified_gmt":"2022-11-25T14:58:24","slug":"blots-of-mosaics-1000-pieces","status":"publish","type":"product","link":"https:\/\/staging.cdsboutique.com\/en\/produit\/blots-of-mosaics-1000-pieces\/","title":{"rendered":"Blots of Mosaics 1000pcs"},"content":{"rendered":"<p>Build beautiful mosaic pictures using these super absorbent Blots of Mosaics heavy paper tiles!<\/p>\n<p>Start by coloring with watercolors, whasable markers, ink, pastel or crayons<\/p>\n<p>Contains 1000 pieces<\/p>\n<p>&nbsp;<\/p>\n","protected":false},"excerpt":{"rendered":"<p>Build beautiful mosaic pictures using these super absorbent Blots of Mosaics heavy paper tiles!<\/p>\n<p>Start by coloring with watercolors, whasable markers, ink, pastel or crayons<\/p>\n<p>Contains 1000 pieces<\/p>\n<p>&nbsp;<\/p>\n","protected":false},"featured_media":48280,"comment_status":"open","ping_status":"closed","template":"","meta":{"_acf_changed":false},"product_brand":[],"product_cat":[4401,2816,2864,2817],"product_tag":[],"class_list":{"0":"post-48277","1":"product","2":"type-product","3":"status-publish","4":"has-post-thumbnail","6":"product_cat-all","7":"product_cat-arts-crafts","8":"product_cat-colouring-books","9":"product_cat-creative-artistic-projects","10":"product_shipping_class-frais-de-livraison-en","12":"first","13":"instock","14":"taxable","15":"shipping-taxable","16":"purchasable","17":"product-type-simple"},"bundled_by":[],"bundle_stock_status":"instock","bundle_stock_quantity":null,"bundle_virtual":false,"bundle_layout":"","bundle_add_to_cart_form_location":"","bundle_editable_in_cart":false,"bundle_sold_individually_context":"","bundle_item_grouping":"","bundle_min_size":"","bundle_max_size":"","bundle_price":[],"bundled_items":[],"bundle_sell_ids":[],"acf":[],"featured_image_urls_v2":{"full":["https:\/\/staging.cdsboutique.com\/wp-content\/uploads\/2022\/11\/15416-Blots-of-Mosaics-Craft-Circle-with-Links-1500px.jpg",300,297,false],"thumbnail":["https:\/\/staging.cdsboutique.com\/wp-content\/uploads\/2022\/11\/15416-Blots-of-Mosaics-Craft-Circle-with-Links-1500px-150x150.jpg",150,150,true],"medium":["https:\/\/staging.cdsboutique.com\/wp-content\/uploads\/2022\/11\/15416-Blots-of-Mosaics-Craft-Circle-with-Links-1500px.jpg",300,297,false],"medium_large":["https:\/\/staging.cdsboutique.com\/wp-content\/uploads\/2022\/11\/15416-Blots-of-Mosaics-Craft-Circle-with-Links-1500px.jpg",300,297,false],"large":["https:\/\/staging.cdsboutique.com\/wp-content\/uploads\/2022\/11\/15416-Blots-of-Mosaics-Craft-Circle-with-Links-1500px.jpg",300,297,false],"1536x1536":["https:\/\/staging.cdsboutique.com\/wp-content\/uploads\/2022\/11\/15416-Blots-of-Mosaics-Craft-Circle-with-Links-1500px.jpg",300,297,false],"2048x2048":["https:\/\/staging.cdsboutique.com\/wp-content\/uploads\/2022\/11\/15416-Blots-of-Mosaics-Craft-Circle-with-Links-1500px.jpg",300,297,false],"gform-image-choice-sm":["https:\/\/staging.cdsboutique.com\/wp-content\/uploads\/2022\/11\/15416-Blots-of-Mosaics-Craft-Circle-with-Links-1500px.jpg",300,297,false],"gform-image-choice-md":["https:\/\/staging.cdsboutique.com\/wp-content\/uploads\/2022\/11\/15416-Blots-of-Mosaics-Craft-Circle-with-Links-1500px.jpg",300,297,false],"gform-image-choice-lg":["https:\/\/staging.cdsboutique.com\/wp-content\/uploads\/2022\/11\/15416-Blots-of-Mosaics-Craft-Circle-with-Links-1500px.jpg",300,297,false],"woocommerce_thumbnail":["https:\/\/staging.cdsboutique.com\/wp-content\/uploads\/2022\/11\/15416-Blots-of-Mosaics-Craft-Circle-with-Links-1500px.jpg",300,297,false],"woocommerce_single":["https:\/\/staging.cdsboutique.com\/wp-content\/uploads\/2022\/11\/15416-Blots-of-Mosaics-Craft-Circle-with-Links-1500px.jpg",300,297,false],"woocommerce_gallery_thumbnail":["https:\/\/staging.cdsboutique.com\/wp-content\/uploads\/2022\/11\/15416-Blots-of-Mosaics-Craft-Circle-with-Links-1500px-100x100.jpg",100,100,true],"variation_swatches_image_size":["https:\/\/staging.cdsboutique.com\/wp-content\/uploads\/2022\/11\/15416-Blots-of-Mosaics-Craft-Circle-with-Links-1500px.jpg",50,50,false],"variation_swatches_tooltip_size":["https:\/\/staging.cdsboutique.com\/wp-content\/uploads\/2022\/11\/15416-Blots-of-Mosaics-Craft-Circle-with-Links-1500px.jpg",100,100,false],"logo-size":["https:\/\/staging.cdsboutique.com\/wp-content\/uploads\/2022\/11\/15416-Blots-of-Mosaics-Craft-Circle-with-Links-1500px-85x84.jpg",85,84,true],"blog":["https:\/\/staging.cdsboutique.com\/wp-content\/uploads\/2022\/11\/15416-Blots-of-Mosaics-Craft-Circle-with-Links-1500px-300x260.jpg",300,260,true]},"post_excerpt_stackable_v2":"<p>Build beautiful mosaic pictures using these super absorbent Blots of Mosaics heavy paper tiles!<\/p>\n<p>Start by coloring with watercolors, whasable markers, ink, pastel or crayons<\/p>\n<p>Contains 1000 pieces<\/p>\n<p>&nbsp;<\/p>\n","category_list_v2":"","author_info_v2":{"name":"","url":""},"comments_num_v2":"0 comments","yoast_head":"<!-- This site is optimized with the Yoast SEO plugin v27.4 - https:\/\/yoast.com\/product\/yoast-seo-wordpress\/ -->\n<title>Blots of Mosaics 1000pcs - CDS boutique A\u00een\u00e9s<\/title>\n<meta name=\"description\" content=\"Build beautiful mosaic pictures using these super absorbent Blots of Mosaics heavy paper tiles!\" \/>\n<meta name=\"robots\" content=\"noindex, follow, max-snippet:-1, max-image-preview:large, max-video-preview:-1\" \/>\n<meta property=\"og:locale\" content=\"en_US\" \/>\n<meta property=\"og:type\" content=\"article\" \/>\n<meta property=\"og:title\" content=\"Blots of Mosaics 1000pcs - CDS boutique A\u00een\u00e9s\" \/>\n<meta property=\"og:description\" content=\"Build beautiful mosaic pictures using these super absorbent Blots of Mosaics heavy paper tiles!\" \/>\n<meta property=\"og:url\" content=\"https:\/\/staging.cdsboutique.com\/en\/product\/blots-of-mosaics-1000-pieces\/\" \/>\n<meta property=\"og:site_name\" content=\"CDS boutique A\u00een\u00e9s\" \/>\n<meta property=\"article:publisher\" content=\"https:\/\/www.facebook.com\/CDSBoutique.Aines.Seniors\" \/>\n<meta property=\"article:modified_time\" content=\"2022-11-25T14:58:24+00:00\" \/>\n<meta property=\"og:image\" content=\"https:\/\/staging.cdsboutique.com\/wp-content\/uploads\/2022\/11\/15416-Blots-of-Mosaics-Craft-Circle-with-Links-1500px.jpg\" \/>\n\t<meta property=\"og:image:width\" content=\"300\" \/>\n\t<meta property=\"og:image:height\" content=\"297\" \/>\n\t<meta property=\"og:image:type\" content=\"image\/jpeg\" \/>\n<meta name=\"twitter:card\" content=\"summary_large_image\" \/>\n<meta name=\"twitter:label1\" content=\"Est. reading time\" \/>\n\t<meta name=\"twitter:data1\" content=\"1 minute\" \/>\n<script type=\"application\/ld+json\" class=\"yoast-schema-graph\">{\"@context\":\"https:\\\/\\\/schema.org\",\"@graph\":[{\"@type\":\"WebPage\",\"@id\":\"https:\\\/\\\/staging.cdsboutique.com\\\/en\\\/product\\\/blots-of-mosaics-1000-pieces\\\/\",\"url\":\"https:\\\/\\\/staging.cdsboutique.com\\\/en\\\/product\\\/blots-of-mosaics-1000-pieces\\\/\",\"name\":\"Blots of Mosaics 1000pcs - CDS boutique A\u00een\u00e9s\",\"isPartOf\":{\"@id\":\"https:\\\/\\\/staging.cdsboutique.com\\\/#website\"},\"primaryImageOfPage\":{\"@id\":\"https:\\\/\\\/staging.cdsboutique.com\\\/en\\\/product\\\/blots-of-mosaics-1000-pieces\\\/#primaryimage\"},\"image\":{\"@id\":\"https:\\\/\\\/staging.cdsboutique.com\\\/en\\\/product\\\/blots-of-mosaics-1000-pieces\\\/#primaryimage\"},\"thumbnailUrl\":\"https:\\\/\\\/staging.cdsboutique.com\\\/wp-content\\\/uploads\\\/2022\\\/11\\\/15416-Blots-of-Mosaics-Craft-Circle-with-Links-1500px.jpg\",\"datePublished\":\"2022-11-03T17:16:07+00:00\",\"dateModified\":\"2022-11-25T14:58:24+00:00\",\"description\":\"Build beautiful mosaic pictures using these super absorbent Blots of Mosaics heavy paper tiles!\",\"breadcrumb\":{\"@id\":\"https:\\\/\\\/staging.cdsboutique.com\\\/en\\\/product\\\/blots-of-mosaics-1000-pieces\\\/#breadcrumb\"},\"inLanguage\":\"en-US\",\"potentialAction\":[{\"@type\":\"ReadAction\",\"target\":[\"https:\\\/\\\/staging.cdsboutique.com\\\/en\\\/product\\\/blots-of-mosaics-1000-pieces\\\/\"]}]},{\"@type\":\"ImageObject\",\"inLanguage\":\"en-US\",\"@id\":\"https:\\\/\\\/staging.cdsboutique.com\\\/en\\\/product\\\/blots-of-mosaics-1000-pieces\\\/#primaryimage\",\"url\":\"https:\\\/\\\/staging.cdsboutique.com\\\/wp-content\\\/uploads\\\/2022\\\/11\\\/15416-Blots-of-Mosaics-Craft-Circle-with-Links-1500px.jpg\",\"contentUrl\":\"https:\\\/\\\/staging.cdsboutique.com\\\/wp-content\\\/uploads\\\/2022\\\/11\\\/15416-Blots-of-Mosaics-Craft-Circle-with-Links-1500px.jpg\",\"width\":300,\"height\":297},{\"@type\":\"BreadcrumbList\",\"@id\":\"https:\\\/\\\/staging.cdsboutique.com\\\/en\\\/product\\\/blots-of-mosaics-1000-pieces\\\/#breadcrumb\",\"itemListElement\":[{\"@type\":\"ListItem\",\"position\":1,\"name\":\"Home\",\"item\":\"https:\\\/\\\/staging.cdsboutique.com\\\/en\\\/\"},{\"@type\":\"ListItem\",\"position\":2,\"name\":\"Products\",\"item\":\"https:\\\/\\\/staging.cdsboutique.com\\\/en\\\/products\\\/\"},{\"@type\":\"ListItem\",\"position\":3,\"name\":\"Blots of Mosaics 1000pcs\"}]},{\"@type\":\"WebSite\",\"@id\":\"https:\\\/\\\/staging.cdsboutique.com\\\/#website\",\"url\":\"https:\\\/\\\/staging.cdsboutique.com\\\/\",\"name\":\"CDS boutique A\u00een\u00e9s\",\"description\":\"Pour une meilleure qualit\u00e9 de vie\",\"publisher\":{\"@id\":\"https:\\\/\\\/staging.cdsboutique.com\\\/#organization\"},\"potentialAction\":[{\"@type\":\"SearchAction\",\"target\":{\"@type\":\"EntryPoint\",\"urlTemplate\":\"https:\\\/\\\/staging.cdsboutique.com\\\/?s={search_term_string}\"},\"query-input\":{\"@type\":\"PropertyValueSpecification\",\"valueRequired\":true,\"valueName\":\"search_term_string\"}}],\"inLanguage\":\"en-US\"},{\"@type\":\"Organization\",\"@id\":\"https:\\\/\\\/staging.cdsboutique.com\\\/#organization\",\"name\":\"CDS Boutique\",\"url\":\"https:\\\/\\\/staging.cdsboutique.com\\\/\",\"logo\":{\"@type\":\"ImageObject\",\"inLanguage\":\"en-US\",\"@id\":\"https:\\\/\\\/staging.cdsboutique.com\\\/#\\\/schema\\\/logo\\\/image\\\/\",\"url\":\"https:\\\/\\\/staging.cdsboutique.com\\\/wp-content\\\/uploads\\\/2024\\\/09\\\/logoCDS-Boutique_final2024.jpg\",\"contentUrl\":\"https:\\\/\\\/staging.cdsboutique.com\\\/wp-content\\\/uploads\\\/2024\\\/09\\\/logoCDS-Boutique_final2024.jpg\",\"width\":900,\"height\":600,\"caption\":\"CDS Boutique\"},\"image\":{\"@id\":\"https:\\\/\\\/staging.cdsboutique.com\\\/#\\\/schema\\\/logo\\\/image\\\/\"},\"sameAs\":[\"https:\\\/\\\/www.facebook.com\\\/CDSBoutique.Aines.Seniors\",\"https:\\\/\\\/www.youtube.com\\\/@cdsboutique4046\",\"https:\\\/\\\/www.linkedin.com\\\/company\\\/cds-boutique\\\/\",\"https:\\\/\\\/www.instagram.com\\\/cdsboutique\\\/\"]}]}<\/script>\n<!-- \/ Yoast SEO plugin. -->","yoast_head_json":{"title":"Blots of Mosaics 1000pcs - CDS boutique A\u00een\u00e9s","description":"Build beautiful mosaic pictures using these super absorbent Blots of Mosaics heavy paper tiles!","robots":{"index":"noindex","follow":"follow","max-snippet":"max-snippet:-1","max-image-preview":"max-image-preview:large","max-video-preview":"max-video-preview:-1"},"og_locale":"en_US","og_type":"article","og_title":"Blots of Mosaics 1000pcs - CDS boutique A\u00een\u00e9s","og_description":"Build beautiful mosaic pictures using these super absorbent Blots of Mosaics heavy paper tiles!","og_url":"https:\/\/staging.cdsboutique.com\/en\/product\/blots-of-mosaics-1000-pieces\/","og_site_name":"CDS boutique A\u00een\u00e9s","article_publisher":"https:\/\/www.facebook.com\/CDSBoutique.Aines.Seniors","article_modified_time":"2022-11-25T14:58:24+00:00","og_image":[{"width":300,"height":297,"url":"https:\/\/staging.cdsboutique.com\/wp-content\/uploads\/2022\/11\/15416-Blots-of-Mosaics-Craft-Circle-with-Links-1500px.jpg","type":"image\/jpeg"}],"twitter_card":"summary_large_image","twitter_misc":{"Est. reading time":"1 minute"},"schema":{"@context":"https:\/\/schema.org","@graph":[{"@type":"WebPage","@id":"https:\/\/staging.cdsboutique.com\/en\/product\/blots-of-mosaics-1000-pieces\/","url":"https:\/\/staging.cdsboutique.com\/en\/product\/blots-of-mosaics-1000-pieces\/","name":"Blots of Mosaics 1000pcs - CDS boutique A\u00een\u00e9s","isPartOf":{"@id":"https:\/\/staging.cdsboutique.com\/#website"},"primaryImageOfPage":{"@id":"https:\/\/staging.cdsboutique.com\/en\/product\/blots-of-mosaics-1000-pieces\/#primaryimage"},"image":{"@id":"https:\/\/staging.cdsboutique.com\/en\/product\/blots-of-mosaics-1000-pieces\/#primaryimage"},"thumbnailUrl":"https:\/\/staging.cdsboutique.com\/wp-content\/uploads\/2022\/11\/15416-Blots-of-Mosaics-Craft-Circle-with-Links-1500px.jpg","datePublished":"2022-11-03T17:16:07+00:00","dateModified":"2022-11-25T14:58:24+00:00","description":"Build beautiful mosaic pictures using these super absorbent Blots of Mosaics heavy paper tiles!","breadcrumb":{"@id":"https:\/\/staging.cdsboutique.com\/en\/product\/blots-of-mosaics-1000-pieces\/#breadcrumb"},"inLanguage":"en-US","potentialAction":[{"@type":"ReadAction","target":["https:\/\/staging.cdsboutique.com\/en\/product\/blots-of-mosaics-1000-pieces\/"]}]},{"@type":"ImageObject","inLanguage":"en-US","@id":"https:\/\/staging.cdsboutique.com\/en\/product\/blots-of-mosaics-1000-pieces\/#primaryimage","url":"https:\/\/staging.cdsboutique.com\/wp-content\/uploads\/2022\/11\/15416-Blots-of-Mosaics-Craft-Circle-with-Links-1500px.jpg","contentUrl":"https:\/\/staging.cdsboutique.com\/wp-content\/uploads\/2022\/11\/15416-Blots-of-Mosaics-Craft-Circle-with-Links-1500px.jpg","width":300,"height":297},{"@type":"BreadcrumbList","@id":"https:\/\/staging.cdsboutique.com\/en\/product\/blots-of-mosaics-1000-pieces\/#breadcrumb","itemListElement":[{"@type":"ListItem","position":1,"name":"Home","item":"https:\/\/staging.cdsboutique.com\/en\/"},{"@type":"ListItem","position":2,"name":"Products","item":"https:\/\/staging.cdsboutique.com\/en\/products\/"},{"@type":"ListItem","position":3,"name":"Blots of Mosaics 1000pcs"}]},{"@type":"WebSite","@id":"https:\/\/staging.cdsboutique.com\/#website","url":"https:\/\/staging.cdsboutique.com\/","name":"CDS boutique A\u00een\u00e9s","description":"Pour une meilleure qualit\u00e9 de vie","publisher":{"@id":"https:\/\/staging.cdsboutique.com\/#organization"},"potentialAction":[{"@type":"SearchAction","target":{"@type":"EntryPoint","urlTemplate":"https:\/\/staging.cdsboutique.com\/?s={search_term_string}"},"query-input":{"@type":"PropertyValueSpecification","valueRequired":true,"valueName":"search_term_string"}}],"inLanguage":"en-US"},{"@type":"Organization","@id":"https:\/\/staging.cdsboutique.com\/#organization","name":"CDS Boutique","url":"https:\/\/staging.cdsboutique.com\/","logo":{"@type":"ImageObject","inLanguage":"en-US","@id":"https:\/\/staging.cdsboutique.com\/#\/schema\/logo\/image\/","url":"https:\/\/staging.cdsboutique.com\/wp-content\/uploads\/2024\/09\/logoCDS-Boutique_final2024.jpg","contentUrl":"https:\/\/staging.cdsboutique.com\/wp-content\/uploads\/2024\/09\/logoCDS-Boutique_final2024.jpg","width":900,"height":600,"caption":"CDS Boutique"},"image":{"@id":"https:\/\/staging.cdsboutique.com\/#\/schema\/logo\/image\/"},"sameAs":["https:\/\/www.facebook.com\/CDSBoutique.Aines.Seniors","https:\/\/www.youtube.com\/@cdsboutique4046","https:\/\/www.linkedin.com\/company\/cds-boutique\/","https:\/\/www.instagram.com\/cdsboutique\/"]}]}},"_links":{"self":[{"href":"https:\/\/staging.cdsboutique.com\/en\/wp-json\/wp\/v2\/product\/48277","targetHints":{"allow":["GET"]}}],"collection":[{"href":"https:\/\/staging.cdsboutique.com\/en\/wp-json\/wp\/v2\/product"}],"about":[{"href":"https:\/\/staging.cdsboutique.com\/en\/wp-json\/wp\/v2\/types\/product"}],"replies":[{"embeddable":true,"href":"https:\/\/staging.cdsboutique.com\/en\/wp-json\/wp\/v2\/comments?post=48277"}],"wp:featuredmedia":[{"embeddable":true,"href":"https:\/\/staging.cdsboutique.com\/en\/wp-json\/wp\/v2\/media\/48280"}],"wp:attachment":[{"href":"https:\/\/staging.cdsboutique.com\/en\/wp-json\/wp\/v2\/media?parent=48277"}],"wp:term":[{"taxonomy":"product_brand","embeddable":true,"href":"https:\/\/staging.cdsboutique.com\/en\/wp-json\/wp\/v2\/product_brand?post=48277"},{"taxonomy":"product_cat","embeddable":true,"href":"https:\/\/staging.cdsboutique.com\/en\/wp-json\/wp\/v2\/product_cat?post=48277"},{"taxonomy":"product_tag","embeddable":true,"href":"https:\/\/staging.cdsboutique.com\/en\/wp-json\/wp\/v2\/product_tag?post=48277"}],"curies":[{"name":"wp","href":"https:\/\/api.w.org\/{rel}","templated":true}]}}