{"id":48586,"date":"2024-02-09T17:29:11","date_gmt":"2024-02-09T22:29:11","guid":{"rendered":"https:\/\/cdsboutique.com\/?post_type=product&#038;p=48586"},"modified":"2026-01-08T16:29:36","modified_gmt":"2026-01-08T21:29:36","slug":"rhythm-instrument-set-for-6-players","status":"publish","type":"product","link":"https:\/\/staging.cdsboutique.com\/en\/produit\/rhythm-instrument-set-for-6-players\/","title":{"rendered":"Rhythm  Instrument Set for 6 Players"},"content":{"rendered":"<p><strong>This is the most performing instrument set and it requires no musical training! It is made of high quality wood and is easy to clean and store, thanks to its quality plastic and transparent storage box. <\/strong><\/p>\n<p>All essential instrument categories are represented to allow for as many textures and sounds as possible. Let your residents&#8217; creativity flow as they play popular music! These instruments are perfect for your music workshops and your residents will be smiling as they create new musical sounds!<\/p>\n<p>These instruments are also available in sets of 13 (#28407-13).<\/p>\n<p><em>Items may vary depending on availability.<\/em><\/p>\n","protected":false},"excerpt":{"rendered":"<p>This musical set is made of high quality wood! It is easy to clean and store, thanks to its quality transparent storage bag with zipper.<\/p>\n","protected":false},"featured_media":69163,"comment_status":"open","ping_status":"closed","template":"","meta":{"_acf_changed":false},"product_brand":[],"product_cat":[4401,4738,2966,2889,4737,4091],"product_tag":[4680],"class_list":{"0":"post-48586","1":"product","2":"type-product","3":"status-publish","4":"has-post-thumbnail","6":"product_cat-all","7":"product_cat-instruments","9":"product_cat-instruments-de-musique","10":"product_cat-music-relaxation","11":"product_cat-new-arrivals","12":"product_tag-news-en","13":"product_shipping_class-frais-de-livraison-en","15":"first","16":"instock","17":"taxable","18":"shipping-taxable","19":"purchasable","20":"product-type-simple"},"bundled_by":[],"bundle_stock_status":"instock","bundle_stock_quantity":null,"bundle_virtual":false,"bundle_layout":"","bundle_add_to_cart_form_location":"","bundle_editable_in_cart":false,"bundle_sold_individually_context":"","bundle_item_grouping":"","bundle_min_size":"","bundle_max_size":"","bundle_price":[],"bundled_items":[],"bundle_sell_ids":[],"acf":[],"featured_image_urls_v2":{"full":["https:\/\/staging.cdsboutique.com\/wp-content\/uploads\/2024\/02\/28407-6_CDS_ImgProduits_EnsInstruments6_1.png",365,317,false],"thumbnail":["https:\/\/staging.cdsboutique.com\/wp-content\/uploads\/2024\/02\/28407-6_CDS_ImgProduits_EnsInstruments6_1-150x150.png",150,150,true],"medium":["https:\/\/staging.cdsboutique.com\/wp-content\/uploads\/2024\/02\/28407-6_CDS_ImgProduits_EnsInstruments6_1-300x261.png",300,261,true],"medium_large":["https:\/\/staging.cdsboutique.com\/wp-content\/uploads\/2024\/02\/28407-6_CDS_ImgProduits_EnsInstruments6_1.png",365,317,false],"large":["https:\/\/staging.cdsboutique.com\/wp-content\/uploads\/2024\/02\/28407-6_CDS_ImgProduits_EnsInstruments6_1.png",365,317,false],"1536x1536":["https:\/\/staging.cdsboutique.com\/wp-content\/uploads\/2024\/02\/28407-6_CDS_ImgProduits_EnsInstruments6_1.png",365,317,false],"2048x2048":["https:\/\/staging.cdsboutique.com\/wp-content\/uploads\/2024\/02\/28407-6_CDS_ImgProduits_EnsInstruments6_1.png",365,317,false],"gform-image-choice-sm":["https:\/\/staging.cdsboutique.com\/wp-content\/uploads\/2024\/02\/28407-6_CDS_ImgProduits_EnsInstruments6_1.png",300,261,false],"gform-image-choice-md":["https:\/\/staging.cdsboutique.com\/wp-content\/uploads\/2024\/02\/28407-6_CDS_ImgProduits_EnsInstruments6_1.png",365,317,false],"gform-image-choice-lg":["https:\/\/staging.cdsboutique.com\/wp-content\/uploads\/2024\/02\/28407-6_CDS_ImgProduits_EnsInstruments6_1.png",365,317,false],"woocommerce_thumbnail":["https:\/\/staging.cdsboutique.com\/wp-content\/uploads\/2024\/02\/28407-6_CDS_ImgProduits_EnsInstruments6_1-300x261.png",300,261,true],"woocommerce_single":["https:\/\/staging.cdsboutique.com\/wp-content\/uploads\/2024\/02\/28407-6_CDS_ImgProduits_EnsInstruments6_1.png",365,317,false],"woocommerce_gallery_thumbnail":["https:\/\/staging.cdsboutique.com\/wp-content\/uploads\/2024\/02\/28407-6_CDS_ImgProduits_EnsInstruments6_1-100x100.png",100,100,true],"variation_swatches_image_size":["https:\/\/staging.cdsboutique.com\/wp-content\/uploads\/2024\/02\/28407-6_CDS_ImgProduits_EnsInstruments6_1-50x50.png",50,50,true],"variation_swatches_tooltip_size":["https:\/\/staging.cdsboutique.com\/wp-content\/uploads\/2024\/02\/28407-6_CDS_ImgProduits_EnsInstruments6_1-100x100.png",100,100,true],"logo-size":["https:\/\/staging.cdsboutique.com\/wp-content\/uploads\/2024\/02\/28407-6_CDS_ImgProduits_EnsInstruments6_1-97x84.png",97,84,true],"blog":["https:\/\/staging.cdsboutique.com\/wp-content\/uploads\/2024\/02\/28407-6_CDS_ImgProduits_EnsInstruments6_1-350x260.png",350,260,true]},"post_excerpt_stackable_v2":"<p>This musical set is made of high quality wood! It is easy to clean and store, thanks to its quality transparent storage bag with zipper.<\/p>\n","category_list_v2":"","author_info_v2":{"name":"","url":""},"comments_num_v2":"2 comments","yoast_head":"<!-- This site is optimized with the Yoast SEO plugin v27.4 - https:\/\/yoast.com\/product\/yoast-seo-wordpress\/ -->\n<title>Rhythm Instrument Set for 6 Players - CDS boutique A\u00een\u00e9s<\/title>\n<meta name=\"description\" content=\"This musical set for 13 people is made of high quality wood! It is easy to clean and store, thanks to its quality transparent storage bag with zipper.\" \/>\n<meta name=\"robots\" content=\"noindex, follow, max-snippet:-1, max-image-preview:large, max-video-preview:-1\" \/>\n<meta property=\"og:locale\" content=\"en_US\" \/>\n<meta property=\"og:type\" content=\"article\" \/>\n<meta property=\"og:title\" content=\"Rhythm Instrument Set for 6 Players - CDS boutique A\u00een\u00e9s\" \/>\n<meta property=\"og:description\" content=\"This musical set for 13 people is made of high quality wood! It is easy to clean and store, thanks to its quality transparent storage bag with zipper.\" \/>\n<meta property=\"og:url\" content=\"https:\/\/staging.cdsboutique.com\/en\/product\/rhythm-instrument-set-for-6-players\/\" \/>\n<meta property=\"og:site_name\" content=\"CDS boutique A\u00een\u00e9s\" \/>\n<meta property=\"article:publisher\" content=\"https:\/\/www.facebook.com\/CDSBoutique.Aines.Seniors\" \/>\n<meta property=\"article:modified_time\" content=\"2026-01-08T21:29:36+00:00\" \/>\n<meta property=\"og:image\" content=\"https:\/\/staging.cdsboutique.com\/wp-content\/uploads\/2024\/02\/28407-6_CDS_ImgProduits_EnsInstruments6_1.png?_t=1746206621\" \/>\n\t<meta property=\"og:image:width\" content=\"365\" \/>\n\t<meta property=\"og:image:height\" content=\"317\" \/>\n\t<meta property=\"og:image:type\" content=\"image\/png\" \/>\n<meta name=\"twitter:card\" content=\"summary_large_image\" \/>\n<meta name=\"twitter:label1\" content=\"Est. reading time\" \/>\n\t<meta name=\"twitter:data1\" content=\"1 minute\" \/>\n<script type=\"application\/ld+json\" class=\"yoast-schema-graph\">{\"@context\":\"https:\\\/\\\/schema.org\",\"@graph\":[{\"@type\":\"WebPage\",\"@id\":\"https:\\\/\\\/staging.cdsboutique.com\\\/en\\\/product\\\/rhythm-instrument-set-for-6-players\\\/\",\"url\":\"https:\\\/\\\/staging.cdsboutique.com\\\/en\\\/product\\\/rhythm-instrument-set-for-6-players\\\/\",\"name\":\"Rhythm Instrument Set for 6 Players - CDS boutique A\u00een\u00e9s\",\"isPartOf\":{\"@id\":\"https:\\\/\\\/staging.cdsboutique.com\\\/#website\"},\"primaryImageOfPage\":{\"@id\":\"https:\\\/\\\/staging.cdsboutique.com\\\/en\\\/product\\\/rhythm-instrument-set-for-6-players\\\/#primaryimage\"},\"image\":{\"@id\":\"https:\\\/\\\/staging.cdsboutique.com\\\/en\\\/product\\\/rhythm-instrument-set-for-6-players\\\/#primaryimage\"},\"thumbnailUrl\":\"https:\\\/\\\/staging.cdsboutique.com\\\/wp-content\\\/uploads\\\/2024\\\/02\\\/28407-6_CDS_ImgProduits_EnsInstruments6_1.png\",\"datePublished\":\"2024-02-09T22:29:11+00:00\",\"dateModified\":\"2026-01-08T21:29:36+00:00\",\"description\":\"This musical set for 13 people is made of high quality wood! It is easy to clean and store, thanks to its quality transparent storage bag with zipper.\",\"breadcrumb\":{\"@id\":\"https:\\\/\\\/staging.cdsboutique.com\\\/en\\\/product\\\/rhythm-instrument-set-for-6-players\\\/#breadcrumb\"},\"inLanguage\":\"en-US\",\"potentialAction\":[{\"@type\":\"ReadAction\",\"target\":[\"https:\\\/\\\/staging.cdsboutique.com\\\/en\\\/product\\\/rhythm-instrument-set-for-6-players\\\/\"]}]},{\"@type\":\"ImageObject\",\"inLanguage\":\"en-US\",\"@id\":\"https:\\\/\\\/staging.cdsboutique.com\\\/en\\\/product\\\/rhythm-instrument-set-for-6-players\\\/#primaryimage\",\"url\":\"https:\\\/\\\/staging.cdsboutique.com\\\/wp-content\\\/uploads\\\/2024\\\/02\\\/28407-6_CDS_ImgProduits_EnsInstruments6_1.png\",\"contentUrl\":\"https:\\\/\\\/staging.cdsboutique.com\\\/wp-content\\\/uploads\\\/2024\\\/02\\\/28407-6_CDS_ImgProduits_EnsInstruments6_1.png\",\"width\":365,\"height\":317},{\"@type\":\"BreadcrumbList\",\"@id\":\"https:\\\/\\\/staging.cdsboutique.com\\\/en\\\/product\\\/rhythm-instrument-set-for-6-players\\\/#breadcrumb\",\"itemListElement\":[{\"@type\":\"ListItem\",\"position\":1,\"name\":\"Home\",\"item\":\"https:\\\/\\\/staging.cdsboutique.com\\\/en\\\/\"},{\"@type\":\"ListItem\",\"position\":2,\"name\":\"Products\",\"item\":\"https:\\\/\\\/staging.cdsboutique.com\\\/en\\\/products\\\/\"},{\"@type\":\"ListItem\",\"position\":3,\"name\":\"Rhythm Instrument Set for 6 Players\"}]},{\"@type\":\"WebSite\",\"@id\":\"https:\\\/\\\/staging.cdsboutique.com\\\/#website\",\"url\":\"https:\\\/\\\/staging.cdsboutique.com\\\/\",\"name\":\"CDS boutique A\u00een\u00e9s\",\"description\":\"Pour une meilleure qualit\u00e9 de vie\",\"publisher\":{\"@id\":\"https:\\\/\\\/staging.cdsboutique.com\\\/#organization\"},\"potentialAction\":[{\"@type\":\"SearchAction\",\"target\":{\"@type\":\"EntryPoint\",\"urlTemplate\":\"https:\\\/\\\/staging.cdsboutique.com\\\/?s={search_term_string}\"},\"query-input\":{\"@type\":\"PropertyValueSpecification\",\"valueRequired\":true,\"valueName\":\"search_term_string\"}}],\"inLanguage\":\"en-US\"},{\"@type\":\"Organization\",\"@id\":\"https:\\\/\\\/staging.cdsboutique.com\\\/#organization\",\"name\":\"CDS Boutique\",\"url\":\"https:\\\/\\\/staging.cdsboutique.com\\\/\",\"logo\":{\"@type\":\"ImageObject\",\"inLanguage\":\"en-US\",\"@id\":\"https:\\\/\\\/staging.cdsboutique.com\\\/#\\\/schema\\\/logo\\\/image\\\/\",\"url\":\"https:\\\/\\\/staging.cdsboutique.com\\\/wp-content\\\/uploads\\\/2024\\\/09\\\/logoCDS-Boutique_final2024.jpg\",\"contentUrl\":\"https:\\\/\\\/staging.cdsboutique.com\\\/wp-content\\\/uploads\\\/2024\\\/09\\\/logoCDS-Boutique_final2024.jpg\",\"width\":900,\"height\":600,\"caption\":\"CDS Boutique\"},\"image\":{\"@id\":\"https:\\\/\\\/staging.cdsboutique.com\\\/#\\\/schema\\\/logo\\\/image\\\/\"},\"sameAs\":[\"https:\\\/\\\/www.facebook.com\\\/CDSBoutique.Aines.Seniors\",\"https:\\\/\\\/www.youtube.com\\\/@cdsboutique4046\",\"https:\\\/\\\/www.linkedin.com\\\/company\\\/cds-boutique\\\/\",\"https:\\\/\\\/www.instagram.com\\\/cdsboutique\\\/\"]}]}<\/script>\n<!-- \/ Yoast SEO plugin. -->","yoast_head_json":{"title":"Rhythm Instrument Set for 6 Players - CDS boutique A\u00een\u00e9s","description":"This musical set for 13 people is made of high quality wood! It is easy to clean and store, thanks to its quality transparent storage bag with zipper.","robots":{"index":"noindex","follow":"follow","max-snippet":"max-snippet:-1","max-image-preview":"max-image-preview:large","max-video-preview":"max-video-preview:-1"},"og_locale":"en_US","og_type":"article","og_title":"Rhythm Instrument Set for 6 Players - CDS boutique A\u00een\u00e9s","og_description":"This musical set for 13 people is made of high quality wood! It is easy to clean and store, thanks to its quality transparent storage bag with zipper.","og_url":"https:\/\/staging.cdsboutique.com\/en\/product\/rhythm-instrument-set-for-6-players\/","og_site_name":"CDS boutique A\u00een\u00e9s","article_publisher":"https:\/\/www.facebook.com\/CDSBoutique.Aines.Seniors","article_modified_time":"2026-01-08T21:29:36+00:00","og_image":[{"width":365,"height":317,"url":"https:\/\/staging.cdsboutique.com\/wp-content\/uploads\/2024\/02\/28407-6_CDS_ImgProduits_EnsInstruments6_1.png?_t=1746206621","type":"image\/png"}],"twitter_card":"summary_large_image","twitter_misc":{"Est. reading time":"1 minute"},"schema":{"@context":"https:\/\/schema.org","@graph":[{"@type":"WebPage","@id":"https:\/\/staging.cdsboutique.com\/en\/product\/rhythm-instrument-set-for-6-players\/","url":"https:\/\/staging.cdsboutique.com\/en\/product\/rhythm-instrument-set-for-6-players\/","name":"Rhythm Instrument Set for 6 Players - CDS boutique A\u00een\u00e9s","isPartOf":{"@id":"https:\/\/staging.cdsboutique.com\/#website"},"primaryImageOfPage":{"@id":"https:\/\/staging.cdsboutique.com\/en\/product\/rhythm-instrument-set-for-6-players\/#primaryimage"},"image":{"@id":"https:\/\/staging.cdsboutique.com\/en\/product\/rhythm-instrument-set-for-6-players\/#primaryimage"},"thumbnailUrl":"https:\/\/staging.cdsboutique.com\/wp-content\/uploads\/2024\/02\/28407-6_CDS_ImgProduits_EnsInstruments6_1.png","datePublished":"2024-02-09T22:29:11+00:00","dateModified":"2026-01-08T21:29:36+00:00","description":"This musical set for 13 people is made of high quality wood! It is easy to clean and store, thanks to its quality transparent storage bag with zipper.","breadcrumb":{"@id":"https:\/\/staging.cdsboutique.com\/en\/product\/rhythm-instrument-set-for-6-players\/#breadcrumb"},"inLanguage":"en-US","potentialAction":[{"@type":"ReadAction","target":["https:\/\/staging.cdsboutique.com\/en\/product\/rhythm-instrument-set-for-6-players\/"]}]},{"@type":"ImageObject","inLanguage":"en-US","@id":"https:\/\/staging.cdsboutique.com\/en\/product\/rhythm-instrument-set-for-6-players\/#primaryimage","url":"https:\/\/staging.cdsboutique.com\/wp-content\/uploads\/2024\/02\/28407-6_CDS_ImgProduits_EnsInstruments6_1.png","contentUrl":"https:\/\/staging.cdsboutique.com\/wp-content\/uploads\/2024\/02\/28407-6_CDS_ImgProduits_EnsInstruments6_1.png","width":365,"height":317},{"@type":"BreadcrumbList","@id":"https:\/\/staging.cdsboutique.com\/en\/product\/rhythm-instrument-set-for-6-players\/#breadcrumb","itemListElement":[{"@type":"ListItem","position":1,"name":"Home","item":"https:\/\/staging.cdsboutique.com\/en\/"},{"@type":"ListItem","position":2,"name":"Products","item":"https:\/\/staging.cdsboutique.com\/en\/products\/"},{"@type":"ListItem","position":3,"name":"Rhythm Instrument Set for 6 Players"}]},{"@type":"WebSite","@id":"https:\/\/staging.cdsboutique.com\/#website","url":"https:\/\/staging.cdsboutique.com\/","name":"CDS boutique A\u00een\u00e9s","description":"Pour une meilleure qualit\u00e9 de vie","publisher":{"@id":"https:\/\/staging.cdsboutique.com\/#organization"},"potentialAction":[{"@type":"SearchAction","target":{"@type":"EntryPoint","urlTemplate":"https:\/\/staging.cdsboutique.com\/?s={search_term_string}"},"query-input":{"@type":"PropertyValueSpecification","valueRequired":true,"valueName":"search_term_string"}}],"inLanguage":"en-US"},{"@type":"Organization","@id":"https:\/\/staging.cdsboutique.com\/#organization","name":"CDS Boutique","url":"https:\/\/staging.cdsboutique.com\/","logo":{"@type":"ImageObject","inLanguage":"en-US","@id":"https:\/\/staging.cdsboutique.com\/#\/schema\/logo\/image\/","url":"https:\/\/staging.cdsboutique.com\/wp-content\/uploads\/2024\/09\/logoCDS-Boutique_final2024.jpg","contentUrl":"https:\/\/staging.cdsboutique.com\/wp-content\/uploads\/2024\/09\/logoCDS-Boutique_final2024.jpg","width":900,"height":600,"caption":"CDS Boutique"},"image":{"@id":"https:\/\/staging.cdsboutique.com\/#\/schema\/logo\/image\/"},"sameAs":["https:\/\/www.facebook.com\/CDSBoutique.Aines.Seniors","https:\/\/www.youtube.com\/@cdsboutique4046","https:\/\/www.linkedin.com\/company\/cds-boutique\/","https:\/\/www.instagram.com\/cdsboutique\/"]}]}},"_links":{"self":[{"href":"https:\/\/staging.cdsboutique.com\/en\/wp-json\/wp\/v2\/product\/48586","targetHints":{"allow":["GET"]}}],"collection":[{"href":"https:\/\/staging.cdsboutique.com\/en\/wp-json\/wp\/v2\/product"}],"about":[{"href":"https:\/\/staging.cdsboutique.com\/en\/wp-json\/wp\/v2\/types\/product"}],"replies":[{"embeddable":true,"href":"https:\/\/staging.cdsboutique.com\/en\/wp-json\/wp\/v2\/comments?post=48586"}],"wp:featuredmedia":[{"embeddable":true,"href":"https:\/\/staging.cdsboutique.com\/en\/wp-json\/wp\/v2\/media\/69163"}],"wp:attachment":[{"href":"https:\/\/staging.cdsboutique.com\/en\/wp-json\/wp\/v2\/media?parent=48586"}],"wp:term":[{"taxonomy":"product_brand","embeddable":true,"href":"https:\/\/staging.cdsboutique.com\/en\/wp-json\/wp\/v2\/product_brand?post=48586"},{"taxonomy":"product_cat","embeddable":true,"href":"https:\/\/staging.cdsboutique.com\/en\/wp-json\/wp\/v2\/product_cat?post=48586"},{"taxonomy":"product_tag","embeddable":true,"href":"https:\/\/staging.cdsboutique.com\/en\/wp-json\/wp\/v2\/product_tag?post=48586"}],"curies":[{"name":"wp","href":"https:\/\/api.w.org\/{rel}","templated":true}]}}