{"id":48667,"date":"2022-11-30T12:27:53","date_gmt":"2022-11-30T17:27:53","guid":{"rendered":"https:\/\/cdsboutique.com\/?post_type=product&#038;p=48667"},"modified":"2026-01-08T10:39:41","modified_gmt":"2026-01-08T15:39:41","slug":"memory-game-baby-animals","status":"publish","type":"product","link":"https:\/\/staging.cdsboutique.com\/en\/produit\/memory-game-baby-animals\/","title":{"rendered":"Memory Game &#8211; Baby Animals"},"content":{"rendered":"<p><strong>Everyone loves baby animals! This is a memory game that your residents will really enjoy with its beautiful pictures!<\/strong><\/p>\n<p>Turn the cards over and find as many peers as possible. This memory game from Ravensburger can also be used to facilitate communication between residents living with cognitive impairments (Alzheimer&#8217;s disease, dementia).<\/p>\n<p>Details :<\/p>\n<ul>\n<li>64 cards<\/li>\n<\/ul>\n","protected":false},"excerpt":{"rendered":"<p><strong>Everyone loves baby animals! This is a memory game that your residents will really enjoy with its beautiful pictures!<\/strong><\/p>\n<p>Turn the cards over and find as many peers as possible. This memory game from Ravensburger can also be used to facilitate communication between residents living with cognitive impairments (Alzheimer&#8217;s disease, dementia).<\/p>\n","protected":false},"featured_media":48670,"comment_status":"open","ping_status":"closed","template":"","meta":{"_acf_changed":false},"product_brand":[],"product_cat":[4401,2968,2810,2804],"product_tag":[],"class_list":{"0":"post-48667","1":"product","2":"type-product","3":"status-publish","4":"has-post-thumbnail","6":"product_cat-all","7":"product_cat-cognitive-stimulation","8":"product_cat-trivia-and-mind-games","9":"product_cat-various-games","10":"product_shipping_class-frais-de-livraison-en","12":"first","13":"instock","14":"taxable","15":"shipping-taxable","16":"purchasable","17":"product-type-simple"},"bundled_by":["55009"],"bundle_stock_status":"instock","bundle_stock_quantity":null,"bundle_virtual":false,"bundle_layout":"","bundle_add_to_cart_form_location":"","bundle_editable_in_cart":false,"bundle_sold_individually_context":"","bundle_item_grouping":"","bundle_min_size":"","bundle_max_size":"","bundle_price":[],"bundled_items":[],"bundle_sell_ids":[],"acf":[],"featured_image_urls_v2":{"full":["https:\/\/staging.cdsboutique.com\/wp-content\/uploads\/2022\/11\/75fce8e96f2c363f32307ab599af55f61313c8ae.jpeg",800,800,false],"thumbnail":["https:\/\/staging.cdsboutique.com\/wp-content\/uploads\/2022\/11\/75fce8e96f2c363f32307ab599af55f61313c8ae-150x150.jpeg",150,150,true],"medium":["https:\/\/staging.cdsboutique.com\/wp-content\/uploads\/2022\/11\/75fce8e96f2c363f32307ab599af55f61313c8ae-300x300.jpeg",300,300,true],"medium_large":["https:\/\/staging.cdsboutique.com\/wp-content\/uploads\/2022\/11\/75fce8e96f2c363f32307ab599af55f61313c8ae-768x768.jpeg",768,768,true],"large":["https:\/\/staging.cdsboutique.com\/wp-content\/uploads\/2022\/11\/75fce8e96f2c363f32307ab599af55f61313c8ae.jpeg",800,800,false],"1536x1536":["https:\/\/staging.cdsboutique.com\/wp-content\/uploads\/2022\/11\/75fce8e96f2c363f32307ab599af55f61313c8ae.jpeg",800,800,false],"2048x2048":["https:\/\/staging.cdsboutique.com\/wp-content\/uploads\/2022\/11\/75fce8e96f2c363f32307ab599af55f61313c8ae.jpeg",800,800,false],"gform-image-choice-sm":["https:\/\/staging.cdsboutique.com\/wp-content\/uploads\/2022\/11\/75fce8e96f2c363f32307ab599af55f61313c8ae.jpeg",300,300,false],"gform-image-choice-md":["https:\/\/staging.cdsboutique.com\/wp-content\/uploads\/2022\/11\/75fce8e96f2c363f32307ab599af55f61313c8ae.jpeg",400,400,false],"gform-image-choice-lg":["https:\/\/staging.cdsboutique.com\/wp-content\/uploads\/2022\/11\/75fce8e96f2c363f32307ab599af55f61313c8ae.jpeg",600,600,false],"woocommerce_thumbnail":["https:\/\/staging.cdsboutique.com\/wp-content\/uploads\/2022\/11\/75fce8e96f2c363f32307ab599af55f61313c8ae-300x300.jpeg",300,300,true],"woocommerce_single":["https:\/\/staging.cdsboutique.com\/wp-content\/uploads\/2022\/11\/75fce8e96f2c363f32307ab599af55f61313c8ae-600x600.jpeg",600,600,true],"woocommerce_gallery_thumbnail":["https:\/\/staging.cdsboutique.com\/wp-content\/uploads\/2022\/11\/75fce8e96f2c363f32307ab599af55f61313c8ae-100x100.jpeg",100,100,true],"variation_swatches_image_size":["https:\/\/staging.cdsboutique.com\/wp-content\/uploads\/2022\/11\/75fce8e96f2c363f32307ab599af55f61313c8ae.jpeg",50,50,false],"variation_swatches_tooltip_size":["https:\/\/staging.cdsboutique.com\/wp-content\/uploads\/2022\/11\/75fce8e96f2c363f32307ab599af55f61313c8ae.jpeg",100,100,false],"logo-size":["https:\/\/staging.cdsboutique.com\/wp-content\/uploads\/2022\/11\/75fce8e96f2c363f32307ab599af55f61313c8ae-84x84.jpeg",84,84,true],"blog":["https:\/\/staging.cdsboutique.com\/wp-content\/uploads\/2022\/11\/75fce8e96f2c363f32307ab599af55f61313c8ae-350x260.jpeg",350,260,true]},"post_excerpt_stackable_v2":"<p><strong>Everyone loves baby animals! This is a memory game that your residents will really enjoy with its beautiful pictures!<\/strong><\/p>\n<p>Turn the cards over and find as many peers as possible. This memory game from Ravensburger can also be used to facilitate communication between residents living with cognitive impairments (Alzheimer&#8217;s disease, dementia).<\/p>\n","category_list_v2":"","author_info_v2":{"name":"","url":""},"comments_num_v2":"1 comment","yoast_head":"<!-- This site is optimized with the Yoast SEO plugin v27.4 - https:\/\/yoast.com\/product\/yoast-seo-wordpress\/ -->\n<title>Memory Game - Baby Animals - CDS boutique A\u00een\u00e9s<\/title>\n<meta name=\"description\" content=\"Everyone loves baby animals! This is a memory game that your residents living with Alzheimer&#039;s disease will really enjoy with its beautiful pictures!\" \/>\n<meta name=\"robots\" content=\"noindex, follow, max-snippet:-1, max-image-preview:large, max-video-preview:-1\" \/>\n<meta property=\"og:locale\" content=\"en_US\" \/>\n<meta property=\"og:type\" content=\"article\" \/>\n<meta property=\"og:title\" content=\"Memory Game - Baby Animals - CDS boutique A\u00een\u00e9s\" \/>\n<meta property=\"og:description\" content=\"Everyone loves baby animals! This is a memory game that your residents living with Alzheimer&#039;s disease will really enjoy with its beautiful pictures!\" \/>\n<meta property=\"og:url\" content=\"https:\/\/staging.cdsboutique.com\/en\/product\/memory-game-baby-animals\/\" \/>\n<meta property=\"og:site_name\" content=\"CDS boutique A\u00een\u00e9s\" \/>\n<meta property=\"article:publisher\" content=\"https:\/\/www.facebook.com\/CDSBoutique.Aines.Seniors\" \/>\n<meta property=\"article:modified_time\" content=\"2026-01-08T15:39:41+00:00\" \/>\n<meta property=\"og:image\" content=\"https:\/\/staging.cdsboutique.com\/wp-content\/uploads\/2022\/11\/75fce8e96f2c363f32307ab599af55f61313c8ae.jpeg?_t=1702932168\" \/>\n\t<meta property=\"og:image:width\" content=\"800\" \/>\n\t<meta property=\"og:image:height\" content=\"800\" \/>\n\t<meta property=\"og:image:type\" content=\"image\/jpeg\" \/>\n<meta name=\"twitter:card\" content=\"summary_large_image\" \/>\n<meta name=\"twitter:label1\" content=\"Est. reading time\" \/>\n\t<meta name=\"twitter:data1\" content=\"1 minute\" \/>\n<script type=\"application\/ld+json\" class=\"yoast-schema-graph\">{\"@context\":\"https:\\\/\\\/schema.org\",\"@graph\":[{\"@type\":\"WebPage\",\"@id\":\"https:\\\/\\\/staging.cdsboutique.com\\\/en\\\/product\\\/memory-game-baby-animals\\\/\",\"url\":\"https:\\\/\\\/staging.cdsboutique.com\\\/en\\\/product\\\/memory-game-baby-animals\\\/\",\"name\":\"Memory Game - Baby Animals - CDS boutique A\u00een\u00e9s\",\"isPartOf\":{\"@id\":\"https:\\\/\\\/staging.cdsboutique.com\\\/#website\"},\"primaryImageOfPage\":{\"@id\":\"https:\\\/\\\/staging.cdsboutique.com\\\/en\\\/product\\\/memory-game-baby-animals\\\/#primaryimage\"},\"image\":{\"@id\":\"https:\\\/\\\/staging.cdsboutique.com\\\/en\\\/product\\\/memory-game-baby-animals\\\/#primaryimage\"},\"thumbnailUrl\":\"https:\\\/\\\/staging.cdsboutique.com\\\/wp-content\\\/uploads\\\/2022\\\/11\\\/75fce8e96f2c363f32307ab599af55f61313c8ae.jpeg\",\"datePublished\":\"2022-11-30T17:27:53+00:00\",\"dateModified\":\"2026-01-08T15:39:41+00:00\",\"description\":\"Everyone loves baby animals! This is a memory game that your residents living with Alzheimer's disease will really enjoy with its beautiful pictures!\",\"breadcrumb\":{\"@id\":\"https:\\\/\\\/staging.cdsboutique.com\\\/en\\\/product\\\/memory-game-baby-animals\\\/#breadcrumb\"},\"inLanguage\":\"en-US\",\"potentialAction\":[{\"@type\":\"ReadAction\",\"target\":[\"https:\\\/\\\/staging.cdsboutique.com\\\/en\\\/product\\\/memory-game-baby-animals\\\/\"]}]},{\"@type\":\"ImageObject\",\"inLanguage\":\"en-US\",\"@id\":\"https:\\\/\\\/staging.cdsboutique.com\\\/en\\\/product\\\/memory-game-baby-animals\\\/#primaryimage\",\"url\":\"https:\\\/\\\/staging.cdsboutique.com\\\/wp-content\\\/uploads\\\/2022\\\/11\\\/75fce8e96f2c363f32307ab599af55f61313c8ae.jpeg\",\"contentUrl\":\"https:\\\/\\\/staging.cdsboutique.com\\\/wp-content\\\/uploads\\\/2022\\\/11\\\/75fce8e96f2c363f32307ab599af55f61313c8ae.jpeg\",\"width\":800,\"height\":800},{\"@type\":\"BreadcrumbList\",\"@id\":\"https:\\\/\\\/staging.cdsboutique.com\\\/en\\\/product\\\/memory-game-baby-animals\\\/#breadcrumb\",\"itemListElement\":[{\"@type\":\"ListItem\",\"position\":1,\"name\":\"Home\",\"item\":\"https:\\\/\\\/staging.cdsboutique.com\\\/en\\\/\"},{\"@type\":\"ListItem\",\"position\":2,\"name\":\"Products\",\"item\":\"https:\\\/\\\/staging.cdsboutique.com\\\/en\\\/products\\\/\"},{\"@type\":\"ListItem\",\"position\":3,\"name\":\"Memory Game &#8211; Baby Animals\"}]},{\"@type\":\"WebSite\",\"@id\":\"https:\\\/\\\/staging.cdsboutique.com\\\/#website\",\"url\":\"https:\\\/\\\/staging.cdsboutique.com\\\/\",\"name\":\"CDS boutique A\u00een\u00e9s\",\"description\":\"Pour une meilleure qualit\u00e9 de vie\",\"publisher\":{\"@id\":\"https:\\\/\\\/staging.cdsboutique.com\\\/#organization\"},\"potentialAction\":[{\"@type\":\"SearchAction\",\"target\":{\"@type\":\"EntryPoint\",\"urlTemplate\":\"https:\\\/\\\/staging.cdsboutique.com\\\/?s={search_term_string}\"},\"query-input\":{\"@type\":\"PropertyValueSpecification\",\"valueRequired\":true,\"valueName\":\"search_term_string\"}}],\"inLanguage\":\"en-US\"},{\"@type\":\"Organization\",\"@id\":\"https:\\\/\\\/staging.cdsboutique.com\\\/#organization\",\"name\":\"CDS Boutique\",\"url\":\"https:\\\/\\\/staging.cdsboutique.com\\\/\",\"logo\":{\"@type\":\"ImageObject\",\"inLanguage\":\"en-US\",\"@id\":\"https:\\\/\\\/staging.cdsboutique.com\\\/#\\\/schema\\\/logo\\\/image\\\/\",\"url\":\"https:\\\/\\\/staging.cdsboutique.com\\\/wp-content\\\/uploads\\\/2024\\\/09\\\/logoCDS-Boutique_final2024.jpg\",\"contentUrl\":\"https:\\\/\\\/staging.cdsboutique.com\\\/wp-content\\\/uploads\\\/2024\\\/09\\\/logoCDS-Boutique_final2024.jpg\",\"width\":900,\"height\":600,\"caption\":\"CDS Boutique\"},\"image\":{\"@id\":\"https:\\\/\\\/staging.cdsboutique.com\\\/#\\\/schema\\\/logo\\\/image\\\/\"},\"sameAs\":[\"https:\\\/\\\/www.facebook.com\\\/CDSBoutique.Aines.Seniors\",\"https:\\\/\\\/www.youtube.com\\\/@cdsboutique4046\",\"https:\\\/\\\/www.linkedin.com\\\/company\\\/cds-boutique\\\/\",\"https:\\\/\\\/www.instagram.com\\\/cdsboutique\\\/\"]}]}<\/script>\n<!-- \/ Yoast SEO plugin. -->","yoast_head_json":{"title":"Memory Game - Baby Animals - CDS boutique A\u00een\u00e9s","description":"Everyone loves baby animals! This is a memory game that your residents living with Alzheimer's disease will really enjoy with its beautiful pictures!","robots":{"index":"noindex","follow":"follow","max-snippet":"max-snippet:-1","max-image-preview":"max-image-preview:large","max-video-preview":"max-video-preview:-1"},"og_locale":"en_US","og_type":"article","og_title":"Memory Game - Baby Animals - CDS boutique A\u00een\u00e9s","og_description":"Everyone loves baby animals! This is a memory game that your residents living with Alzheimer's disease will really enjoy with its beautiful pictures!","og_url":"https:\/\/staging.cdsboutique.com\/en\/product\/memory-game-baby-animals\/","og_site_name":"CDS boutique A\u00een\u00e9s","article_publisher":"https:\/\/www.facebook.com\/CDSBoutique.Aines.Seniors","article_modified_time":"2026-01-08T15:39:41+00:00","og_image":[{"width":800,"height":800,"url":"https:\/\/staging.cdsboutique.com\/wp-content\/uploads\/2022\/11\/75fce8e96f2c363f32307ab599af55f61313c8ae.jpeg?_t=1702932168","type":"image\/jpeg"}],"twitter_card":"summary_large_image","twitter_misc":{"Est. reading time":"1 minute"},"schema":{"@context":"https:\/\/schema.org","@graph":[{"@type":"WebPage","@id":"https:\/\/staging.cdsboutique.com\/en\/product\/memory-game-baby-animals\/","url":"https:\/\/staging.cdsboutique.com\/en\/product\/memory-game-baby-animals\/","name":"Memory Game - Baby Animals - CDS boutique A\u00een\u00e9s","isPartOf":{"@id":"https:\/\/staging.cdsboutique.com\/#website"},"primaryImageOfPage":{"@id":"https:\/\/staging.cdsboutique.com\/en\/product\/memory-game-baby-animals\/#primaryimage"},"image":{"@id":"https:\/\/staging.cdsboutique.com\/en\/product\/memory-game-baby-animals\/#primaryimage"},"thumbnailUrl":"https:\/\/staging.cdsboutique.com\/wp-content\/uploads\/2022\/11\/75fce8e96f2c363f32307ab599af55f61313c8ae.jpeg","datePublished":"2022-11-30T17:27:53+00:00","dateModified":"2026-01-08T15:39:41+00:00","description":"Everyone loves baby animals! This is a memory game that your residents living with Alzheimer's disease will really enjoy with its beautiful pictures!","breadcrumb":{"@id":"https:\/\/staging.cdsboutique.com\/en\/product\/memory-game-baby-animals\/#breadcrumb"},"inLanguage":"en-US","potentialAction":[{"@type":"ReadAction","target":["https:\/\/staging.cdsboutique.com\/en\/product\/memory-game-baby-animals\/"]}]},{"@type":"ImageObject","inLanguage":"en-US","@id":"https:\/\/staging.cdsboutique.com\/en\/product\/memory-game-baby-animals\/#primaryimage","url":"https:\/\/staging.cdsboutique.com\/wp-content\/uploads\/2022\/11\/75fce8e96f2c363f32307ab599af55f61313c8ae.jpeg","contentUrl":"https:\/\/staging.cdsboutique.com\/wp-content\/uploads\/2022\/11\/75fce8e96f2c363f32307ab599af55f61313c8ae.jpeg","width":800,"height":800},{"@type":"BreadcrumbList","@id":"https:\/\/staging.cdsboutique.com\/en\/product\/memory-game-baby-animals\/#breadcrumb","itemListElement":[{"@type":"ListItem","position":1,"name":"Home","item":"https:\/\/staging.cdsboutique.com\/en\/"},{"@type":"ListItem","position":2,"name":"Products","item":"https:\/\/staging.cdsboutique.com\/en\/products\/"},{"@type":"ListItem","position":3,"name":"Memory Game &#8211; Baby Animals"}]},{"@type":"WebSite","@id":"https:\/\/staging.cdsboutique.com\/#website","url":"https:\/\/staging.cdsboutique.com\/","name":"CDS boutique A\u00een\u00e9s","description":"Pour une meilleure qualit\u00e9 de vie","publisher":{"@id":"https:\/\/staging.cdsboutique.com\/#organization"},"potentialAction":[{"@type":"SearchAction","target":{"@type":"EntryPoint","urlTemplate":"https:\/\/staging.cdsboutique.com\/?s={search_term_string}"},"query-input":{"@type":"PropertyValueSpecification","valueRequired":true,"valueName":"search_term_string"}}],"inLanguage":"en-US"},{"@type":"Organization","@id":"https:\/\/staging.cdsboutique.com\/#organization","name":"CDS Boutique","url":"https:\/\/staging.cdsboutique.com\/","logo":{"@type":"ImageObject","inLanguage":"en-US","@id":"https:\/\/staging.cdsboutique.com\/#\/schema\/logo\/image\/","url":"https:\/\/staging.cdsboutique.com\/wp-content\/uploads\/2024\/09\/logoCDS-Boutique_final2024.jpg","contentUrl":"https:\/\/staging.cdsboutique.com\/wp-content\/uploads\/2024\/09\/logoCDS-Boutique_final2024.jpg","width":900,"height":600,"caption":"CDS Boutique"},"image":{"@id":"https:\/\/staging.cdsboutique.com\/#\/schema\/logo\/image\/"},"sameAs":["https:\/\/www.facebook.com\/CDSBoutique.Aines.Seniors","https:\/\/www.youtube.com\/@cdsboutique4046","https:\/\/www.linkedin.com\/company\/cds-boutique\/","https:\/\/www.instagram.com\/cdsboutique\/"]}]}},"_links":{"self":[{"href":"https:\/\/staging.cdsboutique.com\/en\/wp-json\/wp\/v2\/product\/48667","targetHints":{"allow":["GET"]}}],"collection":[{"href":"https:\/\/staging.cdsboutique.com\/en\/wp-json\/wp\/v2\/product"}],"about":[{"href":"https:\/\/staging.cdsboutique.com\/en\/wp-json\/wp\/v2\/types\/product"}],"replies":[{"embeddable":true,"href":"https:\/\/staging.cdsboutique.com\/en\/wp-json\/wp\/v2\/comments?post=48667"}],"wp:featuredmedia":[{"embeddable":true,"href":"https:\/\/staging.cdsboutique.com\/en\/wp-json\/wp\/v2\/media\/48670"}],"wp:attachment":[{"href":"https:\/\/staging.cdsboutique.com\/en\/wp-json\/wp\/v2\/media?parent=48667"}],"wp:term":[{"taxonomy":"product_brand","embeddable":true,"href":"https:\/\/staging.cdsboutique.com\/en\/wp-json\/wp\/v2\/product_brand?post=48667"},{"taxonomy":"product_cat","embeddable":true,"href":"https:\/\/staging.cdsboutique.com\/en\/wp-json\/wp\/v2\/product_cat?post=48667"},{"taxonomy":"product_tag","embeddable":true,"href":"https:\/\/staging.cdsboutique.com\/en\/wp-json\/wp\/v2\/product_tag?post=48667"}],"curies":[{"name":"wp","href":"https:\/\/api.w.org\/{rel}","templated":true}]}}