{"id":49495,"date":"2023-01-26T09:20:44","date_gmt":"2023-01-26T14:20:44","guid":{"rendered":"https:\/\/cdsboutique.com\/?post_type=product&#038;p=49495"},"modified":"2024-02-13T12:26:50","modified_gmt":"2024-02-13T17:26:50","slug":"spaced-retrieval-step-by-step","status":"publish","type":"product","link":"https:\/\/staging.cdsboutique.com\/en\/produit\/spaced-retrieval-step-by-step\/","title":{"rendered":"Spaced Retrieval Step by Step: An Evidence-Based Memory Intervention"},"content":{"rendered":"<p><strong>With proper supports in place, people with memory loss can be taught to remember information and even learn tasks that will promote their independence.<\/strong><\/p>\n<p><strong>Spaced Retrieval Step by Step: An Evidence-Based Memory Intervention<\/strong>\u00a0describes a simple, effective process that can significantly improve people\u2019s daily performance, safety, and confidence.<\/p>\n<p>This practical guide takes a fresh approach to Spaced Retrieval, teaching this innovative process step by step so you can better assist people in learning important actions and information, such as when to take medications or how to use a walker. With this proven memory-training strategy, you help people learn and store specific information that, with practice, can be easily accessed and retrieved.<\/p>\n<p>By Jeanette Benigas, Ph.D., CCC-SLP, Jennifer Brush, M.A., CCC-SLP, and Gail Elliot, BASc, M.A<\/p>\n","protected":false},"excerpt":{"rendered":"<p><strong>Spaced Retrieval Step by Step: An Evidence-Based Memory Intervention<\/strong>\u00a0describes a simple, effective process that can significantly improve people\u2019s daily performance, safety, and confidence.<\/p>\n","protected":false},"featured_media":49496,"comment_status":"open","ping_status":"closed","template":"","meta":{"_acf_changed":false},"product_brand":[],"product_cat":[3008,4401,2968],"product_tag":[],"class_list":{"0":"post-49495","1":"product","2":"type-product","3":"status-publish","4":"has-post-thumbnail","6":"product_cat-activity-books","7":"product_cat-all","8":"product_cat-cognitive-stimulation","9":"product_shipping_class-frais-de-livraison-en","11":"first","12":"instock","13":"taxable","14":"shipping-taxable","15":"purchasable","16":"product-type-simple"},"bundled_by":[],"bundle_stock_status":"instock","bundle_stock_quantity":null,"bundle_virtual":false,"bundle_layout":"","bundle_add_to_cart_form_location":"","bundle_editable_in_cart":false,"bundle_sold_individually_context":"","bundle_item_grouping":"","bundle_min_size":"","bundle_max_size":"","bundle_price":[],"bundled_items":[],"bundle_sell_ids":[],"acf":[],"featured_image_urls_v2":{"full":["https:\/\/staging.cdsboutique.com\/wp-content\/uploads\/2023\/01\/27480.jpg",1792,2560,false],"thumbnail":["https:\/\/staging.cdsboutique.com\/wp-content\/uploads\/2023\/01\/27480-150x150.jpg",150,150,true],"medium":["https:\/\/staging.cdsboutique.com\/wp-content\/uploads\/2023\/01\/27480-210x300.jpg",210,300,true],"medium_large":["https:\/\/staging.cdsboutique.com\/wp-content\/uploads\/2023\/01\/27480-768x1097.jpg",768,1097,true],"large":["https:\/\/staging.cdsboutique.com\/wp-content\/uploads\/2023\/01\/27480-717x1024.jpg",717,1024,true],"1536x1536":["https:\/\/staging.cdsboutique.com\/wp-content\/uploads\/2023\/01\/27480-1075x1536.jpg",1075,1536,true],"2048x2048":["https:\/\/staging.cdsboutique.com\/wp-content\/uploads\/2023\/01\/27480-1434x2048.jpg",1434,2048,true],"gform-image-choice-sm":["https:\/\/staging.cdsboutique.com\/wp-content\/uploads\/2023\/01\/27480.jpg",210,300,false],"gform-image-choice-md":["https:\/\/staging.cdsboutique.com\/wp-content\/uploads\/2023\/01\/27480.jpg",280,400,false],"gform-image-choice-lg":["https:\/\/staging.cdsboutique.com\/wp-content\/uploads\/2023\/01\/27480.jpg",420,600,false],"woocommerce_thumbnail":["https:\/\/staging.cdsboutique.com\/wp-content\/uploads\/2023\/01\/27480-300x429.jpg",300,429,true],"woocommerce_single":["https:\/\/staging.cdsboutique.com\/wp-content\/uploads\/2023\/01\/27480-600x857.jpg",600,857,true],"woocommerce_gallery_thumbnail":["https:\/\/staging.cdsboutique.com\/wp-content\/uploads\/2023\/01\/27480-100x100.jpg",100,100,true],"variation_swatches_image_size":["https:\/\/staging.cdsboutique.com\/wp-content\/uploads\/2023\/01\/27480.jpg",35,50,false],"variation_swatches_tooltip_size":["https:\/\/staging.cdsboutique.com\/wp-content\/uploads\/2023\/01\/27480.jpg",70,100,false],"logo-size":["https:\/\/staging.cdsboutique.com\/wp-content\/uploads\/2023\/01\/27480-59x84.jpg",59,84,true],"blog":["https:\/\/staging.cdsboutique.com\/wp-content\/uploads\/2023\/01\/27480-350x260.jpg",350,260,true]},"post_excerpt_stackable_v2":"<p><strong>Spaced Retrieval Step by Step: An Evidence-Based Memory Intervention<\/strong>\u00a0describes a simple, effective process that can significantly improve people\u2019s daily performance, safety, and confidence.<\/p>\n","category_list_v2":"","author_info_v2":{"name":"","url":""},"comments_num_v2":"0 comments","yoast_head":"<!-- This site is optimized with the Yoast SEO plugin v27.4 - https:\/\/yoast.com\/product\/yoast-seo-wordpress\/ -->\n<title>Spaced Retrieval Step by Step: An Evidence-Based Memory Intervention - CDS boutique A\u00een\u00e9s<\/title>\n<meta name=\"description\" content=\"Spaced Retrieval Step by Step: An Evidence-Based Memory Intervention\u00a0describes a simple, effective process that can significantly improve people\u2019s daily performance, safety, and confidence.\" \/>\n<meta name=\"robots\" content=\"noindex, follow, max-snippet:-1, max-image-preview:large, max-video-preview:-1\" \/>\n<meta property=\"og:locale\" content=\"en_US\" \/>\n<meta property=\"og:type\" content=\"article\" \/>\n<meta property=\"og:title\" content=\"Spaced Retrieval Step by Step: An Evidence-Based Memory Intervention - CDS boutique A\u00een\u00e9s\" \/>\n<meta property=\"og:description\" content=\"Spaced Retrieval Step by Step: An Evidence-Based Memory Intervention\u00a0describes a simple, effective process that can significantly improve people\u2019s daily performance, safety, and confidence.\" \/>\n<meta property=\"og:url\" content=\"https:\/\/staging.cdsboutique.com\/en\/product\/spaced-retrieval-step-by-step\/\" \/>\n<meta property=\"og:site_name\" content=\"CDS boutique A\u00een\u00e9s\" \/>\n<meta property=\"article:publisher\" content=\"https:\/\/www.facebook.com\/CDSBoutique.Aines.Seniors\" \/>\n<meta property=\"article:modified_time\" content=\"2024-02-13T17:26:50+00:00\" \/>\n<meta property=\"og:image\" content=\"https:\/\/staging.cdsboutique.com\/wp-content\/uploads\/2023\/01\/27480.jpg?_t=1707845210\" \/>\n\t<meta property=\"og:image:width\" content=\"1792\" \/>\n\t<meta property=\"og:image:height\" content=\"2560\" \/>\n\t<meta property=\"og:image:type\" content=\"image\/jpeg\" \/>\n<meta name=\"twitter:card\" content=\"summary_large_image\" \/>\n<meta name=\"twitter:label1\" content=\"Est. reading time\" \/>\n\t<meta name=\"twitter:data1\" content=\"1 minute\" \/>\n<script type=\"application\/ld+json\" class=\"yoast-schema-graph\">{\"@context\":\"https:\\\/\\\/schema.org\",\"@graph\":[{\"@type\":\"WebPage\",\"@id\":\"https:\\\/\\\/staging.cdsboutique.com\\\/en\\\/product\\\/spaced-retrieval-step-by-step\\\/\",\"url\":\"https:\\\/\\\/staging.cdsboutique.com\\\/en\\\/product\\\/spaced-retrieval-step-by-step\\\/\",\"name\":\"Spaced Retrieval Step by Step: An Evidence-Based Memory Intervention - CDS boutique A\u00een\u00e9s\",\"isPartOf\":{\"@id\":\"https:\\\/\\\/staging.cdsboutique.com\\\/#website\"},\"primaryImageOfPage\":{\"@id\":\"https:\\\/\\\/staging.cdsboutique.com\\\/en\\\/product\\\/spaced-retrieval-step-by-step\\\/#primaryimage\"},\"image\":{\"@id\":\"https:\\\/\\\/staging.cdsboutique.com\\\/en\\\/product\\\/spaced-retrieval-step-by-step\\\/#primaryimage\"},\"thumbnailUrl\":\"https:\\\/\\\/staging.cdsboutique.com\\\/wp-content\\\/uploads\\\/2023\\\/01\\\/27480.jpg\",\"datePublished\":\"2023-01-26T14:20:44+00:00\",\"dateModified\":\"2024-02-13T17:26:50+00:00\",\"description\":\"Spaced Retrieval Step by Step: An Evidence-Based Memory Intervention\u00a0describes a simple, effective process that can significantly improve people\u2019s daily performance, safety, and confidence.\",\"breadcrumb\":{\"@id\":\"https:\\\/\\\/staging.cdsboutique.com\\\/en\\\/product\\\/spaced-retrieval-step-by-step\\\/#breadcrumb\"},\"inLanguage\":\"en-US\",\"potentialAction\":[{\"@type\":\"ReadAction\",\"target\":[\"https:\\\/\\\/staging.cdsboutique.com\\\/en\\\/product\\\/spaced-retrieval-step-by-step\\\/\"]}]},{\"@type\":\"ImageObject\",\"inLanguage\":\"en-US\",\"@id\":\"https:\\\/\\\/staging.cdsboutique.com\\\/en\\\/product\\\/spaced-retrieval-step-by-step\\\/#primaryimage\",\"url\":\"https:\\\/\\\/staging.cdsboutique.com\\\/wp-content\\\/uploads\\\/2023\\\/01\\\/27480.jpg\",\"contentUrl\":\"https:\\\/\\\/staging.cdsboutique.com\\\/wp-content\\\/uploads\\\/2023\\\/01\\\/27480.jpg\",\"width\":1792,\"height\":2560,\"caption\":\"Spaced Retrieval Step by Step\"},{\"@type\":\"BreadcrumbList\",\"@id\":\"https:\\\/\\\/staging.cdsboutique.com\\\/en\\\/product\\\/spaced-retrieval-step-by-step\\\/#breadcrumb\",\"itemListElement\":[{\"@type\":\"ListItem\",\"position\":1,\"name\":\"Home\",\"item\":\"https:\\\/\\\/staging.cdsboutique.com\\\/en\\\/\"},{\"@type\":\"ListItem\",\"position\":2,\"name\":\"Products\",\"item\":\"https:\\\/\\\/staging.cdsboutique.com\\\/en\\\/products\\\/\"},{\"@type\":\"ListItem\",\"position\":3,\"name\":\"Spaced Retrieval Step by Step: An Evidence-Based Memory Intervention\"}]},{\"@type\":\"WebSite\",\"@id\":\"https:\\\/\\\/staging.cdsboutique.com\\\/#website\",\"url\":\"https:\\\/\\\/staging.cdsboutique.com\\\/\",\"name\":\"CDS boutique A\u00een\u00e9s\",\"description\":\"Pour une meilleure qualit\u00e9 de vie\",\"publisher\":{\"@id\":\"https:\\\/\\\/staging.cdsboutique.com\\\/#organization\"},\"potentialAction\":[{\"@type\":\"SearchAction\",\"target\":{\"@type\":\"EntryPoint\",\"urlTemplate\":\"https:\\\/\\\/staging.cdsboutique.com\\\/?s={search_term_string}\"},\"query-input\":{\"@type\":\"PropertyValueSpecification\",\"valueRequired\":true,\"valueName\":\"search_term_string\"}}],\"inLanguage\":\"en-US\"},{\"@type\":\"Organization\",\"@id\":\"https:\\\/\\\/staging.cdsboutique.com\\\/#organization\",\"name\":\"CDS Boutique\",\"url\":\"https:\\\/\\\/staging.cdsboutique.com\\\/\",\"logo\":{\"@type\":\"ImageObject\",\"inLanguage\":\"en-US\",\"@id\":\"https:\\\/\\\/staging.cdsboutique.com\\\/#\\\/schema\\\/logo\\\/image\\\/\",\"url\":\"https:\\\/\\\/staging.cdsboutique.com\\\/wp-content\\\/uploads\\\/2024\\\/09\\\/logoCDS-Boutique_final2024.jpg\",\"contentUrl\":\"https:\\\/\\\/staging.cdsboutique.com\\\/wp-content\\\/uploads\\\/2024\\\/09\\\/logoCDS-Boutique_final2024.jpg\",\"width\":900,\"height\":600,\"caption\":\"CDS Boutique\"},\"image\":{\"@id\":\"https:\\\/\\\/staging.cdsboutique.com\\\/#\\\/schema\\\/logo\\\/image\\\/\"},\"sameAs\":[\"https:\\\/\\\/www.facebook.com\\\/CDSBoutique.Aines.Seniors\",\"https:\\\/\\\/www.youtube.com\\\/@cdsboutique4046\",\"https:\\\/\\\/www.linkedin.com\\\/company\\\/cds-boutique\\\/\",\"https:\\\/\\\/www.instagram.com\\\/cdsboutique\\\/\"]}]}<\/script>\n<!-- \/ Yoast SEO plugin. -->","yoast_head_json":{"title":"Spaced Retrieval Step by Step: An Evidence-Based Memory Intervention - CDS boutique A\u00een\u00e9s","description":"Spaced Retrieval Step by Step: An Evidence-Based Memory Intervention\u00a0describes a simple, effective process that can significantly improve people\u2019s daily performance, safety, and confidence.","robots":{"index":"noindex","follow":"follow","max-snippet":"max-snippet:-1","max-image-preview":"max-image-preview:large","max-video-preview":"max-video-preview:-1"},"og_locale":"en_US","og_type":"article","og_title":"Spaced Retrieval Step by Step: An Evidence-Based Memory Intervention - CDS boutique A\u00een\u00e9s","og_description":"Spaced Retrieval Step by Step: An Evidence-Based Memory Intervention\u00a0describes a simple, effective process that can significantly improve people\u2019s daily performance, safety, and confidence.","og_url":"https:\/\/staging.cdsboutique.com\/en\/product\/spaced-retrieval-step-by-step\/","og_site_name":"CDS boutique A\u00een\u00e9s","article_publisher":"https:\/\/www.facebook.com\/CDSBoutique.Aines.Seniors","article_modified_time":"2024-02-13T17:26:50+00:00","og_image":[{"width":1792,"height":2560,"url":"https:\/\/staging.cdsboutique.com\/wp-content\/uploads\/2023\/01\/27480.jpg?_t=1707845210","type":"image\/jpeg"}],"twitter_card":"summary_large_image","twitter_misc":{"Est. reading time":"1 minute"},"schema":{"@context":"https:\/\/schema.org","@graph":[{"@type":"WebPage","@id":"https:\/\/staging.cdsboutique.com\/en\/product\/spaced-retrieval-step-by-step\/","url":"https:\/\/staging.cdsboutique.com\/en\/product\/spaced-retrieval-step-by-step\/","name":"Spaced Retrieval Step by Step: An Evidence-Based Memory Intervention - CDS boutique A\u00een\u00e9s","isPartOf":{"@id":"https:\/\/staging.cdsboutique.com\/#website"},"primaryImageOfPage":{"@id":"https:\/\/staging.cdsboutique.com\/en\/product\/spaced-retrieval-step-by-step\/#primaryimage"},"image":{"@id":"https:\/\/staging.cdsboutique.com\/en\/product\/spaced-retrieval-step-by-step\/#primaryimage"},"thumbnailUrl":"https:\/\/staging.cdsboutique.com\/wp-content\/uploads\/2023\/01\/27480.jpg","datePublished":"2023-01-26T14:20:44+00:00","dateModified":"2024-02-13T17:26:50+00:00","description":"Spaced Retrieval Step by Step: An Evidence-Based Memory Intervention\u00a0describes a simple, effective process that can significantly improve people\u2019s daily performance, safety, and confidence.","breadcrumb":{"@id":"https:\/\/staging.cdsboutique.com\/en\/product\/spaced-retrieval-step-by-step\/#breadcrumb"},"inLanguage":"en-US","potentialAction":[{"@type":"ReadAction","target":["https:\/\/staging.cdsboutique.com\/en\/product\/spaced-retrieval-step-by-step\/"]}]},{"@type":"ImageObject","inLanguage":"en-US","@id":"https:\/\/staging.cdsboutique.com\/en\/product\/spaced-retrieval-step-by-step\/#primaryimage","url":"https:\/\/staging.cdsboutique.com\/wp-content\/uploads\/2023\/01\/27480.jpg","contentUrl":"https:\/\/staging.cdsboutique.com\/wp-content\/uploads\/2023\/01\/27480.jpg","width":1792,"height":2560,"caption":"Spaced Retrieval Step by Step"},{"@type":"BreadcrumbList","@id":"https:\/\/staging.cdsboutique.com\/en\/product\/spaced-retrieval-step-by-step\/#breadcrumb","itemListElement":[{"@type":"ListItem","position":1,"name":"Home","item":"https:\/\/staging.cdsboutique.com\/en\/"},{"@type":"ListItem","position":2,"name":"Products","item":"https:\/\/staging.cdsboutique.com\/en\/products\/"},{"@type":"ListItem","position":3,"name":"Spaced Retrieval Step by Step: An Evidence-Based Memory Intervention"}]},{"@type":"WebSite","@id":"https:\/\/staging.cdsboutique.com\/#website","url":"https:\/\/staging.cdsboutique.com\/","name":"CDS boutique A\u00een\u00e9s","description":"Pour une meilleure qualit\u00e9 de vie","publisher":{"@id":"https:\/\/staging.cdsboutique.com\/#organization"},"potentialAction":[{"@type":"SearchAction","target":{"@type":"EntryPoint","urlTemplate":"https:\/\/staging.cdsboutique.com\/?s={search_term_string}"},"query-input":{"@type":"PropertyValueSpecification","valueRequired":true,"valueName":"search_term_string"}}],"inLanguage":"en-US"},{"@type":"Organization","@id":"https:\/\/staging.cdsboutique.com\/#organization","name":"CDS Boutique","url":"https:\/\/staging.cdsboutique.com\/","logo":{"@type":"ImageObject","inLanguage":"en-US","@id":"https:\/\/staging.cdsboutique.com\/#\/schema\/logo\/image\/","url":"https:\/\/staging.cdsboutique.com\/wp-content\/uploads\/2024\/09\/logoCDS-Boutique_final2024.jpg","contentUrl":"https:\/\/staging.cdsboutique.com\/wp-content\/uploads\/2024\/09\/logoCDS-Boutique_final2024.jpg","width":900,"height":600,"caption":"CDS Boutique"},"image":{"@id":"https:\/\/staging.cdsboutique.com\/#\/schema\/logo\/image\/"},"sameAs":["https:\/\/www.facebook.com\/CDSBoutique.Aines.Seniors","https:\/\/www.youtube.com\/@cdsboutique4046","https:\/\/www.linkedin.com\/company\/cds-boutique\/","https:\/\/www.instagram.com\/cdsboutique\/"]}]}},"_links":{"self":[{"href":"https:\/\/staging.cdsboutique.com\/en\/wp-json\/wp\/v2\/product\/49495","targetHints":{"allow":["GET"]}}],"collection":[{"href":"https:\/\/staging.cdsboutique.com\/en\/wp-json\/wp\/v2\/product"}],"about":[{"href":"https:\/\/staging.cdsboutique.com\/en\/wp-json\/wp\/v2\/types\/product"}],"replies":[{"embeddable":true,"href":"https:\/\/staging.cdsboutique.com\/en\/wp-json\/wp\/v2\/comments?post=49495"}],"wp:featuredmedia":[{"embeddable":true,"href":"https:\/\/staging.cdsboutique.com\/en\/wp-json\/wp\/v2\/media\/49496"}],"wp:attachment":[{"href":"https:\/\/staging.cdsboutique.com\/en\/wp-json\/wp\/v2\/media?parent=49495"}],"wp:term":[{"taxonomy":"product_brand","embeddable":true,"href":"https:\/\/staging.cdsboutique.com\/en\/wp-json\/wp\/v2\/product_brand?post=49495"},{"taxonomy":"product_cat","embeddable":true,"href":"https:\/\/staging.cdsboutique.com\/en\/wp-json\/wp\/v2\/product_cat?post=49495"},{"taxonomy":"product_tag","embeddable":true,"href":"https:\/\/staging.cdsboutique.com\/en\/wp-json\/wp\/v2\/product_tag?post=49495"}],"curies":[{"name":"wp","href":"https:\/\/api.w.org\/{rel}","templated":true}]}}