{"id":49735,"date":"2023-02-08T16:00:05","date_gmt":"2023-02-14T15:59:42","guid":{"rendered":"https:\/\/cdsboutique.com\/?post_type=product&#038;p=49735"},"modified":"2026-03-11T16:17:50","modified_gmt":"2026-03-11T20:17:50","slug":"double-sided-target","status":"publish","type":"product","link":"https:\/\/staging.cdsboutique.com\/en\/produit\/double-sided-target\/","title":{"rendered":"Double Sided Target"},"content":{"rendered":"<p><strong>Discover this new CDS Boutique creation today: a new play mat that is EXTRA large, EXTRA washable and EXTRA easy to store.<\/strong><\/p>\n<p>This double-sided Play Area will allow your residents to exercise their motor skills, their dexterity and their cognitive abilities while having fun. Both games can be adapted to all seniors to offer them an activity without failure.<\/p>\n<p>Before your play, please make sure the floor is clean and unwrap the mat on the side of the chosen game.<\/p>\n<p><strong>Care instructions:<\/strong> Make sure the floor is clean before you unroll the play mat so that the mat does not get damaged by any dirt. You can use a soft cleaning soap or a wet cloth to remove any dirt from the playing surface.<strong> ALWAYS roll or unroll the play mat when it is on the floor<\/strong> so that it keeps its shape for a long time.<\/p>\n<p>Included :<\/p>\n<ul>\n<li>A washable play area 47\u2033 x 60\u2033<\/li>\n<li>6\u00a0washable vinyl bag 4\u2033 x 4\u2033 <strong>colors may vary<\/strong><\/li>\n<li>instructions<\/li>\n<\/ul>\n<p>Downloading instructions :<a href=\"https:\/\/staging.cdsboutique.com\/wp-content\/uploads\/2023\/02\/instructions_en.pdf\" title=\" click here\"> click here<\/a><\/p>\n","protected":false},"excerpt":{"rendered":"<p>Discover this new CDS Boutique creation today: a new play mat that is EXTRA large, EXTRA washable and EXTRA easy to store. This double-sided Play Area will allow your residents to exercise their motor skills, their dexterity and their cognitive abilities while having fun. Both games can be adapted to all seniors to offer them [&hellip;]<\/p>\n","protected":false},"featured_media":65746,"comment_status":"open","ping_status":"closed","template":"","meta":{"_acf_changed":false},"product_brand":[],"product_cat":[4736,4401,4659],"product_tag":[],"class_list":{"0":"post-49735","1":"product","2":"type-product","3":"status-publish","4":"has-post-thumbnail","6":"product_cat-active-games","7":"product_cat-all","8":"product_cat-cds-creations-en","9":"product_shipping_class-additional-shipping-costs","11":"first","12":"instock","13":"taxable","14":"shipping-taxable","15":"purchasable","16":"product-type-simple"},"bundled_by":[],"bundle_stock_status":"instock","bundle_stock_quantity":null,"bundle_virtual":false,"bundle_layout":"","bundle_add_to_cart_form_location":"","bundle_editable_in_cart":false,"bundle_sold_individually_context":"","bundle_item_grouping":"","bundle_min_size":"","bundle_max_size":"","bundle_price":[],"bundled_items":[],"bundle_sell_ids":[],"acf":[],"featured_image_urls_v2":{"full":["https:\/\/staging.cdsboutique.com\/wp-content\/uploads\/2023\/02\/C0070_cible-score-100_p26.png",4218,3840,false],"thumbnail":["https:\/\/staging.cdsboutique.com\/wp-content\/uploads\/2023\/02\/C0070_cible-score-100_p26-150x150.png",150,150,true],"medium":["https:\/\/staging.cdsboutique.com\/wp-content\/uploads\/2023\/02\/C0070_cible-score-100_p26-300x273.png",300,273,true],"medium_large":["https:\/\/staging.cdsboutique.com\/wp-content\/uploads\/2023\/02\/C0070_cible-score-100_p26-768x699.png",768,699,true],"large":["https:\/\/staging.cdsboutique.com\/wp-content\/uploads\/2023\/02\/C0070_cible-score-100_p26-1024x932.png",980,892,true],"1536x1536":["https:\/\/staging.cdsboutique.com\/wp-content\/uploads\/2023\/02\/C0070_cible-score-100_p26-1536x1398.png",1536,1398,true],"2048x2048":["https:\/\/staging.cdsboutique.com\/wp-content\/uploads\/2023\/02\/C0070_cible-score-100_p26-2048x1864.png",2048,1864,true],"gform-image-choice-sm":["https:\/\/staging.cdsboutique.com\/wp-content\/uploads\/2023\/02\/C0070_cible-score-100_p26.png",300,273,false],"gform-image-choice-md":["https:\/\/staging.cdsboutique.com\/wp-content\/uploads\/2023\/02\/C0070_cible-score-100_p26.png",400,364,false],"gform-image-choice-lg":["https:\/\/staging.cdsboutique.com\/wp-content\/uploads\/2023\/02\/C0070_cible-score-100_p26.png",600,546,false],"woocommerce_thumbnail":["https:\/\/staging.cdsboutique.com\/wp-content\/uploads\/2023\/02\/C0070_cible-score-100_p26-300x273.png",300,273,true],"woocommerce_single":["https:\/\/staging.cdsboutique.com\/wp-content\/uploads\/2023\/02\/C0070_cible-score-100_p26-600x546.png",600,546,true],"woocommerce_gallery_thumbnail":["https:\/\/staging.cdsboutique.com\/wp-content\/uploads\/2023\/02\/C0070_cible-score-100_p26-100x100.png",100,100,true],"variation_swatches_image_size":["https:\/\/staging.cdsboutique.com\/wp-content\/uploads\/2023\/02\/C0070_cible-score-100_p26-50x50.png",50,50,true],"variation_swatches_tooltip_size":["https:\/\/staging.cdsboutique.com\/wp-content\/uploads\/2023\/02\/C0070_cible-score-100_p26-100x100.png",100,100,true],"logo-size":["https:\/\/staging.cdsboutique.com\/wp-content\/uploads\/2023\/02\/C0070_cible-score-100_p26-92x84.png",92,84,true],"blog":["https:\/\/staging.cdsboutique.com\/wp-content\/uploads\/2023\/02\/C0070_cible-score-100_p26-350x260.png",350,260,true]},"post_excerpt_stackable_v2":"<p>Discover this new CDS Boutique creation today: a new play mat that is EXTRA large, EXTRA washable and EXTRA easy to store. This double-sided Play Area will allow your residents to exercise their motor skills, their dexterity and their cognitive abilities while having fun. Both games can be adapted to all seniors to offer them an activity without failure. Before your play, please make sure the floor is clean and unwrap the mat on the side of the chosen game. Care instructions: Make sure the floor is clean before you unroll the play mat so that the mat does not&hellip;<\/p>\n","category_list_v2":"","author_info_v2":{"name":"","url":""},"comments_num_v2":"0 comments","yoast_head":"<!-- This site is optimized with the Yoast SEO plugin v27.4 - https:\/\/yoast.com\/product\/yoast-seo-wordpress\/ -->\n<title>Double Sided Target - CDS boutique A\u00een\u00e9s<\/title>\n<meta name=\"description\" content=\"Discover this new CDS Boutique creation today: a new play mat that is EXTRA large, EXTRA washable and EXTRA easy to store.\" \/>\n<meta name=\"robots\" content=\"noindex, follow, max-snippet:-1, max-image-preview:large, max-video-preview:-1\" \/>\n<meta property=\"og:locale\" content=\"en_US\" \/>\n<meta property=\"og:type\" content=\"article\" \/>\n<meta property=\"og:title\" content=\"Double Sided Target - CDS boutique A\u00een\u00e9s\" \/>\n<meta property=\"og:description\" content=\"Discover this new CDS Boutique creation today: a new play mat that is EXTRA large, EXTRA washable and EXTRA easy to store.\" \/>\n<meta property=\"og:url\" content=\"https:\/\/staging.cdsboutique.com\/en\/product\/double-sided-target\/\" \/>\n<meta property=\"og:site_name\" content=\"CDS boutique A\u00een\u00e9s\" \/>\n<meta property=\"article:publisher\" content=\"https:\/\/www.facebook.com\/CDSBoutique.Aines.Seniors\" \/>\n<meta property=\"article:modified_time\" content=\"2026-03-11T20:17:50+00:00\" \/>\n<meta property=\"og:image\" content=\"https:\/\/staging.cdsboutique.com\/wp-content\/uploads\/2023\/02\/C0070_cible-score-100_p26-1024x932.png\" \/>\n\t<meta property=\"og:image:width\" content=\"1024\" \/>\n\t<meta property=\"og:image:height\" content=\"932\" \/>\n\t<meta property=\"og:image:type\" content=\"image\/png\" \/>\n<meta name=\"twitter:card\" content=\"summary_large_image\" \/>\n<meta name=\"twitter:label1\" content=\"Est. reading time\" \/>\n\t<meta name=\"twitter:data1\" content=\"2 minutes\" \/>\n<script type=\"application\/ld+json\" class=\"yoast-schema-graph\">{\"@context\":\"https:\\\/\\\/schema.org\",\"@graph\":[{\"@type\":\"WebPage\",\"@id\":\"https:\\\/\\\/staging.cdsboutique.com\\\/en\\\/product\\\/double-sided-target\\\/\",\"url\":\"https:\\\/\\\/staging.cdsboutique.com\\\/en\\\/product\\\/double-sided-target\\\/\",\"name\":\"Double Sided Target - CDS boutique A\u00een\u00e9s\",\"isPartOf\":{\"@id\":\"https:\\\/\\\/staging.cdsboutique.com\\\/#website\"},\"primaryImageOfPage\":{\"@id\":\"https:\\\/\\\/staging.cdsboutique.com\\\/en\\\/product\\\/double-sided-target\\\/#primaryimage\"},\"image\":{\"@id\":\"https:\\\/\\\/staging.cdsboutique.com\\\/en\\\/product\\\/double-sided-target\\\/#primaryimage\"},\"thumbnailUrl\":\"https:\\\/\\\/staging.cdsboutique.com\\\/wp-content\\\/uploads\\\/2023\\\/02\\\/C0070_cible-score-100_p26.png\",\"datePublished\":\"2023-02-14T15:59:42+00:00\",\"dateModified\":\"2026-03-11T20:17:50+00:00\",\"description\":\"Discover this new CDS Boutique creation today: a new play mat that is EXTRA large, EXTRA washable and EXTRA easy to store.\",\"breadcrumb\":{\"@id\":\"https:\\\/\\\/staging.cdsboutique.com\\\/en\\\/product\\\/double-sided-target\\\/#breadcrumb\"},\"inLanguage\":\"en-US\",\"potentialAction\":[{\"@type\":\"ReadAction\",\"target\":[\"https:\\\/\\\/staging.cdsboutique.com\\\/en\\\/product\\\/double-sided-target\\\/\"]}]},{\"@type\":\"ImageObject\",\"inLanguage\":\"en-US\",\"@id\":\"https:\\\/\\\/staging.cdsboutique.com\\\/en\\\/product\\\/double-sided-target\\\/#primaryimage\",\"url\":\"https:\\\/\\\/staging.cdsboutique.com\\\/wp-content\\\/uploads\\\/2023\\\/02\\\/C0070_cible-score-100_p26.png\",\"contentUrl\":\"https:\\\/\\\/staging.cdsboutique.com\\\/wp-content\\\/uploads\\\/2023\\\/02\\\/C0070_cible-score-100_p26.png\",\"width\":4218,\"height\":3840},{\"@type\":\"BreadcrumbList\",\"@id\":\"https:\\\/\\\/staging.cdsboutique.com\\\/en\\\/product\\\/double-sided-target\\\/#breadcrumb\",\"itemListElement\":[{\"@type\":\"ListItem\",\"position\":1,\"name\":\"Home\",\"item\":\"https:\\\/\\\/staging.cdsboutique.com\\\/en\\\/\"},{\"@type\":\"ListItem\",\"position\":2,\"name\":\"Products\",\"item\":\"https:\\\/\\\/staging.cdsboutique.com\\\/en\\\/products\\\/\"},{\"@type\":\"ListItem\",\"position\":3,\"name\":\"Double Sided Target\"}]},{\"@type\":\"WebSite\",\"@id\":\"https:\\\/\\\/staging.cdsboutique.com\\\/#website\",\"url\":\"https:\\\/\\\/staging.cdsboutique.com\\\/\",\"name\":\"CDS boutique A\u00een\u00e9s\",\"description\":\"Pour une meilleure qualit\u00e9 de vie\",\"publisher\":{\"@id\":\"https:\\\/\\\/staging.cdsboutique.com\\\/#organization\"},\"potentialAction\":[{\"@type\":\"SearchAction\",\"target\":{\"@type\":\"EntryPoint\",\"urlTemplate\":\"https:\\\/\\\/staging.cdsboutique.com\\\/?s={search_term_string}\"},\"query-input\":{\"@type\":\"PropertyValueSpecification\",\"valueRequired\":true,\"valueName\":\"search_term_string\"}}],\"inLanguage\":\"en-US\"},{\"@type\":\"Organization\",\"@id\":\"https:\\\/\\\/staging.cdsboutique.com\\\/#organization\",\"name\":\"CDS Boutique\",\"url\":\"https:\\\/\\\/staging.cdsboutique.com\\\/\",\"logo\":{\"@type\":\"ImageObject\",\"inLanguage\":\"en-US\",\"@id\":\"https:\\\/\\\/staging.cdsboutique.com\\\/#\\\/schema\\\/logo\\\/image\\\/\",\"url\":\"https:\\\/\\\/staging.cdsboutique.com\\\/wp-content\\\/uploads\\\/2024\\\/09\\\/logoCDS-Boutique_final2024.jpg\",\"contentUrl\":\"https:\\\/\\\/staging.cdsboutique.com\\\/wp-content\\\/uploads\\\/2024\\\/09\\\/logoCDS-Boutique_final2024.jpg\",\"width\":900,\"height\":600,\"caption\":\"CDS Boutique\"},\"image\":{\"@id\":\"https:\\\/\\\/staging.cdsboutique.com\\\/#\\\/schema\\\/logo\\\/image\\\/\"},\"sameAs\":[\"https:\\\/\\\/www.facebook.com\\\/CDSBoutique.Aines.Seniors\",\"https:\\\/\\\/www.youtube.com\\\/@cdsboutique4046\",\"https:\\\/\\\/www.linkedin.com\\\/company\\\/cds-boutique\\\/\",\"https:\\\/\\\/www.instagram.com\\\/cdsboutique\\\/\"]}]}<\/script>\n<!-- \/ Yoast SEO plugin. -->","yoast_head_json":{"title":"Double Sided Target - CDS boutique A\u00een\u00e9s","description":"Discover this new CDS Boutique creation today: a new play mat that is EXTRA large, EXTRA washable and EXTRA easy to store.","robots":{"index":"noindex","follow":"follow","max-snippet":"max-snippet:-1","max-image-preview":"max-image-preview:large","max-video-preview":"max-video-preview:-1"},"og_locale":"en_US","og_type":"article","og_title":"Double Sided Target - CDS boutique A\u00een\u00e9s","og_description":"Discover this new CDS Boutique creation today: a new play mat that is EXTRA large, EXTRA washable and EXTRA easy to store.","og_url":"https:\/\/staging.cdsboutique.com\/en\/product\/double-sided-target\/","og_site_name":"CDS boutique A\u00een\u00e9s","article_publisher":"https:\/\/www.facebook.com\/CDSBoutique.Aines.Seniors","article_modified_time":"2026-03-11T20:17:50+00:00","og_image":[{"width":1024,"height":932,"url":"https:\/\/staging.cdsboutique.com\/wp-content\/uploads\/2023\/02\/C0070_cible-score-100_p26-1024x932.png","type":"image\/png"}],"twitter_card":"summary_large_image","twitter_misc":{"Est. reading time":"2 minutes"},"schema":{"@context":"https:\/\/schema.org","@graph":[{"@type":"WebPage","@id":"https:\/\/staging.cdsboutique.com\/en\/product\/double-sided-target\/","url":"https:\/\/staging.cdsboutique.com\/en\/product\/double-sided-target\/","name":"Double Sided Target - CDS boutique A\u00een\u00e9s","isPartOf":{"@id":"https:\/\/staging.cdsboutique.com\/#website"},"primaryImageOfPage":{"@id":"https:\/\/staging.cdsboutique.com\/en\/product\/double-sided-target\/#primaryimage"},"image":{"@id":"https:\/\/staging.cdsboutique.com\/en\/product\/double-sided-target\/#primaryimage"},"thumbnailUrl":"https:\/\/staging.cdsboutique.com\/wp-content\/uploads\/2023\/02\/C0070_cible-score-100_p26.png","datePublished":"2023-02-14T15:59:42+00:00","dateModified":"2026-03-11T20:17:50+00:00","description":"Discover this new CDS Boutique creation today: a new play mat that is EXTRA large, EXTRA washable and EXTRA easy to store.","breadcrumb":{"@id":"https:\/\/staging.cdsboutique.com\/en\/product\/double-sided-target\/#breadcrumb"},"inLanguage":"en-US","potentialAction":[{"@type":"ReadAction","target":["https:\/\/staging.cdsboutique.com\/en\/product\/double-sided-target\/"]}]},{"@type":"ImageObject","inLanguage":"en-US","@id":"https:\/\/staging.cdsboutique.com\/en\/product\/double-sided-target\/#primaryimage","url":"https:\/\/staging.cdsboutique.com\/wp-content\/uploads\/2023\/02\/C0070_cible-score-100_p26.png","contentUrl":"https:\/\/staging.cdsboutique.com\/wp-content\/uploads\/2023\/02\/C0070_cible-score-100_p26.png","width":4218,"height":3840},{"@type":"BreadcrumbList","@id":"https:\/\/staging.cdsboutique.com\/en\/product\/double-sided-target\/#breadcrumb","itemListElement":[{"@type":"ListItem","position":1,"name":"Home","item":"https:\/\/staging.cdsboutique.com\/en\/"},{"@type":"ListItem","position":2,"name":"Products","item":"https:\/\/staging.cdsboutique.com\/en\/products\/"},{"@type":"ListItem","position":3,"name":"Double Sided Target"}]},{"@type":"WebSite","@id":"https:\/\/staging.cdsboutique.com\/#website","url":"https:\/\/staging.cdsboutique.com\/","name":"CDS boutique A\u00een\u00e9s","description":"Pour une meilleure qualit\u00e9 de vie","publisher":{"@id":"https:\/\/staging.cdsboutique.com\/#organization"},"potentialAction":[{"@type":"SearchAction","target":{"@type":"EntryPoint","urlTemplate":"https:\/\/staging.cdsboutique.com\/?s={search_term_string}"},"query-input":{"@type":"PropertyValueSpecification","valueRequired":true,"valueName":"search_term_string"}}],"inLanguage":"en-US"},{"@type":"Organization","@id":"https:\/\/staging.cdsboutique.com\/#organization","name":"CDS Boutique","url":"https:\/\/staging.cdsboutique.com\/","logo":{"@type":"ImageObject","inLanguage":"en-US","@id":"https:\/\/staging.cdsboutique.com\/#\/schema\/logo\/image\/","url":"https:\/\/staging.cdsboutique.com\/wp-content\/uploads\/2024\/09\/logoCDS-Boutique_final2024.jpg","contentUrl":"https:\/\/staging.cdsboutique.com\/wp-content\/uploads\/2024\/09\/logoCDS-Boutique_final2024.jpg","width":900,"height":600,"caption":"CDS Boutique"},"image":{"@id":"https:\/\/staging.cdsboutique.com\/#\/schema\/logo\/image\/"},"sameAs":["https:\/\/www.facebook.com\/CDSBoutique.Aines.Seniors","https:\/\/www.youtube.com\/@cdsboutique4046","https:\/\/www.linkedin.com\/company\/cds-boutique\/","https:\/\/www.instagram.com\/cdsboutique\/"]}]}},"_links":{"self":[{"href":"https:\/\/staging.cdsboutique.com\/en\/wp-json\/wp\/v2\/product\/49735","targetHints":{"allow":["GET"]}}],"collection":[{"href":"https:\/\/staging.cdsboutique.com\/en\/wp-json\/wp\/v2\/product"}],"about":[{"href":"https:\/\/staging.cdsboutique.com\/en\/wp-json\/wp\/v2\/types\/product"}],"replies":[{"embeddable":true,"href":"https:\/\/staging.cdsboutique.com\/en\/wp-json\/wp\/v2\/comments?post=49735"}],"wp:featuredmedia":[{"embeddable":true,"href":"https:\/\/staging.cdsboutique.com\/en\/wp-json\/wp\/v2\/media\/65746"}],"wp:attachment":[{"href":"https:\/\/staging.cdsboutique.com\/en\/wp-json\/wp\/v2\/media?parent=49735"}],"wp:term":[{"taxonomy":"product_brand","embeddable":true,"href":"https:\/\/staging.cdsboutique.com\/en\/wp-json\/wp\/v2\/product_brand?post=49735"},{"taxonomy":"product_cat","embeddable":true,"href":"https:\/\/staging.cdsboutique.com\/en\/wp-json\/wp\/v2\/product_cat?post=49735"},{"taxonomy":"product_tag","embeddable":true,"href":"https:\/\/staging.cdsboutique.com\/en\/wp-json\/wp\/v2\/product_tag?post=49735"}],"curies":[{"name":"wp","href":"https:\/\/api.w.org\/{rel}","templated":true}]}}