{"id":50107,"date":"2023-04-20T10:50:43","date_gmt":"2023-03-10T15:50:44","guid":{"rendered":"https:\/\/cdsboutique.com\/?post_type=product&#038;p=50107"},"modified":"2025-03-12T10:36:23","modified_gmt":"2025-03-12T14:36:23","slug":"inmurelax-relaxing-cushion","status":"publish","type":"product","link":"https:\/\/staging.cdsboutique.com\/en\/produit\/inmurelax-relaxing-cushion\/","title":{"rendered":"inmuRELAX &#8211; Relaxing Sensory Cushion"},"content":{"rendered":"<p><iframe loading=\"lazy\" title=\"D\u00e9couvrez le son du coussin multisensoriel inmuRELAX\" width=\"980\" height=\"551\" src=\"https:\/\/www.youtube.com\/embed\/A7yHcpdCOZQ?feature=oembed&#038;enablejsapi=1&#038;origin=https:\/\/staging.cdsboutique.com\" frameborder=\"0\" allow=\"accelerometer; autoplay; clipboard-write; encrypted-media; gyroscope; picture-in-picture; web-share\" referrerpolicy=\"strict-origin-when-cross-origin\" allowfullscreen><\/iframe><\/p>\n<article class=\"w-full text-token-text-primary focus-visible:outline-2 focus-visible:outline-offset-[-4px]\" dir=\"auto\" data-testid=\"conversation-turn-19\" data-scroll-anchor=\"true\">\n<div class=\"text-base my-auto mx-auto py-[18px] px-6\">\n<div class=\"mx-auto flex flex-1 text-base gap-4 md:gap-5 lg:gap-6 md:max-w-3xl\">\n<div class=\"group\/conversation-turn relative flex w-full min-w-0 flex-col agent-turn @xs\/thread:px-0 @sm\/thread:px-1.5 @md\/thread:px-4\">\n<div class=\"flex-col gap-1 md:gap-3\">\n<div class=\"flex max-w-full flex-col flex-grow\">\n<div class=\"min-h-8 text-message relative flex w-full flex-col items-end gap-2 whitespace-normal break-words text-start [.text-message+&amp;]:mt-5\" dir=\"auto\" data-message-author-role=\"assistant\" data-message-id=\"587c4605-b284-4a9a-a29c-99a016325a19\" data-message-model-slug=\"gpt-4o-mini\">\n<div class=\"flex w-full flex-col gap-1 empty:hidden first:pt-[3px]\">\n<div class=\"markdown prose w-full break-words dark:prose-invert light\">\n<p data-start=\"0\" data-end=\"180\"><strong data-start=\"0\" data-end=\"54\">inmuRELAX is much more than just a simple cushion.<\/strong> <strong>It\u2019s a relaxing sensory cushion with advanced technology that responds to movement with calming sounds and gentle vibrations.<\/strong><\/p>\n<p data-start=\"182\" data-end=\"962\"><span style=\"color: #ffffff;\">.<\/span><\/p>\n<p data-start=\"182\" data-end=\"962\"><strong data-start=\"182\" data-end=\"197\">Description<\/strong><br data-start=\"197\" data-end=\"200\" \/>inmuRELAX is an innovative cushion that responds to touch by emitting music and vibrations. It is designed to provide immediate soothing relief, with sounds that blend and combine differently with each use, creating a unique experience each time. Thanks to this responsiveness, inmuRELAX is ideal for seniors suffering from cognitive disorders such as Alzheimer&#8217;s disease. The cushion automatically enters standby mode when not in use, ensuring optimal energy efficiency (up to 3 weeks of autonomy without recharge). This relaxing sensory cushion can be used to ease cognitive disorders, promote sleep, reduce anxiety, or assist residents in their movements. It is especially useful during daily care routines, providing pleasant distraction and instant comfort.<\/p>\n<p data-start=\"964\" data-end=\"979\"><span style=\"color: #ffffff;\">.<\/span><\/p>\n<p data-start=\"964\" data-end=\"979\"><strong data-start=\"964\" data-end=\"977\">Features<\/strong><\/p>\n<ul data-start=\"980\" data-end=\"1416\">\n<li data-start=\"980\" data-end=\"1040\">Calming music made up of more than 3000 different sounds<\/li>\n<li data-start=\"1041\" data-end=\"1109\">Gentle vibrations that respond to movement to encourage activity<\/li>\n<li data-start=\"1110\" data-end=\"1135\">3 sound volume levels<\/li>\n<li data-start=\"1136\" data-end=\"1196\">Hypoallergenic, durable materials that are easy to clean<\/li>\n<li data-start=\"1197\" data-end=\"1242\">Resistant to drops, impacts, and splashes<\/li>\n<li data-start=\"1243\" data-end=\"1289\">Dimensions: 22 cm x 23 cm (8.5 x 9 inches)<\/li>\n<li data-start=\"1290\" data-end=\"1354\">Charger included. Up to 3 weeks of autonomy with regular use<\/li>\n<li data-start=\"1355\" data-end=\"1416\">WARNING: Splash-resistant, but the core is not waterproof<\/li>\n<\/ul>\n<p data-start=\"1418\" data-end=\"1460\">inmuRELAX is also <a href=\"https:\/\/staging.cdsboutique.com\/en\/product\/inmurelax-relaxing-cushion-box\/\" title=\"available in a set of 4\">available in a set of 4<\/a>.<\/p>\n<p data-start=\"1462\" data-end=\"2095\" data-is-last-node=\"\" data-is-only-node=\"\"><span style=\"color: #ffffff;\">.<\/span><\/p>\n<p data-start=\"1462\" data-end=\"2095\" data-is-last-node=\"\" data-is-only-node=\"\"><strong data-start=\"1462\" data-end=\"1487\">Instructions for use<\/strong><br data-start=\"1487\" data-end=\"1490\" \/>To use inmuRELAX, simply touch the cushion to activate the music and vibrations. Once you stop touching it, the cushion will automatically enter standby mode to save battery. You can use it at any time, whether during daily care routines, to help settle restless patients, or to calm stressed residents. The vibrations respond to movement, encouraging residents to move while rewarding them with music and relaxing sensations. The cushion cover is easy to maintain; simply wash it to keep it hygienic. It is ideal for group activities, allowing multiple people to benefit from its calming effects at once.<\/p>\n<\/div>\n<\/div>\n<\/div>\n<\/div>\n<\/div>\n<\/div>\n<\/div>\n<\/div>\n<\/article>\n","protected":false},"excerpt":{"rendered":"<p><strong>The inmuRELAX is a unique sensory stimulation tool that reduces stress and calms the body.<\/strong><\/p>\n<p>The shape and soft fabric create comfort while holding it. The soft cover and pleasant vibrations have a relaxing and soothing effect on the body and provide a feeling of closeness and safety. It has a pocket that makes it easy to hold on to \u2013 even for disabled people. <strong>inmuRELAX fits well in your residents&#8217; daily life<\/strong>. Use it in the morning to softly wake them up, during <strong>daily care and transfers to distract them from the discomfort<\/strong>, and at night to help them fall asleep. During the day, <strong>inmuRELAX is a great activity tool to get seniors moving!<\/strong> Each move they make is rewarded by gentle vibrations and soothing music created by them.<\/p>\n","protected":false},"featured_media":51171,"comment_status":"open","ping_status":"closed","template":"","meta":{"_acf_changed":false},"product_brand":[],"product_cat":[4401,2966,4091],"product_tag":[4675,4671],"class_list":{"0":"post-50107","1":"product","2":"type-product","3":"status-publish","4":"has-post-thumbnail","6":"product_cat-all","7":"product_cat-instruments","8":"product_cat-new-arrivals","9":"product_tag-inmu-inmu-relax-en","10":"product_tag-inmu-star","11":"product_shipping_class-free-delivary","12":"pa_couleur-blue","13":"pa_couleur-raspberry","14":"pa_couleur-sand-en","16":"first","17":"instock","18":"taxable","19":"shipping-taxable","20":"purchasable","21":"product-type-variable"},"bundled_by":[],"bundle_stock_status":"instock","bundle_stock_quantity":null,"bundle_virtual":false,"bundle_layout":"","bundle_add_to_cart_form_location":"","bundle_editable_in_cart":false,"bundle_sold_individually_context":"","bundle_item_grouping":"","bundle_min_size":"","bundle_max_size":"","bundle_price":[],"bundled_items":[],"bundle_sell_ids":[],"acf":[],"featured_image_urls_v2":{"full":["https:\/\/staging.cdsboutique.com\/wp-content\/uploads\/2023\/03\/28450-4-1.png",500,500,false],"thumbnail":["https:\/\/staging.cdsboutique.com\/wp-content\/uploads\/2023\/03\/28450-4-1-150x150.png",150,150,true],"medium":["https:\/\/staging.cdsboutique.com\/wp-content\/uploads\/2023\/03\/28450-4-1-300x300.png",300,300,true],"medium_large":["https:\/\/staging.cdsboutique.com\/wp-content\/uploads\/2023\/03\/28450-4-1.png",500,500,false],"large":["https:\/\/staging.cdsboutique.com\/wp-content\/uploads\/2023\/03\/28450-4-1.png",500,500,false],"1536x1536":["https:\/\/staging.cdsboutique.com\/wp-content\/uploads\/2023\/03\/28450-4-1.png",500,500,false],"2048x2048":["https:\/\/staging.cdsboutique.com\/wp-content\/uploads\/2023\/03\/28450-4-1.png",500,500,false],"gform-image-choice-sm":["https:\/\/staging.cdsboutique.com\/wp-content\/uploads\/2023\/03\/28450-4-1.png",300,300,false],"gform-image-choice-md":["https:\/\/staging.cdsboutique.com\/wp-content\/uploads\/2023\/03\/28450-4-1.png",400,400,false],"gform-image-choice-lg":["https:\/\/staging.cdsboutique.com\/wp-content\/uploads\/2023\/03\/28450-4-1.png",500,500,false],"woocommerce_thumbnail":["https:\/\/staging.cdsboutique.com\/wp-content\/uploads\/2023\/03\/28450-4-1-300x300.png",300,300,true],"woocommerce_single":["https:\/\/staging.cdsboutique.com\/wp-content\/uploads\/2023\/03\/28450-4-1.png",500,500,false],"woocommerce_gallery_thumbnail":["https:\/\/staging.cdsboutique.com\/wp-content\/uploads\/2023\/03\/28450-4-1-100x100.png",100,100,true],"variation_swatches_image_size":["https:\/\/staging.cdsboutique.com\/wp-content\/uploads\/2023\/03\/28450-4-1.png",50,50,false],"variation_swatches_tooltip_size":["https:\/\/staging.cdsboutique.com\/wp-content\/uploads\/2023\/03\/28450-4-1.png",100,100,false],"logo-size":["https:\/\/staging.cdsboutique.com\/wp-content\/uploads\/2023\/03\/28450-4-1-84x84.png",84,84,true],"blog":["https:\/\/staging.cdsboutique.com\/wp-content\/uploads\/2023\/03\/28450-4-1-350x260.png",350,260,true]},"post_excerpt_stackable_v2":"<p><strong>The inmuRELAX is a unique sensory stimulation tool that reduces stress and calms the body.<\/strong><\/p>\n<p>The shape and soft fabric create comfort while holding it. The soft cover and pleasant vibrations have a relaxing and soothing effect on the body and provide a feeling of closeness and safety. It has a pocket that makes it easy to hold on to \u2013 even for disabled people. <strong>inmuRELAX fits well in your residents&#8217; daily life<\/strong>. Use it in the morning to softly wake them up, during <strong>daily care and transfers to distract them from the discomfort<\/strong>, and at night to help them fall asleep. During the day, <strong>inmuRELAX is a great activity tool to get seniors moving!<\/strong> Each move they make is rewarded by gentle vibrations and soothing music created by them.<\/p>\n","category_list_v2":"","author_info_v2":{"name":"","url":""},"comments_num_v2":"0 comments","yoast_head":"<!-- This site is optimized with the Yoast SEO plugin v27.4 - https:\/\/yoast.com\/product\/yoast-seo-wordpress\/ -->\n<title>inmuRELAX - Relaxing Sensory Cushion - CDS boutique A\u00een\u00e9s<\/title>\n<meta name=\"description\" content=\"The inmuRELAX is a relaxing sensory cushion that reduces stress and calms the body creating comfort for seniors living with Alzheimer&#039;s disease.\" \/>\n<meta name=\"robots\" content=\"noindex, follow, max-snippet:-1, max-image-preview:large, max-video-preview:-1\" \/>\n<meta property=\"og:locale\" content=\"en_US\" \/>\n<meta property=\"og:type\" content=\"article\" \/>\n<meta property=\"og:title\" content=\"inmuRELAX - Relaxing Sensory Cushion - CDS boutique A\u00een\u00e9s\" \/>\n<meta property=\"og:description\" content=\"The inmuRELAX is a relaxing sensory cushion that reduces stress and calms the body creating comfort for seniors living with Alzheimer&#039;s disease.\" \/>\n<meta property=\"og:url\" content=\"https:\/\/staging.cdsboutique.com\/en\/product\/inmurelax-relaxing-cushion\/\" \/>\n<meta property=\"og:site_name\" content=\"CDS boutique A\u00een\u00e9s\" \/>\n<meta property=\"article:publisher\" content=\"https:\/\/www.facebook.com\/CDSBoutique.Aines.Seniors\" \/>\n<meta property=\"article:modified_time\" content=\"2025-03-12T14:36:23+00:00\" \/>\n<meta property=\"og:image\" content=\"https:\/\/staging.cdsboutique.com\/wp-content\/uploads\/2023\/03\/28450-4-1.png?_t=1752249058\" \/>\n\t<meta property=\"og:image:width\" content=\"500\" \/>\n\t<meta property=\"og:image:height\" content=\"500\" \/>\n\t<meta property=\"og:image:type\" content=\"image\/png\" \/>\n<meta name=\"twitter:card\" content=\"summary_large_image\" \/>\n<meta name=\"twitter:label1\" content=\"Est. reading time\" \/>\n\t<meta name=\"twitter:data1\" content=\"2 minutes\" \/>\n<script type=\"application\/ld+json\" class=\"yoast-schema-graph\">{\"@context\":\"https:\\\/\\\/schema.org\",\"@graph\":[{\"@type\":\"WebPage\",\"@id\":\"https:\\\/\\\/staging.cdsboutique.com\\\/en\\\/product\\\/inmurelax-relaxing-cushion\\\/\",\"url\":\"https:\\\/\\\/staging.cdsboutique.com\\\/en\\\/product\\\/inmurelax-relaxing-cushion\\\/\",\"name\":\"inmuRELAX - Relaxing Sensory Cushion - CDS boutique A\u00een\u00e9s\",\"isPartOf\":{\"@id\":\"https:\\\/\\\/staging.cdsboutique.com\\\/#website\"},\"primaryImageOfPage\":{\"@id\":\"https:\\\/\\\/staging.cdsboutique.com\\\/en\\\/product\\\/inmurelax-relaxing-cushion\\\/#primaryimage\"},\"image\":{\"@id\":\"https:\\\/\\\/staging.cdsboutique.com\\\/en\\\/product\\\/inmurelax-relaxing-cushion\\\/#primaryimage\"},\"thumbnailUrl\":\"https:\\\/\\\/staging.cdsboutique.com\\\/wp-content\\\/uploads\\\/2023\\\/03\\\/28450-4-1.png\",\"datePublished\":\"2023-03-10T15:50:44+00:00\",\"dateModified\":\"2025-03-12T14:36:23+00:00\",\"description\":\"The inmuRELAX is a relaxing sensory cushion that reduces stress and calms the body creating comfort for seniors living with Alzheimer's disease.\",\"breadcrumb\":{\"@id\":\"https:\\\/\\\/staging.cdsboutique.com\\\/en\\\/product\\\/inmurelax-relaxing-cushion\\\/#breadcrumb\"},\"inLanguage\":\"en-US\",\"potentialAction\":[{\"@type\":\"ReadAction\",\"target\":[\"https:\\\/\\\/staging.cdsboutique.com\\\/en\\\/product\\\/inmurelax-relaxing-cushion\\\/\"]}]},{\"@type\":\"ImageObject\",\"inLanguage\":\"en-US\",\"@id\":\"https:\\\/\\\/staging.cdsboutique.com\\\/en\\\/product\\\/inmurelax-relaxing-cushion\\\/#primaryimage\",\"url\":\"https:\\\/\\\/staging.cdsboutique.com\\\/wp-content\\\/uploads\\\/2023\\\/03\\\/28450-4-1.png\",\"contentUrl\":\"https:\\\/\\\/staging.cdsboutique.com\\\/wp-content\\\/uploads\\\/2023\\\/03\\\/28450-4-1.png\",\"width\":500,\"height\":500,\"caption\":\"Coussin sensoriel relaxant Relaxing sensory cushion\"},{\"@type\":\"BreadcrumbList\",\"@id\":\"https:\\\/\\\/staging.cdsboutique.com\\\/en\\\/product\\\/inmurelax-relaxing-cushion\\\/#breadcrumb\",\"itemListElement\":[{\"@type\":\"ListItem\",\"position\":1,\"name\":\"Home\",\"item\":\"https:\\\/\\\/staging.cdsboutique.com\\\/en\\\/\"},{\"@type\":\"ListItem\",\"position\":2,\"name\":\"Products\",\"item\":\"https:\\\/\\\/staging.cdsboutique.com\\\/en\\\/products\\\/\"},{\"@type\":\"ListItem\",\"position\":3,\"name\":\"inmuRELAX &#8211; Relaxing Sensory Cushion\"}]},{\"@type\":\"WebSite\",\"@id\":\"https:\\\/\\\/staging.cdsboutique.com\\\/#website\",\"url\":\"https:\\\/\\\/staging.cdsboutique.com\\\/\",\"name\":\"CDS boutique A\u00een\u00e9s\",\"description\":\"Pour une meilleure qualit\u00e9 de vie\",\"publisher\":{\"@id\":\"https:\\\/\\\/staging.cdsboutique.com\\\/#organization\"},\"potentialAction\":[{\"@type\":\"SearchAction\",\"target\":{\"@type\":\"EntryPoint\",\"urlTemplate\":\"https:\\\/\\\/staging.cdsboutique.com\\\/?s={search_term_string}\"},\"query-input\":{\"@type\":\"PropertyValueSpecification\",\"valueRequired\":true,\"valueName\":\"search_term_string\"}}],\"inLanguage\":\"en-US\"},{\"@type\":\"Organization\",\"@id\":\"https:\\\/\\\/staging.cdsboutique.com\\\/#organization\",\"name\":\"CDS Boutique\",\"url\":\"https:\\\/\\\/staging.cdsboutique.com\\\/\",\"logo\":{\"@type\":\"ImageObject\",\"inLanguage\":\"en-US\",\"@id\":\"https:\\\/\\\/staging.cdsboutique.com\\\/#\\\/schema\\\/logo\\\/image\\\/\",\"url\":\"https:\\\/\\\/staging.cdsboutique.com\\\/wp-content\\\/uploads\\\/2024\\\/09\\\/logoCDS-Boutique_final2024.jpg\",\"contentUrl\":\"https:\\\/\\\/staging.cdsboutique.com\\\/wp-content\\\/uploads\\\/2024\\\/09\\\/logoCDS-Boutique_final2024.jpg\",\"width\":900,\"height\":600,\"caption\":\"CDS Boutique\"},\"image\":{\"@id\":\"https:\\\/\\\/staging.cdsboutique.com\\\/#\\\/schema\\\/logo\\\/image\\\/\"},\"sameAs\":[\"https:\\\/\\\/www.facebook.com\\\/CDSBoutique.Aines.Seniors\",\"https:\\\/\\\/www.youtube.com\\\/@cdsboutique4046\",\"https:\\\/\\\/www.linkedin.com\\\/company\\\/cds-boutique\\\/\",\"https:\\\/\\\/www.instagram.com\\\/cdsboutique\\\/\"]}]}<\/script>\n<!-- \/ Yoast SEO plugin. -->","yoast_head_json":{"title":"inmuRELAX - Relaxing Sensory Cushion - CDS boutique A\u00een\u00e9s","description":"The inmuRELAX is a relaxing sensory cushion that reduces stress and calms the body creating comfort for seniors living with Alzheimer's disease.","robots":{"index":"noindex","follow":"follow","max-snippet":"max-snippet:-1","max-image-preview":"max-image-preview:large","max-video-preview":"max-video-preview:-1"},"og_locale":"en_US","og_type":"article","og_title":"inmuRELAX - Relaxing Sensory Cushion - CDS boutique A\u00een\u00e9s","og_description":"The inmuRELAX is a relaxing sensory cushion that reduces stress and calms the body creating comfort for seniors living with Alzheimer's disease.","og_url":"https:\/\/staging.cdsboutique.com\/en\/product\/inmurelax-relaxing-cushion\/","og_site_name":"CDS boutique A\u00een\u00e9s","article_publisher":"https:\/\/www.facebook.com\/CDSBoutique.Aines.Seniors","article_modified_time":"2025-03-12T14:36:23+00:00","og_image":[{"width":500,"height":500,"url":"https:\/\/staging.cdsboutique.com\/wp-content\/uploads\/2023\/03\/28450-4-1.png?_t=1752249058","type":"image\/png"}],"twitter_card":"summary_large_image","twitter_misc":{"Est. reading time":"2 minutes"},"schema":{"@context":"https:\/\/schema.org","@graph":[{"@type":"WebPage","@id":"https:\/\/staging.cdsboutique.com\/en\/product\/inmurelax-relaxing-cushion\/","url":"https:\/\/staging.cdsboutique.com\/en\/product\/inmurelax-relaxing-cushion\/","name":"inmuRELAX - Relaxing Sensory Cushion - CDS boutique A\u00een\u00e9s","isPartOf":{"@id":"https:\/\/staging.cdsboutique.com\/#website"},"primaryImageOfPage":{"@id":"https:\/\/staging.cdsboutique.com\/en\/product\/inmurelax-relaxing-cushion\/#primaryimage"},"image":{"@id":"https:\/\/staging.cdsboutique.com\/en\/product\/inmurelax-relaxing-cushion\/#primaryimage"},"thumbnailUrl":"https:\/\/staging.cdsboutique.com\/wp-content\/uploads\/2023\/03\/28450-4-1.png","datePublished":"2023-03-10T15:50:44+00:00","dateModified":"2025-03-12T14:36:23+00:00","description":"The inmuRELAX is a relaxing sensory cushion that reduces stress and calms the body creating comfort for seniors living with Alzheimer's disease.","breadcrumb":{"@id":"https:\/\/staging.cdsboutique.com\/en\/product\/inmurelax-relaxing-cushion\/#breadcrumb"},"inLanguage":"en-US","potentialAction":[{"@type":"ReadAction","target":["https:\/\/staging.cdsboutique.com\/en\/product\/inmurelax-relaxing-cushion\/"]}]},{"@type":"ImageObject","inLanguage":"en-US","@id":"https:\/\/staging.cdsboutique.com\/en\/product\/inmurelax-relaxing-cushion\/#primaryimage","url":"https:\/\/staging.cdsboutique.com\/wp-content\/uploads\/2023\/03\/28450-4-1.png","contentUrl":"https:\/\/staging.cdsboutique.com\/wp-content\/uploads\/2023\/03\/28450-4-1.png","width":500,"height":500,"caption":"Coussin sensoriel relaxant Relaxing sensory cushion"},{"@type":"BreadcrumbList","@id":"https:\/\/staging.cdsboutique.com\/en\/product\/inmurelax-relaxing-cushion\/#breadcrumb","itemListElement":[{"@type":"ListItem","position":1,"name":"Home","item":"https:\/\/staging.cdsboutique.com\/en\/"},{"@type":"ListItem","position":2,"name":"Products","item":"https:\/\/staging.cdsboutique.com\/en\/products\/"},{"@type":"ListItem","position":3,"name":"inmuRELAX &#8211; Relaxing Sensory Cushion"}]},{"@type":"WebSite","@id":"https:\/\/staging.cdsboutique.com\/#website","url":"https:\/\/staging.cdsboutique.com\/","name":"CDS boutique A\u00een\u00e9s","description":"Pour une meilleure qualit\u00e9 de vie","publisher":{"@id":"https:\/\/staging.cdsboutique.com\/#organization"},"potentialAction":[{"@type":"SearchAction","target":{"@type":"EntryPoint","urlTemplate":"https:\/\/staging.cdsboutique.com\/?s={search_term_string}"},"query-input":{"@type":"PropertyValueSpecification","valueRequired":true,"valueName":"search_term_string"}}],"inLanguage":"en-US"},{"@type":"Organization","@id":"https:\/\/staging.cdsboutique.com\/#organization","name":"CDS Boutique","url":"https:\/\/staging.cdsboutique.com\/","logo":{"@type":"ImageObject","inLanguage":"en-US","@id":"https:\/\/staging.cdsboutique.com\/#\/schema\/logo\/image\/","url":"https:\/\/staging.cdsboutique.com\/wp-content\/uploads\/2024\/09\/logoCDS-Boutique_final2024.jpg","contentUrl":"https:\/\/staging.cdsboutique.com\/wp-content\/uploads\/2024\/09\/logoCDS-Boutique_final2024.jpg","width":900,"height":600,"caption":"CDS Boutique"},"image":{"@id":"https:\/\/staging.cdsboutique.com\/#\/schema\/logo\/image\/"},"sameAs":["https:\/\/www.facebook.com\/CDSBoutique.Aines.Seniors","https:\/\/www.youtube.com\/@cdsboutique4046","https:\/\/www.linkedin.com\/company\/cds-boutique\/","https:\/\/www.instagram.com\/cdsboutique\/"]}]}},"_links":{"self":[{"href":"https:\/\/staging.cdsboutique.com\/en\/wp-json\/wp\/v2\/product\/50107","targetHints":{"allow":["GET"]}}],"collection":[{"href":"https:\/\/staging.cdsboutique.com\/en\/wp-json\/wp\/v2\/product"}],"about":[{"href":"https:\/\/staging.cdsboutique.com\/en\/wp-json\/wp\/v2\/types\/product"}],"replies":[{"embeddable":true,"href":"https:\/\/staging.cdsboutique.com\/en\/wp-json\/wp\/v2\/comments?post=50107"}],"wp:featuredmedia":[{"embeddable":true,"href":"https:\/\/staging.cdsboutique.com\/en\/wp-json\/wp\/v2\/media\/51171"}],"wp:attachment":[{"href":"https:\/\/staging.cdsboutique.com\/en\/wp-json\/wp\/v2\/media?parent=50107"}],"wp:term":[{"taxonomy":"product_brand","embeddable":true,"href":"https:\/\/staging.cdsboutique.com\/en\/wp-json\/wp\/v2\/product_brand?post=50107"},{"taxonomy":"product_cat","embeddable":true,"href":"https:\/\/staging.cdsboutique.com\/en\/wp-json\/wp\/v2\/product_cat?post=50107"},{"taxonomy":"product_tag","embeddable":true,"href":"https:\/\/staging.cdsboutique.com\/en\/wp-json\/wp\/v2\/product_tag?post=50107"}],"curies":[{"name":"wp","href":"https:\/\/api.w.org\/{rel}","templated":true}]}}