{"id":50319,"date":"2023-03-21T15:08:59","date_gmt":"2023-03-23T16:19:15","guid":{"rendered":"https:\/\/cdsboutique.com\/?post_type=product&#038;p=50319"},"modified":"2026-02-23T08:49:32","modified_gmt":"2026-02-23T13:49:32","slug":"12-fleece-square-beanbags","status":"publish","type":"product","link":"https:\/\/staging.cdsboutique.com\/en\/produit\/12-fleece-square-beanbags\/","title":{"rendered":"12 Fleece Square Beanbags"},"content":{"rendered":"<p><strong>This set of 12 fleece pockets will add colour to every game you play!<\/p>\n<p><\/strong>Your residents have delicate hands and prefer soft textures?<\/p>\n<p>Then, we have the solution. These weighted, yet easy-to-grab, pockets will ensure that play sessions are soft and fun.<\/p>\n<p>Because they will\u00a0fit perfectly in seniors&#8217; hands, it will be easier for them to score!<\/p>\n<p>The pockets are 10.2 cm (4.13 in) and are perfect for easy gripping.<\/p>\n<p>6 colours, 12 pockets.<\/p>\n","protected":false},"excerpt":{"rendered":"<p>This set of 12 fleece pockets will add colour to every game you play! Your residents have delicate hands and prefer soft textures? Then, we have the solution. These weighted, yet easy-to-grab, pockets will ensure that play sessions are soft and fun. Because they will\u00a0fit perfectly in seniors&#8217; hands, it will be easier for them [&hellip;]<\/p>\n","protected":false},"featured_media":50307,"comment_status":"open","ping_status":"closed","template":"","meta":{"_acf_changed":false},"product_brand":[],"product_cat":[4736,4401,3003],"product_tag":[],"class_list":{"0":"post-50319","1":"product","2":"type-product","3":"status-publish","4":"has-post-thumbnail","6":"product_cat-active-games","7":"product_cat-all","8":"product_cat-sand-bag-games-en","9":"product_shipping_class-frais-de-livraison-en","11":"first","12":"instock","13":"taxable","14":"shipping-taxable","15":"purchasable","16":"product-type-simple"},"bundled_by":[],"bundle_stock_status":"instock","bundle_stock_quantity":null,"bundle_virtual":false,"bundle_layout":"","bundle_add_to_cart_form_location":"","bundle_editable_in_cart":false,"bundle_sold_individually_context":"","bundle_item_grouping":"","bundle_min_size":"","bundle_max_size":"","bundle_price":[],"bundled_items":[],"bundle_sell_ids":[],"acf":[],"featured_image_urls_v2":{"full":["https:\/\/staging.cdsboutique.com\/wp-content\/uploads\/2023\/03\/2781_ens_poches_polar.jpeg",450,450,false],"thumbnail":["https:\/\/staging.cdsboutique.com\/wp-content\/uploads\/2023\/03\/2781_ens_poches_polar-150x150.jpeg",150,150,true],"medium":["https:\/\/staging.cdsboutique.com\/wp-content\/uploads\/2023\/03\/2781_ens_poches_polar-300x300.jpeg",300,300,true],"medium_large":["https:\/\/staging.cdsboutique.com\/wp-content\/uploads\/2023\/03\/2781_ens_poches_polar.jpeg",450,450,false],"large":["https:\/\/staging.cdsboutique.com\/wp-content\/uploads\/2023\/03\/2781_ens_poches_polar.jpeg",450,450,false],"1536x1536":["https:\/\/staging.cdsboutique.com\/wp-content\/uploads\/2023\/03\/2781_ens_poches_polar.jpeg",450,450,false],"2048x2048":["https:\/\/staging.cdsboutique.com\/wp-content\/uploads\/2023\/03\/2781_ens_poches_polar.jpeg",450,450,false],"gform-image-choice-sm":["https:\/\/staging.cdsboutique.com\/wp-content\/uploads\/2023\/03\/2781_ens_poches_polar.jpeg",300,300,false],"gform-image-choice-md":["https:\/\/staging.cdsboutique.com\/wp-content\/uploads\/2023\/03\/2781_ens_poches_polar.jpeg",400,400,false],"gform-image-choice-lg":["https:\/\/staging.cdsboutique.com\/wp-content\/uploads\/2023\/03\/2781_ens_poches_polar.jpeg",450,450,false],"woocommerce_thumbnail":["https:\/\/staging.cdsboutique.com\/wp-content\/uploads\/2023\/03\/2781_ens_poches_polar-300x300.jpeg",300,300,true],"woocommerce_single":["https:\/\/staging.cdsboutique.com\/wp-content\/uploads\/2023\/03\/2781_ens_poches_polar.jpeg",450,450,false],"woocommerce_gallery_thumbnail":["https:\/\/staging.cdsboutique.com\/wp-content\/uploads\/2023\/03\/2781_ens_poches_polar-100x100.jpeg",100,100,true],"variation_swatches_image_size":["https:\/\/staging.cdsboutique.com\/wp-content\/uploads\/2023\/03\/2781_ens_poches_polar.jpeg",50,50,false],"variation_swatches_tooltip_size":["https:\/\/staging.cdsboutique.com\/wp-content\/uploads\/2023\/03\/2781_ens_poches_polar.jpeg",100,100,false],"logo-size":["https:\/\/staging.cdsboutique.com\/wp-content\/uploads\/2023\/03\/2781_ens_poches_polar-84x84.jpeg",84,84,true],"blog":["https:\/\/staging.cdsboutique.com\/wp-content\/uploads\/2023\/03\/2781_ens_poches_polar-350x260.jpeg",350,260,true]},"post_excerpt_stackable_v2":"<p>This set of 12 fleece pockets will add colour to every game you play! Your residents have delicate hands and prefer soft textures? Then, we have the solution. These weighted, yet easy-to-grab, pockets will ensure that play sessions are soft and fun. Because they will\u00a0fit perfectly in seniors&#8217; hands, it will be easier for them to score! The pockets are 10.2 cm (4.13 in) and are perfect for easy gripping. 6 colours, 12 pockets.<\/p>\n","category_list_v2":"","author_info_v2":{"name":"","url":""},"comments_num_v2":"0 comments","yoast_head":"<!-- This site is optimized with the Yoast SEO plugin v27.4 - https:\/\/yoast.com\/product\/yoast-seo-wordpress\/ -->\n<title>12 Fleece Square Beanbags - CDS boutique A\u00een\u00e9s<\/title>\n<meta name=\"robots\" content=\"noindex, follow, max-snippet:-1, max-image-preview:large, max-video-preview:-1\" \/>\n<meta property=\"og:locale\" content=\"en_US\" \/>\n<meta property=\"og:type\" content=\"article\" \/>\n<meta property=\"og:title\" content=\"12 Fleece Square Beanbags - CDS boutique A\u00een\u00e9s\" \/>\n<meta property=\"og:description\" content=\"This set of 12 fleece pockets will add colour to every game you play! Your residents have delicate hands and prefer soft textures? Then, we have the solution. These weighted, yet easy-to-grab, pockets will ensure that play sessions are soft and fun. Because they will\u00a0fit perfectly in seniors&#8217; hands, it will be easier for them [&hellip;]\" \/>\n<meta property=\"og:url\" content=\"https:\/\/staging.cdsboutique.com\/en\/product\/12-fleece-square-beanbags\/\" \/>\n<meta property=\"og:site_name\" content=\"CDS boutique A\u00een\u00e9s\" \/>\n<meta property=\"article:publisher\" content=\"https:\/\/www.facebook.com\/CDSBoutique.Aines.Seniors\" \/>\n<meta property=\"article:modified_time\" content=\"2026-02-23T13:49:32+00:00\" \/>\n<meta property=\"og:image\" content=\"https:\/\/staging.cdsboutique.com\/wp-content\/uploads\/2023\/03\/2781_ens_poches_polar.jpeg\" \/>\n\t<meta property=\"og:image:width\" content=\"450\" \/>\n\t<meta property=\"og:image:height\" content=\"450\" \/>\n\t<meta property=\"og:image:type\" content=\"image\/jpeg\" \/>\n<meta name=\"twitter:card\" content=\"summary_large_image\" \/>\n<meta name=\"twitter:label1\" content=\"Est. reading time\" \/>\n\t<meta name=\"twitter:data1\" content=\"1 minute\" \/>\n<script type=\"application\/ld+json\" class=\"yoast-schema-graph\">{\"@context\":\"https:\\\/\\\/schema.org\",\"@graph\":[{\"@type\":\"WebPage\",\"@id\":\"https:\\\/\\\/staging.cdsboutique.com\\\/en\\\/product\\\/12-fleece-square-beanbags\\\/\",\"url\":\"https:\\\/\\\/staging.cdsboutique.com\\\/en\\\/product\\\/12-fleece-square-beanbags\\\/\",\"name\":\"12 Fleece Square Beanbags - CDS boutique A\u00een\u00e9s\",\"isPartOf\":{\"@id\":\"https:\\\/\\\/staging.cdsboutique.com\\\/#website\"},\"primaryImageOfPage\":{\"@id\":\"https:\\\/\\\/staging.cdsboutique.com\\\/en\\\/product\\\/12-fleece-square-beanbags\\\/#primaryimage\"},\"image\":{\"@id\":\"https:\\\/\\\/staging.cdsboutique.com\\\/en\\\/product\\\/12-fleece-square-beanbags\\\/#primaryimage\"},\"thumbnailUrl\":\"https:\\\/\\\/staging.cdsboutique.com\\\/wp-content\\\/uploads\\\/2023\\\/03\\\/2781_ens_poches_polar.jpeg\",\"datePublished\":\"2023-03-23T16:19:15+00:00\",\"dateModified\":\"2026-02-23T13:49:32+00:00\",\"breadcrumb\":{\"@id\":\"https:\\\/\\\/staging.cdsboutique.com\\\/en\\\/product\\\/12-fleece-square-beanbags\\\/#breadcrumb\"},\"inLanguage\":\"en-US\",\"potentialAction\":[{\"@type\":\"ReadAction\",\"target\":[\"https:\\\/\\\/staging.cdsboutique.com\\\/en\\\/product\\\/12-fleece-square-beanbags\\\/\"]}]},{\"@type\":\"ImageObject\",\"inLanguage\":\"en-US\",\"@id\":\"https:\\\/\\\/staging.cdsboutique.com\\\/en\\\/product\\\/12-fleece-square-beanbags\\\/#primaryimage\",\"url\":\"https:\\\/\\\/staging.cdsboutique.com\\\/wp-content\\\/uploads\\\/2023\\\/03\\\/2781_ens_poches_polar.jpeg\",\"contentUrl\":\"https:\\\/\\\/staging.cdsboutique.com\\\/wp-content\\\/uploads\\\/2023\\\/03\\\/2781_ens_poches_polar.jpeg\",\"width\":450,\"height\":450},{\"@type\":\"BreadcrumbList\",\"@id\":\"https:\\\/\\\/staging.cdsboutique.com\\\/en\\\/product\\\/12-fleece-square-beanbags\\\/#breadcrumb\",\"itemListElement\":[{\"@type\":\"ListItem\",\"position\":1,\"name\":\"Home\",\"item\":\"https:\\\/\\\/staging.cdsboutique.com\\\/en\\\/\"},{\"@type\":\"ListItem\",\"position\":2,\"name\":\"Products\",\"item\":\"https:\\\/\\\/staging.cdsboutique.com\\\/en\\\/products\\\/\"},{\"@type\":\"ListItem\",\"position\":3,\"name\":\"12 Fleece Square Beanbags\"}]},{\"@type\":\"WebSite\",\"@id\":\"https:\\\/\\\/staging.cdsboutique.com\\\/#website\",\"url\":\"https:\\\/\\\/staging.cdsboutique.com\\\/\",\"name\":\"CDS boutique A\u00een\u00e9s\",\"description\":\"Pour une meilleure qualit\u00e9 de vie\",\"publisher\":{\"@id\":\"https:\\\/\\\/staging.cdsboutique.com\\\/#organization\"},\"potentialAction\":[{\"@type\":\"SearchAction\",\"target\":{\"@type\":\"EntryPoint\",\"urlTemplate\":\"https:\\\/\\\/staging.cdsboutique.com\\\/?s={search_term_string}\"},\"query-input\":{\"@type\":\"PropertyValueSpecification\",\"valueRequired\":true,\"valueName\":\"search_term_string\"}}],\"inLanguage\":\"en-US\"},{\"@type\":\"Organization\",\"@id\":\"https:\\\/\\\/staging.cdsboutique.com\\\/#organization\",\"name\":\"CDS Boutique\",\"url\":\"https:\\\/\\\/staging.cdsboutique.com\\\/\",\"logo\":{\"@type\":\"ImageObject\",\"inLanguage\":\"en-US\",\"@id\":\"https:\\\/\\\/staging.cdsboutique.com\\\/#\\\/schema\\\/logo\\\/image\\\/\",\"url\":\"https:\\\/\\\/staging.cdsboutique.com\\\/wp-content\\\/uploads\\\/2024\\\/09\\\/logoCDS-Boutique_final2024.jpg\",\"contentUrl\":\"https:\\\/\\\/staging.cdsboutique.com\\\/wp-content\\\/uploads\\\/2024\\\/09\\\/logoCDS-Boutique_final2024.jpg\",\"width\":900,\"height\":600,\"caption\":\"CDS Boutique\"},\"image\":{\"@id\":\"https:\\\/\\\/staging.cdsboutique.com\\\/#\\\/schema\\\/logo\\\/image\\\/\"},\"sameAs\":[\"https:\\\/\\\/www.facebook.com\\\/CDSBoutique.Aines.Seniors\",\"https:\\\/\\\/www.youtube.com\\\/@cdsboutique4046\",\"https:\\\/\\\/www.linkedin.com\\\/company\\\/cds-boutique\\\/\",\"https:\\\/\\\/www.instagram.com\\\/cdsboutique\\\/\"]}]}<\/script>\n<!-- \/ Yoast SEO plugin. -->","yoast_head_json":{"title":"12 Fleece Square Beanbags - CDS boutique A\u00een\u00e9s","robots":{"index":"noindex","follow":"follow","max-snippet":"max-snippet:-1","max-image-preview":"max-image-preview:large","max-video-preview":"max-video-preview:-1"},"og_locale":"en_US","og_type":"article","og_title":"12 Fleece Square Beanbags - CDS boutique A\u00een\u00e9s","og_description":"This set of 12 fleece pockets will add colour to every game you play! Your residents have delicate hands and prefer soft textures? Then, we have the solution. These weighted, yet easy-to-grab, pockets will ensure that play sessions are soft and fun. Because they will\u00a0fit perfectly in seniors&#8217; hands, it will be easier for them [&hellip;]","og_url":"https:\/\/staging.cdsboutique.com\/en\/product\/12-fleece-square-beanbags\/","og_site_name":"CDS boutique A\u00een\u00e9s","article_publisher":"https:\/\/www.facebook.com\/CDSBoutique.Aines.Seniors","article_modified_time":"2026-02-23T13:49:32+00:00","og_image":[{"width":450,"height":450,"url":"https:\/\/staging.cdsboutique.com\/wp-content\/uploads\/2023\/03\/2781_ens_poches_polar.jpeg","type":"image\/jpeg"}],"twitter_card":"summary_large_image","twitter_misc":{"Est. reading time":"1 minute"},"schema":{"@context":"https:\/\/schema.org","@graph":[{"@type":"WebPage","@id":"https:\/\/staging.cdsboutique.com\/en\/product\/12-fleece-square-beanbags\/","url":"https:\/\/staging.cdsboutique.com\/en\/product\/12-fleece-square-beanbags\/","name":"12 Fleece Square Beanbags - CDS boutique A\u00een\u00e9s","isPartOf":{"@id":"https:\/\/staging.cdsboutique.com\/#website"},"primaryImageOfPage":{"@id":"https:\/\/staging.cdsboutique.com\/en\/product\/12-fleece-square-beanbags\/#primaryimage"},"image":{"@id":"https:\/\/staging.cdsboutique.com\/en\/product\/12-fleece-square-beanbags\/#primaryimage"},"thumbnailUrl":"https:\/\/staging.cdsboutique.com\/wp-content\/uploads\/2023\/03\/2781_ens_poches_polar.jpeg","datePublished":"2023-03-23T16:19:15+00:00","dateModified":"2026-02-23T13:49:32+00:00","breadcrumb":{"@id":"https:\/\/staging.cdsboutique.com\/en\/product\/12-fleece-square-beanbags\/#breadcrumb"},"inLanguage":"en-US","potentialAction":[{"@type":"ReadAction","target":["https:\/\/staging.cdsboutique.com\/en\/product\/12-fleece-square-beanbags\/"]}]},{"@type":"ImageObject","inLanguage":"en-US","@id":"https:\/\/staging.cdsboutique.com\/en\/product\/12-fleece-square-beanbags\/#primaryimage","url":"https:\/\/staging.cdsboutique.com\/wp-content\/uploads\/2023\/03\/2781_ens_poches_polar.jpeg","contentUrl":"https:\/\/staging.cdsboutique.com\/wp-content\/uploads\/2023\/03\/2781_ens_poches_polar.jpeg","width":450,"height":450},{"@type":"BreadcrumbList","@id":"https:\/\/staging.cdsboutique.com\/en\/product\/12-fleece-square-beanbags\/#breadcrumb","itemListElement":[{"@type":"ListItem","position":1,"name":"Home","item":"https:\/\/staging.cdsboutique.com\/en\/"},{"@type":"ListItem","position":2,"name":"Products","item":"https:\/\/staging.cdsboutique.com\/en\/products\/"},{"@type":"ListItem","position":3,"name":"12 Fleece Square Beanbags"}]},{"@type":"WebSite","@id":"https:\/\/staging.cdsboutique.com\/#website","url":"https:\/\/staging.cdsboutique.com\/","name":"CDS boutique A\u00een\u00e9s","description":"Pour une meilleure qualit\u00e9 de vie","publisher":{"@id":"https:\/\/staging.cdsboutique.com\/#organization"},"potentialAction":[{"@type":"SearchAction","target":{"@type":"EntryPoint","urlTemplate":"https:\/\/staging.cdsboutique.com\/?s={search_term_string}"},"query-input":{"@type":"PropertyValueSpecification","valueRequired":true,"valueName":"search_term_string"}}],"inLanguage":"en-US"},{"@type":"Organization","@id":"https:\/\/staging.cdsboutique.com\/#organization","name":"CDS Boutique","url":"https:\/\/staging.cdsboutique.com\/","logo":{"@type":"ImageObject","inLanguage":"en-US","@id":"https:\/\/staging.cdsboutique.com\/#\/schema\/logo\/image\/","url":"https:\/\/staging.cdsboutique.com\/wp-content\/uploads\/2024\/09\/logoCDS-Boutique_final2024.jpg","contentUrl":"https:\/\/staging.cdsboutique.com\/wp-content\/uploads\/2024\/09\/logoCDS-Boutique_final2024.jpg","width":900,"height":600,"caption":"CDS Boutique"},"image":{"@id":"https:\/\/staging.cdsboutique.com\/#\/schema\/logo\/image\/"},"sameAs":["https:\/\/www.facebook.com\/CDSBoutique.Aines.Seniors","https:\/\/www.youtube.com\/@cdsboutique4046","https:\/\/www.linkedin.com\/company\/cds-boutique\/","https:\/\/www.instagram.com\/cdsboutique\/"]}]}},"_links":{"self":[{"href":"https:\/\/staging.cdsboutique.com\/en\/wp-json\/wp\/v2\/product\/50319","targetHints":{"allow":["GET"]}}],"collection":[{"href":"https:\/\/staging.cdsboutique.com\/en\/wp-json\/wp\/v2\/product"}],"about":[{"href":"https:\/\/staging.cdsboutique.com\/en\/wp-json\/wp\/v2\/types\/product"}],"replies":[{"embeddable":true,"href":"https:\/\/staging.cdsboutique.com\/en\/wp-json\/wp\/v2\/comments?post=50319"}],"wp:featuredmedia":[{"embeddable":true,"href":"https:\/\/staging.cdsboutique.com\/en\/wp-json\/wp\/v2\/media\/50307"}],"wp:attachment":[{"href":"https:\/\/staging.cdsboutique.com\/en\/wp-json\/wp\/v2\/media?parent=50319"}],"wp:term":[{"taxonomy":"product_brand","embeddable":true,"href":"https:\/\/staging.cdsboutique.com\/en\/wp-json\/wp\/v2\/product_brand?post=50319"},{"taxonomy":"product_cat","embeddable":true,"href":"https:\/\/staging.cdsboutique.com\/en\/wp-json\/wp\/v2\/product_cat?post=50319"},{"taxonomy":"product_tag","embeddable":true,"href":"https:\/\/staging.cdsboutique.com\/en\/wp-json\/wp\/v2\/product_tag?post=50319"}],"curies":[{"name":"wp","href":"https:\/\/api.w.org\/{rel}","templated":true}]}}