{"id":50460,"date":"2023-04-20T10:22:52","date_gmt":"2023-03-28T15:01:16","guid":{"rendered":"https:\/\/cdsboutique.com\/?post_type=product&#038;p=50460"},"modified":"2025-10-21T10:07:53","modified_gmt":"2025-10-21T14:07:53","slug":"inmudance-interactive-cushion","status":"publish","type":"product","link":"https:\/\/staging.cdsboutique.com\/en\/produit\/inmudance-interactive-cushion\/","title":{"rendered":"inmuDANCE &#8211; multisensory interactive cushion"},"content":{"rendered":"<p><iframe loading=\"lazy\" title=\"D\u00e9couvrez le son du coussin interactif inmuDANCE!\" width=\"980\" height=\"551\" src=\"https:\/\/www.youtube.com\/embed\/gfqPOIwqpyQ?feature=oembed&#038;enablejsapi=1&#038;origin=https:\/\/staging.cdsboutique.com\" frameborder=\"0\" allow=\"accelerometer; autoplay; clipboard-write; encrypted-media; gyroscope; picture-in-picture; web-share\" referrerpolicy=\"strict-origin-when-cross-origin\" allowfullscreen><\/iframe><\/p>\n<p><strong>The\u00a0inmuDANCE is a unique sensory stimulation tool. It translates touch and movement into music, soft vibrations and tactile stimulation.<\/strong><\/p>\n<p>inmuDANCE <strong>encourages movement, happiness, and pleasure<\/strong> through a rhythmical <strong>musical universe inspired by the 196Os and the energetic bossa nova<\/strong>. The music develops and intensifies together with the level of movement.<\/p>\n<p>A rubber band attached to the back makes it easy to hold on to. There are no buttons \u2013 just touch it and it starts to play and interact with you.<\/p>\n<p>Feel free to share it with the group to stimulate group cohesion, during your dance party with seniors! YOU create the rhythm.<\/p>\n<p>inmuDANCE is perfect for:<\/p>\n<p>Stimulating motor skills and movement<br \/>\nAwakening the senses of touch and hearing<br \/>\nHelping calm excess overexcitement<br \/>\nFacilitating communication and sharing with the group!<\/p>\n<p><strong>Good to know:<\/strong><\/p>\n<p>The inmu is a hygienic tool, and its protection is easily washable. The inside of the inmu is water-resistant and can be cleaned with a sanitizer.<\/p>\n<p>The inmu is made of durable, natural and hypoallergenic materials. Three levels of volume are available.<\/p>\n<p>Details : 22 cm x 23 cm ( 8,5 x 9 inches )<\/p>\n<p>Charger included. <strong>Up to 3 weeks battery life for regular use.<\/strong><\/p>\n<p><strong>This product is not refundable or exchangeable for hygiene reasons. <\/strong><\/p>\n","protected":false},"excerpt":{"rendered":"<p><strong>The inmuDANCE is a unique sensory stimulation tool. It translates touch and movement into music, soft vibrations, and tactile stimulation.<\/strong><\/p>\n<p>inmuDANCE <strong>encourages movement, happiness, and pleasure<\/strong> through a rhythmical <strong>musical universe inspired by the 196Os and the energetic bossa nova<\/strong>. The music develops and intensifies together with the level of movement.<\/p>\n","protected":false},"featured_media":49671,"comment_status":"open","ping_status":"closed","template":"","meta":{"_acf_changed":false},"product_brand":[],"product_cat":[4736,4401,2966,4091],"product_tag":[],"class_list":{"0":"post-50460","1":"product","2":"type-product","3":"status-publish","4":"has-post-thumbnail","6":"product_cat-active-games","7":"product_cat-all","8":"product_cat-instruments","9":"product_cat-new-arrivals","10":"product_shipping_class-free-delivary","11":"pa_couleur-blue","12":"pa_couleur-pink","13":"pa_couleur-sand-en","15":"first","16":"instock","17":"taxable","18":"shipping-taxable","19":"purchasable","20":"product-type-simple"},"bundled_by":[],"bundle_stock_status":"instock","bundle_stock_quantity":null,"bundle_virtual":false,"bundle_layout":"","bundle_add_to_cart_form_location":"","bundle_editable_in_cart":false,"bundle_sold_individually_context":"","bundle_item_grouping":"","bundle_min_size":"","bundle_max_size":"","bundle_price":[],"bundled_items":[],"bundle_sell_ids":[],"acf":[],"featured_image_urls_v2":{"full":["https:\/\/staging.cdsboutique.com\/wp-content\/uploads\/2023\/02\/inmu_dance_redim_web-5.png",326,326,false],"thumbnail":["https:\/\/staging.cdsboutique.com\/wp-content\/uploads\/2023\/02\/inmu_dance_redim_web-5-150x150.png",150,150,true],"medium":["https:\/\/staging.cdsboutique.com\/wp-content\/uploads\/2023\/02\/inmu_dance_redim_web-5-300x300.png",300,300,true],"medium_large":["https:\/\/staging.cdsboutique.com\/wp-content\/uploads\/2023\/02\/inmu_dance_redim_web-5.png",326,326,false],"large":["https:\/\/staging.cdsboutique.com\/wp-content\/uploads\/2023\/02\/inmu_dance_redim_web-5.png",326,326,false],"1536x1536":["https:\/\/staging.cdsboutique.com\/wp-content\/uploads\/2023\/02\/inmu_dance_redim_web-5.png",326,326,false],"2048x2048":["https:\/\/staging.cdsboutique.com\/wp-content\/uploads\/2023\/02\/inmu_dance_redim_web-5.png",326,326,false],"gform-image-choice-sm":["https:\/\/staging.cdsboutique.com\/wp-content\/uploads\/2023\/02\/inmu_dance_redim_web-5.png",300,300,false],"gform-image-choice-md":["https:\/\/staging.cdsboutique.com\/wp-content\/uploads\/2023\/02\/inmu_dance_redim_web-5.png",326,326,false],"gform-image-choice-lg":["https:\/\/staging.cdsboutique.com\/wp-content\/uploads\/2023\/02\/inmu_dance_redim_web-5.png",326,326,false],"woocommerce_thumbnail":["https:\/\/staging.cdsboutique.com\/wp-content\/uploads\/2023\/02\/inmu_dance_redim_web-5-300x300.png",300,300,true],"woocommerce_single":["https:\/\/staging.cdsboutique.com\/wp-content\/uploads\/2023\/02\/inmu_dance_redim_web-5.png",326,326,false],"woocommerce_gallery_thumbnail":["https:\/\/staging.cdsboutique.com\/wp-content\/uploads\/2023\/02\/inmu_dance_redim_web-5-100x100.png",100,100,true],"variation_swatches_image_size":["https:\/\/staging.cdsboutique.com\/wp-content\/uploads\/2023\/02\/inmu_dance_redim_web-5.png",50,50,false],"variation_swatches_tooltip_size":["https:\/\/staging.cdsboutique.com\/wp-content\/uploads\/2023\/02\/inmu_dance_redim_web-5.png",100,100,false],"logo-size":["https:\/\/staging.cdsboutique.com\/wp-content\/uploads\/2023\/02\/inmu_dance_redim_web-5-84x84.png",84,84,true],"blog":["https:\/\/staging.cdsboutique.com\/wp-content\/uploads\/2023\/02\/inmu_dance_redim_web-5-326x260.png",326,260,true]},"post_excerpt_stackable_v2":"<p><strong>The inmuDANCE is a unique sensory stimulation tool. It translates touch and movement into music, soft vibrations, and tactile stimulation.<\/strong><\/p>\n<p>inmuDANCE <strong>encourages movement, happiness, and pleasure<\/strong> through a rhythmical <strong>musical universe inspired by the 196Os and the energetic bossa nova<\/strong>. The music develops and intensifies together with the level of movement.<\/p>\n","category_list_v2":"","author_info_v2":{"name":"","url":""},"comments_num_v2":"0 comments","yoast_head":"<!-- This site is optimized with the Yoast SEO plugin v27.4 - https:\/\/yoast.com\/product\/yoast-seo-wordpress\/ -->\n<title>inmuDANCE - multisensory interactive cushion - CDS boutique A\u00een\u00e9s<\/title>\n<meta name=\"description\" content=\"The\u00a0inmuDANCE is a unique sensory stimulation tool. It translates touch and movement into music, soft vibrations and tactile stimulation.\" \/>\n<meta name=\"robots\" content=\"noindex, follow, max-snippet:-1, max-image-preview:large, max-video-preview:-1\" \/>\n<meta property=\"og:locale\" content=\"en_US\" \/>\n<meta property=\"og:type\" content=\"article\" \/>\n<meta property=\"og:title\" content=\"inmuDANCE - multisensory interactive cushion - CDS boutique A\u00een\u00e9s\" \/>\n<meta property=\"og:description\" content=\"The\u00a0inmuDANCE is a unique sensory stimulation tool. It translates touch and movement into music, soft vibrations and tactile stimulation.\" \/>\n<meta property=\"og:url\" content=\"https:\/\/staging.cdsboutique.com\/en\/product\/inmudance-interactive-cushion\/\" \/>\n<meta property=\"og:site_name\" content=\"CDS boutique A\u00een\u00e9s\" \/>\n<meta property=\"article:publisher\" content=\"https:\/\/www.facebook.com\/CDSBoutique.Aines.Seniors\" \/>\n<meta property=\"article:modified_time\" content=\"2025-10-21T14:07:53+00:00\" \/>\n<meta property=\"og:image\" content=\"https:\/\/staging.cdsboutique.com\/wp-content\/uploads\/2023\/02\/inmu_dance_redim_web-5.png?_t=1761055673\" \/>\n\t<meta property=\"og:image:width\" content=\"326\" \/>\n\t<meta property=\"og:image:height\" content=\"326\" \/>\n\t<meta property=\"og:image:type\" content=\"image\/png\" \/>\n<meta name=\"twitter:card\" content=\"summary_large_image\" \/>\n<meta name=\"twitter:label1\" content=\"Est. reading time\" \/>\n\t<meta name=\"twitter:data1\" content=\"2 minutes\" \/>\n<script type=\"application\/ld+json\" class=\"yoast-schema-graph\">{\"@context\":\"https:\\\/\\\/schema.org\",\"@graph\":[{\"@type\":\"WebPage\",\"@id\":\"https:\\\/\\\/staging.cdsboutique.com\\\/en\\\/product\\\/inmudance-interactive-cushion\\\/\",\"url\":\"https:\\\/\\\/staging.cdsboutique.com\\\/en\\\/product\\\/inmudance-interactive-cushion\\\/\",\"name\":\"inmuDANCE - multisensory interactive cushion - CDS boutique A\u00een\u00e9s\",\"isPartOf\":{\"@id\":\"https:\\\/\\\/staging.cdsboutique.com\\\/#website\"},\"primaryImageOfPage\":{\"@id\":\"https:\\\/\\\/staging.cdsboutique.com\\\/en\\\/product\\\/inmudance-interactive-cushion\\\/#primaryimage\"},\"image\":{\"@id\":\"https:\\\/\\\/staging.cdsboutique.com\\\/en\\\/product\\\/inmudance-interactive-cushion\\\/#primaryimage\"},\"thumbnailUrl\":\"https:\\\/\\\/staging.cdsboutique.com\\\/wp-content\\\/uploads\\\/2023\\\/02\\\/inmu_dance_redim_web-5.png\",\"datePublished\":\"2023-03-28T15:01:16+00:00\",\"dateModified\":\"2025-10-21T14:07:53+00:00\",\"description\":\"The\u00a0inmuDANCE is a unique sensory stimulation tool. It translates touch and movement into music, soft vibrations and tactile stimulation.\",\"breadcrumb\":{\"@id\":\"https:\\\/\\\/staging.cdsboutique.com\\\/en\\\/product\\\/inmudance-interactive-cushion\\\/#breadcrumb\"},\"inLanguage\":\"en-US\",\"potentialAction\":[{\"@type\":\"ReadAction\",\"target\":[\"https:\\\/\\\/staging.cdsboutique.com\\\/en\\\/product\\\/inmudance-interactive-cushion\\\/\"]}]},{\"@type\":\"ImageObject\",\"inLanguage\":\"en-US\",\"@id\":\"https:\\\/\\\/staging.cdsboutique.com\\\/en\\\/product\\\/inmudance-interactive-cushion\\\/#primaryimage\",\"url\":\"https:\\\/\\\/staging.cdsboutique.com\\\/wp-content\\\/uploads\\\/2023\\\/02\\\/inmu_dance_redim_web-5.png\",\"contentUrl\":\"https:\\\/\\\/staging.cdsboutique.com\\\/wp-content\\\/uploads\\\/2023\\\/02\\\/inmu_dance_redim_web-5.png\",\"width\":326,\"height\":326},{\"@type\":\"BreadcrumbList\",\"@id\":\"https:\\\/\\\/staging.cdsboutique.com\\\/en\\\/product\\\/inmudance-interactive-cushion\\\/#breadcrumb\",\"itemListElement\":[{\"@type\":\"ListItem\",\"position\":1,\"name\":\"Home\",\"item\":\"https:\\\/\\\/staging.cdsboutique.com\\\/en\\\/\"},{\"@type\":\"ListItem\",\"position\":2,\"name\":\"Products\",\"item\":\"https:\\\/\\\/staging.cdsboutique.com\\\/en\\\/products\\\/\"},{\"@type\":\"ListItem\",\"position\":3,\"name\":\"inmuDANCE &#8211; multisensory interactive cushion\"}]},{\"@type\":\"WebSite\",\"@id\":\"https:\\\/\\\/staging.cdsboutique.com\\\/#website\",\"url\":\"https:\\\/\\\/staging.cdsboutique.com\\\/\",\"name\":\"CDS boutique A\u00een\u00e9s\",\"description\":\"Pour une meilleure qualit\u00e9 de vie\",\"publisher\":{\"@id\":\"https:\\\/\\\/staging.cdsboutique.com\\\/#organization\"},\"potentialAction\":[{\"@type\":\"SearchAction\",\"target\":{\"@type\":\"EntryPoint\",\"urlTemplate\":\"https:\\\/\\\/staging.cdsboutique.com\\\/?s={search_term_string}\"},\"query-input\":{\"@type\":\"PropertyValueSpecification\",\"valueRequired\":true,\"valueName\":\"search_term_string\"}}],\"inLanguage\":\"en-US\"},{\"@type\":\"Organization\",\"@id\":\"https:\\\/\\\/staging.cdsboutique.com\\\/#organization\",\"name\":\"CDS Boutique\",\"url\":\"https:\\\/\\\/staging.cdsboutique.com\\\/\",\"logo\":{\"@type\":\"ImageObject\",\"inLanguage\":\"en-US\",\"@id\":\"https:\\\/\\\/staging.cdsboutique.com\\\/#\\\/schema\\\/logo\\\/image\\\/\",\"url\":\"https:\\\/\\\/staging.cdsboutique.com\\\/wp-content\\\/uploads\\\/2024\\\/09\\\/logoCDS-Boutique_final2024.jpg\",\"contentUrl\":\"https:\\\/\\\/staging.cdsboutique.com\\\/wp-content\\\/uploads\\\/2024\\\/09\\\/logoCDS-Boutique_final2024.jpg\",\"width\":900,\"height\":600,\"caption\":\"CDS Boutique\"},\"image\":{\"@id\":\"https:\\\/\\\/staging.cdsboutique.com\\\/#\\\/schema\\\/logo\\\/image\\\/\"},\"sameAs\":[\"https:\\\/\\\/www.facebook.com\\\/CDSBoutique.Aines.Seniors\",\"https:\\\/\\\/www.youtube.com\\\/@cdsboutique4046\",\"https:\\\/\\\/www.linkedin.com\\\/company\\\/cds-boutique\\\/\",\"https:\\\/\\\/www.instagram.com\\\/cdsboutique\\\/\"]}]}<\/script>\n<!-- \/ Yoast SEO plugin. -->","yoast_head_json":{"title":"inmuDANCE - multisensory interactive cushion - CDS boutique A\u00een\u00e9s","description":"The\u00a0inmuDANCE is a unique sensory stimulation tool. It translates touch and movement into music, soft vibrations and tactile stimulation.","robots":{"index":"noindex","follow":"follow","max-snippet":"max-snippet:-1","max-image-preview":"max-image-preview:large","max-video-preview":"max-video-preview:-1"},"og_locale":"en_US","og_type":"article","og_title":"inmuDANCE - multisensory interactive cushion - CDS boutique A\u00een\u00e9s","og_description":"The\u00a0inmuDANCE is a unique sensory stimulation tool. It translates touch and movement into music, soft vibrations and tactile stimulation.","og_url":"https:\/\/staging.cdsboutique.com\/en\/product\/inmudance-interactive-cushion\/","og_site_name":"CDS boutique A\u00een\u00e9s","article_publisher":"https:\/\/www.facebook.com\/CDSBoutique.Aines.Seniors","article_modified_time":"2025-10-21T14:07:53+00:00","og_image":[{"width":326,"height":326,"url":"https:\/\/staging.cdsboutique.com\/wp-content\/uploads\/2023\/02\/inmu_dance_redim_web-5.png?_t=1761055673","type":"image\/png"}],"twitter_card":"summary_large_image","twitter_misc":{"Est. reading time":"2 minutes"},"schema":{"@context":"https:\/\/schema.org","@graph":[{"@type":"WebPage","@id":"https:\/\/staging.cdsboutique.com\/en\/product\/inmudance-interactive-cushion\/","url":"https:\/\/staging.cdsboutique.com\/en\/product\/inmudance-interactive-cushion\/","name":"inmuDANCE - multisensory interactive cushion - CDS boutique A\u00een\u00e9s","isPartOf":{"@id":"https:\/\/staging.cdsboutique.com\/#website"},"primaryImageOfPage":{"@id":"https:\/\/staging.cdsboutique.com\/en\/product\/inmudance-interactive-cushion\/#primaryimage"},"image":{"@id":"https:\/\/staging.cdsboutique.com\/en\/product\/inmudance-interactive-cushion\/#primaryimage"},"thumbnailUrl":"https:\/\/staging.cdsboutique.com\/wp-content\/uploads\/2023\/02\/inmu_dance_redim_web-5.png","datePublished":"2023-03-28T15:01:16+00:00","dateModified":"2025-10-21T14:07:53+00:00","description":"The\u00a0inmuDANCE is a unique sensory stimulation tool. It translates touch and movement into music, soft vibrations and tactile stimulation.","breadcrumb":{"@id":"https:\/\/staging.cdsboutique.com\/en\/product\/inmudance-interactive-cushion\/#breadcrumb"},"inLanguage":"en-US","potentialAction":[{"@type":"ReadAction","target":["https:\/\/staging.cdsboutique.com\/en\/product\/inmudance-interactive-cushion\/"]}]},{"@type":"ImageObject","inLanguage":"en-US","@id":"https:\/\/staging.cdsboutique.com\/en\/product\/inmudance-interactive-cushion\/#primaryimage","url":"https:\/\/staging.cdsboutique.com\/wp-content\/uploads\/2023\/02\/inmu_dance_redim_web-5.png","contentUrl":"https:\/\/staging.cdsboutique.com\/wp-content\/uploads\/2023\/02\/inmu_dance_redim_web-5.png","width":326,"height":326},{"@type":"BreadcrumbList","@id":"https:\/\/staging.cdsboutique.com\/en\/product\/inmudance-interactive-cushion\/#breadcrumb","itemListElement":[{"@type":"ListItem","position":1,"name":"Home","item":"https:\/\/staging.cdsboutique.com\/en\/"},{"@type":"ListItem","position":2,"name":"Products","item":"https:\/\/staging.cdsboutique.com\/en\/products\/"},{"@type":"ListItem","position":3,"name":"inmuDANCE &#8211; multisensory interactive cushion"}]},{"@type":"WebSite","@id":"https:\/\/staging.cdsboutique.com\/#website","url":"https:\/\/staging.cdsboutique.com\/","name":"CDS boutique A\u00een\u00e9s","description":"Pour une meilleure qualit\u00e9 de vie","publisher":{"@id":"https:\/\/staging.cdsboutique.com\/#organization"},"potentialAction":[{"@type":"SearchAction","target":{"@type":"EntryPoint","urlTemplate":"https:\/\/staging.cdsboutique.com\/?s={search_term_string}"},"query-input":{"@type":"PropertyValueSpecification","valueRequired":true,"valueName":"search_term_string"}}],"inLanguage":"en-US"},{"@type":"Organization","@id":"https:\/\/staging.cdsboutique.com\/#organization","name":"CDS Boutique","url":"https:\/\/staging.cdsboutique.com\/","logo":{"@type":"ImageObject","inLanguage":"en-US","@id":"https:\/\/staging.cdsboutique.com\/#\/schema\/logo\/image\/","url":"https:\/\/staging.cdsboutique.com\/wp-content\/uploads\/2024\/09\/logoCDS-Boutique_final2024.jpg","contentUrl":"https:\/\/staging.cdsboutique.com\/wp-content\/uploads\/2024\/09\/logoCDS-Boutique_final2024.jpg","width":900,"height":600,"caption":"CDS Boutique"},"image":{"@id":"https:\/\/staging.cdsboutique.com\/#\/schema\/logo\/image\/"},"sameAs":["https:\/\/www.facebook.com\/CDSBoutique.Aines.Seniors","https:\/\/www.youtube.com\/@cdsboutique4046","https:\/\/www.linkedin.com\/company\/cds-boutique\/","https:\/\/www.instagram.com\/cdsboutique\/"]}]}},"_links":{"self":[{"href":"https:\/\/staging.cdsboutique.com\/en\/wp-json\/wp\/v2\/product\/50460","targetHints":{"allow":["GET"]}}],"collection":[{"href":"https:\/\/staging.cdsboutique.com\/en\/wp-json\/wp\/v2\/product"}],"about":[{"href":"https:\/\/staging.cdsboutique.com\/en\/wp-json\/wp\/v2\/types\/product"}],"replies":[{"embeddable":true,"href":"https:\/\/staging.cdsboutique.com\/en\/wp-json\/wp\/v2\/comments?post=50460"}],"wp:featuredmedia":[{"embeddable":true,"href":"https:\/\/staging.cdsboutique.com\/en\/wp-json\/wp\/v2\/media\/49671"}],"wp:attachment":[{"href":"https:\/\/staging.cdsboutique.com\/en\/wp-json\/wp\/v2\/media?parent=50460"}],"wp:term":[{"taxonomy":"product_brand","embeddable":true,"href":"https:\/\/staging.cdsboutique.com\/en\/wp-json\/wp\/v2\/product_brand?post=50460"},{"taxonomy":"product_cat","embeddable":true,"href":"https:\/\/staging.cdsboutique.com\/en\/wp-json\/wp\/v2\/product_cat?post=50460"},{"taxonomy":"product_tag","embeddable":true,"href":"https:\/\/staging.cdsboutique.com\/en\/wp-json\/wp\/v2\/product_tag?post=50460"}],"curies":[{"name":"wp","href":"https:\/\/api.w.org\/{rel}","templated":true}]}}