{"id":50910,"date":"2023-04-11T15:48:40","date_gmt":"2023-04-11T19:48:40","guid":{"rendered":"https:\/\/cdsboutique.com\/?post_type=product&#038;p=50910"},"modified":"2023-04-13T15:57:38","modified_gmt":"2023-04-13T19:57:38","slug":"puzzle-poke-bowl-500-pcs","status":"publish","type":"product","link":"https:\/\/staging.cdsboutique.com\/en\/produit\/puzzle-poke-bowl-500-pcs\/","title":{"rendered":"Puzzle &#8211; Pok\u00e9 Bowl (500 pcs)"},"content":{"rendered":"<p><strong>Enjoy hours of fun with this colorful Pok\u00e9 Bowl 500-piece puzzle. You will not be left hungry!<\/strong><\/p>\n<p>To prevent any frustration for the players, the pieces fit together perfectly.<\/p>\n<p>This high-quality and fun puzzle has been specially designed to be user-friendly. Indeed, if you want to do puzzles alone or in a group, the circular shape allows you to move around the puzzle.<\/p>\n<p>The circular shape makes moving around the puzzle easier and rotating it on a table to place the different pieces. This circular puzzle is a way to have fun and friendly activities!<\/p>\n<p>As a relaxation tool, puzzles are an excellent opportunity to stimulate cognitive functions. In addition to encouraging reflection and making decisions, jigsaw puzzles are also an excellent tool for working on motor skills.<\/p>\n<p>Length: 52 cm (20.5\u2033)<\/p>\n<p>Contents:<\/p>\n<ul>\n<li>Storage box<\/li>\n<li>500 pieces<\/li>\n<li>One puzzle poster<\/li>\n<\/ul>\n","protected":false},"excerpt":{"rendered":"<p>Enjoy hours of fun with this colorful Pok\u00e9 Bowl 500-piece puzzle. You will not be left hungry! To prevent any frustration for the players, the pieces fit together perfectly. This high-quality and fun puzzle has been specially designed to be user-friendly. Indeed, if you want to do puzzles alone or in a group, the circular [&hellip;]<\/p>\n","protected":false},"featured_media":50902,"comment_status":"open","ping_status":"closed","template":"","meta":{"_acf_changed":false},"product_brand":[],"product_cat":[4401,4721],"product_tag":[],"class_list":{"0":"post-50910","1":"product","2":"type-product","3":"status-publish","4":"has-post-thumbnail","6":"product_cat-all","7":"product_cat-sales-en","8":"product_shipping_class-frais-de-livraison-en","10":"first","11":"instock","12":"sale","13":"taxable","14":"shipping-taxable","15":"purchasable","16":"product-type-simple"},"bundled_by":[],"bundle_stock_status":"instock","bundle_stock_quantity":null,"bundle_virtual":false,"bundle_layout":"","bundle_add_to_cart_form_location":"","bundle_editable_in_cart":false,"bundle_sold_individually_context":"","bundle_item_grouping":"","bundle_min_size":"","bundle_max_size":"","bundle_price":[],"bundled_items":[],"bundle_sell_ids":[],"acf":[],"featured_image_urls_v2":{"full":["https:\/\/staging.cdsboutique.com\/wp-content\/uploads\/2023\/04\/24874_poke_bowl.jpg",1024,1024,false],"thumbnail":["https:\/\/staging.cdsboutique.com\/wp-content\/uploads\/2023\/04\/24874_poke_bowl-150x150.jpg",150,150,true],"medium":["https:\/\/staging.cdsboutique.com\/wp-content\/uploads\/2023\/04\/24874_poke_bowl-300x300.jpg",300,300,true],"medium_large":["https:\/\/staging.cdsboutique.com\/wp-content\/uploads\/2023\/04\/24874_poke_bowl-768x768.jpg",768,768,true],"large":["https:\/\/staging.cdsboutique.com\/wp-content\/uploads\/2023\/04\/24874_poke_bowl-1024x1024.jpg",980,980,true],"1536x1536":["https:\/\/staging.cdsboutique.com\/wp-content\/uploads\/2023\/04\/24874_poke_bowl.jpg",1024,1024,false],"2048x2048":["https:\/\/staging.cdsboutique.com\/wp-content\/uploads\/2023\/04\/24874_poke_bowl.jpg",1024,1024,false],"gform-image-choice-sm":["https:\/\/staging.cdsboutique.com\/wp-content\/uploads\/2023\/04\/24874_poke_bowl.jpg",300,300,false],"gform-image-choice-md":["https:\/\/staging.cdsboutique.com\/wp-content\/uploads\/2023\/04\/24874_poke_bowl.jpg",400,400,false],"gform-image-choice-lg":["https:\/\/staging.cdsboutique.com\/wp-content\/uploads\/2023\/04\/24874_poke_bowl.jpg",600,600,false],"woocommerce_thumbnail":["https:\/\/staging.cdsboutique.com\/wp-content\/uploads\/2023\/04\/24874_poke_bowl-300x300.jpg",300,300,true],"woocommerce_single":["https:\/\/staging.cdsboutique.com\/wp-content\/uploads\/2023\/04\/24874_poke_bowl-600x600.jpg",600,600,true],"woocommerce_gallery_thumbnail":["https:\/\/staging.cdsboutique.com\/wp-content\/uploads\/2023\/04\/24874_poke_bowl-100x100.jpg",100,100,true],"variation_swatches_image_size":["https:\/\/staging.cdsboutique.com\/wp-content\/uploads\/2023\/04\/24874_poke_bowl.jpg",50,50,false],"variation_swatches_tooltip_size":["https:\/\/staging.cdsboutique.com\/wp-content\/uploads\/2023\/04\/24874_poke_bowl.jpg",100,100,false],"logo-size":["https:\/\/staging.cdsboutique.com\/wp-content\/uploads\/2023\/04\/24874_poke_bowl-84x84.jpg",84,84,true],"blog":["https:\/\/staging.cdsboutique.com\/wp-content\/uploads\/2023\/04\/24874_poke_bowl-350x260.jpg",350,260,true]},"post_excerpt_stackable_v2":"<p>Enjoy hours of fun with this colorful Pok\u00e9 Bowl 500-piece puzzle. You will not be left hungry! To prevent any frustration for the players, the pieces fit together perfectly. This high-quality and fun puzzle has been specially designed to be user-friendly. Indeed, if you want to do puzzles alone or in a group, the circular shape allows you to move around the puzzle. The circular shape makes moving around the puzzle easier and rotating it on a table to place the different pieces. This circular puzzle is a way to have fun and friendly activities! As a relaxation tool, puzzles&hellip;<\/p>\n","category_list_v2":"","author_info_v2":{"name":"","url":""},"comments_num_v2":"0 comments","yoast_head":"<!-- This site is optimized with the Yoast SEO plugin v27.4 - https:\/\/yoast.com\/product\/yoast-seo-wordpress\/ -->\n<title>Puzzle - Pok\u00e9 Bowl (500 pcs) - CDS boutique A\u00een\u00e9s<\/title>\n<meta name=\"description\" content=\"Enjoy hours of fun with this colorful Pok\u00e9 Bowl 500 piece puzzle. You will not be left hungry!This high quality and fun puzzle has been specially designed to be user friendly. Indeed, if you want to do puzzles alone or in group, the circular shape allows you to move around the puzzle.\" \/>\n<meta name=\"robots\" content=\"noindex, follow, max-snippet:-1, max-image-preview:large, max-video-preview:-1\" \/>\n<meta property=\"og:locale\" content=\"en_US\" \/>\n<meta property=\"og:type\" content=\"article\" \/>\n<meta property=\"og:title\" content=\"Puzzle - Pok\u00e9 Bowl (500 pcs) - CDS boutique A\u00een\u00e9s\" \/>\n<meta property=\"og:description\" content=\"Enjoy hours of fun with this colorful Pok\u00e9 Bowl 500 piece puzzle. You will not be left hungry!This high quality and fun puzzle has been specially designed to be user friendly. Indeed, if you want to do puzzles alone or in group, the circular shape allows you to move around the puzzle.\" \/>\n<meta property=\"og:url\" content=\"https:\/\/staging.cdsboutique.com\/en\/product\/puzzle-poke-bowl-500-pcs\/\" \/>\n<meta property=\"og:site_name\" content=\"CDS boutique A\u00een\u00e9s\" \/>\n<meta property=\"article:publisher\" content=\"https:\/\/www.facebook.com\/CDSBoutique.Aines.Seniors\" \/>\n<meta property=\"article:modified_time\" content=\"2023-04-13T19:57:38+00:00\" \/>\n<meta property=\"og:image\" content=\"https:\/\/staging.cdsboutique.com\/wp-content\/uploads\/2023\/04\/24874_poke_bowl.jpg?_t=1776082128\" \/>\n\t<meta property=\"og:image:width\" content=\"1024\" \/>\n\t<meta property=\"og:image:height\" content=\"1024\" \/>\n\t<meta property=\"og:image:type\" content=\"image\/jpeg\" \/>\n<meta name=\"twitter:card\" content=\"summary_large_image\" \/>\n<meta name=\"twitter:label1\" content=\"Est. reading time\" \/>\n\t<meta name=\"twitter:data1\" content=\"1 minute\" \/>\n<script type=\"application\/ld+json\" class=\"yoast-schema-graph\">{\"@context\":\"https:\\\/\\\/schema.org\",\"@graph\":[{\"@type\":\"WebPage\",\"@id\":\"https:\\\/\\\/staging.cdsboutique.com\\\/en\\\/product\\\/puzzle-poke-bowl-500-pcs\\\/\",\"url\":\"https:\\\/\\\/staging.cdsboutique.com\\\/en\\\/product\\\/puzzle-poke-bowl-500-pcs\\\/\",\"name\":\"Puzzle - Pok\u00e9 Bowl (500 pcs) - CDS boutique A\u00een\u00e9s\",\"isPartOf\":{\"@id\":\"https:\\\/\\\/staging.cdsboutique.com\\\/#website\"},\"primaryImageOfPage\":{\"@id\":\"https:\\\/\\\/staging.cdsboutique.com\\\/en\\\/product\\\/puzzle-poke-bowl-500-pcs\\\/#primaryimage\"},\"image\":{\"@id\":\"https:\\\/\\\/staging.cdsboutique.com\\\/en\\\/product\\\/puzzle-poke-bowl-500-pcs\\\/#primaryimage\"},\"thumbnailUrl\":\"https:\\\/\\\/staging.cdsboutique.com\\\/wp-content\\\/uploads\\\/2023\\\/04\\\/24874_poke_bowl.jpg\",\"datePublished\":\"2023-04-11T19:48:40+00:00\",\"dateModified\":\"2023-04-13T19:57:38+00:00\",\"description\":\"Enjoy hours of fun with this colorful Pok\u00e9 Bowl 500 piece puzzle. You will not be left hungry!This high quality and fun puzzle has been specially designed to be user friendly. Indeed, if you want to do puzzles alone or in group, the circular shape allows you to move around the puzzle.\",\"breadcrumb\":{\"@id\":\"https:\\\/\\\/staging.cdsboutique.com\\\/en\\\/product\\\/puzzle-poke-bowl-500-pcs\\\/#breadcrumb\"},\"inLanguage\":\"en-US\",\"potentialAction\":[{\"@type\":\"ReadAction\",\"target\":[\"https:\\\/\\\/staging.cdsboutique.com\\\/en\\\/product\\\/puzzle-poke-bowl-500-pcs\\\/\"]}]},{\"@type\":\"ImageObject\",\"inLanguage\":\"en-US\",\"@id\":\"https:\\\/\\\/staging.cdsboutique.com\\\/en\\\/product\\\/puzzle-poke-bowl-500-pcs\\\/#primaryimage\",\"url\":\"https:\\\/\\\/staging.cdsboutique.com\\\/wp-content\\\/uploads\\\/2023\\\/04\\\/24874_poke_bowl.jpg\",\"contentUrl\":\"https:\\\/\\\/staging.cdsboutique.com\\\/wp-content\\\/uploads\\\/2023\\\/04\\\/24874_poke_bowl.jpg\",\"width\":1024,\"height\":1024},{\"@type\":\"BreadcrumbList\",\"@id\":\"https:\\\/\\\/staging.cdsboutique.com\\\/en\\\/product\\\/puzzle-poke-bowl-500-pcs\\\/#breadcrumb\",\"itemListElement\":[{\"@type\":\"ListItem\",\"position\":1,\"name\":\"Home\",\"item\":\"https:\\\/\\\/staging.cdsboutique.com\\\/en\\\/\"},{\"@type\":\"ListItem\",\"position\":2,\"name\":\"Products\",\"item\":\"https:\\\/\\\/staging.cdsboutique.com\\\/en\\\/products\\\/\"},{\"@type\":\"ListItem\",\"position\":3,\"name\":\"Puzzle &#8211; Pok\u00e9 Bowl (500 pcs)\"}]},{\"@type\":\"WebSite\",\"@id\":\"https:\\\/\\\/staging.cdsboutique.com\\\/#website\",\"url\":\"https:\\\/\\\/staging.cdsboutique.com\\\/\",\"name\":\"CDS boutique A\u00een\u00e9s\",\"description\":\"Pour une meilleure qualit\u00e9 de vie\",\"publisher\":{\"@id\":\"https:\\\/\\\/staging.cdsboutique.com\\\/#organization\"},\"potentialAction\":[{\"@type\":\"SearchAction\",\"target\":{\"@type\":\"EntryPoint\",\"urlTemplate\":\"https:\\\/\\\/staging.cdsboutique.com\\\/?s={search_term_string}\"},\"query-input\":{\"@type\":\"PropertyValueSpecification\",\"valueRequired\":true,\"valueName\":\"search_term_string\"}}],\"inLanguage\":\"en-US\"},{\"@type\":\"Organization\",\"@id\":\"https:\\\/\\\/staging.cdsboutique.com\\\/#organization\",\"name\":\"CDS Boutique\",\"url\":\"https:\\\/\\\/staging.cdsboutique.com\\\/\",\"logo\":{\"@type\":\"ImageObject\",\"inLanguage\":\"en-US\",\"@id\":\"https:\\\/\\\/staging.cdsboutique.com\\\/#\\\/schema\\\/logo\\\/image\\\/\",\"url\":\"https:\\\/\\\/staging.cdsboutique.com\\\/wp-content\\\/uploads\\\/2024\\\/09\\\/logoCDS-Boutique_final2024.jpg\",\"contentUrl\":\"https:\\\/\\\/staging.cdsboutique.com\\\/wp-content\\\/uploads\\\/2024\\\/09\\\/logoCDS-Boutique_final2024.jpg\",\"width\":900,\"height\":600,\"caption\":\"CDS Boutique\"},\"image\":{\"@id\":\"https:\\\/\\\/staging.cdsboutique.com\\\/#\\\/schema\\\/logo\\\/image\\\/\"},\"sameAs\":[\"https:\\\/\\\/www.facebook.com\\\/CDSBoutique.Aines.Seniors\",\"https:\\\/\\\/www.youtube.com\\\/@cdsboutique4046\",\"https:\\\/\\\/www.linkedin.com\\\/company\\\/cds-boutique\\\/\",\"https:\\\/\\\/www.instagram.com\\\/cdsboutique\\\/\"]}]}<\/script>\n<!-- \/ Yoast SEO plugin. -->","yoast_head_json":{"title":"Puzzle - Pok\u00e9 Bowl (500 pcs) - CDS boutique A\u00een\u00e9s","description":"Enjoy hours of fun with this colorful Pok\u00e9 Bowl 500 piece puzzle. You will not be left hungry!This high quality and fun puzzle has been specially designed to be user friendly. Indeed, if you want to do puzzles alone or in group, the circular shape allows you to move around the puzzle.","robots":{"index":"noindex","follow":"follow","max-snippet":"max-snippet:-1","max-image-preview":"max-image-preview:large","max-video-preview":"max-video-preview:-1"},"og_locale":"en_US","og_type":"article","og_title":"Puzzle - Pok\u00e9 Bowl (500 pcs) - CDS boutique A\u00een\u00e9s","og_description":"Enjoy hours of fun with this colorful Pok\u00e9 Bowl 500 piece puzzle. You will not be left hungry!This high quality and fun puzzle has been specially designed to be user friendly. Indeed, if you want to do puzzles alone or in group, the circular shape allows you to move around the puzzle.","og_url":"https:\/\/staging.cdsboutique.com\/en\/product\/puzzle-poke-bowl-500-pcs\/","og_site_name":"CDS boutique A\u00een\u00e9s","article_publisher":"https:\/\/www.facebook.com\/CDSBoutique.Aines.Seniors","article_modified_time":"2023-04-13T19:57:38+00:00","og_image":[{"width":1024,"height":1024,"url":"https:\/\/staging.cdsboutique.com\/wp-content\/uploads\/2023\/04\/24874_poke_bowl.jpg?_t=1776082128","type":"image\/jpeg"}],"twitter_card":"summary_large_image","twitter_misc":{"Est. reading time":"1 minute"},"schema":{"@context":"https:\/\/schema.org","@graph":[{"@type":"WebPage","@id":"https:\/\/staging.cdsboutique.com\/en\/product\/puzzle-poke-bowl-500-pcs\/","url":"https:\/\/staging.cdsboutique.com\/en\/product\/puzzle-poke-bowl-500-pcs\/","name":"Puzzle - Pok\u00e9 Bowl (500 pcs) - CDS boutique A\u00een\u00e9s","isPartOf":{"@id":"https:\/\/staging.cdsboutique.com\/#website"},"primaryImageOfPage":{"@id":"https:\/\/staging.cdsboutique.com\/en\/product\/puzzle-poke-bowl-500-pcs\/#primaryimage"},"image":{"@id":"https:\/\/staging.cdsboutique.com\/en\/product\/puzzle-poke-bowl-500-pcs\/#primaryimage"},"thumbnailUrl":"https:\/\/staging.cdsboutique.com\/wp-content\/uploads\/2023\/04\/24874_poke_bowl.jpg","datePublished":"2023-04-11T19:48:40+00:00","dateModified":"2023-04-13T19:57:38+00:00","description":"Enjoy hours of fun with this colorful Pok\u00e9 Bowl 500 piece puzzle. You will not be left hungry!This high quality and fun puzzle has been specially designed to be user friendly. Indeed, if you want to do puzzles alone or in group, the circular shape allows you to move around the puzzle.","breadcrumb":{"@id":"https:\/\/staging.cdsboutique.com\/en\/product\/puzzle-poke-bowl-500-pcs\/#breadcrumb"},"inLanguage":"en-US","potentialAction":[{"@type":"ReadAction","target":["https:\/\/staging.cdsboutique.com\/en\/product\/puzzle-poke-bowl-500-pcs\/"]}]},{"@type":"ImageObject","inLanguage":"en-US","@id":"https:\/\/staging.cdsboutique.com\/en\/product\/puzzle-poke-bowl-500-pcs\/#primaryimage","url":"https:\/\/staging.cdsboutique.com\/wp-content\/uploads\/2023\/04\/24874_poke_bowl.jpg","contentUrl":"https:\/\/staging.cdsboutique.com\/wp-content\/uploads\/2023\/04\/24874_poke_bowl.jpg","width":1024,"height":1024},{"@type":"BreadcrumbList","@id":"https:\/\/staging.cdsboutique.com\/en\/product\/puzzle-poke-bowl-500-pcs\/#breadcrumb","itemListElement":[{"@type":"ListItem","position":1,"name":"Home","item":"https:\/\/staging.cdsboutique.com\/en\/"},{"@type":"ListItem","position":2,"name":"Products","item":"https:\/\/staging.cdsboutique.com\/en\/products\/"},{"@type":"ListItem","position":3,"name":"Puzzle &#8211; Pok\u00e9 Bowl (500 pcs)"}]},{"@type":"WebSite","@id":"https:\/\/staging.cdsboutique.com\/#website","url":"https:\/\/staging.cdsboutique.com\/","name":"CDS boutique A\u00een\u00e9s","description":"Pour une meilleure qualit\u00e9 de vie","publisher":{"@id":"https:\/\/staging.cdsboutique.com\/#organization"},"potentialAction":[{"@type":"SearchAction","target":{"@type":"EntryPoint","urlTemplate":"https:\/\/staging.cdsboutique.com\/?s={search_term_string}"},"query-input":{"@type":"PropertyValueSpecification","valueRequired":true,"valueName":"search_term_string"}}],"inLanguage":"en-US"},{"@type":"Organization","@id":"https:\/\/staging.cdsboutique.com\/#organization","name":"CDS Boutique","url":"https:\/\/staging.cdsboutique.com\/","logo":{"@type":"ImageObject","inLanguage":"en-US","@id":"https:\/\/staging.cdsboutique.com\/#\/schema\/logo\/image\/","url":"https:\/\/staging.cdsboutique.com\/wp-content\/uploads\/2024\/09\/logoCDS-Boutique_final2024.jpg","contentUrl":"https:\/\/staging.cdsboutique.com\/wp-content\/uploads\/2024\/09\/logoCDS-Boutique_final2024.jpg","width":900,"height":600,"caption":"CDS Boutique"},"image":{"@id":"https:\/\/staging.cdsboutique.com\/#\/schema\/logo\/image\/"},"sameAs":["https:\/\/www.facebook.com\/CDSBoutique.Aines.Seniors","https:\/\/www.youtube.com\/@cdsboutique4046","https:\/\/www.linkedin.com\/company\/cds-boutique\/","https:\/\/www.instagram.com\/cdsboutique\/"]}]}},"_links":{"self":[{"href":"https:\/\/staging.cdsboutique.com\/en\/wp-json\/wp\/v2\/product\/50910","targetHints":{"allow":["GET"]}}],"collection":[{"href":"https:\/\/staging.cdsboutique.com\/en\/wp-json\/wp\/v2\/product"}],"about":[{"href":"https:\/\/staging.cdsboutique.com\/en\/wp-json\/wp\/v2\/types\/product"}],"replies":[{"embeddable":true,"href":"https:\/\/staging.cdsboutique.com\/en\/wp-json\/wp\/v2\/comments?post=50910"}],"wp:featuredmedia":[{"embeddable":true,"href":"https:\/\/staging.cdsboutique.com\/en\/wp-json\/wp\/v2\/media\/50902"}],"wp:attachment":[{"href":"https:\/\/staging.cdsboutique.com\/en\/wp-json\/wp\/v2\/media?parent=50910"}],"wp:term":[{"taxonomy":"product_brand","embeddable":true,"href":"https:\/\/staging.cdsboutique.com\/en\/wp-json\/wp\/v2\/product_brand?post=50910"},{"taxonomy":"product_cat","embeddable":true,"href":"https:\/\/staging.cdsboutique.com\/en\/wp-json\/wp\/v2\/product_cat?post=50910"},{"taxonomy":"product_tag","embeddable":true,"href":"https:\/\/staging.cdsboutique.com\/en\/wp-json\/wp\/v2\/product_tag?post=50910"}],"curies":[{"name":"wp","href":"https:\/\/api.w.org\/{rel}","templated":true}]}}