{"id":51175,"date":"2023-04-21T09:21:38","date_gmt":"2023-04-21T14:20:00","guid":{"rendered":"https:\/\/cdsboutique.com\/?post_type=product&#038;p=51175"},"modified":"2025-02-27T14:21:26","modified_gmt":"2025-02-27T19:21:26","slug":"inmurythm-interactive-cushion","status":"publish","type":"product","link":"https:\/\/staging.cdsboutique.com\/en\/produit\/inmurythm-interactive-cushion\/","title":{"rendered":"inmuRHYTHM &#8211; multisensory interactive cushion"},"content":{"rendered":"<p><strong>Discover inmuRHYTHM, the last product in the inmu Family!\u00a0<\/strong><\/p>\n<p>inmuRHYTHM meets your energy level. If you are in high arousal, you get energetic music in your ears and you feel a<strong> rhythmic vibration<\/strong> in your body. This brings energy and structure to your mind and gets you and your residents living with Alzheimer&#8217;s disease moving! When you hug or shake inmuRHYTHM the music instantly wakes up and you get a boost of energy. Using inmuRHYTHM is like playing the drums, the bongo, and other <strong>percussion instruments<\/strong>: <strong>it&#8217;s intuitive, easy, and FUN!<\/strong><\/p>\n<p>The music starts playing at your first touch and continues until you leave it.<\/p>\n<p><strong>Applications<\/strong><\/p>\n<ul>\n<li>Use inmuRHYTHM alone or together in a group. inmuRHYTHM makes group activities a lot of fun.<\/li>\n<li><strong>Therapeutic training<\/strong>. The rhythmic music is perfect for all types of motor exercises.<\/li>\n<li>Suitable for people with involuntary muscle movements. An inmuRHYTHM is resistant to drops and to be thrown. Children can even sit or stand on it.<\/li>\n<\/ul>\n<p><strong>Good to know:<\/strong><\/p>\n<p>The inmu is a hygienic tool, and its protection is easily washable. The inside of the inmu is water-resistant and can be cleaned with a sanitizer.<\/p>\n<p>The inmu is made of durable, natural and hypoallergenic materials. Three levels of volume are available.<\/p>\n<p>Details : 22 cm x 23 cm ( 8,5 x 9 inches )<\/p>\n<p>Charger included. <strong>Up to 3 weeks battery life for regular use.<\/strong><\/p>\n<p><strong>This product is not refundable or exchangeable for hygiene reasons.<\/strong><\/p>\n","protected":false},"excerpt":{"rendered":"<p>inmuRHYTHM meets your energy level. If you are in high arousal, you get energetic music in your ears and you feel a<strong> rhythmic vibration<\/strong> in your body. This brings energy and structure to your mind and gets you and your residents living with Alzheimer&#8217;s disease moving! When you hug or shake inmuRHYTHM the music instantly wakes up and you get a boost of energy. Using inmuRHYTHM is like playing the drums, the bongo, and other <strong>percussion instruments<\/strong>: <strong>it&#8217;s intuitive, easy, and FUN!<\/strong><\/p>\n","protected":false},"featured_media":51007,"comment_status":"open","ping_status":"closed","template":"","meta":{"_acf_changed":false},"product_brand":[],"product_cat":[4401,2966,4091],"product_tag":[4671,4672],"class_list":{"0":"post-51175","1":"product","2":"type-product","3":"status-publish","4":"has-post-thumbnail","6":"product_cat-all","7":"product_cat-instruments","8":"product_cat-new-arrivals","9":"product_tag-inmu-star","10":"product_tag-inmurhythm-en","11":"product_shipping_class-free-delivary","12":"pa_couleur-blue","13":"pa_couleur-pink","14":"pa_couleur-sand-en","16":"first","17":"instock","18":"taxable","19":"shipping-taxable","20":"purchasable","21":"product-type-simple"},"bundled_by":[],"bundle_stock_status":"instock","bundle_stock_quantity":null,"bundle_virtual":false,"bundle_layout":"","bundle_add_to_cart_form_location":"","bundle_editable_in_cart":false,"bundle_sold_individually_context":"","bundle_item_grouping":"","bundle_min_size":"","bundle_max_size":"","bundle_price":[],"bundled_items":[],"bundle_sell_ids":[],"acf":[],"featured_image_urls_v2":{"full":["https:\/\/staging.cdsboutique.com\/wp-content\/uploads\/2023\/04\/inmu_rythm_0.png",500,500,false],"thumbnail":["https:\/\/staging.cdsboutique.com\/wp-content\/uploads\/2023\/04\/inmu_rythm_0-150x150.png",150,150,true],"medium":["https:\/\/staging.cdsboutique.com\/wp-content\/uploads\/2023\/04\/inmu_rythm_0-300x300.png",300,300,true],"medium_large":["https:\/\/staging.cdsboutique.com\/wp-content\/uploads\/2023\/04\/inmu_rythm_0.png",500,500,false],"large":["https:\/\/staging.cdsboutique.com\/wp-content\/uploads\/2023\/04\/inmu_rythm_0.png",500,500,false],"1536x1536":["https:\/\/staging.cdsboutique.com\/wp-content\/uploads\/2023\/04\/inmu_rythm_0.png",500,500,false],"2048x2048":["https:\/\/staging.cdsboutique.com\/wp-content\/uploads\/2023\/04\/inmu_rythm_0.png",500,500,false],"gform-image-choice-sm":["https:\/\/staging.cdsboutique.com\/wp-content\/uploads\/2023\/04\/inmu_rythm_0.png",300,300,false],"gform-image-choice-md":["https:\/\/staging.cdsboutique.com\/wp-content\/uploads\/2023\/04\/inmu_rythm_0.png",400,400,false],"gform-image-choice-lg":["https:\/\/staging.cdsboutique.com\/wp-content\/uploads\/2023\/04\/inmu_rythm_0.png",500,500,false],"woocommerce_thumbnail":["https:\/\/staging.cdsboutique.com\/wp-content\/uploads\/2023\/04\/inmu_rythm_0-300x300.png",300,300,true],"woocommerce_single":["https:\/\/staging.cdsboutique.com\/wp-content\/uploads\/2023\/04\/inmu_rythm_0.png",500,500,false],"woocommerce_gallery_thumbnail":["https:\/\/staging.cdsboutique.com\/wp-content\/uploads\/2023\/04\/inmu_rythm_0-100x100.png",100,100,true],"variation_swatches_image_size":["https:\/\/staging.cdsboutique.com\/wp-content\/uploads\/2023\/04\/inmu_rythm_0.png",50,50,false],"variation_swatches_tooltip_size":["https:\/\/staging.cdsboutique.com\/wp-content\/uploads\/2023\/04\/inmu_rythm_0.png",100,100,false],"logo-size":["https:\/\/staging.cdsboutique.com\/wp-content\/uploads\/2023\/04\/inmu_rythm_0-84x84.png",84,84,true],"blog":["https:\/\/staging.cdsboutique.com\/wp-content\/uploads\/2023\/04\/inmu_rythm_0-350x260.png",350,260,true]},"post_excerpt_stackable_v2":"<p>inmuRHYTHM meets your energy level. If you are in high arousal, you get energetic music in your ears and you feel a<strong> rhythmic vibration<\/strong> in your body. This brings energy and structure to your mind and gets you and your residents living with Alzheimer&#8217;s disease moving! When you hug or shake inmuRHYTHM the music instantly wakes up and you get a boost of energy. Using inmuRHYTHM is like playing the drums, the bongo, and other <strong>percussion instruments<\/strong>: <strong>it&#8217;s intuitive, easy, and FUN!<\/strong><\/p>\n","category_list_v2":"","author_info_v2":{"name":"","url":""},"comments_num_v2":"0 comments","yoast_head":"<!-- This site is optimized with the Yoast SEO plugin v27.4 - https:\/\/yoast.com\/product\/yoast-seo-wordpress\/ -->\n<title>inmuRHYTHM - multisensory interactive cushion - CDS boutique A\u00een\u00e9s<\/title>\n<meta name=\"description\" content=\"inmuRHYTHM meets your energy level. If you are in high arousal, you get energetic music in your ears and you feel a rhythmic vibration in your body.\" \/>\n<meta name=\"robots\" content=\"noindex, follow, max-snippet:-1, max-image-preview:large, max-video-preview:-1\" \/>\n<meta property=\"og:locale\" content=\"en_US\" \/>\n<meta property=\"og:type\" content=\"article\" \/>\n<meta property=\"og:title\" content=\"inmuRHYTHM - multisensory interactive cushion - CDS boutique A\u00een\u00e9s\" \/>\n<meta property=\"og:description\" content=\"inmuRHYTHM meets your energy level. If you are in high arousal, you get energetic music in your ears and you feel a rhythmic vibration in your body.\" \/>\n<meta property=\"og:url\" content=\"https:\/\/staging.cdsboutique.com\/en\/product\/inmurythm-interactive-cushion\/\" \/>\n<meta property=\"og:site_name\" content=\"CDS boutique A\u00een\u00e9s\" \/>\n<meta property=\"article:publisher\" content=\"https:\/\/www.facebook.com\/CDSBoutique.Aines.Seniors\" \/>\n<meta property=\"article:modified_time\" content=\"2025-02-27T19:21:26+00:00\" \/>\n<meta property=\"og:image\" content=\"https:\/\/staging.cdsboutique.com\/wp-content\/uploads\/2023\/04\/inmu_rythm_0.png?_t=1740684086\" \/>\n\t<meta property=\"og:image:width\" content=\"500\" \/>\n\t<meta property=\"og:image:height\" content=\"500\" \/>\n\t<meta property=\"og:image:type\" content=\"image\/png\" \/>\n<meta name=\"twitter:card\" content=\"summary_large_image\" \/>\n<meta name=\"twitter:label1\" content=\"Est. reading time\" \/>\n\t<meta name=\"twitter:data1\" content=\"2 minutes\" \/>\n<script type=\"application\/ld+json\" class=\"yoast-schema-graph\">{\"@context\":\"https:\\\/\\\/schema.org\",\"@graph\":[{\"@type\":\"WebPage\",\"@id\":\"https:\\\/\\\/staging.cdsboutique.com\\\/en\\\/product\\\/inmurythm-interactive-cushion\\\/\",\"url\":\"https:\\\/\\\/staging.cdsboutique.com\\\/en\\\/product\\\/inmurythm-interactive-cushion\\\/\",\"name\":\"inmuRHYTHM - multisensory interactive cushion - CDS boutique A\u00een\u00e9s\",\"isPartOf\":{\"@id\":\"https:\\\/\\\/staging.cdsboutique.com\\\/#website\"},\"primaryImageOfPage\":{\"@id\":\"https:\\\/\\\/staging.cdsboutique.com\\\/en\\\/product\\\/inmurythm-interactive-cushion\\\/#primaryimage\"},\"image\":{\"@id\":\"https:\\\/\\\/staging.cdsboutique.com\\\/en\\\/product\\\/inmurythm-interactive-cushion\\\/#primaryimage\"},\"thumbnailUrl\":\"https:\\\/\\\/staging.cdsboutique.com\\\/wp-content\\\/uploads\\\/2023\\\/04\\\/inmu_rythm_0.png\",\"datePublished\":\"2023-04-21T14:20:00+00:00\",\"dateModified\":\"2025-02-27T19:21:26+00:00\",\"description\":\"inmuRHYTHM meets your energy level. If you are in high arousal, you get energetic music in your ears and you feel a rhythmic vibration in your body.\",\"breadcrumb\":{\"@id\":\"https:\\\/\\\/staging.cdsboutique.com\\\/en\\\/product\\\/inmurythm-interactive-cushion\\\/#breadcrumb\"},\"inLanguage\":\"en-US\",\"potentialAction\":[{\"@type\":\"ReadAction\",\"target\":[\"https:\\\/\\\/staging.cdsboutique.com\\\/en\\\/product\\\/inmurythm-interactive-cushion\\\/\"]}]},{\"@type\":\"ImageObject\",\"inLanguage\":\"en-US\",\"@id\":\"https:\\\/\\\/staging.cdsboutique.com\\\/en\\\/product\\\/inmurythm-interactive-cushion\\\/#primaryimage\",\"url\":\"https:\\\/\\\/staging.cdsboutique.com\\\/wp-content\\\/uploads\\\/2023\\\/04\\\/inmu_rythm_0.png\",\"contentUrl\":\"https:\\\/\\\/staging.cdsboutique.com\\\/wp-content\\\/uploads\\\/2023\\\/04\\\/inmu_rythm_0.png\",\"width\":500,\"height\":500},{\"@type\":\"BreadcrumbList\",\"@id\":\"https:\\\/\\\/staging.cdsboutique.com\\\/en\\\/product\\\/inmurythm-interactive-cushion\\\/#breadcrumb\",\"itemListElement\":[{\"@type\":\"ListItem\",\"position\":1,\"name\":\"Home\",\"item\":\"https:\\\/\\\/staging.cdsboutique.com\\\/en\\\/\"},{\"@type\":\"ListItem\",\"position\":2,\"name\":\"Products\",\"item\":\"https:\\\/\\\/staging.cdsboutique.com\\\/en\\\/products\\\/\"},{\"@type\":\"ListItem\",\"position\":3,\"name\":\"inmuRHYTHM &#8211; multisensory interactive cushion\"}]},{\"@type\":\"WebSite\",\"@id\":\"https:\\\/\\\/staging.cdsboutique.com\\\/#website\",\"url\":\"https:\\\/\\\/staging.cdsboutique.com\\\/\",\"name\":\"CDS boutique A\u00een\u00e9s\",\"description\":\"Pour une meilleure qualit\u00e9 de vie\",\"publisher\":{\"@id\":\"https:\\\/\\\/staging.cdsboutique.com\\\/#organization\"},\"potentialAction\":[{\"@type\":\"SearchAction\",\"target\":{\"@type\":\"EntryPoint\",\"urlTemplate\":\"https:\\\/\\\/staging.cdsboutique.com\\\/?s={search_term_string}\"},\"query-input\":{\"@type\":\"PropertyValueSpecification\",\"valueRequired\":true,\"valueName\":\"search_term_string\"}}],\"inLanguage\":\"en-US\"},{\"@type\":\"Organization\",\"@id\":\"https:\\\/\\\/staging.cdsboutique.com\\\/#organization\",\"name\":\"CDS Boutique\",\"url\":\"https:\\\/\\\/staging.cdsboutique.com\\\/\",\"logo\":{\"@type\":\"ImageObject\",\"inLanguage\":\"en-US\",\"@id\":\"https:\\\/\\\/staging.cdsboutique.com\\\/#\\\/schema\\\/logo\\\/image\\\/\",\"url\":\"https:\\\/\\\/staging.cdsboutique.com\\\/wp-content\\\/uploads\\\/2024\\\/09\\\/logoCDS-Boutique_final2024.jpg\",\"contentUrl\":\"https:\\\/\\\/staging.cdsboutique.com\\\/wp-content\\\/uploads\\\/2024\\\/09\\\/logoCDS-Boutique_final2024.jpg\",\"width\":900,\"height\":600,\"caption\":\"CDS Boutique\"},\"image\":{\"@id\":\"https:\\\/\\\/staging.cdsboutique.com\\\/#\\\/schema\\\/logo\\\/image\\\/\"},\"sameAs\":[\"https:\\\/\\\/www.facebook.com\\\/CDSBoutique.Aines.Seniors\",\"https:\\\/\\\/www.youtube.com\\\/@cdsboutique4046\",\"https:\\\/\\\/www.linkedin.com\\\/company\\\/cds-boutique\\\/\",\"https:\\\/\\\/www.instagram.com\\\/cdsboutique\\\/\"]}]}<\/script>\n<!-- \/ Yoast SEO plugin. -->","yoast_head_json":{"title":"inmuRHYTHM - multisensory interactive cushion - CDS boutique A\u00een\u00e9s","description":"inmuRHYTHM meets your energy level. If you are in high arousal, you get energetic music in your ears and you feel a rhythmic vibration in your body.","robots":{"index":"noindex","follow":"follow","max-snippet":"max-snippet:-1","max-image-preview":"max-image-preview:large","max-video-preview":"max-video-preview:-1"},"og_locale":"en_US","og_type":"article","og_title":"inmuRHYTHM - multisensory interactive cushion - CDS boutique A\u00een\u00e9s","og_description":"inmuRHYTHM meets your energy level. If you are in high arousal, you get energetic music in your ears and you feel a rhythmic vibration in your body.","og_url":"https:\/\/staging.cdsboutique.com\/en\/product\/inmurythm-interactive-cushion\/","og_site_name":"CDS boutique A\u00een\u00e9s","article_publisher":"https:\/\/www.facebook.com\/CDSBoutique.Aines.Seniors","article_modified_time":"2025-02-27T19:21:26+00:00","og_image":[{"width":500,"height":500,"url":"https:\/\/staging.cdsboutique.com\/wp-content\/uploads\/2023\/04\/inmu_rythm_0.png?_t=1740684086","type":"image\/png"}],"twitter_card":"summary_large_image","twitter_misc":{"Est. reading time":"2 minutes"},"schema":{"@context":"https:\/\/schema.org","@graph":[{"@type":"WebPage","@id":"https:\/\/staging.cdsboutique.com\/en\/product\/inmurythm-interactive-cushion\/","url":"https:\/\/staging.cdsboutique.com\/en\/product\/inmurythm-interactive-cushion\/","name":"inmuRHYTHM - multisensory interactive cushion - CDS boutique A\u00een\u00e9s","isPartOf":{"@id":"https:\/\/staging.cdsboutique.com\/#website"},"primaryImageOfPage":{"@id":"https:\/\/staging.cdsboutique.com\/en\/product\/inmurythm-interactive-cushion\/#primaryimage"},"image":{"@id":"https:\/\/staging.cdsboutique.com\/en\/product\/inmurythm-interactive-cushion\/#primaryimage"},"thumbnailUrl":"https:\/\/staging.cdsboutique.com\/wp-content\/uploads\/2023\/04\/inmu_rythm_0.png","datePublished":"2023-04-21T14:20:00+00:00","dateModified":"2025-02-27T19:21:26+00:00","description":"inmuRHYTHM meets your energy level. If you are in high arousal, you get energetic music in your ears and you feel a rhythmic vibration in your body.","breadcrumb":{"@id":"https:\/\/staging.cdsboutique.com\/en\/product\/inmurythm-interactive-cushion\/#breadcrumb"},"inLanguage":"en-US","potentialAction":[{"@type":"ReadAction","target":["https:\/\/staging.cdsboutique.com\/en\/product\/inmurythm-interactive-cushion\/"]}]},{"@type":"ImageObject","inLanguage":"en-US","@id":"https:\/\/staging.cdsboutique.com\/en\/product\/inmurythm-interactive-cushion\/#primaryimage","url":"https:\/\/staging.cdsboutique.com\/wp-content\/uploads\/2023\/04\/inmu_rythm_0.png","contentUrl":"https:\/\/staging.cdsboutique.com\/wp-content\/uploads\/2023\/04\/inmu_rythm_0.png","width":500,"height":500},{"@type":"BreadcrumbList","@id":"https:\/\/staging.cdsboutique.com\/en\/product\/inmurythm-interactive-cushion\/#breadcrumb","itemListElement":[{"@type":"ListItem","position":1,"name":"Home","item":"https:\/\/staging.cdsboutique.com\/en\/"},{"@type":"ListItem","position":2,"name":"Products","item":"https:\/\/staging.cdsboutique.com\/en\/products\/"},{"@type":"ListItem","position":3,"name":"inmuRHYTHM &#8211; multisensory interactive cushion"}]},{"@type":"WebSite","@id":"https:\/\/staging.cdsboutique.com\/#website","url":"https:\/\/staging.cdsboutique.com\/","name":"CDS boutique A\u00een\u00e9s","description":"Pour une meilleure qualit\u00e9 de vie","publisher":{"@id":"https:\/\/staging.cdsboutique.com\/#organization"},"potentialAction":[{"@type":"SearchAction","target":{"@type":"EntryPoint","urlTemplate":"https:\/\/staging.cdsboutique.com\/?s={search_term_string}"},"query-input":{"@type":"PropertyValueSpecification","valueRequired":true,"valueName":"search_term_string"}}],"inLanguage":"en-US"},{"@type":"Organization","@id":"https:\/\/staging.cdsboutique.com\/#organization","name":"CDS Boutique","url":"https:\/\/staging.cdsboutique.com\/","logo":{"@type":"ImageObject","inLanguage":"en-US","@id":"https:\/\/staging.cdsboutique.com\/#\/schema\/logo\/image\/","url":"https:\/\/staging.cdsboutique.com\/wp-content\/uploads\/2024\/09\/logoCDS-Boutique_final2024.jpg","contentUrl":"https:\/\/staging.cdsboutique.com\/wp-content\/uploads\/2024\/09\/logoCDS-Boutique_final2024.jpg","width":900,"height":600,"caption":"CDS Boutique"},"image":{"@id":"https:\/\/staging.cdsboutique.com\/#\/schema\/logo\/image\/"},"sameAs":["https:\/\/www.facebook.com\/CDSBoutique.Aines.Seniors","https:\/\/www.youtube.com\/@cdsboutique4046","https:\/\/www.linkedin.com\/company\/cds-boutique\/","https:\/\/www.instagram.com\/cdsboutique\/"]}]}},"_links":{"self":[{"href":"https:\/\/staging.cdsboutique.com\/en\/wp-json\/wp\/v2\/product\/51175","targetHints":{"allow":["GET"]}}],"collection":[{"href":"https:\/\/staging.cdsboutique.com\/en\/wp-json\/wp\/v2\/product"}],"about":[{"href":"https:\/\/staging.cdsboutique.com\/en\/wp-json\/wp\/v2\/types\/product"}],"replies":[{"embeddable":true,"href":"https:\/\/staging.cdsboutique.com\/en\/wp-json\/wp\/v2\/comments?post=51175"}],"wp:featuredmedia":[{"embeddable":true,"href":"https:\/\/staging.cdsboutique.com\/en\/wp-json\/wp\/v2\/media\/51007"}],"wp:attachment":[{"href":"https:\/\/staging.cdsboutique.com\/en\/wp-json\/wp\/v2\/media?parent=51175"}],"wp:term":[{"taxonomy":"product_brand","embeddable":true,"href":"https:\/\/staging.cdsboutique.com\/en\/wp-json\/wp\/v2\/product_brand?post=51175"},{"taxonomy":"product_cat","embeddable":true,"href":"https:\/\/staging.cdsboutique.com\/en\/wp-json\/wp\/v2\/product_cat?post=51175"},{"taxonomy":"product_tag","embeddable":true,"href":"https:\/\/staging.cdsboutique.com\/en\/wp-json\/wp\/v2\/product_tag?post=51175"}],"curies":[{"name":"wp","href":"https:\/\/api.w.org\/{rel}","templated":true}]}}