{"id":52744,"date":"2023-04-08T16:26:43","date_gmt":"2023-06-08T20:29:16","guid":{"rendered":"https:\/\/cdsboutique.com\/?post_type=product&#038;p=52744"},"modified":"2025-10-21T10:16:47","modified_gmt":"2025-10-21T14:16:47","slug":"textured-ball-7-inches","status":"publish","type":"product","link":"https:\/\/staging.cdsboutique.com\/en\/produit\/textured-ball-7-inches\/","title":{"rendered":"Textured Ball &#8211; 7 inches"},"content":{"rendered":"<p><strong>Your seniors will have hours of fun with this textured ball!<\/strong><\/p>\n<p>This ball is specially developed to stimulate motricity and touch and offers 8 nice and fun textures!<\/p>\n<p>Easy to grab, this stimulation tool is perfect for stimulating prehension! From lines you can follow with your fingertips, to embossed circles, dotted lines and winding paths, there&#8217;s something for everyone!<\/p>\n<p>It&#8217;s also reassuring to know that the materials used to design this textured ball have been chosen with care.<\/p>\n<p>And because everyone&#8217;s safety is important, this tool is guaranteed to be BPA- and phthalate-free!<\/p>\n<p>&nbsp;<\/p>\n","protected":false},"excerpt":{"rendered":"<p>Your seniors will have hours of fun with this textured ball! This ball is specially developed to stimulate motricity and touch and offers 8 nice and fun textures! Easy to grab, this stimulation tool is perfect for stimulating prehension! From lines you can follow with your fingertips, to embossed circles, dotted lines and winding paths, [&hellip;]<\/p>\n","protected":false},"featured_media":52721,"comment_status":"open","ping_status":"closed","template":"","meta":{"_acf_changed":false},"product_brand":[],"product_cat":[4736,4401,2811,3005,3002,4562,3001],"product_tag":[],"class_list":{"0":"post-52744","1":"product","2":"type-product","3":"status-publish","4":"has-post-thumbnail","6":"product_cat-active-games","7":"product_cat-all","8":"product_cat-balls-active-games","9":"product_cat-exercise-en","10":"product_cat-movement-activities-en","11":"product_cat-objets-a-manipuler-en","12":"product_cat-throwing-games-en","13":"product_shipping_class-frais-de-livraison-en","15":"first","16":"instock","17":"taxable","18":"shipping-taxable","19":"purchasable","20":"product-type-simple"},"bundled_by":[],"bundle_stock_status":"instock","bundle_stock_quantity":null,"bundle_virtual":false,"bundle_layout":"","bundle_add_to_cart_form_location":"","bundle_editable_in_cart":false,"bundle_sold_individually_context":"","bundle_item_grouping":"","bundle_min_size":"","bundle_max_size":"","bundle_price":[],"bundled_items":[],"bundle_sell_ids":[],"acf":[],"featured_image_urls_v2":{"full":["https:\/\/staging.cdsboutique.com\/wp-content\/uploads\/2023\/06\/24904-ballon_texture_2.png",1035,955,false],"thumbnail":["https:\/\/staging.cdsboutique.com\/wp-content\/uploads\/2023\/06\/24904-ballon_texture_2-150x150.png",150,150,true],"medium":["https:\/\/staging.cdsboutique.com\/wp-content\/uploads\/2023\/06\/24904-ballon_texture_2-300x277.png",300,277,true],"medium_large":["https:\/\/staging.cdsboutique.com\/wp-content\/uploads\/2023\/06\/24904-ballon_texture_2-768x709.png",768,709,true],"large":["https:\/\/staging.cdsboutique.com\/wp-content\/uploads\/2023\/06\/24904-ballon_texture_2-1024x945.png",980,904,true],"1536x1536":["https:\/\/staging.cdsboutique.com\/wp-content\/uploads\/2023\/06\/24904-ballon_texture_2.png",1035,955,false],"2048x2048":["https:\/\/staging.cdsboutique.com\/wp-content\/uploads\/2023\/06\/24904-ballon_texture_2.png",1035,955,false],"gform-image-choice-sm":["https:\/\/staging.cdsboutique.com\/wp-content\/uploads\/2023\/06\/24904-ballon_texture_2.png",300,277,false],"gform-image-choice-md":["https:\/\/staging.cdsboutique.com\/wp-content\/uploads\/2023\/06\/24904-ballon_texture_2.png",400,369,false],"gform-image-choice-lg":["https:\/\/staging.cdsboutique.com\/wp-content\/uploads\/2023\/06\/24904-ballon_texture_2.png",600,554,false],"woocommerce_thumbnail":["https:\/\/staging.cdsboutique.com\/wp-content\/uploads\/2023\/06\/24904-ballon_texture_2-300x277.png",300,277,true],"woocommerce_single":["https:\/\/staging.cdsboutique.com\/wp-content\/uploads\/2023\/06\/24904-ballon_texture_2-600x554.png",600,554,true],"woocommerce_gallery_thumbnail":["https:\/\/staging.cdsboutique.com\/wp-content\/uploads\/2023\/06\/24904-ballon_texture_2-100x100.png",100,100,true],"variation_swatches_image_size":["https:\/\/staging.cdsboutique.com\/wp-content\/uploads\/2023\/06\/24904-ballon_texture_2.png",50,46,false],"variation_swatches_tooltip_size":["https:\/\/staging.cdsboutique.com\/wp-content\/uploads\/2023\/06\/24904-ballon_texture_2.png",100,92,false],"logo-size":["https:\/\/staging.cdsboutique.com\/wp-content\/uploads\/2023\/06\/24904-ballon_texture_2-91x84.png",91,84,true],"blog":["https:\/\/staging.cdsboutique.com\/wp-content\/uploads\/2023\/06\/24904-ballon_texture_2-350x260.png",350,260,true]},"post_excerpt_stackable_v2":"<p>Your seniors will have hours of fun with this textured ball! This ball is specially developed to stimulate motricity and touch and offers 8 nice and fun textures! Easy to grab, this stimulation tool is perfect for stimulating prehension! From lines you can follow with your fingertips, to embossed circles, dotted lines and winding paths, there&#8217;s something for everyone! It&#8217;s also reassuring to know that the materials used to design this textured ball have been chosen with care. And because everyone&#8217;s safety is important, this tool is guaranteed to be BPA- and phthalate-free! &nbsp;<\/p>\n","category_list_v2":"","author_info_v2":{"name":"","url":""},"comments_num_v2":"0 comments","yoast_head":"<!-- This site is optimized with the Yoast SEO plugin v27.4 - https:\/\/yoast.com\/product\/yoast-seo-wordpress\/ -->\n<title>Textured Ball - 7 inches - CDS boutique A\u00een\u00e9s<\/title>\n<meta name=\"robots\" content=\"noindex, follow, max-snippet:-1, max-image-preview:large, max-video-preview:-1\" \/>\n<meta property=\"og:locale\" content=\"en_US\" \/>\n<meta property=\"og:type\" content=\"article\" \/>\n<meta property=\"og:title\" content=\"Textured Ball - 7 inches - CDS boutique A\u00een\u00e9s\" \/>\n<meta property=\"og:description\" content=\"Your seniors will have hours of fun with this textured ball! This ball is specially developed to stimulate motricity and touch and offers 8 nice and fun textures! Easy to grab, this stimulation tool is perfect for stimulating prehension! From lines you can follow with your fingertips, to embossed circles, dotted lines and winding paths, [&hellip;]\" \/>\n<meta property=\"og:url\" content=\"https:\/\/staging.cdsboutique.com\/en\/product\/textured-ball-7-inches\/\" \/>\n<meta property=\"og:site_name\" content=\"CDS boutique A\u00een\u00e9s\" \/>\n<meta property=\"article:publisher\" content=\"https:\/\/www.facebook.com\/CDSBoutique.Aines.Seniors\" \/>\n<meta property=\"article:modified_time\" content=\"2025-10-21T14:16:47+00:00\" \/>\n<meta property=\"og:image\" content=\"https:\/\/staging.cdsboutique.com\/wp-content\/uploads\/2023\/06\/24904-ballon_texture_2.png?_t=1761056207\" \/>\n\t<meta property=\"og:image:width\" content=\"1035\" \/>\n\t<meta property=\"og:image:height\" content=\"955\" \/>\n\t<meta property=\"og:image:type\" content=\"image\/png\" \/>\n<meta name=\"twitter:card\" content=\"summary_large_image\" \/>\n<script type=\"application\/ld+json\" class=\"yoast-schema-graph\">{\"@context\":\"https:\\\/\\\/schema.org\",\"@graph\":[{\"@type\":\"WebPage\",\"@id\":\"https:\\\/\\\/staging.cdsboutique.com\\\/en\\\/product\\\/textured-ball-7-inches\\\/\",\"url\":\"https:\\\/\\\/staging.cdsboutique.com\\\/en\\\/product\\\/textured-ball-7-inches\\\/\",\"name\":\"Textured Ball - 7 inches - CDS boutique A\u00een\u00e9s\",\"isPartOf\":{\"@id\":\"https:\\\/\\\/staging.cdsboutique.com\\\/#website\"},\"primaryImageOfPage\":{\"@id\":\"https:\\\/\\\/staging.cdsboutique.com\\\/en\\\/product\\\/textured-ball-7-inches\\\/#primaryimage\"},\"image\":{\"@id\":\"https:\\\/\\\/staging.cdsboutique.com\\\/en\\\/product\\\/textured-ball-7-inches\\\/#primaryimage\"},\"thumbnailUrl\":\"https:\\\/\\\/staging.cdsboutique.com\\\/wp-content\\\/uploads\\\/2023\\\/06\\\/24904-ballon_texture_2.png\",\"datePublished\":\"2023-06-08T20:29:16+00:00\",\"dateModified\":\"2025-10-21T14:16:47+00:00\",\"breadcrumb\":{\"@id\":\"https:\\\/\\\/staging.cdsboutique.com\\\/en\\\/product\\\/textured-ball-7-inches\\\/#breadcrumb\"},\"inLanguage\":\"en-US\",\"potentialAction\":[{\"@type\":\"ReadAction\",\"target\":[\"https:\\\/\\\/staging.cdsboutique.com\\\/en\\\/product\\\/textured-ball-7-inches\\\/\"]}]},{\"@type\":\"ImageObject\",\"inLanguage\":\"en-US\",\"@id\":\"https:\\\/\\\/staging.cdsboutique.com\\\/en\\\/product\\\/textured-ball-7-inches\\\/#primaryimage\",\"url\":\"https:\\\/\\\/staging.cdsboutique.com\\\/wp-content\\\/uploads\\\/2023\\\/06\\\/24904-ballon_texture_2.png\",\"contentUrl\":\"https:\\\/\\\/staging.cdsboutique.com\\\/wp-content\\\/uploads\\\/2023\\\/06\\\/24904-ballon_texture_2.png\",\"width\":1035,\"height\":955,\"caption\":\"Ballon textur\u00e9 de 7 pouces, couleur bleu clair\"},{\"@type\":\"BreadcrumbList\",\"@id\":\"https:\\\/\\\/staging.cdsboutique.com\\\/en\\\/product\\\/textured-ball-7-inches\\\/#breadcrumb\",\"itemListElement\":[{\"@type\":\"ListItem\",\"position\":1,\"name\":\"Home\",\"item\":\"https:\\\/\\\/staging.cdsboutique.com\\\/en\\\/\"},{\"@type\":\"ListItem\",\"position\":2,\"name\":\"Products\",\"item\":\"https:\\\/\\\/staging.cdsboutique.com\\\/en\\\/products\\\/\"},{\"@type\":\"ListItem\",\"position\":3,\"name\":\"Textured Ball &#8211; 7 inches\"}]},{\"@type\":\"WebSite\",\"@id\":\"https:\\\/\\\/staging.cdsboutique.com\\\/#website\",\"url\":\"https:\\\/\\\/staging.cdsboutique.com\\\/\",\"name\":\"CDS boutique A\u00een\u00e9s\",\"description\":\"Pour une meilleure qualit\u00e9 de vie\",\"publisher\":{\"@id\":\"https:\\\/\\\/staging.cdsboutique.com\\\/#organization\"},\"potentialAction\":[{\"@type\":\"SearchAction\",\"target\":{\"@type\":\"EntryPoint\",\"urlTemplate\":\"https:\\\/\\\/staging.cdsboutique.com\\\/?s={search_term_string}\"},\"query-input\":{\"@type\":\"PropertyValueSpecification\",\"valueRequired\":true,\"valueName\":\"search_term_string\"}}],\"inLanguage\":\"en-US\"},{\"@type\":\"Organization\",\"@id\":\"https:\\\/\\\/staging.cdsboutique.com\\\/#organization\",\"name\":\"CDS Boutique\",\"url\":\"https:\\\/\\\/staging.cdsboutique.com\\\/\",\"logo\":{\"@type\":\"ImageObject\",\"inLanguage\":\"en-US\",\"@id\":\"https:\\\/\\\/staging.cdsboutique.com\\\/#\\\/schema\\\/logo\\\/image\\\/\",\"url\":\"https:\\\/\\\/staging.cdsboutique.com\\\/wp-content\\\/uploads\\\/2024\\\/09\\\/logoCDS-Boutique_final2024.jpg\",\"contentUrl\":\"https:\\\/\\\/staging.cdsboutique.com\\\/wp-content\\\/uploads\\\/2024\\\/09\\\/logoCDS-Boutique_final2024.jpg\",\"width\":900,\"height\":600,\"caption\":\"CDS Boutique\"},\"image\":{\"@id\":\"https:\\\/\\\/staging.cdsboutique.com\\\/#\\\/schema\\\/logo\\\/image\\\/\"},\"sameAs\":[\"https:\\\/\\\/www.facebook.com\\\/CDSBoutique.Aines.Seniors\",\"https:\\\/\\\/www.youtube.com\\\/@cdsboutique4046\",\"https:\\\/\\\/www.linkedin.com\\\/company\\\/cds-boutique\\\/\",\"https:\\\/\\\/www.instagram.com\\\/cdsboutique\\\/\"]}]}<\/script>\n<!-- \/ Yoast SEO plugin. -->","yoast_head_json":{"title":"Textured Ball - 7 inches - CDS boutique A\u00een\u00e9s","robots":{"index":"noindex","follow":"follow","max-snippet":"max-snippet:-1","max-image-preview":"max-image-preview:large","max-video-preview":"max-video-preview:-1"},"og_locale":"en_US","og_type":"article","og_title":"Textured Ball - 7 inches - CDS boutique A\u00een\u00e9s","og_description":"Your seniors will have hours of fun with this textured ball! This ball is specially developed to stimulate motricity and touch and offers 8 nice and fun textures! Easy to grab, this stimulation tool is perfect for stimulating prehension! From lines you can follow with your fingertips, to embossed circles, dotted lines and winding paths, [&hellip;]","og_url":"https:\/\/staging.cdsboutique.com\/en\/product\/textured-ball-7-inches\/","og_site_name":"CDS boutique A\u00een\u00e9s","article_publisher":"https:\/\/www.facebook.com\/CDSBoutique.Aines.Seniors","article_modified_time":"2025-10-21T14:16:47+00:00","og_image":[{"width":1035,"height":955,"url":"https:\/\/staging.cdsboutique.com\/wp-content\/uploads\/2023\/06\/24904-ballon_texture_2.png?_t=1761056207","type":"image\/png"}],"twitter_card":"summary_large_image","schema":{"@context":"https:\/\/schema.org","@graph":[{"@type":"WebPage","@id":"https:\/\/staging.cdsboutique.com\/en\/product\/textured-ball-7-inches\/","url":"https:\/\/staging.cdsboutique.com\/en\/product\/textured-ball-7-inches\/","name":"Textured Ball - 7 inches - CDS boutique A\u00een\u00e9s","isPartOf":{"@id":"https:\/\/staging.cdsboutique.com\/#website"},"primaryImageOfPage":{"@id":"https:\/\/staging.cdsboutique.com\/en\/product\/textured-ball-7-inches\/#primaryimage"},"image":{"@id":"https:\/\/staging.cdsboutique.com\/en\/product\/textured-ball-7-inches\/#primaryimage"},"thumbnailUrl":"https:\/\/staging.cdsboutique.com\/wp-content\/uploads\/2023\/06\/24904-ballon_texture_2.png","datePublished":"2023-06-08T20:29:16+00:00","dateModified":"2025-10-21T14:16:47+00:00","breadcrumb":{"@id":"https:\/\/staging.cdsboutique.com\/en\/product\/textured-ball-7-inches\/#breadcrumb"},"inLanguage":"en-US","potentialAction":[{"@type":"ReadAction","target":["https:\/\/staging.cdsboutique.com\/en\/product\/textured-ball-7-inches\/"]}]},{"@type":"ImageObject","inLanguage":"en-US","@id":"https:\/\/staging.cdsboutique.com\/en\/product\/textured-ball-7-inches\/#primaryimage","url":"https:\/\/staging.cdsboutique.com\/wp-content\/uploads\/2023\/06\/24904-ballon_texture_2.png","contentUrl":"https:\/\/staging.cdsboutique.com\/wp-content\/uploads\/2023\/06\/24904-ballon_texture_2.png","width":1035,"height":955,"caption":"Ballon textur\u00e9 de 7 pouces, couleur bleu clair"},{"@type":"BreadcrumbList","@id":"https:\/\/staging.cdsboutique.com\/en\/product\/textured-ball-7-inches\/#breadcrumb","itemListElement":[{"@type":"ListItem","position":1,"name":"Home","item":"https:\/\/staging.cdsboutique.com\/en\/"},{"@type":"ListItem","position":2,"name":"Products","item":"https:\/\/staging.cdsboutique.com\/en\/products\/"},{"@type":"ListItem","position":3,"name":"Textured Ball &#8211; 7 inches"}]},{"@type":"WebSite","@id":"https:\/\/staging.cdsboutique.com\/#website","url":"https:\/\/staging.cdsboutique.com\/","name":"CDS boutique A\u00een\u00e9s","description":"Pour une meilleure qualit\u00e9 de vie","publisher":{"@id":"https:\/\/staging.cdsboutique.com\/#organization"},"potentialAction":[{"@type":"SearchAction","target":{"@type":"EntryPoint","urlTemplate":"https:\/\/staging.cdsboutique.com\/?s={search_term_string}"},"query-input":{"@type":"PropertyValueSpecification","valueRequired":true,"valueName":"search_term_string"}}],"inLanguage":"en-US"},{"@type":"Organization","@id":"https:\/\/staging.cdsboutique.com\/#organization","name":"CDS Boutique","url":"https:\/\/staging.cdsboutique.com\/","logo":{"@type":"ImageObject","inLanguage":"en-US","@id":"https:\/\/staging.cdsboutique.com\/#\/schema\/logo\/image\/","url":"https:\/\/staging.cdsboutique.com\/wp-content\/uploads\/2024\/09\/logoCDS-Boutique_final2024.jpg","contentUrl":"https:\/\/staging.cdsboutique.com\/wp-content\/uploads\/2024\/09\/logoCDS-Boutique_final2024.jpg","width":900,"height":600,"caption":"CDS Boutique"},"image":{"@id":"https:\/\/staging.cdsboutique.com\/#\/schema\/logo\/image\/"},"sameAs":["https:\/\/www.facebook.com\/CDSBoutique.Aines.Seniors","https:\/\/www.youtube.com\/@cdsboutique4046","https:\/\/www.linkedin.com\/company\/cds-boutique\/","https:\/\/www.instagram.com\/cdsboutique\/"]}]}},"_links":{"self":[{"href":"https:\/\/staging.cdsboutique.com\/en\/wp-json\/wp\/v2\/product\/52744","targetHints":{"allow":["GET"]}}],"collection":[{"href":"https:\/\/staging.cdsboutique.com\/en\/wp-json\/wp\/v2\/product"}],"about":[{"href":"https:\/\/staging.cdsboutique.com\/en\/wp-json\/wp\/v2\/types\/product"}],"replies":[{"embeddable":true,"href":"https:\/\/staging.cdsboutique.com\/en\/wp-json\/wp\/v2\/comments?post=52744"}],"wp:featuredmedia":[{"embeddable":true,"href":"https:\/\/staging.cdsboutique.com\/en\/wp-json\/wp\/v2\/media\/52721"}],"wp:attachment":[{"href":"https:\/\/staging.cdsboutique.com\/en\/wp-json\/wp\/v2\/media?parent=52744"}],"wp:term":[{"taxonomy":"product_brand","embeddable":true,"href":"https:\/\/staging.cdsboutique.com\/en\/wp-json\/wp\/v2\/product_brand?post=52744"},{"taxonomy":"product_cat","embeddable":true,"href":"https:\/\/staging.cdsboutique.com\/en\/wp-json\/wp\/v2\/product_cat?post=52744"},{"taxonomy":"product_tag","embeddable":true,"href":"https:\/\/staging.cdsboutique.com\/en\/wp-json\/wp\/v2\/product_tag?post=52744"}],"curies":[{"name":"wp","href":"https:\/\/api.w.org\/{rel}","templated":true}]}}