{"id":53528,"date":"2021-11-25T10:55:07","date_gmt":"2021-11-25T15:55:07","guid":{"rendered":"https:\/\/cdsboutique.com\/produit\/53528\/"},"modified":"2024-10-07T14:03:21","modified_gmt":"2024-10-07T18:03:21","slug":"53528","status":"publish","type":"product","link":"https:\/\/staging.cdsboutique.com\/en\/produit\/53528\/","title":{"rendered":"I-Spy bottles &#8211; 1950s"},"content":{"rendered":"<p><strong>Play I-SPY and mark off the items on the laminated card.\u00a0 Have fun reminiscing about the oversized family car and a trip to the drive-in.\u00a0 From fashion to food to events, this bottle has it all!<\/strong><\/p>\n<p>We are excited to add a fun way to play while also reminiscing.\u00a0 We have combined the fun of I-Spy as a fun way to search out, recognize, and identify objects within a designated theme.\u00a0\u00a0The mix of colourful rice and objects changes with each turn.<\/p>\n<p>In addition to the fun of I-Spy, we include 2 laminated cards which offer reminiscence questions, conversation starters, and of course a grid of objects in the bottle which can be marked off with the included dry-erase marker.\u00a0\u00a0We also include a second activity, which changes with the theme.<\/p>\n<p>Bottle can be shaken but we recommend rolling for unsteady hands, limited strength or motor skills.\u00a0 Have fun, and enjoy the fun individually or within a small group.<\/p>\n<p>Includes: Memory bottle, laminated activity card with pictured items, laminated card with activity and one dry-erase marker.<\/p>\n<p>Assembly:\u00a0 Bottles are permanently sealed for safety.\u00a0 Activity sheets are laminated for quick cleanup and sanitation.<\/p>\n<p>Safety: Designed for adult use but may be used by children.\u00a0 (See safety label).<\/p>\n","protected":false},"excerpt":{"rendered":"<p>Play I-SPY and mark off the items on the laminated card.\u00a0 Have fun reminiscing about the oversized family car and a trip to the drive-in.\u00a0 From fashion to food to events, this bottle has it all! We are excited to add a fun way to play while also reminiscing.\u00a0 We have combined the fun of [&hellip;]<\/p>\n","protected":false},"featured_media":43181,"comment_status":"open","ping_status":"closed","template":"","meta":{"_acf_changed":false},"product_brand":[],"product_cat":[4401],"product_tag":[],"class_list":{"0":"post-53528","1":"product","2":"type-product","3":"status-publish","4":"has-post-thumbnail","6":"product_cat-all","7":"product_shipping_class-frais-de-livraison-en","9":"first","10":"instock","11":"taxable","12":"shipping-taxable","13":"purchasable","14":"product-type-simple"},"bundled_by":[],"bundle_stock_status":"instock","bundle_stock_quantity":null,"bundle_virtual":false,"bundle_layout":"","bundle_add_to_cart_form_location":"","bundle_editable_in_cart":false,"bundle_sold_individually_context":"","bundle_item_grouping":"","bundle_min_size":"","bundle_max_size":"","bundle_price":[],"bundled_items":[],"bundle_sell_ids":[],"acf":[],"featured_image_urls_v2":{"full":["https:\/\/staging.cdsboutique.com\/wp-content\/uploads\/2021\/11\/4380-1-1.png",1250,1080,false],"thumbnail":["https:\/\/staging.cdsboutique.com\/wp-content\/uploads\/2021\/11\/4380-1-1-150x150.png",150,150,true],"medium":["https:\/\/staging.cdsboutique.com\/wp-content\/uploads\/2021\/11\/4380-1-1-300x259.png",300,259,true],"medium_large":["https:\/\/staging.cdsboutique.com\/wp-content\/uploads\/2021\/11\/4380-1-1-768x664.png",768,664,true],"large":["https:\/\/staging.cdsboutique.com\/wp-content\/uploads\/2021\/11\/4380-1-1-1024x885.png",980,847,true],"1536x1536":["https:\/\/staging.cdsboutique.com\/wp-content\/uploads\/2021\/11\/4380-1-1.png",1250,1080,false],"2048x2048":["https:\/\/staging.cdsboutique.com\/wp-content\/uploads\/2021\/11\/4380-1-1.png",1250,1080,false],"gform-image-choice-sm":["https:\/\/staging.cdsboutique.com\/wp-content\/uploads\/2021\/11\/4380-1-1.png",300,259,false],"gform-image-choice-md":["https:\/\/staging.cdsboutique.com\/wp-content\/uploads\/2021\/11\/4380-1-1.png",400,346,false],"gform-image-choice-lg":["https:\/\/staging.cdsboutique.com\/wp-content\/uploads\/2021\/11\/4380-1-1.png",600,518,false],"woocommerce_thumbnail":["https:\/\/staging.cdsboutique.com\/wp-content\/uploads\/2021\/11\/4380-1-1-300x259.png",300,259,true],"woocommerce_single":["https:\/\/staging.cdsboutique.com\/wp-content\/uploads\/2021\/11\/4380-1-1-600x518.png",600,518,true],"woocommerce_gallery_thumbnail":["https:\/\/staging.cdsboutique.com\/wp-content\/uploads\/2021\/11\/4380-1-1-100x100.png",100,100,true],"variation_swatches_image_size":["https:\/\/staging.cdsboutique.com\/wp-content\/uploads\/2021\/11\/4380-1-1.png",50,43,false],"variation_swatches_tooltip_size":["https:\/\/staging.cdsboutique.com\/wp-content\/uploads\/2021\/11\/4380-1-1.png",100,86,false],"logo-size":["https:\/\/staging.cdsboutique.com\/wp-content\/uploads\/2021\/11\/4380-1-1-97x84.png",97,84,true],"blog":["https:\/\/staging.cdsboutique.com\/wp-content\/uploads\/2021\/11\/4380-1-1-350x260.png",350,260,true]},"post_excerpt_stackable_v2":"<p>Play I-SPY and mark off the items on the laminated card.\u00a0 Have fun reminiscing about the oversized family car and a trip to the drive-in.\u00a0 From fashion to food to events, this bottle has it all! We are excited to add a fun way to play while also reminiscing.\u00a0 We have combined the fun of I-Spy as a fun way to search out, recognize, and identify objects within a designated theme.\u00a0\u00a0The mix of colourful rice and objects changes with each turn. In addition to the fun of I-Spy, we include 2 laminated cards which offer reminiscence questions, conversation starters, and&hellip;<\/p>\n","category_list_v2":"","author_info_v2":{"name":"","url":""},"comments_num_v2":"0 comments","yoast_head":"<!-- This site is optimized with the Yoast SEO plugin v27.4 - https:\/\/yoast.com\/product\/yoast-seo-wordpress\/ -->\n<title>I-Spy bottles - 1950s - CDS boutique A\u00een\u00e9s<\/title>\n<meta name=\"robots\" content=\"noindex, follow, max-snippet:-1, max-image-preview:large, max-video-preview:-1\" \/>\n<meta property=\"og:locale\" content=\"en_US\" \/>\n<meta property=\"og:type\" content=\"article\" \/>\n<meta property=\"og:title\" content=\"I-Spy bottles - 1950s - CDS boutique A\u00een\u00e9s\" \/>\n<meta property=\"og:description\" content=\"Play I-SPY and mark off the items on the laminated card.\u00a0 Have fun reminiscing about the oversized family car and a trip to the drive-in.\u00a0 From fashion to food to events, this bottle has it all! We are excited to add a fun way to play while also reminiscing.\u00a0 We have combined the fun of [&hellip;]\" \/>\n<meta property=\"og:url\" content=\"https:\/\/staging.cdsboutique.com\/en\/product\/53528\/\" \/>\n<meta property=\"og:site_name\" content=\"CDS boutique A\u00een\u00e9s\" \/>\n<meta property=\"article:publisher\" content=\"https:\/\/www.facebook.com\/CDSBoutique.Aines.Seniors\" \/>\n<meta property=\"article:modified_time\" content=\"2024-10-07T18:03:21+00:00\" \/>\n<meta property=\"og:image\" content=\"https:\/\/staging.cdsboutique.com\/wp-content\/uploads\/2021\/11\/4380-1-1.png?_t=1728324201\" \/>\n\t<meta property=\"og:image:width\" content=\"1250\" \/>\n\t<meta property=\"og:image:height\" content=\"1080\" \/>\n\t<meta property=\"og:image:type\" content=\"image\/png\" \/>\n<meta name=\"twitter:card\" content=\"summary_large_image\" \/>\n<meta name=\"twitter:label1\" content=\"Est. reading time\" \/>\n\t<meta name=\"twitter:data1\" content=\"2 minutes\" \/>\n<script type=\"application\/ld+json\" class=\"yoast-schema-graph\">{\"@context\":\"https:\\\/\\\/schema.org\",\"@graph\":[{\"@type\":\"WebPage\",\"@id\":\"https:\\\/\\\/staging.cdsboutique.com\\\/en\\\/product\\\/53528\\\/\",\"url\":\"https:\\\/\\\/staging.cdsboutique.com\\\/en\\\/product\\\/53528\\\/\",\"name\":\"I-Spy bottles - 1950s - CDS boutique A\u00een\u00e9s\",\"isPartOf\":{\"@id\":\"https:\\\/\\\/staging.cdsboutique.com\\\/#website\"},\"primaryImageOfPage\":{\"@id\":\"https:\\\/\\\/staging.cdsboutique.com\\\/en\\\/product\\\/53528\\\/#primaryimage\"},\"image\":{\"@id\":\"https:\\\/\\\/staging.cdsboutique.com\\\/en\\\/product\\\/53528\\\/#primaryimage\"},\"thumbnailUrl\":\"https:\\\/\\\/staging.cdsboutique.com\\\/wp-content\\\/uploads\\\/2021\\\/11\\\/4380-1-1.png\",\"datePublished\":\"2021-11-25T15:55:07+00:00\",\"dateModified\":\"2024-10-07T18:03:21+00:00\",\"breadcrumb\":{\"@id\":\"https:\\\/\\\/staging.cdsboutique.com\\\/en\\\/product\\\/53528\\\/#breadcrumb\"},\"inLanguage\":\"en-US\",\"potentialAction\":[{\"@type\":\"ReadAction\",\"target\":[\"https:\\\/\\\/staging.cdsboutique.com\\\/en\\\/product\\\/53528\\\/\"]}]},{\"@type\":\"ImageObject\",\"inLanguage\":\"en-US\",\"@id\":\"https:\\\/\\\/staging.cdsboutique.com\\\/en\\\/product\\\/53528\\\/#primaryimage\",\"url\":\"https:\\\/\\\/staging.cdsboutique.com\\\/wp-content\\\/uploads\\\/2021\\\/11\\\/4380-1-1.png\",\"contentUrl\":\"https:\\\/\\\/staging.cdsboutique.com\\\/wp-content\\\/uploads\\\/2021\\\/11\\\/4380-1-1.png\",\"width\":1250,\"height\":1080},{\"@type\":\"BreadcrumbList\",\"@id\":\"https:\\\/\\\/staging.cdsboutique.com\\\/en\\\/product\\\/53528\\\/#breadcrumb\",\"itemListElement\":[{\"@type\":\"ListItem\",\"position\":1,\"name\":\"Home\",\"item\":\"https:\\\/\\\/staging.cdsboutique.com\\\/en\\\/\"},{\"@type\":\"ListItem\",\"position\":2,\"name\":\"Products\",\"item\":\"https:\\\/\\\/staging.cdsboutique.com\\\/en\\\/products\\\/\"},{\"@type\":\"ListItem\",\"position\":3,\"name\":\"I-Spy bottles &#8211; 1950s\"}]},{\"@type\":\"WebSite\",\"@id\":\"https:\\\/\\\/staging.cdsboutique.com\\\/#website\",\"url\":\"https:\\\/\\\/staging.cdsboutique.com\\\/\",\"name\":\"CDS boutique A\u00een\u00e9s\",\"description\":\"Pour une meilleure qualit\u00e9 de vie\",\"publisher\":{\"@id\":\"https:\\\/\\\/staging.cdsboutique.com\\\/#organization\"},\"potentialAction\":[{\"@type\":\"SearchAction\",\"target\":{\"@type\":\"EntryPoint\",\"urlTemplate\":\"https:\\\/\\\/staging.cdsboutique.com\\\/?s={search_term_string}\"},\"query-input\":{\"@type\":\"PropertyValueSpecification\",\"valueRequired\":true,\"valueName\":\"search_term_string\"}}],\"inLanguage\":\"en-US\"},{\"@type\":\"Organization\",\"@id\":\"https:\\\/\\\/staging.cdsboutique.com\\\/#organization\",\"name\":\"CDS Boutique\",\"url\":\"https:\\\/\\\/staging.cdsboutique.com\\\/\",\"logo\":{\"@type\":\"ImageObject\",\"inLanguage\":\"en-US\",\"@id\":\"https:\\\/\\\/staging.cdsboutique.com\\\/#\\\/schema\\\/logo\\\/image\\\/\",\"url\":\"https:\\\/\\\/staging.cdsboutique.com\\\/wp-content\\\/uploads\\\/2024\\\/09\\\/logoCDS-Boutique_final2024.jpg\",\"contentUrl\":\"https:\\\/\\\/staging.cdsboutique.com\\\/wp-content\\\/uploads\\\/2024\\\/09\\\/logoCDS-Boutique_final2024.jpg\",\"width\":900,\"height\":600,\"caption\":\"CDS Boutique\"},\"image\":{\"@id\":\"https:\\\/\\\/staging.cdsboutique.com\\\/#\\\/schema\\\/logo\\\/image\\\/\"},\"sameAs\":[\"https:\\\/\\\/www.facebook.com\\\/CDSBoutique.Aines.Seniors\",\"https:\\\/\\\/www.youtube.com\\\/@cdsboutique4046\",\"https:\\\/\\\/www.linkedin.com\\\/company\\\/cds-boutique\\\/\",\"https:\\\/\\\/www.instagram.com\\\/cdsboutique\\\/\"]}]}<\/script>\n<!-- \/ Yoast SEO plugin. -->","yoast_head_json":{"title":"I-Spy bottles - 1950s - CDS boutique A\u00een\u00e9s","robots":{"index":"noindex","follow":"follow","max-snippet":"max-snippet:-1","max-image-preview":"max-image-preview:large","max-video-preview":"max-video-preview:-1"},"og_locale":"en_US","og_type":"article","og_title":"I-Spy bottles - 1950s - CDS boutique A\u00een\u00e9s","og_description":"Play I-SPY and mark off the items on the laminated card.\u00a0 Have fun reminiscing about the oversized family car and a trip to the drive-in.\u00a0 From fashion to food to events, this bottle has it all! We are excited to add a fun way to play while also reminiscing.\u00a0 We have combined the fun of [&hellip;]","og_url":"https:\/\/staging.cdsboutique.com\/en\/product\/53528\/","og_site_name":"CDS boutique A\u00een\u00e9s","article_publisher":"https:\/\/www.facebook.com\/CDSBoutique.Aines.Seniors","article_modified_time":"2024-10-07T18:03:21+00:00","og_image":[{"width":1250,"height":1080,"url":"https:\/\/staging.cdsboutique.com\/wp-content\/uploads\/2021\/11\/4380-1-1.png?_t=1728324201","type":"image\/png"}],"twitter_card":"summary_large_image","twitter_misc":{"Est. reading time":"2 minutes"},"schema":{"@context":"https:\/\/schema.org","@graph":[{"@type":"WebPage","@id":"https:\/\/staging.cdsboutique.com\/en\/product\/53528\/","url":"https:\/\/staging.cdsboutique.com\/en\/product\/53528\/","name":"I-Spy bottles - 1950s - CDS boutique A\u00een\u00e9s","isPartOf":{"@id":"https:\/\/staging.cdsboutique.com\/#website"},"primaryImageOfPage":{"@id":"https:\/\/staging.cdsboutique.com\/en\/product\/53528\/#primaryimage"},"image":{"@id":"https:\/\/staging.cdsboutique.com\/en\/product\/53528\/#primaryimage"},"thumbnailUrl":"https:\/\/staging.cdsboutique.com\/wp-content\/uploads\/2021\/11\/4380-1-1.png","datePublished":"2021-11-25T15:55:07+00:00","dateModified":"2024-10-07T18:03:21+00:00","breadcrumb":{"@id":"https:\/\/staging.cdsboutique.com\/en\/product\/53528\/#breadcrumb"},"inLanguage":"en-US","potentialAction":[{"@type":"ReadAction","target":["https:\/\/staging.cdsboutique.com\/en\/product\/53528\/"]}]},{"@type":"ImageObject","inLanguage":"en-US","@id":"https:\/\/staging.cdsboutique.com\/en\/product\/53528\/#primaryimage","url":"https:\/\/staging.cdsboutique.com\/wp-content\/uploads\/2021\/11\/4380-1-1.png","contentUrl":"https:\/\/staging.cdsboutique.com\/wp-content\/uploads\/2021\/11\/4380-1-1.png","width":1250,"height":1080},{"@type":"BreadcrumbList","@id":"https:\/\/staging.cdsboutique.com\/en\/product\/53528\/#breadcrumb","itemListElement":[{"@type":"ListItem","position":1,"name":"Home","item":"https:\/\/staging.cdsboutique.com\/en\/"},{"@type":"ListItem","position":2,"name":"Products","item":"https:\/\/staging.cdsboutique.com\/en\/products\/"},{"@type":"ListItem","position":3,"name":"I-Spy bottles &#8211; 1950s"}]},{"@type":"WebSite","@id":"https:\/\/staging.cdsboutique.com\/#website","url":"https:\/\/staging.cdsboutique.com\/","name":"CDS boutique A\u00een\u00e9s","description":"Pour une meilleure qualit\u00e9 de vie","publisher":{"@id":"https:\/\/staging.cdsboutique.com\/#organization"},"potentialAction":[{"@type":"SearchAction","target":{"@type":"EntryPoint","urlTemplate":"https:\/\/staging.cdsboutique.com\/?s={search_term_string}"},"query-input":{"@type":"PropertyValueSpecification","valueRequired":true,"valueName":"search_term_string"}}],"inLanguage":"en-US"},{"@type":"Organization","@id":"https:\/\/staging.cdsboutique.com\/#organization","name":"CDS Boutique","url":"https:\/\/staging.cdsboutique.com\/","logo":{"@type":"ImageObject","inLanguage":"en-US","@id":"https:\/\/staging.cdsboutique.com\/#\/schema\/logo\/image\/","url":"https:\/\/staging.cdsboutique.com\/wp-content\/uploads\/2024\/09\/logoCDS-Boutique_final2024.jpg","contentUrl":"https:\/\/staging.cdsboutique.com\/wp-content\/uploads\/2024\/09\/logoCDS-Boutique_final2024.jpg","width":900,"height":600,"caption":"CDS Boutique"},"image":{"@id":"https:\/\/staging.cdsboutique.com\/#\/schema\/logo\/image\/"},"sameAs":["https:\/\/www.facebook.com\/CDSBoutique.Aines.Seniors","https:\/\/www.youtube.com\/@cdsboutique4046","https:\/\/www.linkedin.com\/company\/cds-boutique\/","https:\/\/www.instagram.com\/cdsboutique\/"]}]}},"_links":{"self":[{"href":"https:\/\/staging.cdsboutique.com\/en\/wp-json\/wp\/v2\/product\/53528","targetHints":{"allow":["GET"]}}],"collection":[{"href":"https:\/\/staging.cdsboutique.com\/en\/wp-json\/wp\/v2\/product"}],"about":[{"href":"https:\/\/staging.cdsboutique.com\/en\/wp-json\/wp\/v2\/types\/product"}],"replies":[{"embeddable":true,"href":"https:\/\/staging.cdsboutique.com\/en\/wp-json\/wp\/v2\/comments?post=53528"}],"wp:featuredmedia":[{"embeddable":true,"href":"https:\/\/staging.cdsboutique.com\/en\/wp-json\/wp\/v2\/media\/43181"}],"wp:attachment":[{"href":"https:\/\/staging.cdsboutique.com\/en\/wp-json\/wp\/v2\/media?parent=53528"}],"wp:term":[{"taxonomy":"product_brand","embeddable":true,"href":"https:\/\/staging.cdsboutique.com\/en\/wp-json\/wp\/v2\/product_brand?post=53528"},{"taxonomy":"product_cat","embeddable":true,"href":"https:\/\/staging.cdsboutique.com\/en\/wp-json\/wp\/v2\/product_cat?post=53528"},{"taxonomy":"product_tag","embeddable":true,"href":"https:\/\/staging.cdsboutique.com\/en\/wp-json\/wp\/v2\/product_tag?post=53528"}],"curies":[{"name":"wp","href":"https:\/\/api.w.org\/{rel}","templated":true}]}}