{"id":53578,"date":"2023-03-19T14:30:42","date_gmt":"2023-07-19T18:30:42","guid":{"rendered":"https:\/\/cdsboutique.com\/?post_type=product&#038;p=53578"},"modified":"2025-02-19T08:58:04","modified_gmt":"2025-02-19T13:58:04","slug":"tantrix-discovery-game-pack-56-tiles","status":"publish","type":"product","link":"https:\/\/staging.cdsboutique.com\/en\/produit\/tantrix-discovery-game-pack-56-tiles\/","title":{"rendered":"Tantrix Discovery Game Pack &#8211; 56 Tiles"},"content":{"rendered":"<p><strong>You won&#8217;t get bored with this 56-tile TANTRIX Discovery Game Pack! This stimulating and fun game is sure to please your seniors.<\/strong><\/p>\n<p>Tantrix is an enjoyable game that will stimulate your <strong>seniors&#8217; concentration, judgement and colour perception<\/strong>. This is the perfect game to <strong>promote motor skills and cognitive functions<\/strong>! Since this game is all about connecting colours, its accessible for all levels of cognitive impairments (Alzheimer&#8217;s disease, dementia).<\/p>\n<p>This game contains 56 tiles. Each tile comes in 3 of 4 colours: blue, green, yellow and red.<\/p>\n<p>Your goal? Connect the tiles based on their colour bands.<\/p>\n<p>It&#8217;s a versatile and evolving game! The game can be played in 5 different variations.<\/p>\n<p>This 5-in-1 game can be adapted for people living with cognitive impairment. Families will love it when they visit their loved ones in residence!<\/p>\n<p>Good to know :<\/p>\n<ul>\n<li>You can play with 1 to 6 people per game.<\/li>\n<li>Tile dimensions: 4 cm &#8211; 1.5 in.<\/li>\n<li>Games can last between 10 to 30 minutes<\/li>\n<\/ul>\n<p>Contains :<\/p>\n<ul>\n<li>56 tiles<\/li>\n<li>Transport bag<\/li>\n<li>Instructions booklet<\/li>\n<\/ul>\n","protected":false},"excerpt":{"rendered":"<p>Tantrix is an enjoyable game that will stimulate your <strong>seniors&#8217; concentration, judgement and colour perception<\/strong>. This is the perfect game to <strong>promote motor skills and cognitive functions<\/strong>! Since this game is all about connecting colours, its accessible for all levels of cognitive impairments (Alzheimer&#8217;s disease, dementia).<\/p>\n","protected":false},"featured_media":53584,"comment_status":"open","ping_status":"closed","template":"","meta":{"_acf_changed":false},"product_brand":[],"product_cat":[4401,2968,2805,2810],"product_tag":[],"class_list":{"0":"post-53578","1":"product","2":"type-product","3":"status-publish","4":"has-post-thumbnail","6":"product_cat-all","7":"product_cat-cognitive-stimulation","8":"product_cat-table-board-games","9":"product_cat-trivia-and-mind-games","10":"product_shipping_class-frais-de-livraison-en","12":"first","13":"instock","14":"taxable","15":"shipping-taxable","16":"purchasable","17":"product-type-simple"},"bundled_by":[],"bundle_stock_status":"instock","bundle_stock_quantity":null,"bundle_virtual":false,"bundle_layout":"","bundle_add_to_cart_form_location":"","bundle_editable_in_cart":false,"bundle_sold_individually_context":"","bundle_item_grouping":"","bundle_min_size":"","bundle_max_size":"","bundle_price":[],"bundled_items":[],"bundle_sell_ids":[],"acf":[],"featured_image_urls_v2":{"full":["https:\/\/staging.cdsboutique.com\/wp-content\/uploads\/2023\/03\/24918_tantrix_1-1.jpg",800,743,false],"thumbnail":["https:\/\/staging.cdsboutique.com\/wp-content\/uploads\/2023\/03\/24918_tantrix_1-1-150x150.jpg",150,150,true],"medium":["https:\/\/staging.cdsboutique.com\/wp-content\/uploads\/2023\/03\/24918_tantrix_1-1-300x279.jpg",300,279,true],"medium_large":["https:\/\/staging.cdsboutique.com\/wp-content\/uploads\/2023\/03\/24918_tantrix_1-1-768x713.jpg",768,713,true],"large":["https:\/\/staging.cdsboutique.com\/wp-content\/uploads\/2023\/03\/24918_tantrix_1-1.jpg",800,743,false],"1536x1536":["https:\/\/staging.cdsboutique.com\/wp-content\/uploads\/2023\/03\/24918_tantrix_1-1.jpg",800,743,false],"2048x2048":["https:\/\/staging.cdsboutique.com\/wp-content\/uploads\/2023\/03\/24918_tantrix_1-1.jpg",800,743,false],"gform-image-choice-sm":["https:\/\/staging.cdsboutique.com\/wp-content\/uploads\/2023\/03\/24918_tantrix_1-1.jpg",300,279,false],"gform-image-choice-md":["https:\/\/staging.cdsboutique.com\/wp-content\/uploads\/2023\/03\/24918_tantrix_1-1.jpg",400,372,false],"gform-image-choice-lg":["https:\/\/staging.cdsboutique.com\/wp-content\/uploads\/2023\/03\/24918_tantrix_1-1.jpg",600,557,false],"woocommerce_thumbnail":["https:\/\/staging.cdsboutique.com\/wp-content\/uploads\/2023\/03\/24918_tantrix_1-1-300x279.jpg",300,279,true],"woocommerce_single":["https:\/\/staging.cdsboutique.com\/wp-content\/uploads\/2023\/03\/24918_tantrix_1-1-600x557.jpg",600,557,true],"woocommerce_gallery_thumbnail":["https:\/\/staging.cdsboutique.com\/wp-content\/uploads\/2023\/03\/24918_tantrix_1-1-100x100.jpg",100,100,true],"variation_swatches_image_size":["https:\/\/staging.cdsboutique.com\/wp-content\/uploads\/2023\/03\/24918_tantrix_1-1-50x50.jpg",50,50,true],"variation_swatches_tooltip_size":["https:\/\/staging.cdsboutique.com\/wp-content\/uploads\/2023\/03\/24918_tantrix_1-1-100x100.jpg",100,100,true],"logo-size":["https:\/\/staging.cdsboutique.com\/wp-content\/uploads\/2023\/03\/24918_tantrix_1-1-90x84.jpg",90,84,true],"blog":["https:\/\/staging.cdsboutique.com\/wp-content\/uploads\/2023\/03\/24918_tantrix_1-1-350x260.jpg",350,260,true]},"post_excerpt_stackable_v2":"<p>Tantrix is an enjoyable game that will stimulate your <strong>seniors&#8217; concentration, judgement and colour perception<\/strong>. This is the perfect game to <strong>promote motor skills and cognitive functions<\/strong>! Since this game is all about connecting colours, its accessible for all levels of cognitive impairments (Alzheimer&#8217;s disease, dementia).<\/p>\n","category_list_v2":"","author_info_v2":{"name":"","url":""},"comments_num_v2":"1 comment","yoast_head":"<!-- This site is optimized with the Yoast SEO plugin v27.4 - https:\/\/yoast.com\/product\/yoast-seo-wordpress\/ -->\n<title>Tantrix Discovery Game Pack - 56 Tiles - CDS boutique A\u00een\u00e9s<\/title>\n<meta name=\"description\" content=\"Tantrix is an enjoyable game that will stimulate your seniors&#039; concentration, judgement and colour perception. Perfect to promote cognitive functions!\" \/>\n<meta name=\"robots\" content=\"noindex, follow, max-snippet:-1, max-image-preview:large, max-video-preview:-1\" \/>\n<meta property=\"og:locale\" content=\"en_US\" \/>\n<meta property=\"og:type\" content=\"article\" \/>\n<meta property=\"og:title\" content=\"Tantrix Discovery Game Pack - 56 Tiles - CDS boutique A\u00een\u00e9s\" \/>\n<meta property=\"og:description\" content=\"Tantrix is an enjoyable game that will stimulate your seniors&#039; concentration, judgement and colour perception. Perfect to promote cognitive functions!\" \/>\n<meta property=\"og:url\" content=\"https:\/\/staging.cdsboutique.com\/en\/product\/tantrix-discovery-game-pack-56-tiles\/\" \/>\n<meta property=\"og:site_name\" content=\"CDS boutique A\u00een\u00e9s\" \/>\n<meta property=\"article:publisher\" content=\"https:\/\/www.facebook.com\/CDSBoutique.Aines.Seniors\" \/>\n<meta property=\"article:modified_time\" content=\"2025-02-19T13:58:04+00:00\" \/>\n<meta property=\"og:image\" content=\"https:\/\/staging.cdsboutique.com\/wp-content\/uploads\/2023\/03\/24918_tantrix_1-1.jpg?_t=1702930165\" \/>\n\t<meta property=\"og:image:width\" content=\"800\" \/>\n\t<meta property=\"og:image:height\" content=\"743\" \/>\n\t<meta property=\"og:image:type\" content=\"image\/jpeg\" \/>\n<meta name=\"twitter:card\" content=\"summary_large_image\" \/>\n<meta name=\"twitter:label1\" content=\"Est. reading time\" \/>\n\t<meta name=\"twitter:data1\" content=\"1 minute\" \/>\n<script type=\"application\/ld+json\" class=\"yoast-schema-graph\">{\"@context\":\"https:\\\/\\\/schema.org\",\"@graph\":[{\"@type\":\"WebPage\",\"@id\":\"https:\\\/\\\/staging.cdsboutique.com\\\/en\\\/product\\\/tantrix-discovery-game-pack-56-tiles\\\/\",\"url\":\"https:\\\/\\\/staging.cdsboutique.com\\\/en\\\/product\\\/tantrix-discovery-game-pack-56-tiles\\\/\",\"name\":\"Tantrix Discovery Game Pack - 56 Tiles - CDS boutique A\u00een\u00e9s\",\"isPartOf\":{\"@id\":\"https:\\\/\\\/staging.cdsboutique.com\\\/#website\"},\"primaryImageOfPage\":{\"@id\":\"https:\\\/\\\/staging.cdsboutique.com\\\/en\\\/product\\\/tantrix-discovery-game-pack-56-tiles\\\/#primaryimage\"},\"image\":{\"@id\":\"https:\\\/\\\/staging.cdsboutique.com\\\/en\\\/product\\\/tantrix-discovery-game-pack-56-tiles\\\/#primaryimage\"},\"thumbnailUrl\":\"https:\\\/\\\/staging.cdsboutique.com\\\/wp-content\\\/uploads\\\/2023\\\/03\\\/24918_tantrix_1-1.jpg\",\"datePublished\":\"2023-07-19T18:30:42+00:00\",\"dateModified\":\"2025-02-19T13:58:04+00:00\",\"description\":\"Tantrix is an enjoyable game that will stimulate your seniors' concentration, judgement and colour perception. Perfect to promote cognitive functions!\",\"breadcrumb\":{\"@id\":\"https:\\\/\\\/staging.cdsboutique.com\\\/en\\\/product\\\/tantrix-discovery-game-pack-56-tiles\\\/#breadcrumb\"},\"inLanguage\":\"en-US\",\"potentialAction\":[{\"@type\":\"ReadAction\",\"target\":[\"https:\\\/\\\/staging.cdsboutique.com\\\/en\\\/product\\\/tantrix-discovery-game-pack-56-tiles\\\/\"]}]},{\"@type\":\"ImageObject\",\"inLanguage\":\"en-US\",\"@id\":\"https:\\\/\\\/staging.cdsboutique.com\\\/en\\\/product\\\/tantrix-discovery-game-pack-56-tiles\\\/#primaryimage\",\"url\":\"https:\\\/\\\/staging.cdsboutique.com\\\/wp-content\\\/uploads\\\/2023\\\/03\\\/24918_tantrix_1-1.jpg\",\"contentUrl\":\"https:\\\/\\\/staging.cdsboutique.com\\\/wp-content\\\/uploads\\\/2023\\\/03\\\/24918_tantrix_1-1.jpg\",\"width\":800,\"height\":743},{\"@type\":\"BreadcrumbList\",\"@id\":\"https:\\\/\\\/staging.cdsboutique.com\\\/en\\\/product\\\/tantrix-discovery-game-pack-56-tiles\\\/#breadcrumb\",\"itemListElement\":[{\"@type\":\"ListItem\",\"position\":1,\"name\":\"Home\",\"item\":\"https:\\\/\\\/staging.cdsboutique.com\\\/en\\\/\"},{\"@type\":\"ListItem\",\"position\":2,\"name\":\"Products\",\"item\":\"https:\\\/\\\/staging.cdsboutique.com\\\/en\\\/products\\\/\"},{\"@type\":\"ListItem\",\"position\":3,\"name\":\"Tantrix Discovery Game Pack &#8211; 56 Tiles\"}]},{\"@type\":\"WebSite\",\"@id\":\"https:\\\/\\\/staging.cdsboutique.com\\\/#website\",\"url\":\"https:\\\/\\\/staging.cdsboutique.com\\\/\",\"name\":\"CDS boutique A\u00een\u00e9s\",\"description\":\"Pour une meilleure qualit\u00e9 de vie\",\"publisher\":{\"@id\":\"https:\\\/\\\/staging.cdsboutique.com\\\/#organization\"},\"potentialAction\":[{\"@type\":\"SearchAction\",\"target\":{\"@type\":\"EntryPoint\",\"urlTemplate\":\"https:\\\/\\\/staging.cdsboutique.com\\\/?s={search_term_string}\"},\"query-input\":{\"@type\":\"PropertyValueSpecification\",\"valueRequired\":true,\"valueName\":\"search_term_string\"}}],\"inLanguage\":\"en-US\"},{\"@type\":\"Organization\",\"@id\":\"https:\\\/\\\/staging.cdsboutique.com\\\/#organization\",\"name\":\"CDS Boutique\",\"url\":\"https:\\\/\\\/staging.cdsboutique.com\\\/\",\"logo\":{\"@type\":\"ImageObject\",\"inLanguage\":\"en-US\",\"@id\":\"https:\\\/\\\/staging.cdsboutique.com\\\/#\\\/schema\\\/logo\\\/image\\\/\",\"url\":\"https:\\\/\\\/staging.cdsboutique.com\\\/wp-content\\\/uploads\\\/2024\\\/09\\\/logoCDS-Boutique_final2024.jpg\",\"contentUrl\":\"https:\\\/\\\/staging.cdsboutique.com\\\/wp-content\\\/uploads\\\/2024\\\/09\\\/logoCDS-Boutique_final2024.jpg\",\"width\":900,\"height\":600,\"caption\":\"CDS Boutique\"},\"image\":{\"@id\":\"https:\\\/\\\/staging.cdsboutique.com\\\/#\\\/schema\\\/logo\\\/image\\\/\"},\"sameAs\":[\"https:\\\/\\\/www.facebook.com\\\/CDSBoutique.Aines.Seniors\",\"https:\\\/\\\/www.youtube.com\\\/@cdsboutique4046\",\"https:\\\/\\\/www.linkedin.com\\\/company\\\/cds-boutique\\\/\",\"https:\\\/\\\/www.instagram.com\\\/cdsboutique\\\/\"]}]}<\/script>\n<!-- \/ Yoast SEO plugin. -->","yoast_head_json":{"title":"Tantrix Discovery Game Pack - 56 Tiles - CDS boutique A\u00een\u00e9s","description":"Tantrix is an enjoyable game that will stimulate your seniors' concentration, judgement and colour perception. Perfect to promote cognitive functions!","robots":{"index":"noindex","follow":"follow","max-snippet":"max-snippet:-1","max-image-preview":"max-image-preview:large","max-video-preview":"max-video-preview:-1"},"og_locale":"en_US","og_type":"article","og_title":"Tantrix Discovery Game Pack - 56 Tiles - CDS boutique A\u00een\u00e9s","og_description":"Tantrix is an enjoyable game that will stimulate your seniors' concentration, judgement and colour perception. Perfect to promote cognitive functions!","og_url":"https:\/\/staging.cdsboutique.com\/en\/product\/tantrix-discovery-game-pack-56-tiles\/","og_site_name":"CDS boutique A\u00een\u00e9s","article_publisher":"https:\/\/www.facebook.com\/CDSBoutique.Aines.Seniors","article_modified_time":"2025-02-19T13:58:04+00:00","og_image":[{"width":800,"height":743,"url":"https:\/\/staging.cdsboutique.com\/wp-content\/uploads\/2023\/03\/24918_tantrix_1-1.jpg?_t=1702930165","type":"image\/jpeg"}],"twitter_card":"summary_large_image","twitter_misc":{"Est. reading time":"1 minute"},"schema":{"@context":"https:\/\/schema.org","@graph":[{"@type":"WebPage","@id":"https:\/\/staging.cdsboutique.com\/en\/product\/tantrix-discovery-game-pack-56-tiles\/","url":"https:\/\/staging.cdsboutique.com\/en\/product\/tantrix-discovery-game-pack-56-tiles\/","name":"Tantrix Discovery Game Pack - 56 Tiles - CDS boutique A\u00een\u00e9s","isPartOf":{"@id":"https:\/\/staging.cdsboutique.com\/#website"},"primaryImageOfPage":{"@id":"https:\/\/staging.cdsboutique.com\/en\/product\/tantrix-discovery-game-pack-56-tiles\/#primaryimage"},"image":{"@id":"https:\/\/staging.cdsboutique.com\/en\/product\/tantrix-discovery-game-pack-56-tiles\/#primaryimage"},"thumbnailUrl":"https:\/\/staging.cdsboutique.com\/wp-content\/uploads\/2023\/03\/24918_tantrix_1-1.jpg","datePublished":"2023-07-19T18:30:42+00:00","dateModified":"2025-02-19T13:58:04+00:00","description":"Tantrix is an enjoyable game that will stimulate your seniors' concentration, judgement and colour perception. Perfect to promote cognitive functions!","breadcrumb":{"@id":"https:\/\/staging.cdsboutique.com\/en\/product\/tantrix-discovery-game-pack-56-tiles\/#breadcrumb"},"inLanguage":"en-US","potentialAction":[{"@type":"ReadAction","target":["https:\/\/staging.cdsboutique.com\/en\/product\/tantrix-discovery-game-pack-56-tiles\/"]}]},{"@type":"ImageObject","inLanguage":"en-US","@id":"https:\/\/staging.cdsboutique.com\/en\/product\/tantrix-discovery-game-pack-56-tiles\/#primaryimage","url":"https:\/\/staging.cdsboutique.com\/wp-content\/uploads\/2023\/03\/24918_tantrix_1-1.jpg","contentUrl":"https:\/\/staging.cdsboutique.com\/wp-content\/uploads\/2023\/03\/24918_tantrix_1-1.jpg","width":800,"height":743},{"@type":"BreadcrumbList","@id":"https:\/\/staging.cdsboutique.com\/en\/product\/tantrix-discovery-game-pack-56-tiles\/#breadcrumb","itemListElement":[{"@type":"ListItem","position":1,"name":"Home","item":"https:\/\/staging.cdsboutique.com\/en\/"},{"@type":"ListItem","position":2,"name":"Products","item":"https:\/\/staging.cdsboutique.com\/en\/products\/"},{"@type":"ListItem","position":3,"name":"Tantrix Discovery Game Pack &#8211; 56 Tiles"}]},{"@type":"WebSite","@id":"https:\/\/staging.cdsboutique.com\/#website","url":"https:\/\/staging.cdsboutique.com\/","name":"CDS boutique A\u00een\u00e9s","description":"Pour une meilleure qualit\u00e9 de vie","publisher":{"@id":"https:\/\/staging.cdsboutique.com\/#organization"},"potentialAction":[{"@type":"SearchAction","target":{"@type":"EntryPoint","urlTemplate":"https:\/\/staging.cdsboutique.com\/?s={search_term_string}"},"query-input":{"@type":"PropertyValueSpecification","valueRequired":true,"valueName":"search_term_string"}}],"inLanguage":"en-US"},{"@type":"Organization","@id":"https:\/\/staging.cdsboutique.com\/#organization","name":"CDS Boutique","url":"https:\/\/staging.cdsboutique.com\/","logo":{"@type":"ImageObject","inLanguage":"en-US","@id":"https:\/\/staging.cdsboutique.com\/#\/schema\/logo\/image\/","url":"https:\/\/staging.cdsboutique.com\/wp-content\/uploads\/2024\/09\/logoCDS-Boutique_final2024.jpg","contentUrl":"https:\/\/staging.cdsboutique.com\/wp-content\/uploads\/2024\/09\/logoCDS-Boutique_final2024.jpg","width":900,"height":600,"caption":"CDS Boutique"},"image":{"@id":"https:\/\/staging.cdsboutique.com\/#\/schema\/logo\/image\/"},"sameAs":["https:\/\/www.facebook.com\/CDSBoutique.Aines.Seniors","https:\/\/www.youtube.com\/@cdsboutique4046","https:\/\/www.linkedin.com\/company\/cds-boutique\/","https:\/\/www.instagram.com\/cdsboutique\/"]}]}},"_links":{"self":[{"href":"https:\/\/staging.cdsboutique.com\/en\/wp-json\/wp\/v2\/product\/53578","targetHints":{"allow":["GET"]}}],"collection":[{"href":"https:\/\/staging.cdsboutique.com\/en\/wp-json\/wp\/v2\/product"}],"about":[{"href":"https:\/\/staging.cdsboutique.com\/en\/wp-json\/wp\/v2\/types\/product"}],"replies":[{"embeddable":true,"href":"https:\/\/staging.cdsboutique.com\/en\/wp-json\/wp\/v2\/comments?post=53578"}],"wp:featuredmedia":[{"embeddable":true,"href":"https:\/\/staging.cdsboutique.com\/en\/wp-json\/wp\/v2\/media\/53584"}],"wp:attachment":[{"href":"https:\/\/staging.cdsboutique.com\/en\/wp-json\/wp\/v2\/media?parent=53578"}],"wp:term":[{"taxonomy":"product_brand","embeddable":true,"href":"https:\/\/staging.cdsboutique.com\/en\/wp-json\/wp\/v2\/product_brand?post=53578"},{"taxonomy":"product_cat","embeddable":true,"href":"https:\/\/staging.cdsboutique.com\/en\/wp-json\/wp\/v2\/product_cat?post=53578"},{"taxonomy":"product_tag","embeddable":true,"href":"https:\/\/staging.cdsboutique.com\/en\/wp-json\/wp\/v2\/product_tag?post=53578"}],"curies":[{"name":"wp","href":"https:\/\/api.w.org\/{rel}","templated":true}]}}