{"id":53659,"date":"2023-07-28T14:17:34","date_gmt":"2023-07-28T18:17:34","guid":{"rendered":"https:\/\/cdsboutique.com\/?post_type=product&#038;p=53659"},"modified":"2024-11-15T11:56:25","modified_gmt":"2024-11-15T16:56:25","slug":"set-f-35-piece-tray-puzzle-4-copie","status":"publish","type":"product","link":"https:\/\/staging.cdsboutique.com\/en\/produit\/set-f-35-piece-tray-puzzle-4-copie\/","title":{"rendered":"Set &#8220;F&#8221; &#8211; 35-Piece Tray Puzzle (4) (Copie)"},"content":{"rendered":"<p><strong>Your seniors will love putting together these colourful, country-style puzzles!<\/strong><\/p>\n<p><span data-preserver-spaces=\"true\">Each of these puzzles includes a printed picture on the board. This is a great way to motivate seniors to assemble the puzzle pieces.<\/span><\/p>\n<p><span data-preserver-spaces=\"true\">There are 35 easy-to-assemble, lightweight pieces. Plus, they all fit perfectly together!<\/span><\/p>\n<p>In this set, animals and farms take the spotlight! Your seniors will certainly be delighted to see kittens, ducks, cows and other loving furballs! This is the perfect set for remembering all the joys of farm life and the countryside!<\/p>\n<p><span data-preserver-spaces=\"true\">This set is ideal for stimulating seniors&#8217; concentration, motor skills, and cognitive functions.<\/span><\/p>\n<p><strong><span data-preserver-spaces=\"true\">Contains:<\/span><\/strong><span data-preserver-spaces=\"true\">\u00a04 puzzles of 35 pieces each<\/span><\/p>\n<p><strong><span data-preserver-spaces=\"true\">Dimensions:<\/span><\/strong><span data-preserver-spaces=\"true\">\u00a035.5 x 25 cm (14 x 10 &#8221;)<\/span><\/p>\n","protected":false},"excerpt":{"rendered":"<p>Your seniors will love putting together these colourful, country-style puzzles! Each of these puzzles includes a printed picture on the board. This is a great way to motivate seniors to assemble the puzzle pieces. There are 35 easy-to-assemble, lightweight pieces. Plus, they all fit perfectly together! In this set, animals and farms take the spotlight! [&hellip;]<\/p>\n","protected":false},"featured_media":53662,"comment_status":"open","ping_status":"closed","template":"","meta":{"_acf_changed":false},"product_brand":[],"product_cat":[4401,2815],"product_tag":[],"class_list":{"0":"post-53659","1":"product","2":"type-product","3":"status-publish","4":"has-post-thumbnail","6":"product_cat-all","7":"product_cat-puzzles-6-to-24-pcs","8":"product_shipping_class-frais-de-livraison-en","10":"first","11":"instock","12":"taxable","13":"shipping-taxable","14":"purchasable","15":"product-type-simple"},"bundled_by":[],"bundle_stock_status":"instock","bundle_stock_quantity":null,"bundle_virtual":false,"bundle_layout":"","bundle_add_to_cart_form_location":"","bundle_editable_in_cart":false,"bundle_sold_individually_context":"","bundle_item_grouping":"","bundle_min_size":"","bundle_max_size":"","bundle_price":[],"bundled_items":[],"bundle_sell_ids":[],"acf":[],"featured_image_urls_v2":{"full":["https:\/\/staging.cdsboutique.com\/wp-content\/uploads\/2023\/07\/24972z_ENS_F.jpg",1050,1050,false],"thumbnail":["https:\/\/staging.cdsboutique.com\/wp-content\/uploads\/2023\/07\/24972z_ENS_F-150x150.jpg",150,150,true],"medium":["https:\/\/staging.cdsboutique.com\/wp-content\/uploads\/2023\/07\/24972z_ENS_F-300x300.jpg",300,300,true],"medium_large":["https:\/\/staging.cdsboutique.com\/wp-content\/uploads\/2023\/07\/24972z_ENS_F-768x768.jpg",768,768,true],"large":["https:\/\/staging.cdsboutique.com\/wp-content\/uploads\/2023\/07\/24972z_ENS_F-1024x1024.jpg",980,980,true],"1536x1536":["https:\/\/staging.cdsboutique.com\/wp-content\/uploads\/2023\/07\/24972z_ENS_F.jpg",1050,1050,false],"2048x2048":["https:\/\/staging.cdsboutique.com\/wp-content\/uploads\/2023\/07\/24972z_ENS_F.jpg",1050,1050,false],"gform-image-choice-sm":["https:\/\/staging.cdsboutique.com\/wp-content\/uploads\/2023\/07\/24972z_ENS_F.jpg",300,300,false],"gform-image-choice-md":["https:\/\/staging.cdsboutique.com\/wp-content\/uploads\/2023\/07\/24972z_ENS_F.jpg",400,400,false],"gform-image-choice-lg":["https:\/\/staging.cdsboutique.com\/wp-content\/uploads\/2023\/07\/24972z_ENS_F.jpg",600,600,false],"woocommerce_thumbnail":["https:\/\/staging.cdsboutique.com\/wp-content\/uploads\/2023\/07\/24972z_ENS_F-300x300.jpg",300,300,true],"woocommerce_single":["https:\/\/staging.cdsboutique.com\/wp-content\/uploads\/2023\/07\/24972z_ENS_F-600x600.jpg",600,600,true],"woocommerce_gallery_thumbnail":["https:\/\/staging.cdsboutique.com\/wp-content\/uploads\/2023\/07\/24972z_ENS_F-100x100.jpg",100,100,true],"variation_swatches_image_size":["https:\/\/staging.cdsboutique.com\/wp-content\/uploads\/2023\/07\/24972z_ENS_F-50x50.jpg",50,50,true],"variation_swatches_tooltip_size":["https:\/\/staging.cdsboutique.com\/wp-content\/uploads\/2023\/07\/24972z_ENS_F-100x100.jpg",100,100,true],"logo-size":["https:\/\/staging.cdsboutique.com\/wp-content\/uploads\/2023\/07\/24972z_ENS_F-84x84.jpg",84,84,true],"blog":["https:\/\/staging.cdsboutique.com\/wp-content\/uploads\/2023\/07\/24972z_ENS_F-350x260.jpg",350,260,true]},"post_excerpt_stackable_v2":"<p>Your seniors will love putting together these colourful, country-style puzzles! Each of these puzzles includes a printed picture on the board. This is a great way to motivate seniors to assemble the puzzle pieces. There are 35 easy-to-assemble, lightweight pieces. Plus, they all fit perfectly together! In this set, animals and farms take the spotlight! Your seniors will certainly be delighted to see kittens, ducks, cows and other loving furballs! This is the perfect set for remembering all the joys of farm life and the countryside! This set is ideal for stimulating seniors&#8217; concentration, motor skills, and cognitive functions. Contains:\u00a04&hellip;<\/p>\n","category_list_v2":"","author_info_v2":{"name":"","url":""},"comments_num_v2":"0 comments","yoast_head":"<!-- This site is optimized with the Yoast SEO plugin v27.4 - https:\/\/yoast.com\/product\/yoast-seo-wordpress\/ -->\n<title>Set &quot;F&quot; - 35-Piece Tray Puzzle (4) (Copie) - CDS boutique A\u00een\u00e9s<\/title>\n<meta name=\"description\" content=\"Your seniors will enjoy assembling these wonderful puzzles featuring beautiful nature scenes. There are 35 easy-to-assemble, lightweight pieces\" \/>\n<meta name=\"robots\" content=\"noindex, follow, max-snippet:-1, max-image-preview:large, max-video-preview:-1\" \/>\n<meta property=\"og:locale\" content=\"en_US\" \/>\n<meta property=\"og:type\" content=\"article\" \/>\n<meta property=\"og:title\" content=\"Set &quot;F&quot; - 35-Piece Tray Puzzle (4) (Copie) - CDS boutique A\u00een\u00e9s\" \/>\n<meta property=\"og:description\" content=\"Your seniors will enjoy assembling these wonderful puzzles featuring beautiful nature scenes. There are 35 easy-to-assemble, lightweight pieces\" \/>\n<meta property=\"og:url\" content=\"https:\/\/staging.cdsboutique.com\/en\/product\/set-f-35-piece-tray-puzzle-4-copie\/\" \/>\n<meta property=\"og:site_name\" content=\"CDS boutique A\u00een\u00e9s\" \/>\n<meta property=\"article:publisher\" content=\"https:\/\/www.facebook.com\/CDSBoutique.Aines.Seniors\" \/>\n<meta property=\"article:modified_time\" content=\"2024-11-15T16:56:25+00:00\" \/>\n<meta property=\"og:image\" content=\"https:\/\/staging.cdsboutique.com\/wp-content\/uploads\/2023\/07\/24972z_ENS_F.jpg?_t=1695844604\" \/>\n\t<meta property=\"og:image:width\" content=\"1050\" \/>\n\t<meta property=\"og:image:height\" content=\"1050\" \/>\n\t<meta property=\"og:image:type\" content=\"image\/jpeg\" \/>\n<meta name=\"twitter:card\" content=\"summary_large_image\" \/>\n<meta name=\"twitter:label1\" content=\"Est. reading time\" \/>\n\t<meta name=\"twitter:data1\" content=\"1 minute\" \/>\n<script type=\"application\/ld+json\" class=\"yoast-schema-graph\">{\"@context\":\"https:\\\/\\\/schema.org\",\"@graph\":[{\"@type\":\"WebPage\",\"@id\":\"https:\\\/\\\/staging.cdsboutique.com\\\/en\\\/product\\\/set-f-35-piece-tray-puzzle-4-copie\\\/\",\"url\":\"https:\\\/\\\/staging.cdsboutique.com\\\/en\\\/product\\\/set-f-35-piece-tray-puzzle-4-copie\\\/\",\"name\":\"Set \\\"F\\\" - 35-Piece Tray Puzzle (4) (Copie) - CDS boutique A\u00een\u00e9s\",\"isPartOf\":{\"@id\":\"https:\\\/\\\/staging.cdsboutique.com\\\/#website\"},\"primaryImageOfPage\":{\"@id\":\"https:\\\/\\\/staging.cdsboutique.com\\\/en\\\/product\\\/set-f-35-piece-tray-puzzle-4-copie\\\/#primaryimage\"},\"image\":{\"@id\":\"https:\\\/\\\/staging.cdsboutique.com\\\/en\\\/product\\\/set-f-35-piece-tray-puzzle-4-copie\\\/#primaryimage\"},\"thumbnailUrl\":\"https:\\\/\\\/staging.cdsboutique.com\\\/wp-content\\\/uploads\\\/2023\\\/07\\\/24972z_ENS_F.jpg\",\"datePublished\":\"2023-07-28T18:17:34+00:00\",\"dateModified\":\"2024-11-15T16:56:25+00:00\",\"description\":\"Your seniors will enjoy assembling these wonderful puzzles featuring beautiful nature scenes. There are 35 easy-to-assemble, lightweight pieces\",\"breadcrumb\":{\"@id\":\"https:\\\/\\\/staging.cdsboutique.com\\\/en\\\/product\\\/set-f-35-piece-tray-puzzle-4-copie\\\/#breadcrumb\"},\"inLanguage\":\"en-US\",\"potentialAction\":[{\"@type\":\"ReadAction\",\"target\":[\"https:\\\/\\\/staging.cdsboutique.com\\\/en\\\/product\\\/set-f-35-piece-tray-puzzle-4-copie\\\/\"]}]},{\"@type\":\"ImageObject\",\"inLanguage\":\"en-US\",\"@id\":\"https:\\\/\\\/staging.cdsboutique.com\\\/en\\\/product\\\/set-f-35-piece-tray-puzzle-4-copie\\\/#primaryimage\",\"url\":\"https:\\\/\\\/staging.cdsboutique.com\\\/wp-content\\\/uploads\\\/2023\\\/07\\\/24972z_ENS_F.jpg\",\"contentUrl\":\"https:\\\/\\\/staging.cdsboutique.com\\\/wp-content\\\/uploads\\\/2023\\\/07\\\/24972z_ENS_F.jpg\",\"width\":1050,\"height\":1050,\"caption\":\"ensemble de 4 casse-t\u00eatesENS F\"},{\"@type\":\"BreadcrumbList\",\"@id\":\"https:\\\/\\\/staging.cdsboutique.com\\\/en\\\/product\\\/set-f-35-piece-tray-puzzle-4-copie\\\/#breadcrumb\",\"itemListElement\":[{\"@type\":\"ListItem\",\"position\":1,\"name\":\"Home\",\"item\":\"https:\\\/\\\/staging.cdsboutique.com\\\/en\\\/\"},{\"@type\":\"ListItem\",\"position\":2,\"name\":\"Products\",\"item\":\"https:\\\/\\\/staging.cdsboutique.com\\\/en\\\/products\\\/\"},{\"@type\":\"ListItem\",\"position\":3,\"name\":\"Set &#8220;F&#8221; &#8211; 35-Piece Tray Puzzle (4) (Copie)\"}]},{\"@type\":\"WebSite\",\"@id\":\"https:\\\/\\\/staging.cdsboutique.com\\\/#website\",\"url\":\"https:\\\/\\\/staging.cdsboutique.com\\\/\",\"name\":\"CDS boutique A\u00een\u00e9s\",\"description\":\"Pour une meilleure qualit\u00e9 de vie\",\"publisher\":{\"@id\":\"https:\\\/\\\/staging.cdsboutique.com\\\/#organization\"},\"potentialAction\":[{\"@type\":\"SearchAction\",\"target\":{\"@type\":\"EntryPoint\",\"urlTemplate\":\"https:\\\/\\\/staging.cdsboutique.com\\\/?s={search_term_string}\"},\"query-input\":{\"@type\":\"PropertyValueSpecification\",\"valueRequired\":true,\"valueName\":\"search_term_string\"}}],\"inLanguage\":\"en-US\"},{\"@type\":\"Organization\",\"@id\":\"https:\\\/\\\/staging.cdsboutique.com\\\/#organization\",\"name\":\"CDS Boutique\",\"url\":\"https:\\\/\\\/staging.cdsboutique.com\\\/\",\"logo\":{\"@type\":\"ImageObject\",\"inLanguage\":\"en-US\",\"@id\":\"https:\\\/\\\/staging.cdsboutique.com\\\/#\\\/schema\\\/logo\\\/image\\\/\",\"url\":\"https:\\\/\\\/staging.cdsboutique.com\\\/wp-content\\\/uploads\\\/2024\\\/09\\\/logoCDS-Boutique_final2024.jpg\",\"contentUrl\":\"https:\\\/\\\/staging.cdsboutique.com\\\/wp-content\\\/uploads\\\/2024\\\/09\\\/logoCDS-Boutique_final2024.jpg\",\"width\":900,\"height\":600,\"caption\":\"CDS Boutique\"},\"image\":{\"@id\":\"https:\\\/\\\/staging.cdsboutique.com\\\/#\\\/schema\\\/logo\\\/image\\\/\"},\"sameAs\":[\"https:\\\/\\\/www.facebook.com\\\/CDSBoutique.Aines.Seniors\",\"https:\\\/\\\/www.youtube.com\\\/@cdsboutique4046\",\"https:\\\/\\\/www.linkedin.com\\\/company\\\/cds-boutique\\\/\",\"https:\\\/\\\/www.instagram.com\\\/cdsboutique\\\/\"]}]}<\/script>\n<!-- \/ Yoast SEO plugin. -->","yoast_head_json":{"title":"Set \"F\" - 35-Piece Tray Puzzle (4) (Copie) - CDS boutique A\u00een\u00e9s","description":"Your seniors will enjoy assembling these wonderful puzzles featuring beautiful nature scenes. There are 35 easy-to-assemble, lightweight pieces","robots":{"index":"noindex","follow":"follow","max-snippet":"max-snippet:-1","max-image-preview":"max-image-preview:large","max-video-preview":"max-video-preview:-1"},"og_locale":"en_US","og_type":"article","og_title":"Set \"F\" - 35-Piece Tray Puzzle (4) (Copie) - CDS boutique A\u00een\u00e9s","og_description":"Your seniors will enjoy assembling these wonderful puzzles featuring beautiful nature scenes. There are 35 easy-to-assemble, lightweight pieces","og_url":"https:\/\/staging.cdsboutique.com\/en\/product\/set-f-35-piece-tray-puzzle-4-copie\/","og_site_name":"CDS boutique A\u00een\u00e9s","article_publisher":"https:\/\/www.facebook.com\/CDSBoutique.Aines.Seniors","article_modified_time":"2024-11-15T16:56:25+00:00","og_image":[{"width":1050,"height":1050,"url":"https:\/\/staging.cdsboutique.com\/wp-content\/uploads\/2023\/07\/24972z_ENS_F.jpg?_t=1695844604","type":"image\/jpeg"}],"twitter_card":"summary_large_image","twitter_misc":{"Est. reading time":"1 minute"},"schema":{"@context":"https:\/\/schema.org","@graph":[{"@type":"WebPage","@id":"https:\/\/staging.cdsboutique.com\/en\/product\/set-f-35-piece-tray-puzzle-4-copie\/","url":"https:\/\/staging.cdsboutique.com\/en\/product\/set-f-35-piece-tray-puzzle-4-copie\/","name":"Set \"F\" - 35-Piece Tray Puzzle (4) (Copie) - CDS boutique A\u00een\u00e9s","isPartOf":{"@id":"https:\/\/staging.cdsboutique.com\/#website"},"primaryImageOfPage":{"@id":"https:\/\/staging.cdsboutique.com\/en\/product\/set-f-35-piece-tray-puzzle-4-copie\/#primaryimage"},"image":{"@id":"https:\/\/staging.cdsboutique.com\/en\/product\/set-f-35-piece-tray-puzzle-4-copie\/#primaryimage"},"thumbnailUrl":"https:\/\/staging.cdsboutique.com\/wp-content\/uploads\/2023\/07\/24972z_ENS_F.jpg","datePublished":"2023-07-28T18:17:34+00:00","dateModified":"2024-11-15T16:56:25+00:00","description":"Your seniors will enjoy assembling these wonderful puzzles featuring beautiful nature scenes. There are 35 easy-to-assemble, lightweight pieces","breadcrumb":{"@id":"https:\/\/staging.cdsboutique.com\/en\/product\/set-f-35-piece-tray-puzzle-4-copie\/#breadcrumb"},"inLanguage":"en-US","potentialAction":[{"@type":"ReadAction","target":["https:\/\/staging.cdsboutique.com\/en\/product\/set-f-35-piece-tray-puzzle-4-copie\/"]}]},{"@type":"ImageObject","inLanguage":"en-US","@id":"https:\/\/staging.cdsboutique.com\/en\/product\/set-f-35-piece-tray-puzzle-4-copie\/#primaryimage","url":"https:\/\/staging.cdsboutique.com\/wp-content\/uploads\/2023\/07\/24972z_ENS_F.jpg","contentUrl":"https:\/\/staging.cdsboutique.com\/wp-content\/uploads\/2023\/07\/24972z_ENS_F.jpg","width":1050,"height":1050,"caption":"ensemble de 4 casse-t\u00eatesENS F"},{"@type":"BreadcrumbList","@id":"https:\/\/staging.cdsboutique.com\/en\/product\/set-f-35-piece-tray-puzzle-4-copie\/#breadcrumb","itemListElement":[{"@type":"ListItem","position":1,"name":"Home","item":"https:\/\/staging.cdsboutique.com\/en\/"},{"@type":"ListItem","position":2,"name":"Products","item":"https:\/\/staging.cdsboutique.com\/en\/products\/"},{"@type":"ListItem","position":3,"name":"Set &#8220;F&#8221; &#8211; 35-Piece Tray Puzzle (4) (Copie)"}]},{"@type":"WebSite","@id":"https:\/\/staging.cdsboutique.com\/#website","url":"https:\/\/staging.cdsboutique.com\/","name":"CDS boutique A\u00een\u00e9s","description":"Pour une meilleure qualit\u00e9 de vie","publisher":{"@id":"https:\/\/staging.cdsboutique.com\/#organization"},"potentialAction":[{"@type":"SearchAction","target":{"@type":"EntryPoint","urlTemplate":"https:\/\/staging.cdsboutique.com\/?s={search_term_string}"},"query-input":{"@type":"PropertyValueSpecification","valueRequired":true,"valueName":"search_term_string"}}],"inLanguage":"en-US"},{"@type":"Organization","@id":"https:\/\/staging.cdsboutique.com\/#organization","name":"CDS Boutique","url":"https:\/\/staging.cdsboutique.com\/","logo":{"@type":"ImageObject","inLanguage":"en-US","@id":"https:\/\/staging.cdsboutique.com\/#\/schema\/logo\/image\/","url":"https:\/\/staging.cdsboutique.com\/wp-content\/uploads\/2024\/09\/logoCDS-Boutique_final2024.jpg","contentUrl":"https:\/\/staging.cdsboutique.com\/wp-content\/uploads\/2024\/09\/logoCDS-Boutique_final2024.jpg","width":900,"height":600,"caption":"CDS Boutique"},"image":{"@id":"https:\/\/staging.cdsboutique.com\/#\/schema\/logo\/image\/"},"sameAs":["https:\/\/www.facebook.com\/CDSBoutique.Aines.Seniors","https:\/\/www.youtube.com\/@cdsboutique4046","https:\/\/www.linkedin.com\/company\/cds-boutique\/","https:\/\/www.instagram.com\/cdsboutique\/"]}]}},"_links":{"self":[{"href":"https:\/\/staging.cdsboutique.com\/en\/wp-json\/wp\/v2\/product\/53659","targetHints":{"allow":["GET"]}}],"collection":[{"href":"https:\/\/staging.cdsboutique.com\/en\/wp-json\/wp\/v2\/product"}],"about":[{"href":"https:\/\/staging.cdsboutique.com\/en\/wp-json\/wp\/v2\/types\/product"}],"replies":[{"embeddable":true,"href":"https:\/\/staging.cdsboutique.com\/en\/wp-json\/wp\/v2\/comments?post=53659"}],"wp:featuredmedia":[{"embeddable":true,"href":"https:\/\/staging.cdsboutique.com\/en\/wp-json\/wp\/v2\/media\/53662"}],"wp:attachment":[{"href":"https:\/\/staging.cdsboutique.com\/en\/wp-json\/wp\/v2\/media?parent=53659"}],"wp:term":[{"taxonomy":"product_brand","embeddable":true,"href":"https:\/\/staging.cdsboutique.com\/en\/wp-json\/wp\/v2\/product_brand?post=53659"},{"taxonomy":"product_cat","embeddable":true,"href":"https:\/\/staging.cdsboutique.com\/en\/wp-json\/wp\/v2\/product_cat?post=53659"},{"taxonomy":"product_tag","embeddable":true,"href":"https:\/\/staging.cdsboutique.com\/en\/wp-json\/wp\/v2\/product_tag?post=53659"}],"curies":[{"name":"wp","href":"https:\/\/api.w.org\/{rel}","templated":true}]}}