{"id":54428,"date":"2023-10-10T09:14:37","date_gmt":"2023-10-10T13:14:38","guid":{"rendered":"https:\/\/cdsboutique.com\/?post_type=product&#038;p=54428"},"modified":"2024-03-25T09:11:44","modified_gmt":"2024-03-25T13:11:44","slug":"steel-tongue-drum-satori","status":"publish","type":"product","link":"https:\/\/staging.cdsboutique.com\/en\/produit\/steel-tongue-drum-satori\/","title":{"rendered":"Steel Tongue Drum &#8211; SATORI"},"content":{"rendered":"<p>This SATORI steel tongue drum will make your residents&#8217; hearts vibrate!<\/p>\n<p>This high-quality instrument can play 9 notes and has an exceptional sound and superior resonance.<\/p>\n<p>No need for your residents to know how to read sheet music or play an instrument. This drum is intuitive and requires no effort.<\/p>\n<p>To produce sound, tap the steel tongues with hands, fingers, or sticks.<\/p>\n<p>Delicate and relaxing, the music created will bring comfort and a feeling of satisfaction to both users and listeners.<\/p>\n<p>This instrument is perfect for musical and stimulating activities! It&#8217;s easy to carry and store, and can be used for group activities or alone.<\/p>\n<p><strong>Good to know:<\/strong><\/p>\n<p>The instrument has been carefully handcrafted for an optimal sound. A coating has been added to the surface to keep the colour of the drum intact.<\/p>\n<p>Dimensions: 14&#8243; diameter.<\/p>\n<p><strong>Includes<\/strong><\/p>\n<ul>\n<li>1 Steel Tongue Tanbour<\/li>\n<li>2 drumsticks<\/li>\n<li>1 Storage bag.<\/li>\n<\/ul>\n<p>Colour may vary.<\/p>\n","protected":false},"excerpt":{"rendered":"<p>This SATORI steel tongue drum will make your residents&#8217; hearts vibrate! This high-quality instrument can play 9 notes and has an exceptional sound and superior resonance. No need for your residents to know how to read sheet music or play an instrument. This drum is intuitive and requires no effort. To produce sound, tap the [&hellip;]<\/p>\n","protected":false},"featured_media":54431,"comment_status":"open","ping_status":"closed","template":"","meta":{"_acf_changed":false},"product_brand":[],"product_cat":[4401,2966,2963],"product_tag":[],"class_list":{"0":"post-54428","1":"product","2":"type-product","3":"status-publish","4":"has-post-thumbnail","6":"product_cat-all","7":"product_cat-instruments","8":"product_cat-music-relaxation","9":"product_shipping_class-frais-de-livraison-en","11":"first","12":"instock","13":"taxable","14":"shipping-taxable","15":"purchasable","16":"product-type-simple"},"bundled_by":[],"bundle_stock_status":"instock","bundle_stock_quantity":null,"bundle_virtual":false,"bundle_layout":"","bundle_add_to_cart_form_location":"","bundle_editable_in_cart":false,"bundle_sold_individually_context":"","bundle_item_grouping":"","bundle_min_size":"","bundle_max_size":"","bundle_price":[],"bundled_items":[],"bundle_sell_ids":[],"acf":[],"featured_image_urls_v2":{"full":["https:\/\/staging.cdsboutique.com\/wp-content\/uploads\/2023\/10\/25318_tambour_satori.jpg",590,590,false],"thumbnail":["https:\/\/staging.cdsboutique.com\/wp-content\/uploads\/2023\/10\/25318_tambour_satori-150x150.jpg",150,150,true],"medium":["https:\/\/staging.cdsboutique.com\/wp-content\/uploads\/2023\/10\/25318_tambour_satori-300x300.jpg",300,300,true],"medium_large":["https:\/\/staging.cdsboutique.com\/wp-content\/uploads\/2023\/10\/25318_tambour_satori.jpg",590,590,false],"large":["https:\/\/staging.cdsboutique.com\/wp-content\/uploads\/2023\/10\/25318_tambour_satori.jpg",590,590,false],"1536x1536":["https:\/\/staging.cdsboutique.com\/wp-content\/uploads\/2023\/10\/25318_tambour_satori.jpg",590,590,false],"2048x2048":["https:\/\/staging.cdsboutique.com\/wp-content\/uploads\/2023\/10\/25318_tambour_satori.jpg",590,590,false],"gform-image-choice-sm":["https:\/\/staging.cdsboutique.com\/wp-content\/uploads\/2023\/10\/25318_tambour_satori.jpg",300,300,false],"gform-image-choice-md":["https:\/\/staging.cdsboutique.com\/wp-content\/uploads\/2023\/10\/25318_tambour_satori.jpg",400,400,false],"gform-image-choice-lg":["https:\/\/staging.cdsboutique.com\/wp-content\/uploads\/2023\/10\/25318_tambour_satori.jpg",590,590,false],"woocommerce_thumbnail":["https:\/\/staging.cdsboutique.com\/wp-content\/uploads\/2023\/10\/25318_tambour_satori-300x300.jpg",300,300,true],"woocommerce_single":["https:\/\/staging.cdsboutique.com\/wp-content\/uploads\/2023\/10\/25318_tambour_satori.jpg",590,590,false],"woocommerce_gallery_thumbnail":["https:\/\/staging.cdsboutique.com\/wp-content\/uploads\/2023\/10\/25318_tambour_satori-100x100.jpg",100,100,true],"variation_swatches_image_size":["https:\/\/staging.cdsboutique.com\/wp-content\/uploads\/2023\/10\/25318_tambour_satori-50x50.jpg",50,50,true],"variation_swatches_tooltip_size":["https:\/\/staging.cdsboutique.com\/wp-content\/uploads\/2023\/10\/25318_tambour_satori-100x100.jpg",100,100,true],"logo-size":["https:\/\/staging.cdsboutique.com\/wp-content\/uploads\/2023\/10\/25318_tambour_satori-84x84.jpg",84,84,true],"blog":["https:\/\/staging.cdsboutique.com\/wp-content\/uploads\/2023\/10\/25318_tambour_satori-350x260.jpg",350,260,true]},"post_excerpt_stackable_v2":"<p>This SATORI steel tongue drum will make your residents&#8217; hearts vibrate! This high-quality instrument can play 9 notes and has an exceptional sound and superior resonance. No need for your residents to know how to read sheet music or play an instrument. This drum is intuitive and requires no effort. To produce sound, tap the steel tongues with hands, fingers, or sticks. Delicate and relaxing, the music created will bring comfort and a feeling of satisfaction to both users and listeners. This instrument is perfect for musical and stimulating activities! It&#8217;s easy to carry and store, and can be used&hellip;<\/p>\n","category_list_v2":"","author_info_v2":{"name":"","url":""},"comments_num_v2":"0 comments","yoast_head":"<!-- This site is optimized with the Yoast SEO plugin v27.4 - https:\/\/yoast.com\/product\/yoast-seo-wordpress\/ -->\n<title>Steel Tongue Drum - SATORI - CDS boutique A\u00een\u00e9s<\/title>\n<meta name=\"description\" content=\"Enjoy the beneficial effects of music therapy with this 30.5 cm steel tongue drum! This drum will take your seniors into a soothing, playful world of sound.\" \/>\n<meta name=\"robots\" content=\"noindex, follow, max-snippet:-1, max-image-preview:large, max-video-preview:-1\" \/>\n<meta property=\"og:locale\" content=\"en_US\" \/>\n<meta property=\"og:type\" content=\"article\" \/>\n<meta property=\"og:title\" content=\"Steel Tongue Drum - SATORI - CDS boutique A\u00een\u00e9s\" \/>\n<meta property=\"og:description\" content=\"Enjoy the beneficial effects of music therapy with this 30.5 cm steel tongue drum! This drum will take your seniors into a soothing, playful world of sound.\" \/>\n<meta property=\"og:url\" content=\"https:\/\/staging.cdsboutique.com\/en\/product\/steel-tongue-drum-satori\/\" \/>\n<meta property=\"og:site_name\" content=\"CDS boutique A\u00een\u00e9s\" \/>\n<meta property=\"article:publisher\" content=\"https:\/\/www.facebook.com\/CDSBoutique.Aines.Seniors\" \/>\n<meta property=\"article:modified_time\" content=\"2024-03-25T13:11:44+00:00\" \/>\n<meta property=\"og:image\" content=\"https:\/\/staging.cdsboutique.com\/wp-content\/uploads\/2023\/10\/25318_tambour_satori.jpg?_t=1696948344\" \/>\n\t<meta property=\"og:image:width\" content=\"590\" \/>\n\t<meta property=\"og:image:height\" content=\"590\" \/>\n\t<meta property=\"og:image:type\" content=\"image\/jpeg\" \/>\n<meta name=\"twitter:card\" content=\"summary_large_image\" \/>\n<meta name=\"twitter:label1\" content=\"Est. reading time\" \/>\n\t<meta name=\"twitter:data1\" content=\"1 minute\" \/>\n<script type=\"application\/ld+json\" class=\"yoast-schema-graph\">{\"@context\":\"https:\\\/\\\/schema.org\",\"@graph\":[{\"@type\":\"WebPage\",\"@id\":\"https:\\\/\\\/staging.cdsboutique.com\\\/en\\\/product\\\/steel-tongue-drum-satori\\\/\",\"url\":\"https:\\\/\\\/staging.cdsboutique.com\\\/en\\\/product\\\/steel-tongue-drum-satori\\\/\",\"name\":\"Steel Tongue Drum - SATORI - CDS boutique A\u00een\u00e9s\",\"isPartOf\":{\"@id\":\"https:\\\/\\\/staging.cdsboutique.com\\\/#website\"},\"primaryImageOfPage\":{\"@id\":\"https:\\\/\\\/staging.cdsboutique.com\\\/en\\\/product\\\/steel-tongue-drum-satori\\\/#primaryimage\"},\"image\":{\"@id\":\"https:\\\/\\\/staging.cdsboutique.com\\\/en\\\/product\\\/steel-tongue-drum-satori\\\/#primaryimage\"},\"thumbnailUrl\":\"https:\\\/\\\/staging.cdsboutique.com\\\/wp-content\\\/uploads\\\/2023\\\/10\\\/25318_tambour_satori.jpg\",\"datePublished\":\"2023-10-10T13:14:38+00:00\",\"dateModified\":\"2024-03-25T13:11:44+00:00\",\"description\":\"Enjoy the beneficial effects of music therapy with this 30.5 cm steel tongue drum! This drum will take your seniors into a soothing, playful world of sound.\",\"breadcrumb\":{\"@id\":\"https:\\\/\\\/staging.cdsboutique.com\\\/en\\\/product\\\/steel-tongue-drum-satori\\\/#breadcrumb\"},\"inLanguage\":\"en-US\",\"potentialAction\":[{\"@type\":\"ReadAction\",\"target\":[\"https:\\\/\\\/staging.cdsboutique.com\\\/en\\\/product\\\/steel-tongue-drum-satori\\\/\"]}]},{\"@type\":\"ImageObject\",\"inLanguage\":\"en-US\",\"@id\":\"https:\\\/\\\/staging.cdsboutique.com\\\/en\\\/product\\\/steel-tongue-drum-satori\\\/#primaryimage\",\"url\":\"https:\\\/\\\/staging.cdsboutique.com\\\/wp-content\\\/uploads\\\/2023\\\/10\\\/25318_tambour_satori.jpg\",\"contentUrl\":\"https:\\\/\\\/staging.cdsboutique.com\\\/wp-content\\\/uploads\\\/2023\\\/10\\\/25318_tambour_satori.jpg\",\"width\":590,\"height\":590},{\"@type\":\"BreadcrumbList\",\"@id\":\"https:\\\/\\\/staging.cdsboutique.com\\\/en\\\/product\\\/steel-tongue-drum-satori\\\/#breadcrumb\",\"itemListElement\":[{\"@type\":\"ListItem\",\"position\":1,\"name\":\"Home\",\"item\":\"https:\\\/\\\/staging.cdsboutique.com\\\/en\\\/\"},{\"@type\":\"ListItem\",\"position\":2,\"name\":\"Products\",\"item\":\"https:\\\/\\\/staging.cdsboutique.com\\\/en\\\/products\\\/\"},{\"@type\":\"ListItem\",\"position\":3,\"name\":\"Steel Tongue Drum &#8211; SATORI\"}]},{\"@type\":\"WebSite\",\"@id\":\"https:\\\/\\\/staging.cdsboutique.com\\\/#website\",\"url\":\"https:\\\/\\\/staging.cdsboutique.com\\\/\",\"name\":\"CDS boutique A\u00een\u00e9s\",\"description\":\"Pour une meilleure qualit\u00e9 de vie\",\"publisher\":{\"@id\":\"https:\\\/\\\/staging.cdsboutique.com\\\/#organization\"},\"potentialAction\":[{\"@type\":\"SearchAction\",\"target\":{\"@type\":\"EntryPoint\",\"urlTemplate\":\"https:\\\/\\\/staging.cdsboutique.com\\\/?s={search_term_string}\"},\"query-input\":{\"@type\":\"PropertyValueSpecification\",\"valueRequired\":true,\"valueName\":\"search_term_string\"}}],\"inLanguage\":\"en-US\"},{\"@type\":\"Organization\",\"@id\":\"https:\\\/\\\/staging.cdsboutique.com\\\/#organization\",\"name\":\"CDS Boutique\",\"url\":\"https:\\\/\\\/staging.cdsboutique.com\\\/\",\"logo\":{\"@type\":\"ImageObject\",\"inLanguage\":\"en-US\",\"@id\":\"https:\\\/\\\/staging.cdsboutique.com\\\/#\\\/schema\\\/logo\\\/image\\\/\",\"url\":\"https:\\\/\\\/staging.cdsboutique.com\\\/wp-content\\\/uploads\\\/2024\\\/09\\\/logoCDS-Boutique_final2024.jpg\",\"contentUrl\":\"https:\\\/\\\/staging.cdsboutique.com\\\/wp-content\\\/uploads\\\/2024\\\/09\\\/logoCDS-Boutique_final2024.jpg\",\"width\":900,\"height\":600,\"caption\":\"CDS Boutique\"},\"image\":{\"@id\":\"https:\\\/\\\/staging.cdsboutique.com\\\/#\\\/schema\\\/logo\\\/image\\\/\"},\"sameAs\":[\"https:\\\/\\\/www.facebook.com\\\/CDSBoutique.Aines.Seniors\",\"https:\\\/\\\/www.youtube.com\\\/@cdsboutique4046\",\"https:\\\/\\\/www.linkedin.com\\\/company\\\/cds-boutique\\\/\",\"https:\\\/\\\/www.instagram.com\\\/cdsboutique\\\/\"]}]}<\/script>\n<!-- \/ Yoast SEO plugin. -->","yoast_head_json":{"title":"Steel Tongue Drum - SATORI - CDS boutique A\u00een\u00e9s","description":"Enjoy the beneficial effects of music therapy with this 30.5 cm steel tongue drum! This drum will take your seniors into a soothing, playful world of sound.","robots":{"index":"noindex","follow":"follow","max-snippet":"max-snippet:-1","max-image-preview":"max-image-preview:large","max-video-preview":"max-video-preview:-1"},"og_locale":"en_US","og_type":"article","og_title":"Steel Tongue Drum - SATORI - CDS boutique A\u00een\u00e9s","og_description":"Enjoy the beneficial effects of music therapy with this 30.5 cm steel tongue drum! This drum will take your seniors into a soothing, playful world of sound.","og_url":"https:\/\/staging.cdsboutique.com\/en\/product\/steel-tongue-drum-satori\/","og_site_name":"CDS boutique A\u00een\u00e9s","article_publisher":"https:\/\/www.facebook.com\/CDSBoutique.Aines.Seniors","article_modified_time":"2024-03-25T13:11:44+00:00","og_image":[{"width":590,"height":590,"url":"https:\/\/staging.cdsboutique.com\/wp-content\/uploads\/2023\/10\/25318_tambour_satori.jpg?_t=1696948344","type":"image\/jpeg"}],"twitter_card":"summary_large_image","twitter_misc":{"Est. reading time":"1 minute"},"schema":{"@context":"https:\/\/schema.org","@graph":[{"@type":"WebPage","@id":"https:\/\/staging.cdsboutique.com\/en\/product\/steel-tongue-drum-satori\/","url":"https:\/\/staging.cdsboutique.com\/en\/product\/steel-tongue-drum-satori\/","name":"Steel Tongue Drum - SATORI - CDS boutique A\u00een\u00e9s","isPartOf":{"@id":"https:\/\/staging.cdsboutique.com\/#website"},"primaryImageOfPage":{"@id":"https:\/\/staging.cdsboutique.com\/en\/product\/steel-tongue-drum-satori\/#primaryimage"},"image":{"@id":"https:\/\/staging.cdsboutique.com\/en\/product\/steel-tongue-drum-satori\/#primaryimage"},"thumbnailUrl":"https:\/\/staging.cdsboutique.com\/wp-content\/uploads\/2023\/10\/25318_tambour_satori.jpg","datePublished":"2023-10-10T13:14:38+00:00","dateModified":"2024-03-25T13:11:44+00:00","description":"Enjoy the beneficial effects of music therapy with this 30.5 cm steel tongue drum! This drum will take your seniors into a soothing, playful world of sound.","breadcrumb":{"@id":"https:\/\/staging.cdsboutique.com\/en\/product\/steel-tongue-drum-satori\/#breadcrumb"},"inLanguage":"en-US","potentialAction":[{"@type":"ReadAction","target":["https:\/\/staging.cdsboutique.com\/en\/product\/steel-tongue-drum-satori\/"]}]},{"@type":"ImageObject","inLanguage":"en-US","@id":"https:\/\/staging.cdsboutique.com\/en\/product\/steel-tongue-drum-satori\/#primaryimage","url":"https:\/\/staging.cdsboutique.com\/wp-content\/uploads\/2023\/10\/25318_tambour_satori.jpg","contentUrl":"https:\/\/staging.cdsboutique.com\/wp-content\/uploads\/2023\/10\/25318_tambour_satori.jpg","width":590,"height":590},{"@type":"BreadcrumbList","@id":"https:\/\/staging.cdsboutique.com\/en\/product\/steel-tongue-drum-satori\/#breadcrumb","itemListElement":[{"@type":"ListItem","position":1,"name":"Home","item":"https:\/\/staging.cdsboutique.com\/en\/"},{"@type":"ListItem","position":2,"name":"Products","item":"https:\/\/staging.cdsboutique.com\/en\/products\/"},{"@type":"ListItem","position":3,"name":"Steel Tongue Drum &#8211; SATORI"}]},{"@type":"WebSite","@id":"https:\/\/staging.cdsboutique.com\/#website","url":"https:\/\/staging.cdsboutique.com\/","name":"CDS boutique A\u00een\u00e9s","description":"Pour une meilleure qualit\u00e9 de vie","publisher":{"@id":"https:\/\/staging.cdsboutique.com\/#organization"},"potentialAction":[{"@type":"SearchAction","target":{"@type":"EntryPoint","urlTemplate":"https:\/\/staging.cdsboutique.com\/?s={search_term_string}"},"query-input":{"@type":"PropertyValueSpecification","valueRequired":true,"valueName":"search_term_string"}}],"inLanguage":"en-US"},{"@type":"Organization","@id":"https:\/\/staging.cdsboutique.com\/#organization","name":"CDS Boutique","url":"https:\/\/staging.cdsboutique.com\/","logo":{"@type":"ImageObject","inLanguage":"en-US","@id":"https:\/\/staging.cdsboutique.com\/#\/schema\/logo\/image\/","url":"https:\/\/staging.cdsboutique.com\/wp-content\/uploads\/2024\/09\/logoCDS-Boutique_final2024.jpg","contentUrl":"https:\/\/staging.cdsboutique.com\/wp-content\/uploads\/2024\/09\/logoCDS-Boutique_final2024.jpg","width":900,"height":600,"caption":"CDS Boutique"},"image":{"@id":"https:\/\/staging.cdsboutique.com\/#\/schema\/logo\/image\/"},"sameAs":["https:\/\/www.facebook.com\/CDSBoutique.Aines.Seniors","https:\/\/www.youtube.com\/@cdsboutique4046","https:\/\/www.linkedin.com\/company\/cds-boutique\/","https:\/\/www.instagram.com\/cdsboutique\/"]}]}},"_links":{"self":[{"href":"https:\/\/staging.cdsboutique.com\/en\/wp-json\/wp\/v2\/product\/54428","targetHints":{"allow":["GET"]}}],"collection":[{"href":"https:\/\/staging.cdsboutique.com\/en\/wp-json\/wp\/v2\/product"}],"about":[{"href":"https:\/\/staging.cdsboutique.com\/en\/wp-json\/wp\/v2\/types\/product"}],"replies":[{"embeddable":true,"href":"https:\/\/staging.cdsboutique.com\/en\/wp-json\/wp\/v2\/comments?post=54428"}],"wp:featuredmedia":[{"embeddable":true,"href":"https:\/\/staging.cdsboutique.com\/en\/wp-json\/wp\/v2\/media\/54431"}],"wp:attachment":[{"href":"https:\/\/staging.cdsboutique.com\/en\/wp-json\/wp\/v2\/media?parent=54428"}],"wp:term":[{"taxonomy":"product_brand","embeddable":true,"href":"https:\/\/staging.cdsboutique.com\/en\/wp-json\/wp\/v2\/product_brand?post=54428"},{"taxonomy":"product_cat","embeddable":true,"href":"https:\/\/staging.cdsboutique.com\/en\/wp-json\/wp\/v2\/product_cat?post=54428"},{"taxonomy":"product_tag","embeddable":true,"href":"https:\/\/staging.cdsboutique.com\/en\/wp-json\/wp\/v2\/product_tag?post=54428"}],"curies":[{"name":"wp","href":"https:\/\/api.w.org\/{rel}","templated":true}]}}