{"id":54496,"date":"2023-10-11T10:37:34","date_gmt":"2023-10-11T14:37:34","guid":{"rendered":"https:\/\/cdsboutique.com\/?post_type=product&#038;p=54496"},"modified":"2024-06-21T15:24:09","modified_gmt":"2024-06-21T19:24:09","slug":"puzzle-275-pcs-lazy-day-on-the-dock","status":"publish","type":"product","link":"https:\/\/staging.cdsboutique.com\/en\/produit\/puzzle-275-pcs-lazy-day-on-the-dock\/","title":{"rendered":"Puzzle (275 pcs) &#8211; Lazy Day on the Dock"},"content":{"rendered":"<p><strong><span data-preserver-spaces=\"true\">Experience a moment of tenderness with this 275 pcs puzzle!<\/span><\/strong><\/p>\n<p><span data-preserver-spaces=\"true\">With a peaceful lakeside scene and vibrant autumn colours, this puzzle is packed with intricate details. This is the perfect opportunity to encourage your residents to reminisce about autumn in the forest!<\/span><\/p>\n<p><span data-preserver-spaces=\"true\">This puzzle includes 275 large, easy-to-handle pieces.<\/span><\/p>\n<p><span data-preserver-spaces=\"true\">Plus, a beautiful poster showing the picture of the puzzle will help users put it all together.<\/span><\/p>\n<p><span data-preserver-spaces=\"true\">To prevent frustration, each piece has a different shape. That means each piece has a unique shape that will fit perfectly with the right parts.<\/span><\/p>\n<p><span data-preserver-spaces=\"true\">High-definition printing offers a high-quality result that will be pleasing to the eye.<\/span><\/p>\n<p><span data-preserver-spaces=\"true\">This puzzle series offers quality products that will last over time.<\/span><\/p>\n<p><span data-preserver-spaces=\"true\">Includes :<\/span><\/p>\n<ul>\n<li><span data-preserver-spaces=\"true\">A storage box<\/span><\/li>\n<li>One poster (35 x 25 cm)<\/li>\n<li>275-piece puzzle (61 x 46 cm)<\/li>\n<\/ul>\n","protected":false},"excerpt":{"rendered":"<p>Experience a moment of tenderness with this 275 pcs puzzle! With a peaceful lakeside scene and vibrant autumn colours, this puzzle is packed with intricate details. This is the perfect opportunity to encourage your residents to reminisce about autumn in the forest! This puzzle includes 275 large, easy-to-handle pieces. Plus, a beautiful poster showing the [&hellip;]<\/p>\n","protected":false},"featured_media":54502,"comment_status":"open","ping_status":"closed","template":"","meta":{"_acf_changed":false},"product_brand":[],"product_cat":[4401,2960],"product_tag":[],"class_list":{"0":"post-54496","1":"product","2":"type-product","3":"status-publish","4":"has-post-thumbnail","6":"product_cat-all","7":"product_cat-hard-more-than-100-pcs","8":"product_shipping_class-frais-de-livraison-en","10":"first","11":"instock","12":"sold-individually","13":"taxable","14":"shipping-taxable","15":"purchasable","16":"product-type-simple"},"bundled_by":[],"bundle_stock_status":"instock","bundle_stock_quantity":null,"bundle_virtual":false,"bundle_layout":"","bundle_add_to_cart_form_location":"","bundle_editable_in_cart":false,"bundle_sold_individually_context":"","bundle_item_grouping":"","bundle_min_size":"","bundle_max_size":"","bundle_price":[],"bundled_items":[],"bundle_sell_ids":[],"acf":[],"featured_image_urls_v2":{"full":["https:\/\/staging.cdsboutique.com\/wp-content\/uploads\/2023\/10\/25322_paresse_sur_le_quai-1.jpg",1050,1050,false],"thumbnail":["https:\/\/staging.cdsboutique.com\/wp-content\/uploads\/2023\/10\/25322_paresse_sur_le_quai-1-150x150.jpg",150,150,true],"medium":["https:\/\/staging.cdsboutique.com\/wp-content\/uploads\/2023\/10\/25322_paresse_sur_le_quai-1-300x300.jpg",300,300,true],"medium_large":["https:\/\/staging.cdsboutique.com\/wp-content\/uploads\/2023\/10\/25322_paresse_sur_le_quai-1-768x768.jpg",768,768,true],"large":["https:\/\/staging.cdsboutique.com\/wp-content\/uploads\/2023\/10\/25322_paresse_sur_le_quai-1-1024x1024.jpg",980,980,true],"1536x1536":["https:\/\/staging.cdsboutique.com\/wp-content\/uploads\/2023\/10\/25322_paresse_sur_le_quai-1.jpg",1050,1050,false],"2048x2048":["https:\/\/staging.cdsboutique.com\/wp-content\/uploads\/2023\/10\/25322_paresse_sur_le_quai-1.jpg",1050,1050,false],"gform-image-choice-sm":["https:\/\/staging.cdsboutique.com\/wp-content\/uploads\/2023\/10\/25322_paresse_sur_le_quai-1.jpg",300,300,false],"gform-image-choice-md":["https:\/\/staging.cdsboutique.com\/wp-content\/uploads\/2023\/10\/25322_paresse_sur_le_quai-1.jpg",400,400,false],"gform-image-choice-lg":["https:\/\/staging.cdsboutique.com\/wp-content\/uploads\/2023\/10\/25322_paresse_sur_le_quai-1.jpg",600,600,false],"woocommerce_thumbnail":["https:\/\/staging.cdsboutique.com\/wp-content\/uploads\/2023\/10\/25322_paresse_sur_le_quai-1-300x300.jpg",300,300,true],"woocommerce_single":["https:\/\/staging.cdsboutique.com\/wp-content\/uploads\/2023\/10\/25322_paresse_sur_le_quai-1-600x600.jpg",600,600,true],"woocommerce_gallery_thumbnail":["https:\/\/staging.cdsboutique.com\/wp-content\/uploads\/2023\/10\/25322_paresse_sur_le_quai-1-100x100.jpg",100,100,true],"variation_swatches_image_size":["https:\/\/staging.cdsboutique.com\/wp-content\/uploads\/2023\/10\/25322_paresse_sur_le_quai-1-50x50.jpg",50,50,true],"variation_swatches_tooltip_size":["https:\/\/staging.cdsboutique.com\/wp-content\/uploads\/2023\/10\/25322_paresse_sur_le_quai-1-100x100.jpg",100,100,true],"logo-size":["https:\/\/staging.cdsboutique.com\/wp-content\/uploads\/2023\/10\/25322_paresse_sur_le_quai-1-84x84.jpg",84,84,true],"blog":["https:\/\/staging.cdsboutique.com\/wp-content\/uploads\/2023\/10\/25322_paresse_sur_le_quai-1-350x260.jpg",350,260,true]},"post_excerpt_stackable_v2":"<p>Experience a moment of tenderness with this 275 pcs puzzle! With a peaceful lakeside scene and vibrant autumn colours, this puzzle is packed with intricate details. This is the perfect opportunity to encourage your residents to reminisce about autumn in the forest! This puzzle includes 275 large, easy-to-handle pieces. Plus, a beautiful poster showing the picture of the puzzle will help users put it all together. To prevent frustration, each piece has a different shape. That means each piece has a unique shape that will fit perfectly with the right parts. High-definition printing offers a high-quality result that will be&hellip;<\/p>\n","category_list_v2":"","author_info_v2":{"name":"","url":""},"comments_num_v2":"0 comments","yoast_head":"<!-- This site is optimized with the Yoast SEO plugin v27.4 - https:\/\/yoast.com\/product\/yoast-seo-wordpress\/ -->\n<title>Puzzle (275 pcs) - Lazy Day on the Dock - CDS boutique A\u00een\u00e9s<\/title>\n<meta name=\"description\" content=\"Experience a moment of tenderness with this 275 pcs puzzle! This is the perfect opportunity to encourage your residents to reminisce about autumn!\" \/>\n<meta name=\"robots\" content=\"noindex, follow, max-snippet:-1, max-image-preview:large, max-video-preview:-1\" \/>\n<meta property=\"og:locale\" content=\"en_US\" \/>\n<meta property=\"og:type\" content=\"article\" \/>\n<meta property=\"og:title\" content=\"Puzzle (275 pcs) - Lazy Day on the Dock - CDS boutique A\u00een\u00e9s\" \/>\n<meta property=\"og:description\" content=\"Experience a moment of tenderness with this 275 pcs puzzle! This is the perfect opportunity to encourage your residents to reminisce about autumn!\" \/>\n<meta property=\"og:url\" content=\"https:\/\/staging.cdsboutique.com\/en\/product\/puzzle-275-pcs-lazy-day-on-the-dock\/\" \/>\n<meta property=\"og:site_name\" content=\"CDS boutique A\u00een\u00e9s\" \/>\n<meta property=\"article:publisher\" content=\"https:\/\/www.facebook.com\/CDSBoutique.Aines.Seniors\" \/>\n<meta property=\"article:modified_time\" content=\"2024-06-21T19:24:09+00:00\" \/>\n<meta property=\"og:image\" content=\"https:\/\/staging.cdsboutique.com\/wp-content\/uploads\/2023\/10\/25322_paresse_sur_le_quai-1.jpg?_t=1697036975\" \/>\n\t<meta property=\"og:image:width\" content=\"1050\" \/>\n\t<meta property=\"og:image:height\" content=\"1050\" \/>\n\t<meta property=\"og:image:type\" content=\"image\/jpeg\" \/>\n<meta name=\"twitter:card\" content=\"summary_large_image\" \/>\n<meta name=\"twitter:label1\" content=\"Est. reading time\" \/>\n\t<meta name=\"twitter:data1\" content=\"1 minute\" \/>\n<script type=\"application\/ld+json\" class=\"yoast-schema-graph\">{\"@context\":\"https:\\\/\\\/schema.org\",\"@graph\":[{\"@type\":\"WebPage\",\"@id\":\"https:\\\/\\\/staging.cdsboutique.com\\\/en\\\/product\\\/puzzle-275-pcs-lazy-day-on-the-dock\\\/\",\"url\":\"https:\\\/\\\/staging.cdsboutique.com\\\/en\\\/product\\\/puzzle-275-pcs-lazy-day-on-the-dock\\\/\",\"name\":\"Puzzle (275 pcs) - Lazy Day on the Dock - CDS boutique A\u00een\u00e9s\",\"isPartOf\":{\"@id\":\"https:\\\/\\\/staging.cdsboutique.com\\\/#website\"},\"primaryImageOfPage\":{\"@id\":\"https:\\\/\\\/staging.cdsboutique.com\\\/en\\\/product\\\/puzzle-275-pcs-lazy-day-on-the-dock\\\/#primaryimage\"},\"image\":{\"@id\":\"https:\\\/\\\/staging.cdsboutique.com\\\/en\\\/product\\\/puzzle-275-pcs-lazy-day-on-the-dock\\\/#primaryimage\"},\"thumbnailUrl\":\"https:\\\/\\\/staging.cdsboutique.com\\\/wp-content\\\/uploads\\\/2023\\\/10\\\/25322_paresse_sur_le_quai-1.jpg\",\"datePublished\":\"2023-10-11T14:37:34+00:00\",\"dateModified\":\"2024-06-21T19:24:09+00:00\",\"description\":\"Experience a moment of tenderness with this 275 pcs puzzle! This is the perfect opportunity to encourage your residents to reminisce about autumn!\",\"breadcrumb\":{\"@id\":\"https:\\\/\\\/staging.cdsboutique.com\\\/en\\\/product\\\/puzzle-275-pcs-lazy-day-on-the-dock\\\/#breadcrumb\"},\"inLanguage\":\"en-US\",\"potentialAction\":[{\"@type\":\"ReadAction\",\"target\":[\"https:\\\/\\\/staging.cdsboutique.com\\\/en\\\/product\\\/puzzle-275-pcs-lazy-day-on-the-dock\\\/\"]}]},{\"@type\":\"ImageObject\",\"inLanguage\":\"en-US\",\"@id\":\"https:\\\/\\\/staging.cdsboutique.com\\\/en\\\/product\\\/puzzle-275-pcs-lazy-day-on-the-dock\\\/#primaryimage\",\"url\":\"https:\\\/\\\/staging.cdsboutique.com\\\/wp-content\\\/uploads\\\/2023\\\/10\\\/25322_paresse_sur_le_quai-1.jpg\",\"contentUrl\":\"https:\\\/\\\/staging.cdsboutique.com\\\/wp-content\\\/uploads\\\/2023\\\/10\\\/25322_paresse_sur_le_quai-1.jpg\",\"width\":1050,\"height\":1050},{\"@type\":\"BreadcrumbList\",\"@id\":\"https:\\\/\\\/staging.cdsboutique.com\\\/en\\\/product\\\/puzzle-275-pcs-lazy-day-on-the-dock\\\/#breadcrumb\",\"itemListElement\":[{\"@type\":\"ListItem\",\"position\":1,\"name\":\"Home\",\"item\":\"https:\\\/\\\/staging.cdsboutique.com\\\/en\\\/\"},{\"@type\":\"ListItem\",\"position\":2,\"name\":\"Products\",\"item\":\"https:\\\/\\\/staging.cdsboutique.com\\\/en\\\/products\\\/\"},{\"@type\":\"ListItem\",\"position\":3,\"name\":\"Puzzle (275 pcs) &#8211; Lazy Day on the Dock\"}]},{\"@type\":\"WebSite\",\"@id\":\"https:\\\/\\\/staging.cdsboutique.com\\\/#website\",\"url\":\"https:\\\/\\\/staging.cdsboutique.com\\\/\",\"name\":\"CDS boutique A\u00een\u00e9s\",\"description\":\"Pour une meilleure qualit\u00e9 de vie\",\"publisher\":{\"@id\":\"https:\\\/\\\/staging.cdsboutique.com\\\/#organization\"},\"potentialAction\":[{\"@type\":\"SearchAction\",\"target\":{\"@type\":\"EntryPoint\",\"urlTemplate\":\"https:\\\/\\\/staging.cdsboutique.com\\\/?s={search_term_string}\"},\"query-input\":{\"@type\":\"PropertyValueSpecification\",\"valueRequired\":true,\"valueName\":\"search_term_string\"}}],\"inLanguage\":\"en-US\"},{\"@type\":\"Organization\",\"@id\":\"https:\\\/\\\/staging.cdsboutique.com\\\/#organization\",\"name\":\"CDS Boutique\",\"url\":\"https:\\\/\\\/staging.cdsboutique.com\\\/\",\"logo\":{\"@type\":\"ImageObject\",\"inLanguage\":\"en-US\",\"@id\":\"https:\\\/\\\/staging.cdsboutique.com\\\/#\\\/schema\\\/logo\\\/image\\\/\",\"url\":\"https:\\\/\\\/staging.cdsboutique.com\\\/wp-content\\\/uploads\\\/2024\\\/09\\\/logoCDS-Boutique_final2024.jpg\",\"contentUrl\":\"https:\\\/\\\/staging.cdsboutique.com\\\/wp-content\\\/uploads\\\/2024\\\/09\\\/logoCDS-Boutique_final2024.jpg\",\"width\":900,\"height\":600,\"caption\":\"CDS Boutique\"},\"image\":{\"@id\":\"https:\\\/\\\/staging.cdsboutique.com\\\/#\\\/schema\\\/logo\\\/image\\\/\"},\"sameAs\":[\"https:\\\/\\\/www.facebook.com\\\/CDSBoutique.Aines.Seniors\",\"https:\\\/\\\/www.youtube.com\\\/@cdsboutique4046\",\"https:\\\/\\\/www.linkedin.com\\\/company\\\/cds-boutique\\\/\",\"https:\\\/\\\/www.instagram.com\\\/cdsboutique\\\/\"]}]}<\/script>\n<!-- \/ Yoast SEO plugin. -->","yoast_head_json":{"title":"Puzzle (275 pcs) - Lazy Day on the Dock - CDS boutique A\u00een\u00e9s","description":"Experience a moment of tenderness with this 275 pcs puzzle! This is the perfect opportunity to encourage your residents to reminisce about autumn!","robots":{"index":"noindex","follow":"follow","max-snippet":"max-snippet:-1","max-image-preview":"max-image-preview:large","max-video-preview":"max-video-preview:-1"},"og_locale":"en_US","og_type":"article","og_title":"Puzzle (275 pcs) - Lazy Day on the Dock - CDS boutique A\u00een\u00e9s","og_description":"Experience a moment of tenderness with this 275 pcs puzzle! This is the perfect opportunity to encourage your residents to reminisce about autumn!","og_url":"https:\/\/staging.cdsboutique.com\/en\/product\/puzzle-275-pcs-lazy-day-on-the-dock\/","og_site_name":"CDS boutique A\u00een\u00e9s","article_publisher":"https:\/\/www.facebook.com\/CDSBoutique.Aines.Seniors","article_modified_time":"2024-06-21T19:24:09+00:00","og_image":[{"width":1050,"height":1050,"url":"https:\/\/staging.cdsboutique.com\/wp-content\/uploads\/2023\/10\/25322_paresse_sur_le_quai-1.jpg?_t=1697036975","type":"image\/jpeg"}],"twitter_card":"summary_large_image","twitter_misc":{"Est. reading time":"1 minute"},"schema":{"@context":"https:\/\/schema.org","@graph":[{"@type":"WebPage","@id":"https:\/\/staging.cdsboutique.com\/en\/product\/puzzle-275-pcs-lazy-day-on-the-dock\/","url":"https:\/\/staging.cdsboutique.com\/en\/product\/puzzle-275-pcs-lazy-day-on-the-dock\/","name":"Puzzle (275 pcs) - Lazy Day on the Dock - CDS boutique A\u00een\u00e9s","isPartOf":{"@id":"https:\/\/staging.cdsboutique.com\/#website"},"primaryImageOfPage":{"@id":"https:\/\/staging.cdsboutique.com\/en\/product\/puzzle-275-pcs-lazy-day-on-the-dock\/#primaryimage"},"image":{"@id":"https:\/\/staging.cdsboutique.com\/en\/product\/puzzle-275-pcs-lazy-day-on-the-dock\/#primaryimage"},"thumbnailUrl":"https:\/\/staging.cdsboutique.com\/wp-content\/uploads\/2023\/10\/25322_paresse_sur_le_quai-1.jpg","datePublished":"2023-10-11T14:37:34+00:00","dateModified":"2024-06-21T19:24:09+00:00","description":"Experience a moment of tenderness with this 275 pcs puzzle! This is the perfect opportunity to encourage your residents to reminisce about autumn!","breadcrumb":{"@id":"https:\/\/staging.cdsboutique.com\/en\/product\/puzzle-275-pcs-lazy-day-on-the-dock\/#breadcrumb"},"inLanguage":"en-US","potentialAction":[{"@type":"ReadAction","target":["https:\/\/staging.cdsboutique.com\/en\/product\/puzzle-275-pcs-lazy-day-on-the-dock\/"]}]},{"@type":"ImageObject","inLanguage":"en-US","@id":"https:\/\/staging.cdsboutique.com\/en\/product\/puzzle-275-pcs-lazy-day-on-the-dock\/#primaryimage","url":"https:\/\/staging.cdsboutique.com\/wp-content\/uploads\/2023\/10\/25322_paresse_sur_le_quai-1.jpg","contentUrl":"https:\/\/staging.cdsboutique.com\/wp-content\/uploads\/2023\/10\/25322_paresse_sur_le_quai-1.jpg","width":1050,"height":1050},{"@type":"BreadcrumbList","@id":"https:\/\/staging.cdsboutique.com\/en\/product\/puzzle-275-pcs-lazy-day-on-the-dock\/#breadcrumb","itemListElement":[{"@type":"ListItem","position":1,"name":"Home","item":"https:\/\/staging.cdsboutique.com\/en\/"},{"@type":"ListItem","position":2,"name":"Products","item":"https:\/\/staging.cdsboutique.com\/en\/products\/"},{"@type":"ListItem","position":3,"name":"Puzzle (275 pcs) &#8211; Lazy Day on the Dock"}]},{"@type":"WebSite","@id":"https:\/\/staging.cdsboutique.com\/#website","url":"https:\/\/staging.cdsboutique.com\/","name":"CDS boutique A\u00een\u00e9s","description":"Pour une meilleure qualit\u00e9 de vie","publisher":{"@id":"https:\/\/staging.cdsboutique.com\/#organization"},"potentialAction":[{"@type":"SearchAction","target":{"@type":"EntryPoint","urlTemplate":"https:\/\/staging.cdsboutique.com\/?s={search_term_string}"},"query-input":{"@type":"PropertyValueSpecification","valueRequired":true,"valueName":"search_term_string"}}],"inLanguage":"en-US"},{"@type":"Organization","@id":"https:\/\/staging.cdsboutique.com\/#organization","name":"CDS Boutique","url":"https:\/\/staging.cdsboutique.com\/","logo":{"@type":"ImageObject","inLanguage":"en-US","@id":"https:\/\/staging.cdsboutique.com\/#\/schema\/logo\/image\/","url":"https:\/\/staging.cdsboutique.com\/wp-content\/uploads\/2024\/09\/logoCDS-Boutique_final2024.jpg","contentUrl":"https:\/\/staging.cdsboutique.com\/wp-content\/uploads\/2024\/09\/logoCDS-Boutique_final2024.jpg","width":900,"height":600,"caption":"CDS Boutique"},"image":{"@id":"https:\/\/staging.cdsboutique.com\/#\/schema\/logo\/image\/"},"sameAs":["https:\/\/www.facebook.com\/CDSBoutique.Aines.Seniors","https:\/\/www.youtube.com\/@cdsboutique4046","https:\/\/www.linkedin.com\/company\/cds-boutique\/","https:\/\/www.instagram.com\/cdsboutique\/"]}]}},"_links":{"self":[{"href":"https:\/\/staging.cdsboutique.com\/en\/wp-json\/wp\/v2\/product\/54496","targetHints":{"allow":["GET"]}}],"collection":[{"href":"https:\/\/staging.cdsboutique.com\/en\/wp-json\/wp\/v2\/product"}],"about":[{"href":"https:\/\/staging.cdsboutique.com\/en\/wp-json\/wp\/v2\/types\/product"}],"replies":[{"embeddable":true,"href":"https:\/\/staging.cdsboutique.com\/en\/wp-json\/wp\/v2\/comments?post=54496"}],"wp:featuredmedia":[{"embeddable":true,"href":"https:\/\/staging.cdsboutique.com\/en\/wp-json\/wp\/v2\/media\/54502"}],"wp:attachment":[{"href":"https:\/\/staging.cdsboutique.com\/en\/wp-json\/wp\/v2\/media?parent=54496"}],"wp:term":[{"taxonomy":"product_brand","embeddable":true,"href":"https:\/\/staging.cdsboutique.com\/en\/wp-json\/wp\/v2\/product_brand?post=54496"},{"taxonomy":"product_cat","embeddable":true,"href":"https:\/\/staging.cdsboutique.com\/en\/wp-json\/wp\/v2\/product_cat?post=54496"},{"taxonomy":"product_tag","embeddable":true,"href":"https:\/\/staging.cdsboutique.com\/en\/wp-json\/wp\/v2\/product_tag?post=54496"}],"curies":[{"name":"wp","href":"https:\/\/api.w.org\/{rel}","templated":true}]}}