{"id":54604,"date":"2023-10-19T09:40:48","date_gmt":"2023-10-19T13:40:48","guid":{"rendered":"https:\/\/cdsboutique.com\/?post_type=product&#038;p=54604"},"modified":"2026-01-08T10:39:44","modified_gmt":"2026-01-08T15:39:44","slug":"scents-and-sort-match-up-kit","status":"publish","type":"product","link":"https:\/\/staging.cdsboutique.com\/en\/produit\/scents-and-sort-match-up-kit\/","title":{"rendered":"Scents and Sort Match-Up kit"},"content":{"rendered":"<p><strong>Your seniors will love using their sense of smell with this Scent and Sort Match-Up kit!<\/strong><\/p>\n<p><span data-preserver-spaces=\"true\">Featuring 30 cards and 30 fragrances divided into 6 different families, this set is perfect for stimulating your residents&#8217; senses. Fruit, flowers, spices, etc. There&#8217;s something for everyone!<\/span><\/p>\n<p><span data-preserver-spaces=\"true\">Made of glycerine, sugar, and artificial fragrance, these small jars contain common smells that you may have encountered in your daily life.<\/span><\/p>\n<p><span data-preserver-spaces=\"true\">Our sense of smell is unique and directly connected to the brain. That&#8217;s why a particular smell can often trigger a memory of a moment or event in your life. Encouraging the residents to participate in this activity can be a great way to start reminiscing.<\/span><\/p>\n<p><span data-preserver-spaces=\"true\">This kit is designed to help you organize a variety of activities. For instance, you can ask your residents to associate a particular scent with a numbered card. Once they have completed this task, you can then ask them to associate a smell with a card without revealing the corresponding numbers.<\/span><\/p>\n<p><span data-preserver-spaces=\"true\">Encourage your residents to express themselves by asking them to smell and describe what they perceive in a non-failure activity.<\/span><\/p>\n<p><span data-preserver-spaces=\"true\">Tips :<\/span><\/p>\n<ul>\n<li><span data-preserver-spaces=\"true\">If you&#8217;ve been smelling different fragrances for a while and they all start to smell alike, it&#8217;s likely because you&#8217;ve been exposed to too many scents. To reset your sense of smell, you can sniff some coffee beans.\u00a0<\/span><\/li>\n<\/ul>\n<ul>\n<li><span data-preserver-spaces=\"true\">If you&#8217;re concerned about your residents accidentally ingesting the contents of a jar, you can use one of the cloth protectors provided to cover the contents of the jar.<\/span><\/li>\n<\/ul>\n<p><span data-preserver-spaces=\"true\">Contains :<\/span><\/p>\n<ul>\n<li><span data-preserver-spaces=\"true\">An advice and instruction sheet (written in English only)<\/span><\/li>\n<li><span data-preserver-spaces=\"true\">30 picture cards (numbered on the front and unnumbered on the back)<\/span><\/li>\n<li><span data-preserver-spaces=\"true\">30 scented jars.<\/span><\/li>\n<li><span data-preserver-spaces=\"true\">Fabric protection.<\/span><\/li>\n<\/ul>\n<p>&nbsp;<\/p>\n","protected":false},"excerpt":{"rendered":"<p>Your seniors will love using their sense of smell with this Scent and Sort Match-Up kit! Featuring 30 cards and 30 fragrances divided into 6 different families, this set is perfect for stimulating your residents&#8217; senses. Fruit, flowers, spices, etc. There&#8217;s something for everyone! Made of glycerine, sugar, and artificial fragrance, these small jars contain [&hellip;]<\/p>\n","protected":false},"featured_media":54596,"comment_status":"open","ping_status":"closed","template":"","meta":{"_acf_changed":false},"product_brand":[],"product_cat":[4401,2981,4091,2980],"product_tag":[],"class_list":{"0":"post-54604","1":"product","2":"type-product","3":"status-publish","4":"has-post-thumbnail","6":"product_cat-all","7":"product_cat-aromatherapy","8":"product_cat-new-arrivals","9":"product_cat-sensory-stimulation","10":"product_shipping_class-frais-de-livraison-en","12":"first","13":"instock","14":"taxable","15":"shipping-taxable","16":"purchasable","17":"product-type-simple"},"bundled_by":[],"bundle_stock_status":"instock","bundle_stock_quantity":null,"bundle_virtual":false,"bundle_layout":"","bundle_add_to_cart_form_location":"","bundle_editable_in_cart":false,"bundle_sold_individually_context":"","bundle_item_grouping":"","bundle_min_size":"","bundle_max_size":"","bundle_price":[],"bundled_items":[],"bundle_sell_ids":[],"acf":[],"featured_image_urls_v2":{"full":["https:\/\/staging.cdsboutique.com\/wp-content\/uploads\/2023\/10\/24933_jeux_de_tri_dodeur.jpg",1050,1050,false],"thumbnail":["https:\/\/staging.cdsboutique.com\/wp-content\/uploads\/2023\/10\/24933_jeux_de_tri_dodeur-150x150.jpg",150,150,true],"medium":["https:\/\/staging.cdsboutique.com\/wp-content\/uploads\/2023\/10\/24933_jeux_de_tri_dodeur-300x300.jpg",300,300,true],"medium_large":["https:\/\/staging.cdsboutique.com\/wp-content\/uploads\/2023\/10\/24933_jeux_de_tri_dodeur-768x768.jpg",768,768,true],"large":["https:\/\/staging.cdsboutique.com\/wp-content\/uploads\/2023\/10\/24933_jeux_de_tri_dodeur-1024x1024.jpg",980,980,true],"1536x1536":["https:\/\/staging.cdsboutique.com\/wp-content\/uploads\/2023\/10\/24933_jeux_de_tri_dodeur.jpg",1050,1050,false],"2048x2048":["https:\/\/staging.cdsboutique.com\/wp-content\/uploads\/2023\/10\/24933_jeux_de_tri_dodeur.jpg",1050,1050,false],"gform-image-choice-sm":["https:\/\/staging.cdsboutique.com\/wp-content\/uploads\/2023\/10\/24933_jeux_de_tri_dodeur.jpg",300,300,false],"gform-image-choice-md":["https:\/\/staging.cdsboutique.com\/wp-content\/uploads\/2023\/10\/24933_jeux_de_tri_dodeur.jpg",400,400,false],"gform-image-choice-lg":["https:\/\/staging.cdsboutique.com\/wp-content\/uploads\/2023\/10\/24933_jeux_de_tri_dodeur.jpg",600,600,false],"woocommerce_thumbnail":["https:\/\/staging.cdsboutique.com\/wp-content\/uploads\/2023\/10\/24933_jeux_de_tri_dodeur-300x300.jpg",300,300,true],"woocommerce_single":["https:\/\/staging.cdsboutique.com\/wp-content\/uploads\/2023\/10\/24933_jeux_de_tri_dodeur-600x600.jpg",600,600,true],"woocommerce_gallery_thumbnail":["https:\/\/staging.cdsboutique.com\/wp-content\/uploads\/2023\/10\/24933_jeux_de_tri_dodeur-100x100.jpg",100,100,true],"variation_swatches_image_size":["https:\/\/staging.cdsboutique.com\/wp-content\/uploads\/2023\/10\/24933_jeux_de_tri_dodeur-50x50.jpg",50,50,true],"variation_swatches_tooltip_size":["https:\/\/staging.cdsboutique.com\/wp-content\/uploads\/2023\/10\/24933_jeux_de_tri_dodeur-100x100.jpg",100,100,true],"logo-size":["https:\/\/staging.cdsboutique.com\/wp-content\/uploads\/2023\/10\/24933_jeux_de_tri_dodeur-84x84.jpg",84,84,true],"blog":["https:\/\/staging.cdsboutique.com\/wp-content\/uploads\/2023\/10\/24933_jeux_de_tri_dodeur-350x260.jpg",350,260,true]},"post_excerpt_stackable_v2":"<p>Your seniors will love using their sense of smell with this Scent and Sort Match-Up kit! Featuring 30 cards and 30 fragrances divided into 6 different families, this set is perfect for stimulating your residents&#8217; senses. Fruit, flowers, spices, etc. There&#8217;s something for everyone! Made of glycerine, sugar, and artificial fragrance, these small jars contain common smells that you may have encountered in your daily life. Our sense of smell is unique and directly connected to the brain. That&#8217;s why a particular smell can often trigger a memory of a moment or event in your life. Encouraging the residents to&hellip;<\/p>\n","category_list_v2":"","author_info_v2":{"name":"","url":""},"comments_num_v2":"1 comment","yoast_head":"<!-- This site is optimized with the Yoast SEO plugin v27.4 - https:\/\/yoast.com\/product\/yoast-seo-wordpress\/ -->\n<title>Scents and Sort Match-Up kit - CDS boutique A\u00een\u00e9s<\/title>\n<meta name=\"description\" content=\"Your seniors will love using their sense of smell with this Scent and Sort Match-Up kit! Includes 30 cards and 30 fragrances.\" \/>\n<meta name=\"robots\" content=\"noindex, follow, max-snippet:-1, max-image-preview:large, max-video-preview:-1\" \/>\n<meta property=\"og:locale\" content=\"en_US\" \/>\n<meta property=\"og:type\" content=\"article\" \/>\n<meta property=\"og:title\" content=\"Scents and Sort Match-Up kit - CDS boutique A\u00een\u00e9s\" \/>\n<meta property=\"og:description\" content=\"Your seniors will love using their sense of smell with this Scent and Sort Match-Up kit! Includes 30 cards and 30 fragrances.\" \/>\n<meta property=\"og:url\" content=\"https:\/\/staging.cdsboutique.com\/en\/product\/scents-and-sort-match-up-kit\/\" \/>\n<meta property=\"og:site_name\" content=\"CDS boutique A\u00een\u00e9s\" \/>\n<meta property=\"article:publisher\" content=\"https:\/\/www.facebook.com\/CDSBoutique.Aines.Seniors\" \/>\n<meta property=\"article:modified_time\" content=\"2026-01-08T15:39:44+00:00\" \/>\n<meta property=\"og:image\" content=\"https:\/\/staging.cdsboutique.com\/wp-content\/uploads\/2023\/10\/24933_jeux_de_tri_dodeur.jpg?_t=1697725929\" \/>\n\t<meta property=\"og:image:width\" content=\"1050\" \/>\n\t<meta property=\"og:image:height\" content=\"1050\" \/>\n\t<meta property=\"og:image:type\" content=\"image\/jpeg\" \/>\n<meta name=\"twitter:card\" content=\"summary_large_image\" \/>\n<meta name=\"twitter:label1\" content=\"Est. reading time\" \/>\n\t<meta name=\"twitter:data1\" content=\"2 minutes\" \/>\n<script type=\"application\/ld+json\" class=\"yoast-schema-graph\">{\"@context\":\"https:\\\/\\\/schema.org\",\"@graph\":[{\"@type\":\"WebPage\",\"@id\":\"https:\\\/\\\/staging.cdsboutique.com\\\/en\\\/product\\\/scents-and-sort-match-up-kit\\\/\",\"url\":\"https:\\\/\\\/staging.cdsboutique.com\\\/en\\\/product\\\/scents-and-sort-match-up-kit\\\/\",\"name\":\"Scents and Sort Match-Up kit - CDS boutique A\u00een\u00e9s\",\"isPartOf\":{\"@id\":\"https:\\\/\\\/staging.cdsboutique.com\\\/#website\"},\"primaryImageOfPage\":{\"@id\":\"https:\\\/\\\/staging.cdsboutique.com\\\/en\\\/product\\\/scents-and-sort-match-up-kit\\\/#primaryimage\"},\"image\":{\"@id\":\"https:\\\/\\\/staging.cdsboutique.com\\\/en\\\/product\\\/scents-and-sort-match-up-kit\\\/#primaryimage\"},\"thumbnailUrl\":\"https:\\\/\\\/staging.cdsboutique.com\\\/wp-content\\\/uploads\\\/2023\\\/10\\\/24933_jeux_de_tri_dodeur.jpg\",\"datePublished\":\"2023-10-19T13:40:48+00:00\",\"dateModified\":\"2026-01-08T15:39:44+00:00\",\"description\":\"Your seniors will love using their sense of smell with this Scent and Sort Match-Up kit! Includes 30 cards and 30 fragrances.\",\"breadcrumb\":{\"@id\":\"https:\\\/\\\/staging.cdsboutique.com\\\/en\\\/product\\\/scents-and-sort-match-up-kit\\\/#breadcrumb\"},\"inLanguage\":\"en-US\",\"potentialAction\":[{\"@type\":\"ReadAction\",\"target\":[\"https:\\\/\\\/staging.cdsboutique.com\\\/en\\\/product\\\/scents-and-sort-match-up-kit\\\/\"]}]},{\"@type\":\"ImageObject\",\"inLanguage\":\"en-US\",\"@id\":\"https:\\\/\\\/staging.cdsboutique.com\\\/en\\\/product\\\/scents-and-sort-match-up-kit\\\/#primaryimage\",\"url\":\"https:\\\/\\\/staging.cdsboutique.com\\\/wp-content\\\/uploads\\\/2023\\\/10\\\/24933_jeux_de_tri_dodeur.jpg\",\"contentUrl\":\"https:\\\/\\\/staging.cdsboutique.com\\\/wp-content\\\/uploads\\\/2023\\\/10\\\/24933_jeux_de_tri_dodeur.jpg\",\"width\":1050,\"height\":1050},{\"@type\":\"BreadcrumbList\",\"@id\":\"https:\\\/\\\/staging.cdsboutique.com\\\/en\\\/product\\\/scents-and-sort-match-up-kit\\\/#breadcrumb\",\"itemListElement\":[{\"@type\":\"ListItem\",\"position\":1,\"name\":\"Home\",\"item\":\"https:\\\/\\\/staging.cdsboutique.com\\\/en\\\/\"},{\"@type\":\"ListItem\",\"position\":2,\"name\":\"Products\",\"item\":\"https:\\\/\\\/staging.cdsboutique.com\\\/en\\\/products\\\/\"},{\"@type\":\"ListItem\",\"position\":3,\"name\":\"Scents and Sort Match-Up kit\"}]},{\"@type\":\"WebSite\",\"@id\":\"https:\\\/\\\/staging.cdsboutique.com\\\/#website\",\"url\":\"https:\\\/\\\/staging.cdsboutique.com\\\/\",\"name\":\"CDS boutique A\u00een\u00e9s\",\"description\":\"Pour une meilleure qualit\u00e9 de vie\",\"publisher\":{\"@id\":\"https:\\\/\\\/staging.cdsboutique.com\\\/#organization\"},\"potentialAction\":[{\"@type\":\"SearchAction\",\"target\":{\"@type\":\"EntryPoint\",\"urlTemplate\":\"https:\\\/\\\/staging.cdsboutique.com\\\/?s={search_term_string}\"},\"query-input\":{\"@type\":\"PropertyValueSpecification\",\"valueRequired\":true,\"valueName\":\"search_term_string\"}}],\"inLanguage\":\"en-US\"},{\"@type\":\"Organization\",\"@id\":\"https:\\\/\\\/staging.cdsboutique.com\\\/#organization\",\"name\":\"CDS Boutique\",\"url\":\"https:\\\/\\\/staging.cdsboutique.com\\\/\",\"logo\":{\"@type\":\"ImageObject\",\"inLanguage\":\"en-US\",\"@id\":\"https:\\\/\\\/staging.cdsboutique.com\\\/#\\\/schema\\\/logo\\\/image\\\/\",\"url\":\"https:\\\/\\\/staging.cdsboutique.com\\\/wp-content\\\/uploads\\\/2024\\\/09\\\/logoCDS-Boutique_final2024.jpg\",\"contentUrl\":\"https:\\\/\\\/staging.cdsboutique.com\\\/wp-content\\\/uploads\\\/2024\\\/09\\\/logoCDS-Boutique_final2024.jpg\",\"width\":900,\"height\":600,\"caption\":\"CDS Boutique\"},\"image\":{\"@id\":\"https:\\\/\\\/staging.cdsboutique.com\\\/#\\\/schema\\\/logo\\\/image\\\/\"},\"sameAs\":[\"https:\\\/\\\/www.facebook.com\\\/CDSBoutique.Aines.Seniors\",\"https:\\\/\\\/www.youtube.com\\\/@cdsboutique4046\",\"https:\\\/\\\/www.linkedin.com\\\/company\\\/cds-boutique\\\/\",\"https:\\\/\\\/www.instagram.com\\\/cdsboutique\\\/\"]}]}<\/script>\n<!-- \/ Yoast SEO plugin. -->","yoast_head_json":{"title":"Scents and Sort Match-Up kit - CDS boutique A\u00een\u00e9s","description":"Your seniors will love using their sense of smell with this Scent and Sort Match-Up kit! Includes 30 cards and 30 fragrances.","robots":{"index":"noindex","follow":"follow","max-snippet":"max-snippet:-1","max-image-preview":"max-image-preview:large","max-video-preview":"max-video-preview:-1"},"og_locale":"en_US","og_type":"article","og_title":"Scents and Sort Match-Up kit - CDS boutique A\u00een\u00e9s","og_description":"Your seniors will love using their sense of smell with this Scent and Sort Match-Up kit! Includes 30 cards and 30 fragrances.","og_url":"https:\/\/staging.cdsboutique.com\/en\/product\/scents-and-sort-match-up-kit\/","og_site_name":"CDS boutique A\u00een\u00e9s","article_publisher":"https:\/\/www.facebook.com\/CDSBoutique.Aines.Seniors","article_modified_time":"2026-01-08T15:39:44+00:00","og_image":[{"width":1050,"height":1050,"url":"https:\/\/staging.cdsboutique.com\/wp-content\/uploads\/2023\/10\/24933_jeux_de_tri_dodeur.jpg?_t=1697725929","type":"image\/jpeg"}],"twitter_card":"summary_large_image","twitter_misc":{"Est. reading time":"2 minutes"},"schema":{"@context":"https:\/\/schema.org","@graph":[{"@type":"WebPage","@id":"https:\/\/staging.cdsboutique.com\/en\/product\/scents-and-sort-match-up-kit\/","url":"https:\/\/staging.cdsboutique.com\/en\/product\/scents-and-sort-match-up-kit\/","name":"Scents and Sort Match-Up kit - CDS boutique A\u00een\u00e9s","isPartOf":{"@id":"https:\/\/staging.cdsboutique.com\/#website"},"primaryImageOfPage":{"@id":"https:\/\/staging.cdsboutique.com\/en\/product\/scents-and-sort-match-up-kit\/#primaryimage"},"image":{"@id":"https:\/\/staging.cdsboutique.com\/en\/product\/scents-and-sort-match-up-kit\/#primaryimage"},"thumbnailUrl":"https:\/\/staging.cdsboutique.com\/wp-content\/uploads\/2023\/10\/24933_jeux_de_tri_dodeur.jpg","datePublished":"2023-10-19T13:40:48+00:00","dateModified":"2026-01-08T15:39:44+00:00","description":"Your seniors will love using their sense of smell with this Scent and Sort Match-Up kit! Includes 30 cards and 30 fragrances.","breadcrumb":{"@id":"https:\/\/staging.cdsboutique.com\/en\/product\/scents-and-sort-match-up-kit\/#breadcrumb"},"inLanguage":"en-US","potentialAction":[{"@type":"ReadAction","target":["https:\/\/staging.cdsboutique.com\/en\/product\/scents-and-sort-match-up-kit\/"]}]},{"@type":"ImageObject","inLanguage":"en-US","@id":"https:\/\/staging.cdsboutique.com\/en\/product\/scents-and-sort-match-up-kit\/#primaryimage","url":"https:\/\/staging.cdsboutique.com\/wp-content\/uploads\/2023\/10\/24933_jeux_de_tri_dodeur.jpg","contentUrl":"https:\/\/staging.cdsboutique.com\/wp-content\/uploads\/2023\/10\/24933_jeux_de_tri_dodeur.jpg","width":1050,"height":1050},{"@type":"BreadcrumbList","@id":"https:\/\/staging.cdsboutique.com\/en\/product\/scents-and-sort-match-up-kit\/#breadcrumb","itemListElement":[{"@type":"ListItem","position":1,"name":"Home","item":"https:\/\/staging.cdsboutique.com\/en\/"},{"@type":"ListItem","position":2,"name":"Products","item":"https:\/\/staging.cdsboutique.com\/en\/products\/"},{"@type":"ListItem","position":3,"name":"Scents and Sort Match-Up kit"}]},{"@type":"WebSite","@id":"https:\/\/staging.cdsboutique.com\/#website","url":"https:\/\/staging.cdsboutique.com\/","name":"CDS boutique A\u00een\u00e9s","description":"Pour une meilleure qualit\u00e9 de vie","publisher":{"@id":"https:\/\/staging.cdsboutique.com\/#organization"},"potentialAction":[{"@type":"SearchAction","target":{"@type":"EntryPoint","urlTemplate":"https:\/\/staging.cdsboutique.com\/?s={search_term_string}"},"query-input":{"@type":"PropertyValueSpecification","valueRequired":true,"valueName":"search_term_string"}}],"inLanguage":"en-US"},{"@type":"Organization","@id":"https:\/\/staging.cdsboutique.com\/#organization","name":"CDS Boutique","url":"https:\/\/staging.cdsboutique.com\/","logo":{"@type":"ImageObject","inLanguage":"en-US","@id":"https:\/\/staging.cdsboutique.com\/#\/schema\/logo\/image\/","url":"https:\/\/staging.cdsboutique.com\/wp-content\/uploads\/2024\/09\/logoCDS-Boutique_final2024.jpg","contentUrl":"https:\/\/staging.cdsboutique.com\/wp-content\/uploads\/2024\/09\/logoCDS-Boutique_final2024.jpg","width":900,"height":600,"caption":"CDS Boutique"},"image":{"@id":"https:\/\/staging.cdsboutique.com\/#\/schema\/logo\/image\/"},"sameAs":["https:\/\/www.facebook.com\/CDSBoutique.Aines.Seniors","https:\/\/www.youtube.com\/@cdsboutique4046","https:\/\/www.linkedin.com\/company\/cds-boutique\/","https:\/\/www.instagram.com\/cdsboutique\/"]}]}},"_links":{"self":[{"href":"https:\/\/staging.cdsboutique.com\/en\/wp-json\/wp\/v2\/product\/54604","targetHints":{"allow":["GET"]}}],"collection":[{"href":"https:\/\/staging.cdsboutique.com\/en\/wp-json\/wp\/v2\/product"}],"about":[{"href":"https:\/\/staging.cdsboutique.com\/en\/wp-json\/wp\/v2\/types\/product"}],"replies":[{"embeddable":true,"href":"https:\/\/staging.cdsboutique.com\/en\/wp-json\/wp\/v2\/comments?post=54604"}],"wp:featuredmedia":[{"embeddable":true,"href":"https:\/\/staging.cdsboutique.com\/en\/wp-json\/wp\/v2\/media\/54596"}],"wp:attachment":[{"href":"https:\/\/staging.cdsboutique.com\/en\/wp-json\/wp\/v2\/media?parent=54604"}],"wp:term":[{"taxonomy":"product_brand","embeddable":true,"href":"https:\/\/staging.cdsboutique.com\/en\/wp-json\/wp\/v2\/product_brand?post=54604"},{"taxonomy":"product_cat","embeddable":true,"href":"https:\/\/staging.cdsboutique.com\/en\/wp-json\/wp\/v2\/product_cat?post=54604"},{"taxonomy":"product_tag","embeddable":true,"href":"https:\/\/staging.cdsboutique.com\/en\/wp-json\/wp\/v2\/product_tag?post=54604"}],"curies":[{"name":"wp","href":"https:\/\/api.w.org\/{rel}","templated":true}]}}