{"id":54765,"date":"2023-10-24T09:05:40","date_gmt":"2023-10-24T13:05:41","guid":{"rendered":"https:\/\/cdsboutique.com\/?post_type=product&#038;p=54765"},"modified":"2025-04-11T11:09:32","modified_gmt":"2025-04-11T15:09:32","slug":"favourite-things-1950","status":"publish","type":"product","link":"https:\/\/staging.cdsboutique.com\/en\/produit\/favourite-things-1950\/","title":{"rendered":"Favourite Things \u2013 1950s Collection"},"content":{"rendered":"<div class=\"flex-col gap-1 md:gap-3\">\n<div class=\"flex flex-grow flex-col gap-3 max-w-full\">\n<div class=\"min-h-[20px] flex flex-col items-start gap-3 whitespace-pre-wrap break-words overflow-x-auto\">\n<div class=\"markdown prose w-full break-words dark:prose-invert dark\">\n<p><strong>This thematic set takes a look back at the iconic 1950s!<\/strong><\/p>\n<p>The 1950s was an era of great historical significance that shaped entire generations.<\/p>\n<p>It was the era of Hollywood glamour and Cadillac! This collection includes plenty of memorable items that are sure to catch residents&#8217; interest during reminiscence activities.<\/p>\n<p><strong>About Favourite Things :<\/strong><\/p>\n<\/div>\n<\/div>\n<\/div>\n<\/div>\n<p>This reminiscence theme series aims to provide pleasure and comfort by encouraging participants to discuss various subjects.<\/p>\n<p>These sets feature high-definition images printed on quality paper. There are also videos showing actions related to the cards.<\/p>\n<p>This approach creates a link between images and videos while also allowing residents with cognitive impairment to express their thoughts and feelings.<\/p>\n<p>Good to know:<\/p>\n<ul>\n<li>The cards come with 8 activity sheets. Dimensions are 5&#8243; x 7&#8243;.<\/li>\n<li>The DVD lasts approximately 1 hour 30 minutes.<\/li>\n<\/ul>\n<p>Purchase the photo cards to complete the set or buy the set and save!<\/p>\n<ul>\n<li>24919A &#8211; Thematic &#8211; Handyman: DVD only<\/li>\n<li>24919B &#8211; Thematic &#8211; Handyman: Photo Cards Only<\/li>\n<li>24919Z &#8211; Set &#8211; Handyman: DVD and Photo Cards<\/li>\n<\/ul>\n","protected":false},"excerpt":{"rendered":"<p>This thematic set takes a look back at the iconic 1950s! The 1950s was an era of great historical significance that shaped entire generations. It was the era of Hollywood glamour and Cadillac! This collection includes plenty of memorable items that are sure to catch residents&#8217; interest during reminiscence activities. About Favourite Things : This [&hellip;]<\/p>\n","protected":false},"featured_media":54697,"comment_status":"open","ping_status":"closed","template":"","meta":{"_acf_changed":false},"product_brand":[],"product_cat":[4401,4091],"product_tag":[],"class_list":{"0":"post-54765","1":"product","2":"type-product","3":"status-publish","4":"has-post-thumbnail","6":"product_cat-all","7":"product_cat-new-arrivals","8":"product_shipping_class-frais-de-livraison-en","9":"pa_options-cards-only","10":"pa_options-dvd","11":"pa_options-dvd-and-cards","13":"first","14":"instock","15":"taxable","16":"shipping-taxable","17":"purchasable","18":"product-type-variable"},"bundled_by":[],"bundle_stock_status":"instock","bundle_stock_quantity":null,"bundle_virtual":false,"bundle_layout":"","bundle_add_to_cart_form_location":"","bundle_editable_in_cart":false,"bundle_sold_individually_context":"","bundle_item_grouping":"","bundle_min_size":"","bundle_max_size":"","bundle_price":[],"bundled_items":[],"bundle_sell_ids":[],"acf":[],"featured_image_urls_v2":{"full":["https:\/\/staging.cdsboutique.com\/wp-content\/uploads\/2023\/10\/24919Z_1950s.jpg",1050,1050,false],"thumbnail":["https:\/\/staging.cdsboutique.com\/wp-content\/uploads\/2023\/10\/24919Z_1950s-150x150.jpg",150,150,true],"medium":["https:\/\/staging.cdsboutique.com\/wp-content\/uploads\/2023\/10\/24919Z_1950s-300x300.jpg",300,300,true],"medium_large":["https:\/\/staging.cdsboutique.com\/wp-content\/uploads\/2023\/10\/24919Z_1950s-768x768.jpg",768,768,true],"large":["https:\/\/staging.cdsboutique.com\/wp-content\/uploads\/2023\/10\/24919Z_1950s-1024x1024.jpg",980,980,true],"1536x1536":["https:\/\/staging.cdsboutique.com\/wp-content\/uploads\/2023\/10\/24919Z_1950s.jpg",1050,1050,false],"2048x2048":["https:\/\/staging.cdsboutique.com\/wp-content\/uploads\/2023\/10\/24919Z_1950s.jpg",1050,1050,false],"gform-image-choice-sm":["https:\/\/staging.cdsboutique.com\/wp-content\/uploads\/2023\/10\/24919Z_1950s.jpg",300,300,false],"gform-image-choice-md":["https:\/\/staging.cdsboutique.com\/wp-content\/uploads\/2023\/10\/24919Z_1950s.jpg",400,400,false],"gform-image-choice-lg":["https:\/\/staging.cdsboutique.com\/wp-content\/uploads\/2023\/10\/24919Z_1950s.jpg",600,600,false],"woocommerce_thumbnail":["https:\/\/staging.cdsboutique.com\/wp-content\/uploads\/2023\/10\/24919Z_1950s-300x300.jpg",300,300,true],"woocommerce_single":["https:\/\/staging.cdsboutique.com\/wp-content\/uploads\/2023\/10\/24919Z_1950s-600x600.jpg",600,600,true],"woocommerce_gallery_thumbnail":["https:\/\/staging.cdsboutique.com\/wp-content\/uploads\/2023\/10\/24919Z_1950s-100x100.jpg",100,100,true],"variation_swatches_image_size":["https:\/\/staging.cdsboutique.com\/wp-content\/uploads\/2023\/10\/24919Z_1950s-50x50.jpg",50,50,true],"variation_swatches_tooltip_size":["https:\/\/staging.cdsboutique.com\/wp-content\/uploads\/2023\/10\/24919Z_1950s-100x100.jpg",100,100,true],"logo-size":["https:\/\/staging.cdsboutique.com\/wp-content\/uploads\/2023\/10\/24919Z_1950s-84x84.jpg",84,84,true],"blog":["https:\/\/staging.cdsboutique.com\/wp-content\/uploads\/2023\/10\/24919Z_1950s-350x260.jpg",350,260,true]},"post_excerpt_stackable_v2":"<p>This thematic set takes a look back at the iconic 1950s! The 1950s was an era of great historical significance that shaped entire generations. It was the era of Hollywood glamour and Cadillac! This collection includes plenty of memorable items that are sure to catch residents&#8217; interest during reminiscence activities. About Favourite Things : This reminiscence theme series aims to provide pleasure and comfort by encouraging participants to discuss various subjects. These sets feature high-definition images printed on quality paper. There are also videos showing actions related to the cards. This approach creates a link between images and videos while&hellip;<\/p>\n","category_list_v2":"","author_info_v2":{"name":"","url":""},"comments_num_v2":"1 comment","yoast_head":"<!-- This site is optimized with the Yoast SEO plugin v27.4 - https:\/\/yoast.com\/product\/yoast-seo-wordpress\/ -->\n<title>Favourite Things \u2013 1950s Collection - CDS boutique A\u00een\u00e9s<\/title>\n<meta name=\"description\" content=\"This thematic set takes a look back at the iconic 1950s! The 1950s was an era of great historical significance that shaped entire generations.\" \/>\n<meta name=\"robots\" content=\"noindex, follow, max-snippet:-1, max-image-preview:large, max-video-preview:-1\" \/>\n<meta property=\"og:locale\" content=\"en_US\" \/>\n<meta property=\"og:type\" content=\"article\" \/>\n<meta property=\"og:title\" content=\"Favourite Things \u2013 1950s Collection - CDS boutique A\u00een\u00e9s\" \/>\n<meta property=\"og:description\" content=\"This thematic set takes a look back at the iconic 1950s! The 1950s was an era of great historical significance that shaped entire generations.\" \/>\n<meta property=\"og:url\" content=\"https:\/\/staging.cdsboutique.com\/product\/ensemble-thematique-de-reminiscence-1950\/\" \/>\n<meta property=\"og:site_name\" content=\"CDS boutique A\u00een\u00e9s\" \/>\n<meta property=\"article:publisher\" content=\"https:\/\/www.facebook.com\/CDSBoutique.Aines.Seniors\" \/>\n<meta property=\"article:modified_time\" content=\"2025-04-11T15:09:32+00:00\" \/>\n<meta property=\"og:image\" content=\"https:\/\/staging.cdsboutique.com\/wp-content\/uploads\/2023\/10\/24919Z_1950s.jpg?_t=1747832202\" \/>\n\t<meta property=\"og:image:width\" content=\"1050\" \/>\n\t<meta property=\"og:image:height\" content=\"1050\" \/>\n\t<meta property=\"og:image:type\" content=\"image\/jpeg\" \/>\n<meta name=\"twitter:card\" content=\"summary_large_image\" \/>\n<meta name=\"twitter:label1\" content=\"Est. reading time\" \/>\n\t<meta name=\"twitter:data1\" content=\"2 minutes\" \/>\n<script type=\"application\/ld+json\" class=\"yoast-schema-graph\">{\"@context\":\"https:\\\/\\\/schema.org\",\"@graph\":[{\"@type\":\"WebPage\",\"@id\":\"https:\\\/\\\/staging.cdsboutique.com\\\/product\\\/ensemble-thematique-de-reminiscence-1950\\\/\",\"url\":\"https:\\\/\\\/staging.cdsboutique.com\\\/product\\\/ensemble-thematique-de-reminiscence-1950\\\/\",\"name\":\"Favourite Things \u2013 1950s Collection - CDS boutique A\u00een\u00e9s\",\"isPartOf\":{\"@id\":\"https:\\\/\\\/staging.cdsboutique.com\\\/#website\"},\"primaryImageOfPage\":{\"@id\":\"https:\\\/\\\/staging.cdsboutique.com\\\/product\\\/ensemble-thematique-de-reminiscence-1950\\\/#primaryimage\"},\"image\":{\"@id\":\"https:\\\/\\\/staging.cdsboutique.com\\\/product\\\/ensemble-thematique-de-reminiscence-1950\\\/#primaryimage\"},\"thumbnailUrl\":\"https:\\\/\\\/staging.cdsboutique.com\\\/wp-content\\\/uploads\\\/2023\\\/10\\\/24919Z_1950s.jpg\",\"datePublished\":\"2023-10-24T13:05:41+00:00\",\"dateModified\":\"2025-04-11T15:09:32+00:00\",\"description\":\"This thematic set takes a look back at the iconic 1950s! The 1950s was an era of great historical significance that shaped entire generations.\",\"breadcrumb\":{\"@id\":\"https:\\\/\\\/staging.cdsboutique.com\\\/product\\\/ensemble-thematique-de-reminiscence-1950\\\/#breadcrumb\"},\"inLanguage\":\"en-US\",\"potentialAction\":[{\"@type\":\"ReadAction\",\"target\":[\"https:\\\/\\\/staging.cdsboutique.com\\\/product\\\/ensemble-thematique-de-reminiscence-1950\\\/\"]}]},{\"@type\":\"ImageObject\",\"inLanguage\":\"en-US\",\"@id\":\"https:\\\/\\\/staging.cdsboutique.com\\\/product\\\/ensemble-thematique-de-reminiscence-1950\\\/#primaryimage\",\"url\":\"https:\\\/\\\/staging.cdsboutique.com\\\/wp-content\\\/uploads\\\/2023\\\/10\\\/24919Z_1950s.jpg\",\"contentUrl\":\"https:\\\/\\\/staging.cdsboutique.com\\\/wp-content\\\/uploads\\\/2023\\\/10\\\/24919Z_1950s.jpg\",\"width\":1050,\"height\":1050},{\"@type\":\"BreadcrumbList\",\"@id\":\"https:\\\/\\\/staging.cdsboutique.com\\\/product\\\/ensemble-thematique-de-reminiscence-1950\\\/#breadcrumb\",\"itemListElement\":[{\"@type\":\"ListItem\",\"position\":1,\"name\":\"Home\",\"item\":\"https:\\\/\\\/staging.cdsboutique.com\\\/en\\\/\"},{\"@type\":\"ListItem\",\"position\":2,\"name\":\"Products\",\"item\":\"https:\\\/\\\/staging.cdsboutique.com\\\/en\\\/products\\\/\"},{\"@type\":\"ListItem\",\"position\":3,\"name\":\"Favourite Things \u2013 1950s Collection\"}]},{\"@type\":\"WebSite\",\"@id\":\"https:\\\/\\\/staging.cdsboutique.com\\\/#website\",\"url\":\"https:\\\/\\\/staging.cdsboutique.com\\\/\",\"name\":\"CDS boutique A\u00een\u00e9s\",\"description\":\"Pour une meilleure qualit\u00e9 de vie\",\"publisher\":{\"@id\":\"https:\\\/\\\/staging.cdsboutique.com\\\/#organization\"},\"potentialAction\":[{\"@type\":\"SearchAction\",\"target\":{\"@type\":\"EntryPoint\",\"urlTemplate\":\"https:\\\/\\\/staging.cdsboutique.com\\\/?s={search_term_string}\"},\"query-input\":{\"@type\":\"PropertyValueSpecification\",\"valueRequired\":true,\"valueName\":\"search_term_string\"}}],\"inLanguage\":\"en-US\"},{\"@type\":\"Organization\",\"@id\":\"https:\\\/\\\/staging.cdsboutique.com\\\/#organization\",\"name\":\"CDS Boutique\",\"url\":\"https:\\\/\\\/staging.cdsboutique.com\\\/\",\"logo\":{\"@type\":\"ImageObject\",\"inLanguage\":\"en-US\",\"@id\":\"https:\\\/\\\/staging.cdsboutique.com\\\/#\\\/schema\\\/logo\\\/image\\\/\",\"url\":\"https:\\\/\\\/staging.cdsboutique.com\\\/wp-content\\\/uploads\\\/2024\\\/09\\\/logoCDS-Boutique_final2024.jpg\",\"contentUrl\":\"https:\\\/\\\/staging.cdsboutique.com\\\/wp-content\\\/uploads\\\/2024\\\/09\\\/logoCDS-Boutique_final2024.jpg\",\"width\":900,\"height\":600,\"caption\":\"CDS Boutique\"},\"image\":{\"@id\":\"https:\\\/\\\/staging.cdsboutique.com\\\/#\\\/schema\\\/logo\\\/image\\\/\"},\"sameAs\":[\"https:\\\/\\\/www.facebook.com\\\/CDSBoutique.Aines.Seniors\",\"https:\\\/\\\/www.youtube.com\\\/@cdsboutique4046\",\"https:\\\/\\\/www.linkedin.com\\\/company\\\/cds-boutique\\\/\",\"https:\\\/\\\/www.instagram.com\\\/cdsboutique\\\/\"]}]}<\/script>\n<!-- \/ Yoast SEO plugin. -->","yoast_head_json":{"title":"Favourite Things \u2013 1950s Collection - CDS boutique A\u00een\u00e9s","description":"This thematic set takes a look back at the iconic 1950s! The 1950s was an era of great historical significance that shaped entire generations.","robots":{"index":"noindex","follow":"follow","max-snippet":"max-snippet:-1","max-image-preview":"max-image-preview:large","max-video-preview":"max-video-preview:-1"},"og_locale":"en_US","og_type":"article","og_title":"Favourite Things \u2013 1950s Collection - CDS boutique A\u00een\u00e9s","og_description":"This thematic set takes a look back at the iconic 1950s! The 1950s was an era of great historical significance that shaped entire generations.","og_url":"https:\/\/staging.cdsboutique.com\/product\/ensemble-thematique-de-reminiscence-1950\/","og_site_name":"CDS boutique A\u00een\u00e9s","article_publisher":"https:\/\/www.facebook.com\/CDSBoutique.Aines.Seniors","article_modified_time":"2025-04-11T15:09:32+00:00","og_image":[{"width":1050,"height":1050,"url":"https:\/\/staging.cdsboutique.com\/wp-content\/uploads\/2023\/10\/24919Z_1950s.jpg?_t=1747832202","type":"image\/jpeg"}],"twitter_card":"summary_large_image","twitter_misc":{"Est. reading time":"2 minutes"},"schema":{"@context":"https:\/\/schema.org","@graph":[{"@type":"WebPage","@id":"https:\/\/staging.cdsboutique.com\/product\/ensemble-thematique-de-reminiscence-1950\/","url":"https:\/\/staging.cdsboutique.com\/product\/ensemble-thematique-de-reminiscence-1950\/","name":"Favourite Things \u2013 1950s Collection - CDS boutique A\u00een\u00e9s","isPartOf":{"@id":"https:\/\/staging.cdsboutique.com\/#website"},"primaryImageOfPage":{"@id":"https:\/\/staging.cdsboutique.com\/product\/ensemble-thematique-de-reminiscence-1950\/#primaryimage"},"image":{"@id":"https:\/\/staging.cdsboutique.com\/product\/ensemble-thematique-de-reminiscence-1950\/#primaryimage"},"thumbnailUrl":"https:\/\/staging.cdsboutique.com\/wp-content\/uploads\/2023\/10\/24919Z_1950s.jpg","datePublished":"2023-10-24T13:05:41+00:00","dateModified":"2025-04-11T15:09:32+00:00","description":"This thematic set takes a look back at the iconic 1950s! The 1950s was an era of great historical significance that shaped entire generations.","breadcrumb":{"@id":"https:\/\/staging.cdsboutique.com\/product\/ensemble-thematique-de-reminiscence-1950\/#breadcrumb"},"inLanguage":"en-US","potentialAction":[{"@type":"ReadAction","target":["https:\/\/staging.cdsboutique.com\/product\/ensemble-thematique-de-reminiscence-1950\/"]}]},{"@type":"ImageObject","inLanguage":"en-US","@id":"https:\/\/staging.cdsboutique.com\/product\/ensemble-thematique-de-reminiscence-1950\/#primaryimage","url":"https:\/\/staging.cdsboutique.com\/wp-content\/uploads\/2023\/10\/24919Z_1950s.jpg","contentUrl":"https:\/\/staging.cdsboutique.com\/wp-content\/uploads\/2023\/10\/24919Z_1950s.jpg","width":1050,"height":1050},{"@type":"BreadcrumbList","@id":"https:\/\/staging.cdsboutique.com\/product\/ensemble-thematique-de-reminiscence-1950\/#breadcrumb","itemListElement":[{"@type":"ListItem","position":1,"name":"Home","item":"https:\/\/staging.cdsboutique.com\/en\/"},{"@type":"ListItem","position":2,"name":"Products","item":"https:\/\/staging.cdsboutique.com\/en\/products\/"},{"@type":"ListItem","position":3,"name":"Favourite Things \u2013 1950s Collection"}]},{"@type":"WebSite","@id":"https:\/\/staging.cdsboutique.com\/#website","url":"https:\/\/staging.cdsboutique.com\/","name":"CDS boutique A\u00een\u00e9s","description":"Pour une meilleure qualit\u00e9 de vie","publisher":{"@id":"https:\/\/staging.cdsboutique.com\/#organization"},"potentialAction":[{"@type":"SearchAction","target":{"@type":"EntryPoint","urlTemplate":"https:\/\/staging.cdsboutique.com\/?s={search_term_string}"},"query-input":{"@type":"PropertyValueSpecification","valueRequired":true,"valueName":"search_term_string"}}],"inLanguage":"en-US"},{"@type":"Organization","@id":"https:\/\/staging.cdsboutique.com\/#organization","name":"CDS Boutique","url":"https:\/\/staging.cdsboutique.com\/","logo":{"@type":"ImageObject","inLanguage":"en-US","@id":"https:\/\/staging.cdsboutique.com\/#\/schema\/logo\/image\/","url":"https:\/\/staging.cdsboutique.com\/wp-content\/uploads\/2024\/09\/logoCDS-Boutique_final2024.jpg","contentUrl":"https:\/\/staging.cdsboutique.com\/wp-content\/uploads\/2024\/09\/logoCDS-Boutique_final2024.jpg","width":900,"height":600,"caption":"CDS Boutique"},"image":{"@id":"https:\/\/staging.cdsboutique.com\/#\/schema\/logo\/image\/"},"sameAs":["https:\/\/www.facebook.com\/CDSBoutique.Aines.Seniors","https:\/\/www.youtube.com\/@cdsboutique4046","https:\/\/www.linkedin.com\/company\/cds-boutique\/","https:\/\/www.instagram.com\/cdsboutique\/"]}]}},"_links":{"self":[{"href":"https:\/\/staging.cdsboutique.com\/en\/wp-json\/wp\/v2\/product\/54765","targetHints":{"allow":["GET"]}}],"collection":[{"href":"https:\/\/staging.cdsboutique.com\/en\/wp-json\/wp\/v2\/product"}],"about":[{"href":"https:\/\/staging.cdsboutique.com\/en\/wp-json\/wp\/v2\/types\/product"}],"replies":[{"embeddable":true,"href":"https:\/\/staging.cdsboutique.com\/en\/wp-json\/wp\/v2\/comments?post=54765"}],"wp:featuredmedia":[{"embeddable":true,"href":"https:\/\/staging.cdsboutique.com\/en\/wp-json\/wp\/v2\/media\/54697"}],"wp:attachment":[{"href":"https:\/\/staging.cdsboutique.com\/en\/wp-json\/wp\/v2\/media?parent=54765"}],"wp:term":[{"taxonomy":"product_brand","embeddable":true,"href":"https:\/\/staging.cdsboutique.com\/en\/wp-json\/wp\/v2\/product_brand?post=54765"},{"taxonomy":"product_cat","embeddable":true,"href":"https:\/\/staging.cdsboutique.com\/en\/wp-json\/wp\/v2\/product_cat?post=54765"},{"taxonomy":"product_tag","embeddable":true,"href":"https:\/\/staging.cdsboutique.com\/en\/wp-json\/wp\/v2\/product_tag?post=54765"}],"curies":[{"name":"wp","href":"https:\/\/api.w.org\/{rel}","templated":true}]}}