{"id":54839,"date":"2023-10-26T08:32:52","date_gmt":"2023-10-26T12:32:53","guid":{"rendered":"https:\/\/cdsboutique.com\/?post_type=product&#038;p=54839"},"modified":"2023-10-26T09:35:36","modified_gmt":"2023-10-26T13:35:36","slug":"extra-loops-for-6-pot-holders","status":"publish","type":"product","link":"https:\/\/staging.cdsboutique.com\/en\/produit\/extra-loops-for-6-pot-holders\/","title":{"rendered":"Extra Loops for 6 Pot Holders"},"content":{"rendered":"<p><strong>This set of Extra Loops for 6 Pot Holders is perfect for enhancing your weaving experience!<\/strong><\/p>\n<p>Each pack includes a wide selection of coloured loops, enough to make up to 6 projects. This product is specifically created to fit the Potholder Loom (#2080) perfectly.<\/p>\n<p>These multi-coloured loops come in 9 colours: red, orange, yellow, dark green, light green, light blue, dark blue, purple and pink. Vibrant shades that will put a smile on anyone&#8217;s face!<\/p>\n<p>They&#8217;re easy to handle and very light, perfect for your artistic activities in residence.<\/p>\n<p>They&#8217;re ideal for making colourful potholders! Your seniors will love them!<\/p>\n<p>They&#8217;re made of high-quality cotton in the USA.<\/p>\n<p><strong><a href=\"https:\/\/staging.cdsboutique.com\/en\/product\/potholder-loom\/\" title=\"The Potholder Loom (#2480) is sold separately. You can get it on our website!\">The Potholder Loom (#2480) is sold separately. You can get it on our website!<\/a><\/strong><\/p>\n<p>&nbsp;<\/p>\n","protected":false},"excerpt":{"rendered":"<p>This set of Extra Loops for 6 Pot Holders is perfect for enhancing your weaving experience! Each pack includes a wide selection of coloured loops, enough to make up to 6 projects. This product is specifically created to fit the Potholder Loom (#2080) perfectly. These multi-coloured loops come in 9 colours: red, orange, yellow, dark [&hellip;]<\/p>\n","protected":false},"featured_media":53465,"comment_status":"open","ping_status":"closed","template":"","meta":{"_acf_changed":false},"product_brand":[],"product_cat":[4401,2816,2817,4091],"product_tag":[],"class_list":{"0":"post-54839","1":"product","2":"type-product","3":"status-publish","4":"has-post-thumbnail","6":"product_cat-all","7":"product_cat-arts-crafts","8":"product_cat-creative-artistic-projects","9":"product_cat-new-arrivals","10":"product_shipping_class-frais-de-livraison-en","12":"first","13":"instock","14":"taxable","15":"shipping-taxable","16":"purchasable","17":"product-type-simple"},"bundled_by":[],"bundle_stock_status":"instock","bundle_stock_quantity":null,"bundle_virtual":false,"bundle_layout":"","bundle_add_to_cart_form_location":"","bundle_editable_in_cart":false,"bundle_sold_individually_context":"","bundle_item_grouping":"","bundle_min_size":"","bundle_max_size":"","bundle_price":[],"bundled_items":[],"bundle_sell_ids":[],"acf":[],"featured_image_urls_v2":{"full":["https:\/\/staging.cdsboutique.com\/wp-content\/uploads\/2020\/11\/2481_BANDES_SUP.jpg",1050,1050,false],"thumbnail":["https:\/\/staging.cdsboutique.com\/wp-content\/uploads\/2020\/11\/2481_BANDES_SUP-150x150.jpg",150,150,true],"medium":["https:\/\/staging.cdsboutique.com\/wp-content\/uploads\/2020\/11\/2481_BANDES_SUP-300x300.jpg",300,300,true],"medium_large":["https:\/\/staging.cdsboutique.com\/wp-content\/uploads\/2020\/11\/2481_BANDES_SUP-768x768.jpg",768,768,true],"large":["https:\/\/staging.cdsboutique.com\/wp-content\/uploads\/2020\/11\/2481_BANDES_SUP-1024x1024.jpg",980,980,true],"1536x1536":["https:\/\/staging.cdsboutique.com\/wp-content\/uploads\/2020\/11\/2481_BANDES_SUP.jpg",1050,1050,false],"2048x2048":["https:\/\/staging.cdsboutique.com\/wp-content\/uploads\/2020\/11\/2481_BANDES_SUP.jpg",1050,1050,false],"gform-image-choice-sm":["https:\/\/staging.cdsboutique.com\/wp-content\/uploads\/2020\/11\/2481_BANDES_SUP.jpg",300,300,false],"gform-image-choice-md":["https:\/\/staging.cdsboutique.com\/wp-content\/uploads\/2020\/11\/2481_BANDES_SUP.jpg",400,400,false],"gform-image-choice-lg":["https:\/\/staging.cdsboutique.com\/wp-content\/uploads\/2020\/11\/2481_BANDES_SUP.jpg",600,600,false],"woocommerce_thumbnail":["https:\/\/staging.cdsboutique.com\/wp-content\/uploads\/2020\/11\/2481_BANDES_SUP-300x300.jpg",300,300,true],"woocommerce_single":["https:\/\/staging.cdsboutique.com\/wp-content\/uploads\/2020\/11\/2481_BANDES_SUP-600x600.jpg",600,600,true],"woocommerce_gallery_thumbnail":["https:\/\/staging.cdsboutique.com\/wp-content\/uploads\/2020\/11\/2481_BANDES_SUP-100x100.jpg",100,100,true],"variation_swatches_image_size":["https:\/\/staging.cdsboutique.com\/wp-content\/uploads\/2020\/11\/2481_BANDES_SUP-50x50.jpg",50,50,true],"variation_swatches_tooltip_size":["https:\/\/staging.cdsboutique.com\/wp-content\/uploads\/2020\/11\/2481_BANDES_SUP-100x100.jpg",100,100,true],"logo-size":["https:\/\/staging.cdsboutique.com\/wp-content\/uploads\/2020\/11\/2481_BANDES_SUP-84x84.jpg",84,84,true],"blog":["https:\/\/staging.cdsboutique.com\/wp-content\/uploads\/2020\/11\/2481_BANDES_SUP-350x260.jpg",350,260,true]},"post_excerpt_stackable_v2":"<p>This set of Extra Loops for 6 Pot Holders is perfect for enhancing your weaving experience! Each pack includes a wide selection of coloured loops, enough to make up to 6 projects. This product is specifically created to fit the Potholder Loom (#2080) perfectly. These multi-coloured loops come in 9 colours: red, orange, yellow, dark green, light green, light blue, dark blue, purple and pink. Vibrant shades that will put a smile on anyone&#8217;s face! They&#8217;re easy to handle and very light, perfect for your artistic activities in residence. They&#8217;re ideal for making colourful potholders! Your seniors will love them!&hellip;<\/p>\n","category_list_v2":"","author_info_v2":{"name":"","url":""},"comments_num_v2":"0 comments","yoast_head":"<!-- This site is optimized with the Yoast SEO plugin v27.4 - https:\/\/yoast.com\/product\/yoast-seo-wordpress\/ -->\n<title>Extra Loops for 6 Pot Holders - CDS boutique A\u00een\u00e9s<\/title>\n<meta name=\"description\" content=\"This set of Extra Loops for 6 Pot Holders is perfect for enhancing your weaving experience! These multi-coloured loops come in 9 colours.\" \/>\n<meta name=\"robots\" content=\"noindex, follow, max-snippet:-1, max-image-preview:large, max-video-preview:-1\" \/>\n<meta property=\"og:locale\" content=\"en_US\" \/>\n<meta property=\"og:type\" content=\"article\" \/>\n<meta property=\"og:title\" content=\"Extra Loops for 6 Pot Holders - CDS boutique A\u00een\u00e9s\" \/>\n<meta property=\"og:description\" content=\"This set of Extra Loops for 6 Pot Holders is perfect for enhancing your weaving experience! These multi-coloured loops come in 9 colours.\" \/>\n<meta property=\"og:url\" content=\"https:\/\/staging.cdsboutique.com\/en\/product\/extra-loops-for-6-pot-holders\/\" \/>\n<meta property=\"og:site_name\" content=\"CDS boutique A\u00een\u00e9s\" \/>\n<meta property=\"article:publisher\" content=\"https:\/\/www.facebook.com\/CDSBoutique.Aines.Seniors\" \/>\n<meta property=\"article:modified_time\" content=\"2023-10-26T13:35:36+00:00\" \/>\n<meta property=\"og:image\" content=\"https:\/\/staging.cdsboutique.com\/wp-content\/uploads\/2020\/11\/2481_BANDES_SUP.jpg?_t=1698327336\" \/>\n\t<meta property=\"og:image:width\" content=\"1050\" \/>\n\t<meta property=\"og:image:height\" content=\"1050\" \/>\n\t<meta property=\"og:image:type\" content=\"image\/jpeg\" \/>\n<meta name=\"twitter:card\" content=\"summary_large_image\" \/>\n<meta name=\"twitter:label1\" content=\"Est. reading time\" \/>\n\t<meta name=\"twitter:data1\" content=\"1 minute\" \/>\n<script type=\"application\/ld+json\" class=\"yoast-schema-graph\">{\"@context\":\"https:\\\/\\\/schema.org\",\"@graph\":[{\"@type\":\"WebPage\",\"@id\":\"https:\\\/\\\/staging.cdsboutique.com\\\/en\\\/product\\\/extra-loops-for-6-pot-holders\\\/\",\"url\":\"https:\\\/\\\/staging.cdsboutique.com\\\/en\\\/product\\\/extra-loops-for-6-pot-holders\\\/\",\"name\":\"Extra Loops for 6 Pot Holders - CDS boutique A\u00een\u00e9s\",\"isPartOf\":{\"@id\":\"https:\\\/\\\/staging.cdsboutique.com\\\/#website\"},\"primaryImageOfPage\":{\"@id\":\"https:\\\/\\\/staging.cdsboutique.com\\\/en\\\/product\\\/extra-loops-for-6-pot-holders\\\/#primaryimage\"},\"image\":{\"@id\":\"https:\\\/\\\/staging.cdsboutique.com\\\/en\\\/product\\\/extra-loops-for-6-pot-holders\\\/#primaryimage\"},\"thumbnailUrl\":\"https:\\\/\\\/staging.cdsboutique.com\\\/wp-content\\\/uploads\\\/2020\\\/11\\\/2481_BANDES_SUP.jpg\",\"datePublished\":\"2023-10-26T12:32:53+00:00\",\"dateModified\":\"2023-10-26T13:35:36+00:00\",\"description\":\"This set of Extra Loops for 6 Pot Holders is perfect for enhancing your weaving experience! These multi-coloured loops come in 9 colours.\",\"breadcrumb\":{\"@id\":\"https:\\\/\\\/staging.cdsboutique.com\\\/en\\\/product\\\/extra-loops-for-6-pot-holders\\\/#breadcrumb\"},\"inLanguage\":\"en-US\",\"potentialAction\":[{\"@type\":\"ReadAction\",\"target\":[\"https:\\\/\\\/staging.cdsboutique.com\\\/en\\\/product\\\/extra-loops-for-6-pot-holders\\\/\"]}]},{\"@type\":\"ImageObject\",\"inLanguage\":\"en-US\",\"@id\":\"https:\\\/\\\/staging.cdsboutique.com\\\/en\\\/product\\\/extra-loops-for-6-pot-holders\\\/#primaryimage\",\"url\":\"https:\\\/\\\/staging.cdsboutique.com\\\/wp-content\\\/uploads\\\/2020\\\/11\\\/2481_BANDES_SUP.jpg\",\"contentUrl\":\"https:\\\/\\\/staging.cdsboutique.com\\\/wp-content\\\/uploads\\\/2020\\\/11\\\/2481_BANDES_SUP.jpg\",\"width\":1050,\"height\":1050},{\"@type\":\"BreadcrumbList\",\"@id\":\"https:\\\/\\\/staging.cdsboutique.com\\\/en\\\/product\\\/extra-loops-for-6-pot-holders\\\/#breadcrumb\",\"itemListElement\":[{\"@type\":\"ListItem\",\"position\":1,\"name\":\"Home\",\"item\":\"https:\\\/\\\/staging.cdsboutique.com\\\/en\\\/\"},{\"@type\":\"ListItem\",\"position\":2,\"name\":\"Products\",\"item\":\"https:\\\/\\\/staging.cdsboutique.com\\\/en\\\/products\\\/\"},{\"@type\":\"ListItem\",\"position\":3,\"name\":\"Extra Loops for 6 Pot Holders\"}]},{\"@type\":\"WebSite\",\"@id\":\"https:\\\/\\\/staging.cdsboutique.com\\\/#website\",\"url\":\"https:\\\/\\\/staging.cdsboutique.com\\\/\",\"name\":\"CDS boutique A\u00een\u00e9s\",\"description\":\"Pour une meilleure qualit\u00e9 de vie\",\"publisher\":{\"@id\":\"https:\\\/\\\/staging.cdsboutique.com\\\/#organization\"},\"potentialAction\":[{\"@type\":\"SearchAction\",\"target\":{\"@type\":\"EntryPoint\",\"urlTemplate\":\"https:\\\/\\\/staging.cdsboutique.com\\\/?s={search_term_string}\"},\"query-input\":{\"@type\":\"PropertyValueSpecification\",\"valueRequired\":true,\"valueName\":\"search_term_string\"}}],\"inLanguage\":\"en-US\"},{\"@type\":\"Organization\",\"@id\":\"https:\\\/\\\/staging.cdsboutique.com\\\/#organization\",\"name\":\"CDS Boutique\",\"url\":\"https:\\\/\\\/staging.cdsboutique.com\\\/\",\"logo\":{\"@type\":\"ImageObject\",\"inLanguage\":\"en-US\",\"@id\":\"https:\\\/\\\/staging.cdsboutique.com\\\/#\\\/schema\\\/logo\\\/image\\\/\",\"url\":\"https:\\\/\\\/staging.cdsboutique.com\\\/wp-content\\\/uploads\\\/2024\\\/09\\\/logoCDS-Boutique_final2024.jpg\",\"contentUrl\":\"https:\\\/\\\/staging.cdsboutique.com\\\/wp-content\\\/uploads\\\/2024\\\/09\\\/logoCDS-Boutique_final2024.jpg\",\"width\":900,\"height\":600,\"caption\":\"CDS Boutique\"},\"image\":{\"@id\":\"https:\\\/\\\/staging.cdsboutique.com\\\/#\\\/schema\\\/logo\\\/image\\\/\"},\"sameAs\":[\"https:\\\/\\\/www.facebook.com\\\/CDSBoutique.Aines.Seniors\",\"https:\\\/\\\/www.youtube.com\\\/@cdsboutique4046\",\"https:\\\/\\\/www.linkedin.com\\\/company\\\/cds-boutique\\\/\",\"https:\\\/\\\/www.instagram.com\\\/cdsboutique\\\/\"]}]}<\/script>\n<!-- \/ Yoast SEO plugin. -->","yoast_head_json":{"title":"Extra Loops for 6 Pot Holders - CDS boutique A\u00een\u00e9s","description":"This set of Extra Loops for 6 Pot Holders is perfect for enhancing your weaving experience! These multi-coloured loops come in 9 colours.","robots":{"index":"noindex","follow":"follow","max-snippet":"max-snippet:-1","max-image-preview":"max-image-preview:large","max-video-preview":"max-video-preview:-1"},"og_locale":"en_US","og_type":"article","og_title":"Extra Loops for 6 Pot Holders - CDS boutique A\u00een\u00e9s","og_description":"This set of Extra Loops for 6 Pot Holders is perfect for enhancing your weaving experience! These multi-coloured loops come in 9 colours.","og_url":"https:\/\/staging.cdsboutique.com\/en\/product\/extra-loops-for-6-pot-holders\/","og_site_name":"CDS boutique A\u00een\u00e9s","article_publisher":"https:\/\/www.facebook.com\/CDSBoutique.Aines.Seniors","article_modified_time":"2023-10-26T13:35:36+00:00","og_image":[{"width":1050,"height":1050,"url":"https:\/\/staging.cdsboutique.com\/wp-content\/uploads\/2020\/11\/2481_BANDES_SUP.jpg?_t=1698327336","type":"image\/jpeg"}],"twitter_card":"summary_large_image","twitter_misc":{"Est. reading time":"1 minute"},"schema":{"@context":"https:\/\/schema.org","@graph":[{"@type":"WebPage","@id":"https:\/\/staging.cdsboutique.com\/en\/product\/extra-loops-for-6-pot-holders\/","url":"https:\/\/staging.cdsboutique.com\/en\/product\/extra-loops-for-6-pot-holders\/","name":"Extra Loops for 6 Pot Holders - CDS boutique A\u00een\u00e9s","isPartOf":{"@id":"https:\/\/staging.cdsboutique.com\/#website"},"primaryImageOfPage":{"@id":"https:\/\/staging.cdsboutique.com\/en\/product\/extra-loops-for-6-pot-holders\/#primaryimage"},"image":{"@id":"https:\/\/staging.cdsboutique.com\/en\/product\/extra-loops-for-6-pot-holders\/#primaryimage"},"thumbnailUrl":"https:\/\/staging.cdsboutique.com\/wp-content\/uploads\/2020\/11\/2481_BANDES_SUP.jpg","datePublished":"2023-10-26T12:32:53+00:00","dateModified":"2023-10-26T13:35:36+00:00","description":"This set of Extra Loops for 6 Pot Holders is perfect for enhancing your weaving experience! These multi-coloured loops come in 9 colours.","breadcrumb":{"@id":"https:\/\/staging.cdsboutique.com\/en\/product\/extra-loops-for-6-pot-holders\/#breadcrumb"},"inLanguage":"en-US","potentialAction":[{"@type":"ReadAction","target":["https:\/\/staging.cdsboutique.com\/en\/product\/extra-loops-for-6-pot-holders\/"]}]},{"@type":"ImageObject","inLanguage":"en-US","@id":"https:\/\/staging.cdsboutique.com\/en\/product\/extra-loops-for-6-pot-holders\/#primaryimage","url":"https:\/\/staging.cdsboutique.com\/wp-content\/uploads\/2020\/11\/2481_BANDES_SUP.jpg","contentUrl":"https:\/\/staging.cdsboutique.com\/wp-content\/uploads\/2020\/11\/2481_BANDES_SUP.jpg","width":1050,"height":1050},{"@type":"BreadcrumbList","@id":"https:\/\/staging.cdsboutique.com\/en\/product\/extra-loops-for-6-pot-holders\/#breadcrumb","itemListElement":[{"@type":"ListItem","position":1,"name":"Home","item":"https:\/\/staging.cdsboutique.com\/en\/"},{"@type":"ListItem","position":2,"name":"Products","item":"https:\/\/staging.cdsboutique.com\/en\/products\/"},{"@type":"ListItem","position":3,"name":"Extra Loops for 6 Pot Holders"}]},{"@type":"WebSite","@id":"https:\/\/staging.cdsboutique.com\/#website","url":"https:\/\/staging.cdsboutique.com\/","name":"CDS boutique A\u00een\u00e9s","description":"Pour une meilleure qualit\u00e9 de vie","publisher":{"@id":"https:\/\/staging.cdsboutique.com\/#organization"},"potentialAction":[{"@type":"SearchAction","target":{"@type":"EntryPoint","urlTemplate":"https:\/\/staging.cdsboutique.com\/?s={search_term_string}"},"query-input":{"@type":"PropertyValueSpecification","valueRequired":true,"valueName":"search_term_string"}}],"inLanguage":"en-US"},{"@type":"Organization","@id":"https:\/\/staging.cdsboutique.com\/#organization","name":"CDS Boutique","url":"https:\/\/staging.cdsboutique.com\/","logo":{"@type":"ImageObject","inLanguage":"en-US","@id":"https:\/\/staging.cdsboutique.com\/#\/schema\/logo\/image\/","url":"https:\/\/staging.cdsboutique.com\/wp-content\/uploads\/2024\/09\/logoCDS-Boutique_final2024.jpg","contentUrl":"https:\/\/staging.cdsboutique.com\/wp-content\/uploads\/2024\/09\/logoCDS-Boutique_final2024.jpg","width":900,"height":600,"caption":"CDS Boutique"},"image":{"@id":"https:\/\/staging.cdsboutique.com\/#\/schema\/logo\/image\/"},"sameAs":["https:\/\/www.facebook.com\/CDSBoutique.Aines.Seniors","https:\/\/www.youtube.com\/@cdsboutique4046","https:\/\/www.linkedin.com\/company\/cds-boutique\/","https:\/\/www.instagram.com\/cdsboutique\/"]}]}},"_links":{"self":[{"href":"https:\/\/staging.cdsboutique.com\/en\/wp-json\/wp\/v2\/product\/54839","targetHints":{"allow":["GET"]}}],"collection":[{"href":"https:\/\/staging.cdsboutique.com\/en\/wp-json\/wp\/v2\/product"}],"about":[{"href":"https:\/\/staging.cdsboutique.com\/en\/wp-json\/wp\/v2\/types\/product"}],"replies":[{"embeddable":true,"href":"https:\/\/staging.cdsboutique.com\/en\/wp-json\/wp\/v2\/comments?post=54839"}],"wp:featuredmedia":[{"embeddable":true,"href":"https:\/\/staging.cdsboutique.com\/en\/wp-json\/wp\/v2\/media\/53465"}],"wp:attachment":[{"href":"https:\/\/staging.cdsboutique.com\/en\/wp-json\/wp\/v2\/media?parent=54839"}],"wp:term":[{"taxonomy":"product_brand","embeddable":true,"href":"https:\/\/staging.cdsboutique.com\/en\/wp-json\/wp\/v2\/product_brand?post=54839"},{"taxonomy":"product_cat","embeddable":true,"href":"https:\/\/staging.cdsboutique.com\/en\/wp-json\/wp\/v2\/product_cat?post=54839"},{"taxonomy":"product_tag","embeddable":true,"href":"https:\/\/staging.cdsboutique.com\/en\/wp-json\/wp\/v2\/product_tag?post=54839"}],"curies":[{"name":"wp","href":"https:\/\/api.w.org\/{rel}","templated":true}]}}