{"id":54855,"date":"2023-10-26T12:06:03","date_gmt":"2023-10-26T16:06:03","guid":{"rendered":"https:\/\/cdsboutique.com\/?post_type=product&#038;p=54855"},"modified":"2026-02-16T12:15:28","modified_gmt":"2026-02-16T17:15:28","slug":"activities-woman-set","status":"publish","type":"product","link":"https:\/\/staging.cdsboutique.com\/en\/produit\/activities-woman-set\/","title":{"rendered":"Activities Set &#8220;Women&#8221;"},"content":{"rendered":"<p><strong>This activity set, specially selected for your residents, will provide them with a great time!<\/strong><\/p>\n<p>Colouring, weaving, puzzles, assembly&#8230; there&#8217;s something for everyone!<\/p>\n<p>This kit will help your residents stimulate their cognitive functions while having fun! The selected products are specially designed for people living with impaired autonomy.<\/p>\n<p>This colourful and diverse product selection* is sure to give your seniors lots of fun.<\/p>\n<p>This set includes :<\/p>\n<ul>\n<li>1 magnetic creative scene (#28107): to stimulate imagination and reminiscence<\/li>\n<li>1 washable markers (#2674): to be used with the colouring mat<\/li>\n<li>1 adapted puzzle (#3278): to stimulate cognitive functions<\/li>\n<li>1 set aquapaint (#28103): to stimulate creativity and motor skills<\/li>\n<li>1 memory game (#28401): to stimulate memory and judgement<\/li>\n<li>1 set of lacing beads (#17328): to stimulate fine motor skills<\/li>\n<li>1 activity cushioned overlay (#15354): to reduce anxiety and stimulate touch.<\/li>\n<li>1 Wooden Catch Ball (#25096) : a classic ! to stimulate agility<\/li>\n<li>1 Coaster Kit Needlepoint (#24924) : to stimulate fine motor skills<\/li>\n<li><\/li>\n<\/ul>\n<p><strong>SAVE by buying an activity cart (#C0062)! Enjoy a $50 discount when you buy a cart in addition to this activity set!<\/strong><\/p>\n<p>Each cart measures 36 inches wide x 41 inches high x 24 inches wide.<\/p>\n<p><strong>*Please note that products may vary.<\/strong><\/p>\n","protected":false},"excerpt":{"rendered":"<p>Get this ECONOMIC SET of Cognitive Stimulation and Motivation for Men which contains our best sellers of this category.<\/p>\n<p>Great for\u00a0<span style=\"text-decoration: underline;\"><span style=\"color: #0000ff;\"><a href=\"https:\/\/staging.cdsboutique.com\/en\/chariot-d-activites.html\" target=\"_self\" rel=\"noopener noreferrer\"><span style=\"color: #0000ff; text-decoration: underline;\">Multi-Use Activity Cart\u00a0(#C0062).<\/span><\/a><\/span><\/span><\/p>\n<p><span style=\"text-decoration: underline; color: #0000ff;\"><a href=\"https:\/\/staging.cdsboutique.com\/en\/cart-cognitive-stimulation-men.html\" target=\"_self\" rel=\"noopener noreferrer\"><span style=\"color: #0000ff; text-decoration: underline;\">Click here<\/span><\/a><\/span>\u00a0to see our Multi-Use Activity Cart with this Cognitive Stimulation Men Set.<\/p>\n","protected":false},"featured_media":66071,"comment_status":"open","ping_status":"closed","template":"","meta":{"_acf_changed":false},"product_brand":[],"product_cat":[4401,4091],"product_tag":[],"class_list":{"0":"post-54855","1":"product","2":"type-product","3":"status-publish","4":"has-post-thumbnail","6":"product_cat-all","7":"product_cat-new-arrivals","8":"product_shipping_class-frais-de-livraison-en","10":"first","11":"instock","12":"taxable","13":"shipping-taxable","14":"purchasable","15":"product-type-bundle"},"bundled_by":[],"bundle_stock_status":"instock","bundle_stock_quantity":"","bundle_virtual":false,"bundle_layout":"default","bundle_add_to_cart_form_location":"default","bundle_editable_in_cart":false,"bundle_sold_individually_context":"product","bundle_item_grouping":"parent","bundle_min_size":"","bundle_max_size":"","bundle_price":{"price":{"min":{"incl_tax":"327.62","excl_tax":"284.95"},"max":{"incl_tax":"327.62","excl_tax":"284.95"}},"regular_price":{"min":{"incl_tax":"327.62","excl_tax":"284.95"},"max":{"incl_tax":"327.62","excl_tax":"284.95"}}},"bundled_items":[{"bundled_item_id":1395,"product_id":27589,"menu_order":0,"quantity_min":1,"quantity_max":1,"quantity_default":1,"priced_individually":false,"shipped_individually":false,"override_title":false,"title":"Magnetic Creative Scene \u2013 In the Kitchen","override_description":false,"description":"Magnetic Creative Scene \u2013 In the Kitchen","optional":false,"hide_thumbnail":true,"discount":"","override_variations":false,"allowed_variations":[""],"override_default_variation_attributes":false,"default_variation_attributes":[],"single_product_visibility":"visible","cart_visibility":"visible","order_visibility":"visible","single_product_price_visibility":"visible","cart_price_visibility":"visible","order_price_visibility":"visible","stock_status":"in_stock"},{"bundled_item_id":1396,"product_id":41576,"menu_order":1,"quantity_min":1,"quantity_max":1,"quantity_default":1,"priced_individually":false,"shipped_individually":false,"override_title":false,"title":"13-pcs Adapted Puzzle &#8211; Blooming Lovely","override_description":false,"description":"13-pcs Adapted Puzzle &#8211; Blooming Lovely","optional":false,"hide_thumbnail":true,"discount":"","override_variations":false,"allowed_variations":[""],"override_default_variation_attributes":false,"default_variation_attributes":[],"single_product_visibility":"visible","cart_visibility":"visible","order_visibility":"visible","single_product_price_visibility":"visible","cart_price_visibility":"visible","order_price_visibility":"visible","stock_status":"in_stock"},{"bundled_item_id":1397,"product_id":54872,"menu_order":2,"quantity_min":1,"quantity_max":1,"quantity_default":1,"priced_individually":false,"shipped_individually":false,"override_title":false,"title":"Activity Cushioned Overlay &#8211; Small","override_description":false,"description":"Activity Cushioned Overlay &#8211; Small","optional":false,"hide_thumbnail":true,"discount":"","override_variations":false,"allowed_variations":[""],"override_default_variation_attributes":false,"default_variation_attributes":[],"single_product_visibility":"visible","cart_visibility":"visible","order_visibility":"visible","single_product_price_visibility":"visible","cart_price_visibility":"visible","order_price_visibility":"visible","stock_status":"in_stock"},{"bundled_item_id":1398,"product_id":64057,"menu_order":3,"quantity_min":1,"quantity_max":1,"quantity_default":1,"priced_individually":false,"shipped_individually":false,"override_title":false,"title":"Water Colour Painting (Set of 4)","override_description":false,"description":"Water Colour Painting (Set of 4)","optional":false,"hide_thumbnail":true,"discount":"","override_variations":false,"allowed_variations":[""],"override_default_variation_attributes":false,"default_variation_attributes":[],"single_product_visibility":"visible","cart_visibility":"visible","order_visibility":"visible","single_product_price_visibility":"visible","cart_price_visibility":"visible","order_price_visibility":"visible","stock_status":"in_stock"},{"bundled_item_id":1400,"product_id":28452,"menu_order":5,"quantity_min":1,"quantity_max":1,"quantity_default":1,"priced_individually":false,"shipped_individually":false,"override_title":false,"title":"Round Crayola Brushes (4)","override_description":false,"description":"Round Crayola Brushes (4)","optional":false,"hide_thumbnail":true,"discount":"","override_variations":false,"allowed_variations":[""],"override_default_variation_attributes":false,"default_variation_attributes":[],"single_product_visibility":"visible","cart_visibility":"visible","order_visibility":"visible","single_product_price_visibility":"visible","cart_price_visibility":"visible","order_price_visibility":"visible","stock_status":"in_stock"},{"bundled_item_id":1401,"product_id":54803,"menu_order":6,"quantity_min":1,"quantity_max":1,"quantity_default":1,"priced_individually":false,"shipped_individually":false,"override_title":false,"title":"Spool Knitting Kit","override_description":false,"description":"Spool Knitting Kit","optional":false,"hide_thumbnail":true,"discount":"","override_variations":false,"allowed_variations":[""],"override_default_variation_attributes":false,"default_variation_attributes":[],"single_product_visibility":"visible","cart_visibility":"visible","order_visibility":"visible","single_product_price_visibility":"visible","cart_price_visibility":"visible","order_price_visibility":"visible","stock_status":"in_stock"},{"bundled_item_id":1402,"product_id":48675,"menu_order":7,"quantity_min":1,"quantity_max":1,"quantity_default":1,"priced_individually":false,"shipped_individually":false,"override_title":false,"title":"Memory Game &#8211; Everyday items","override_description":false,"description":"Memory Game &#8211; Everyday items","optional":false,"hide_thumbnail":true,"discount":"","override_variations":false,"allowed_variations":[""],"override_default_variation_attributes":false,"default_variation_attributes":[],"single_product_visibility":"visible","cart_visibility":"visible","order_visibility":"visible","single_product_price_visibility":"visible","cart_price_visibility":"visible","order_price_visibility":"visible","stock_status":"in_stock"}],"bundle_sell_ids":[],"acf":[],"featured_image_urls_v2":{"full":["https:\/\/staging.cdsboutique.com\/wp-content\/uploads\/2023\/10\/24996z.png",5478,3652,false],"thumbnail":["https:\/\/staging.cdsboutique.com\/wp-content\/uploads\/2023\/10\/24996z-150x150.png",150,150,true],"medium":["https:\/\/staging.cdsboutique.com\/wp-content\/uploads\/2023\/10\/24996z-300x200.png",300,200,true],"medium_large":["https:\/\/staging.cdsboutique.com\/wp-content\/uploads\/2023\/10\/24996z-768x512.png",768,512,true],"large":["https:\/\/staging.cdsboutique.com\/wp-content\/uploads\/2023\/10\/24996z-1024x683.png",980,654,true],"1536x1536":["https:\/\/staging.cdsboutique.com\/wp-content\/uploads\/2023\/10\/24996z-1536x1024.png",1536,1024,true],"2048x2048":["https:\/\/staging.cdsboutique.com\/wp-content\/uploads\/2023\/10\/24996z-2048x1365.png",2048,1365,true],"gform-image-choice-sm":["https:\/\/staging.cdsboutique.com\/wp-content\/uploads\/2023\/10\/24996z.png",300,200,false],"gform-image-choice-md":["https:\/\/staging.cdsboutique.com\/wp-content\/uploads\/2023\/10\/24996z.png",400,267,false],"gform-image-choice-lg":["https:\/\/staging.cdsboutique.com\/wp-content\/uploads\/2023\/10\/24996z.png",600,400,false],"woocommerce_thumbnail":["https:\/\/staging.cdsboutique.com\/wp-content\/uploads\/2023\/10\/24996z-300x200.png",300,200,true],"woocommerce_single":["https:\/\/staging.cdsboutique.com\/wp-content\/uploads\/2023\/10\/24996z-600x400.png",600,400,true],"woocommerce_gallery_thumbnail":["https:\/\/staging.cdsboutique.com\/wp-content\/uploads\/2023\/10\/24996z-100x100.png",100,100,true],"variation_swatches_image_size":["https:\/\/staging.cdsboutique.com\/wp-content\/uploads\/2023\/10\/24996z-50x50.png",50,50,true],"variation_swatches_tooltip_size":["https:\/\/staging.cdsboutique.com\/wp-content\/uploads\/2023\/10\/24996z-100x100.png",100,100,true],"logo-size":["https:\/\/staging.cdsboutique.com\/wp-content\/uploads\/2023\/10\/24996z-126x84.png",126,84,true],"blog":["https:\/\/staging.cdsboutique.com\/wp-content\/uploads\/2023\/10\/24996z-350x260.png",350,260,true]},"post_excerpt_stackable_v2":"<p>Get this ECONOMIC SET of Cognitive Stimulation and Motivation for Men which contains our best sellers of this category.<\/p>\n<p>Great for\u00a0<span style=\"text-decoration: underline;\"><span style=\"color: #0000ff;\"><a href=\"https:\/\/staging.cdsboutique.com\/en\/chariot-d-activites.html\" target=\"_self\" rel=\"noopener noreferrer\"><span style=\"color: #0000ff; text-decoration: underline;\">Multi-Use Activity Cart\u00a0(#C0062).<\/span><\/a><\/span><\/span><\/p>\n<p><span style=\"text-decoration: underline; color: #0000ff;\"><a href=\"https:\/\/staging.cdsboutique.com\/en\/cart-cognitive-stimulation-men.html\" target=\"_self\" rel=\"noopener noreferrer\"><span style=\"color: #0000ff; text-decoration: underline;\">Click here<\/span><\/a><\/span>\u00a0to see our Multi-Use Activity Cart with this Cognitive Stimulation Men Set.<\/p>\n","category_list_v2":"","author_info_v2":{"name":"","url":""},"comments_num_v2":"0 comments","yoast_head":"<!-- This site is optimized with the Yoast SEO plugin v27.4 - https:\/\/yoast.com\/product\/yoast-seo-wordpress\/ -->\n<title>Activities Set &quot;Women&quot; - CDS boutique A\u00een\u00e9s<\/title>\n<meta name=\"description\" content=\"This activity set, specially selected for your residents, will provide them with a great time!Colouring, weaving, puzzles... there&#039;s something for everyone!\" \/>\n<meta name=\"robots\" content=\"noindex, follow, max-snippet:-1, max-image-preview:large, max-video-preview:-1\" \/>\n<meta property=\"og:locale\" content=\"en_US\" \/>\n<meta property=\"og:type\" content=\"article\" \/>\n<meta property=\"og:title\" content=\"Activities Set &quot;Women&quot; - CDS boutique A\u00een\u00e9s\" \/>\n<meta property=\"og:description\" content=\"This activity set, specially selected for your residents, will provide them with a great time!Colouring, weaving, puzzles... there&#039;s something for everyone!\" \/>\n<meta property=\"og:url\" content=\"https:\/\/staging.cdsboutique.com\/en\/product\/activities-woman-set\/\" \/>\n<meta property=\"og:site_name\" content=\"CDS boutique A\u00een\u00e9s\" \/>\n<meta property=\"article:publisher\" content=\"https:\/\/www.facebook.com\/CDSBoutique.Aines.Seniors\" \/>\n<meta property=\"article:modified_time\" content=\"2026-02-16T17:15:28+00:00\" \/>\n<meta property=\"og:image\" content=\"https:\/\/staging.cdsboutique.com\/wp-content\/uploads\/2023\/10\/24996z-1024x683.png\" \/>\n\t<meta property=\"og:image:width\" content=\"1024\" \/>\n\t<meta property=\"og:image:height\" content=\"683\" \/>\n\t<meta property=\"og:image:type\" content=\"image\/png\" \/>\n<meta name=\"twitter:card\" content=\"summary_large_image\" \/>\n<meta name=\"twitter:label1\" content=\"Est. reading time\" \/>\n\t<meta name=\"twitter:data1\" content=\"2 minutes\" \/>\n<script type=\"application\/ld+json\" class=\"yoast-schema-graph\">{\"@context\":\"https:\\\/\\\/schema.org\",\"@graph\":[{\"@type\":\"WebPage\",\"@id\":\"https:\\\/\\\/staging.cdsboutique.com\\\/en\\\/product\\\/activities-woman-set\\\/\",\"url\":\"https:\\\/\\\/staging.cdsboutique.com\\\/en\\\/product\\\/activities-woman-set\\\/\",\"name\":\"Activities Set \\\"Women\\\" - CDS boutique A\u00een\u00e9s\",\"isPartOf\":{\"@id\":\"https:\\\/\\\/staging.cdsboutique.com\\\/#website\"},\"primaryImageOfPage\":{\"@id\":\"https:\\\/\\\/staging.cdsboutique.com\\\/en\\\/product\\\/activities-woman-set\\\/#primaryimage\"},\"image\":{\"@id\":\"https:\\\/\\\/staging.cdsboutique.com\\\/en\\\/product\\\/activities-woman-set\\\/#primaryimage\"},\"thumbnailUrl\":\"https:\\\/\\\/staging.cdsboutique.com\\\/wp-content\\\/uploads\\\/2023\\\/10\\\/24996z.png\",\"datePublished\":\"2023-10-26T16:06:03+00:00\",\"dateModified\":\"2026-02-16T17:15:28+00:00\",\"description\":\"This activity set, specially selected for your residents, will provide them with a great time!Colouring, weaving, puzzles... there's something for everyone!\",\"breadcrumb\":{\"@id\":\"https:\\\/\\\/staging.cdsboutique.com\\\/en\\\/product\\\/activities-woman-set\\\/#breadcrumb\"},\"inLanguage\":\"en-US\",\"potentialAction\":[{\"@type\":\"ReadAction\",\"target\":[\"https:\\\/\\\/staging.cdsboutique.com\\\/en\\\/product\\\/activities-woman-set\\\/\"]}]},{\"@type\":\"ImageObject\",\"inLanguage\":\"en-US\",\"@id\":\"https:\\\/\\\/staging.cdsboutique.com\\\/en\\\/product\\\/activities-woman-set\\\/#primaryimage\",\"url\":\"https:\\\/\\\/staging.cdsboutique.com\\\/wp-content\\\/uploads\\\/2023\\\/10\\\/24996z.png\",\"contentUrl\":\"https:\\\/\\\/staging.cdsboutique.com\\\/wp-content\\\/uploads\\\/2023\\\/10\\\/24996z.png\",\"width\":5478,\"height\":3652},{\"@type\":\"BreadcrumbList\",\"@id\":\"https:\\\/\\\/staging.cdsboutique.com\\\/en\\\/product\\\/activities-woman-set\\\/#breadcrumb\",\"itemListElement\":[{\"@type\":\"ListItem\",\"position\":1,\"name\":\"Home\",\"item\":\"https:\\\/\\\/staging.cdsboutique.com\\\/en\\\/\"},{\"@type\":\"ListItem\",\"position\":2,\"name\":\"Products\",\"item\":\"https:\\\/\\\/staging.cdsboutique.com\\\/en\\\/products\\\/\"},{\"@type\":\"ListItem\",\"position\":3,\"name\":\"Activities Set \u00ab\u00a0Women\u00a0\u00bb\"}]},{\"@type\":\"WebSite\",\"@id\":\"https:\\\/\\\/staging.cdsboutique.com\\\/#website\",\"url\":\"https:\\\/\\\/staging.cdsboutique.com\\\/\",\"name\":\"CDS boutique A\u00een\u00e9s\",\"description\":\"Pour une meilleure qualit\u00e9 de vie\",\"publisher\":{\"@id\":\"https:\\\/\\\/staging.cdsboutique.com\\\/#organization\"},\"potentialAction\":[{\"@type\":\"SearchAction\",\"target\":{\"@type\":\"EntryPoint\",\"urlTemplate\":\"https:\\\/\\\/staging.cdsboutique.com\\\/?s={search_term_string}\"},\"query-input\":{\"@type\":\"PropertyValueSpecification\",\"valueRequired\":true,\"valueName\":\"search_term_string\"}}],\"inLanguage\":\"en-US\"},{\"@type\":\"Organization\",\"@id\":\"https:\\\/\\\/staging.cdsboutique.com\\\/#organization\",\"name\":\"CDS Boutique\",\"url\":\"https:\\\/\\\/staging.cdsboutique.com\\\/\",\"logo\":{\"@type\":\"ImageObject\",\"inLanguage\":\"en-US\",\"@id\":\"https:\\\/\\\/staging.cdsboutique.com\\\/#\\\/schema\\\/logo\\\/image\\\/\",\"url\":\"https:\\\/\\\/staging.cdsboutique.com\\\/wp-content\\\/uploads\\\/2024\\\/09\\\/logoCDS-Boutique_final2024.jpg\",\"contentUrl\":\"https:\\\/\\\/staging.cdsboutique.com\\\/wp-content\\\/uploads\\\/2024\\\/09\\\/logoCDS-Boutique_final2024.jpg\",\"width\":900,\"height\":600,\"caption\":\"CDS Boutique\"},\"image\":{\"@id\":\"https:\\\/\\\/staging.cdsboutique.com\\\/#\\\/schema\\\/logo\\\/image\\\/\"},\"sameAs\":[\"https:\\\/\\\/www.facebook.com\\\/CDSBoutique.Aines.Seniors\",\"https:\\\/\\\/www.youtube.com\\\/@cdsboutique4046\",\"https:\\\/\\\/www.linkedin.com\\\/company\\\/cds-boutique\\\/\",\"https:\\\/\\\/www.instagram.com\\\/cdsboutique\\\/\"]}]}<\/script>\n<!-- \/ Yoast SEO plugin. -->","yoast_head_json":{"title":"Activities Set \"Women\" - CDS boutique A\u00een\u00e9s","description":"This activity set, specially selected for your residents, will provide them with a great time!Colouring, weaving, puzzles... there's something for everyone!","robots":{"index":"noindex","follow":"follow","max-snippet":"max-snippet:-1","max-image-preview":"max-image-preview:large","max-video-preview":"max-video-preview:-1"},"og_locale":"en_US","og_type":"article","og_title":"Activities Set \"Women\" - CDS boutique A\u00een\u00e9s","og_description":"This activity set, specially selected for your residents, will provide them with a great time!Colouring, weaving, puzzles... there's something for everyone!","og_url":"https:\/\/staging.cdsboutique.com\/en\/product\/activities-woman-set\/","og_site_name":"CDS boutique A\u00een\u00e9s","article_publisher":"https:\/\/www.facebook.com\/CDSBoutique.Aines.Seniors","article_modified_time":"2026-02-16T17:15:28+00:00","og_image":[{"width":1024,"height":683,"url":"https:\/\/staging.cdsboutique.com\/wp-content\/uploads\/2023\/10\/24996z-1024x683.png","type":"image\/png"}],"twitter_card":"summary_large_image","twitter_misc":{"Est. reading time":"2 minutes"},"schema":{"@context":"https:\/\/schema.org","@graph":[{"@type":"WebPage","@id":"https:\/\/staging.cdsboutique.com\/en\/product\/activities-woman-set\/","url":"https:\/\/staging.cdsboutique.com\/en\/product\/activities-woman-set\/","name":"Activities Set \"Women\" - CDS boutique A\u00een\u00e9s","isPartOf":{"@id":"https:\/\/staging.cdsboutique.com\/#website"},"primaryImageOfPage":{"@id":"https:\/\/staging.cdsboutique.com\/en\/product\/activities-woman-set\/#primaryimage"},"image":{"@id":"https:\/\/staging.cdsboutique.com\/en\/product\/activities-woman-set\/#primaryimage"},"thumbnailUrl":"https:\/\/staging.cdsboutique.com\/wp-content\/uploads\/2023\/10\/24996z.png","datePublished":"2023-10-26T16:06:03+00:00","dateModified":"2026-02-16T17:15:28+00:00","description":"This activity set, specially selected for your residents, will provide them with a great time!Colouring, weaving, puzzles... there's something for everyone!","breadcrumb":{"@id":"https:\/\/staging.cdsboutique.com\/en\/product\/activities-woman-set\/#breadcrumb"},"inLanguage":"en-US","potentialAction":[{"@type":"ReadAction","target":["https:\/\/staging.cdsboutique.com\/en\/product\/activities-woman-set\/"]}]},{"@type":"ImageObject","inLanguage":"en-US","@id":"https:\/\/staging.cdsboutique.com\/en\/product\/activities-woman-set\/#primaryimage","url":"https:\/\/staging.cdsboutique.com\/wp-content\/uploads\/2023\/10\/24996z.png","contentUrl":"https:\/\/staging.cdsboutique.com\/wp-content\/uploads\/2023\/10\/24996z.png","width":5478,"height":3652},{"@type":"BreadcrumbList","@id":"https:\/\/staging.cdsboutique.com\/en\/product\/activities-woman-set\/#breadcrumb","itemListElement":[{"@type":"ListItem","position":1,"name":"Home","item":"https:\/\/staging.cdsboutique.com\/en\/"},{"@type":"ListItem","position":2,"name":"Products","item":"https:\/\/staging.cdsboutique.com\/en\/products\/"},{"@type":"ListItem","position":3,"name":"Activities Set \u00ab\u00a0Women\u00a0\u00bb"}]},{"@type":"WebSite","@id":"https:\/\/staging.cdsboutique.com\/#website","url":"https:\/\/staging.cdsboutique.com\/","name":"CDS boutique A\u00een\u00e9s","description":"Pour une meilleure qualit\u00e9 de vie","publisher":{"@id":"https:\/\/staging.cdsboutique.com\/#organization"},"potentialAction":[{"@type":"SearchAction","target":{"@type":"EntryPoint","urlTemplate":"https:\/\/staging.cdsboutique.com\/?s={search_term_string}"},"query-input":{"@type":"PropertyValueSpecification","valueRequired":true,"valueName":"search_term_string"}}],"inLanguage":"en-US"},{"@type":"Organization","@id":"https:\/\/staging.cdsboutique.com\/#organization","name":"CDS Boutique","url":"https:\/\/staging.cdsboutique.com\/","logo":{"@type":"ImageObject","inLanguage":"en-US","@id":"https:\/\/staging.cdsboutique.com\/#\/schema\/logo\/image\/","url":"https:\/\/staging.cdsboutique.com\/wp-content\/uploads\/2024\/09\/logoCDS-Boutique_final2024.jpg","contentUrl":"https:\/\/staging.cdsboutique.com\/wp-content\/uploads\/2024\/09\/logoCDS-Boutique_final2024.jpg","width":900,"height":600,"caption":"CDS Boutique"},"image":{"@id":"https:\/\/staging.cdsboutique.com\/#\/schema\/logo\/image\/"},"sameAs":["https:\/\/www.facebook.com\/CDSBoutique.Aines.Seniors","https:\/\/www.youtube.com\/@cdsboutique4046","https:\/\/www.linkedin.com\/company\/cds-boutique\/","https:\/\/www.instagram.com\/cdsboutique\/"]}]}},"_links":{"self":[{"href":"https:\/\/staging.cdsboutique.com\/en\/wp-json\/wp\/v2\/product\/54855","targetHints":{"allow":["GET"]}}],"collection":[{"href":"https:\/\/staging.cdsboutique.com\/en\/wp-json\/wp\/v2\/product"}],"about":[{"href":"https:\/\/staging.cdsboutique.com\/en\/wp-json\/wp\/v2\/types\/product"}],"replies":[{"embeddable":true,"href":"https:\/\/staging.cdsboutique.com\/en\/wp-json\/wp\/v2\/comments?post=54855"}],"wp:featuredmedia":[{"embeddable":true,"href":"https:\/\/staging.cdsboutique.com\/en\/wp-json\/wp\/v2\/media\/66071"}],"wp:attachment":[{"href":"https:\/\/staging.cdsboutique.com\/en\/wp-json\/wp\/v2\/media?parent=54855"}],"wp:term":[{"taxonomy":"product_brand","embeddable":true,"href":"https:\/\/staging.cdsboutique.com\/en\/wp-json\/wp\/v2\/product_brand?post=54855"},{"taxonomy":"product_cat","embeddable":true,"href":"https:\/\/staging.cdsboutique.com\/en\/wp-json\/wp\/v2\/product_cat?post=54855"},{"taxonomy":"product_tag","embeddable":true,"href":"https:\/\/staging.cdsboutique.com\/en\/wp-json\/wp\/v2\/product_tag?post=54855"}],"curies":[{"name":"wp","href":"https:\/\/api.w.org\/{rel}","templated":true}]}}