{"id":54989,"date":"2022-11-01T14:09:44","date_gmt":"2023-11-01T18:09:44","guid":{"rendered":"https:\/\/cdsboutique.com\/?post_type=product&#038;p=54989"},"modified":"2024-07-02T15:48:10","modified_gmt":"2024-07-02T19:48:10","slug":"set-of-coloring-books-the-seasons-4","status":"publish","type":"product","link":"https:\/\/staging.cdsboutique.com\/en\/produit\/set-of-coloring-books-the-seasons-4\/","title":{"rendered":"Set of Coloring Books &#8211; The Seasons &#8211; (4)"},"content":{"rendered":"<p><strong><span data-preserver-spaces=\"true\">Your residents will have 4 times more fun with this seasonal colouring book set!<\/span><\/strong><\/p>\n<p><span data-preserver-spaces=\"true\">This set contains 4 colouring books, each with a seasonal theme. Spring, summer, winter, autumn: you name it!<\/span><\/p>\n<p><span data-preserver-spaces=\"true\">Each book contains over 30 colouring pages. That means more than 120 pages for your residents to have fun colouring!<\/span><\/p>\n<p><span data-preserver-spaces=\"true\">Residents can use coloured pencils, markers, or wax pencils to bring each page to life with their unique talents.<\/span><\/p>\n<p><span data-preserver-spaces=\"true\">Colouring has many benefits. It helps reduce stress and anxiety, encourages creativity and stimulates prehension. This is also an excellent opportunity to encourage participants to make decisions. This no-fail activity will fill your residents with a sense of pride!<\/span><\/p>\n<p><span data-preserver-spaces=\"true\">Note that the drawings are printed on only one side of high-quality paper. Pages are detachable, making it easy to display or give as gifts.<\/span><\/p>\n<p><span data-preserver-spaces=\"true\">This set contains :<\/span><\/p>\n<ul>\n<li><span data-preserver-spaces=\"true\">Winter Scenes &#8211; colouring book (#25308)<\/span><\/li>\n<li><span data-preserver-spaces=\"true\">Spring Scenes &#8211; colouring book (#25308) (#25305)<\/span><\/li>\n<li><span data-preserver-spaces=\"true\">Summer Scenes &#8211; colouring book (#25308) (#25309)<\/span><\/li>\n<li><span data-preserver-spaces=\"true\">Autumn Scenes &#8211; colouring book (#25308) (#25000C)<\/span><\/li>\n<\/ul>\n","protected":false},"excerpt":{"rendered":"<p>Your residents will have 4 times more fun with this seasonal colouring book set! This set contains 4 colouring books, each with a seasonal theme. Spring, summer, winter, autumn: you name it! Each book contains over 30 colouring pages. That means more than 120 pages for your residents to have fun colouring! Residents can use [&hellip;]<\/p>\n","protected":false},"featured_media":54992,"comment_status":"open","ping_status":"closed","template":"","meta":{"_acf_changed":false},"product_brand":[],"product_cat":[4401,2816,2864,4091],"product_tag":[],"class_list":{"0":"post-54989","1":"product","2":"type-product","3":"status-publish","4":"has-post-thumbnail","6":"product_cat-all","7":"product_cat-arts-crafts","8":"product_cat-colouring-books","9":"product_cat-new-arrivals","10":"product_shipping_class-frais-de-livraison-en","12":"first","13":"instock","14":"taxable","15":"shipping-taxable","16":"purchasable","17":"product-type-bundle"},"bundled_by":[],"bundle_stock_status":"instock","bundle_stock_quantity":"","bundle_virtual":false,"bundle_layout":"default","bundle_add_to_cart_form_location":"default","bundle_editable_in_cart":false,"bundle_sold_individually_context":"product","bundle_item_grouping":"parent","bundle_min_size":"","bundle_max_size":"","bundle_price":{"price":{"min":{"incl_tax":"33.29","excl_tax":"28.95"},"max":{"incl_tax":"33.29","excl_tax":"28.95"}},"regular_price":{"min":{"incl_tax":"33.29","excl_tax":"28.95"},"max":{"incl_tax":"33.29","excl_tax":"28.95"}}},"bundled_items":[{"bundled_item_id":1172,"product_id":28488,"menu_order":0,"quantity_min":1,"quantity_max":1,"quantity_default":1,"priced_individually":false,"shipped_individually":false,"override_title":false,"title":"Winter Scenes &#8211; Colouring Book","override_description":false,"description":"Winter Scenes &#8211; Colouring Book","optional":false,"hide_thumbnail":false,"discount":"","override_variations":false,"allowed_variations":[""],"override_default_variation_attributes":false,"default_variation_attributes":[],"single_product_visibility":"visible","cart_visibility":"visible","order_visibility":"visible","single_product_price_visibility":"visible","cart_price_visibility":"visible","order_price_visibility":"visible","stock_status":"in_stock"},{"bundled_item_id":1173,"product_id":28445,"menu_order":1,"quantity_min":1,"quantity_max":1,"quantity_default":1,"priced_individually":false,"shipped_individually":false,"override_title":false,"title":"Summer Scenes &#8211; Colouring Book","override_description":false,"description":"Summer Scenes &#8211; Colouring Book","optional":false,"hide_thumbnail":false,"discount":"","override_variations":false,"allowed_variations":[""],"override_default_variation_attributes":false,"default_variation_attributes":[],"single_product_visibility":"visible","cart_visibility":"visible","order_visibility":"visible","single_product_price_visibility":"visible","cart_price_visibility":"visible","order_price_visibility":"visible","stock_status":"in_stock"},{"bundled_item_id":1174,"product_id":28487,"menu_order":2,"quantity_min":1,"quantity_max":1,"quantity_default":1,"priced_individually":false,"shipped_individually":false,"override_title":false,"title":"Spring Scenes &#8211; Colouring Book","override_description":false,"description":"Spring Scenes &#8211; Colouring Book","optional":false,"hide_thumbnail":false,"discount":"","override_variations":false,"allowed_variations":[""],"override_default_variation_attributes":false,"default_variation_attributes":[],"single_product_visibility":"visible","cart_visibility":"visible","order_visibility":"visible","single_product_price_visibility":"visible","cart_price_visibility":"visible","order_price_visibility":"visible","stock_status":"in_stock"},{"bundled_item_id":1175,"product_id":28489,"menu_order":3,"quantity_min":1,"quantity_max":1,"quantity_default":1,"priced_individually":false,"shipped_individually":false,"override_title":false,"title":"Autumn Scenes &#8211; Colouring Book","override_description":false,"description":"Autumn Scenes &#8211; Colouring Book","optional":false,"hide_thumbnail":false,"discount":"","override_variations":false,"allowed_variations":[""],"override_default_variation_attributes":false,"default_variation_attributes":[],"single_product_visibility":"visible","cart_visibility":"visible","order_visibility":"visible","single_product_price_visibility":"visible","cart_price_visibility":"visible","order_price_visibility":"visible","stock_status":"in_stock"}],"bundle_sell_ids":[],"acf":[],"featured_image_urls_v2":{"full":["https:\/\/staging.cdsboutique.com\/wp-content\/uploads\/2023\/11\/25313_ens_cahier_a_colorier.jpg",1050,1050,false],"thumbnail":["https:\/\/staging.cdsboutique.com\/wp-content\/uploads\/2023\/11\/25313_ens_cahier_a_colorier-150x150.jpg",150,150,true],"medium":["https:\/\/staging.cdsboutique.com\/wp-content\/uploads\/2023\/11\/25313_ens_cahier_a_colorier-300x300.jpg",300,300,true],"medium_large":["https:\/\/staging.cdsboutique.com\/wp-content\/uploads\/2023\/11\/25313_ens_cahier_a_colorier-768x768.jpg",768,768,true],"large":["https:\/\/staging.cdsboutique.com\/wp-content\/uploads\/2023\/11\/25313_ens_cahier_a_colorier-1024x1024.jpg",980,980,true],"1536x1536":["https:\/\/staging.cdsboutique.com\/wp-content\/uploads\/2023\/11\/25313_ens_cahier_a_colorier.jpg",1050,1050,false],"2048x2048":["https:\/\/staging.cdsboutique.com\/wp-content\/uploads\/2023\/11\/25313_ens_cahier_a_colorier.jpg",1050,1050,false],"gform-image-choice-sm":["https:\/\/staging.cdsboutique.com\/wp-content\/uploads\/2023\/11\/25313_ens_cahier_a_colorier.jpg",300,300,false],"gform-image-choice-md":["https:\/\/staging.cdsboutique.com\/wp-content\/uploads\/2023\/11\/25313_ens_cahier_a_colorier.jpg",400,400,false],"gform-image-choice-lg":["https:\/\/staging.cdsboutique.com\/wp-content\/uploads\/2023\/11\/25313_ens_cahier_a_colorier.jpg",600,600,false],"woocommerce_thumbnail":["https:\/\/staging.cdsboutique.com\/wp-content\/uploads\/2023\/11\/25313_ens_cahier_a_colorier-300x300.jpg",300,300,true],"woocommerce_single":["https:\/\/staging.cdsboutique.com\/wp-content\/uploads\/2023\/11\/25313_ens_cahier_a_colorier-600x600.jpg",600,600,true],"woocommerce_gallery_thumbnail":["https:\/\/staging.cdsboutique.com\/wp-content\/uploads\/2023\/11\/25313_ens_cahier_a_colorier-100x100.jpg",100,100,true],"variation_swatches_image_size":["https:\/\/staging.cdsboutique.com\/wp-content\/uploads\/2023\/11\/25313_ens_cahier_a_colorier-50x50.jpg",50,50,true],"variation_swatches_tooltip_size":["https:\/\/staging.cdsboutique.com\/wp-content\/uploads\/2023\/11\/25313_ens_cahier_a_colorier-100x100.jpg",100,100,true],"logo-size":["https:\/\/staging.cdsboutique.com\/wp-content\/uploads\/2023\/11\/25313_ens_cahier_a_colorier-84x84.jpg",84,84,true],"blog":["https:\/\/staging.cdsboutique.com\/wp-content\/uploads\/2023\/11\/25313_ens_cahier_a_colorier-350x260.jpg",350,260,true]},"post_excerpt_stackable_v2":"<p>Your residents will have 4 times more fun with this seasonal colouring book set! This set contains 4 colouring books, each with a seasonal theme. Spring, summer, winter, autumn: you name it! Each book contains over 30 colouring pages. That means more than 120 pages for your residents to have fun colouring! Residents can use coloured pencils, markers, or wax pencils to bring each page to life with their unique talents. Colouring has many benefits. It helps reduce stress and anxiety, encourages creativity and stimulates prehension. This is also an excellent opportunity to encourage participants to make decisions. This no-fail&hellip;<\/p>\n","category_list_v2":"","author_info_v2":{"name":"","url":""},"comments_num_v2":"0 comments","yoast_head":"<!-- This site is optimized with the Yoast SEO plugin v27.4 - https:\/\/yoast.com\/product\/yoast-seo-wordpress\/ -->\n<title>Winter Scenes - Colouring Book<\/title>\n<meta name=\"description\" content=\"This colouring book is a must for your residents! Recreate the colours of beautiful winter scenes that will bring you back to your favourite memories! This colouring book has detachable pages and is ideal for beginners or more experienced artists, and t\" \/>\n<meta name=\"robots\" content=\"noindex, follow, max-snippet:-1, max-image-preview:large, max-video-preview:-1\" \/>\n<meta property=\"og:locale\" content=\"en_US\" \/>\n<meta property=\"og:type\" content=\"article\" \/>\n<meta property=\"og:title\" content=\"Winter Scenes - Colouring Book\" \/>\n<meta property=\"og:description\" content=\"This colouring book is a must for your residents! Recreate the colours of beautiful winter scenes that will bring you back to your favourite memories! This colouring book has detachable pages and is ideal for beginners or more experienced artists, and t\" \/>\n<meta property=\"og:url\" content=\"https:\/\/staging.cdsboutique.com\/en\/product\/set-of-coloring-books-the-seasons-4\/\" \/>\n<meta property=\"og:site_name\" content=\"CDS boutique A\u00een\u00e9s\" \/>\n<meta property=\"article:publisher\" content=\"https:\/\/www.facebook.com\/CDSBoutique.Aines.Seniors\" \/>\n<meta property=\"article:modified_time\" content=\"2024-07-02T19:48:10+00:00\" \/>\n<meta property=\"og:image\" content=\"https:\/\/staging.cdsboutique.com\/wp-content\/uploads\/2023\/11\/25313_ens_cahier_a_colorier.jpg?_t=1698867273\" \/>\n\t<meta property=\"og:image:width\" content=\"1050\" \/>\n\t<meta property=\"og:image:height\" content=\"1050\" \/>\n\t<meta property=\"og:image:type\" content=\"image\/jpeg\" \/>\n<meta name=\"twitter:card\" content=\"summary_large_image\" \/>\n<meta name=\"twitter:label1\" content=\"Est. reading time\" \/>\n\t<meta name=\"twitter:data1\" content=\"1 minute\" \/>\n<script type=\"application\/ld+json\" class=\"yoast-schema-graph\">{\"@context\":\"https:\\\/\\\/schema.org\",\"@graph\":[{\"@type\":\"WebPage\",\"@id\":\"https:\\\/\\\/staging.cdsboutique.com\\\/en\\\/product\\\/set-of-coloring-books-the-seasons-4\\\/\",\"url\":\"https:\\\/\\\/staging.cdsboutique.com\\\/en\\\/product\\\/set-of-coloring-books-the-seasons-4\\\/\",\"name\":\"Winter Scenes - Colouring Book\",\"isPartOf\":{\"@id\":\"https:\\\/\\\/staging.cdsboutique.com\\\/#website\"},\"primaryImageOfPage\":{\"@id\":\"https:\\\/\\\/staging.cdsboutique.com\\\/en\\\/product\\\/set-of-coloring-books-the-seasons-4\\\/#primaryimage\"},\"image\":{\"@id\":\"https:\\\/\\\/staging.cdsboutique.com\\\/en\\\/product\\\/set-of-coloring-books-the-seasons-4\\\/#primaryimage\"},\"thumbnailUrl\":\"https:\\\/\\\/staging.cdsboutique.com\\\/wp-content\\\/uploads\\\/2023\\\/11\\\/25313_ens_cahier_a_colorier.jpg\",\"datePublished\":\"2023-11-01T18:09:44+00:00\",\"dateModified\":\"2024-07-02T19:48:10+00:00\",\"description\":\"This colouring book is a must for your residents! Recreate the colours of beautiful winter scenes that will bring you back to your favourite memories! This colouring book has detachable pages and is ideal for beginners or more experienced artists, and t\",\"breadcrumb\":{\"@id\":\"https:\\\/\\\/staging.cdsboutique.com\\\/en\\\/product\\\/set-of-coloring-books-the-seasons-4\\\/#breadcrumb\"},\"inLanguage\":\"en-US\",\"potentialAction\":[{\"@type\":\"ReadAction\",\"target\":[\"https:\\\/\\\/staging.cdsboutique.com\\\/en\\\/product\\\/set-of-coloring-books-the-seasons-4\\\/\"]}]},{\"@type\":\"ImageObject\",\"inLanguage\":\"en-US\",\"@id\":\"https:\\\/\\\/staging.cdsboutique.com\\\/en\\\/product\\\/set-of-coloring-books-the-seasons-4\\\/#primaryimage\",\"url\":\"https:\\\/\\\/staging.cdsboutique.com\\\/wp-content\\\/uploads\\\/2023\\\/11\\\/25313_ens_cahier_a_colorier.jpg\",\"contentUrl\":\"https:\\\/\\\/staging.cdsboutique.com\\\/wp-content\\\/uploads\\\/2023\\\/11\\\/25313_ens_cahier_a_colorier.jpg\",\"width\":1050,\"height\":1050},{\"@type\":\"BreadcrumbList\",\"@id\":\"https:\\\/\\\/staging.cdsboutique.com\\\/en\\\/product\\\/set-of-coloring-books-the-seasons-4\\\/#breadcrumb\",\"itemListElement\":[{\"@type\":\"ListItem\",\"position\":1,\"name\":\"Home\",\"item\":\"https:\\\/\\\/staging.cdsboutique.com\\\/en\\\/\"},{\"@type\":\"ListItem\",\"position\":2,\"name\":\"Products\",\"item\":\"https:\\\/\\\/staging.cdsboutique.com\\\/en\\\/products\\\/\"},{\"@type\":\"ListItem\",\"position\":3,\"name\":\"Set of Coloring Books &#8211; The Seasons &#8211; (4)\"}]},{\"@type\":\"WebSite\",\"@id\":\"https:\\\/\\\/staging.cdsboutique.com\\\/#website\",\"url\":\"https:\\\/\\\/staging.cdsboutique.com\\\/\",\"name\":\"CDS boutique A\u00een\u00e9s\",\"description\":\"Pour une meilleure qualit\u00e9 de vie\",\"publisher\":{\"@id\":\"https:\\\/\\\/staging.cdsboutique.com\\\/#organization\"},\"potentialAction\":[{\"@type\":\"SearchAction\",\"target\":{\"@type\":\"EntryPoint\",\"urlTemplate\":\"https:\\\/\\\/staging.cdsboutique.com\\\/?s={search_term_string}\"},\"query-input\":{\"@type\":\"PropertyValueSpecification\",\"valueRequired\":true,\"valueName\":\"search_term_string\"}}],\"inLanguage\":\"en-US\"},{\"@type\":\"Organization\",\"@id\":\"https:\\\/\\\/staging.cdsboutique.com\\\/#organization\",\"name\":\"CDS Boutique\",\"url\":\"https:\\\/\\\/staging.cdsboutique.com\\\/\",\"logo\":{\"@type\":\"ImageObject\",\"inLanguage\":\"en-US\",\"@id\":\"https:\\\/\\\/staging.cdsboutique.com\\\/#\\\/schema\\\/logo\\\/image\\\/\",\"url\":\"https:\\\/\\\/staging.cdsboutique.com\\\/wp-content\\\/uploads\\\/2024\\\/09\\\/logoCDS-Boutique_final2024.jpg\",\"contentUrl\":\"https:\\\/\\\/staging.cdsboutique.com\\\/wp-content\\\/uploads\\\/2024\\\/09\\\/logoCDS-Boutique_final2024.jpg\",\"width\":900,\"height\":600,\"caption\":\"CDS Boutique\"},\"image\":{\"@id\":\"https:\\\/\\\/staging.cdsboutique.com\\\/#\\\/schema\\\/logo\\\/image\\\/\"},\"sameAs\":[\"https:\\\/\\\/www.facebook.com\\\/CDSBoutique.Aines.Seniors\",\"https:\\\/\\\/www.youtube.com\\\/@cdsboutique4046\",\"https:\\\/\\\/www.linkedin.com\\\/company\\\/cds-boutique\\\/\",\"https:\\\/\\\/www.instagram.com\\\/cdsboutique\\\/\"]}]}<\/script>\n<!-- \/ Yoast SEO plugin. -->","yoast_head_json":{"title":"Winter Scenes - Colouring Book","description":"This colouring book is a must for your residents! Recreate the colours of beautiful winter scenes that will bring you back to your favourite memories! This colouring book has detachable pages and is ideal for beginners or more experienced artists, and t","robots":{"index":"noindex","follow":"follow","max-snippet":"max-snippet:-1","max-image-preview":"max-image-preview:large","max-video-preview":"max-video-preview:-1"},"og_locale":"en_US","og_type":"article","og_title":"Winter Scenes - Colouring Book","og_description":"This colouring book is a must for your residents! Recreate the colours of beautiful winter scenes that will bring you back to your favourite memories! This colouring book has detachable pages and is ideal for beginners or more experienced artists, and t","og_url":"https:\/\/staging.cdsboutique.com\/en\/product\/set-of-coloring-books-the-seasons-4\/","og_site_name":"CDS boutique A\u00een\u00e9s","article_publisher":"https:\/\/www.facebook.com\/CDSBoutique.Aines.Seniors","article_modified_time":"2024-07-02T19:48:10+00:00","og_image":[{"width":1050,"height":1050,"url":"https:\/\/staging.cdsboutique.com\/wp-content\/uploads\/2023\/11\/25313_ens_cahier_a_colorier.jpg?_t=1698867273","type":"image\/jpeg"}],"twitter_card":"summary_large_image","twitter_misc":{"Est. reading time":"1 minute"},"schema":{"@context":"https:\/\/schema.org","@graph":[{"@type":"WebPage","@id":"https:\/\/staging.cdsboutique.com\/en\/product\/set-of-coloring-books-the-seasons-4\/","url":"https:\/\/staging.cdsboutique.com\/en\/product\/set-of-coloring-books-the-seasons-4\/","name":"Winter Scenes - Colouring Book","isPartOf":{"@id":"https:\/\/staging.cdsboutique.com\/#website"},"primaryImageOfPage":{"@id":"https:\/\/staging.cdsboutique.com\/en\/product\/set-of-coloring-books-the-seasons-4\/#primaryimage"},"image":{"@id":"https:\/\/staging.cdsboutique.com\/en\/product\/set-of-coloring-books-the-seasons-4\/#primaryimage"},"thumbnailUrl":"https:\/\/staging.cdsboutique.com\/wp-content\/uploads\/2023\/11\/25313_ens_cahier_a_colorier.jpg","datePublished":"2023-11-01T18:09:44+00:00","dateModified":"2024-07-02T19:48:10+00:00","description":"This colouring book is a must for your residents! Recreate the colours of beautiful winter scenes that will bring you back to your favourite memories! This colouring book has detachable pages and is ideal for beginners or more experienced artists, and t","breadcrumb":{"@id":"https:\/\/staging.cdsboutique.com\/en\/product\/set-of-coloring-books-the-seasons-4\/#breadcrumb"},"inLanguage":"en-US","potentialAction":[{"@type":"ReadAction","target":["https:\/\/staging.cdsboutique.com\/en\/product\/set-of-coloring-books-the-seasons-4\/"]}]},{"@type":"ImageObject","inLanguage":"en-US","@id":"https:\/\/staging.cdsboutique.com\/en\/product\/set-of-coloring-books-the-seasons-4\/#primaryimage","url":"https:\/\/staging.cdsboutique.com\/wp-content\/uploads\/2023\/11\/25313_ens_cahier_a_colorier.jpg","contentUrl":"https:\/\/staging.cdsboutique.com\/wp-content\/uploads\/2023\/11\/25313_ens_cahier_a_colorier.jpg","width":1050,"height":1050},{"@type":"BreadcrumbList","@id":"https:\/\/staging.cdsboutique.com\/en\/product\/set-of-coloring-books-the-seasons-4\/#breadcrumb","itemListElement":[{"@type":"ListItem","position":1,"name":"Home","item":"https:\/\/staging.cdsboutique.com\/en\/"},{"@type":"ListItem","position":2,"name":"Products","item":"https:\/\/staging.cdsboutique.com\/en\/products\/"},{"@type":"ListItem","position":3,"name":"Set of Coloring Books &#8211; The Seasons &#8211; (4)"}]},{"@type":"WebSite","@id":"https:\/\/staging.cdsboutique.com\/#website","url":"https:\/\/staging.cdsboutique.com\/","name":"CDS boutique A\u00een\u00e9s","description":"Pour une meilleure qualit\u00e9 de vie","publisher":{"@id":"https:\/\/staging.cdsboutique.com\/#organization"},"potentialAction":[{"@type":"SearchAction","target":{"@type":"EntryPoint","urlTemplate":"https:\/\/staging.cdsboutique.com\/?s={search_term_string}"},"query-input":{"@type":"PropertyValueSpecification","valueRequired":true,"valueName":"search_term_string"}}],"inLanguage":"en-US"},{"@type":"Organization","@id":"https:\/\/staging.cdsboutique.com\/#organization","name":"CDS Boutique","url":"https:\/\/staging.cdsboutique.com\/","logo":{"@type":"ImageObject","inLanguage":"en-US","@id":"https:\/\/staging.cdsboutique.com\/#\/schema\/logo\/image\/","url":"https:\/\/staging.cdsboutique.com\/wp-content\/uploads\/2024\/09\/logoCDS-Boutique_final2024.jpg","contentUrl":"https:\/\/staging.cdsboutique.com\/wp-content\/uploads\/2024\/09\/logoCDS-Boutique_final2024.jpg","width":900,"height":600,"caption":"CDS Boutique"},"image":{"@id":"https:\/\/staging.cdsboutique.com\/#\/schema\/logo\/image\/"},"sameAs":["https:\/\/www.facebook.com\/CDSBoutique.Aines.Seniors","https:\/\/www.youtube.com\/@cdsboutique4046","https:\/\/www.linkedin.com\/company\/cds-boutique\/","https:\/\/www.instagram.com\/cdsboutique\/"]}]}},"_links":{"self":[{"href":"https:\/\/staging.cdsboutique.com\/en\/wp-json\/wp\/v2\/product\/54989","targetHints":{"allow":["GET"]}}],"collection":[{"href":"https:\/\/staging.cdsboutique.com\/en\/wp-json\/wp\/v2\/product"}],"about":[{"href":"https:\/\/staging.cdsboutique.com\/en\/wp-json\/wp\/v2\/types\/product"}],"replies":[{"embeddable":true,"href":"https:\/\/staging.cdsboutique.com\/en\/wp-json\/wp\/v2\/comments?post=54989"}],"wp:featuredmedia":[{"embeddable":true,"href":"https:\/\/staging.cdsboutique.com\/en\/wp-json\/wp\/v2\/media\/54992"}],"wp:attachment":[{"href":"https:\/\/staging.cdsboutique.com\/en\/wp-json\/wp\/v2\/media?parent=54989"}],"wp:term":[{"taxonomy":"product_brand","embeddable":true,"href":"https:\/\/staging.cdsboutique.com\/en\/wp-json\/wp\/v2\/product_brand?post=54989"},{"taxonomy":"product_cat","embeddable":true,"href":"https:\/\/staging.cdsboutique.com\/en\/wp-json\/wp\/v2\/product_cat?post=54989"},{"taxonomy":"product_tag","embeddable":true,"href":"https:\/\/staging.cdsboutique.com\/en\/wp-json\/wp\/v2\/product_tag?post=54989"}],"curies":[{"name":"wp","href":"https:\/\/api.w.org\/{rel}","templated":true}]}}