{"id":55596,"date":"2023-11-30T09:17:09","date_gmt":"2023-11-30T14:17:09","guid":{"rendered":"https:\/\/cdsboutique.com\/?post_type=product&#038;p=55596"},"modified":"2026-02-24T10:47:39","modified_gmt":"2026-02-24T15:47:39","slug":"memo-digital-clock-calendar-copie-2","status":"publish","type":"product","link":"https:\/\/staging.cdsboutique.com\/en\/produit\/memo-digital-clock-calendar-copie-2\/","title":{"rendered":"Digital Day Connect Dementia Clock"},"content":{"rendered":"<p><strong><span data-preserver-spaces=\"true\">This Digital Day Connect Clock from Relish will help your residents living with Alzheimer&#8217;s to keep track of time!<\/span><\/strong><\/p>\n<p><span data-preserver-spaces=\"true\">Losing track of time can easily disrupt the daily lives of residents living with dementia. What you might think you have perfected, such as telling time and knowing the date, can become a real challenge.<\/span><\/p>\n<p><span data-preserver-spaces=\"true\">To help your senior loved ones regain control over their lives, we are pleased to offer this Relish Digital Day Connect Clock!<\/span><\/p>\n<p><span data-preserver-spaces=\"true\">Easy to use, you will have no trouble customising the display to meet your residents&#8217; needs and preferences! You can customise the display to suit their requirements. Plus, lighting automatically adjusts to suit daylight or darkness at night!<\/span><\/p>\n<p><span data-preserver-spaces=\"true\">Its elegant, sober design will suit any environment, from activity rooms to dining rooms. However, it can also be placed on a table in the resident&#8217;s room. Having this clock near them will help your senior to avoid stressful situations or disorientation when waking up in the middle of the night, for example. But it will also allow them to start the day with positive guidelines!<\/span><\/p>\n<p><span data-preserver-spaces=\"true\">The big, bright numbers displayed on an HD screen are easy to read. No need to figure out complex clock hands! The extra-large digits eliminate any confusion, providing continuous visual comfort to make it easier to understand how time passes.<\/span><\/p>\n<p>The products require a power adapter.<\/p>\n<p><strong><span data-preserver-spaces=\"true\">Clock dimensions:<\/span><\/strong><span data-preserver-spaces=\"true\">\u00a019 x 12 x 2.5 cm<\/span><\/p>\n<p><strong><span data-preserver-spaces=\"true\">Screen size:<\/span><\/strong><span data-preserver-spaces=\"true\">\u00a017.78 cm (7&#8243;)<\/span><\/p>\n<p><strong><span data-preserver-spaces=\"true\">Languages available:<\/span><\/strong><span data-preserver-spaces=\"true\">\u00a0French, English, Spanish, Japanese, German, Dutch, Italian, Portuguese<\/span><\/p>\n","protected":false},"excerpt":{"rendered":"<p style=\"text-align: left;\" align=\"center\"><em><strong>Discuss it with families. It\u2019s a gift that can make all the difference in the world!<\/strong><\/em><\/p>\n<p align=\"center\"><span data-preserver-spaces=\"true\">Easy to use, you will have no trouble customising the display to meet your residents&#8217; needs and preferences! You can customise the display to suit their requirements. Plus, lighting automatically adjusts to suit daylight or darkness at night!<\/span><\/p>\n","protected":false},"featured_media":55599,"comment_status":"open","ping_status":"closed","template":"","meta":{"_acf_changed":false},"product_brand":[],"product_cat":[4401,2819,2803,4558,4091,2822,2953],"product_tag":[4680,4687],"class_list":{"0":"post-55596","1":"product","2":"type-product","3":"status-publish","4":"has-post-thumbnail","6":"product_cat-all","7":"product_cat-daily-living-aids","8":"product_cat-displays-adapted-signs","9":"product_cat-gift-ideas-en","10":"product_cat-new-arrivals","11":"product_cat-reality-orientation-boards","12":"product_cat-time-management","13":"product_tag-news-en","14":"product_tag-relish-en","15":"product_shipping_class-frais-de-livraison-en","17":"first","18":"instock","19":"taxable","20":"shipping-taxable","21":"purchasable","22":"product-type-simple"},"bundled_by":[],"bundle_stock_status":"instock","bundle_stock_quantity":null,"bundle_virtual":false,"bundle_layout":"","bundle_add_to_cart_form_location":"","bundle_editable_in_cart":false,"bundle_sold_individually_context":"","bundle_item_grouping":"","bundle_min_size":"","bundle_max_size":"","bundle_price":[],"bundled_items":[],"bundle_sell_ids":[],"acf":[],"featured_image_urls_v2":{"full":["https:\/\/staging.cdsboutique.com\/wp-content\/uploads\/2023\/11\/25371_EN-1.jpg",1050,1050,false],"thumbnail":["https:\/\/staging.cdsboutique.com\/wp-content\/uploads\/2023\/11\/25371_EN-1-150x150.jpg",150,150,true],"medium":["https:\/\/staging.cdsboutique.com\/wp-content\/uploads\/2023\/11\/25371_EN-1-300x300.jpg",300,300,true],"medium_large":["https:\/\/staging.cdsboutique.com\/wp-content\/uploads\/2023\/11\/25371_EN-1-768x768.jpg",768,768,true],"large":["https:\/\/staging.cdsboutique.com\/wp-content\/uploads\/2023\/11\/25371_EN-1-1024x1024.jpg",980,980,true],"1536x1536":["https:\/\/staging.cdsboutique.com\/wp-content\/uploads\/2023\/11\/25371_EN-1.jpg",1050,1050,false],"2048x2048":["https:\/\/staging.cdsboutique.com\/wp-content\/uploads\/2023\/11\/25371_EN-1.jpg",1050,1050,false],"gform-image-choice-sm":["https:\/\/staging.cdsboutique.com\/wp-content\/uploads\/2023\/11\/25371_EN-1.jpg",300,300,false],"gform-image-choice-md":["https:\/\/staging.cdsboutique.com\/wp-content\/uploads\/2023\/11\/25371_EN-1.jpg",400,400,false],"gform-image-choice-lg":["https:\/\/staging.cdsboutique.com\/wp-content\/uploads\/2023\/11\/25371_EN-1.jpg",600,600,false],"woocommerce_thumbnail":["https:\/\/staging.cdsboutique.com\/wp-content\/uploads\/2023\/11\/25371_EN-1-300x300.jpg",300,300,true],"woocommerce_single":["https:\/\/staging.cdsboutique.com\/wp-content\/uploads\/2023\/11\/25371_EN-1-600x600.jpg",600,600,true],"woocommerce_gallery_thumbnail":["https:\/\/staging.cdsboutique.com\/wp-content\/uploads\/2023\/11\/25371_EN-1-100x100.jpg",100,100,true],"variation_swatches_image_size":["https:\/\/staging.cdsboutique.com\/wp-content\/uploads\/2023\/11\/25371_EN-1-50x50.jpg",50,50,true],"variation_swatches_tooltip_size":["https:\/\/staging.cdsboutique.com\/wp-content\/uploads\/2023\/11\/25371_EN-1-100x100.jpg",100,100,true],"logo-size":["https:\/\/staging.cdsboutique.com\/wp-content\/uploads\/2023\/11\/25371_EN-1-84x84.jpg",84,84,true],"blog":["https:\/\/staging.cdsboutique.com\/wp-content\/uploads\/2023\/11\/25371_EN-1-350x260.jpg",350,260,true]},"post_excerpt_stackable_v2":"<p style=\"text-align: left;\" align=\"center\"><em><strong>Discuss it with families. It\u2019s a gift that can make all the difference in the world!<\/strong><\/em><\/p>\n<p align=\"center\"><span data-preserver-spaces=\"true\">Easy to use, you will have no trouble customising the display to meet your residents&#8217; needs and preferences! You can customise the display to suit their requirements. Plus, lighting automatically adjusts to suit daylight or darkness at night!<\/span><\/p>\n","category_list_v2":"","author_info_v2":{"name":"","url":""},"comments_num_v2":"0 comments","yoast_head":"<!-- This site is optimized with the Yoast SEO plugin v27.4 - https:\/\/yoast.com\/product\/yoast-seo-wordpress\/ -->\n<title>Digital Day Connect Dementia Clock - CDS boutique A\u00een\u00e9s<\/title>\n<meta name=\"description\" content=\"To help your senior loved ones living with dementia regain control over their lives, we are pleased to offer this Relish Digital Day Connect Clock!\" \/>\n<meta name=\"robots\" content=\"noindex, follow, max-snippet:-1, max-image-preview:large, max-video-preview:-1\" \/>\n<meta property=\"og:locale\" content=\"en_US\" \/>\n<meta property=\"og:type\" content=\"article\" \/>\n<meta property=\"og:title\" content=\"Digital Day Connect Dementia Clock - CDS boutique A\u00een\u00e9s\" \/>\n<meta property=\"og:description\" content=\"To help your senior loved ones living with dementia regain control over their lives, we are pleased to offer this Relish Digital Day Connect Clock!\" \/>\n<meta property=\"og:url\" content=\"https:\/\/staging.cdsboutique.com\/en\/product\/memo-digital-clock-calendar-copie-2\/\" \/>\n<meta property=\"og:site_name\" content=\"CDS boutique A\u00een\u00e9s\" \/>\n<meta property=\"article:publisher\" content=\"https:\/\/www.facebook.com\/CDSBoutique.Aines.Seniors\" \/>\n<meta property=\"article:modified_time\" content=\"2026-02-24T15:47:39+00:00\" \/>\n<meta property=\"og:image\" content=\"https:\/\/staging.cdsboutique.com\/wp-content\/uploads\/2023\/11\/25371_EN-1.jpg?_t=1702922741\" \/>\n\t<meta property=\"og:image:width\" content=\"1050\" \/>\n\t<meta property=\"og:image:height\" content=\"1050\" \/>\n\t<meta property=\"og:image:type\" content=\"image\/jpeg\" \/>\n<meta name=\"twitter:card\" content=\"summary_large_image\" \/>\n<meta name=\"twitter:label1\" content=\"Est. reading time\" \/>\n\t<meta name=\"twitter:data1\" content=\"2 minutes\" \/>\n<script type=\"application\/ld+json\" class=\"yoast-schema-graph\">{\"@context\":\"https:\\\/\\\/schema.org\",\"@graph\":[{\"@type\":\"WebPage\",\"@id\":\"https:\\\/\\\/staging.cdsboutique.com\\\/en\\\/product\\\/memo-digital-clock-calendar-copie-2\\\/\",\"url\":\"https:\\\/\\\/staging.cdsboutique.com\\\/en\\\/product\\\/memo-digital-clock-calendar-copie-2\\\/\",\"name\":\"Digital Day Connect Dementia Clock - CDS boutique A\u00een\u00e9s\",\"isPartOf\":{\"@id\":\"https:\\\/\\\/staging.cdsboutique.com\\\/#website\"},\"primaryImageOfPage\":{\"@id\":\"https:\\\/\\\/staging.cdsboutique.com\\\/en\\\/product\\\/memo-digital-clock-calendar-copie-2\\\/#primaryimage\"},\"image\":{\"@id\":\"https:\\\/\\\/staging.cdsboutique.com\\\/en\\\/product\\\/memo-digital-clock-calendar-copie-2\\\/#primaryimage\"},\"thumbnailUrl\":\"https:\\\/\\\/staging.cdsboutique.com\\\/wp-content\\\/uploads\\\/2023\\\/11\\\/25371_EN-1.jpg\",\"datePublished\":\"2023-11-30T14:17:09+00:00\",\"dateModified\":\"2026-02-24T15:47:39+00:00\",\"description\":\"To help your senior loved ones living with dementia regain control over their lives, we are pleased to offer this Relish Digital Day Connect Clock!\",\"breadcrumb\":{\"@id\":\"https:\\\/\\\/staging.cdsboutique.com\\\/en\\\/product\\\/memo-digital-clock-calendar-copie-2\\\/#breadcrumb\"},\"inLanguage\":\"en-US\",\"potentialAction\":[{\"@type\":\"ReadAction\",\"target\":[\"https:\\\/\\\/staging.cdsboutique.com\\\/en\\\/product\\\/memo-digital-clock-calendar-copie-2\\\/\"]}]},{\"@type\":\"ImageObject\",\"inLanguage\":\"en-US\",\"@id\":\"https:\\\/\\\/staging.cdsboutique.com\\\/en\\\/product\\\/memo-digital-clock-calendar-copie-2\\\/#primaryimage\",\"url\":\"https:\\\/\\\/staging.cdsboutique.com\\\/wp-content\\\/uploads\\\/2023\\\/11\\\/25371_EN-1.jpg\",\"contentUrl\":\"https:\\\/\\\/staging.cdsboutique.com\\\/wp-content\\\/uploads\\\/2023\\\/11\\\/25371_EN-1.jpg\",\"width\":1050,\"height\":1050},{\"@type\":\"BreadcrumbList\",\"@id\":\"https:\\\/\\\/staging.cdsboutique.com\\\/en\\\/product\\\/memo-digital-clock-calendar-copie-2\\\/#breadcrumb\",\"itemListElement\":[{\"@type\":\"ListItem\",\"position\":1,\"name\":\"Home\",\"item\":\"https:\\\/\\\/staging.cdsboutique.com\\\/en\\\/\"},{\"@type\":\"ListItem\",\"position\":2,\"name\":\"Products\",\"item\":\"https:\\\/\\\/staging.cdsboutique.com\\\/en\\\/products\\\/\"},{\"@type\":\"ListItem\",\"position\":3,\"name\":\"Digital Day Connect Dementia Clock\"}]},{\"@type\":\"WebSite\",\"@id\":\"https:\\\/\\\/staging.cdsboutique.com\\\/#website\",\"url\":\"https:\\\/\\\/staging.cdsboutique.com\\\/\",\"name\":\"CDS boutique A\u00een\u00e9s\",\"description\":\"Pour une meilleure qualit\u00e9 de vie\",\"publisher\":{\"@id\":\"https:\\\/\\\/staging.cdsboutique.com\\\/#organization\"},\"potentialAction\":[{\"@type\":\"SearchAction\",\"target\":{\"@type\":\"EntryPoint\",\"urlTemplate\":\"https:\\\/\\\/staging.cdsboutique.com\\\/?s={search_term_string}\"},\"query-input\":{\"@type\":\"PropertyValueSpecification\",\"valueRequired\":true,\"valueName\":\"search_term_string\"}}],\"inLanguage\":\"en-US\"},{\"@type\":\"Organization\",\"@id\":\"https:\\\/\\\/staging.cdsboutique.com\\\/#organization\",\"name\":\"CDS Boutique\",\"url\":\"https:\\\/\\\/staging.cdsboutique.com\\\/\",\"logo\":{\"@type\":\"ImageObject\",\"inLanguage\":\"en-US\",\"@id\":\"https:\\\/\\\/staging.cdsboutique.com\\\/#\\\/schema\\\/logo\\\/image\\\/\",\"url\":\"https:\\\/\\\/staging.cdsboutique.com\\\/wp-content\\\/uploads\\\/2024\\\/09\\\/logoCDS-Boutique_final2024.jpg\",\"contentUrl\":\"https:\\\/\\\/staging.cdsboutique.com\\\/wp-content\\\/uploads\\\/2024\\\/09\\\/logoCDS-Boutique_final2024.jpg\",\"width\":900,\"height\":600,\"caption\":\"CDS Boutique\"},\"image\":{\"@id\":\"https:\\\/\\\/staging.cdsboutique.com\\\/#\\\/schema\\\/logo\\\/image\\\/\"},\"sameAs\":[\"https:\\\/\\\/www.facebook.com\\\/CDSBoutique.Aines.Seniors\",\"https:\\\/\\\/www.youtube.com\\\/@cdsboutique4046\",\"https:\\\/\\\/www.linkedin.com\\\/company\\\/cds-boutique\\\/\",\"https:\\\/\\\/www.instagram.com\\\/cdsboutique\\\/\"]}]}<\/script>\n<!-- \/ Yoast SEO plugin. -->","yoast_head_json":{"title":"Digital Day Connect Dementia Clock - CDS boutique A\u00een\u00e9s","description":"To help your senior loved ones living with dementia regain control over their lives, we are pleased to offer this Relish Digital Day Connect Clock!","robots":{"index":"noindex","follow":"follow","max-snippet":"max-snippet:-1","max-image-preview":"max-image-preview:large","max-video-preview":"max-video-preview:-1"},"og_locale":"en_US","og_type":"article","og_title":"Digital Day Connect Dementia Clock - CDS boutique A\u00een\u00e9s","og_description":"To help your senior loved ones living with dementia regain control over their lives, we are pleased to offer this Relish Digital Day Connect Clock!","og_url":"https:\/\/staging.cdsboutique.com\/en\/product\/memo-digital-clock-calendar-copie-2\/","og_site_name":"CDS boutique A\u00een\u00e9s","article_publisher":"https:\/\/www.facebook.com\/CDSBoutique.Aines.Seniors","article_modified_time":"2026-02-24T15:47:39+00:00","og_image":[{"width":1050,"height":1050,"url":"https:\/\/staging.cdsboutique.com\/wp-content\/uploads\/2023\/11\/25371_EN-1.jpg?_t=1702922741","type":"image\/jpeg"}],"twitter_card":"summary_large_image","twitter_misc":{"Est. reading time":"2 minutes"},"schema":{"@context":"https:\/\/schema.org","@graph":[{"@type":"WebPage","@id":"https:\/\/staging.cdsboutique.com\/en\/product\/memo-digital-clock-calendar-copie-2\/","url":"https:\/\/staging.cdsboutique.com\/en\/product\/memo-digital-clock-calendar-copie-2\/","name":"Digital Day Connect Dementia Clock - CDS boutique A\u00een\u00e9s","isPartOf":{"@id":"https:\/\/staging.cdsboutique.com\/#website"},"primaryImageOfPage":{"@id":"https:\/\/staging.cdsboutique.com\/en\/product\/memo-digital-clock-calendar-copie-2\/#primaryimage"},"image":{"@id":"https:\/\/staging.cdsboutique.com\/en\/product\/memo-digital-clock-calendar-copie-2\/#primaryimage"},"thumbnailUrl":"https:\/\/staging.cdsboutique.com\/wp-content\/uploads\/2023\/11\/25371_EN-1.jpg","datePublished":"2023-11-30T14:17:09+00:00","dateModified":"2026-02-24T15:47:39+00:00","description":"To help your senior loved ones living with dementia regain control over their lives, we are pleased to offer this Relish Digital Day Connect Clock!","breadcrumb":{"@id":"https:\/\/staging.cdsboutique.com\/en\/product\/memo-digital-clock-calendar-copie-2\/#breadcrumb"},"inLanguage":"en-US","potentialAction":[{"@type":"ReadAction","target":["https:\/\/staging.cdsboutique.com\/en\/product\/memo-digital-clock-calendar-copie-2\/"]}]},{"@type":"ImageObject","inLanguage":"en-US","@id":"https:\/\/staging.cdsboutique.com\/en\/product\/memo-digital-clock-calendar-copie-2\/#primaryimage","url":"https:\/\/staging.cdsboutique.com\/wp-content\/uploads\/2023\/11\/25371_EN-1.jpg","contentUrl":"https:\/\/staging.cdsboutique.com\/wp-content\/uploads\/2023\/11\/25371_EN-1.jpg","width":1050,"height":1050},{"@type":"BreadcrumbList","@id":"https:\/\/staging.cdsboutique.com\/en\/product\/memo-digital-clock-calendar-copie-2\/#breadcrumb","itemListElement":[{"@type":"ListItem","position":1,"name":"Home","item":"https:\/\/staging.cdsboutique.com\/en\/"},{"@type":"ListItem","position":2,"name":"Products","item":"https:\/\/staging.cdsboutique.com\/en\/products\/"},{"@type":"ListItem","position":3,"name":"Digital Day Connect Dementia Clock"}]},{"@type":"WebSite","@id":"https:\/\/staging.cdsboutique.com\/#website","url":"https:\/\/staging.cdsboutique.com\/","name":"CDS boutique A\u00een\u00e9s","description":"Pour une meilleure qualit\u00e9 de vie","publisher":{"@id":"https:\/\/staging.cdsboutique.com\/#organization"},"potentialAction":[{"@type":"SearchAction","target":{"@type":"EntryPoint","urlTemplate":"https:\/\/staging.cdsboutique.com\/?s={search_term_string}"},"query-input":{"@type":"PropertyValueSpecification","valueRequired":true,"valueName":"search_term_string"}}],"inLanguage":"en-US"},{"@type":"Organization","@id":"https:\/\/staging.cdsboutique.com\/#organization","name":"CDS Boutique","url":"https:\/\/staging.cdsboutique.com\/","logo":{"@type":"ImageObject","inLanguage":"en-US","@id":"https:\/\/staging.cdsboutique.com\/#\/schema\/logo\/image\/","url":"https:\/\/staging.cdsboutique.com\/wp-content\/uploads\/2024\/09\/logoCDS-Boutique_final2024.jpg","contentUrl":"https:\/\/staging.cdsboutique.com\/wp-content\/uploads\/2024\/09\/logoCDS-Boutique_final2024.jpg","width":900,"height":600,"caption":"CDS Boutique"},"image":{"@id":"https:\/\/staging.cdsboutique.com\/#\/schema\/logo\/image\/"},"sameAs":["https:\/\/www.facebook.com\/CDSBoutique.Aines.Seniors","https:\/\/www.youtube.com\/@cdsboutique4046","https:\/\/www.linkedin.com\/company\/cds-boutique\/","https:\/\/www.instagram.com\/cdsboutique\/"]}]}},"_links":{"self":[{"href":"https:\/\/staging.cdsboutique.com\/en\/wp-json\/wp\/v2\/product\/55596","targetHints":{"allow":["GET"]}}],"collection":[{"href":"https:\/\/staging.cdsboutique.com\/en\/wp-json\/wp\/v2\/product"}],"about":[{"href":"https:\/\/staging.cdsboutique.com\/en\/wp-json\/wp\/v2\/types\/product"}],"replies":[{"embeddable":true,"href":"https:\/\/staging.cdsboutique.com\/en\/wp-json\/wp\/v2\/comments?post=55596"}],"wp:featuredmedia":[{"embeddable":true,"href":"https:\/\/staging.cdsboutique.com\/en\/wp-json\/wp\/v2\/media\/55599"}],"wp:attachment":[{"href":"https:\/\/staging.cdsboutique.com\/en\/wp-json\/wp\/v2\/media?parent=55596"}],"wp:term":[{"taxonomy":"product_brand","embeddable":true,"href":"https:\/\/staging.cdsboutique.com\/en\/wp-json\/wp\/v2\/product_brand?post=55596"},{"taxonomy":"product_cat","embeddable":true,"href":"https:\/\/staging.cdsboutique.com\/en\/wp-json\/wp\/v2\/product_cat?post=55596"},{"taxonomy":"product_tag","embeddable":true,"href":"https:\/\/staging.cdsboutique.com\/en\/wp-json\/wp\/v2\/product_tag?post=55596"}],"curies":[{"name":"wp","href":"https:\/\/api.w.org\/{rel}","templated":true}]}}