{"id":58518,"date":"2023-12-31T15:09:22","date_gmt":"2023-12-31T20:09:22","guid":{"rendered":"https:\/\/cdsboutique.com\/?post_type=product&#038;p=58518"},"modified":"2024-04-04T10:02:38","modified_gmt":"2024-04-04T14:02:38","slug":"inmurelax-multisensory-interactive-cushion-copie","status":"publish","type":"product","link":"https:\/\/staging.cdsboutique.com\/en\/produit\/inmurelax-multisensory-interactive-cushion-copie\/","title":{"rendered":"inmuRELAX &#8211; multisensory interactive cushion"},"content":{"rendered":"<p><iframe loading=\"lazy\" title=\"D\u00e9couvrez le son du coussin multisensoriel inmuRELAX\" width=\"980\" height=\"551\" src=\"https:\/\/www.youtube.com\/embed\/A7yHcpdCOZQ?feature=oembed&#038;enablejsapi=1&#038;origin=https:\/\/staging.cdsboutique.com\" frameborder=\"0\" allow=\"accelerometer; autoplay; clipboard-write; encrypted-media; gyroscope; picture-in-picture; web-share\" referrerpolicy=\"strict-origin-when-cross-origin\" allowfullscreen><\/iframe><\/p>\n<p><strong>inmuRELAX is a multisensory cushion that respond to the child\u2019s movements and state of being with a complete sound and touch experience.<\/strong><\/p>\n<p>Its thoughtful design allows children who use it to live a complete experience along the lines of relaxation, if they are looking for tranquility, or along the lines of discovery, if they are in a more active state of mind. Indeed, the 300 little pieces of music will tune according to their use, creating melodies each more beautiful than the last. As soon as a kid picks inmuRELAX up and moves it, the cushion will capture the child&#8217;s attention, divert his focus from an unpleasant situation and even allow him to be more down-to-earth in his emotional reactions.<\/p>\n<p>Besides, inmuRELAX is a versatile tool, which means it can be used to improve the quality of sleep, to facilitate the care, to promote relaxation, to encourage movements and to improve the communication process.<\/p>\n<p><strong>One of the best features of this product is that it is equally suitable for children with and without special needs. <\/strong><\/p>\n<p>Discover the inmu&#8217;s other game-changing features:<\/p>\n<ul>\n<li>Perfect size for holding in your hands or clutching to your heart<\/li>\n<li>Durable enough to be thrown to the ground<\/li>\n<li>Can be held without being grabbed due to the integrated pocket<\/li>\n<li>No buttons, so impossible to disrupt while using<\/li>\n<li>Washable cover, that can also be replaced by a hygienic cover for easy sanitizing<\/li>\n<li>Reactive, it will respond quickly to movements by rewarding them with soothing sounds and gentle vibrations.<\/li>\n<\/ul>\n<p>&nbsp;<\/p>\n<p><u>DETAILS<\/u><\/p>\n<p>22cm x 23cm.<br \/>\nCharger included. Up to 3 weeks battery life for regular use.<br \/>\n3 levels of volume available.<br \/>\n<a href=\"https:\/\/staging.cdsboutique.com\/en\/product\/inmurelax-relaxing-cushion-set-4-copie\/\" title=\"$400 deal on a box of 4.\">$400 deal on a box of 4.<\/a><\/p>\n<p><em>Note: As soon as you buy one inmuRELAX, you will receive a free in-person or virtual training to learn how to use the interactive cushion. The date will be determined depending on your schedule. <\/em><\/p>\n<p><em>Important: This product is not refundable or exchangeable for hygiene reason.\u00a0<\/em><\/p>\n","protected":false},"excerpt":{"rendered":"<p>inmuRELAX is a multisensory cushion that respond to the child\u2019s movements and state of being with a complete sound and touch experience. Its thoughtful design allows children who use it to live a complete experience along the lines of relaxation, if they are looking for tranquility, or along the lines of discovery, if they are [&hellip;]<\/p>\n","protected":false},"featured_media":51171,"comment_status":"closed","ping_status":"closed","template":"","meta":{"_acf_changed":false},"product_brand":[],"product_cat":[4666],"product_tag":[4675,4671],"class_list":{"0":"post-58518","1":"product","2":"type-product","3":"status-publish","4":"has-post-thumbnail","6":"product_cat-children","7":"product_tag-inmu-inmu-relax-en","8":"product_tag-inmu-star","9":"product_shipping_class-free-delivary","10":"pa_couleur-blue","11":"pa_couleur-raspberry","12":"pa_couleur-sand-en","14":"first","15":"instock","16":"taxable","17":"shipping-taxable","18":"purchasable","19":"product-type-variable"},"bundled_by":[],"bundle_stock_status":"instock","bundle_stock_quantity":null,"bundle_virtual":false,"bundle_layout":"","bundle_add_to_cart_form_location":"","bundle_editable_in_cart":false,"bundle_sold_individually_context":"","bundle_item_grouping":"","bundle_min_size":"","bundle_max_size":"","bundle_price":[],"bundled_items":[],"bundle_sell_ids":[],"acf":[],"featured_image_urls_v2":{"full":["https:\/\/staging.cdsboutique.com\/wp-content\/uploads\/2023\/03\/28450-4-1.png",500,500,false],"thumbnail":["https:\/\/staging.cdsboutique.com\/wp-content\/uploads\/2023\/03\/28450-4-1-150x150.png",150,150,true],"medium":["https:\/\/staging.cdsboutique.com\/wp-content\/uploads\/2023\/03\/28450-4-1-300x300.png",300,300,true],"medium_large":["https:\/\/staging.cdsboutique.com\/wp-content\/uploads\/2023\/03\/28450-4-1.png",500,500,false],"large":["https:\/\/staging.cdsboutique.com\/wp-content\/uploads\/2023\/03\/28450-4-1.png",500,500,false],"1536x1536":["https:\/\/staging.cdsboutique.com\/wp-content\/uploads\/2023\/03\/28450-4-1.png",500,500,false],"2048x2048":["https:\/\/staging.cdsboutique.com\/wp-content\/uploads\/2023\/03\/28450-4-1.png",500,500,false],"gform-image-choice-sm":["https:\/\/staging.cdsboutique.com\/wp-content\/uploads\/2023\/03\/28450-4-1.png",300,300,false],"gform-image-choice-md":["https:\/\/staging.cdsboutique.com\/wp-content\/uploads\/2023\/03\/28450-4-1.png",400,400,false],"gform-image-choice-lg":["https:\/\/staging.cdsboutique.com\/wp-content\/uploads\/2023\/03\/28450-4-1.png",500,500,false],"woocommerce_thumbnail":["https:\/\/staging.cdsboutique.com\/wp-content\/uploads\/2023\/03\/28450-4-1-300x300.png",300,300,true],"woocommerce_single":["https:\/\/staging.cdsboutique.com\/wp-content\/uploads\/2023\/03\/28450-4-1.png",500,500,false],"woocommerce_gallery_thumbnail":["https:\/\/staging.cdsboutique.com\/wp-content\/uploads\/2023\/03\/28450-4-1-100x100.png",100,100,true],"variation_swatches_image_size":["https:\/\/staging.cdsboutique.com\/wp-content\/uploads\/2023\/03\/28450-4-1.png",50,50,false],"variation_swatches_tooltip_size":["https:\/\/staging.cdsboutique.com\/wp-content\/uploads\/2023\/03\/28450-4-1.png",100,100,false],"logo-size":["https:\/\/staging.cdsboutique.com\/wp-content\/uploads\/2023\/03\/28450-4-1-84x84.png",84,84,true],"blog":["https:\/\/staging.cdsboutique.com\/wp-content\/uploads\/2023\/03\/28450-4-1-350x260.png",350,260,true]},"post_excerpt_stackable_v2":"<p>inmuRELAX is a multisensory cushion that respond to the child\u2019s movements and state of being with a complete sound and touch experience. Its thoughtful design allows children who use it to live a complete experience along the lines of relaxation, if they are looking for tranquility, or along the lines of discovery, if they are in a more active state of mind. Indeed, the 300 little pieces of music will tune according to their use, creating melodies each more beautiful than the last. As soon as a kid picks inmuRELAX up and moves it, the cushion will capture the child&#8217;s&hellip;<\/p>\n","category_list_v2":"","author_info_v2":{"name":"","url":""},"comments_num_v2":"0 comments","yoast_head":"<!-- This site is optimized with the Yoast SEO plugin v27.4 - https:\/\/yoast.com\/product\/yoast-seo-wordpress\/ -->\n<title>inmuRELAX - multisensory interactive cushion - CDS Boutique<\/title>\n<meta name=\"description\" content=\"The inmuRELAX is a unique sensory stimulation tool that reduces stress and calms the body creating comfort for seniors living with Alzheimer&#039;s disease.\" \/>\n<meta name=\"robots\" content=\"noindex, nofollow, max-snippet:-1, max-image-preview:large, max-video-preview:-1\" \/>\n<meta property=\"og:locale\" content=\"en_US\" \/>\n<meta property=\"og:type\" content=\"article\" \/>\n<meta property=\"og:title\" content=\"inmuRELAX - multisensory interactive cushion - CDS Boutique\" \/>\n<meta property=\"og:description\" content=\"The inmuRELAX is a unique sensory stimulation tool that reduces stress and calms the body creating comfort for seniors living with Alzheimer&#039;s disease.\" \/>\n<meta property=\"og:url\" content=\"https:\/\/staging.cdsboutique.com\/en\/product\/inmurelax-multisensory-interactive-cushion-copie\/\" \/>\n<meta property=\"og:site_name\" content=\"CDS boutique A\u00een\u00e9s\" \/>\n<meta property=\"article:publisher\" content=\"https:\/\/www.facebook.com\/CDSBoutique.Aines.Seniors\" \/>\n<meta property=\"article:modified_time\" content=\"2024-04-04T14:02:38+00:00\" \/>\n<meta property=\"og:image\" content=\"https:\/\/staging.cdsboutique.com\/wp-content\/uploads\/2023\/03\/28450-4-1.png?_t=1752755983\" \/>\n\t<meta property=\"og:image:width\" content=\"500\" \/>\n\t<meta property=\"og:image:height\" content=\"500\" \/>\n\t<meta property=\"og:image:type\" content=\"image\/png\" \/>\n<meta name=\"twitter:card\" content=\"summary_large_image\" \/>\n<meta name=\"twitter:label1\" content=\"Est. reading time\" \/>\n\t<meta name=\"twitter:data1\" content=\"2 minutes\" \/>\n<script type=\"application\/ld+json\" class=\"yoast-schema-graph\">{\"@context\":\"https:\\\/\\\/schema.org\",\"@graph\":[{\"@type\":\"WebPage\",\"@id\":\"https:\\\/\\\/staging.cdsboutique.com\\\/en\\\/product\\\/inmurelax-multisensory-interactive-cushion-copie\\\/\",\"url\":\"https:\\\/\\\/staging.cdsboutique.com\\\/en\\\/product\\\/inmurelax-multisensory-interactive-cushion-copie\\\/\",\"name\":\"inmuRELAX - multisensory interactive cushion - CDS Boutique\",\"isPartOf\":{\"@id\":\"https:\\\/\\\/staging.cdsboutique.com\\\/#website\"},\"primaryImageOfPage\":{\"@id\":\"https:\\\/\\\/staging.cdsboutique.com\\\/en\\\/product\\\/inmurelax-multisensory-interactive-cushion-copie\\\/#primaryimage\"},\"image\":{\"@id\":\"https:\\\/\\\/staging.cdsboutique.com\\\/en\\\/product\\\/inmurelax-multisensory-interactive-cushion-copie\\\/#primaryimage\"},\"thumbnailUrl\":\"https:\\\/\\\/staging.cdsboutique.com\\\/wp-content\\\/uploads\\\/2023\\\/03\\\/28450-4-1.png\",\"datePublished\":\"2023-12-31T20:09:22+00:00\",\"dateModified\":\"2024-04-04T14:02:38+00:00\",\"description\":\"The inmuRELAX is a unique sensory stimulation tool that reduces stress and calms the body creating comfort for seniors living with Alzheimer's disease.\",\"breadcrumb\":{\"@id\":\"https:\\\/\\\/staging.cdsboutique.com\\\/en\\\/product\\\/inmurelax-multisensory-interactive-cushion-copie\\\/#breadcrumb\"},\"inLanguage\":\"en-US\",\"potentialAction\":[{\"@type\":\"ReadAction\",\"target\":[\"https:\\\/\\\/staging.cdsboutique.com\\\/en\\\/product\\\/inmurelax-multisensory-interactive-cushion-copie\\\/\"]}]},{\"@type\":\"ImageObject\",\"inLanguage\":\"en-US\",\"@id\":\"https:\\\/\\\/staging.cdsboutique.com\\\/en\\\/product\\\/inmurelax-multisensory-interactive-cushion-copie\\\/#primaryimage\",\"url\":\"https:\\\/\\\/staging.cdsboutique.com\\\/wp-content\\\/uploads\\\/2023\\\/03\\\/28450-4-1.png\",\"contentUrl\":\"https:\\\/\\\/staging.cdsboutique.com\\\/wp-content\\\/uploads\\\/2023\\\/03\\\/28450-4-1.png\",\"width\":500,\"height\":500,\"caption\":\"Coussin sensoriel relaxant Relaxing sensory cushion\"},{\"@type\":\"BreadcrumbList\",\"@id\":\"https:\\\/\\\/staging.cdsboutique.com\\\/en\\\/product\\\/inmurelax-multisensory-interactive-cushion-copie\\\/#breadcrumb\",\"itemListElement\":[{\"@type\":\"ListItem\",\"position\":1,\"name\":\"Home\",\"item\":\"https:\\\/\\\/staging.cdsboutique.com\\\/en\\\/\"},{\"@type\":\"ListItem\",\"position\":2,\"name\":\"Products\",\"item\":\"https:\\\/\\\/staging.cdsboutique.com\\\/en\\\/products\\\/\"},{\"@type\":\"ListItem\",\"position\":3,\"name\":\"inmuRELAX &#8211; multisensory interactive cushion\"}]},{\"@type\":\"WebSite\",\"@id\":\"https:\\\/\\\/staging.cdsboutique.com\\\/#website\",\"url\":\"https:\\\/\\\/staging.cdsboutique.com\\\/\",\"name\":\"CDS boutique A\u00een\u00e9s\",\"description\":\"Pour une meilleure qualit\u00e9 de vie\",\"publisher\":{\"@id\":\"https:\\\/\\\/staging.cdsboutique.com\\\/#organization\"},\"potentialAction\":[{\"@type\":\"SearchAction\",\"target\":{\"@type\":\"EntryPoint\",\"urlTemplate\":\"https:\\\/\\\/staging.cdsboutique.com\\\/?s={search_term_string}\"},\"query-input\":{\"@type\":\"PropertyValueSpecification\",\"valueRequired\":true,\"valueName\":\"search_term_string\"}}],\"inLanguage\":\"en-US\"},{\"@type\":\"Organization\",\"@id\":\"https:\\\/\\\/staging.cdsboutique.com\\\/#organization\",\"name\":\"CDS Boutique\",\"url\":\"https:\\\/\\\/staging.cdsboutique.com\\\/\",\"logo\":{\"@type\":\"ImageObject\",\"inLanguage\":\"en-US\",\"@id\":\"https:\\\/\\\/staging.cdsboutique.com\\\/#\\\/schema\\\/logo\\\/image\\\/\",\"url\":\"https:\\\/\\\/staging.cdsboutique.com\\\/wp-content\\\/uploads\\\/2024\\\/09\\\/logoCDS-Boutique_final2024.jpg\",\"contentUrl\":\"https:\\\/\\\/staging.cdsboutique.com\\\/wp-content\\\/uploads\\\/2024\\\/09\\\/logoCDS-Boutique_final2024.jpg\",\"width\":900,\"height\":600,\"caption\":\"CDS Boutique\"},\"image\":{\"@id\":\"https:\\\/\\\/staging.cdsboutique.com\\\/#\\\/schema\\\/logo\\\/image\\\/\"},\"sameAs\":[\"https:\\\/\\\/www.facebook.com\\\/CDSBoutique.Aines.Seniors\",\"https:\\\/\\\/www.youtube.com\\\/@cdsboutique4046\",\"https:\\\/\\\/www.linkedin.com\\\/company\\\/cds-boutique\\\/\",\"https:\\\/\\\/www.instagram.com\\\/cdsboutique\\\/\"]}]}<\/script>\n<!-- \/ Yoast SEO plugin. -->","yoast_head_json":{"title":"inmuRELAX - multisensory interactive cushion - CDS Boutique","description":"The inmuRELAX is a unique sensory stimulation tool that reduces stress and calms the body creating comfort for seniors living with Alzheimer's disease.","robots":{"index":"noindex","follow":"nofollow","max-snippet":"max-snippet:-1","max-image-preview":"max-image-preview:large","max-video-preview":"max-video-preview:-1"},"og_locale":"en_US","og_type":"article","og_title":"inmuRELAX - multisensory interactive cushion - CDS Boutique","og_description":"The inmuRELAX is a unique sensory stimulation tool that reduces stress and calms the body creating comfort for seniors living with Alzheimer's disease.","og_url":"https:\/\/staging.cdsboutique.com\/en\/product\/inmurelax-multisensory-interactive-cushion-copie\/","og_site_name":"CDS boutique A\u00een\u00e9s","article_publisher":"https:\/\/www.facebook.com\/CDSBoutique.Aines.Seniors","article_modified_time":"2024-04-04T14:02:38+00:00","og_image":[{"width":500,"height":500,"url":"https:\/\/staging.cdsboutique.com\/wp-content\/uploads\/2023\/03\/28450-4-1.png?_t=1752755983","type":"image\/png"}],"twitter_card":"summary_large_image","twitter_misc":{"Est. reading time":"2 minutes"},"schema":{"@context":"https:\/\/schema.org","@graph":[{"@type":"WebPage","@id":"https:\/\/staging.cdsboutique.com\/en\/product\/inmurelax-multisensory-interactive-cushion-copie\/","url":"https:\/\/staging.cdsboutique.com\/en\/product\/inmurelax-multisensory-interactive-cushion-copie\/","name":"inmuRELAX - multisensory interactive cushion - CDS Boutique","isPartOf":{"@id":"https:\/\/staging.cdsboutique.com\/#website"},"primaryImageOfPage":{"@id":"https:\/\/staging.cdsboutique.com\/en\/product\/inmurelax-multisensory-interactive-cushion-copie\/#primaryimage"},"image":{"@id":"https:\/\/staging.cdsboutique.com\/en\/product\/inmurelax-multisensory-interactive-cushion-copie\/#primaryimage"},"thumbnailUrl":"https:\/\/staging.cdsboutique.com\/wp-content\/uploads\/2023\/03\/28450-4-1.png","datePublished":"2023-12-31T20:09:22+00:00","dateModified":"2024-04-04T14:02:38+00:00","description":"The inmuRELAX is a unique sensory stimulation tool that reduces stress and calms the body creating comfort for seniors living with Alzheimer's disease.","breadcrumb":{"@id":"https:\/\/staging.cdsboutique.com\/en\/product\/inmurelax-multisensory-interactive-cushion-copie\/#breadcrumb"},"inLanguage":"en-US","potentialAction":[{"@type":"ReadAction","target":["https:\/\/staging.cdsboutique.com\/en\/product\/inmurelax-multisensory-interactive-cushion-copie\/"]}]},{"@type":"ImageObject","inLanguage":"en-US","@id":"https:\/\/staging.cdsboutique.com\/en\/product\/inmurelax-multisensory-interactive-cushion-copie\/#primaryimage","url":"https:\/\/staging.cdsboutique.com\/wp-content\/uploads\/2023\/03\/28450-4-1.png","contentUrl":"https:\/\/staging.cdsboutique.com\/wp-content\/uploads\/2023\/03\/28450-4-1.png","width":500,"height":500,"caption":"Coussin sensoriel relaxant Relaxing sensory cushion"},{"@type":"BreadcrumbList","@id":"https:\/\/staging.cdsboutique.com\/en\/product\/inmurelax-multisensory-interactive-cushion-copie\/#breadcrumb","itemListElement":[{"@type":"ListItem","position":1,"name":"Home","item":"https:\/\/staging.cdsboutique.com\/en\/"},{"@type":"ListItem","position":2,"name":"Products","item":"https:\/\/staging.cdsboutique.com\/en\/products\/"},{"@type":"ListItem","position":3,"name":"inmuRELAX &#8211; multisensory interactive cushion"}]},{"@type":"WebSite","@id":"https:\/\/staging.cdsboutique.com\/#website","url":"https:\/\/staging.cdsboutique.com\/","name":"CDS boutique A\u00een\u00e9s","description":"Pour une meilleure qualit\u00e9 de vie","publisher":{"@id":"https:\/\/staging.cdsboutique.com\/#organization"},"potentialAction":[{"@type":"SearchAction","target":{"@type":"EntryPoint","urlTemplate":"https:\/\/staging.cdsboutique.com\/?s={search_term_string}"},"query-input":{"@type":"PropertyValueSpecification","valueRequired":true,"valueName":"search_term_string"}}],"inLanguage":"en-US"},{"@type":"Organization","@id":"https:\/\/staging.cdsboutique.com\/#organization","name":"CDS Boutique","url":"https:\/\/staging.cdsboutique.com\/","logo":{"@type":"ImageObject","inLanguage":"en-US","@id":"https:\/\/staging.cdsboutique.com\/#\/schema\/logo\/image\/","url":"https:\/\/staging.cdsboutique.com\/wp-content\/uploads\/2024\/09\/logoCDS-Boutique_final2024.jpg","contentUrl":"https:\/\/staging.cdsboutique.com\/wp-content\/uploads\/2024\/09\/logoCDS-Boutique_final2024.jpg","width":900,"height":600,"caption":"CDS Boutique"},"image":{"@id":"https:\/\/staging.cdsboutique.com\/#\/schema\/logo\/image\/"},"sameAs":["https:\/\/www.facebook.com\/CDSBoutique.Aines.Seniors","https:\/\/www.youtube.com\/@cdsboutique4046","https:\/\/www.linkedin.com\/company\/cds-boutique\/","https:\/\/www.instagram.com\/cdsboutique\/"]}]}},"_links":{"self":[{"href":"https:\/\/staging.cdsboutique.com\/en\/wp-json\/wp\/v2\/product\/58518","targetHints":{"allow":["GET"]}}],"collection":[{"href":"https:\/\/staging.cdsboutique.com\/en\/wp-json\/wp\/v2\/product"}],"about":[{"href":"https:\/\/staging.cdsboutique.com\/en\/wp-json\/wp\/v2\/types\/product"}],"replies":[{"embeddable":true,"href":"https:\/\/staging.cdsboutique.com\/en\/wp-json\/wp\/v2\/comments?post=58518"}],"wp:featuredmedia":[{"embeddable":true,"href":"https:\/\/staging.cdsboutique.com\/en\/wp-json\/wp\/v2\/media\/51171"}],"wp:attachment":[{"href":"https:\/\/staging.cdsboutique.com\/en\/wp-json\/wp\/v2\/media?parent=58518"}],"wp:term":[{"taxonomy":"product_brand","embeddable":true,"href":"https:\/\/staging.cdsboutique.com\/en\/wp-json\/wp\/v2\/product_brand?post=58518"},{"taxonomy":"product_cat","embeddable":true,"href":"https:\/\/staging.cdsboutique.com\/en\/wp-json\/wp\/v2\/product_cat?post=58518"},{"taxonomy":"product_tag","embeddable":true,"href":"https:\/\/staging.cdsboutique.com\/en\/wp-json\/wp\/v2\/product_tag?post=58518"}],"curies":[{"name":"wp","href":"https:\/\/api.w.org\/{rel}","templated":true}]}}