{"id":58628,"date":"2023-11-28T16:19:52","date_gmt":"2023-12-28T21:19:53","guid":{"rendered":"https:\/\/cdsboutique.com\/?post_type=product&#038;p=58628"},"modified":"2023-12-29T09:39:14","modified_gmt":"2023-12-29T14:39:14","slug":"acrylic-designer-orientation-board","status":"publish","type":"product","link":"https:\/\/staging.cdsboutique.com\/en\/produit\/acrylic-designer-orientation-board\/","title":{"rendered":"Acrylic Designer Orientation Board"},"content":{"rendered":"<p><strong><span data-preserver-spaces=\"true\">Get ready to freshen up your residence with CDS Boutique&#8217;s exclusive product!<\/span><\/strong><\/p>\n<p><span data-preserver-spaces=\"true\">Check out our Acrylic Designer Orientation Boards, specially designed to let you display the day&#8217;s date, the season and the picture that goes with it! Plus, you can ask for the name of your establishment to be displayed (for an additional charge). This is a great way to brighten up your facility while helping your residents living with Alzheimer&#8217;s to find their way around the calendar daily!<\/span><\/p>\n<p><span data-preserver-spaces=\"true\">Want to replace the seasonal images with a clock? No problem! Just use code 421H and mention it when you order!\u00a0<\/span><\/p>\n<p><span data-preserver-spaces=\"true\">Meticulously hand-assembled at CDS Boutique, these high-quality acrylic boards bring elegance to any space.<\/span><\/p>\n<p><span data-preserver-spaces=\"true\">For orders of one board or less, select either the &#8220;Nimbus&#8221; or &#8220;Ocean&#8221; colors. For orders of more than 12 boards, the color options are unlimited.\u00a0<\/span><\/p>\n<p><span data-preserver-spaces=\"true\">Each board includes :<\/span><\/p>\n<ul>\n<li><span data-preserver-spaces=\"true\">The seasons written on tabs<\/span><\/li>\n<li><span data-preserver-spaces=\"true\">A photo for every 4 seasons<\/span><\/li>\n<li><span data-preserver-spaces=\"true\">The year with separate numbers<\/span><\/li>\n<li><span data-preserver-spaces=\"true\">Days written on tabs<\/span><\/li>\n<li><span data-preserver-spaces=\"true\">Months written on tabs<\/span><\/li>\n<\/ul>\n<p><span data-preserver-spaces=\"true\">Optional, with additional charges:<\/span><\/p>\n<ul>\n<li><span data-preserver-spaces=\"true\">the establishment&#8217;s name written on vinyl<\/span><\/li>\n<li><span data-preserver-spaces=\"true\">A 23 cm diameter clock that runs on AA batteries<\/span><\/li>\n<\/ul>\n<p>&nbsp;<\/p>\n","protected":false},"excerpt":{"rendered":"<p>Get ready to freshen up your residence with CDS Boutique&#8217;s exclusive product! Check out our Acrylic Designer Orientation Boards, specially designed to let you display the day&#8217;s date, the season and the picture that goes with it! Plus, you can ask for the name of your establishment to be displayed (for an additional charge). This [&hellip;]<\/p>\n","protected":false},"featured_media":63422,"comment_status":"open","ping_status":"closed","template":"","meta":{"_acf_changed":false},"product_brand":[],"product_cat":[4401,4659,2803,4091,2822],"product_tag":[4680],"class_list":{"0":"post-58628","1":"product","2":"type-product","3":"status-publish","4":"has-post-thumbnail","6":"product_cat-all","7":"product_cat-cds-creations-en","8":"product_cat-displays-adapted-signs","9":"product_cat-new-arrivals","10":"product_cat-reality-orientation-boards","11":"product_tag-news-en","12":"product_shipping_class-frais-de-livraison-en","13":"pa_couleur-snnimbus-en","14":"pa_couleur-snocean-en","15":"pa_couleur-nimbus-en","16":"pa_couleur-ocean-en","18":"first","19":"instock","20":"taxable","21":"shipping-taxable","22":"purchasable","23":"product-type-variable"},"bundled_by":[],"bundle_stock_status":"instock","bundle_stock_quantity":null,"bundle_virtual":false,"bundle_layout":"","bundle_add_to_cart_form_location":"","bundle_editable_in_cart":false,"bundle_sold_individually_context":"","bundle_item_grouping":"","bundle_min_size":"","bundle_max_size":"","bundle_price":[],"bundled_items":[],"bundle_sell_ids":[],"acf":[],"featured_image_urls_v2":{"full":["https:\/\/staging.cdsboutique.com\/wp-content\/uploads\/2023\/11\/421_CREATION_CDS_LOGO-1.jpg",1050,1050,false],"thumbnail":["https:\/\/staging.cdsboutique.com\/wp-content\/uploads\/2023\/11\/421_CREATION_CDS_LOGO-1-150x150.jpg",150,150,true],"medium":["https:\/\/staging.cdsboutique.com\/wp-content\/uploads\/2023\/11\/421_CREATION_CDS_LOGO-1-300x300.jpg",300,300,true],"medium_large":["https:\/\/staging.cdsboutique.com\/wp-content\/uploads\/2023\/11\/421_CREATION_CDS_LOGO-1-768x768.jpg",768,768,true],"large":["https:\/\/staging.cdsboutique.com\/wp-content\/uploads\/2023\/11\/421_CREATION_CDS_LOGO-1-1024x1024.jpg",980,980,true],"1536x1536":["https:\/\/staging.cdsboutique.com\/wp-content\/uploads\/2023\/11\/421_CREATION_CDS_LOGO-1.jpg",1050,1050,false],"2048x2048":["https:\/\/staging.cdsboutique.com\/wp-content\/uploads\/2023\/11\/421_CREATION_CDS_LOGO-1.jpg",1050,1050,false],"gform-image-choice-sm":["https:\/\/staging.cdsboutique.com\/wp-content\/uploads\/2023\/11\/421_CREATION_CDS_LOGO-1.jpg",300,300,false],"gform-image-choice-md":["https:\/\/staging.cdsboutique.com\/wp-content\/uploads\/2023\/11\/421_CREATION_CDS_LOGO-1.jpg",400,400,false],"gform-image-choice-lg":["https:\/\/staging.cdsboutique.com\/wp-content\/uploads\/2023\/11\/421_CREATION_CDS_LOGO-1.jpg",600,600,false],"woocommerce_thumbnail":["https:\/\/staging.cdsboutique.com\/wp-content\/uploads\/2023\/11\/421_CREATION_CDS_LOGO-1-300x300.jpg",300,300,true],"woocommerce_single":["https:\/\/staging.cdsboutique.com\/wp-content\/uploads\/2023\/11\/421_CREATION_CDS_LOGO-1-600x600.jpg",600,600,true],"woocommerce_gallery_thumbnail":["https:\/\/staging.cdsboutique.com\/wp-content\/uploads\/2023\/11\/421_CREATION_CDS_LOGO-1-100x100.jpg",100,100,true],"variation_swatches_image_size":["https:\/\/staging.cdsboutique.com\/wp-content\/uploads\/2023\/11\/421_CREATION_CDS_LOGO-1-50x50.jpg",50,50,true],"variation_swatches_tooltip_size":["https:\/\/staging.cdsboutique.com\/wp-content\/uploads\/2023\/11\/421_CREATION_CDS_LOGO-1-100x100.jpg",100,100,true],"logo-size":["https:\/\/staging.cdsboutique.com\/wp-content\/uploads\/2023\/11\/421_CREATION_CDS_LOGO-1-84x84.jpg",84,84,true],"blog":["https:\/\/staging.cdsboutique.com\/wp-content\/uploads\/2023\/11\/421_CREATION_CDS_LOGO-1-350x260.jpg",350,260,true]},"post_excerpt_stackable_v2":"<p>Get ready to freshen up your residence with CDS Boutique&#8217;s exclusive product! Check out our Acrylic Designer Orientation Boards, specially designed to let you display the day&#8217;s date, the season and the picture that goes with it! Plus, you can ask for the name of your establishment to be displayed (for an additional charge). This is a great way to brighten up your facility while helping your residents living with Alzheimer&#8217;s to find their way around the calendar daily! Want to replace the seasonal images with a clock? No problem! Just use code 421H and mention it when you order!\u00a0&hellip;<\/p>\n","category_list_v2":"","author_info_v2":{"name":"","url":""},"comments_num_v2":"0 comments","yoast_head":"<!-- This site is optimized with the Yoast SEO plugin v27.4 - https:\/\/yoast.com\/product\/yoast-seo-wordpress\/ -->\n<title>Acrylic Designer Orientation Board - CDS boutique A\u00een\u00e9s<\/title>\n<meta name=\"description\" content=\"Check out our Acrylic Designer Orientation Boards, specially designed to let you display the day&#039;s date, the season and the picture that goes with it!\" \/>\n<meta name=\"robots\" content=\"noindex, follow, max-snippet:-1, max-image-preview:large, max-video-preview:-1\" \/>\n<meta property=\"og:locale\" content=\"en_US\" \/>\n<meta property=\"og:type\" content=\"article\" \/>\n<meta property=\"og:title\" content=\"Acrylic Designer Orientation Board - CDS boutique A\u00een\u00e9s\" \/>\n<meta property=\"og:description\" content=\"Check out our Acrylic Designer Orientation Boards, specially designed to let you display the day&#039;s date, the season and the picture that goes with it!\" \/>\n<meta property=\"og:url\" content=\"https:\/\/staging.cdsboutique.com\/en\/product\/acrylic-designer-orientation-board\/\" \/>\n<meta property=\"og:site_name\" content=\"CDS boutique A\u00een\u00e9s\" \/>\n<meta property=\"article:publisher\" content=\"https:\/\/www.facebook.com\/CDSBoutique.Aines.Seniors\" \/>\n<meta property=\"article:modified_time\" content=\"2023-12-29T14:39:14+00:00\" \/>\n<meta property=\"og:image\" content=\"https:\/\/staging.cdsboutique.com\/wp-content\/uploads\/2023\/12\/421_N_FR-1-1.jpg?_t=1703860754\" \/>\n\t<meta property=\"og:image:width\" content=\"1050\" \/>\n\t<meta property=\"og:image:height\" content=\"1050\" \/>\n\t<meta property=\"og:image:type\" content=\"image\/jpeg\" \/>\n<meta name=\"twitter:card\" content=\"summary_large_image\" \/>\n<meta name=\"twitter:label1\" content=\"Est. reading time\" \/>\n\t<meta name=\"twitter:data1\" content=\"1 minute\" \/>\n<script type=\"application\/ld+json\" class=\"yoast-schema-graph\">{\"@context\":\"https:\\\/\\\/schema.org\",\"@graph\":[{\"@type\":\"WebPage\",\"@id\":\"https:\\\/\\\/staging.cdsboutique.com\\\/en\\\/product\\\/acrylic-designer-orientation-board\\\/\",\"url\":\"https:\\\/\\\/staging.cdsboutique.com\\\/en\\\/product\\\/acrylic-designer-orientation-board\\\/\",\"name\":\"Acrylic Designer Orientation Board - CDS boutique A\u00een\u00e9s\",\"isPartOf\":{\"@id\":\"https:\\\/\\\/staging.cdsboutique.com\\\/#website\"},\"primaryImageOfPage\":{\"@id\":\"https:\\\/\\\/staging.cdsboutique.com\\\/en\\\/product\\\/acrylic-designer-orientation-board\\\/#primaryimage\"},\"image\":{\"@id\":\"https:\\\/\\\/staging.cdsboutique.com\\\/en\\\/product\\\/acrylic-designer-orientation-board\\\/#primaryimage\"},\"thumbnailUrl\":\"https:\\\/\\\/staging.cdsboutique.com\\\/wp-content\\\/uploads\\\/2023\\\/11\\\/421_CREATION_CDS_LOGO-1.jpg\",\"datePublished\":\"2023-12-28T21:19:53+00:00\",\"dateModified\":\"2023-12-29T14:39:14+00:00\",\"description\":\"Check out our Acrylic Designer Orientation Boards, specially designed to let you display the day's date, the season and the picture that goes with it!\",\"breadcrumb\":{\"@id\":\"https:\\\/\\\/staging.cdsboutique.com\\\/en\\\/product\\\/acrylic-designer-orientation-board\\\/#breadcrumb\"},\"inLanguage\":\"en-US\",\"potentialAction\":[{\"@type\":\"ReadAction\",\"target\":[\"https:\\\/\\\/staging.cdsboutique.com\\\/en\\\/product\\\/acrylic-designer-orientation-board\\\/\"]}]},{\"@type\":\"ImageObject\",\"inLanguage\":\"en-US\",\"@id\":\"https:\\\/\\\/staging.cdsboutique.com\\\/en\\\/product\\\/acrylic-designer-orientation-board\\\/#primaryimage\",\"url\":\"https:\\\/\\\/staging.cdsboutique.com\\\/wp-content\\\/uploads\\\/2023\\\/11\\\/421_CREATION_CDS_LOGO-1.jpg\",\"contentUrl\":\"https:\\\/\\\/staging.cdsboutique.com\\\/wp-content\\\/uploads\\\/2023\\\/11\\\/421_CREATION_CDS_LOGO-1.jpg\",\"width\":1050,\"height\":1050,\"caption\":\"421 Tableau Acrylique avec logo Cr\u00e9ation CDS\"},{\"@type\":\"BreadcrumbList\",\"@id\":\"https:\\\/\\\/staging.cdsboutique.com\\\/en\\\/product\\\/acrylic-designer-orientation-board\\\/#breadcrumb\",\"itemListElement\":[{\"@type\":\"ListItem\",\"position\":1,\"name\":\"Home\",\"item\":\"https:\\\/\\\/staging.cdsboutique.com\\\/en\\\/\"},{\"@type\":\"ListItem\",\"position\":2,\"name\":\"Products\",\"item\":\"https:\\\/\\\/staging.cdsboutique.com\\\/en\\\/products\\\/\"},{\"@type\":\"ListItem\",\"position\":3,\"name\":\"Acrylic Designer Orientation Board\"}]},{\"@type\":\"WebSite\",\"@id\":\"https:\\\/\\\/staging.cdsboutique.com\\\/#website\",\"url\":\"https:\\\/\\\/staging.cdsboutique.com\\\/\",\"name\":\"CDS boutique A\u00een\u00e9s\",\"description\":\"Pour une meilleure qualit\u00e9 de vie\",\"publisher\":{\"@id\":\"https:\\\/\\\/staging.cdsboutique.com\\\/#organization\"},\"potentialAction\":[{\"@type\":\"SearchAction\",\"target\":{\"@type\":\"EntryPoint\",\"urlTemplate\":\"https:\\\/\\\/staging.cdsboutique.com\\\/?s={search_term_string}\"},\"query-input\":{\"@type\":\"PropertyValueSpecification\",\"valueRequired\":true,\"valueName\":\"search_term_string\"}}],\"inLanguage\":\"en-US\"},{\"@type\":\"Organization\",\"@id\":\"https:\\\/\\\/staging.cdsboutique.com\\\/#organization\",\"name\":\"CDS Boutique\",\"url\":\"https:\\\/\\\/staging.cdsboutique.com\\\/\",\"logo\":{\"@type\":\"ImageObject\",\"inLanguage\":\"en-US\",\"@id\":\"https:\\\/\\\/staging.cdsboutique.com\\\/#\\\/schema\\\/logo\\\/image\\\/\",\"url\":\"https:\\\/\\\/staging.cdsboutique.com\\\/wp-content\\\/uploads\\\/2024\\\/09\\\/logoCDS-Boutique_final2024.jpg\",\"contentUrl\":\"https:\\\/\\\/staging.cdsboutique.com\\\/wp-content\\\/uploads\\\/2024\\\/09\\\/logoCDS-Boutique_final2024.jpg\",\"width\":900,\"height\":600,\"caption\":\"CDS Boutique\"},\"image\":{\"@id\":\"https:\\\/\\\/staging.cdsboutique.com\\\/#\\\/schema\\\/logo\\\/image\\\/\"},\"sameAs\":[\"https:\\\/\\\/www.facebook.com\\\/CDSBoutique.Aines.Seniors\",\"https:\\\/\\\/www.youtube.com\\\/@cdsboutique4046\",\"https:\\\/\\\/www.linkedin.com\\\/company\\\/cds-boutique\\\/\",\"https:\\\/\\\/www.instagram.com\\\/cdsboutique\\\/\"]}]}<\/script>\n<!-- \/ Yoast SEO plugin. -->","yoast_head_json":{"title":"Acrylic Designer Orientation Board - CDS boutique A\u00een\u00e9s","description":"Check out our Acrylic Designer Orientation Boards, specially designed to let you display the day's date, the season and the picture that goes with it!","robots":{"index":"noindex","follow":"follow","max-snippet":"max-snippet:-1","max-image-preview":"max-image-preview:large","max-video-preview":"max-video-preview:-1"},"og_locale":"en_US","og_type":"article","og_title":"Acrylic Designer Orientation Board - CDS boutique A\u00een\u00e9s","og_description":"Check out our Acrylic Designer Orientation Boards, specially designed to let you display the day's date, the season and the picture that goes with it!","og_url":"https:\/\/staging.cdsboutique.com\/en\/product\/acrylic-designer-orientation-board\/","og_site_name":"CDS boutique A\u00een\u00e9s","article_publisher":"https:\/\/www.facebook.com\/CDSBoutique.Aines.Seniors","article_modified_time":"2023-12-29T14:39:14+00:00","og_image":[{"width":1050,"height":1050,"url":"https:\/\/staging.cdsboutique.com\/wp-content\/uploads\/2023\/12\/421_N_FR-1-1.jpg?_t=1703860754","type":"image\/jpeg"}],"twitter_card":"summary_large_image","twitter_misc":{"Est. reading time":"1 minute"},"schema":{"@context":"https:\/\/schema.org","@graph":[{"@type":"WebPage","@id":"https:\/\/staging.cdsboutique.com\/en\/product\/acrylic-designer-orientation-board\/","url":"https:\/\/staging.cdsboutique.com\/en\/product\/acrylic-designer-orientation-board\/","name":"Acrylic Designer Orientation Board - CDS boutique A\u00een\u00e9s","isPartOf":{"@id":"https:\/\/staging.cdsboutique.com\/#website"},"primaryImageOfPage":{"@id":"https:\/\/staging.cdsboutique.com\/en\/product\/acrylic-designer-orientation-board\/#primaryimage"},"image":{"@id":"https:\/\/staging.cdsboutique.com\/en\/product\/acrylic-designer-orientation-board\/#primaryimage"},"thumbnailUrl":"https:\/\/staging.cdsboutique.com\/wp-content\/uploads\/2023\/11\/421_CREATION_CDS_LOGO-1.jpg","datePublished":"2023-12-28T21:19:53+00:00","dateModified":"2023-12-29T14:39:14+00:00","description":"Check out our Acrylic Designer Orientation Boards, specially designed to let you display the day's date, the season and the picture that goes with it!","breadcrumb":{"@id":"https:\/\/staging.cdsboutique.com\/en\/product\/acrylic-designer-orientation-board\/#breadcrumb"},"inLanguage":"en-US","potentialAction":[{"@type":"ReadAction","target":["https:\/\/staging.cdsboutique.com\/en\/product\/acrylic-designer-orientation-board\/"]}]},{"@type":"ImageObject","inLanguage":"en-US","@id":"https:\/\/staging.cdsboutique.com\/en\/product\/acrylic-designer-orientation-board\/#primaryimage","url":"https:\/\/staging.cdsboutique.com\/wp-content\/uploads\/2023\/11\/421_CREATION_CDS_LOGO-1.jpg","contentUrl":"https:\/\/staging.cdsboutique.com\/wp-content\/uploads\/2023\/11\/421_CREATION_CDS_LOGO-1.jpg","width":1050,"height":1050,"caption":"421 Tableau Acrylique avec logo Cr\u00e9ation CDS"},{"@type":"BreadcrumbList","@id":"https:\/\/staging.cdsboutique.com\/en\/product\/acrylic-designer-orientation-board\/#breadcrumb","itemListElement":[{"@type":"ListItem","position":1,"name":"Home","item":"https:\/\/staging.cdsboutique.com\/en\/"},{"@type":"ListItem","position":2,"name":"Products","item":"https:\/\/staging.cdsboutique.com\/en\/products\/"},{"@type":"ListItem","position":3,"name":"Acrylic Designer Orientation Board"}]},{"@type":"WebSite","@id":"https:\/\/staging.cdsboutique.com\/#website","url":"https:\/\/staging.cdsboutique.com\/","name":"CDS boutique A\u00een\u00e9s","description":"Pour une meilleure qualit\u00e9 de vie","publisher":{"@id":"https:\/\/staging.cdsboutique.com\/#organization"},"potentialAction":[{"@type":"SearchAction","target":{"@type":"EntryPoint","urlTemplate":"https:\/\/staging.cdsboutique.com\/?s={search_term_string}"},"query-input":{"@type":"PropertyValueSpecification","valueRequired":true,"valueName":"search_term_string"}}],"inLanguage":"en-US"},{"@type":"Organization","@id":"https:\/\/staging.cdsboutique.com\/#organization","name":"CDS Boutique","url":"https:\/\/staging.cdsboutique.com\/","logo":{"@type":"ImageObject","inLanguage":"en-US","@id":"https:\/\/staging.cdsboutique.com\/#\/schema\/logo\/image\/","url":"https:\/\/staging.cdsboutique.com\/wp-content\/uploads\/2024\/09\/logoCDS-Boutique_final2024.jpg","contentUrl":"https:\/\/staging.cdsboutique.com\/wp-content\/uploads\/2024\/09\/logoCDS-Boutique_final2024.jpg","width":900,"height":600,"caption":"CDS Boutique"},"image":{"@id":"https:\/\/staging.cdsboutique.com\/#\/schema\/logo\/image\/"},"sameAs":["https:\/\/www.facebook.com\/CDSBoutique.Aines.Seniors","https:\/\/www.youtube.com\/@cdsboutique4046","https:\/\/www.linkedin.com\/company\/cds-boutique\/","https:\/\/www.instagram.com\/cdsboutique\/"]}]}},"_links":{"self":[{"href":"https:\/\/staging.cdsboutique.com\/en\/wp-json\/wp\/v2\/product\/58628","targetHints":{"allow":["GET"]}}],"collection":[{"href":"https:\/\/staging.cdsboutique.com\/en\/wp-json\/wp\/v2\/product"}],"about":[{"href":"https:\/\/staging.cdsboutique.com\/en\/wp-json\/wp\/v2\/types\/product"}],"replies":[{"embeddable":true,"href":"https:\/\/staging.cdsboutique.com\/en\/wp-json\/wp\/v2\/comments?post=58628"}],"wp:featuredmedia":[{"embeddable":true,"href":"https:\/\/staging.cdsboutique.com\/en\/wp-json\/wp\/v2\/media\/63422"}],"wp:attachment":[{"href":"https:\/\/staging.cdsboutique.com\/en\/wp-json\/wp\/v2\/media?parent=58628"}],"wp:term":[{"taxonomy":"product_brand","embeddable":true,"href":"https:\/\/staging.cdsboutique.com\/en\/wp-json\/wp\/v2\/product_brand?post=58628"},{"taxonomy":"product_cat","embeddable":true,"href":"https:\/\/staging.cdsboutique.com\/en\/wp-json\/wp\/v2\/product_cat?post=58628"},{"taxonomy":"product_tag","embeddable":true,"href":"https:\/\/staging.cdsboutique.com\/en\/wp-json\/wp\/v2\/product_tag?post=58628"}],"curies":[{"name":"wp","href":"https:\/\/api.w.org\/{rel}","templated":true}]}}