{"id":59121,"date":"2024-01-29T13:13:51","date_gmt":"2024-01-29T18:13:51","guid":{"rendered":"https:\/\/cdsboutique.com\/?post_type=product&#038;p=59121"},"modified":"2025-10-21T10:07:51","modified_gmt":"2025-10-21T14:07:51","slug":"mother-may-i-thumball","status":"publish","type":"product","link":"https:\/\/staging.cdsboutique.com\/en\/produit\/mother-may-i-thumball\/","title":{"rendered":"Mother May I &#8211; Thumball"},"content":{"rendered":"<div class=\"flex flex-grow flex-col max-w-full\">\n<div class=\"min-h-[20px] text-message flex flex-col items-start gap-3 whitespace-pre-wrap break-words [.text-message+&amp;]:mt-5 overflow-x-auto\" data-message-author-role=\"assistant\" data-message-id=\"363010b6-3647-4546-813c-d2795aa66fcd\">\n<div class=\"markdown prose w-full break-words dark:prose-invert dark\">\n<p><strong>Introducing the Mother May I Thumball &#8211; an innovative and stimulating cognitive tool, designed exclusively for seniors living with Alzheimer&#8217;s.<\/strong><\/p>\n<p>Get ready to immerse your loved ones in a world of colour, joy, and engaging activities that promote motor skills stimulation and fun!<\/p>\n<p>Featuring prompts, questions, and activities, the Thumball is meticulously crafted to trigger memories, encourage communication, and enhance mental stimulation. The vibrant colours not only provide a visually stimulating experience but also help people living with cognitive impairment read correctly.<\/p>\n<p>The Mother May I Thumball is lightweight and easy to handle, making it the perfect choice for individuals with motricity loss. It encourages social interaction, making it a fantastic tool for caregivers and family members to engage with their loved ones positively.<\/p>\n<p>And that&#8217;s not all! The Thumball is easily washable, ensuring hygiene and longevity, making it the perfect choice for daily use.<\/p>\n<\/div>\n<\/div>\n<\/div>\n","protected":false},"excerpt":{"rendered":"<p>Introducing the Mother May I Thumball &#8211; an innovative and stimulating cognitive tool, designed exclusively for seniors living with Alzheimer&#8217;s. Get ready to immerse your loved ones in a world of colour, joy, and engaging activities that promote motor skills stimulation and fun! Featuring prompts, questions, and activities, the Thumball is meticulously crafted to trigger [&hellip;]<\/p>\n","protected":false},"featured_media":59112,"comment_status":"open","ping_status":"closed","template":"","meta":{"_acf_changed":false},"product_brand":[],"product_cat":[4736,2811,4091,3001],"product_tag":[4680],"class_list":{"0":"post-59121","1":"product","2":"type-product","3":"status-publish","4":"has-post-thumbnail","6":"product_cat-active-games","7":"product_cat-balls-active-games","8":"product_cat-new-arrivals","9":"product_cat-throwing-games-en","10":"product_tag-news-en","11":"product_shipping_class-frais-de-livraison-en","13":"first","14":"instock","15":"taxable","16":"shipping-taxable","17":"purchasable","18":"product-type-simple"},"bundled_by":[],"bundle_stock_status":"instock","bundle_stock_quantity":null,"bundle_virtual":false,"bundle_layout":"","bundle_add_to_cart_form_location":"","bundle_editable_in_cart":false,"bundle_sold_individually_context":"","bundle_item_grouping":"","bundle_min_size":"","bundle_max_size":"","bundle_price":[],"bundled_items":[],"bundle_sell_ids":[],"acf":[],"featured_image_urls_v2":{"full":["https:\/\/staging.cdsboutique.com\/wp-content\/uploads\/2024\/01\/25332_1.jpg",1050,1050,false],"thumbnail":["https:\/\/staging.cdsboutique.com\/wp-content\/uploads\/2024\/01\/25332_1-150x150.jpg",150,150,true],"medium":["https:\/\/staging.cdsboutique.com\/wp-content\/uploads\/2024\/01\/25332_1-300x300.jpg",300,300,true],"medium_large":["https:\/\/staging.cdsboutique.com\/wp-content\/uploads\/2024\/01\/25332_1-768x768.jpg",768,768,true],"large":["https:\/\/staging.cdsboutique.com\/wp-content\/uploads\/2024\/01\/25332_1-1024x1024.jpg",980,980,true],"1536x1536":["https:\/\/staging.cdsboutique.com\/wp-content\/uploads\/2024\/01\/25332_1.jpg",1050,1050,false],"2048x2048":["https:\/\/staging.cdsboutique.com\/wp-content\/uploads\/2024\/01\/25332_1.jpg",1050,1050,false],"gform-image-choice-sm":["https:\/\/staging.cdsboutique.com\/wp-content\/uploads\/2024\/01\/25332_1.jpg",300,300,false],"gform-image-choice-md":["https:\/\/staging.cdsboutique.com\/wp-content\/uploads\/2024\/01\/25332_1.jpg",400,400,false],"gform-image-choice-lg":["https:\/\/staging.cdsboutique.com\/wp-content\/uploads\/2024\/01\/25332_1.jpg",600,600,false],"woocommerce_thumbnail":["https:\/\/staging.cdsboutique.com\/wp-content\/uploads\/2024\/01\/25332_1-300x300.jpg",300,300,true],"woocommerce_single":["https:\/\/staging.cdsboutique.com\/wp-content\/uploads\/2024\/01\/25332_1-600x600.jpg",600,600,true],"woocommerce_gallery_thumbnail":["https:\/\/staging.cdsboutique.com\/wp-content\/uploads\/2024\/01\/25332_1-100x100.jpg",100,100,true],"variation_swatches_image_size":["https:\/\/staging.cdsboutique.com\/wp-content\/uploads\/2024\/01\/25332_1-50x50.jpg",50,50,true],"variation_swatches_tooltip_size":["https:\/\/staging.cdsboutique.com\/wp-content\/uploads\/2024\/01\/25332_1-100x100.jpg",100,100,true],"logo-size":["https:\/\/staging.cdsboutique.com\/wp-content\/uploads\/2024\/01\/25332_1-84x84.jpg",84,84,true],"blog":["https:\/\/staging.cdsboutique.com\/wp-content\/uploads\/2024\/01\/25332_1-350x260.jpg",350,260,true]},"post_excerpt_stackable_v2":"<p>Introducing the Mother May I Thumball &#8211; an innovative and stimulating cognitive tool, designed exclusively for seniors living with Alzheimer&#8217;s. Get ready to immerse your loved ones in a world of colour, joy, and engaging activities that promote motor skills stimulation and fun! Featuring prompts, questions, and activities, the Thumball is meticulously crafted to trigger memories, encourage communication, and enhance mental stimulation. The vibrant colours not only provide a visually stimulating experience but also help people living with cognitive impairment read correctly. The Mother May I Thumball is lightweight and easy to handle, making it the perfect choice for individuals&hellip;<\/p>\n","category_list_v2":"","author_info_v2":{"name":"","url":""},"comments_num_v2":"0 comments","yoast_head":"<!-- This site is optimized with the Yoast SEO plugin v27.4 - https:\/\/yoast.com\/product\/yoast-seo-wordpress\/ -->\n<title>Mother May I - Thumball - CDS boutique A\u00een\u00e9s<\/title>\n<meta name=\"description\" content=\"Introducing the Mother May I Thumball - an innovative and stimulating cognitive tool, designed exclusively for seniors living with Alzheimer&#039;s.\" \/>\n<meta name=\"robots\" content=\"noindex, follow, max-snippet:-1, max-image-preview:large, max-video-preview:-1\" \/>\n<meta property=\"og:locale\" content=\"en_US\" \/>\n<meta property=\"og:type\" content=\"article\" \/>\n<meta property=\"og:title\" content=\"Mother May I - Thumball - CDS boutique A\u00een\u00e9s\" \/>\n<meta property=\"og:description\" content=\"Introducing the Mother May I Thumball - an innovative and stimulating cognitive tool, designed exclusively for seniors living with Alzheimer&#039;s.\" \/>\n<meta property=\"og:url\" content=\"https:\/\/staging.cdsboutique.com\/en\/product\/mother-may-i-thumball\/\" \/>\n<meta property=\"og:site_name\" content=\"CDS boutique A\u00een\u00e9s\" \/>\n<meta property=\"article:publisher\" content=\"https:\/\/www.facebook.com\/CDSBoutique.Aines.Seniors\" \/>\n<meta property=\"article:modified_time\" content=\"2025-10-21T14:07:51+00:00\" \/>\n<meta property=\"og:image\" content=\"https:\/\/staging.cdsboutique.com\/wp-content\/uploads\/2024\/01\/25332_1.jpg?_t=1761055671\" \/>\n\t<meta property=\"og:image:width\" content=\"1050\" \/>\n\t<meta property=\"og:image:height\" content=\"1050\" \/>\n\t<meta property=\"og:image:type\" content=\"image\/jpeg\" \/>\n<meta name=\"twitter:card\" content=\"summary_large_image\" \/>\n<meta name=\"twitter:label1\" content=\"Est. reading time\" \/>\n\t<meta name=\"twitter:data1\" content=\"1 minute\" \/>\n<script type=\"application\/ld+json\" class=\"yoast-schema-graph\">{\"@context\":\"https:\\\/\\\/schema.org\",\"@graph\":[{\"@type\":\"WebPage\",\"@id\":\"https:\\\/\\\/staging.cdsboutique.com\\\/en\\\/product\\\/mother-may-i-thumball\\\/\",\"url\":\"https:\\\/\\\/staging.cdsboutique.com\\\/en\\\/product\\\/mother-may-i-thumball\\\/\",\"name\":\"Mother May I - Thumball - CDS boutique A\u00een\u00e9s\",\"isPartOf\":{\"@id\":\"https:\\\/\\\/staging.cdsboutique.com\\\/#website\"},\"primaryImageOfPage\":{\"@id\":\"https:\\\/\\\/staging.cdsboutique.com\\\/en\\\/product\\\/mother-may-i-thumball\\\/#primaryimage\"},\"image\":{\"@id\":\"https:\\\/\\\/staging.cdsboutique.com\\\/en\\\/product\\\/mother-may-i-thumball\\\/#primaryimage\"},\"thumbnailUrl\":\"https:\\\/\\\/staging.cdsboutique.com\\\/wp-content\\\/uploads\\\/2024\\\/01\\\/25332_1.jpg\",\"datePublished\":\"2024-01-29T18:13:51+00:00\",\"dateModified\":\"2025-10-21T14:07:51+00:00\",\"description\":\"Introducing the Mother May I Thumball - an innovative and stimulating cognitive tool, designed exclusively for seniors living with Alzheimer's.\",\"breadcrumb\":{\"@id\":\"https:\\\/\\\/staging.cdsboutique.com\\\/en\\\/product\\\/mother-may-i-thumball\\\/#breadcrumb\"},\"inLanguage\":\"en-US\",\"potentialAction\":[{\"@type\":\"ReadAction\",\"target\":[\"https:\\\/\\\/staging.cdsboutique.com\\\/en\\\/product\\\/mother-may-i-thumball\\\/\"]}]},{\"@type\":\"ImageObject\",\"inLanguage\":\"en-US\",\"@id\":\"https:\\\/\\\/staging.cdsboutique.com\\\/en\\\/product\\\/mother-may-i-thumball\\\/#primaryimage\",\"url\":\"https:\\\/\\\/staging.cdsboutique.com\\\/wp-content\\\/uploads\\\/2024\\\/01\\\/25332_1.jpg\",\"contentUrl\":\"https:\\\/\\\/staging.cdsboutique.com\\\/wp-content\\\/uploads\\\/2024\\\/01\\\/25332_1.jpg\",\"width\":1050,\"height\":1050},{\"@type\":\"BreadcrumbList\",\"@id\":\"https:\\\/\\\/staging.cdsboutique.com\\\/en\\\/product\\\/mother-may-i-thumball\\\/#breadcrumb\",\"itemListElement\":[{\"@type\":\"ListItem\",\"position\":1,\"name\":\"Home\",\"item\":\"https:\\\/\\\/staging.cdsboutique.com\\\/en\\\/\"},{\"@type\":\"ListItem\",\"position\":2,\"name\":\"Products\",\"item\":\"https:\\\/\\\/staging.cdsboutique.com\\\/en\\\/products\\\/\"},{\"@type\":\"ListItem\",\"position\":3,\"name\":\"Mother May I &#8211; Thumball\"}]},{\"@type\":\"WebSite\",\"@id\":\"https:\\\/\\\/staging.cdsboutique.com\\\/#website\",\"url\":\"https:\\\/\\\/staging.cdsboutique.com\\\/\",\"name\":\"CDS boutique A\u00een\u00e9s\",\"description\":\"Pour une meilleure qualit\u00e9 de vie\",\"publisher\":{\"@id\":\"https:\\\/\\\/staging.cdsboutique.com\\\/#organization\"},\"potentialAction\":[{\"@type\":\"SearchAction\",\"target\":{\"@type\":\"EntryPoint\",\"urlTemplate\":\"https:\\\/\\\/staging.cdsboutique.com\\\/?s={search_term_string}\"},\"query-input\":{\"@type\":\"PropertyValueSpecification\",\"valueRequired\":true,\"valueName\":\"search_term_string\"}}],\"inLanguage\":\"en-US\"},{\"@type\":\"Organization\",\"@id\":\"https:\\\/\\\/staging.cdsboutique.com\\\/#organization\",\"name\":\"CDS Boutique\",\"url\":\"https:\\\/\\\/staging.cdsboutique.com\\\/\",\"logo\":{\"@type\":\"ImageObject\",\"inLanguage\":\"en-US\",\"@id\":\"https:\\\/\\\/staging.cdsboutique.com\\\/#\\\/schema\\\/logo\\\/image\\\/\",\"url\":\"https:\\\/\\\/staging.cdsboutique.com\\\/wp-content\\\/uploads\\\/2024\\\/09\\\/logoCDS-Boutique_final2024.jpg\",\"contentUrl\":\"https:\\\/\\\/staging.cdsboutique.com\\\/wp-content\\\/uploads\\\/2024\\\/09\\\/logoCDS-Boutique_final2024.jpg\",\"width\":900,\"height\":600,\"caption\":\"CDS Boutique\"},\"image\":{\"@id\":\"https:\\\/\\\/staging.cdsboutique.com\\\/#\\\/schema\\\/logo\\\/image\\\/\"},\"sameAs\":[\"https:\\\/\\\/www.facebook.com\\\/CDSBoutique.Aines.Seniors\",\"https:\\\/\\\/www.youtube.com\\\/@cdsboutique4046\",\"https:\\\/\\\/www.linkedin.com\\\/company\\\/cds-boutique\\\/\",\"https:\\\/\\\/www.instagram.com\\\/cdsboutique\\\/\"]}]}<\/script>\n<!-- \/ Yoast SEO plugin. -->","yoast_head_json":{"title":"Mother May I - Thumball - CDS boutique A\u00een\u00e9s","description":"Introducing the Mother May I Thumball - an innovative and stimulating cognitive tool, designed exclusively for seniors living with Alzheimer's.","robots":{"index":"noindex","follow":"follow","max-snippet":"max-snippet:-1","max-image-preview":"max-image-preview:large","max-video-preview":"max-video-preview:-1"},"og_locale":"en_US","og_type":"article","og_title":"Mother May I - Thumball - CDS boutique A\u00een\u00e9s","og_description":"Introducing the Mother May I Thumball - an innovative and stimulating cognitive tool, designed exclusively for seniors living with Alzheimer's.","og_url":"https:\/\/staging.cdsboutique.com\/en\/product\/mother-may-i-thumball\/","og_site_name":"CDS boutique A\u00een\u00e9s","article_publisher":"https:\/\/www.facebook.com\/CDSBoutique.Aines.Seniors","article_modified_time":"2025-10-21T14:07:51+00:00","og_image":[{"width":1050,"height":1050,"url":"https:\/\/staging.cdsboutique.com\/wp-content\/uploads\/2024\/01\/25332_1.jpg?_t=1761055671","type":"image\/jpeg"}],"twitter_card":"summary_large_image","twitter_misc":{"Est. reading time":"1 minute"},"schema":{"@context":"https:\/\/schema.org","@graph":[{"@type":"WebPage","@id":"https:\/\/staging.cdsboutique.com\/en\/product\/mother-may-i-thumball\/","url":"https:\/\/staging.cdsboutique.com\/en\/product\/mother-may-i-thumball\/","name":"Mother May I - Thumball - CDS boutique A\u00een\u00e9s","isPartOf":{"@id":"https:\/\/staging.cdsboutique.com\/#website"},"primaryImageOfPage":{"@id":"https:\/\/staging.cdsboutique.com\/en\/product\/mother-may-i-thumball\/#primaryimage"},"image":{"@id":"https:\/\/staging.cdsboutique.com\/en\/product\/mother-may-i-thumball\/#primaryimage"},"thumbnailUrl":"https:\/\/staging.cdsboutique.com\/wp-content\/uploads\/2024\/01\/25332_1.jpg","datePublished":"2024-01-29T18:13:51+00:00","dateModified":"2025-10-21T14:07:51+00:00","description":"Introducing the Mother May I Thumball - an innovative and stimulating cognitive tool, designed exclusively for seniors living with Alzheimer's.","breadcrumb":{"@id":"https:\/\/staging.cdsboutique.com\/en\/product\/mother-may-i-thumball\/#breadcrumb"},"inLanguage":"en-US","potentialAction":[{"@type":"ReadAction","target":["https:\/\/staging.cdsboutique.com\/en\/product\/mother-may-i-thumball\/"]}]},{"@type":"ImageObject","inLanguage":"en-US","@id":"https:\/\/staging.cdsboutique.com\/en\/product\/mother-may-i-thumball\/#primaryimage","url":"https:\/\/staging.cdsboutique.com\/wp-content\/uploads\/2024\/01\/25332_1.jpg","contentUrl":"https:\/\/staging.cdsboutique.com\/wp-content\/uploads\/2024\/01\/25332_1.jpg","width":1050,"height":1050},{"@type":"BreadcrumbList","@id":"https:\/\/staging.cdsboutique.com\/en\/product\/mother-may-i-thumball\/#breadcrumb","itemListElement":[{"@type":"ListItem","position":1,"name":"Home","item":"https:\/\/staging.cdsboutique.com\/en\/"},{"@type":"ListItem","position":2,"name":"Products","item":"https:\/\/staging.cdsboutique.com\/en\/products\/"},{"@type":"ListItem","position":3,"name":"Mother May I &#8211; Thumball"}]},{"@type":"WebSite","@id":"https:\/\/staging.cdsboutique.com\/#website","url":"https:\/\/staging.cdsboutique.com\/","name":"CDS boutique A\u00een\u00e9s","description":"Pour une meilleure qualit\u00e9 de vie","publisher":{"@id":"https:\/\/staging.cdsboutique.com\/#organization"},"potentialAction":[{"@type":"SearchAction","target":{"@type":"EntryPoint","urlTemplate":"https:\/\/staging.cdsboutique.com\/?s={search_term_string}"},"query-input":{"@type":"PropertyValueSpecification","valueRequired":true,"valueName":"search_term_string"}}],"inLanguage":"en-US"},{"@type":"Organization","@id":"https:\/\/staging.cdsboutique.com\/#organization","name":"CDS Boutique","url":"https:\/\/staging.cdsboutique.com\/","logo":{"@type":"ImageObject","inLanguage":"en-US","@id":"https:\/\/staging.cdsboutique.com\/#\/schema\/logo\/image\/","url":"https:\/\/staging.cdsboutique.com\/wp-content\/uploads\/2024\/09\/logoCDS-Boutique_final2024.jpg","contentUrl":"https:\/\/staging.cdsboutique.com\/wp-content\/uploads\/2024\/09\/logoCDS-Boutique_final2024.jpg","width":900,"height":600,"caption":"CDS Boutique"},"image":{"@id":"https:\/\/staging.cdsboutique.com\/#\/schema\/logo\/image\/"},"sameAs":["https:\/\/www.facebook.com\/CDSBoutique.Aines.Seniors","https:\/\/www.youtube.com\/@cdsboutique4046","https:\/\/www.linkedin.com\/company\/cds-boutique\/","https:\/\/www.instagram.com\/cdsboutique\/"]}]}},"_links":{"self":[{"href":"https:\/\/staging.cdsboutique.com\/en\/wp-json\/wp\/v2\/product\/59121","targetHints":{"allow":["GET"]}}],"collection":[{"href":"https:\/\/staging.cdsboutique.com\/en\/wp-json\/wp\/v2\/product"}],"about":[{"href":"https:\/\/staging.cdsboutique.com\/en\/wp-json\/wp\/v2\/types\/product"}],"replies":[{"embeddable":true,"href":"https:\/\/staging.cdsboutique.com\/en\/wp-json\/wp\/v2\/comments?post=59121"}],"wp:featuredmedia":[{"embeddable":true,"href":"https:\/\/staging.cdsboutique.com\/en\/wp-json\/wp\/v2\/media\/59112"}],"wp:attachment":[{"href":"https:\/\/staging.cdsboutique.com\/en\/wp-json\/wp\/v2\/media?parent=59121"}],"wp:term":[{"taxonomy":"product_brand","embeddable":true,"href":"https:\/\/staging.cdsboutique.com\/en\/wp-json\/wp\/v2\/product_brand?post=59121"},{"taxonomy":"product_cat","embeddable":true,"href":"https:\/\/staging.cdsboutique.com\/en\/wp-json\/wp\/v2\/product_cat?post=59121"},{"taxonomy":"product_tag","embeddable":true,"href":"https:\/\/staging.cdsboutique.com\/en\/wp-json\/wp\/v2\/product_tag?post=59121"}],"curies":[{"name":"wp","href":"https:\/\/api.w.org\/{rel}","templated":true}]}}