{"id":59360,"date":"2024-01-19T14:44:00","date_gmt":"2024-01-19T19:44:00","guid":{"rendered":"https:\/\/cdsboutique.com\/?post_type=product&#038;p=59360"},"modified":"2026-01-15T16:16:22","modified_gmt":"2026-01-15T21:16:22","slug":"lise-weighted-doll-2-7-kg","status":"publish","type":"product","link":"https:\/\/staging.cdsboutique.com\/en\/produit\/lise-weighted-doll-2-7-kg\/","title":{"rendered":"Lise &#8211; Weighted Doll"},"content":{"rendered":"<p data-start=\"0\" data-end=\"156\"><strong>Make seniors smile with Lise, a lovely weighted doll that combines soothing comfort and sensory stimulation through its many thoughtfully designed features.<\/strong><\/p>\n<p data-start=\"158\" data-end=\"173\"><strong data-start=\"158\" data-end=\"173\">Description<\/strong><\/p>\n<p data-start=\"175\" data-end=\"874\">Designed by the Danish company Oliz (Koko-Nora), Lise is a weighted activity doll created to stimulate posture and mobility in seniors through activity and exploration. When placed on the lap, its evenly distributed 2.7 kg weight provides a reassuring sensation, similar to holding a small child, naturally encouraging a more upright posture. Its bright colors, varied textures (velvet, wool, etc.), and interactive elements help stimulate motor skills, grasping, and procedural memory. Lise also helps soothe seniors and reduce stress. It is suitable for both autonomous seniors and those with mild to advanced loss of autonomy, including individuals living with Alzheimer\u2019s or Parkinson\u2019s disease.<\/p>\n<p data-start=\"876\" data-end=\"893\"><strong data-start=\"876\" data-end=\"893\">Lise Features<\/strong><\/p>\n<ul>\n<li data-start=\"897\" data-end=\"934\">Evenly distributed weight of 2.7 kg<\/li>\n<li data-start=\"897\" data-end=\"934\">Integrated accessories (toothbrush or hairbrush, zipper)<\/li>\n<li data-start=\"996\" data-end=\"1051\">\n<p data-start=\"998\" data-end=\"1051\">Machine washable after removing the weighted insert<\/p>\n<\/li>\n<\/ul>\n<p data-start=\"1053\" data-end=\"1091\"><strong data-start=\"1053\" data-end=\"1091\">Important Information \/ Usage Tips<\/strong><\/p>\n<p data-start=\"1093\" data-end=\"1243\" data-is-last-node=\"\" data-is-only-node=\"\">The weighted contents must be removed before machine washing (gentle cycle). For hygiene reasons, this product is non-exchangeable and non-refundable.<\/p>\n<p>&nbsp;<\/p>\n","protected":false},"excerpt":{"rendered":"<p>Make seniors smile with Lise, a lovely weighted doll that combines soothing comfort and sensory stimulation through its many thoughtfully designed features. Description Designed by the Danish company Oliz (Koko-Nora), Lise is a weighted activity doll created to stimulate posture and mobility in seniors through activity and exploration. When placed on the lap, its evenly [&hellip;]<\/p>\n","protected":false},"featured_media":71640,"comment_status":"open","ping_status":"closed","template":"","meta":{"_acf_changed":false},"product_brand":[],"product_cat":[4401,4091],"product_tag":[4680],"class_list":{"0":"post-59360","1":"product","2":"type-product","3":"status-publish","4":"has-post-thumbnail","6":"product_cat-all","7":"product_cat-new-arrivals","8":"product_tag-news-en","9":"product_shipping_class-frais-de-livraison-en","11":"first","12":"instock","13":"taxable","14":"shipping-taxable","15":"purchasable","16":"product-type-simple"},"bundled_by":[],"bundle_stock_status":"instock","bundle_stock_quantity":null,"bundle_virtual":false,"bundle_layout":"","bundle_add_to_cart_form_location":"","bundle_editable_in_cart":false,"bundle_sold_individually_context":"","bundle_item_grouping":"","bundle_min_size":"","bundle_max_size":"","bundle_price":[],"bundled_items":[],"bundle_sell_ids":[],"acf":[],"featured_image_urls_v2":{"full":["https:\/\/staging.cdsboutique.com\/wp-content\/uploads\/2024\/01\/25337_Lise_01.png",1080,1350,false],"thumbnail":["https:\/\/staging.cdsboutique.com\/wp-content\/uploads\/2024\/01\/25337_Lise_01-150x150.png",150,150,true],"medium":["https:\/\/staging.cdsboutique.com\/wp-content\/uploads\/2024\/01\/25337_Lise_01-240x300.png",240,300,true],"medium_large":["https:\/\/staging.cdsboutique.com\/wp-content\/uploads\/2024\/01\/25337_Lise_01-768x960.png",768,960,true],"large":["https:\/\/staging.cdsboutique.com\/wp-content\/uploads\/2024\/01\/25337_Lise_01-819x1024.png",819,1024,true],"1536x1536":["https:\/\/staging.cdsboutique.com\/wp-content\/uploads\/2024\/01\/25337_Lise_01.png",1080,1350,false],"2048x2048":["https:\/\/staging.cdsboutique.com\/wp-content\/uploads\/2024\/01\/25337_Lise_01.png",1080,1350,false],"gform-image-choice-sm":["https:\/\/staging.cdsboutique.com\/wp-content\/uploads\/2024\/01\/25337_Lise_01.png",240,300,false],"gform-image-choice-md":["https:\/\/staging.cdsboutique.com\/wp-content\/uploads\/2024\/01\/25337_Lise_01.png",320,400,false],"gform-image-choice-lg":["https:\/\/staging.cdsboutique.com\/wp-content\/uploads\/2024\/01\/25337_Lise_01.png",480,600,false],"woocommerce_thumbnail":["https:\/\/staging.cdsboutique.com\/wp-content\/uploads\/2024\/01\/25337_Lise_01-300x375.png",300,375,true],"woocommerce_single":["https:\/\/staging.cdsboutique.com\/wp-content\/uploads\/2024\/01\/25337_Lise_01-600x750.png",600,750,true],"woocommerce_gallery_thumbnail":["https:\/\/staging.cdsboutique.com\/wp-content\/uploads\/2024\/01\/25337_Lise_01-100x100.png",100,100,true],"variation_swatches_image_size":["https:\/\/staging.cdsboutique.com\/wp-content\/uploads\/2024\/01\/25337_Lise_01-50x50.png",50,50,true],"variation_swatches_tooltip_size":["https:\/\/staging.cdsboutique.com\/wp-content\/uploads\/2024\/01\/25337_Lise_01-100x100.png",100,100,true],"logo-size":["https:\/\/staging.cdsboutique.com\/wp-content\/uploads\/2024\/01\/25337_Lise_01-67x84.png",67,84,true],"blog":["https:\/\/staging.cdsboutique.com\/wp-content\/uploads\/2024\/01\/25337_Lise_01-350x260.png",350,260,true]},"post_excerpt_stackable_v2":"<p>Make seniors smile with Lise, a lovely weighted doll that combines soothing comfort and sensory stimulation through its many thoughtfully designed features. Description Designed by the Danish company Oliz (Koko-Nora), Lise is a weighted activity doll created to stimulate posture and mobility in seniors through activity and exploration. When placed on the lap, its evenly distributed 2.7 kg weight provides a reassuring sensation, similar to holding a small child, naturally encouraging a more upright posture. Its bright colors, varied textures (velvet, wool, etc.), and interactive elements help stimulate motor skills, grasping, and procedural memory. Lise also helps soothe seniors and&hellip;<\/p>\n","category_list_v2":"","author_info_v2":{"name":"","url":""},"comments_num_v2":"2 comments","yoast_head":"<!-- This site is optimized with the Yoast SEO plugin v27.4 - https:\/\/yoast.com\/product\/yoast-seo-wordpress\/ -->\n<title>Lise - Weighted Doll - CDS boutique A\u00een\u00e9s<\/title>\n<meta name=\"description\" content=\"Put a smile on your seniors\u2019 faces with Lise, a pretty weighted doll that combines soothing and sensory stimulation through its thoughtful features.\" \/>\n<meta name=\"robots\" content=\"noindex, follow, max-snippet:-1, max-image-preview:large, max-video-preview:-1\" \/>\n<meta property=\"og:locale\" content=\"en_US\" \/>\n<meta property=\"og:type\" content=\"article\" \/>\n<meta property=\"og:title\" content=\"Lise weighted Doll 2.7 kg\" \/>\n<meta property=\"og:description\" content=\"Put a smile on your seniors\u2019 faces with Lise, a pretty weighted doll that combines soothing and sensory stimulation through its thoughtful features.\" \/>\n<meta property=\"og:url\" content=\"https:\/\/staging.cdsboutique.com\/en\/product\/lise-weighted-doll-2-7-kg\/\" \/>\n<meta property=\"og:site_name\" content=\"CDS boutique A\u00een\u00e9s\" \/>\n<meta property=\"article:publisher\" content=\"https:\/\/www.facebook.com\/CDSBoutique.Aines.Seniors\" \/>\n<meta property=\"article:modified_time\" content=\"2026-01-15T21:16:22+00:00\" \/>\n<meta property=\"og:image\" content=\"https:\/\/staging.cdsboutique.com\/wp-content\/uploads\/2024\/01\/Design-sans-titre-1.jpg?_t=1768516399\" \/>\n\t<meta property=\"og:image:width\" content=\"1050\" \/>\n\t<meta property=\"og:image:height\" content=\"1050\" \/>\n\t<meta property=\"og:image:type\" content=\"image\/jpeg\" \/>\n<meta name=\"twitter:card\" content=\"summary_large_image\" \/>\n<meta name=\"twitter:label1\" content=\"Est. reading time\" \/>\n\t<meta name=\"twitter:data1\" content=\"2 minutes\" \/>\n<script type=\"application\/ld+json\" class=\"yoast-schema-graph\">{\"@context\":\"https:\\\/\\\/schema.org\",\"@graph\":[{\"@type\":\"WebPage\",\"@id\":\"https:\\\/\\\/staging.cdsboutique.com\\\/en\\\/product\\\/lise-weighted-doll-2-7-kg\\\/\",\"url\":\"https:\\\/\\\/staging.cdsboutique.com\\\/en\\\/product\\\/lise-weighted-doll-2-7-kg\\\/\",\"name\":\"Lise - Weighted Doll - CDS boutique A\u00een\u00e9s\",\"isPartOf\":{\"@id\":\"https:\\\/\\\/staging.cdsboutique.com\\\/#website\"},\"primaryImageOfPage\":{\"@id\":\"https:\\\/\\\/staging.cdsboutique.com\\\/en\\\/product\\\/lise-weighted-doll-2-7-kg\\\/#primaryimage\"},\"image\":{\"@id\":\"https:\\\/\\\/staging.cdsboutique.com\\\/en\\\/product\\\/lise-weighted-doll-2-7-kg\\\/#primaryimage\"},\"thumbnailUrl\":\"https:\\\/\\\/staging.cdsboutique.com\\\/wp-content\\\/uploads\\\/2024\\\/01\\\/25337_Lise_01.png\",\"datePublished\":\"2024-01-19T19:44:00+00:00\",\"dateModified\":\"2026-01-15T21:16:22+00:00\",\"description\":\"Put a smile on your seniors\u2019 faces with Lise, a pretty weighted doll that combines soothing and sensory stimulation through its thoughtful features.\",\"breadcrumb\":{\"@id\":\"https:\\\/\\\/staging.cdsboutique.com\\\/en\\\/product\\\/lise-weighted-doll-2-7-kg\\\/#breadcrumb\"},\"inLanguage\":\"en-US\",\"potentialAction\":[{\"@type\":\"ReadAction\",\"target\":[\"https:\\\/\\\/staging.cdsboutique.com\\\/en\\\/product\\\/lise-weighted-doll-2-7-kg\\\/\"]}]},{\"@type\":\"ImageObject\",\"inLanguage\":\"en-US\",\"@id\":\"https:\\\/\\\/staging.cdsboutique.com\\\/en\\\/product\\\/lise-weighted-doll-2-7-kg\\\/#primaryimage\",\"url\":\"https:\\\/\\\/staging.cdsboutique.com\\\/wp-content\\\/uploads\\\/2024\\\/01\\\/25337_Lise_01.png\",\"contentUrl\":\"https:\\\/\\\/staging.cdsboutique.com\\\/wp-content\\\/uploads\\\/2024\\\/01\\\/25337_Lise_01.png\",\"width\":1080,\"height\":1350,\"caption\":\"Lise poup\u00e9e lest\u00e9e | Lise weighted doll\"},{\"@type\":\"BreadcrumbList\",\"@id\":\"https:\\\/\\\/staging.cdsboutique.com\\\/en\\\/product\\\/lise-weighted-doll-2-7-kg\\\/#breadcrumb\",\"itemListElement\":[{\"@type\":\"ListItem\",\"position\":1,\"name\":\"Home\",\"item\":\"https:\\\/\\\/staging.cdsboutique.com\\\/en\\\/\"},{\"@type\":\"ListItem\",\"position\":2,\"name\":\"Products\",\"item\":\"https:\\\/\\\/staging.cdsboutique.com\\\/en\\\/products\\\/\"},{\"@type\":\"ListItem\",\"position\":3,\"name\":\"Lise &#8211; Weighted Doll\"}]},{\"@type\":\"WebSite\",\"@id\":\"https:\\\/\\\/staging.cdsboutique.com\\\/#website\",\"url\":\"https:\\\/\\\/staging.cdsboutique.com\\\/\",\"name\":\"CDS boutique A\u00een\u00e9s\",\"description\":\"Pour une meilleure qualit\u00e9 de vie\",\"publisher\":{\"@id\":\"https:\\\/\\\/staging.cdsboutique.com\\\/#organization\"},\"potentialAction\":[{\"@type\":\"SearchAction\",\"target\":{\"@type\":\"EntryPoint\",\"urlTemplate\":\"https:\\\/\\\/staging.cdsboutique.com\\\/?s={search_term_string}\"},\"query-input\":{\"@type\":\"PropertyValueSpecification\",\"valueRequired\":true,\"valueName\":\"search_term_string\"}}],\"inLanguage\":\"en-US\"},{\"@type\":\"Organization\",\"@id\":\"https:\\\/\\\/staging.cdsboutique.com\\\/#organization\",\"name\":\"CDS Boutique\",\"url\":\"https:\\\/\\\/staging.cdsboutique.com\\\/\",\"logo\":{\"@type\":\"ImageObject\",\"inLanguage\":\"en-US\",\"@id\":\"https:\\\/\\\/staging.cdsboutique.com\\\/#\\\/schema\\\/logo\\\/image\\\/\",\"url\":\"https:\\\/\\\/staging.cdsboutique.com\\\/wp-content\\\/uploads\\\/2024\\\/09\\\/logoCDS-Boutique_final2024.jpg\",\"contentUrl\":\"https:\\\/\\\/staging.cdsboutique.com\\\/wp-content\\\/uploads\\\/2024\\\/09\\\/logoCDS-Boutique_final2024.jpg\",\"width\":900,\"height\":600,\"caption\":\"CDS Boutique\"},\"image\":{\"@id\":\"https:\\\/\\\/staging.cdsboutique.com\\\/#\\\/schema\\\/logo\\\/image\\\/\"},\"sameAs\":[\"https:\\\/\\\/www.facebook.com\\\/CDSBoutique.Aines.Seniors\",\"https:\\\/\\\/www.youtube.com\\\/@cdsboutique4046\",\"https:\\\/\\\/www.linkedin.com\\\/company\\\/cds-boutique\\\/\",\"https:\\\/\\\/www.instagram.com\\\/cdsboutique\\\/\"]}]}<\/script>\n<!-- \/ Yoast SEO plugin. -->","yoast_head_json":{"title":"Lise - Weighted Doll - CDS boutique A\u00een\u00e9s","description":"Put a smile on your seniors\u2019 faces with Lise, a pretty weighted doll that combines soothing and sensory stimulation through its thoughtful features.","robots":{"index":"noindex","follow":"follow","max-snippet":"max-snippet:-1","max-image-preview":"max-image-preview:large","max-video-preview":"max-video-preview:-1"},"og_locale":"en_US","og_type":"article","og_title":"Lise weighted Doll 2.7 kg","og_description":"Put a smile on your seniors\u2019 faces with Lise, a pretty weighted doll that combines soothing and sensory stimulation through its thoughtful features.","og_url":"https:\/\/staging.cdsboutique.com\/en\/product\/lise-weighted-doll-2-7-kg\/","og_site_name":"CDS boutique A\u00een\u00e9s","article_publisher":"https:\/\/www.facebook.com\/CDSBoutique.Aines.Seniors","article_modified_time":"2026-01-15T21:16:22+00:00","og_image":[{"width":1050,"height":1050,"url":"https:\/\/staging.cdsboutique.com\/wp-content\/uploads\/2024\/01\/Design-sans-titre-1.jpg?_t=1768516399","type":"image\/jpeg"}],"twitter_card":"summary_large_image","twitter_misc":{"Est. reading time":"2 minutes"},"schema":{"@context":"https:\/\/schema.org","@graph":[{"@type":"WebPage","@id":"https:\/\/staging.cdsboutique.com\/en\/product\/lise-weighted-doll-2-7-kg\/","url":"https:\/\/staging.cdsboutique.com\/en\/product\/lise-weighted-doll-2-7-kg\/","name":"Lise - Weighted Doll - CDS boutique A\u00een\u00e9s","isPartOf":{"@id":"https:\/\/staging.cdsboutique.com\/#website"},"primaryImageOfPage":{"@id":"https:\/\/staging.cdsboutique.com\/en\/product\/lise-weighted-doll-2-7-kg\/#primaryimage"},"image":{"@id":"https:\/\/staging.cdsboutique.com\/en\/product\/lise-weighted-doll-2-7-kg\/#primaryimage"},"thumbnailUrl":"https:\/\/staging.cdsboutique.com\/wp-content\/uploads\/2024\/01\/25337_Lise_01.png","datePublished":"2024-01-19T19:44:00+00:00","dateModified":"2026-01-15T21:16:22+00:00","description":"Put a smile on your seniors\u2019 faces with Lise, a pretty weighted doll that combines soothing and sensory stimulation through its thoughtful features.","breadcrumb":{"@id":"https:\/\/staging.cdsboutique.com\/en\/product\/lise-weighted-doll-2-7-kg\/#breadcrumb"},"inLanguage":"en-US","potentialAction":[{"@type":"ReadAction","target":["https:\/\/staging.cdsboutique.com\/en\/product\/lise-weighted-doll-2-7-kg\/"]}]},{"@type":"ImageObject","inLanguage":"en-US","@id":"https:\/\/staging.cdsboutique.com\/en\/product\/lise-weighted-doll-2-7-kg\/#primaryimage","url":"https:\/\/staging.cdsboutique.com\/wp-content\/uploads\/2024\/01\/25337_Lise_01.png","contentUrl":"https:\/\/staging.cdsboutique.com\/wp-content\/uploads\/2024\/01\/25337_Lise_01.png","width":1080,"height":1350,"caption":"Lise poup\u00e9e lest\u00e9e | Lise weighted doll"},{"@type":"BreadcrumbList","@id":"https:\/\/staging.cdsboutique.com\/en\/product\/lise-weighted-doll-2-7-kg\/#breadcrumb","itemListElement":[{"@type":"ListItem","position":1,"name":"Home","item":"https:\/\/staging.cdsboutique.com\/en\/"},{"@type":"ListItem","position":2,"name":"Products","item":"https:\/\/staging.cdsboutique.com\/en\/products\/"},{"@type":"ListItem","position":3,"name":"Lise &#8211; Weighted Doll"}]},{"@type":"WebSite","@id":"https:\/\/staging.cdsboutique.com\/#website","url":"https:\/\/staging.cdsboutique.com\/","name":"CDS boutique A\u00een\u00e9s","description":"Pour une meilleure qualit\u00e9 de vie","publisher":{"@id":"https:\/\/staging.cdsboutique.com\/#organization"},"potentialAction":[{"@type":"SearchAction","target":{"@type":"EntryPoint","urlTemplate":"https:\/\/staging.cdsboutique.com\/?s={search_term_string}"},"query-input":{"@type":"PropertyValueSpecification","valueRequired":true,"valueName":"search_term_string"}}],"inLanguage":"en-US"},{"@type":"Organization","@id":"https:\/\/staging.cdsboutique.com\/#organization","name":"CDS Boutique","url":"https:\/\/staging.cdsboutique.com\/","logo":{"@type":"ImageObject","inLanguage":"en-US","@id":"https:\/\/staging.cdsboutique.com\/#\/schema\/logo\/image\/","url":"https:\/\/staging.cdsboutique.com\/wp-content\/uploads\/2024\/09\/logoCDS-Boutique_final2024.jpg","contentUrl":"https:\/\/staging.cdsboutique.com\/wp-content\/uploads\/2024\/09\/logoCDS-Boutique_final2024.jpg","width":900,"height":600,"caption":"CDS Boutique"},"image":{"@id":"https:\/\/staging.cdsboutique.com\/#\/schema\/logo\/image\/"},"sameAs":["https:\/\/www.facebook.com\/CDSBoutique.Aines.Seniors","https:\/\/www.youtube.com\/@cdsboutique4046","https:\/\/www.linkedin.com\/company\/cds-boutique\/","https:\/\/www.instagram.com\/cdsboutique\/"]}]}},"_links":{"self":[{"href":"https:\/\/staging.cdsboutique.com\/en\/wp-json\/wp\/v2\/product\/59360","targetHints":{"allow":["GET"]}}],"collection":[{"href":"https:\/\/staging.cdsboutique.com\/en\/wp-json\/wp\/v2\/product"}],"about":[{"href":"https:\/\/staging.cdsboutique.com\/en\/wp-json\/wp\/v2\/types\/product"}],"replies":[{"embeddable":true,"href":"https:\/\/staging.cdsboutique.com\/en\/wp-json\/wp\/v2\/comments?post=59360"}],"wp:featuredmedia":[{"embeddable":true,"href":"https:\/\/staging.cdsboutique.com\/en\/wp-json\/wp\/v2\/media\/71640"}],"wp:attachment":[{"href":"https:\/\/staging.cdsboutique.com\/en\/wp-json\/wp\/v2\/media?parent=59360"}],"wp:term":[{"taxonomy":"product_brand","embeddable":true,"href":"https:\/\/staging.cdsboutique.com\/en\/wp-json\/wp\/v2\/product_brand?post=59360"},{"taxonomy":"product_cat","embeddable":true,"href":"https:\/\/staging.cdsboutique.com\/en\/wp-json\/wp\/v2\/product_cat?post=59360"},{"taxonomy":"product_tag","embeddable":true,"href":"https:\/\/staging.cdsboutique.com\/en\/wp-json\/wp\/v2\/product_tag?post=59360"}],"curies":[{"name":"wp","href":"https:\/\/api.w.org\/{rel}","templated":true}]}}