{"id":59371,"date":"2024-01-19T14:53:35","date_gmt":"2024-01-19T19:53:35","guid":{"rendered":"https:\/\/cdsboutique.com\/?post_type=product&#038;p=59371"},"modified":"2024-11-29T16:56:07","modified_gmt":"2024-11-29T21:56:07","slug":"bent-oliz-koko-nora","status":"publish","type":"product","link":"https:\/\/staging.cdsboutique.com\/en\/produit\/bent-oliz-koko-nora\/","title":{"rendered":"Bent Weighted sloth &#8211; 5 kg"},"content":{"rendered":"<p><strong>Give your residents a soft, soothing feeling with Bent, a cute, weighted sloth with multiple benefits.<\/strong><\/p>\n<p>Thanks to Danish company Oliz Koko-Nora, your seniors can enjoy a loyal companion with whom to share moments when a cuddle would have been welcome. Bent&#8217;s design lends itself perfectly to relaxation and a sense of security, with its comforting appearance, velvety texture and evenly distributed weight &#8211;\u00a0 5 kg &#8211; making the resident feel like he is holding a small child. What&#8217;s more, its warm arms attach together on the resident&#8217;s shoulders, allowing him to feel the many benefits without having to actively hold it.<\/p>\n<p>Bent is designed exclusively for adults, guaranteeing a comfortable standing, lying down, or sitting up experience. It offers a friendly presence that ensures an overall soothing feeling.<\/p>\n<p>Our charming Bent is ideal for:<\/p>\n<ul>\n<li>Generating a sense of calm, security and relaxation;<\/li>\n<li>Combating feelings of loneliness;<\/li>\n<li>Working and awakening procedural memory;<\/li>\n<li>Stimulate prehension.<\/li>\n<\/ul>\n<p>Bent is ideal for:<\/p>\n<ul>\n<li>Independent seniors;<\/li>\n<li>Seniors with mild to severe loss of autonomy (Alzheimer&#8217;s, Parkinson&#8217;s, etc.).<\/li>\n<\/ul>\n<p><strong>What&#8217;s more, its neutral, dark colours make it a timeless companion that won&#8217;t get dirty.<\/strong><\/p>\n<p><strong>TECHNICAL SPECIFICATIONS<\/strong><\/p>\n<p><strong>Weight:<\/strong>\u00a0 5 kg.<\/p>\n<p><strong>Washing:<\/strong> For surface cleaning, use a wipe. Remove the weighted content for deeper cleaning and wash on a gentle cycle in the washing machine.<\/p>\n<p><strong>Dimensions:<\/strong> 40cm high x 20cm wide.<\/p>\n<p><strong>ATTENTION: for hygiene reasons Bent cannot be exchanged or refunded.<\/strong><\/p>\n","protected":false},"excerpt":{"rendered":"<p>Give your residents a soft, soothing feeling with Bent, a cute, weighted sloth with multiple benefits. Thanks to Danish company Oliz Koko-Nora, your seniors can enjoy a loyal companion with whom to share moments when a cuddle would have been welcome. Bent&#8217;s design lends itself perfectly to relaxation and a sense of security, with its [&hellip;]<\/p>\n","protected":false},"featured_media":70474,"comment_status":"open","ping_status":"closed","template":"","meta":{"_acf_changed":false},"product_brand":[],"product_cat":[4401,4091],"product_tag":[4680],"class_list":{"0":"post-59371","1":"product","2":"type-product","3":"status-publish","4":"has-post-thumbnail","6":"product_cat-all","7":"product_cat-new-arrivals","8":"product_tag-news-en","9":"product_shipping_class-frais-de-livraison-en","10":"pa_poids-3-kg-en","11":"pa_poids-5-kg-en","13":"first","14":"instock","15":"taxable","16":"shipping-taxable","17":"purchasable","18":"product-type-simple"},"bundled_by":[],"bundle_stock_status":"instock","bundle_stock_quantity":null,"bundle_virtual":false,"bundle_layout":"","bundle_add_to_cart_form_location":"","bundle_editable_in_cart":false,"bundle_sold_individually_context":"","bundle_item_grouping":"","bundle_min_size":"","bundle_max_size":"","bundle_price":[],"bundled_items":[],"bundle_sell_ids":[],"acf":[],"featured_image_urls_v2":{"full":["https:\/\/staging.cdsboutique.com\/wp-content\/uploads\/2024\/01\/25338_bent_01.png",1080,1350,false],"thumbnail":["https:\/\/staging.cdsboutique.com\/wp-content\/uploads\/2024\/01\/25338_bent_01-150x150.png",150,150,true],"medium":["https:\/\/staging.cdsboutique.com\/wp-content\/uploads\/2024\/01\/25338_bent_01-240x300.png",240,300,true],"medium_large":["https:\/\/staging.cdsboutique.com\/wp-content\/uploads\/2024\/01\/25338_bent_01-768x960.png",768,960,true],"large":["https:\/\/staging.cdsboutique.com\/wp-content\/uploads\/2024\/01\/25338_bent_01-819x1024.png",819,1024,true],"1536x1536":["https:\/\/staging.cdsboutique.com\/wp-content\/uploads\/2024\/01\/25338_bent_01.png",1080,1350,false],"2048x2048":["https:\/\/staging.cdsboutique.com\/wp-content\/uploads\/2024\/01\/25338_bent_01.png",1080,1350,false],"gform-image-choice-sm":["https:\/\/staging.cdsboutique.com\/wp-content\/uploads\/2024\/01\/25338_bent_01.png",240,300,false],"gform-image-choice-md":["https:\/\/staging.cdsboutique.com\/wp-content\/uploads\/2024\/01\/25338_bent_01.png",320,400,false],"gform-image-choice-lg":["https:\/\/staging.cdsboutique.com\/wp-content\/uploads\/2024\/01\/25338_bent_01.png",480,600,false],"woocommerce_thumbnail":["https:\/\/staging.cdsboutique.com\/wp-content\/uploads\/2024\/01\/25338_bent_01-300x375.png",300,375,true],"woocommerce_single":["https:\/\/staging.cdsboutique.com\/wp-content\/uploads\/2024\/01\/25338_bent_01-600x750.png",600,750,true],"woocommerce_gallery_thumbnail":["https:\/\/staging.cdsboutique.com\/wp-content\/uploads\/2024\/01\/25338_bent_01-100x100.png",100,100,true],"variation_swatches_image_size":["https:\/\/staging.cdsboutique.com\/wp-content\/uploads\/2024\/01\/25338_bent_01-50x50.png",50,50,true],"variation_swatches_tooltip_size":["https:\/\/staging.cdsboutique.com\/wp-content\/uploads\/2024\/01\/25338_bent_01-100x100.png",100,100,true],"logo-size":["https:\/\/staging.cdsboutique.com\/wp-content\/uploads\/2024\/01\/25338_bent_01-67x84.png",67,84,true],"blog":["https:\/\/staging.cdsboutique.com\/wp-content\/uploads\/2024\/01\/25338_bent_01-350x260.png",350,260,true]},"post_excerpt_stackable_v2":"<p>Give your residents a soft, soothing feeling with Bent, a cute, weighted sloth with multiple benefits. Thanks to Danish company Oliz Koko-Nora, your seniors can enjoy a loyal companion with whom to share moments when a cuddle would have been welcome. Bent&#8217;s design lends itself perfectly to relaxation and a sense of security, with its comforting appearance, velvety texture and evenly distributed weight &#8211;\u00a0 5 kg &#8211; making the resident feel like he is holding a small child. What&#8217;s more, its warm arms attach together on the resident&#8217;s shoulders, allowing him to feel the many benefits without having to actively&hellip;<\/p>\n","category_list_v2":"","author_info_v2":{"name":"","url":""},"comments_num_v2":"2 comments","yoast_head":"<!-- This site is optimized with the Yoast SEO plugin v27.4 - https:\/\/yoast.com\/product\/yoast-seo-wordpress\/ -->\n<title>Bent Weighted sloth - 5 kg - CDS boutique A\u00een\u00e9s<\/title>\n<meta name=\"description\" content=\"Give your residents a soft, soothing feeling with Bent, a cute, weighted sloth with multiple benefits. Its arms attach on the resident&#039;s shoulders.\" \/>\n<meta name=\"robots\" content=\"noindex, follow, max-snippet:-1, max-image-preview:large, max-video-preview:-1\" \/>\n<meta property=\"og:locale\" content=\"en_US\" \/>\n<meta property=\"og:type\" content=\"article\" \/>\n<meta property=\"og:title\" content=\"Big Bent - Weigthed Sloth - 5 kg\" \/>\n<meta property=\"og:description\" content=\"Give your residents a soft, soothing feeling with Bent, a cute, weighted sloth with multiple benefits. Its arms attach on the resident&#039;s shoulders.\" \/>\n<meta property=\"og:url\" content=\"https:\/\/staging.cdsboutique.com\/en\/product\/bent-oliz-koko-nora\/\" \/>\n<meta property=\"og:site_name\" content=\"CDS boutique A\u00een\u00e9s\" \/>\n<meta property=\"article:publisher\" content=\"https:\/\/www.facebook.com\/CDSBoutique.Aines.Seniors\" \/>\n<meta property=\"article:modified_time\" content=\"2024-11-29T21:56:07+00:00\" \/>\n<meta property=\"og:image\" content=\"https:\/\/staging.cdsboutique.com\/wp-content\/uploads\/2024\/01\/bent_web_1050x1050.jpg?_t=1761686450\" \/>\n\t<meta property=\"og:image:width\" content=\"1050\" \/>\n\t<meta property=\"og:image:height\" content=\"1050\" \/>\n\t<meta property=\"og:image:type\" content=\"image\/jpeg\" \/>\n<meta name=\"twitter:card\" content=\"summary_large_image\" \/>\n<meta name=\"twitter:label1\" content=\"Est. reading time\" \/>\n\t<meta name=\"twitter:data1\" content=\"2 minutes\" \/>\n<script type=\"application\/ld+json\" class=\"yoast-schema-graph\">{\"@context\":\"https:\\\/\\\/schema.org\",\"@graph\":[{\"@type\":\"WebPage\",\"@id\":\"https:\\\/\\\/staging.cdsboutique.com\\\/en\\\/product\\\/bent-oliz-koko-nora\\\/\",\"url\":\"https:\\\/\\\/staging.cdsboutique.com\\\/en\\\/product\\\/bent-oliz-koko-nora\\\/\",\"name\":\"Bent Weighted sloth - 5 kg - CDS boutique A\u00een\u00e9s\",\"isPartOf\":{\"@id\":\"https:\\\/\\\/staging.cdsboutique.com\\\/#website\"},\"primaryImageOfPage\":{\"@id\":\"https:\\\/\\\/staging.cdsboutique.com\\\/en\\\/product\\\/bent-oliz-koko-nora\\\/#primaryimage\"},\"image\":{\"@id\":\"https:\\\/\\\/staging.cdsboutique.com\\\/en\\\/product\\\/bent-oliz-koko-nora\\\/#primaryimage\"},\"thumbnailUrl\":\"https:\\\/\\\/staging.cdsboutique.com\\\/wp-content\\\/uploads\\\/2024\\\/01\\\/25338_bent_01.png\",\"datePublished\":\"2024-01-19T19:53:35+00:00\",\"dateModified\":\"2024-11-29T21:56:07+00:00\",\"description\":\"Give your residents a soft, soothing feeling with Bent, a cute, weighted sloth with multiple benefits. Its arms attach on the resident's shoulders.\",\"breadcrumb\":{\"@id\":\"https:\\\/\\\/staging.cdsboutique.com\\\/en\\\/product\\\/bent-oliz-koko-nora\\\/#breadcrumb\"},\"inLanguage\":\"en-US\",\"potentialAction\":[{\"@type\":\"ReadAction\",\"target\":[\"https:\\\/\\\/staging.cdsboutique.com\\\/en\\\/product\\\/bent-oliz-koko-nora\\\/\"]}]},{\"@type\":\"ImageObject\",\"inLanguage\":\"en-US\",\"@id\":\"https:\\\/\\\/staging.cdsboutique.com\\\/en\\\/product\\\/bent-oliz-koko-nora\\\/#primaryimage\",\"url\":\"https:\\\/\\\/staging.cdsboutique.com\\\/wp-content\\\/uploads\\\/2024\\\/01\\\/25338_bent_01.png\",\"contentUrl\":\"https:\\\/\\\/staging.cdsboutique.com\\\/wp-content\\\/uploads\\\/2024\\\/01\\\/25338_bent_01.png\",\"width\":1080,\"height\":1350},{\"@type\":\"BreadcrumbList\",\"@id\":\"https:\\\/\\\/staging.cdsboutique.com\\\/en\\\/product\\\/bent-oliz-koko-nora\\\/#breadcrumb\",\"itemListElement\":[{\"@type\":\"ListItem\",\"position\":1,\"name\":\"Home\",\"item\":\"https:\\\/\\\/staging.cdsboutique.com\\\/en\\\/\"},{\"@type\":\"ListItem\",\"position\":2,\"name\":\"Products\",\"item\":\"https:\\\/\\\/staging.cdsboutique.com\\\/en\\\/products\\\/\"},{\"@type\":\"ListItem\",\"position\":3,\"name\":\"Bent Weighted sloth &#8211; 5 kg\"}]},{\"@type\":\"WebSite\",\"@id\":\"https:\\\/\\\/staging.cdsboutique.com\\\/#website\",\"url\":\"https:\\\/\\\/staging.cdsboutique.com\\\/\",\"name\":\"CDS boutique A\u00een\u00e9s\",\"description\":\"Pour une meilleure qualit\u00e9 de vie\",\"publisher\":{\"@id\":\"https:\\\/\\\/staging.cdsboutique.com\\\/#organization\"},\"potentialAction\":[{\"@type\":\"SearchAction\",\"target\":{\"@type\":\"EntryPoint\",\"urlTemplate\":\"https:\\\/\\\/staging.cdsboutique.com\\\/?s={search_term_string}\"},\"query-input\":{\"@type\":\"PropertyValueSpecification\",\"valueRequired\":true,\"valueName\":\"search_term_string\"}}],\"inLanguage\":\"en-US\"},{\"@type\":\"Organization\",\"@id\":\"https:\\\/\\\/staging.cdsboutique.com\\\/#organization\",\"name\":\"CDS Boutique\",\"url\":\"https:\\\/\\\/staging.cdsboutique.com\\\/\",\"logo\":{\"@type\":\"ImageObject\",\"inLanguage\":\"en-US\",\"@id\":\"https:\\\/\\\/staging.cdsboutique.com\\\/#\\\/schema\\\/logo\\\/image\\\/\",\"url\":\"https:\\\/\\\/staging.cdsboutique.com\\\/wp-content\\\/uploads\\\/2024\\\/09\\\/logoCDS-Boutique_final2024.jpg\",\"contentUrl\":\"https:\\\/\\\/staging.cdsboutique.com\\\/wp-content\\\/uploads\\\/2024\\\/09\\\/logoCDS-Boutique_final2024.jpg\",\"width\":900,\"height\":600,\"caption\":\"CDS Boutique\"},\"image\":{\"@id\":\"https:\\\/\\\/staging.cdsboutique.com\\\/#\\\/schema\\\/logo\\\/image\\\/\"},\"sameAs\":[\"https:\\\/\\\/www.facebook.com\\\/CDSBoutique.Aines.Seniors\",\"https:\\\/\\\/www.youtube.com\\\/@cdsboutique4046\",\"https:\\\/\\\/www.linkedin.com\\\/company\\\/cds-boutique\\\/\",\"https:\\\/\\\/www.instagram.com\\\/cdsboutique\\\/\"]}]}<\/script>\n<!-- \/ Yoast SEO plugin. -->","yoast_head_json":{"title":"Bent Weighted sloth - 5 kg - CDS boutique A\u00een\u00e9s","description":"Give your residents a soft, soothing feeling with Bent, a cute, weighted sloth with multiple benefits. Its arms attach on the resident's shoulders.","robots":{"index":"noindex","follow":"follow","max-snippet":"max-snippet:-1","max-image-preview":"max-image-preview:large","max-video-preview":"max-video-preview:-1"},"og_locale":"en_US","og_type":"article","og_title":"Big Bent - Weigthed Sloth - 5 kg","og_description":"Give your residents a soft, soothing feeling with Bent, a cute, weighted sloth with multiple benefits. Its arms attach on the resident's shoulders.","og_url":"https:\/\/staging.cdsboutique.com\/en\/product\/bent-oliz-koko-nora\/","og_site_name":"CDS boutique A\u00een\u00e9s","article_publisher":"https:\/\/www.facebook.com\/CDSBoutique.Aines.Seniors","article_modified_time":"2024-11-29T21:56:07+00:00","og_image":[{"width":1050,"height":1050,"url":"https:\/\/staging.cdsboutique.com\/wp-content\/uploads\/2024\/01\/bent_web_1050x1050.jpg?_t=1761686450","type":"image\/jpeg"}],"twitter_card":"summary_large_image","twitter_misc":{"Est. reading time":"2 minutes"},"schema":{"@context":"https:\/\/schema.org","@graph":[{"@type":"WebPage","@id":"https:\/\/staging.cdsboutique.com\/en\/product\/bent-oliz-koko-nora\/","url":"https:\/\/staging.cdsboutique.com\/en\/product\/bent-oliz-koko-nora\/","name":"Bent Weighted sloth - 5 kg - CDS boutique A\u00een\u00e9s","isPartOf":{"@id":"https:\/\/staging.cdsboutique.com\/#website"},"primaryImageOfPage":{"@id":"https:\/\/staging.cdsboutique.com\/en\/product\/bent-oliz-koko-nora\/#primaryimage"},"image":{"@id":"https:\/\/staging.cdsboutique.com\/en\/product\/bent-oliz-koko-nora\/#primaryimage"},"thumbnailUrl":"https:\/\/staging.cdsboutique.com\/wp-content\/uploads\/2024\/01\/25338_bent_01.png","datePublished":"2024-01-19T19:53:35+00:00","dateModified":"2024-11-29T21:56:07+00:00","description":"Give your residents a soft, soothing feeling with Bent, a cute, weighted sloth with multiple benefits. Its arms attach on the resident's shoulders.","breadcrumb":{"@id":"https:\/\/staging.cdsboutique.com\/en\/product\/bent-oliz-koko-nora\/#breadcrumb"},"inLanguage":"en-US","potentialAction":[{"@type":"ReadAction","target":["https:\/\/staging.cdsboutique.com\/en\/product\/bent-oliz-koko-nora\/"]}]},{"@type":"ImageObject","inLanguage":"en-US","@id":"https:\/\/staging.cdsboutique.com\/en\/product\/bent-oliz-koko-nora\/#primaryimage","url":"https:\/\/staging.cdsboutique.com\/wp-content\/uploads\/2024\/01\/25338_bent_01.png","contentUrl":"https:\/\/staging.cdsboutique.com\/wp-content\/uploads\/2024\/01\/25338_bent_01.png","width":1080,"height":1350},{"@type":"BreadcrumbList","@id":"https:\/\/staging.cdsboutique.com\/en\/product\/bent-oliz-koko-nora\/#breadcrumb","itemListElement":[{"@type":"ListItem","position":1,"name":"Home","item":"https:\/\/staging.cdsboutique.com\/en\/"},{"@type":"ListItem","position":2,"name":"Products","item":"https:\/\/staging.cdsboutique.com\/en\/products\/"},{"@type":"ListItem","position":3,"name":"Bent Weighted sloth &#8211; 5 kg"}]},{"@type":"WebSite","@id":"https:\/\/staging.cdsboutique.com\/#website","url":"https:\/\/staging.cdsboutique.com\/","name":"CDS boutique A\u00een\u00e9s","description":"Pour une meilleure qualit\u00e9 de vie","publisher":{"@id":"https:\/\/staging.cdsboutique.com\/#organization"},"potentialAction":[{"@type":"SearchAction","target":{"@type":"EntryPoint","urlTemplate":"https:\/\/staging.cdsboutique.com\/?s={search_term_string}"},"query-input":{"@type":"PropertyValueSpecification","valueRequired":true,"valueName":"search_term_string"}}],"inLanguage":"en-US"},{"@type":"Organization","@id":"https:\/\/staging.cdsboutique.com\/#organization","name":"CDS Boutique","url":"https:\/\/staging.cdsboutique.com\/","logo":{"@type":"ImageObject","inLanguage":"en-US","@id":"https:\/\/staging.cdsboutique.com\/#\/schema\/logo\/image\/","url":"https:\/\/staging.cdsboutique.com\/wp-content\/uploads\/2024\/09\/logoCDS-Boutique_final2024.jpg","contentUrl":"https:\/\/staging.cdsboutique.com\/wp-content\/uploads\/2024\/09\/logoCDS-Boutique_final2024.jpg","width":900,"height":600,"caption":"CDS Boutique"},"image":{"@id":"https:\/\/staging.cdsboutique.com\/#\/schema\/logo\/image\/"},"sameAs":["https:\/\/www.facebook.com\/CDSBoutique.Aines.Seniors","https:\/\/www.youtube.com\/@cdsboutique4046","https:\/\/www.linkedin.com\/company\/cds-boutique\/","https:\/\/www.instagram.com\/cdsboutique\/"]}]}},"_links":{"self":[{"href":"https:\/\/staging.cdsboutique.com\/en\/wp-json\/wp\/v2\/product\/59371","targetHints":{"allow":["GET"]}}],"collection":[{"href":"https:\/\/staging.cdsboutique.com\/en\/wp-json\/wp\/v2\/product"}],"about":[{"href":"https:\/\/staging.cdsboutique.com\/en\/wp-json\/wp\/v2\/types\/product"}],"replies":[{"embeddable":true,"href":"https:\/\/staging.cdsboutique.com\/en\/wp-json\/wp\/v2\/comments?post=59371"}],"wp:featuredmedia":[{"embeddable":true,"href":"https:\/\/staging.cdsboutique.com\/en\/wp-json\/wp\/v2\/media\/70474"}],"wp:attachment":[{"href":"https:\/\/staging.cdsboutique.com\/en\/wp-json\/wp\/v2\/media?parent=59371"}],"wp:term":[{"taxonomy":"product_brand","embeddable":true,"href":"https:\/\/staging.cdsboutique.com\/en\/wp-json\/wp\/v2\/product_brand?post=59371"},{"taxonomy":"product_cat","embeddable":true,"href":"https:\/\/staging.cdsboutique.com\/en\/wp-json\/wp\/v2\/product_cat?post=59371"},{"taxonomy":"product_tag","embeddable":true,"href":"https:\/\/staging.cdsboutique.com\/en\/wp-json\/wp\/v2\/product_tag?post=59371"}],"curies":[{"name":"wp","href":"https:\/\/api.w.org\/{rel}","templated":true}]}}