{"id":59434,"date":"2024-01-22T12:56:04","date_gmt":"2024-01-22T17:56:04","guid":{"rendered":"https:\/\/cdsboutique.com\/?post_type=product&#038;p=59434"},"modified":"2026-01-06T15:47:26","modified_gmt":"2026-01-06T20:47:26","slug":"fidget-blanket","status":"publish","type":"product","link":"https:\/\/staging.cdsboutique.com\/en\/produit\/fidget-blanket\/","title":{"rendered":"Fidget Blanket"},"content":{"rendered":"<p><span style=\"color: #ff6600;\"><strong>AVAILABLE starting March 2026<\/strong><\/span><\/p>\n<p><strong><span data-preserver-spaces=\"true\">Awaken the senses of your Seniors living with alzheimer&#8217;s with Assistex&#8217;s colorful and playful Activity Mat!<\/span><\/strong><\/p>\n<p><span data-preserver-spaces=\"true\">Offer an enriching sensory experience to your residents living with cognitive disorders with this brand-new fine motor activity mat. Carefully designed to stimulate dexterity and awaken the senses, this colourful mat is an invitation to exploration and rediscovery!<\/span><\/p>\n<p><span data-preserver-spaces=\"true\">Every inch of this therapeutic tool is a palette of vibrant colours! Providing a stimulating visual, it brightens your residents&#8217; day while capturing their attention.<\/span><\/p>\n<p><span data-preserver-spaces=\"true\">This mat features a multitude of activities and textures to discover and explore. You&#8217;ll find sequins, a zipper, buttons, colourful ribbons, Velcro, faux fur, and much more!<\/span><\/p>\n<p><span data-preserver-spaces=\"true\">Each activity is engaging and tailored to different users living with cognitive deficits. It&#8217;s a comprehensive mat that promotes fine motor skills and stimulates the brain!<\/span><\/p>\n<p><span data-preserver-spaces=\"true\">To make your life easier, this mat is designed for easy storage. You can unfold, store, or move it from room to room without hassle!<\/span><\/p>\n<p><span data-preserver-spaces=\"true\">An activity booklet is also included.<\/span><\/p>\n<p><span data-preserver-spaces=\"true\"><strong>Dimensions:<\/strong> 30 x 60 cm<\/span><\/p>\n","protected":false},"excerpt":{"rendered":"<p>AVAILABLE starting March 2026 Awaken the senses of your Seniors living with alzheimer&#8217;s with Assistex&#8217;s colorful and playful Activity Mat! Offer an enriching sensory experience to your residents living with cognitive disorders with this brand-new fine motor activity mat. Carefully designed to stimulate dexterity and awaken the senses, this colourful mat is an invitation to [&hellip;]<\/p>\n","protected":false},"featured_media":59437,"comment_status":"open","ping_status":"closed","template":"","meta":{"_acf_changed":false},"product_brand":[],"product_cat":[4401,4091],"product_tag":[4680],"class_list":{"0":"post-59434","1":"product","2":"type-product","3":"status-publish","4":"has-post-thumbnail","6":"product_cat-all","7":"product_cat-new-arrivals","8":"product_tag-news-en","9":"product_shipping_class-frais-de-livraison-en","11":"first","12":"instock","13":"taxable","14":"shipping-taxable","15":"purchasable","16":"product-type-simple"},"bundled_by":[],"bundle_stock_status":"instock","bundle_stock_quantity":null,"bundle_virtual":false,"bundle_layout":"","bundle_add_to_cart_form_location":"","bundle_editable_in_cart":false,"bundle_sold_individually_context":"","bundle_item_grouping":"","bundle_min_size":"","bundle_max_size":"","bundle_price":[],"bundled_items":[],"bundle_sell_ids":[],"acf":[],"featured_image_urls_v2":{"full":["https:\/\/staging.cdsboutique.com\/wp-content\/uploads\/2024\/01\/TAPIS_COUSSIN.png",1050,1050,false],"thumbnail":["https:\/\/staging.cdsboutique.com\/wp-content\/uploads\/2024\/01\/TAPIS_COUSSIN-150x150.png",150,150,true],"medium":["https:\/\/staging.cdsboutique.com\/wp-content\/uploads\/2024\/01\/TAPIS_COUSSIN-300x300.png",300,300,true],"medium_large":["https:\/\/staging.cdsboutique.com\/wp-content\/uploads\/2024\/01\/TAPIS_COUSSIN-768x768.png",768,768,true],"large":["https:\/\/staging.cdsboutique.com\/wp-content\/uploads\/2024\/01\/TAPIS_COUSSIN-1024x1024.png",980,980,true],"1536x1536":["https:\/\/staging.cdsboutique.com\/wp-content\/uploads\/2024\/01\/TAPIS_COUSSIN.png",1050,1050,false],"2048x2048":["https:\/\/staging.cdsboutique.com\/wp-content\/uploads\/2024\/01\/TAPIS_COUSSIN.png",1050,1050,false],"gform-image-choice-sm":["https:\/\/staging.cdsboutique.com\/wp-content\/uploads\/2024\/01\/TAPIS_COUSSIN.png",300,300,false],"gform-image-choice-md":["https:\/\/staging.cdsboutique.com\/wp-content\/uploads\/2024\/01\/TAPIS_COUSSIN.png",400,400,false],"gform-image-choice-lg":["https:\/\/staging.cdsboutique.com\/wp-content\/uploads\/2024\/01\/TAPIS_COUSSIN.png",600,600,false],"woocommerce_thumbnail":["https:\/\/staging.cdsboutique.com\/wp-content\/uploads\/2024\/01\/TAPIS_COUSSIN-300x300.png",300,300,true],"woocommerce_single":["https:\/\/staging.cdsboutique.com\/wp-content\/uploads\/2024\/01\/TAPIS_COUSSIN-600x600.png",600,600,true],"woocommerce_gallery_thumbnail":["https:\/\/staging.cdsboutique.com\/wp-content\/uploads\/2024\/01\/TAPIS_COUSSIN-100x100.png",100,100,true],"variation_swatches_image_size":["https:\/\/staging.cdsboutique.com\/wp-content\/uploads\/2024\/01\/TAPIS_COUSSIN-50x50.png",50,50,true],"variation_swatches_tooltip_size":["https:\/\/staging.cdsboutique.com\/wp-content\/uploads\/2024\/01\/TAPIS_COUSSIN-100x100.png",100,100,true],"logo-size":["https:\/\/staging.cdsboutique.com\/wp-content\/uploads\/2024\/01\/TAPIS_COUSSIN-84x84.png",84,84,true],"blog":["https:\/\/staging.cdsboutique.com\/wp-content\/uploads\/2024\/01\/TAPIS_COUSSIN-350x260.png",350,260,true]},"post_excerpt_stackable_v2":"<p>AVAILABLE starting March 2026 Awaken the senses of your Seniors living with alzheimer&#8217;s with Assistex&#8217;s colorful and playful Activity Mat! Offer an enriching sensory experience to your residents living with cognitive disorders with this brand-new fine motor activity mat. Carefully designed to stimulate dexterity and awaken the senses, this colourful mat is an invitation to exploration and rediscovery! Every inch of this therapeutic tool is a palette of vibrant colours! Providing a stimulating visual, it brightens your residents&#8217; day while capturing their attention. This mat features a multitude of activities and textures to discover and explore. You&#8217;ll find sequins, a&hellip;<\/p>\n","category_list_v2":"","author_info_v2":{"name":"","url":""},"comments_num_v2":"0 comments","yoast_head":"<!-- This site is optimized with the Yoast SEO plugin v27.4 - https:\/\/yoast.com\/product\/yoast-seo-wordpress\/ -->\n<title>Fidget Blanket - CDS boutique A\u00een\u00e9s<\/title>\n<meta name=\"description\" content=\"Awaken the senses of your Seniors living with alzheimer&#039;s with Assistex&#039;s colorful and playful Activity Mat!\" \/>\n<meta name=\"robots\" content=\"noindex, follow, max-snippet:-1, max-image-preview:large, max-video-preview:-1\" \/>\n<meta property=\"og:locale\" content=\"en_US\" \/>\n<meta property=\"og:type\" content=\"article\" \/>\n<meta property=\"og:title\" content=\"Fidget Blanket - CDS boutique A\u00een\u00e9s\" \/>\n<meta property=\"og:description\" content=\"Awaken the senses of your Seniors living with alzheimer&#039;s with Assistex&#039;s colorful and playful Activity Mat!\" \/>\n<meta property=\"og:url\" content=\"https:\/\/staging.cdsboutique.com\/en\/product\/fidget-blanket\/\" \/>\n<meta property=\"og:site_name\" content=\"CDS boutique A\u00een\u00e9s\" \/>\n<meta property=\"article:publisher\" content=\"https:\/\/www.facebook.com\/CDSBoutique.Aines.Seniors\" \/>\n<meta property=\"article:modified_time\" content=\"2026-01-06T20:47:26+00:00\" \/>\n<meta property=\"og:image\" content=\"https:\/\/staging.cdsboutique.com\/wp-content\/uploads\/2024\/01\/TAPIS_COUSSIN.png?_t=1767732446\" \/>\n\t<meta property=\"og:image:width\" content=\"1050\" \/>\n\t<meta property=\"og:image:height\" content=\"1050\" \/>\n\t<meta property=\"og:image:type\" content=\"image\/png\" \/>\n<meta name=\"twitter:card\" content=\"summary_large_image\" \/>\n<meta name=\"twitter:label1\" content=\"Est. reading time\" \/>\n\t<meta name=\"twitter:data1\" content=\"2 minutes\" \/>\n<script type=\"application\/ld+json\" class=\"yoast-schema-graph\">{\"@context\":\"https:\\\/\\\/schema.org\",\"@graph\":[{\"@type\":\"WebPage\",\"@id\":\"https:\\\/\\\/staging.cdsboutique.com\\\/en\\\/product\\\/fidget-blanket\\\/\",\"url\":\"https:\\\/\\\/staging.cdsboutique.com\\\/en\\\/product\\\/fidget-blanket\\\/\",\"name\":\"Fidget Blanket - CDS boutique A\u00een\u00e9s\",\"isPartOf\":{\"@id\":\"https:\\\/\\\/staging.cdsboutique.com\\\/#website\"},\"primaryImageOfPage\":{\"@id\":\"https:\\\/\\\/staging.cdsboutique.com\\\/en\\\/product\\\/fidget-blanket\\\/#primaryimage\"},\"image\":{\"@id\":\"https:\\\/\\\/staging.cdsboutique.com\\\/en\\\/product\\\/fidget-blanket\\\/#primaryimage\"},\"thumbnailUrl\":\"https:\\\/\\\/staging.cdsboutique.com\\\/wp-content\\\/uploads\\\/2024\\\/01\\\/TAPIS_COUSSIN.png\",\"datePublished\":\"2024-01-22T17:56:04+00:00\",\"dateModified\":\"2026-01-06T20:47:26+00:00\",\"description\":\"Awaken the senses of your Seniors living with alzheimer's with Assistex's colorful and playful Activity Mat!\",\"breadcrumb\":{\"@id\":\"https:\\\/\\\/staging.cdsboutique.com\\\/en\\\/product\\\/fidget-blanket\\\/#breadcrumb\"},\"inLanguage\":\"en-US\",\"potentialAction\":[{\"@type\":\"ReadAction\",\"target\":[\"https:\\\/\\\/staging.cdsboutique.com\\\/en\\\/product\\\/fidget-blanket\\\/\"]}]},{\"@type\":\"ImageObject\",\"inLanguage\":\"en-US\",\"@id\":\"https:\\\/\\\/staging.cdsboutique.com\\\/en\\\/product\\\/fidget-blanket\\\/#primaryimage\",\"url\":\"https:\\\/\\\/staging.cdsboutique.com\\\/wp-content\\\/uploads\\\/2024\\\/01\\\/TAPIS_COUSSIN.png\",\"contentUrl\":\"https:\\\/\\\/staging.cdsboutique.com\\\/wp-content\\\/uploads\\\/2024\\\/01\\\/TAPIS_COUSSIN.png\",\"width\":1050,\"height\":1050},{\"@type\":\"BreadcrumbList\",\"@id\":\"https:\\\/\\\/staging.cdsboutique.com\\\/en\\\/product\\\/fidget-blanket\\\/#breadcrumb\",\"itemListElement\":[{\"@type\":\"ListItem\",\"position\":1,\"name\":\"Home\",\"item\":\"https:\\\/\\\/staging.cdsboutique.com\\\/en\\\/\"},{\"@type\":\"ListItem\",\"position\":2,\"name\":\"Products\",\"item\":\"https:\\\/\\\/staging.cdsboutique.com\\\/en\\\/products\\\/\"},{\"@type\":\"ListItem\",\"position\":3,\"name\":\"Fidget Blanket\"}]},{\"@type\":\"WebSite\",\"@id\":\"https:\\\/\\\/staging.cdsboutique.com\\\/#website\",\"url\":\"https:\\\/\\\/staging.cdsboutique.com\\\/\",\"name\":\"CDS boutique A\u00een\u00e9s\",\"description\":\"Pour une meilleure qualit\u00e9 de vie\",\"publisher\":{\"@id\":\"https:\\\/\\\/staging.cdsboutique.com\\\/#organization\"},\"potentialAction\":[{\"@type\":\"SearchAction\",\"target\":{\"@type\":\"EntryPoint\",\"urlTemplate\":\"https:\\\/\\\/staging.cdsboutique.com\\\/?s={search_term_string}\"},\"query-input\":{\"@type\":\"PropertyValueSpecification\",\"valueRequired\":true,\"valueName\":\"search_term_string\"}}],\"inLanguage\":\"en-US\"},{\"@type\":\"Organization\",\"@id\":\"https:\\\/\\\/staging.cdsboutique.com\\\/#organization\",\"name\":\"CDS Boutique\",\"url\":\"https:\\\/\\\/staging.cdsboutique.com\\\/\",\"logo\":{\"@type\":\"ImageObject\",\"inLanguage\":\"en-US\",\"@id\":\"https:\\\/\\\/staging.cdsboutique.com\\\/#\\\/schema\\\/logo\\\/image\\\/\",\"url\":\"https:\\\/\\\/staging.cdsboutique.com\\\/wp-content\\\/uploads\\\/2024\\\/09\\\/logoCDS-Boutique_final2024.jpg\",\"contentUrl\":\"https:\\\/\\\/staging.cdsboutique.com\\\/wp-content\\\/uploads\\\/2024\\\/09\\\/logoCDS-Boutique_final2024.jpg\",\"width\":900,\"height\":600,\"caption\":\"CDS Boutique\"},\"image\":{\"@id\":\"https:\\\/\\\/staging.cdsboutique.com\\\/#\\\/schema\\\/logo\\\/image\\\/\"},\"sameAs\":[\"https:\\\/\\\/www.facebook.com\\\/CDSBoutique.Aines.Seniors\",\"https:\\\/\\\/www.youtube.com\\\/@cdsboutique4046\",\"https:\\\/\\\/www.linkedin.com\\\/company\\\/cds-boutique\\\/\",\"https:\\\/\\\/www.instagram.com\\\/cdsboutique\\\/\"]}]}<\/script>\n<!-- \/ Yoast SEO plugin. -->","yoast_head_json":{"title":"Fidget Blanket - CDS boutique A\u00een\u00e9s","description":"Awaken the senses of your Seniors living with alzheimer's with Assistex's colorful and playful Activity Mat!","robots":{"index":"noindex","follow":"follow","max-snippet":"max-snippet:-1","max-image-preview":"max-image-preview:large","max-video-preview":"max-video-preview:-1"},"og_locale":"en_US","og_type":"article","og_title":"Fidget Blanket - CDS boutique A\u00een\u00e9s","og_description":"Awaken the senses of your Seniors living with alzheimer's with Assistex's colorful and playful Activity Mat!","og_url":"https:\/\/staging.cdsboutique.com\/en\/product\/fidget-blanket\/","og_site_name":"CDS boutique A\u00een\u00e9s","article_publisher":"https:\/\/www.facebook.com\/CDSBoutique.Aines.Seniors","article_modified_time":"2026-01-06T20:47:26+00:00","og_image":[{"width":1050,"height":1050,"url":"https:\/\/staging.cdsboutique.com\/wp-content\/uploads\/2024\/01\/TAPIS_COUSSIN.png?_t=1767732446","type":"image\/png"}],"twitter_card":"summary_large_image","twitter_misc":{"Est. reading time":"2 minutes"},"schema":{"@context":"https:\/\/schema.org","@graph":[{"@type":"WebPage","@id":"https:\/\/staging.cdsboutique.com\/en\/product\/fidget-blanket\/","url":"https:\/\/staging.cdsboutique.com\/en\/product\/fidget-blanket\/","name":"Fidget Blanket - CDS boutique A\u00een\u00e9s","isPartOf":{"@id":"https:\/\/staging.cdsboutique.com\/#website"},"primaryImageOfPage":{"@id":"https:\/\/staging.cdsboutique.com\/en\/product\/fidget-blanket\/#primaryimage"},"image":{"@id":"https:\/\/staging.cdsboutique.com\/en\/product\/fidget-blanket\/#primaryimage"},"thumbnailUrl":"https:\/\/staging.cdsboutique.com\/wp-content\/uploads\/2024\/01\/TAPIS_COUSSIN.png","datePublished":"2024-01-22T17:56:04+00:00","dateModified":"2026-01-06T20:47:26+00:00","description":"Awaken the senses of your Seniors living with alzheimer's with Assistex's colorful and playful Activity Mat!","breadcrumb":{"@id":"https:\/\/staging.cdsboutique.com\/en\/product\/fidget-blanket\/#breadcrumb"},"inLanguage":"en-US","potentialAction":[{"@type":"ReadAction","target":["https:\/\/staging.cdsboutique.com\/en\/product\/fidget-blanket\/"]}]},{"@type":"ImageObject","inLanguage":"en-US","@id":"https:\/\/staging.cdsboutique.com\/en\/product\/fidget-blanket\/#primaryimage","url":"https:\/\/staging.cdsboutique.com\/wp-content\/uploads\/2024\/01\/TAPIS_COUSSIN.png","contentUrl":"https:\/\/staging.cdsboutique.com\/wp-content\/uploads\/2024\/01\/TAPIS_COUSSIN.png","width":1050,"height":1050},{"@type":"BreadcrumbList","@id":"https:\/\/staging.cdsboutique.com\/en\/product\/fidget-blanket\/#breadcrumb","itemListElement":[{"@type":"ListItem","position":1,"name":"Home","item":"https:\/\/staging.cdsboutique.com\/en\/"},{"@type":"ListItem","position":2,"name":"Products","item":"https:\/\/staging.cdsboutique.com\/en\/products\/"},{"@type":"ListItem","position":3,"name":"Fidget Blanket"}]},{"@type":"WebSite","@id":"https:\/\/staging.cdsboutique.com\/#website","url":"https:\/\/staging.cdsboutique.com\/","name":"CDS boutique A\u00een\u00e9s","description":"Pour une meilleure qualit\u00e9 de vie","publisher":{"@id":"https:\/\/staging.cdsboutique.com\/#organization"},"potentialAction":[{"@type":"SearchAction","target":{"@type":"EntryPoint","urlTemplate":"https:\/\/staging.cdsboutique.com\/?s={search_term_string}"},"query-input":{"@type":"PropertyValueSpecification","valueRequired":true,"valueName":"search_term_string"}}],"inLanguage":"en-US"},{"@type":"Organization","@id":"https:\/\/staging.cdsboutique.com\/#organization","name":"CDS Boutique","url":"https:\/\/staging.cdsboutique.com\/","logo":{"@type":"ImageObject","inLanguage":"en-US","@id":"https:\/\/staging.cdsboutique.com\/#\/schema\/logo\/image\/","url":"https:\/\/staging.cdsboutique.com\/wp-content\/uploads\/2024\/09\/logoCDS-Boutique_final2024.jpg","contentUrl":"https:\/\/staging.cdsboutique.com\/wp-content\/uploads\/2024\/09\/logoCDS-Boutique_final2024.jpg","width":900,"height":600,"caption":"CDS Boutique"},"image":{"@id":"https:\/\/staging.cdsboutique.com\/#\/schema\/logo\/image\/"},"sameAs":["https:\/\/www.facebook.com\/CDSBoutique.Aines.Seniors","https:\/\/www.youtube.com\/@cdsboutique4046","https:\/\/www.linkedin.com\/company\/cds-boutique\/","https:\/\/www.instagram.com\/cdsboutique\/"]}]}},"_links":{"self":[{"href":"https:\/\/staging.cdsboutique.com\/en\/wp-json\/wp\/v2\/product\/59434","targetHints":{"allow":["GET"]}}],"collection":[{"href":"https:\/\/staging.cdsboutique.com\/en\/wp-json\/wp\/v2\/product"}],"about":[{"href":"https:\/\/staging.cdsboutique.com\/en\/wp-json\/wp\/v2\/types\/product"}],"replies":[{"embeddable":true,"href":"https:\/\/staging.cdsboutique.com\/en\/wp-json\/wp\/v2\/comments?post=59434"}],"wp:featuredmedia":[{"embeddable":true,"href":"https:\/\/staging.cdsboutique.com\/en\/wp-json\/wp\/v2\/media\/59437"}],"wp:attachment":[{"href":"https:\/\/staging.cdsboutique.com\/en\/wp-json\/wp\/v2\/media?parent=59434"}],"wp:term":[{"taxonomy":"product_brand","embeddable":true,"href":"https:\/\/staging.cdsboutique.com\/en\/wp-json\/wp\/v2\/product_brand?post=59434"},{"taxonomy":"product_cat","embeddable":true,"href":"https:\/\/staging.cdsboutique.com\/en\/wp-json\/wp\/v2\/product_cat?post=59434"},{"taxonomy":"product_tag","embeddable":true,"href":"https:\/\/staging.cdsboutique.com\/en\/wp-json\/wp\/v2\/product_tag?post=59434"}],"curies":[{"name":"wp","href":"https:\/\/api.w.org\/{rel}","templated":true}]}}