{"id":59713,"date":"2023-12-31T14:32:14","date_gmt":"2023-12-31T19:32:14","guid":{"rendered":"https:\/\/cdsboutique.com\/?post_type=product&#038;p=59713"},"modified":"2024-04-04T14:26:29","modified_gmt":"2024-04-04T18:26:29","slug":"inmurhythm-multisensory-interactive-cushion-copie","status":"publish","type":"product","link":"https:\/\/staging.cdsboutique.com\/en\/produit\/inmurhythm-multisensory-interactive-cushion-copie\/","title":{"rendered":"inmuRHYTHM &#8211; multisensory interactive cushion"},"content":{"rendered":"<p><strong>inmuRHYTHM is a fascinating multi-sensory cushion that produces rhythmic music and vibrations to reward even the simplest of movements.<\/strong><\/p>\n<p>The advanced technology behind the cushion allows movements to be detected and immediately transformed into a magical response.<\/p>\n<p>inmuRHYTHM design is all about simplicity, structure and texture which perfectly reflects the cushion&#8217;s philosophy. Using inmuRHYTHM is like playing the drums, the bongo, and other percussion instruments: it&#8217;s intuitive, easy, and FUN! The percussive music that emanates from it speak for itself as to why it&#8217;s an excellent tool for socialization, communication and, above all, physical activity! inmuRHYTHM is also known to be really effective to improve focus and concentration as the rhythm it produces can centre the children\u2019s mind, making simple things as feeling their breath or regulate their heart beat easier. A versatile and oh-so-relevant tool to integrate into children&#8217;s daily lives!<\/p>\n<p>See why inmuRHYTHM is a must-have:<\/p>\n<ul>\n<li>Perfectly adapted to children who live with or without cognitive challenges<\/li>\n<li>Perfect size for holding with one or two hands while moving around lively<\/li>\n<li>Durable enough to keep your head clear while the kids use it<\/li>\n<li>No buttons, so impossible to disrupt while using<\/li>\n<li>Washable cover, which can also be replaced by a hygienic cover for faster and easier disinfection<\/li>\n<li>Reactive, it wakes up as soon as you move it<\/li>\n<\/ul>\n<p>&nbsp;<\/p>\n<p><u>DETAILS<\/u><\/p>\n<p>22cm x 23cm<br \/>\nCharger included. Up to 3 weeks battery life for regular use.<br \/>\n$400 deal on a box of 4.<br \/>\n3 levels of volume available.<\/p>\n<p>&nbsp;<\/p>\n<p><em>Note: As soon as you buy one inmu, you will receive a free in-person or virtual training to use the interactive cushion. The date will be determined depending on your schedule. <\/em><\/p>\n<p><em>Important: this product is not refundable or exchangeable for hygiene reason. We suggest you to consult our \u00ab compare inmu \u00bb section to make sure you buy the most adapted product for your situation.<\/em><\/p>\n","protected":false},"excerpt":{"rendered":"<p>inmuRHYTHM meets your energy level. If you are in high arousal, you get energetic music in your ears and you feel a<strong> rhythmic vibration<\/strong> in your body. This brings energy and structure to your mind and gets your kids moving! When you hug or shake inmuRHYTHM the music instantly wakes up and you get a boost of energy. Using inmuRHYTHM is like playing the drums, the bongo, and other <strong>percussion instruments<\/strong>: <strong>it&#8217;s intuitive, easy, and FUN!<\/strong><\/p>\n","protected":false},"featured_media":51007,"comment_status":"open","ping_status":"closed","template":"","meta":{"_acf_changed":false},"product_brand":[],"product_cat":[4666],"product_tag":[4671,4672],"class_list":{"0":"post-59713","1":"product","2":"type-product","3":"status-publish","4":"has-post-thumbnail","6":"product_cat-children","7":"product_tag-inmu-star","8":"product_tag-inmurhythm-en","9":"product_shipping_class-additional-shipping-costs","10":"pa_couleur-blue","11":"pa_couleur-pink","12":"pa_couleur-sand-en","14":"first","15":"instock","16":"taxable","17":"shipping-taxable","18":"purchasable","19":"product-type-simple"},"bundled_by":[],"bundle_stock_status":"instock","bundle_stock_quantity":null,"bundle_virtual":false,"bundle_layout":"","bundle_add_to_cart_form_location":"","bundle_editable_in_cart":false,"bundle_sold_individually_context":"","bundle_item_grouping":"","bundle_min_size":"","bundle_max_size":"","bundle_price":[],"bundled_items":[],"bundle_sell_ids":[],"acf":[],"featured_image_urls_v2":{"full":["https:\/\/staging.cdsboutique.com\/wp-content\/uploads\/2023\/04\/inmu_rythm_0.png",500,500,false],"thumbnail":["https:\/\/staging.cdsboutique.com\/wp-content\/uploads\/2023\/04\/inmu_rythm_0-150x150.png",150,150,true],"medium":["https:\/\/staging.cdsboutique.com\/wp-content\/uploads\/2023\/04\/inmu_rythm_0-300x300.png",300,300,true],"medium_large":["https:\/\/staging.cdsboutique.com\/wp-content\/uploads\/2023\/04\/inmu_rythm_0.png",500,500,false],"large":["https:\/\/staging.cdsboutique.com\/wp-content\/uploads\/2023\/04\/inmu_rythm_0.png",500,500,false],"1536x1536":["https:\/\/staging.cdsboutique.com\/wp-content\/uploads\/2023\/04\/inmu_rythm_0.png",500,500,false],"2048x2048":["https:\/\/staging.cdsboutique.com\/wp-content\/uploads\/2023\/04\/inmu_rythm_0.png",500,500,false],"gform-image-choice-sm":["https:\/\/staging.cdsboutique.com\/wp-content\/uploads\/2023\/04\/inmu_rythm_0.png",300,300,false],"gform-image-choice-md":["https:\/\/staging.cdsboutique.com\/wp-content\/uploads\/2023\/04\/inmu_rythm_0.png",400,400,false],"gform-image-choice-lg":["https:\/\/staging.cdsboutique.com\/wp-content\/uploads\/2023\/04\/inmu_rythm_0.png",500,500,false],"woocommerce_thumbnail":["https:\/\/staging.cdsboutique.com\/wp-content\/uploads\/2023\/04\/inmu_rythm_0-300x300.png",300,300,true],"woocommerce_single":["https:\/\/staging.cdsboutique.com\/wp-content\/uploads\/2023\/04\/inmu_rythm_0.png",500,500,false],"woocommerce_gallery_thumbnail":["https:\/\/staging.cdsboutique.com\/wp-content\/uploads\/2023\/04\/inmu_rythm_0-100x100.png",100,100,true],"variation_swatches_image_size":["https:\/\/staging.cdsboutique.com\/wp-content\/uploads\/2023\/04\/inmu_rythm_0.png",50,50,false],"variation_swatches_tooltip_size":["https:\/\/staging.cdsboutique.com\/wp-content\/uploads\/2023\/04\/inmu_rythm_0.png",100,100,false],"logo-size":["https:\/\/staging.cdsboutique.com\/wp-content\/uploads\/2023\/04\/inmu_rythm_0-84x84.png",84,84,true],"blog":["https:\/\/staging.cdsboutique.com\/wp-content\/uploads\/2023\/04\/inmu_rythm_0-350x260.png",350,260,true]},"post_excerpt_stackable_v2":"<p>inmuRHYTHM meets your energy level. If you are in high arousal, you get energetic music in your ears and you feel a<strong> rhythmic vibration<\/strong> in your body. This brings energy and structure to your mind and gets your kids moving! When you hug or shake inmuRHYTHM the music instantly wakes up and you get a boost of energy. Using inmuRHYTHM is like playing the drums, the bongo, and other <strong>percussion instruments<\/strong>: <strong>it&#8217;s intuitive, easy, and FUN!<\/strong><\/p>\n","category_list_v2":"","author_info_v2":{"name":"","url":""},"comments_num_v2":"0 comments","yoast_head":"<!-- This site is optimized with the Yoast SEO plugin v27.4 - https:\/\/yoast.com\/product\/yoast-seo-wordpress\/ -->\n<title>inmuRHYTHM - multisensory interactive cushion - CDS Boutique<\/title>\n<meta name=\"description\" content=\"inmuRHYTHM meets your energy level. If you are in high arousal, you get energetic music in your ears and you feel a rhythmic vibration in your body.\" \/>\n<meta name=\"robots\" content=\"noindex, follow, max-snippet:-1, max-image-preview:large, max-video-preview:-1\" \/>\n<meta property=\"og:locale\" content=\"en_US\" \/>\n<meta property=\"og:type\" content=\"article\" \/>\n<meta property=\"og:title\" content=\"inmuRHYTHM - multisensory interactive cushion - CDS Boutique\" \/>\n<meta property=\"og:description\" content=\"inmuRHYTHM meets your energy level. If you are in high arousal, you get energetic music in your ears and you feel a rhythmic vibration in your body.\" \/>\n<meta property=\"og:url\" content=\"https:\/\/staging.cdsboutique.com\/en\/product\/inmurhythm-multisensory-interactive-cushion-copie\/\" \/>\n<meta property=\"og:site_name\" content=\"CDS boutique A\u00een\u00e9s\" \/>\n<meta property=\"article:publisher\" content=\"https:\/\/www.facebook.com\/CDSBoutique.Aines.Seniors\" \/>\n<meta property=\"article:modified_time\" content=\"2024-04-04T18:26:29+00:00\" \/>\n<meta property=\"og:image\" content=\"https:\/\/staging.cdsboutique.com\/wp-content\/uploads\/2023\/04\/inmu_rythm_0.png?_t=1765989158\" \/>\n\t<meta property=\"og:image:width\" content=\"500\" \/>\n\t<meta property=\"og:image:height\" content=\"500\" \/>\n\t<meta property=\"og:image:type\" content=\"image\/png\" \/>\n<meta name=\"twitter:card\" content=\"summary_large_image\" \/>\n<meta name=\"twitter:label1\" content=\"Est. reading time\" \/>\n\t<meta name=\"twitter:data1\" content=\"3 minutes\" \/>\n<script type=\"application\/ld+json\" class=\"yoast-schema-graph\">{\"@context\":\"https:\\\/\\\/schema.org\",\"@graph\":[{\"@type\":\"WebPage\",\"@id\":\"https:\\\/\\\/staging.cdsboutique.com\\\/en\\\/product\\\/inmurhythm-multisensory-interactive-cushion-copie\\\/\",\"url\":\"https:\\\/\\\/staging.cdsboutique.com\\\/en\\\/product\\\/inmurhythm-multisensory-interactive-cushion-copie\\\/\",\"name\":\"inmuRHYTHM - multisensory interactive cushion - CDS Boutique\",\"isPartOf\":{\"@id\":\"https:\\\/\\\/staging.cdsboutique.com\\\/#website\"},\"primaryImageOfPage\":{\"@id\":\"https:\\\/\\\/staging.cdsboutique.com\\\/en\\\/product\\\/inmurhythm-multisensory-interactive-cushion-copie\\\/#primaryimage\"},\"image\":{\"@id\":\"https:\\\/\\\/staging.cdsboutique.com\\\/en\\\/product\\\/inmurhythm-multisensory-interactive-cushion-copie\\\/#primaryimage\"},\"thumbnailUrl\":\"https:\\\/\\\/staging.cdsboutique.com\\\/wp-content\\\/uploads\\\/2023\\\/04\\\/inmu_rythm_0.png\",\"datePublished\":\"2023-12-31T19:32:14+00:00\",\"dateModified\":\"2024-04-04T18:26:29+00:00\",\"description\":\"inmuRHYTHM meets your energy level. If you are in high arousal, you get energetic music in your ears and you feel a rhythmic vibration in your body.\",\"breadcrumb\":{\"@id\":\"https:\\\/\\\/staging.cdsboutique.com\\\/en\\\/product\\\/inmurhythm-multisensory-interactive-cushion-copie\\\/#breadcrumb\"},\"inLanguage\":\"en-US\",\"potentialAction\":[{\"@type\":\"ReadAction\",\"target\":[\"https:\\\/\\\/staging.cdsboutique.com\\\/en\\\/product\\\/inmurhythm-multisensory-interactive-cushion-copie\\\/\"]}]},{\"@type\":\"ImageObject\",\"inLanguage\":\"en-US\",\"@id\":\"https:\\\/\\\/staging.cdsboutique.com\\\/en\\\/product\\\/inmurhythm-multisensory-interactive-cushion-copie\\\/#primaryimage\",\"url\":\"https:\\\/\\\/staging.cdsboutique.com\\\/wp-content\\\/uploads\\\/2023\\\/04\\\/inmu_rythm_0.png\",\"contentUrl\":\"https:\\\/\\\/staging.cdsboutique.com\\\/wp-content\\\/uploads\\\/2023\\\/04\\\/inmu_rythm_0.png\",\"width\":500,\"height\":500},{\"@type\":\"BreadcrumbList\",\"@id\":\"https:\\\/\\\/staging.cdsboutique.com\\\/en\\\/product\\\/inmurhythm-multisensory-interactive-cushion-copie\\\/#breadcrumb\",\"itemListElement\":[{\"@type\":\"ListItem\",\"position\":1,\"name\":\"Home\",\"item\":\"https:\\\/\\\/staging.cdsboutique.com\\\/en\\\/\"},{\"@type\":\"ListItem\",\"position\":2,\"name\":\"Products\",\"item\":\"https:\\\/\\\/staging.cdsboutique.com\\\/en\\\/products\\\/\"},{\"@type\":\"ListItem\",\"position\":3,\"name\":\"inmuRHYTHM &#8211; multisensory interactive cushion\"}]},{\"@type\":\"WebSite\",\"@id\":\"https:\\\/\\\/staging.cdsboutique.com\\\/#website\",\"url\":\"https:\\\/\\\/staging.cdsboutique.com\\\/\",\"name\":\"CDS boutique A\u00een\u00e9s\",\"description\":\"Pour une meilleure qualit\u00e9 de vie\",\"publisher\":{\"@id\":\"https:\\\/\\\/staging.cdsboutique.com\\\/#organization\"},\"potentialAction\":[{\"@type\":\"SearchAction\",\"target\":{\"@type\":\"EntryPoint\",\"urlTemplate\":\"https:\\\/\\\/staging.cdsboutique.com\\\/?s={search_term_string}\"},\"query-input\":{\"@type\":\"PropertyValueSpecification\",\"valueRequired\":true,\"valueName\":\"search_term_string\"}}],\"inLanguage\":\"en-US\"},{\"@type\":\"Organization\",\"@id\":\"https:\\\/\\\/staging.cdsboutique.com\\\/#organization\",\"name\":\"CDS Boutique\",\"url\":\"https:\\\/\\\/staging.cdsboutique.com\\\/\",\"logo\":{\"@type\":\"ImageObject\",\"inLanguage\":\"en-US\",\"@id\":\"https:\\\/\\\/staging.cdsboutique.com\\\/#\\\/schema\\\/logo\\\/image\\\/\",\"url\":\"https:\\\/\\\/staging.cdsboutique.com\\\/wp-content\\\/uploads\\\/2024\\\/09\\\/logoCDS-Boutique_final2024.jpg\",\"contentUrl\":\"https:\\\/\\\/staging.cdsboutique.com\\\/wp-content\\\/uploads\\\/2024\\\/09\\\/logoCDS-Boutique_final2024.jpg\",\"width\":900,\"height\":600,\"caption\":\"CDS Boutique\"},\"image\":{\"@id\":\"https:\\\/\\\/staging.cdsboutique.com\\\/#\\\/schema\\\/logo\\\/image\\\/\"},\"sameAs\":[\"https:\\\/\\\/www.facebook.com\\\/CDSBoutique.Aines.Seniors\",\"https:\\\/\\\/www.youtube.com\\\/@cdsboutique4046\",\"https:\\\/\\\/www.linkedin.com\\\/company\\\/cds-boutique\\\/\",\"https:\\\/\\\/www.instagram.com\\\/cdsboutique\\\/\"]}]}<\/script>\n<!-- \/ Yoast SEO plugin. -->","yoast_head_json":{"title":"inmuRHYTHM - multisensory interactive cushion - CDS Boutique","description":"inmuRHYTHM meets your energy level. If you are in high arousal, you get energetic music in your ears and you feel a rhythmic vibration in your body.","robots":{"index":"noindex","follow":"follow","max-snippet":"max-snippet:-1","max-image-preview":"max-image-preview:large","max-video-preview":"max-video-preview:-1"},"og_locale":"en_US","og_type":"article","og_title":"inmuRHYTHM - multisensory interactive cushion - CDS Boutique","og_description":"inmuRHYTHM meets your energy level. If you are in high arousal, you get energetic music in your ears and you feel a rhythmic vibration in your body.","og_url":"https:\/\/staging.cdsboutique.com\/en\/product\/inmurhythm-multisensory-interactive-cushion-copie\/","og_site_name":"CDS boutique A\u00een\u00e9s","article_publisher":"https:\/\/www.facebook.com\/CDSBoutique.Aines.Seniors","article_modified_time":"2024-04-04T18:26:29+00:00","og_image":[{"width":500,"height":500,"url":"https:\/\/staging.cdsboutique.com\/wp-content\/uploads\/2023\/04\/inmu_rythm_0.png?_t=1765989158","type":"image\/png"}],"twitter_card":"summary_large_image","twitter_misc":{"Est. reading time":"3 minutes"},"schema":{"@context":"https:\/\/schema.org","@graph":[{"@type":"WebPage","@id":"https:\/\/staging.cdsboutique.com\/en\/product\/inmurhythm-multisensory-interactive-cushion-copie\/","url":"https:\/\/staging.cdsboutique.com\/en\/product\/inmurhythm-multisensory-interactive-cushion-copie\/","name":"inmuRHYTHM - multisensory interactive cushion - CDS Boutique","isPartOf":{"@id":"https:\/\/staging.cdsboutique.com\/#website"},"primaryImageOfPage":{"@id":"https:\/\/staging.cdsboutique.com\/en\/product\/inmurhythm-multisensory-interactive-cushion-copie\/#primaryimage"},"image":{"@id":"https:\/\/staging.cdsboutique.com\/en\/product\/inmurhythm-multisensory-interactive-cushion-copie\/#primaryimage"},"thumbnailUrl":"https:\/\/staging.cdsboutique.com\/wp-content\/uploads\/2023\/04\/inmu_rythm_0.png","datePublished":"2023-12-31T19:32:14+00:00","dateModified":"2024-04-04T18:26:29+00:00","description":"inmuRHYTHM meets your energy level. If you are in high arousal, you get energetic music in your ears and you feel a rhythmic vibration in your body.","breadcrumb":{"@id":"https:\/\/staging.cdsboutique.com\/en\/product\/inmurhythm-multisensory-interactive-cushion-copie\/#breadcrumb"},"inLanguage":"en-US","potentialAction":[{"@type":"ReadAction","target":["https:\/\/staging.cdsboutique.com\/en\/product\/inmurhythm-multisensory-interactive-cushion-copie\/"]}]},{"@type":"ImageObject","inLanguage":"en-US","@id":"https:\/\/staging.cdsboutique.com\/en\/product\/inmurhythm-multisensory-interactive-cushion-copie\/#primaryimage","url":"https:\/\/staging.cdsboutique.com\/wp-content\/uploads\/2023\/04\/inmu_rythm_0.png","contentUrl":"https:\/\/staging.cdsboutique.com\/wp-content\/uploads\/2023\/04\/inmu_rythm_0.png","width":500,"height":500},{"@type":"BreadcrumbList","@id":"https:\/\/staging.cdsboutique.com\/en\/product\/inmurhythm-multisensory-interactive-cushion-copie\/#breadcrumb","itemListElement":[{"@type":"ListItem","position":1,"name":"Home","item":"https:\/\/staging.cdsboutique.com\/en\/"},{"@type":"ListItem","position":2,"name":"Products","item":"https:\/\/staging.cdsboutique.com\/en\/products\/"},{"@type":"ListItem","position":3,"name":"inmuRHYTHM &#8211; multisensory interactive cushion"}]},{"@type":"WebSite","@id":"https:\/\/staging.cdsboutique.com\/#website","url":"https:\/\/staging.cdsboutique.com\/","name":"CDS boutique A\u00een\u00e9s","description":"Pour une meilleure qualit\u00e9 de vie","publisher":{"@id":"https:\/\/staging.cdsboutique.com\/#organization"},"potentialAction":[{"@type":"SearchAction","target":{"@type":"EntryPoint","urlTemplate":"https:\/\/staging.cdsboutique.com\/?s={search_term_string}"},"query-input":{"@type":"PropertyValueSpecification","valueRequired":true,"valueName":"search_term_string"}}],"inLanguage":"en-US"},{"@type":"Organization","@id":"https:\/\/staging.cdsboutique.com\/#organization","name":"CDS Boutique","url":"https:\/\/staging.cdsboutique.com\/","logo":{"@type":"ImageObject","inLanguage":"en-US","@id":"https:\/\/staging.cdsboutique.com\/#\/schema\/logo\/image\/","url":"https:\/\/staging.cdsboutique.com\/wp-content\/uploads\/2024\/09\/logoCDS-Boutique_final2024.jpg","contentUrl":"https:\/\/staging.cdsboutique.com\/wp-content\/uploads\/2024\/09\/logoCDS-Boutique_final2024.jpg","width":900,"height":600,"caption":"CDS Boutique"},"image":{"@id":"https:\/\/staging.cdsboutique.com\/#\/schema\/logo\/image\/"},"sameAs":["https:\/\/www.facebook.com\/CDSBoutique.Aines.Seniors","https:\/\/www.youtube.com\/@cdsboutique4046","https:\/\/www.linkedin.com\/company\/cds-boutique\/","https:\/\/www.instagram.com\/cdsboutique\/"]}]}},"_links":{"self":[{"href":"https:\/\/staging.cdsboutique.com\/en\/wp-json\/wp\/v2\/product\/59713","targetHints":{"allow":["GET"]}}],"collection":[{"href":"https:\/\/staging.cdsboutique.com\/en\/wp-json\/wp\/v2\/product"}],"about":[{"href":"https:\/\/staging.cdsboutique.com\/en\/wp-json\/wp\/v2\/types\/product"}],"replies":[{"embeddable":true,"href":"https:\/\/staging.cdsboutique.com\/en\/wp-json\/wp\/v2\/comments?post=59713"}],"wp:featuredmedia":[{"embeddable":true,"href":"https:\/\/staging.cdsboutique.com\/en\/wp-json\/wp\/v2\/media\/51007"}],"wp:attachment":[{"href":"https:\/\/staging.cdsboutique.com\/en\/wp-json\/wp\/v2\/media?parent=59713"}],"wp:term":[{"taxonomy":"product_brand","embeddable":true,"href":"https:\/\/staging.cdsboutique.com\/en\/wp-json\/wp\/v2\/product_brand?post=59713"},{"taxonomy":"product_cat","embeddable":true,"href":"https:\/\/staging.cdsboutique.com\/en\/wp-json\/wp\/v2\/product_cat?post=59713"},{"taxonomy":"product_tag","embeddable":true,"href":"https:\/\/staging.cdsboutique.com\/en\/wp-json\/wp\/v2\/product_tag?post=59713"}],"curies":[{"name":"wp","href":"https:\/\/api.w.org\/{rel}","templated":true}]}}