{"id":59715,"date":"2023-12-31T14:37:47","date_gmt":"2023-12-31T19:37:47","guid":{"rendered":"https:\/\/cdsboutique.com\/?post_type=product&#038;p=59715"},"modified":"2024-04-11T12:28:05","modified_gmt":"2024-04-11T16:28:05","slug":"inmujoy-multisensory-interactive-cushion-copy","status":"publish","type":"product","link":"https:\/\/staging.cdsboutique.com\/en\/produit\/inmujoy-multisensory-interactive-cushion-copy\/","title":{"rendered":"inmuJOY &#8211; multisensory interactive cushion"},"content":{"rendered":"<p><a href=\"https:\/\/www.youtube.com\/watch?v=eTeyZ1DqZIw&amp;ab_channel=CDSBoutique\" title=\"\"><strong>Listen to inmuJOY by clicking here!<\/strong><\/a><\/p>\n<p><strong>inmuJOY is a multisensory interactive cushion that follows the movements of the child using it, responding with magical sounds and soft vibrations. <\/strong><\/p>\n<p>The simple act of holding inmuJOY in his arms will awaken sounds and vibrations that will motivate the child to match the use of inmu with his state of mind. In fact, inmuRELAX lends itself perfectly to a wide range of situations, and is highly appreciated by children as a sleep aid, a relaxation aid, a communication medium and a motivator for physical activity.<\/p>\n<p>The colorful and texturally design of inmuJOY stimulates the sense of touch to enable the child to make tactile discoveries or simply find a source of comfort. The wavy embroideries are there for a reason: intuitive, they offer children a path to follow with their fingers.<\/p>\n<p>Explore the features that make inmuJOY an incredible tool for your children:<\/p>\n<ul>\n<li>Ideal size to hold in the hands or close to the heart<\/li>\n<li>Durable enough to be dropped or even lightly stepped on<\/li>\n<li>Combines several elements of tactile, visual and auditory stimulation<\/li>\n<li>No buttons, so impossible to disrupt during use<\/li>\n<li>Washable cover, which can also be replaced by a hygienic cover for easier disinfection<\/li>\n<li>Responsive, it reacts quickly to movements, rewarding them with soothing sounds and gentle vibrations.<\/li>\n<\/ul>\n<p>&nbsp;<\/p>\n<p><a href=\"https:\/\/staging.cdsboutique.com\/en\/product\/set-inmujoy-inmurhythm-children-copie\/\" title=\"\"><strong>BUY IT IN A SET OF 4 (4 INMUJOY) AND SAVE $400!<\/strong><\/a><\/p>\n<p><a href=\"https:\/\/staging.cdsboutique.com\/en\/product\/set-inmujoy-inmurhythm-copy\/\" title=\"\"><strong>BUY IT IN A SET 4 (2 INMUJOY AND 2 INMU RHYTHM) AND SAVE $400!<\/strong><\/a><\/p>\n<p>&nbsp;<\/p>\n<p><u>DETAILS<\/u><\/p>\n<p>22cm x 23cm<br \/>\nCharger included. Up to 3 weeks battery life for regular use.<br \/>\n<a href=\"https:\/\/staging.cdsboutique.com\/produit\/ensemble-inmujoy4\/\" title=\"$400 deal on a box of 4.\">$400 deal on a box of 4.<\/a><br \/>\n3 levels of volume available.<\/p>\n<p>&nbsp;<\/p>\n<p><em>Note: As soon as you buy one inmu, you will receive a free in-person or virtual training to use the interactive cushion. The date will be determined depending on your schedule. <\/em><\/p>\n<p><em>Important: this product is not refundable or exchangeable for hygiene reason. We suggest you to consult our \u00ab compare inmu \u00bb section to make sure you buy the most adapted product for your situation.<\/em><\/p>\n","protected":false},"excerpt":{"rendered":"<p>inmuJOY, a reliable and fluffy friend! This high-quality multisensory interactive tool is very sturdy and will support the user in many situations.<\/p>\n","protected":false},"featured_media":52693,"comment_status":"open","ping_status":"closed","template":"","meta":{"_acf_changed":false},"product_brand":[],"product_cat":[4666],"product_tag":[4671,4673],"class_list":{"0":"post-59715","1":"product","2":"type-product","3":"status-publish","4":"has-post-thumbnail","6":"product_cat-children","7":"product_tag-inmu-star","8":"product_tag-inmujoy-en","9":"product_shipping_class-free-delivary","10":"pa_couleur-blue","11":"pa_couleur-pink","12":"pa_couleur-sand-en","14":"first","15":"instock","16":"taxable","17":"shipping-taxable","18":"purchasable","19":"product-type-simple"},"bundled_by":[],"bundle_stock_status":"instock","bundle_stock_quantity":null,"bundle_virtual":false,"bundle_layout":"","bundle_add_to_cart_form_location":"","bundle_editable_in_cart":false,"bundle_sold_individually_context":"","bundle_item_grouping":"","bundle_min_size":"","bundle_max_size":"","bundle_price":[],"bundled_items":[],"bundle_sell_ids":[],"acf":[],"featured_image_urls_v2":{"full":["https:\/\/staging.cdsboutique.com\/wp-content\/uploads\/2023\/04\/28453-3.png",500,500,false],"thumbnail":["https:\/\/staging.cdsboutique.com\/wp-content\/uploads\/2023\/04\/28453-3-150x150.png",150,150,true],"medium":["https:\/\/staging.cdsboutique.com\/wp-content\/uploads\/2023\/04\/28453-3-300x300.png",300,300,true],"medium_large":["https:\/\/staging.cdsboutique.com\/wp-content\/uploads\/2023\/04\/28453-3.png",500,500,false],"large":["https:\/\/staging.cdsboutique.com\/wp-content\/uploads\/2023\/04\/28453-3.png",500,500,false],"1536x1536":["https:\/\/staging.cdsboutique.com\/wp-content\/uploads\/2023\/04\/28453-3.png",500,500,false],"2048x2048":["https:\/\/staging.cdsboutique.com\/wp-content\/uploads\/2023\/04\/28453-3.png",500,500,false],"gform-image-choice-sm":["https:\/\/staging.cdsboutique.com\/wp-content\/uploads\/2023\/04\/28453-3.png",300,300,false],"gform-image-choice-md":["https:\/\/staging.cdsboutique.com\/wp-content\/uploads\/2023\/04\/28453-3.png",400,400,false],"gform-image-choice-lg":["https:\/\/staging.cdsboutique.com\/wp-content\/uploads\/2023\/04\/28453-3.png",500,500,false],"woocommerce_thumbnail":["https:\/\/staging.cdsboutique.com\/wp-content\/uploads\/2023\/04\/28453-3-300x300.png",300,300,true],"woocommerce_single":["https:\/\/staging.cdsboutique.com\/wp-content\/uploads\/2023\/04\/28453-3.png",500,500,false],"woocommerce_gallery_thumbnail":["https:\/\/staging.cdsboutique.com\/wp-content\/uploads\/2023\/04\/28453-3-100x100.png",100,100,true],"variation_swatches_image_size":["https:\/\/staging.cdsboutique.com\/wp-content\/uploads\/2023\/04\/28453-3.png",50,50,false],"variation_swatches_tooltip_size":["https:\/\/staging.cdsboutique.com\/wp-content\/uploads\/2023\/04\/28453-3.png",100,100,false],"logo-size":["https:\/\/staging.cdsboutique.com\/wp-content\/uploads\/2023\/04\/28453-3-84x84.png",84,84,true],"blog":["https:\/\/staging.cdsboutique.com\/wp-content\/uploads\/2023\/04\/28453-3-350x260.png",350,260,true]},"post_excerpt_stackable_v2":"<p>inmuJOY, a reliable and fluffy friend! This high-quality multisensory interactive tool is very sturdy and will support the user in many situations.<\/p>\n","category_list_v2":"","author_info_v2":{"name":"","url":""},"comments_num_v2":"0 comments","yoast_head":"<!-- This site is optimized with the Yoast SEO plugin v27.4 - https:\/\/yoast.com\/product\/yoast-seo-wordpress\/ -->\n<title>inmuJOY - multisensory interactive cushion - CDS Boutique<\/title>\n<meta name=\"description\" content=\"inmuJOY, a reliable and fluffy friend! This high-quality multisensory interactive cushion is very sturdy and will support the user in many situations.\" \/>\n<meta name=\"robots\" content=\"noindex, follow, max-snippet:-1, max-image-preview:large, max-video-preview:-1\" \/>\n<meta property=\"og:locale\" content=\"en_US\" \/>\n<meta property=\"og:type\" content=\"article\" \/>\n<meta property=\"og:title\" content=\"inmuJOY - multisensory interactive cushion - CDS Boutique\" \/>\n<meta property=\"og:description\" content=\"inmuJOY, a reliable and fluffy friend! This high-quality multisensory interactive cushion is very sturdy and will support the user in many situations.\" \/>\n<meta property=\"og:url\" content=\"https:\/\/staging.cdsboutique.com\/en\/product\/inmujoy-multisensory-interactive-cushion-copy\/\" \/>\n<meta property=\"og:site_name\" content=\"CDS boutique A\u00een\u00e9s\" \/>\n<meta property=\"article:publisher\" content=\"https:\/\/www.facebook.com\/CDSBoutique.Aines.Seniors\" \/>\n<meta property=\"article:modified_time\" content=\"2024-04-11T16:28:05+00:00\" \/>\n<meta property=\"og:image\" content=\"https:\/\/staging.cdsboutique.com\/wp-content\/uploads\/2023\/04\/28453-3.png?_t=1765989137\" \/>\n\t<meta property=\"og:image:width\" content=\"500\" \/>\n\t<meta property=\"og:image:height\" content=\"500\" \/>\n\t<meta property=\"og:image:type\" content=\"image\/png\" \/>\n<meta name=\"twitter:card\" content=\"summary_large_image\" \/>\n<meta name=\"twitter:label1\" content=\"Est. reading time\" \/>\n\t<meta name=\"twitter:data1\" content=\"2 minutes\" \/>\n<script type=\"application\/ld+json\" class=\"yoast-schema-graph\">{\"@context\":\"https:\\\/\\\/schema.org\",\"@graph\":[{\"@type\":\"WebPage\",\"@id\":\"https:\\\/\\\/staging.cdsboutique.com\\\/en\\\/product\\\/inmujoy-multisensory-interactive-cushion-copy\\\/\",\"url\":\"https:\\\/\\\/staging.cdsboutique.com\\\/en\\\/product\\\/inmujoy-multisensory-interactive-cushion-copy\\\/\",\"name\":\"inmuJOY - multisensory interactive cushion - CDS Boutique\",\"isPartOf\":{\"@id\":\"https:\\\/\\\/staging.cdsboutique.com\\\/#website\"},\"primaryImageOfPage\":{\"@id\":\"https:\\\/\\\/staging.cdsboutique.com\\\/en\\\/product\\\/inmujoy-multisensory-interactive-cushion-copy\\\/#primaryimage\"},\"image\":{\"@id\":\"https:\\\/\\\/staging.cdsboutique.com\\\/en\\\/product\\\/inmujoy-multisensory-interactive-cushion-copy\\\/#primaryimage\"},\"thumbnailUrl\":\"https:\\\/\\\/staging.cdsboutique.com\\\/wp-content\\\/uploads\\\/2023\\\/04\\\/28453-3.png\",\"datePublished\":\"2023-12-31T19:37:47+00:00\",\"dateModified\":\"2024-04-11T16:28:05+00:00\",\"description\":\"inmuJOY, a reliable and fluffy friend! This high-quality multisensory interactive cushion is very sturdy and will support the user in many situations.\",\"breadcrumb\":{\"@id\":\"https:\\\/\\\/staging.cdsboutique.com\\\/en\\\/product\\\/inmujoy-multisensory-interactive-cushion-copy\\\/#breadcrumb\"},\"inLanguage\":\"en-US\",\"potentialAction\":[{\"@type\":\"ReadAction\",\"target\":[\"https:\\\/\\\/staging.cdsboutique.com\\\/en\\\/product\\\/inmujoy-multisensory-interactive-cushion-copy\\\/\"]}]},{\"@type\":\"ImageObject\",\"inLanguage\":\"en-US\",\"@id\":\"https:\\\/\\\/staging.cdsboutique.com\\\/en\\\/product\\\/inmujoy-multisensory-interactive-cushion-copy\\\/#primaryimage\",\"url\":\"https:\\\/\\\/staging.cdsboutique.com\\\/wp-content\\\/uploads\\\/2023\\\/04\\\/28453-3.png\",\"contentUrl\":\"https:\\\/\\\/staging.cdsboutique.com\\\/wp-content\\\/uploads\\\/2023\\\/04\\\/28453-3.png\",\"width\":500,\"height\":500,\"caption\":\"inmuJOY - coussin multisensoriel\"},{\"@type\":\"BreadcrumbList\",\"@id\":\"https:\\\/\\\/staging.cdsboutique.com\\\/en\\\/product\\\/inmujoy-multisensory-interactive-cushion-copy\\\/#breadcrumb\",\"itemListElement\":[{\"@type\":\"ListItem\",\"position\":1,\"name\":\"Home\",\"item\":\"https:\\\/\\\/staging.cdsboutique.com\\\/en\\\/\"},{\"@type\":\"ListItem\",\"position\":2,\"name\":\"Products\",\"item\":\"https:\\\/\\\/staging.cdsboutique.com\\\/en\\\/products\\\/\"},{\"@type\":\"ListItem\",\"position\":3,\"name\":\"inmuJOY &#8211; multisensory interactive cushion\"}]},{\"@type\":\"WebSite\",\"@id\":\"https:\\\/\\\/staging.cdsboutique.com\\\/#website\",\"url\":\"https:\\\/\\\/staging.cdsboutique.com\\\/\",\"name\":\"CDS boutique A\u00een\u00e9s\",\"description\":\"Pour une meilleure qualit\u00e9 de vie\",\"publisher\":{\"@id\":\"https:\\\/\\\/staging.cdsboutique.com\\\/#organization\"},\"potentialAction\":[{\"@type\":\"SearchAction\",\"target\":{\"@type\":\"EntryPoint\",\"urlTemplate\":\"https:\\\/\\\/staging.cdsboutique.com\\\/?s={search_term_string}\"},\"query-input\":{\"@type\":\"PropertyValueSpecification\",\"valueRequired\":true,\"valueName\":\"search_term_string\"}}],\"inLanguage\":\"en-US\"},{\"@type\":\"Organization\",\"@id\":\"https:\\\/\\\/staging.cdsboutique.com\\\/#organization\",\"name\":\"CDS Boutique\",\"url\":\"https:\\\/\\\/staging.cdsboutique.com\\\/\",\"logo\":{\"@type\":\"ImageObject\",\"inLanguage\":\"en-US\",\"@id\":\"https:\\\/\\\/staging.cdsboutique.com\\\/#\\\/schema\\\/logo\\\/image\\\/\",\"url\":\"https:\\\/\\\/staging.cdsboutique.com\\\/wp-content\\\/uploads\\\/2024\\\/09\\\/logoCDS-Boutique_final2024.jpg\",\"contentUrl\":\"https:\\\/\\\/staging.cdsboutique.com\\\/wp-content\\\/uploads\\\/2024\\\/09\\\/logoCDS-Boutique_final2024.jpg\",\"width\":900,\"height\":600,\"caption\":\"CDS Boutique\"},\"image\":{\"@id\":\"https:\\\/\\\/staging.cdsboutique.com\\\/#\\\/schema\\\/logo\\\/image\\\/\"},\"sameAs\":[\"https:\\\/\\\/www.facebook.com\\\/CDSBoutique.Aines.Seniors\",\"https:\\\/\\\/www.youtube.com\\\/@cdsboutique4046\",\"https:\\\/\\\/www.linkedin.com\\\/company\\\/cds-boutique\\\/\",\"https:\\\/\\\/www.instagram.com\\\/cdsboutique\\\/\"]}]}<\/script>\n<!-- \/ Yoast SEO plugin. -->","yoast_head_json":{"title":"inmuJOY - multisensory interactive cushion - CDS Boutique","description":"inmuJOY, a reliable and fluffy friend! This high-quality multisensory interactive cushion is very sturdy and will support the user in many situations.","robots":{"index":"noindex","follow":"follow","max-snippet":"max-snippet:-1","max-image-preview":"max-image-preview:large","max-video-preview":"max-video-preview:-1"},"og_locale":"en_US","og_type":"article","og_title":"inmuJOY - multisensory interactive cushion - CDS Boutique","og_description":"inmuJOY, a reliable and fluffy friend! This high-quality multisensory interactive cushion is very sturdy and will support the user in many situations.","og_url":"https:\/\/staging.cdsboutique.com\/en\/product\/inmujoy-multisensory-interactive-cushion-copy\/","og_site_name":"CDS boutique A\u00een\u00e9s","article_publisher":"https:\/\/www.facebook.com\/CDSBoutique.Aines.Seniors","article_modified_time":"2024-04-11T16:28:05+00:00","og_image":[{"width":500,"height":500,"url":"https:\/\/staging.cdsboutique.com\/wp-content\/uploads\/2023\/04\/28453-3.png?_t=1765989137","type":"image\/png"}],"twitter_card":"summary_large_image","twitter_misc":{"Est. reading time":"2 minutes"},"schema":{"@context":"https:\/\/schema.org","@graph":[{"@type":"WebPage","@id":"https:\/\/staging.cdsboutique.com\/en\/product\/inmujoy-multisensory-interactive-cushion-copy\/","url":"https:\/\/staging.cdsboutique.com\/en\/product\/inmujoy-multisensory-interactive-cushion-copy\/","name":"inmuJOY - multisensory interactive cushion - CDS Boutique","isPartOf":{"@id":"https:\/\/staging.cdsboutique.com\/#website"},"primaryImageOfPage":{"@id":"https:\/\/staging.cdsboutique.com\/en\/product\/inmujoy-multisensory-interactive-cushion-copy\/#primaryimage"},"image":{"@id":"https:\/\/staging.cdsboutique.com\/en\/product\/inmujoy-multisensory-interactive-cushion-copy\/#primaryimage"},"thumbnailUrl":"https:\/\/staging.cdsboutique.com\/wp-content\/uploads\/2023\/04\/28453-3.png","datePublished":"2023-12-31T19:37:47+00:00","dateModified":"2024-04-11T16:28:05+00:00","description":"inmuJOY, a reliable and fluffy friend! This high-quality multisensory interactive cushion is very sturdy and will support the user in many situations.","breadcrumb":{"@id":"https:\/\/staging.cdsboutique.com\/en\/product\/inmujoy-multisensory-interactive-cushion-copy\/#breadcrumb"},"inLanguage":"en-US","potentialAction":[{"@type":"ReadAction","target":["https:\/\/staging.cdsboutique.com\/en\/product\/inmujoy-multisensory-interactive-cushion-copy\/"]}]},{"@type":"ImageObject","inLanguage":"en-US","@id":"https:\/\/staging.cdsboutique.com\/en\/product\/inmujoy-multisensory-interactive-cushion-copy\/#primaryimage","url":"https:\/\/staging.cdsboutique.com\/wp-content\/uploads\/2023\/04\/28453-3.png","contentUrl":"https:\/\/staging.cdsboutique.com\/wp-content\/uploads\/2023\/04\/28453-3.png","width":500,"height":500,"caption":"inmuJOY - coussin multisensoriel"},{"@type":"BreadcrumbList","@id":"https:\/\/staging.cdsboutique.com\/en\/product\/inmujoy-multisensory-interactive-cushion-copy\/#breadcrumb","itemListElement":[{"@type":"ListItem","position":1,"name":"Home","item":"https:\/\/staging.cdsboutique.com\/en\/"},{"@type":"ListItem","position":2,"name":"Products","item":"https:\/\/staging.cdsboutique.com\/en\/products\/"},{"@type":"ListItem","position":3,"name":"inmuJOY &#8211; multisensory interactive cushion"}]},{"@type":"WebSite","@id":"https:\/\/staging.cdsboutique.com\/#website","url":"https:\/\/staging.cdsboutique.com\/","name":"CDS boutique A\u00een\u00e9s","description":"Pour une meilleure qualit\u00e9 de vie","publisher":{"@id":"https:\/\/staging.cdsboutique.com\/#organization"},"potentialAction":[{"@type":"SearchAction","target":{"@type":"EntryPoint","urlTemplate":"https:\/\/staging.cdsboutique.com\/?s={search_term_string}"},"query-input":{"@type":"PropertyValueSpecification","valueRequired":true,"valueName":"search_term_string"}}],"inLanguage":"en-US"},{"@type":"Organization","@id":"https:\/\/staging.cdsboutique.com\/#organization","name":"CDS Boutique","url":"https:\/\/staging.cdsboutique.com\/","logo":{"@type":"ImageObject","inLanguage":"en-US","@id":"https:\/\/staging.cdsboutique.com\/#\/schema\/logo\/image\/","url":"https:\/\/staging.cdsboutique.com\/wp-content\/uploads\/2024\/09\/logoCDS-Boutique_final2024.jpg","contentUrl":"https:\/\/staging.cdsboutique.com\/wp-content\/uploads\/2024\/09\/logoCDS-Boutique_final2024.jpg","width":900,"height":600,"caption":"CDS Boutique"},"image":{"@id":"https:\/\/staging.cdsboutique.com\/#\/schema\/logo\/image\/"},"sameAs":["https:\/\/www.facebook.com\/CDSBoutique.Aines.Seniors","https:\/\/www.youtube.com\/@cdsboutique4046","https:\/\/www.linkedin.com\/company\/cds-boutique\/","https:\/\/www.instagram.com\/cdsboutique\/"]}]}},"_links":{"self":[{"href":"https:\/\/staging.cdsboutique.com\/en\/wp-json\/wp\/v2\/product\/59715","targetHints":{"allow":["GET"]}}],"collection":[{"href":"https:\/\/staging.cdsboutique.com\/en\/wp-json\/wp\/v2\/product"}],"about":[{"href":"https:\/\/staging.cdsboutique.com\/en\/wp-json\/wp\/v2\/types\/product"}],"replies":[{"embeddable":true,"href":"https:\/\/staging.cdsboutique.com\/en\/wp-json\/wp\/v2\/comments?post=59715"}],"wp:featuredmedia":[{"embeddable":true,"href":"https:\/\/staging.cdsboutique.com\/en\/wp-json\/wp\/v2\/media\/52693"}],"wp:attachment":[{"href":"https:\/\/staging.cdsboutique.com\/en\/wp-json\/wp\/v2\/media?parent=59715"}],"wp:term":[{"taxonomy":"product_brand","embeddable":true,"href":"https:\/\/staging.cdsboutique.com\/en\/wp-json\/wp\/v2\/product_brand?post=59715"},{"taxonomy":"product_cat","embeddable":true,"href":"https:\/\/staging.cdsboutique.com\/en\/wp-json\/wp\/v2\/product_cat?post=59715"},{"taxonomy":"product_tag","embeddable":true,"href":"https:\/\/staging.cdsboutique.com\/en\/wp-json\/wp\/v2\/product_tag?post=59715"}],"curies":[{"name":"wp","href":"https:\/\/api.w.org\/{rel}","templated":true}]}}