{"id":59717,"date":"2023-12-26T14:40:14","date_gmt":"2024-01-26T19:40:15","guid":{"rendered":"https:\/\/cdsboutique.com\/?post_type=product&#038;p=59717"},"modified":"2024-02-01T09:16:04","modified_gmt":"2024-02-01T14:16:04","slug":"inmudance-multisensory-interactive-cushion-copie","status":"publish","type":"product","link":"https:\/\/staging.cdsboutique.com\/en\/produit\/inmudance-multisensory-interactive-cushion-copie\/","title":{"rendered":"inmuDANCE &#8211; multisensory interactive cushion (Children)"},"content":{"rendered":"<p><iframe loading=\"lazy\" title=\"D\u00e9couvrez le son du coussin interactif inmuDANCE!\" width=\"980\" height=\"551\" src=\"https:\/\/www.youtube.com\/embed\/gfqPOIwqpyQ?feature=oembed\" frameborder=\"0\" allow=\"accelerometer; autoplay; clipboard-write; encrypted-media; gyroscope; picture-in-picture; web-share\" allowfullscreen><\/iframe><\/p>\n<p><span style=\"color: #ff0000;\"><strong>Introductory discount valid until December 31st, 2023!<\/strong><\/span><\/p>\n<p><strong>The\u00a0inmuDANCE is a unique sensory stimulation tool. It translates touch and movement into music, soft vibrations and tactile stimulation.<\/strong><\/p>\n<p>inmuDANCE <strong>encourages movement, happiness, and pleasure<\/strong> through a rhythmical <strong>musical universe inspired by the 196Os and the energetic bossa nova<\/strong>. The music develops and intensifies together with the level of movement.<\/p>\n<p>A rubber band attached to the back makes it easy to hold on to. There are no buttons \u2013 just touch it and it starts to play and interact with you.<\/p>\n<p>Feel free to share it with the group to stimulate group cohesion, during your dance party with seniors! YOU create the rhythm.<\/p>\n<p>inmuDANCE is perfect for:<\/p>\n<p>Stimulating motor skills and movement<br \/>\nAwakening the senses of touch and hearing<br \/>\nHelping calm excess overexcitement<br \/>\nFacilitating communication and sharing with the group!<\/p>\n<p><strong>Good to know:<\/strong><\/p>\n<p>The inmu is a hygienic tool, and its protection is easily washable. The inside of the inmu is water-resistant and can be cleaned with a sanitizer.<\/p>\n<p>The inmu is made of durable, natural and hypoallergenic materials. Three levels of volume are available.<\/p>\n<p>Details : 22 cm x 23 cm ( 8,5 x 9 inches )<\/p>\n<p>Charger included. <strong>Up to 3 weeks battery life for regular use.<\/strong><\/p>\n<p><strong>Please,<\/strong> note that when you purchase one or several inmu, you will receive free in-person or virtual training to learn how to use the interactive cushion with your residents! The date will be determined depending on your schedule.<\/p>\n<p><strong>This product is not refundable or exchangeable for hygiene reasons.<\/strong><\/p>\n","protected":false},"excerpt":{"rendered":"<p><strong>The inmuDANCE is a unique sensory stimulation tool. It translates touch and movement into music, soft vibrations, and tactile stimulation.<\/strong><\/p>\n<p>inmuDANCE <strong>encourages movement, happiness, and pleasure<\/strong> through a rhythmical <strong>musical universe inspired by the 196Os and the energetic bossa nova<\/strong>. The music develops and intensifies together with the level of movement.<\/p>\n","protected":false},"featured_media":49671,"comment_status":"open","ping_status":"closed","template":"","meta":{"_acf_changed":false},"product_brand":[],"product_cat":[4666],"product_tag":[],"class_list":{"0":"post-59717","1":"product","2":"type-product","3":"status-publish","4":"has-post-thumbnail","6":"product_cat-children","7":"product_shipping_class-additional-shipping-costs","8":"pa_couleur-blue","9":"pa_couleur-pink","10":"pa_couleur-sand-en","12":"first","13":"instock","14":"taxable","15":"shipping-taxable","16":"purchasable","17":"product-type-simple"},"bundled_by":[],"bundle_stock_status":"instock","bundle_stock_quantity":null,"bundle_virtual":false,"bundle_layout":"","bundle_add_to_cart_form_location":"","bundle_editable_in_cart":false,"bundle_sold_individually_context":"","bundle_item_grouping":"","bundle_min_size":"","bundle_max_size":"","bundle_price":[],"bundled_items":[],"bundle_sell_ids":[],"acf":[],"featured_image_urls_v2":{"full":["https:\/\/staging.cdsboutique.com\/wp-content\/uploads\/2023\/02\/inmu_dance_redim_web-5.png",326,326,false],"thumbnail":["https:\/\/staging.cdsboutique.com\/wp-content\/uploads\/2023\/02\/inmu_dance_redim_web-5-150x150.png",150,150,true],"medium":["https:\/\/staging.cdsboutique.com\/wp-content\/uploads\/2023\/02\/inmu_dance_redim_web-5-300x300.png",300,300,true],"medium_large":["https:\/\/staging.cdsboutique.com\/wp-content\/uploads\/2023\/02\/inmu_dance_redim_web-5.png",326,326,false],"large":["https:\/\/staging.cdsboutique.com\/wp-content\/uploads\/2023\/02\/inmu_dance_redim_web-5.png",326,326,false],"1536x1536":["https:\/\/staging.cdsboutique.com\/wp-content\/uploads\/2023\/02\/inmu_dance_redim_web-5.png",326,326,false],"2048x2048":["https:\/\/staging.cdsboutique.com\/wp-content\/uploads\/2023\/02\/inmu_dance_redim_web-5.png",326,326,false],"gform-image-choice-sm":["https:\/\/staging.cdsboutique.com\/wp-content\/uploads\/2023\/02\/inmu_dance_redim_web-5.png",300,300,false],"gform-image-choice-md":["https:\/\/staging.cdsboutique.com\/wp-content\/uploads\/2023\/02\/inmu_dance_redim_web-5.png",326,326,false],"gform-image-choice-lg":["https:\/\/staging.cdsboutique.com\/wp-content\/uploads\/2023\/02\/inmu_dance_redim_web-5.png",326,326,false],"woocommerce_thumbnail":["https:\/\/staging.cdsboutique.com\/wp-content\/uploads\/2023\/02\/inmu_dance_redim_web-5-300x300.png",300,300,true],"woocommerce_single":["https:\/\/staging.cdsboutique.com\/wp-content\/uploads\/2023\/02\/inmu_dance_redim_web-5.png",326,326,false],"woocommerce_gallery_thumbnail":["https:\/\/staging.cdsboutique.com\/wp-content\/uploads\/2023\/02\/inmu_dance_redim_web-5-100x100.png",100,100,true],"variation_swatches_image_size":["https:\/\/staging.cdsboutique.com\/wp-content\/uploads\/2023\/02\/inmu_dance_redim_web-5.png",50,50,false],"variation_swatches_tooltip_size":["https:\/\/staging.cdsboutique.com\/wp-content\/uploads\/2023\/02\/inmu_dance_redim_web-5.png",100,100,false],"logo-size":["https:\/\/staging.cdsboutique.com\/wp-content\/uploads\/2023\/02\/inmu_dance_redim_web-5-84x84.png",84,84,true],"blog":["https:\/\/staging.cdsboutique.com\/wp-content\/uploads\/2023\/02\/inmu_dance_redim_web-5-326x260.png",326,260,true]},"post_excerpt_stackable_v2":"<p><strong>The inmuDANCE is a unique sensory stimulation tool. It translates touch and movement into music, soft vibrations, and tactile stimulation.<\/strong><\/p>\n<p>inmuDANCE <strong>encourages movement, happiness, and pleasure<\/strong> through a rhythmical <strong>musical universe inspired by the 196Os and the energetic bossa nova<\/strong>. The music develops and intensifies together with the level of movement.<\/p>\n","category_list_v2":"","author_info_v2":{"name":"","url":""},"comments_num_v2":"0 comments","yoast_head":"<!-- This site is optimized with the Yoast SEO plugin v27.4 - https:\/\/yoast.com\/product\/yoast-seo-wordpress\/ -->\n<title>inmuDANCE - multisensory interactive cushion (Children) - CDS boutique A\u00een\u00e9s<\/title>\n<meta name=\"description\" content=\"The\u00a0inmuDANCE is a unique sensory stimulation tool. It translates touch and movement into music, soft vibrations and tactile stimulation.\" \/>\n<meta name=\"robots\" content=\"noindex, follow, max-snippet:-1, max-image-preview:large, max-video-preview:-1\" \/>\n<meta property=\"og:locale\" content=\"en_US\" \/>\n<meta property=\"og:type\" content=\"article\" \/>\n<meta property=\"og:title\" content=\"inmuDANCE - multisensory interactive cushion (Children) - CDS boutique A\u00een\u00e9s\" \/>\n<meta property=\"og:description\" content=\"The\u00a0inmuDANCE is a unique sensory stimulation tool. It translates touch and movement into music, soft vibrations and tactile stimulation.\" \/>\n<meta property=\"og:url\" content=\"https:\/\/staging.cdsboutique.com\/en\/product\/inmudance-multisensory-interactive-cushion-copie\/\" \/>\n<meta property=\"og:site_name\" content=\"CDS boutique A\u00een\u00e9s\" \/>\n<meta property=\"article:publisher\" content=\"https:\/\/www.facebook.com\/CDSBoutique.Aines.Seniors\" \/>\n<meta property=\"article:modified_time\" content=\"2024-02-01T14:16:04+00:00\" \/>\n<meta property=\"og:image\" content=\"https:\/\/staging.cdsboutique.com\/wp-content\/uploads\/2023\/02\/inmu_dance_redim_web-5.png?_t=1706796965\" \/>\n\t<meta property=\"og:image:width\" content=\"326\" \/>\n\t<meta property=\"og:image:height\" content=\"326\" \/>\n\t<meta property=\"og:image:type\" content=\"image\/png\" \/>\n<meta name=\"twitter:card\" content=\"summary_large_image\" \/>\n<meta name=\"twitter:label1\" content=\"Est. reading time\" \/>\n\t<meta name=\"twitter:data1\" content=\"2 minutes\" \/>\n<script type=\"application\/ld+json\" class=\"yoast-schema-graph\">{\"@context\":\"https:\\\/\\\/schema.org\",\"@graph\":[{\"@type\":\"WebPage\",\"@id\":\"https:\\\/\\\/staging.cdsboutique.com\\\/en\\\/product\\\/inmudance-multisensory-interactive-cushion-copie\\\/\",\"url\":\"https:\\\/\\\/staging.cdsboutique.com\\\/en\\\/product\\\/inmudance-multisensory-interactive-cushion-copie\\\/\",\"name\":\"inmuDANCE - multisensory interactive cushion (Children) - CDS boutique A\u00een\u00e9s\",\"isPartOf\":{\"@id\":\"https:\\\/\\\/staging.cdsboutique.com\\\/#website\"},\"primaryImageOfPage\":{\"@id\":\"https:\\\/\\\/staging.cdsboutique.com\\\/en\\\/product\\\/inmudance-multisensory-interactive-cushion-copie\\\/#primaryimage\"},\"image\":{\"@id\":\"https:\\\/\\\/staging.cdsboutique.com\\\/en\\\/product\\\/inmudance-multisensory-interactive-cushion-copie\\\/#primaryimage\"},\"thumbnailUrl\":\"https:\\\/\\\/staging.cdsboutique.com\\\/wp-content\\\/uploads\\\/2023\\\/02\\\/inmu_dance_redim_web-5.png\",\"datePublished\":\"2024-01-26T19:40:15+00:00\",\"dateModified\":\"2024-02-01T14:16:04+00:00\",\"description\":\"The\u00a0inmuDANCE is a unique sensory stimulation tool. It translates touch and movement into music, soft vibrations and tactile stimulation.\",\"breadcrumb\":{\"@id\":\"https:\\\/\\\/staging.cdsboutique.com\\\/en\\\/product\\\/inmudance-multisensory-interactive-cushion-copie\\\/#breadcrumb\"},\"inLanguage\":\"en-US\",\"potentialAction\":[{\"@type\":\"ReadAction\",\"target\":[\"https:\\\/\\\/staging.cdsboutique.com\\\/en\\\/product\\\/inmudance-multisensory-interactive-cushion-copie\\\/\"]}]},{\"@type\":\"ImageObject\",\"inLanguage\":\"en-US\",\"@id\":\"https:\\\/\\\/staging.cdsboutique.com\\\/en\\\/product\\\/inmudance-multisensory-interactive-cushion-copie\\\/#primaryimage\",\"url\":\"https:\\\/\\\/staging.cdsboutique.com\\\/wp-content\\\/uploads\\\/2023\\\/02\\\/inmu_dance_redim_web-5.png\",\"contentUrl\":\"https:\\\/\\\/staging.cdsboutique.com\\\/wp-content\\\/uploads\\\/2023\\\/02\\\/inmu_dance_redim_web-5.png\",\"width\":326,\"height\":326},{\"@type\":\"BreadcrumbList\",\"@id\":\"https:\\\/\\\/staging.cdsboutique.com\\\/en\\\/product\\\/inmudance-multisensory-interactive-cushion-copie\\\/#breadcrumb\",\"itemListElement\":[{\"@type\":\"ListItem\",\"position\":1,\"name\":\"Home\",\"item\":\"https:\\\/\\\/staging.cdsboutique.com\\\/en\\\/\"},{\"@type\":\"ListItem\",\"position\":2,\"name\":\"Products\",\"item\":\"https:\\\/\\\/staging.cdsboutique.com\\\/en\\\/products\\\/\"},{\"@type\":\"ListItem\",\"position\":3,\"name\":\"inmuDANCE &#8211; multisensory interactive cushion (Children)\"}]},{\"@type\":\"WebSite\",\"@id\":\"https:\\\/\\\/staging.cdsboutique.com\\\/#website\",\"url\":\"https:\\\/\\\/staging.cdsboutique.com\\\/\",\"name\":\"CDS boutique A\u00een\u00e9s\",\"description\":\"Pour une meilleure qualit\u00e9 de vie\",\"publisher\":{\"@id\":\"https:\\\/\\\/staging.cdsboutique.com\\\/#organization\"},\"potentialAction\":[{\"@type\":\"SearchAction\",\"target\":{\"@type\":\"EntryPoint\",\"urlTemplate\":\"https:\\\/\\\/staging.cdsboutique.com\\\/?s={search_term_string}\"},\"query-input\":{\"@type\":\"PropertyValueSpecification\",\"valueRequired\":true,\"valueName\":\"search_term_string\"}}],\"inLanguage\":\"en-US\"},{\"@type\":\"Organization\",\"@id\":\"https:\\\/\\\/staging.cdsboutique.com\\\/#organization\",\"name\":\"CDS Boutique\",\"url\":\"https:\\\/\\\/staging.cdsboutique.com\\\/\",\"logo\":{\"@type\":\"ImageObject\",\"inLanguage\":\"en-US\",\"@id\":\"https:\\\/\\\/staging.cdsboutique.com\\\/#\\\/schema\\\/logo\\\/image\\\/\",\"url\":\"https:\\\/\\\/staging.cdsboutique.com\\\/wp-content\\\/uploads\\\/2024\\\/09\\\/logoCDS-Boutique_final2024.jpg\",\"contentUrl\":\"https:\\\/\\\/staging.cdsboutique.com\\\/wp-content\\\/uploads\\\/2024\\\/09\\\/logoCDS-Boutique_final2024.jpg\",\"width\":900,\"height\":600,\"caption\":\"CDS Boutique\"},\"image\":{\"@id\":\"https:\\\/\\\/staging.cdsboutique.com\\\/#\\\/schema\\\/logo\\\/image\\\/\"},\"sameAs\":[\"https:\\\/\\\/www.facebook.com\\\/CDSBoutique.Aines.Seniors\",\"https:\\\/\\\/www.youtube.com\\\/@cdsboutique4046\",\"https:\\\/\\\/www.linkedin.com\\\/company\\\/cds-boutique\\\/\",\"https:\\\/\\\/www.instagram.com\\\/cdsboutique\\\/\"]}]}<\/script>\n<!-- \/ Yoast SEO plugin. -->","yoast_head_json":{"title":"inmuDANCE - multisensory interactive cushion (Children) - CDS boutique A\u00een\u00e9s","description":"The\u00a0inmuDANCE is a unique sensory stimulation tool. It translates touch and movement into music, soft vibrations and tactile stimulation.","robots":{"index":"noindex","follow":"follow","max-snippet":"max-snippet:-1","max-image-preview":"max-image-preview:large","max-video-preview":"max-video-preview:-1"},"og_locale":"en_US","og_type":"article","og_title":"inmuDANCE - multisensory interactive cushion (Children) - CDS boutique A\u00een\u00e9s","og_description":"The\u00a0inmuDANCE is a unique sensory stimulation tool. It translates touch and movement into music, soft vibrations and tactile stimulation.","og_url":"https:\/\/staging.cdsboutique.com\/en\/product\/inmudance-multisensory-interactive-cushion-copie\/","og_site_name":"CDS boutique A\u00een\u00e9s","article_publisher":"https:\/\/www.facebook.com\/CDSBoutique.Aines.Seniors","article_modified_time":"2024-02-01T14:16:04+00:00","og_image":[{"width":326,"height":326,"url":"https:\/\/staging.cdsboutique.com\/wp-content\/uploads\/2023\/02\/inmu_dance_redim_web-5.png?_t=1706796965","type":"image\/png"}],"twitter_card":"summary_large_image","twitter_misc":{"Est. reading time":"2 minutes"},"schema":{"@context":"https:\/\/schema.org","@graph":[{"@type":"WebPage","@id":"https:\/\/staging.cdsboutique.com\/en\/product\/inmudance-multisensory-interactive-cushion-copie\/","url":"https:\/\/staging.cdsboutique.com\/en\/product\/inmudance-multisensory-interactive-cushion-copie\/","name":"inmuDANCE - multisensory interactive cushion (Children) - CDS boutique A\u00een\u00e9s","isPartOf":{"@id":"https:\/\/staging.cdsboutique.com\/#website"},"primaryImageOfPage":{"@id":"https:\/\/staging.cdsboutique.com\/en\/product\/inmudance-multisensory-interactive-cushion-copie\/#primaryimage"},"image":{"@id":"https:\/\/staging.cdsboutique.com\/en\/product\/inmudance-multisensory-interactive-cushion-copie\/#primaryimage"},"thumbnailUrl":"https:\/\/staging.cdsboutique.com\/wp-content\/uploads\/2023\/02\/inmu_dance_redim_web-5.png","datePublished":"2024-01-26T19:40:15+00:00","dateModified":"2024-02-01T14:16:04+00:00","description":"The\u00a0inmuDANCE is a unique sensory stimulation tool. It translates touch and movement into music, soft vibrations and tactile stimulation.","breadcrumb":{"@id":"https:\/\/staging.cdsboutique.com\/en\/product\/inmudance-multisensory-interactive-cushion-copie\/#breadcrumb"},"inLanguage":"en-US","potentialAction":[{"@type":"ReadAction","target":["https:\/\/staging.cdsboutique.com\/en\/product\/inmudance-multisensory-interactive-cushion-copie\/"]}]},{"@type":"ImageObject","inLanguage":"en-US","@id":"https:\/\/staging.cdsboutique.com\/en\/product\/inmudance-multisensory-interactive-cushion-copie\/#primaryimage","url":"https:\/\/staging.cdsboutique.com\/wp-content\/uploads\/2023\/02\/inmu_dance_redim_web-5.png","contentUrl":"https:\/\/staging.cdsboutique.com\/wp-content\/uploads\/2023\/02\/inmu_dance_redim_web-5.png","width":326,"height":326},{"@type":"BreadcrumbList","@id":"https:\/\/staging.cdsboutique.com\/en\/product\/inmudance-multisensory-interactive-cushion-copie\/#breadcrumb","itemListElement":[{"@type":"ListItem","position":1,"name":"Home","item":"https:\/\/staging.cdsboutique.com\/en\/"},{"@type":"ListItem","position":2,"name":"Products","item":"https:\/\/staging.cdsboutique.com\/en\/products\/"},{"@type":"ListItem","position":3,"name":"inmuDANCE &#8211; multisensory interactive cushion (Children)"}]},{"@type":"WebSite","@id":"https:\/\/staging.cdsboutique.com\/#website","url":"https:\/\/staging.cdsboutique.com\/","name":"CDS boutique A\u00een\u00e9s","description":"Pour une meilleure qualit\u00e9 de vie","publisher":{"@id":"https:\/\/staging.cdsboutique.com\/#organization"},"potentialAction":[{"@type":"SearchAction","target":{"@type":"EntryPoint","urlTemplate":"https:\/\/staging.cdsboutique.com\/?s={search_term_string}"},"query-input":{"@type":"PropertyValueSpecification","valueRequired":true,"valueName":"search_term_string"}}],"inLanguage":"en-US"},{"@type":"Organization","@id":"https:\/\/staging.cdsboutique.com\/#organization","name":"CDS Boutique","url":"https:\/\/staging.cdsboutique.com\/","logo":{"@type":"ImageObject","inLanguage":"en-US","@id":"https:\/\/staging.cdsboutique.com\/#\/schema\/logo\/image\/","url":"https:\/\/staging.cdsboutique.com\/wp-content\/uploads\/2024\/09\/logoCDS-Boutique_final2024.jpg","contentUrl":"https:\/\/staging.cdsboutique.com\/wp-content\/uploads\/2024\/09\/logoCDS-Boutique_final2024.jpg","width":900,"height":600,"caption":"CDS Boutique"},"image":{"@id":"https:\/\/staging.cdsboutique.com\/#\/schema\/logo\/image\/"},"sameAs":["https:\/\/www.facebook.com\/CDSBoutique.Aines.Seniors","https:\/\/www.youtube.com\/@cdsboutique4046","https:\/\/www.linkedin.com\/company\/cds-boutique\/","https:\/\/www.instagram.com\/cdsboutique\/"]}]}},"_links":{"self":[{"href":"https:\/\/staging.cdsboutique.com\/en\/wp-json\/wp\/v2\/product\/59717","targetHints":{"allow":["GET"]}}],"collection":[{"href":"https:\/\/staging.cdsboutique.com\/en\/wp-json\/wp\/v2\/product"}],"about":[{"href":"https:\/\/staging.cdsboutique.com\/en\/wp-json\/wp\/v2\/types\/product"}],"replies":[{"embeddable":true,"href":"https:\/\/staging.cdsboutique.com\/en\/wp-json\/wp\/v2\/comments?post=59717"}],"wp:featuredmedia":[{"embeddable":true,"href":"https:\/\/staging.cdsboutique.com\/en\/wp-json\/wp\/v2\/media\/49671"}],"wp:attachment":[{"href":"https:\/\/staging.cdsboutique.com\/en\/wp-json\/wp\/v2\/media?parent=59717"}],"wp:term":[{"taxonomy":"product_brand","embeddable":true,"href":"https:\/\/staging.cdsboutique.com\/en\/wp-json\/wp\/v2\/product_brand?post=59717"},{"taxonomy":"product_cat","embeddable":true,"href":"https:\/\/staging.cdsboutique.com\/en\/wp-json\/wp\/v2\/product_cat?post=59717"},{"taxonomy":"product_tag","embeddable":true,"href":"https:\/\/staging.cdsboutique.com\/en\/wp-json\/wp\/v2\/product_tag?post=59717"}],"curies":[{"name":"wp","href":"https:\/\/api.w.org\/{rel}","templated":true}]}}