{"id":59742,"date":"2023-12-26T14:46:47","date_gmt":"2024-01-26T19:46:48","guid":{"rendered":"https:\/\/cdsboutique.com\/?post_type=product&#038;p=59742"},"modified":"2024-04-11T12:26:13","modified_gmt":"2024-04-11T16:26:13","slug":"inmurelax-relaxing-cushion-set-4-copie","status":"publish","type":"product","link":"https:\/\/staging.cdsboutique.com\/en\/produit\/inmurelax-relaxing-cushion-set-4-copie\/","title":{"rendered":"inmuRELAX &#8211; relaxing cushion set (4)"},"content":{"rendered":"<p><strong>What is better than one inmuRELAX? Four inmuRELAX! By purchasing the inmuRELAX set of 4, not only you\u2019ll save $400, but you&#8217;ll enable more children at a time to enjoy the benefits of inmu: benefits you won&#8217;t be able to do without once you&#8217;ve integrated this multisensory cushion to your environment!<\/strong><\/p>\n<p>inmu is an exceptional tool for children to face more easily the everyday challenges. This therapeutic tool helps them, through soothing music and gentle vibrations, to connect with a concrete object that keeps them more grounded. Not only is it perfect for calming kids when they&#8217;re experiencing a stressful episode or any other emotions greater than their bodies can bear, it&#8217;s also great for facilitating communication or generating movement.<\/p>\n<p>What\u2019s more, inmuRELAX set of 4 will definitely be:<\/p>\n<ul>\n<li>An incredible tool for <strong>dental centers<\/strong> or any other <strong>care establishment<\/strong> since it redirects the child\u2019s focus on something sensory and tangible instead of on care and the stress that comes with it.<\/li>\n<li>A wonderful tool for <strong>daycare centers<\/strong>, <strong>schools<\/strong> or even <strong>day camps<\/strong> since it is just as well known for initiating play and movement as to help restore calmness.<\/li>\n<li>A tool of choice for <strong>specialized centers for children with special needs<\/strong>, since it adapts to each child&#8217;s level of autonomy and state of mind, is failure-free and extremely versatile.<\/li>\n<\/ul>\n<p><a href=\"https:\/\/staging.cdsboutique.com\/en\/product\/inmurelax-multisensory-interactive-cushion-copie\/\" title=\"\"><strong>YOU\u2019RE LOOKING TO BUY ONLY ONE INMURELAX? BUY IT HERE!<\/strong><\/a><\/p>\n<p><u>DETAILS<\/u><\/p>\n<ul>\n<li>Four inmuRELAX (22cm x 23cm each)<\/li>\n<li>One charging unit with five USB ports and four charging cables. Up to 3 weeks battery life for regular use.<\/li>\n<li>$400 deal on a box of 4.<\/li>\n<li>3 levels of volume available.<\/li>\n<li>Washable cover, that can also be replaced by a<a href=\"https:\/\/staging.cdsboutique.com\/en\/product\/inmu-covers-children\/\" title=\" hygienic cover for easy sanitizing\"> hygienic cover for easy sanitizing<\/a>.<\/li>\n<\/ul>\n<p>&nbsp;<\/p>\n<p><em>Note: As soon as you buy one inmu, you will receive a free in-person or virtual training to learn how to use the interactive cushion. The date will be determined depending on your schedule. <\/em><\/p>\n<p><em>Important: this product is not refundable or exchangeable for hygiene reason. We suggest you to consult our \u00ab compare inmu \u00bb section in the \u00ab inmu \u00bb global page to make sure you buy the most adapted one for your situation.<\/em><\/p>\n","protected":false},"excerpt":{"rendered":"<p><strong>SAVE $400 on your inmuRELAX, a unique sensory stimulation tool that reduces stress and calms the body, by purchasing a set of 4 for your residence.\u00a0<\/strong><\/p>\n<p>The shape and soft fabric create comfort while holding it. The gentle tones and pleasant vibrations have a relaxing and soothing effect on the body and provide a feeling of closeness and safety.<\/p>\n","protected":false},"featured_media":61664,"comment_status":"closed","ping_status":"closed","template":"","meta":{"_acf_changed":false},"product_brand":[],"product_cat":[4666],"product_tag":[4675],"class_list":{"0":"post-59742","1":"product","2":"type-product","3":"status-publish","4":"has-post-thumbnail","6":"product_cat-children","7":"product_tag-inmu-inmu-relax-en","8":"product_shipping_class-free-delivary","9":"pa_couleur-blue","10":"pa_couleur-raspberry","11":"pa_couleur-sand-en","13":"first","14":"instock","15":"taxable","16":"shipping-taxable","17":"purchasable","18":"product-type-simple"},"bundled_by":[],"bundle_stock_status":"instock","bundle_stock_quantity":null,"bundle_virtual":false,"bundle_layout":"","bundle_add_to_cart_form_location":"","bundle_editable_in_cart":false,"bundle_sold_individually_context":"","bundle_item_grouping":"","bundle_min_size":"","bundle_max_size":"","bundle_price":[],"bundled_items":[],"bundle_sell_ids":[],"acf":[],"featured_image_urls_v2":{"full":["https:\/\/staging.cdsboutique.com\/wp-content\/uploads\/2024\/04\/1-1.jpg",1050,1050,false],"thumbnail":["https:\/\/staging.cdsboutique.com\/wp-content\/uploads\/2024\/04\/1-1-150x150.jpg",150,150,true],"medium":["https:\/\/staging.cdsboutique.com\/wp-content\/uploads\/2024\/04\/1-1-300x300.jpg",300,300,true],"medium_large":["https:\/\/staging.cdsboutique.com\/wp-content\/uploads\/2024\/04\/1-1-768x768.jpg",768,768,true],"large":["https:\/\/staging.cdsboutique.com\/wp-content\/uploads\/2024\/04\/1-1-1024x1024.jpg",980,980,true],"1536x1536":["https:\/\/staging.cdsboutique.com\/wp-content\/uploads\/2024\/04\/1-1.jpg",1050,1050,false],"2048x2048":["https:\/\/staging.cdsboutique.com\/wp-content\/uploads\/2024\/04\/1-1.jpg",1050,1050,false],"gform-image-choice-sm":["https:\/\/staging.cdsboutique.com\/wp-content\/uploads\/2024\/04\/1-1.jpg",300,300,false],"gform-image-choice-md":["https:\/\/staging.cdsboutique.com\/wp-content\/uploads\/2024\/04\/1-1.jpg",400,400,false],"gform-image-choice-lg":["https:\/\/staging.cdsboutique.com\/wp-content\/uploads\/2024\/04\/1-1.jpg",600,600,false],"woocommerce_thumbnail":["https:\/\/staging.cdsboutique.com\/wp-content\/uploads\/2024\/04\/1-1-300x300.jpg",300,300,true],"woocommerce_single":["https:\/\/staging.cdsboutique.com\/wp-content\/uploads\/2024\/04\/1-1-600x600.jpg",600,600,true],"woocommerce_gallery_thumbnail":["https:\/\/staging.cdsboutique.com\/wp-content\/uploads\/2024\/04\/1-1-100x100.jpg",100,100,true],"variation_swatches_image_size":["https:\/\/staging.cdsboutique.com\/wp-content\/uploads\/2024\/04\/1-1-50x50.jpg",50,50,true],"variation_swatches_tooltip_size":["https:\/\/staging.cdsboutique.com\/wp-content\/uploads\/2024\/04\/1-1-100x100.jpg",100,100,true],"logo-size":["https:\/\/staging.cdsboutique.com\/wp-content\/uploads\/2024\/04\/1-1-84x84.jpg",84,84,true],"blog":["https:\/\/staging.cdsboutique.com\/wp-content\/uploads\/2024\/04\/1-1-350x260.jpg",350,260,true]},"post_excerpt_stackable_v2":"<p><strong>SAVE $400 on your inmuRELAX, a unique sensory stimulation tool that reduces stress and calms the body, by purchasing a set of 4 for your residence.\u00a0<\/strong><\/p>\n<p>The shape and soft fabric create comfort while holding it. The gentle tones and pleasant vibrations have a relaxing and soothing effect on the body and provide a feeling of closeness and safety.<\/p>\n","category_list_v2":"","author_info_v2":{"name":"","url":""},"comments_num_v2":"0 comments","yoast_head":"<!-- This site is optimized with the Yoast SEO plugin v27.4 - https:\/\/yoast.com\/product\/yoast-seo-wordpress\/ -->\n<title>inmuRELAX - relaxing cushion set (4) - CDS boutique A\u00een\u00e9s<\/title>\n<meta name=\"description\" content=\"SAVE $400 on your inmuRELAX, a unique sensory stimulation tool that reduces stress and calms the body, by purchasing a set of 4 for your residence.\" \/>\n<meta name=\"robots\" content=\"noindex, follow, max-snippet:-1, max-image-preview:large, max-video-preview:-1\" \/>\n<meta property=\"og:locale\" content=\"en_US\" \/>\n<meta property=\"og:type\" content=\"article\" \/>\n<meta property=\"og:title\" content=\"inmuRELAX - relaxing cushion set (4) - CDS boutique A\u00een\u00e9s\" \/>\n<meta property=\"og:description\" content=\"SAVE $400 on your inmuRELAX, a unique sensory stimulation tool that reduces stress and calms the body, by purchasing a set of 4 for your residence.\" \/>\n<meta property=\"og:url\" content=\"https:\/\/staging.cdsboutique.com\/en\/product\/inmurelax-relaxing-cushion-set-4-copie\/\" \/>\n<meta property=\"og:site_name\" content=\"CDS boutique A\u00een\u00e9s\" \/>\n<meta property=\"article:publisher\" content=\"https:\/\/www.facebook.com\/CDSBoutique.Aines.Seniors\" \/>\n<meta property=\"article:modified_time\" content=\"2024-04-11T16:26:13+00:00\" \/>\n<meta property=\"og:image\" content=\"https:\/\/staging.cdsboutique.com\/wp-content\/uploads\/2024\/03\/PACK_INMU-1.jpg?_t=1712852773\" \/>\n\t<meta property=\"og:image:width\" content=\"662\" \/>\n\t<meta property=\"og:image:height\" content=\"422\" \/>\n\t<meta property=\"og:image:type\" content=\"image\/jpeg\" \/>\n<meta name=\"twitter:card\" content=\"summary_large_image\" \/>\n<meta name=\"twitter:label1\" content=\"Est. reading time\" \/>\n\t<meta name=\"twitter:data1\" content=\"3 minutes\" \/>\n<script type=\"application\/ld+json\" class=\"yoast-schema-graph\">{\"@context\":\"https:\\\/\\\/schema.org\",\"@graph\":[{\"@type\":\"WebPage\",\"@id\":\"https:\\\/\\\/staging.cdsboutique.com\\\/en\\\/product\\\/inmurelax-relaxing-cushion-set-4-copie\\\/\",\"url\":\"https:\\\/\\\/staging.cdsboutique.com\\\/en\\\/product\\\/inmurelax-relaxing-cushion-set-4-copie\\\/\",\"name\":\"inmuRELAX - relaxing cushion set (4) - CDS boutique A\u00een\u00e9s\",\"isPartOf\":{\"@id\":\"https:\\\/\\\/staging.cdsboutique.com\\\/#website\"},\"primaryImageOfPage\":{\"@id\":\"https:\\\/\\\/staging.cdsboutique.com\\\/en\\\/product\\\/inmurelax-relaxing-cushion-set-4-copie\\\/#primaryimage\"},\"image\":{\"@id\":\"https:\\\/\\\/staging.cdsboutique.com\\\/en\\\/product\\\/inmurelax-relaxing-cushion-set-4-copie\\\/#primaryimage\"},\"thumbnailUrl\":\"https:\\\/\\\/staging.cdsboutique.com\\\/wp-content\\\/uploads\\\/2024\\\/04\\\/1-1.jpg\",\"datePublished\":\"2024-01-26T19:46:48+00:00\",\"dateModified\":\"2024-04-11T16:26:13+00:00\",\"description\":\"SAVE $400 on your inmuRELAX, a unique sensory stimulation tool that reduces stress and calms the body, by purchasing a set of 4 for your residence.\",\"breadcrumb\":{\"@id\":\"https:\\\/\\\/staging.cdsboutique.com\\\/en\\\/product\\\/inmurelax-relaxing-cushion-set-4-copie\\\/#breadcrumb\"},\"inLanguage\":\"en-US\",\"potentialAction\":[{\"@type\":\"ReadAction\",\"target\":[\"https:\\\/\\\/staging.cdsboutique.com\\\/en\\\/product\\\/inmurelax-relaxing-cushion-set-4-copie\\\/\"]}]},{\"@type\":\"ImageObject\",\"inLanguage\":\"en-US\",\"@id\":\"https:\\\/\\\/staging.cdsboutique.com\\\/en\\\/product\\\/inmurelax-relaxing-cushion-set-4-copie\\\/#primaryimage\",\"url\":\"https:\\\/\\\/staging.cdsboutique.com\\\/wp-content\\\/uploads\\\/2024\\\/04\\\/1-1.jpg\",\"contentUrl\":\"https:\\\/\\\/staging.cdsboutique.com\\\/wp-content\\\/uploads\\\/2024\\\/04\\\/1-1.jpg\",\"width\":1050,\"height\":1050},{\"@type\":\"BreadcrumbList\",\"@id\":\"https:\\\/\\\/staging.cdsboutique.com\\\/en\\\/product\\\/inmurelax-relaxing-cushion-set-4-copie\\\/#breadcrumb\",\"itemListElement\":[{\"@type\":\"ListItem\",\"position\":1,\"name\":\"Home\",\"item\":\"https:\\\/\\\/staging.cdsboutique.com\\\/en\\\/\"},{\"@type\":\"ListItem\",\"position\":2,\"name\":\"Products\",\"item\":\"https:\\\/\\\/staging.cdsboutique.com\\\/en\\\/products\\\/\"},{\"@type\":\"ListItem\",\"position\":3,\"name\":\"inmuRELAX &#8211; relaxing cushion set (4)\"}]},{\"@type\":\"WebSite\",\"@id\":\"https:\\\/\\\/staging.cdsboutique.com\\\/#website\",\"url\":\"https:\\\/\\\/staging.cdsboutique.com\\\/\",\"name\":\"CDS boutique A\u00een\u00e9s\",\"description\":\"Pour une meilleure qualit\u00e9 de vie\",\"publisher\":{\"@id\":\"https:\\\/\\\/staging.cdsboutique.com\\\/#organization\"},\"potentialAction\":[{\"@type\":\"SearchAction\",\"target\":{\"@type\":\"EntryPoint\",\"urlTemplate\":\"https:\\\/\\\/staging.cdsboutique.com\\\/?s={search_term_string}\"},\"query-input\":{\"@type\":\"PropertyValueSpecification\",\"valueRequired\":true,\"valueName\":\"search_term_string\"}}],\"inLanguage\":\"en-US\"},{\"@type\":\"Organization\",\"@id\":\"https:\\\/\\\/staging.cdsboutique.com\\\/#organization\",\"name\":\"CDS Boutique\",\"url\":\"https:\\\/\\\/staging.cdsboutique.com\\\/\",\"logo\":{\"@type\":\"ImageObject\",\"inLanguage\":\"en-US\",\"@id\":\"https:\\\/\\\/staging.cdsboutique.com\\\/#\\\/schema\\\/logo\\\/image\\\/\",\"url\":\"https:\\\/\\\/staging.cdsboutique.com\\\/wp-content\\\/uploads\\\/2024\\\/09\\\/logoCDS-Boutique_final2024.jpg\",\"contentUrl\":\"https:\\\/\\\/staging.cdsboutique.com\\\/wp-content\\\/uploads\\\/2024\\\/09\\\/logoCDS-Boutique_final2024.jpg\",\"width\":900,\"height\":600,\"caption\":\"CDS Boutique\"},\"image\":{\"@id\":\"https:\\\/\\\/staging.cdsboutique.com\\\/#\\\/schema\\\/logo\\\/image\\\/\"},\"sameAs\":[\"https:\\\/\\\/www.facebook.com\\\/CDSBoutique.Aines.Seniors\",\"https:\\\/\\\/www.youtube.com\\\/@cdsboutique4046\",\"https:\\\/\\\/www.linkedin.com\\\/company\\\/cds-boutique\\\/\",\"https:\\\/\\\/www.instagram.com\\\/cdsboutique\\\/\"]}]}<\/script>\n<!-- \/ Yoast SEO plugin. -->","yoast_head_json":{"title":"inmuRELAX - relaxing cushion set (4) - CDS boutique A\u00een\u00e9s","description":"SAVE $400 on your inmuRELAX, a unique sensory stimulation tool that reduces stress and calms the body, by purchasing a set of 4 for your residence.","robots":{"index":"noindex","follow":"follow","max-snippet":"max-snippet:-1","max-image-preview":"max-image-preview:large","max-video-preview":"max-video-preview:-1"},"og_locale":"en_US","og_type":"article","og_title":"inmuRELAX - relaxing cushion set (4) - CDS boutique A\u00een\u00e9s","og_description":"SAVE $400 on your inmuRELAX, a unique sensory stimulation tool that reduces stress and calms the body, by purchasing a set of 4 for your residence.","og_url":"https:\/\/staging.cdsboutique.com\/en\/product\/inmurelax-relaxing-cushion-set-4-copie\/","og_site_name":"CDS boutique A\u00een\u00e9s","article_publisher":"https:\/\/www.facebook.com\/CDSBoutique.Aines.Seniors","article_modified_time":"2024-04-11T16:26:13+00:00","og_image":[{"width":662,"height":422,"url":"https:\/\/staging.cdsboutique.com\/wp-content\/uploads\/2024\/03\/PACK_INMU-1.jpg?_t=1712852773","type":"image\/jpeg"}],"twitter_card":"summary_large_image","twitter_misc":{"Est. reading time":"3 minutes"},"schema":{"@context":"https:\/\/schema.org","@graph":[{"@type":"WebPage","@id":"https:\/\/staging.cdsboutique.com\/en\/product\/inmurelax-relaxing-cushion-set-4-copie\/","url":"https:\/\/staging.cdsboutique.com\/en\/product\/inmurelax-relaxing-cushion-set-4-copie\/","name":"inmuRELAX - relaxing cushion set (4) - CDS boutique A\u00een\u00e9s","isPartOf":{"@id":"https:\/\/staging.cdsboutique.com\/#website"},"primaryImageOfPage":{"@id":"https:\/\/staging.cdsboutique.com\/en\/product\/inmurelax-relaxing-cushion-set-4-copie\/#primaryimage"},"image":{"@id":"https:\/\/staging.cdsboutique.com\/en\/product\/inmurelax-relaxing-cushion-set-4-copie\/#primaryimage"},"thumbnailUrl":"https:\/\/staging.cdsboutique.com\/wp-content\/uploads\/2024\/04\/1-1.jpg","datePublished":"2024-01-26T19:46:48+00:00","dateModified":"2024-04-11T16:26:13+00:00","description":"SAVE $400 on your inmuRELAX, a unique sensory stimulation tool that reduces stress and calms the body, by purchasing a set of 4 for your residence.","breadcrumb":{"@id":"https:\/\/staging.cdsboutique.com\/en\/product\/inmurelax-relaxing-cushion-set-4-copie\/#breadcrumb"},"inLanguage":"en-US","potentialAction":[{"@type":"ReadAction","target":["https:\/\/staging.cdsboutique.com\/en\/product\/inmurelax-relaxing-cushion-set-4-copie\/"]}]},{"@type":"ImageObject","inLanguage":"en-US","@id":"https:\/\/staging.cdsboutique.com\/en\/product\/inmurelax-relaxing-cushion-set-4-copie\/#primaryimage","url":"https:\/\/staging.cdsboutique.com\/wp-content\/uploads\/2024\/04\/1-1.jpg","contentUrl":"https:\/\/staging.cdsboutique.com\/wp-content\/uploads\/2024\/04\/1-1.jpg","width":1050,"height":1050},{"@type":"BreadcrumbList","@id":"https:\/\/staging.cdsboutique.com\/en\/product\/inmurelax-relaxing-cushion-set-4-copie\/#breadcrumb","itemListElement":[{"@type":"ListItem","position":1,"name":"Home","item":"https:\/\/staging.cdsboutique.com\/en\/"},{"@type":"ListItem","position":2,"name":"Products","item":"https:\/\/staging.cdsboutique.com\/en\/products\/"},{"@type":"ListItem","position":3,"name":"inmuRELAX &#8211; relaxing cushion set (4)"}]},{"@type":"WebSite","@id":"https:\/\/staging.cdsboutique.com\/#website","url":"https:\/\/staging.cdsboutique.com\/","name":"CDS boutique A\u00een\u00e9s","description":"Pour une meilleure qualit\u00e9 de vie","publisher":{"@id":"https:\/\/staging.cdsboutique.com\/#organization"},"potentialAction":[{"@type":"SearchAction","target":{"@type":"EntryPoint","urlTemplate":"https:\/\/staging.cdsboutique.com\/?s={search_term_string}"},"query-input":{"@type":"PropertyValueSpecification","valueRequired":true,"valueName":"search_term_string"}}],"inLanguage":"en-US"},{"@type":"Organization","@id":"https:\/\/staging.cdsboutique.com\/#organization","name":"CDS Boutique","url":"https:\/\/staging.cdsboutique.com\/","logo":{"@type":"ImageObject","inLanguage":"en-US","@id":"https:\/\/staging.cdsboutique.com\/#\/schema\/logo\/image\/","url":"https:\/\/staging.cdsboutique.com\/wp-content\/uploads\/2024\/09\/logoCDS-Boutique_final2024.jpg","contentUrl":"https:\/\/staging.cdsboutique.com\/wp-content\/uploads\/2024\/09\/logoCDS-Boutique_final2024.jpg","width":900,"height":600,"caption":"CDS Boutique"},"image":{"@id":"https:\/\/staging.cdsboutique.com\/#\/schema\/logo\/image\/"},"sameAs":["https:\/\/www.facebook.com\/CDSBoutique.Aines.Seniors","https:\/\/www.youtube.com\/@cdsboutique4046","https:\/\/www.linkedin.com\/company\/cds-boutique\/","https:\/\/www.instagram.com\/cdsboutique\/"]}]}},"_links":{"self":[{"href":"https:\/\/staging.cdsboutique.com\/en\/wp-json\/wp\/v2\/product\/59742","targetHints":{"allow":["GET"]}}],"collection":[{"href":"https:\/\/staging.cdsboutique.com\/en\/wp-json\/wp\/v2\/product"}],"about":[{"href":"https:\/\/staging.cdsboutique.com\/en\/wp-json\/wp\/v2\/types\/product"}],"replies":[{"embeddable":true,"href":"https:\/\/staging.cdsboutique.com\/en\/wp-json\/wp\/v2\/comments?post=59742"}],"wp:featuredmedia":[{"embeddable":true,"href":"https:\/\/staging.cdsboutique.com\/en\/wp-json\/wp\/v2\/media\/61664"}],"wp:attachment":[{"href":"https:\/\/staging.cdsboutique.com\/en\/wp-json\/wp\/v2\/media?parent=59742"}],"wp:term":[{"taxonomy":"product_brand","embeddable":true,"href":"https:\/\/staging.cdsboutique.com\/en\/wp-json\/wp\/v2\/product_brand?post=59742"},{"taxonomy":"product_cat","embeddable":true,"href":"https:\/\/staging.cdsboutique.com\/en\/wp-json\/wp\/v2\/product_cat?post=59742"},{"taxonomy":"product_tag","embeddable":true,"href":"https:\/\/staging.cdsboutique.com\/en\/wp-json\/wp\/v2\/product_tag?post=59742"}],"curies":[{"name":"wp","href":"https:\/\/api.w.org\/{rel}","templated":true}]}}