{"id":61528,"date":"2023-06-20T11:55:34","date_gmt":"2024-03-20T15:55:34","guid":{"rendered":"https:\/\/cdsboutique.com\/?post_type=product&#038;p=61528"},"modified":"2024-03-20T12:06:37","modified_gmt":"2024-03-20T16:06:37","slug":"inmujoy-set-4","status":"publish","type":"product","link":"https:\/\/staging.cdsboutique.com\/en\/produit\/inmujoy-set-4\/","title":{"rendered":"inmuJOY &#8211; relaxing cushion set (4)"},"content":{"rendered":"<p><strong> <span style=\"color: #c73335;\">SAVE $400 when you buy this inmuJOY set!<\/span> <\/strong><\/p>\n<p>Including 4 inmuJOY, this set is perfect for your seniors!<\/p>\n<p><strong>About inmuJOY<\/strong><\/p>\n<p><a title=\"\" href=\"https:\/\/www.youtube.com\/watch?v=eTeyZ1DqZIw&amp;ab_channel=CDSBoutique\" title=\"\"><strong>Listen to inmuJOY by clicking here!<\/strong><\/a><\/p>\n<p><strong>inmuJOY, a reliable and fluffy friend!<\/strong><\/p>\n<p>This wonderful relaxing cushion is soft and comfortable to hug. Residents living with cognitive disorders like Alzheimer\u2019s disease will not resist the urge to cuddle this multi-sensory cushion. It is an extraordinary tool that will<strong>\u00a0help in everyday life<\/strong>, to find calm and to\u00a0<strong>support in moments of strong emotions<\/strong>\u00a0like during\u00a0<strong>transfers, daily care, and at the moment of waking up<\/strong>. The music follows the user\u2019s movements as they hold the inmuJOY in their hands and the user can feel the\u00a0<strong>soft vibrations<\/strong>! The resident becomes the creator of music.<\/p>\n<p>This high-quality device is\u00a0<strong>very sturdy<\/strong>\u00a0and will support the user in many situations.\u00a0<strong>Do not worry about dropping it on the floor<\/strong>; inmu can withstand it no problem!<\/p>\n<p>The interactive cushion has been specially designed for sensory stimulation and regulation of strong emotions. It is designed to satisfy a person\u2019s need for company and to provide emotional well-being.<\/p>\n<ul>\n<li>inmuJOY is wonderful to hug and to make you feel comfortable<\/li>\n<li>Relax with inmuJOY and get your thoughts and mind settled before going to sleep<\/li>\n<li>Let inmuJOY help you to distract attention from disturbing thoughts or discomfort<\/li>\n<li>A never-ending pond of possibilities for musical games and activities<\/li>\n<\/ul>\n<p>Good to know:<\/p>\n<ul>\n<li>The inmu is a\u00a0<strong>hygienic tool<\/strong>, and its protection is\u00a0<strong>easily washable<\/strong>. The outside of the inmu is water-resistant and can be cleaned with a sanitizer.<\/li>\n<li>The inmu is made of durable, natural and hypoallergenic materials. Three levels of volume are available.<\/li>\n<li>Details : 22 cm x 23 cm ( 8,5 x 9 inches )<\/li>\n<li>Charger included.\u00a0<strong>Up to 3 weeks battery life for regular use.<\/strong><\/li>\n<li>Perfect to use with seniors living with Alzheimer\u2019s disease or dementia.<\/li>\n<\/ul>\n<p><strong>Please,<\/strong>\u00a0note that when you purchase one or several inmu, you will receive free in-person or virtual training to learn how to use the interactive cushion with your residents! The date will be determined depending on your schedule.<\/p>\n<p><strong>This product is not refundable or exchangeable for hygiene reasons. <\/strong><\/p>\n","protected":false},"excerpt":{"rendered":"<p><strong>SAVE $400 on your inmuRELAX, a unique sensory stimulation tool that reduces stress and calms the body, by purchasing a set of 4 for your residence.\u00a0<\/strong><\/p>\n<p>The shape and soft fabric create comfort while holding it. The gentle tones and pleasant vibrations have a relaxing and soothing effect on the body and provide a feeling of closeness and safety.<\/p>\n","protected":false},"featured_media":61636,"comment_status":"closed","ping_status":"closed","template":"","meta":{"_acf_changed":false},"product_brand":[],"product_cat":[4401,2966,4091],"product_tag":[4668,4673],"class_list":{"0":"post-61528","1":"product","2":"type-product","3":"status-publish","4":"has-post-thumbnail","6":"product_cat-all","7":"product_cat-instruments","8":"product_cat-new-arrivals","9":"product_tag-inmujoy-4","10":"product_tag-inmujoy-en","11":"product_shipping_class-free-delivary","12":"pa_couleur-blue","13":"pa_couleur-raspberry","14":"pa_couleur-sand-en","16":"first","17":"instock","18":"taxable","19":"shipping-taxable","20":"purchasable","21":"product-type-simple"},"bundled_by":[],"bundle_stock_status":"instock","bundle_stock_quantity":null,"bundle_virtual":false,"bundle_layout":"","bundle_add_to_cart_form_location":"","bundle_editable_in_cart":false,"bundle_sold_individually_context":"","bundle_item_grouping":"","bundle_min_size":"","bundle_max_size":"","bundle_price":[],"bundled_items":[],"bundle_sell_ids":[],"acf":[],"featured_image_urls_v2":{"full":["https:\/\/staging.cdsboutique.com\/wp-content\/uploads\/2024\/04\/5.jpg",1050,1050,false],"thumbnail":["https:\/\/staging.cdsboutique.com\/wp-content\/uploads\/2024\/04\/5-150x150.jpg",150,150,true],"medium":["https:\/\/staging.cdsboutique.com\/wp-content\/uploads\/2024\/04\/5-300x300.jpg",300,300,true],"medium_large":["https:\/\/staging.cdsboutique.com\/wp-content\/uploads\/2024\/04\/5-768x768.jpg",768,768,true],"large":["https:\/\/staging.cdsboutique.com\/wp-content\/uploads\/2024\/04\/5-1024x1024.jpg",980,980,true],"1536x1536":["https:\/\/staging.cdsboutique.com\/wp-content\/uploads\/2024\/04\/5.jpg",1050,1050,false],"2048x2048":["https:\/\/staging.cdsboutique.com\/wp-content\/uploads\/2024\/04\/5.jpg",1050,1050,false],"gform-image-choice-sm":["https:\/\/staging.cdsboutique.com\/wp-content\/uploads\/2024\/04\/5.jpg",300,300,false],"gform-image-choice-md":["https:\/\/staging.cdsboutique.com\/wp-content\/uploads\/2024\/04\/5.jpg",400,400,false],"gform-image-choice-lg":["https:\/\/staging.cdsboutique.com\/wp-content\/uploads\/2024\/04\/5.jpg",600,600,false],"woocommerce_thumbnail":["https:\/\/staging.cdsboutique.com\/wp-content\/uploads\/2024\/04\/5-300x300.jpg",300,300,true],"woocommerce_single":["https:\/\/staging.cdsboutique.com\/wp-content\/uploads\/2024\/04\/5-600x600.jpg",600,600,true],"woocommerce_gallery_thumbnail":["https:\/\/staging.cdsboutique.com\/wp-content\/uploads\/2024\/04\/5-100x100.jpg",100,100,true],"variation_swatches_image_size":["https:\/\/staging.cdsboutique.com\/wp-content\/uploads\/2024\/04\/5-50x50.jpg",50,50,true],"variation_swatches_tooltip_size":["https:\/\/staging.cdsboutique.com\/wp-content\/uploads\/2024\/04\/5-100x100.jpg",100,100,true],"logo-size":["https:\/\/staging.cdsboutique.com\/wp-content\/uploads\/2024\/04\/5-84x84.jpg",84,84,true],"blog":["https:\/\/staging.cdsboutique.com\/wp-content\/uploads\/2024\/04\/5-350x260.jpg",350,260,true]},"post_excerpt_stackable_v2":"<p><strong>SAVE $400 on your inmuRELAX, a unique sensory stimulation tool that reduces stress and calms the body, by purchasing a set of 4 for your residence.\u00a0<\/strong><\/p>\n<p>The shape and soft fabric create comfort while holding it. The gentle tones and pleasant vibrations have a relaxing and soothing effect on the body and provide a feeling of closeness and safety.<\/p>\n","category_list_v2":"","author_info_v2":{"name":"","url":""},"comments_num_v2":"0 comments","yoast_head":"<!-- This site is optimized with the Yoast SEO plugin v27.4 - https:\/\/yoast.com\/product\/yoast-seo-wordpress\/ -->\n<title>inmuJOY - relaxing cushion set (4) - CDS boutique A\u00een\u00e9s<\/title>\n<meta name=\"description\" content=\"SAVE $400 on your inmuJOY, a unique sensory stimulation tool that reduces stress and calms the body, by purchasing a set of 4 for your residence.\" \/>\n<meta name=\"robots\" content=\"noindex, follow, max-snippet:-1, max-image-preview:large, max-video-preview:-1\" \/>\n<meta property=\"og:locale\" content=\"en_US\" \/>\n<meta property=\"og:type\" content=\"article\" \/>\n<meta property=\"og:title\" content=\"inmuJOY - relaxing cushion set (4) - CDS boutique A\u00een\u00e9s\" \/>\n<meta property=\"og:description\" content=\"SAVE $400 on your inmuJOY, a unique sensory stimulation tool that reduces stress and calms the body, by purchasing a set of 4 for your residence.\" \/>\n<meta property=\"og:url\" content=\"https:\/\/staging.cdsboutique.com\/en\/product\/inmujoy-set-4\/\" \/>\n<meta property=\"og:site_name\" content=\"CDS boutique A\u00een\u00e9s\" \/>\n<meta property=\"article:publisher\" content=\"https:\/\/www.facebook.com\/CDSBoutique.Aines.Seniors\" \/>\n<meta property=\"article:modified_time\" content=\"2024-03-20T16:06:37+00:00\" \/>\n<meta property=\"og:image\" content=\"https:\/\/staging.cdsboutique.com\/wp-content\/uploads\/2024\/03\/10.jpg?_t=1710950798\" \/>\n\t<meta property=\"og:image:width\" content=\"1050\" \/>\n\t<meta property=\"og:image:height\" content=\"1050\" \/>\n\t<meta property=\"og:image:type\" content=\"image\/jpeg\" \/>\n<meta name=\"twitter:card\" content=\"summary_large_image\" \/>\n<meta name=\"twitter:label1\" content=\"Est. reading time\" \/>\n\t<meta name=\"twitter:data1\" content=\"3 minutes\" \/>\n<script type=\"application\/ld+json\" class=\"yoast-schema-graph\">{\"@context\":\"https:\\\/\\\/schema.org\",\"@graph\":[{\"@type\":\"WebPage\",\"@id\":\"https:\\\/\\\/staging.cdsboutique.com\\\/en\\\/product\\\/inmujoy-set-4\\\/\",\"url\":\"https:\\\/\\\/staging.cdsboutique.com\\\/en\\\/product\\\/inmujoy-set-4\\\/\",\"name\":\"inmuJOY - relaxing cushion set (4) - CDS boutique A\u00een\u00e9s\",\"isPartOf\":{\"@id\":\"https:\\\/\\\/staging.cdsboutique.com\\\/#website\"},\"primaryImageOfPage\":{\"@id\":\"https:\\\/\\\/staging.cdsboutique.com\\\/en\\\/product\\\/inmujoy-set-4\\\/#primaryimage\"},\"image\":{\"@id\":\"https:\\\/\\\/staging.cdsboutique.com\\\/en\\\/product\\\/inmujoy-set-4\\\/#primaryimage\"},\"thumbnailUrl\":\"https:\\\/\\\/staging.cdsboutique.com\\\/wp-content\\\/uploads\\\/2024\\\/04\\\/5.jpg\",\"datePublished\":\"2024-03-20T15:55:34+00:00\",\"dateModified\":\"2024-03-20T16:06:37+00:00\",\"description\":\"SAVE $400 on your inmuJOY, a unique sensory stimulation tool that reduces stress and calms the body, by purchasing a set of 4 for your residence.\",\"breadcrumb\":{\"@id\":\"https:\\\/\\\/staging.cdsboutique.com\\\/en\\\/product\\\/inmujoy-set-4\\\/#breadcrumb\"},\"inLanguage\":\"en-US\",\"potentialAction\":[{\"@type\":\"ReadAction\",\"target\":[\"https:\\\/\\\/staging.cdsboutique.com\\\/en\\\/product\\\/inmujoy-set-4\\\/\"]}]},{\"@type\":\"ImageObject\",\"inLanguage\":\"en-US\",\"@id\":\"https:\\\/\\\/staging.cdsboutique.com\\\/en\\\/product\\\/inmujoy-set-4\\\/#primaryimage\",\"url\":\"https:\\\/\\\/staging.cdsboutique.com\\\/wp-content\\\/uploads\\\/2024\\\/04\\\/5.jpg\",\"contentUrl\":\"https:\\\/\\\/staging.cdsboutique.com\\\/wp-content\\\/uploads\\\/2024\\\/04\\\/5.jpg\",\"width\":1050,\"height\":1050},{\"@type\":\"BreadcrumbList\",\"@id\":\"https:\\\/\\\/staging.cdsboutique.com\\\/en\\\/product\\\/inmujoy-set-4\\\/#breadcrumb\",\"itemListElement\":[{\"@type\":\"ListItem\",\"position\":1,\"name\":\"Home\",\"item\":\"https:\\\/\\\/staging.cdsboutique.com\\\/en\\\/\"},{\"@type\":\"ListItem\",\"position\":2,\"name\":\"Products\",\"item\":\"https:\\\/\\\/staging.cdsboutique.com\\\/en\\\/products\\\/\"},{\"@type\":\"ListItem\",\"position\":3,\"name\":\"inmuJOY &#8211; relaxing cushion set (4)\"}]},{\"@type\":\"WebSite\",\"@id\":\"https:\\\/\\\/staging.cdsboutique.com\\\/#website\",\"url\":\"https:\\\/\\\/staging.cdsboutique.com\\\/\",\"name\":\"CDS boutique A\u00een\u00e9s\",\"description\":\"Pour une meilleure qualit\u00e9 de vie\",\"publisher\":{\"@id\":\"https:\\\/\\\/staging.cdsboutique.com\\\/#organization\"},\"potentialAction\":[{\"@type\":\"SearchAction\",\"target\":{\"@type\":\"EntryPoint\",\"urlTemplate\":\"https:\\\/\\\/staging.cdsboutique.com\\\/?s={search_term_string}\"},\"query-input\":{\"@type\":\"PropertyValueSpecification\",\"valueRequired\":true,\"valueName\":\"search_term_string\"}}],\"inLanguage\":\"en-US\"},{\"@type\":\"Organization\",\"@id\":\"https:\\\/\\\/staging.cdsboutique.com\\\/#organization\",\"name\":\"CDS Boutique\",\"url\":\"https:\\\/\\\/staging.cdsboutique.com\\\/\",\"logo\":{\"@type\":\"ImageObject\",\"inLanguage\":\"en-US\",\"@id\":\"https:\\\/\\\/staging.cdsboutique.com\\\/#\\\/schema\\\/logo\\\/image\\\/\",\"url\":\"https:\\\/\\\/staging.cdsboutique.com\\\/wp-content\\\/uploads\\\/2024\\\/09\\\/logoCDS-Boutique_final2024.jpg\",\"contentUrl\":\"https:\\\/\\\/staging.cdsboutique.com\\\/wp-content\\\/uploads\\\/2024\\\/09\\\/logoCDS-Boutique_final2024.jpg\",\"width\":900,\"height\":600,\"caption\":\"CDS Boutique\"},\"image\":{\"@id\":\"https:\\\/\\\/staging.cdsboutique.com\\\/#\\\/schema\\\/logo\\\/image\\\/\"},\"sameAs\":[\"https:\\\/\\\/www.facebook.com\\\/CDSBoutique.Aines.Seniors\",\"https:\\\/\\\/www.youtube.com\\\/@cdsboutique4046\",\"https:\\\/\\\/www.linkedin.com\\\/company\\\/cds-boutique\\\/\",\"https:\\\/\\\/www.instagram.com\\\/cdsboutique\\\/\"]}]}<\/script>\n<!-- \/ Yoast SEO plugin. -->","yoast_head_json":{"title":"inmuJOY - relaxing cushion set (4) - CDS boutique A\u00een\u00e9s","description":"SAVE $400 on your inmuJOY, a unique sensory stimulation tool that reduces stress and calms the body, by purchasing a set of 4 for your residence.","robots":{"index":"noindex","follow":"follow","max-snippet":"max-snippet:-1","max-image-preview":"max-image-preview:large","max-video-preview":"max-video-preview:-1"},"og_locale":"en_US","og_type":"article","og_title":"inmuJOY - relaxing cushion set (4) - CDS boutique A\u00een\u00e9s","og_description":"SAVE $400 on your inmuJOY, a unique sensory stimulation tool that reduces stress and calms the body, by purchasing a set of 4 for your residence.","og_url":"https:\/\/staging.cdsboutique.com\/en\/product\/inmujoy-set-4\/","og_site_name":"CDS boutique A\u00een\u00e9s","article_publisher":"https:\/\/www.facebook.com\/CDSBoutique.Aines.Seniors","article_modified_time":"2024-03-20T16:06:37+00:00","og_image":[{"width":1050,"height":1050,"url":"https:\/\/staging.cdsboutique.com\/wp-content\/uploads\/2024\/03\/10.jpg?_t=1710950798","type":"image\/jpeg"}],"twitter_card":"summary_large_image","twitter_misc":{"Est. reading time":"3 minutes"},"schema":{"@context":"https:\/\/schema.org","@graph":[{"@type":"WebPage","@id":"https:\/\/staging.cdsboutique.com\/en\/product\/inmujoy-set-4\/","url":"https:\/\/staging.cdsboutique.com\/en\/product\/inmujoy-set-4\/","name":"inmuJOY - relaxing cushion set (4) - CDS boutique A\u00een\u00e9s","isPartOf":{"@id":"https:\/\/staging.cdsboutique.com\/#website"},"primaryImageOfPage":{"@id":"https:\/\/staging.cdsboutique.com\/en\/product\/inmujoy-set-4\/#primaryimage"},"image":{"@id":"https:\/\/staging.cdsboutique.com\/en\/product\/inmujoy-set-4\/#primaryimage"},"thumbnailUrl":"https:\/\/staging.cdsboutique.com\/wp-content\/uploads\/2024\/04\/5.jpg","datePublished":"2024-03-20T15:55:34+00:00","dateModified":"2024-03-20T16:06:37+00:00","description":"SAVE $400 on your inmuJOY, a unique sensory stimulation tool that reduces stress and calms the body, by purchasing a set of 4 for your residence.","breadcrumb":{"@id":"https:\/\/staging.cdsboutique.com\/en\/product\/inmujoy-set-4\/#breadcrumb"},"inLanguage":"en-US","potentialAction":[{"@type":"ReadAction","target":["https:\/\/staging.cdsboutique.com\/en\/product\/inmujoy-set-4\/"]}]},{"@type":"ImageObject","inLanguage":"en-US","@id":"https:\/\/staging.cdsboutique.com\/en\/product\/inmujoy-set-4\/#primaryimage","url":"https:\/\/staging.cdsboutique.com\/wp-content\/uploads\/2024\/04\/5.jpg","contentUrl":"https:\/\/staging.cdsboutique.com\/wp-content\/uploads\/2024\/04\/5.jpg","width":1050,"height":1050},{"@type":"BreadcrumbList","@id":"https:\/\/staging.cdsboutique.com\/en\/product\/inmujoy-set-4\/#breadcrumb","itemListElement":[{"@type":"ListItem","position":1,"name":"Home","item":"https:\/\/staging.cdsboutique.com\/en\/"},{"@type":"ListItem","position":2,"name":"Products","item":"https:\/\/staging.cdsboutique.com\/en\/products\/"},{"@type":"ListItem","position":3,"name":"inmuJOY &#8211; relaxing cushion set (4)"}]},{"@type":"WebSite","@id":"https:\/\/staging.cdsboutique.com\/#website","url":"https:\/\/staging.cdsboutique.com\/","name":"CDS boutique A\u00een\u00e9s","description":"Pour une meilleure qualit\u00e9 de vie","publisher":{"@id":"https:\/\/staging.cdsboutique.com\/#organization"},"potentialAction":[{"@type":"SearchAction","target":{"@type":"EntryPoint","urlTemplate":"https:\/\/staging.cdsboutique.com\/?s={search_term_string}"},"query-input":{"@type":"PropertyValueSpecification","valueRequired":true,"valueName":"search_term_string"}}],"inLanguage":"en-US"},{"@type":"Organization","@id":"https:\/\/staging.cdsboutique.com\/#organization","name":"CDS Boutique","url":"https:\/\/staging.cdsboutique.com\/","logo":{"@type":"ImageObject","inLanguage":"en-US","@id":"https:\/\/staging.cdsboutique.com\/#\/schema\/logo\/image\/","url":"https:\/\/staging.cdsboutique.com\/wp-content\/uploads\/2024\/09\/logoCDS-Boutique_final2024.jpg","contentUrl":"https:\/\/staging.cdsboutique.com\/wp-content\/uploads\/2024\/09\/logoCDS-Boutique_final2024.jpg","width":900,"height":600,"caption":"CDS Boutique"},"image":{"@id":"https:\/\/staging.cdsboutique.com\/#\/schema\/logo\/image\/"},"sameAs":["https:\/\/www.facebook.com\/CDSBoutique.Aines.Seniors","https:\/\/www.youtube.com\/@cdsboutique4046","https:\/\/www.linkedin.com\/company\/cds-boutique\/","https:\/\/www.instagram.com\/cdsboutique\/"]}]}},"_links":{"self":[{"href":"https:\/\/staging.cdsboutique.com\/en\/wp-json\/wp\/v2\/product\/61528","targetHints":{"allow":["GET"]}}],"collection":[{"href":"https:\/\/staging.cdsboutique.com\/en\/wp-json\/wp\/v2\/product"}],"about":[{"href":"https:\/\/staging.cdsboutique.com\/en\/wp-json\/wp\/v2\/types\/product"}],"replies":[{"embeddable":true,"href":"https:\/\/staging.cdsboutique.com\/en\/wp-json\/wp\/v2\/comments?post=61528"}],"wp:featuredmedia":[{"embeddable":true,"href":"https:\/\/staging.cdsboutique.com\/en\/wp-json\/wp\/v2\/media\/61636"}],"wp:attachment":[{"href":"https:\/\/staging.cdsboutique.com\/en\/wp-json\/wp\/v2\/media?parent=61528"}],"wp:term":[{"taxonomy":"product_brand","embeddable":true,"href":"https:\/\/staging.cdsboutique.com\/en\/wp-json\/wp\/v2\/product_brand?post=61528"},{"taxonomy":"product_cat","embeddable":true,"href":"https:\/\/staging.cdsboutique.com\/en\/wp-json\/wp\/v2\/product_cat?post=61528"},{"taxonomy":"product_tag","embeddable":true,"href":"https:\/\/staging.cdsboutique.com\/en\/wp-json\/wp\/v2\/product_tag?post=61528"}],"curies":[{"name":"wp","href":"https:\/\/api.w.org\/{rel}","templated":true}]}}