{"id":64084,"date":"2024-09-25T11:57:00","date_gmt":"2024-09-19T17:28:13","guid":{"rendered":"https:\/\/cdsboutique.com\/?post_type=product&#038;p=64084"},"modified":"2024-09-19T13:28:14","modified_gmt":"2024-09-19T17:28:14","slug":"climb-xl","status":"publish","type":"product","link":"https:\/\/staging.cdsboutique.com\/en\/produit\/climb-xl\/","title":{"rendered":"Climb XL"},"content":{"rendered":"<p><strong>Ready? <\/strong><strong>Set? Go! Get your residents prepared for the challenge of Climb, where every move counts and every decision can make a difference! Don&#8217;t worry, your residents will remain comfortably seated: it is rather the three marbles that will have to be carefully manipulated to climb the wooden tower and reach the top!<\/strong><\/p>\n<p>This captivating game is a precision challenge, yet it adapts perfectly to the pace of each senior who takes part. Depending on their cognitive abilities and also their autonomy level, your seniors can use their hands or the tool provided to get the three balls to their destination. \u00a0In single-player mode, your less autonomous residents can take it in turns to roll their marbles to the top, making well-considered and smooth decisions. In multiplayer mode, your residents can either enjoy a moment of chat and laughter around a shared activity, or embark on a competition where strategy, speed and risk-taking will be their best allies. Either way, the wall\u2019s perforated spaces will be ready to swallow up any marble that doesn&#8217;t closely follow its path.<\/p>\n<p>Climb XL is an exceptional game for working on essential skills such as patience, fine motor skills, decision-making and concentration in all seniors, from those who are fully independent to those living with cognitive disorders. The simple rules make the game easy to understand, while the challenge offers hours of fun.<\/p>\n<p>So don&#8217;t wait any longer and invite your seniors to take up the Climb challenge! What a sense of pride and accomplishment they&#8217;ll feel when the three marbles they&#8217;re guiding finally reach the top!<\/p>\n<p><strong>Everything you need to know about Climb XL<\/strong><\/p>\n<ul>\n<li>Wooden tower dimensions: 41 x 40 x 42.5 cm.<\/li>\n<li>Contains removable wooden tower, 4 precision tools (1x red, 1x blue, 1x yellow, 1x green), 12 colored wooden balls (3x red, 3x blue, 3x yellow, 3x green).<\/li>\n<\/ul>\n","protected":false},"excerpt":{"rendered":"<p>Ready? Set? Go! Get your residents prepared for the challenge of Climb, where every move counts and every decision can make a difference! Don&#8217;t worry, your residents will remain comfortably seated: it is rather the three marbles that will have to be carefully manipulated to climb the wooden tower and reach the top! This captivating [&hellip;]<\/p>\n","protected":false},"featured_media":64083,"comment_status":"closed","ping_status":"closed","template":"","meta":{"_acf_changed":false},"product_brand":[],"product_cat":[4401,4558,4091],"product_tag":[4680],"class_list":{"0":"post-64084","1":"product","2":"type-product","3":"status-publish","4":"has-post-thumbnail","6":"product_cat-all","7":"product_cat-gift-ideas-en","8":"product_cat-new-arrivals","9":"product_tag-news-en","10":"product_shipping_class-frais-de-livraison-en","12":"first","13":"instock","14":"taxable","15":"shipping-taxable","16":"purchasable","17":"product-type-simple"},"bundled_by":[],"bundle_stock_status":"instock","bundle_stock_quantity":null,"bundle_virtual":false,"bundle_layout":"","bundle_add_to_cart_form_location":"","bundle_editable_in_cart":false,"bundle_sold_individually_context":"","bundle_item_grouping":"","bundle_min_size":"","bundle_max_size":"","bundle_price":[],"bundled_items":[],"bundle_sell_ids":[],"acf":[],"featured_image_urls_v2":{"full":["https:\/\/staging.cdsboutique.com\/wp-content\/uploads\/2024\/07\/25347_climxl.jpg",1050,1050,false],"thumbnail":["https:\/\/staging.cdsboutique.com\/wp-content\/uploads\/2024\/07\/25347_climxl-150x150.jpg",150,150,true],"medium":["https:\/\/staging.cdsboutique.com\/wp-content\/uploads\/2024\/07\/25347_climxl-300x300.jpg",300,300,true],"medium_large":["https:\/\/staging.cdsboutique.com\/wp-content\/uploads\/2024\/07\/25347_climxl-768x768.jpg",768,768,true],"large":["https:\/\/staging.cdsboutique.com\/wp-content\/uploads\/2024\/07\/25347_climxl-1024x1024.jpg",980,980,true],"1536x1536":["https:\/\/staging.cdsboutique.com\/wp-content\/uploads\/2024\/07\/25347_climxl.jpg",1050,1050,false],"2048x2048":["https:\/\/staging.cdsboutique.com\/wp-content\/uploads\/2024\/07\/25347_climxl.jpg",1050,1050,false],"gform-image-choice-sm":["https:\/\/staging.cdsboutique.com\/wp-content\/uploads\/2024\/07\/25347_climxl.jpg",300,300,false],"gform-image-choice-md":["https:\/\/staging.cdsboutique.com\/wp-content\/uploads\/2024\/07\/25347_climxl.jpg",400,400,false],"gform-image-choice-lg":["https:\/\/staging.cdsboutique.com\/wp-content\/uploads\/2024\/07\/25347_climxl.jpg",600,600,false],"woocommerce_thumbnail":["https:\/\/staging.cdsboutique.com\/wp-content\/uploads\/2024\/07\/25347_climxl-300x300.jpg",300,300,true],"woocommerce_single":["https:\/\/staging.cdsboutique.com\/wp-content\/uploads\/2024\/07\/25347_climxl-600x600.jpg",600,600,true],"woocommerce_gallery_thumbnail":["https:\/\/staging.cdsboutique.com\/wp-content\/uploads\/2024\/07\/25347_climxl-100x100.jpg",100,100,true],"variation_swatches_image_size":["https:\/\/staging.cdsboutique.com\/wp-content\/uploads\/2024\/07\/25347_climxl-50x50.jpg",50,50,true],"variation_swatches_tooltip_size":["https:\/\/staging.cdsboutique.com\/wp-content\/uploads\/2024\/07\/25347_climxl-100x100.jpg",100,100,true],"logo-size":["https:\/\/staging.cdsboutique.com\/wp-content\/uploads\/2024\/07\/25347_climxl-84x84.jpg",84,84,true],"blog":["https:\/\/staging.cdsboutique.com\/wp-content\/uploads\/2024\/07\/25347_climxl-350x260.jpg",350,260,true]},"post_excerpt_stackable_v2":"<p>Ready? Set? Go! Get your residents prepared for the challenge of Climb, where every move counts and every decision can make a difference! Don&#8217;t worry, your residents will remain comfortably seated: it is rather the three marbles that will have to be carefully manipulated to climb the wooden tower and reach the top! This captivating game is a precision challenge, yet it adapts perfectly to the pace of each senior who takes part. Depending on their cognitive abilities and also their autonomy level, your seniors can use their hands or the tool provided to get the three balls to their&hellip;<\/p>\n","category_list_v2":"","author_info_v2":{"name":"","url":""},"comments_num_v2":"0 comments","yoast_head":"<!-- This site is optimized with the Yoast SEO plugin v27.4 - https:\/\/yoast.com\/product\/yoast-seo-wordpress\/ -->\n<title>Climb XL - CDS boutique A\u00een\u00e9s<\/title>\n<meta name=\"description\" content=\"Ready? Set? Go! Get your residents prepared for the challenge of Climb, where every move counts and every decision can make a difference!\" \/>\n<meta name=\"robots\" content=\"noindex, follow, max-snippet:-1, max-image-preview:large, max-video-preview:-1\" \/>\n<meta property=\"og:locale\" content=\"en_US\" \/>\n<meta property=\"og:type\" content=\"article\" \/>\n<meta property=\"og:title\" content=\"Climb XL - CDS boutique A\u00een\u00e9s\" \/>\n<meta property=\"og:description\" content=\"Ready? Set? Go! Get your residents prepared for the challenge of Climb, where every move counts and every decision can make a difference!\" \/>\n<meta property=\"og:url\" content=\"https:\/\/staging.cdsboutique.com\/en\/product\/climb-xl\/\" \/>\n<meta property=\"og:site_name\" content=\"CDS boutique A\u00een\u00e9s\" \/>\n<meta property=\"article:publisher\" content=\"https:\/\/www.facebook.com\/CDSBoutique.Aines.Seniors\" \/>\n<meta property=\"article:modified_time\" content=\"2024-09-19T17:28:14+00:00\" \/>\n<meta property=\"og:image\" content=\"https:\/\/staging.cdsboutique.com\/wp-content\/uploads\/2024\/07\/25347_climxl.jpg?_t=1726766894\" \/>\n\t<meta property=\"og:image:width\" content=\"1050\" \/>\n\t<meta property=\"og:image:height\" content=\"1050\" \/>\n\t<meta property=\"og:image:type\" content=\"image\/jpeg\" \/>\n<meta name=\"twitter:card\" content=\"summary_large_image\" \/>\n<meta name=\"twitter:label1\" content=\"Est. reading time\" \/>\n\t<meta name=\"twitter:data1\" content=\"2 minutes\" \/>\n<script type=\"application\/ld+json\" class=\"yoast-schema-graph\">{\"@context\":\"https:\\\/\\\/schema.org\",\"@graph\":[{\"@type\":\"WebPage\",\"@id\":\"https:\\\/\\\/staging.cdsboutique.com\\\/en\\\/product\\\/climb-xl\\\/\",\"url\":\"https:\\\/\\\/staging.cdsboutique.com\\\/en\\\/product\\\/climb-xl\\\/\",\"name\":\"Climb XL - CDS boutique A\u00een\u00e9s\",\"isPartOf\":{\"@id\":\"https:\\\/\\\/staging.cdsboutique.com\\\/#website\"},\"primaryImageOfPage\":{\"@id\":\"https:\\\/\\\/staging.cdsboutique.com\\\/en\\\/product\\\/climb-xl\\\/#primaryimage\"},\"image\":{\"@id\":\"https:\\\/\\\/staging.cdsboutique.com\\\/en\\\/product\\\/climb-xl\\\/#primaryimage\"},\"thumbnailUrl\":\"https:\\\/\\\/staging.cdsboutique.com\\\/wp-content\\\/uploads\\\/2024\\\/07\\\/25347_climxl.jpg\",\"datePublished\":\"2024-09-19T17:28:13+00:00\",\"dateModified\":\"2024-09-19T17:28:14+00:00\",\"description\":\"Ready? Set? Go! Get your residents prepared for the challenge of Climb, where every move counts and every decision can make a difference!\",\"breadcrumb\":{\"@id\":\"https:\\\/\\\/staging.cdsboutique.com\\\/en\\\/product\\\/climb-xl\\\/#breadcrumb\"},\"inLanguage\":\"en-US\",\"potentialAction\":[{\"@type\":\"ReadAction\",\"target\":[\"https:\\\/\\\/staging.cdsboutique.com\\\/en\\\/product\\\/climb-xl\\\/\"]}]},{\"@type\":\"ImageObject\",\"inLanguage\":\"en-US\",\"@id\":\"https:\\\/\\\/staging.cdsboutique.com\\\/en\\\/product\\\/climb-xl\\\/#primaryimage\",\"url\":\"https:\\\/\\\/staging.cdsboutique.com\\\/wp-content\\\/uploads\\\/2024\\\/07\\\/25347_climxl.jpg\",\"contentUrl\":\"https:\\\/\\\/staging.cdsboutique.com\\\/wp-content\\\/uploads\\\/2024\\\/07\\\/25347_climxl.jpg\",\"width\":1050,\"height\":1050,\"caption\":\"Climb XL\"},{\"@type\":\"BreadcrumbList\",\"@id\":\"https:\\\/\\\/staging.cdsboutique.com\\\/en\\\/product\\\/climb-xl\\\/#breadcrumb\",\"itemListElement\":[{\"@type\":\"ListItem\",\"position\":1,\"name\":\"Home\",\"item\":\"https:\\\/\\\/staging.cdsboutique.com\\\/en\\\/\"},{\"@type\":\"ListItem\",\"position\":2,\"name\":\"Products\",\"item\":\"https:\\\/\\\/staging.cdsboutique.com\\\/en\\\/products\\\/\"},{\"@type\":\"ListItem\",\"position\":3,\"name\":\"Climb XL\"}]},{\"@type\":\"WebSite\",\"@id\":\"https:\\\/\\\/staging.cdsboutique.com\\\/#website\",\"url\":\"https:\\\/\\\/staging.cdsboutique.com\\\/\",\"name\":\"CDS boutique A\u00een\u00e9s\",\"description\":\"Pour une meilleure qualit\u00e9 de vie\",\"publisher\":{\"@id\":\"https:\\\/\\\/staging.cdsboutique.com\\\/#organization\"},\"potentialAction\":[{\"@type\":\"SearchAction\",\"target\":{\"@type\":\"EntryPoint\",\"urlTemplate\":\"https:\\\/\\\/staging.cdsboutique.com\\\/?s={search_term_string}\"},\"query-input\":{\"@type\":\"PropertyValueSpecification\",\"valueRequired\":true,\"valueName\":\"search_term_string\"}}],\"inLanguage\":\"en-US\"},{\"@type\":\"Organization\",\"@id\":\"https:\\\/\\\/staging.cdsboutique.com\\\/#organization\",\"name\":\"CDS Boutique\",\"url\":\"https:\\\/\\\/staging.cdsboutique.com\\\/\",\"logo\":{\"@type\":\"ImageObject\",\"inLanguage\":\"en-US\",\"@id\":\"https:\\\/\\\/staging.cdsboutique.com\\\/#\\\/schema\\\/logo\\\/image\\\/\",\"url\":\"https:\\\/\\\/staging.cdsboutique.com\\\/wp-content\\\/uploads\\\/2024\\\/09\\\/logoCDS-Boutique_final2024.jpg\",\"contentUrl\":\"https:\\\/\\\/staging.cdsboutique.com\\\/wp-content\\\/uploads\\\/2024\\\/09\\\/logoCDS-Boutique_final2024.jpg\",\"width\":900,\"height\":600,\"caption\":\"CDS Boutique\"},\"image\":{\"@id\":\"https:\\\/\\\/staging.cdsboutique.com\\\/#\\\/schema\\\/logo\\\/image\\\/\"},\"sameAs\":[\"https:\\\/\\\/www.facebook.com\\\/CDSBoutique.Aines.Seniors\",\"https:\\\/\\\/www.youtube.com\\\/@cdsboutique4046\",\"https:\\\/\\\/www.linkedin.com\\\/company\\\/cds-boutique\\\/\",\"https:\\\/\\\/www.instagram.com\\\/cdsboutique\\\/\"]}]}<\/script>\n<!-- \/ Yoast SEO plugin. -->","yoast_head_json":{"title":"Climb XL - CDS boutique A\u00een\u00e9s","description":"Ready? Set? Go! Get your residents prepared for the challenge of Climb, where every move counts and every decision can make a difference!","robots":{"index":"noindex","follow":"follow","max-snippet":"max-snippet:-1","max-image-preview":"max-image-preview:large","max-video-preview":"max-video-preview:-1"},"og_locale":"en_US","og_type":"article","og_title":"Climb XL - CDS boutique A\u00een\u00e9s","og_description":"Ready? Set? Go! Get your residents prepared for the challenge of Climb, where every move counts and every decision can make a difference!","og_url":"https:\/\/staging.cdsboutique.com\/en\/product\/climb-xl\/","og_site_name":"CDS boutique A\u00een\u00e9s","article_publisher":"https:\/\/www.facebook.com\/CDSBoutique.Aines.Seniors","article_modified_time":"2024-09-19T17:28:14+00:00","og_image":[{"width":1050,"height":1050,"url":"https:\/\/staging.cdsboutique.com\/wp-content\/uploads\/2024\/07\/25347_climxl.jpg?_t=1726766894","type":"image\/jpeg"}],"twitter_card":"summary_large_image","twitter_misc":{"Est. reading time":"2 minutes"},"schema":{"@context":"https:\/\/schema.org","@graph":[{"@type":"WebPage","@id":"https:\/\/staging.cdsboutique.com\/en\/product\/climb-xl\/","url":"https:\/\/staging.cdsboutique.com\/en\/product\/climb-xl\/","name":"Climb XL - CDS boutique A\u00een\u00e9s","isPartOf":{"@id":"https:\/\/staging.cdsboutique.com\/#website"},"primaryImageOfPage":{"@id":"https:\/\/staging.cdsboutique.com\/en\/product\/climb-xl\/#primaryimage"},"image":{"@id":"https:\/\/staging.cdsboutique.com\/en\/product\/climb-xl\/#primaryimage"},"thumbnailUrl":"https:\/\/staging.cdsboutique.com\/wp-content\/uploads\/2024\/07\/25347_climxl.jpg","datePublished":"2024-09-19T17:28:13+00:00","dateModified":"2024-09-19T17:28:14+00:00","description":"Ready? Set? Go! Get your residents prepared for the challenge of Climb, where every move counts and every decision can make a difference!","breadcrumb":{"@id":"https:\/\/staging.cdsboutique.com\/en\/product\/climb-xl\/#breadcrumb"},"inLanguage":"en-US","potentialAction":[{"@type":"ReadAction","target":["https:\/\/staging.cdsboutique.com\/en\/product\/climb-xl\/"]}]},{"@type":"ImageObject","inLanguage":"en-US","@id":"https:\/\/staging.cdsboutique.com\/en\/product\/climb-xl\/#primaryimage","url":"https:\/\/staging.cdsboutique.com\/wp-content\/uploads\/2024\/07\/25347_climxl.jpg","contentUrl":"https:\/\/staging.cdsboutique.com\/wp-content\/uploads\/2024\/07\/25347_climxl.jpg","width":1050,"height":1050,"caption":"Climb XL"},{"@type":"BreadcrumbList","@id":"https:\/\/staging.cdsboutique.com\/en\/product\/climb-xl\/#breadcrumb","itemListElement":[{"@type":"ListItem","position":1,"name":"Home","item":"https:\/\/staging.cdsboutique.com\/en\/"},{"@type":"ListItem","position":2,"name":"Products","item":"https:\/\/staging.cdsboutique.com\/en\/products\/"},{"@type":"ListItem","position":3,"name":"Climb XL"}]},{"@type":"WebSite","@id":"https:\/\/staging.cdsboutique.com\/#website","url":"https:\/\/staging.cdsboutique.com\/","name":"CDS boutique A\u00een\u00e9s","description":"Pour une meilleure qualit\u00e9 de vie","publisher":{"@id":"https:\/\/staging.cdsboutique.com\/#organization"},"potentialAction":[{"@type":"SearchAction","target":{"@type":"EntryPoint","urlTemplate":"https:\/\/staging.cdsboutique.com\/?s={search_term_string}"},"query-input":{"@type":"PropertyValueSpecification","valueRequired":true,"valueName":"search_term_string"}}],"inLanguage":"en-US"},{"@type":"Organization","@id":"https:\/\/staging.cdsboutique.com\/#organization","name":"CDS Boutique","url":"https:\/\/staging.cdsboutique.com\/","logo":{"@type":"ImageObject","inLanguage":"en-US","@id":"https:\/\/staging.cdsboutique.com\/#\/schema\/logo\/image\/","url":"https:\/\/staging.cdsboutique.com\/wp-content\/uploads\/2024\/09\/logoCDS-Boutique_final2024.jpg","contentUrl":"https:\/\/staging.cdsboutique.com\/wp-content\/uploads\/2024\/09\/logoCDS-Boutique_final2024.jpg","width":900,"height":600,"caption":"CDS Boutique"},"image":{"@id":"https:\/\/staging.cdsboutique.com\/#\/schema\/logo\/image\/"},"sameAs":["https:\/\/www.facebook.com\/CDSBoutique.Aines.Seniors","https:\/\/www.youtube.com\/@cdsboutique4046","https:\/\/www.linkedin.com\/company\/cds-boutique\/","https:\/\/www.instagram.com\/cdsboutique\/"]}]}},"_links":{"self":[{"href":"https:\/\/staging.cdsboutique.com\/en\/wp-json\/wp\/v2\/product\/64084","targetHints":{"allow":["GET"]}}],"collection":[{"href":"https:\/\/staging.cdsboutique.com\/en\/wp-json\/wp\/v2\/product"}],"about":[{"href":"https:\/\/staging.cdsboutique.com\/en\/wp-json\/wp\/v2\/types\/product"}],"replies":[{"embeddable":true,"href":"https:\/\/staging.cdsboutique.com\/en\/wp-json\/wp\/v2\/comments?post=64084"}],"wp:featuredmedia":[{"embeddable":true,"href":"https:\/\/staging.cdsboutique.com\/en\/wp-json\/wp\/v2\/media\/64083"}],"wp:attachment":[{"href":"https:\/\/staging.cdsboutique.com\/en\/wp-json\/wp\/v2\/media?parent=64084"}],"wp:term":[{"taxonomy":"product_brand","embeddable":true,"href":"https:\/\/staging.cdsboutique.com\/en\/wp-json\/wp\/v2\/product_brand?post=64084"},{"taxonomy":"product_cat","embeddable":true,"href":"https:\/\/staging.cdsboutique.com\/en\/wp-json\/wp\/v2\/product_cat?post=64084"},{"taxonomy":"product_tag","embeddable":true,"href":"https:\/\/staging.cdsboutique.com\/en\/wp-json\/wp\/v2\/product_tag?post=64084"}],"curies":[{"name":"wp","href":"https:\/\/api.w.org\/{rel}","templated":true}]}}