{"id":64100,"date":"2024-09-25T11:14:24","date_gmt":"2024-09-25T15:13:08","guid":{"rendered":"https:\/\/cdsboutique.com\/?post_type=product&#038;p=64100"},"modified":"2024-10-11T15:30:54","modified_gmt":"2024-10-11T19:30:54","slug":"do-a-dot-art-6-rainbow-markers","status":"publish","type":"product","link":"https:\/\/staging.cdsboutique.com\/en\/produit\/do-a-dot-art-6-rainbow-markers\/","title":{"rendered":"Do-A-Dot-Art &#8211; 6 Rainbow markers"},"content":{"rendered":"<p><strong>Looking for an easy way to help your residents create beautiful works of art? This set of markers with circular applicator and sponge tip is the perfect tool, thanks to its versatility of use.<\/strong><\/p>\n<p>Your seniors suffering from neurodegenerative diseases such as Parkinson&#8217;s or Alzheimer&#8217;s will be delighted to be able to use these colourful markers, which offer an easy grip with their large size and anti-slip stripes. What&#8217;s more, you&#8217;ll notice that, as well as being clearly visible, the colours are also identified by huge letters to accommodate seniors suffering from macular degeneration or other vision disorders. They&#8217;ll find it easy to produce more abstract, personalized creations, while your fully autonomous residents can challenge themselves to create more complex, revealing images, using the \u201cdot-by-dot\u201d drawing technique. With these quality circular markers, art becomes accessible to all, especially as they are washable and non-toxic, guaranteeing safe use for your seniors.<\/p>\n<p>By offering your residents an artistic type of activity, you give them the opportunity to work not only on their creativity, but also on their dexterity, concentration and well-being. Encouraging your seniors to explore their artistic potential can only have a positive effect on their self-esteem, especially if their creations are exhibited in a shared venue or in a place they hold especially dear.<\/p>\n<p><strong>Everything you need to know about Do-a-dot-Art Rainbow Dot Markers:<\/strong><\/p>\n<ul>\n<li>Contains 6 markers, each containing 74ml of ink (red, orange, yellow, green, blue, purple).<\/li>\n<\/ul>\n","protected":false},"excerpt":{"rendered":"<p>Looking for an easy way to help your residents create beautiful works of art? This set of markers with circular applicator and sponge tip is the perfect tool, thanks to its versatility of use. Your seniors suffering from neurodegenerative diseases such as Parkinson&#8217;s or Alzheimer&#8217;s will be delighted to be able to use these colourful [&hellip;]<\/p>\n","protected":false},"featured_media":64096,"comment_status":"closed","ping_status":"closed","template":"","meta":{"_acf_changed":false},"product_brand":[],"product_cat":[4401,2816,2864,4091],"product_tag":[4680],"class_list":{"0":"post-64100","1":"product","2":"type-product","3":"status-publish","4":"has-post-thumbnail","6":"product_cat-all","7":"product_cat-arts-crafts","8":"product_cat-colouring-books","9":"product_cat-new-arrivals","10":"product_tag-news-en","11":"product_shipping_class-frais-de-livraison-en","13":"first","14":"instock","15":"taxable","16":"shipping-taxable","17":"purchasable","18":"product-type-simple"},"bundled_by":[],"bundle_stock_status":"instock","bundle_stock_quantity":null,"bundle_virtual":false,"bundle_layout":"","bundle_add_to_cart_form_location":"","bundle_editable_in_cart":false,"bundle_sold_individually_context":"","bundle_item_grouping":"","bundle_min_size":"","bundle_max_size":"","bundle_price":[],"bundled_items":[],"bundle_sell_ids":[],"acf":[],"featured_image_urls_v2":{"full":["https:\/\/staging.cdsboutique.com\/wp-content\/uploads\/2024\/07\/25349_do_a_dot_art-2.jpg",1050,1050,false],"thumbnail":["https:\/\/staging.cdsboutique.com\/wp-content\/uploads\/2024\/07\/25349_do_a_dot_art-2-150x150.jpg",150,150,true],"medium":["https:\/\/staging.cdsboutique.com\/wp-content\/uploads\/2024\/07\/25349_do_a_dot_art-2-300x300.jpg",300,300,true],"medium_large":["https:\/\/staging.cdsboutique.com\/wp-content\/uploads\/2024\/07\/25349_do_a_dot_art-2-768x768.jpg",768,768,true],"large":["https:\/\/staging.cdsboutique.com\/wp-content\/uploads\/2024\/07\/25349_do_a_dot_art-2-1024x1024.jpg",980,980,true],"1536x1536":["https:\/\/staging.cdsboutique.com\/wp-content\/uploads\/2024\/07\/25349_do_a_dot_art-2.jpg",1050,1050,false],"2048x2048":["https:\/\/staging.cdsboutique.com\/wp-content\/uploads\/2024\/07\/25349_do_a_dot_art-2.jpg",1050,1050,false],"gform-image-choice-sm":["https:\/\/staging.cdsboutique.com\/wp-content\/uploads\/2024\/07\/25349_do_a_dot_art-2.jpg",300,300,false],"gform-image-choice-md":["https:\/\/staging.cdsboutique.com\/wp-content\/uploads\/2024\/07\/25349_do_a_dot_art-2.jpg",400,400,false],"gform-image-choice-lg":["https:\/\/staging.cdsboutique.com\/wp-content\/uploads\/2024\/07\/25349_do_a_dot_art-2.jpg",600,600,false],"woocommerce_thumbnail":["https:\/\/staging.cdsboutique.com\/wp-content\/uploads\/2024\/07\/25349_do_a_dot_art-2-300x300.jpg",300,300,true],"woocommerce_single":["https:\/\/staging.cdsboutique.com\/wp-content\/uploads\/2024\/07\/25349_do_a_dot_art-2-600x600.jpg",600,600,true],"woocommerce_gallery_thumbnail":["https:\/\/staging.cdsboutique.com\/wp-content\/uploads\/2024\/07\/25349_do_a_dot_art-2-100x100.jpg",100,100,true],"variation_swatches_image_size":["https:\/\/staging.cdsboutique.com\/wp-content\/uploads\/2024\/07\/25349_do_a_dot_art-2-50x50.jpg",50,50,true],"variation_swatches_tooltip_size":["https:\/\/staging.cdsboutique.com\/wp-content\/uploads\/2024\/07\/25349_do_a_dot_art-2-100x100.jpg",100,100,true],"logo-size":["https:\/\/staging.cdsboutique.com\/wp-content\/uploads\/2024\/07\/25349_do_a_dot_art-2-84x84.jpg",84,84,true],"blog":["https:\/\/staging.cdsboutique.com\/wp-content\/uploads\/2024\/07\/25349_do_a_dot_art-2-350x260.jpg",350,260,true]},"post_excerpt_stackable_v2":"<p>Looking for an easy way to help your residents create beautiful works of art? This set of markers with circular applicator and sponge tip is the perfect tool, thanks to its versatility of use. Your seniors suffering from neurodegenerative diseases such as Parkinson&#8217;s or Alzheimer&#8217;s will be delighted to be able to use these colourful markers, which offer an easy grip with their large size and anti-slip stripes. What&#8217;s more, you&#8217;ll notice that, as well as being clearly visible, the colours are also identified by huge letters to accommodate seniors suffering from macular degeneration or other vision disorders. They&#8217;ll find&hellip;<\/p>\n","category_list_v2":"","author_info_v2":{"name":"","url":""},"comments_num_v2":"0 comments","yoast_head":"<!-- This site is optimized with the Yoast SEO plugin v27.4 - https:\/\/yoast.com\/product\/yoast-seo-wordpress\/ -->\n<title>Do-A-Dot-Art - 6 Rainbow markers - CDS boutique A\u00een\u00e9s<\/title>\n<meta name=\"description\" content=\"This Do-A-Dot-Art set of markers features a circular applicator and a sponge tip, making it the perfect tool for a wide range of uses.\" \/>\n<meta name=\"robots\" content=\"noindex, follow, max-snippet:-1, max-image-preview:large, max-video-preview:-1\" \/>\n<meta property=\"og:locale\" content=\"en_US\" \/>\n<meta property=\"og:type\" content=\"article\" \/>\n<meta property=\"og:title\" content=\"Do-A-Dot-Art - 6 Rainbow markers - CDS boutique A\u00een\u00e9s\" \/>\n<meta property=\"og:description\" content=\"This Do-A-Dot-Art set of markers features a circular applicator and a sponge tip, making it the perfect tool for a wide range of uses.\" \/>\n<meta property=\"og:url\" content=\"https:\/\/staging.cdsboutique.com\/en\/product\/do-a-dot-art-6-rainbow-markers\/\" \/>\n<meta property=\"og:site_name\" content=\"CDS boutique A\u00een\u00e9s\" \/>\n<meta property=\"article:publisher\" content=\"https:\/\/www.facebook.com\/CDSBoutique.Aines.Seniors\" \/>\n<meta property=\"article:modified_time\" content=\"2024-10-11T19:30:54+00:00\" \/>\n<meta property=\"og:image\" content=\"https:\/\/staging.cdsboutique.com\/wp-content\/uploads\/2024\/07\/25349_do_a_dot_art-2.jpg?_t=1728675054\" \/>\n\t<meta property=\"og:image:width\" content=\"1050\" \/>\n\t<meta property=\"og:image:height\" content=\"1050\" \/>\n\t<meta property=\"og:image:type\" content=\"image\/jpeg\" \/>\n<meta name=\"twitter:card\" content=\"summary_large_image\" \/>\n<meta name=\"twitter:label1\" content=\"Est. reading time\" \/>\n\t<meta name=\"twitter:data1\" content=\"2 minutes\" \/>\n<script type=\"application\/ld+json\" class=\"yoast-schema-graph\">{\"@context\":\"https:\\\/\\\/schema.org\",\"@graph\":[{\"@type\":\"WebPage\",\"@id\":\"https:\\\/\\\/staging.cdsboutique.com\\\/en\\\/product\\\/do-a-dot-art-6-rainbow-markers\\\/\",\"url\":\"https:\\\/\\\/staging.cdsboutique.com\\\/en\\\/product\\\/do-a-dot-art-6-rainbow-markers\\\/\",\"name\":\"Do-A-Dot-Art - 6 Rainbow markers - CDS boutique A\u00een\u00e9s\",\"isPartOf\":{\"@id\":\"https:\\\/\\\/staging.cdsboutique.com\\\/#website\"},\"primaryImageOfPage\":{\"@id\":\"https:\\\/\\\/staging.cdsboutique.com\\\/en\\\/product\\\/do-a-dot-art-6-rainbow-markers\\\/#primaryimage\"},\"image\":{\"@id\":\"https:\\\/\\\/staging.cdsboutique.com\\\/en\\\/product\\\/do-a-dot-art-6-rainbow-markers\\\/#primaryimage\"},\"thumbnailUrl\":\"https:\\\/\\\/staging.cdsboutique.com\\\/wp-content\\\/uploads\\\/2024\\\/07\\\/25349_do_a_dot_art-2.jpg\",\"datePublished\":\"2024-09-25T15:13:08+00:00\",\"dateModified\":\"2024-10-11T19:30:54+00:00\",\"description\":\"This Do-A-Dot-Art set of markers features a circular applicator and a sponge tip, making it the perfect tool for a wide range of uses.\",\"breadcrumb\":{\"@id\":\"https:\\\/\\\/staging.cdsboutique.com\\\/en\\\/product\\\/do-a-dot-art-6-rainbow-markers\\\/#breadcrumb\"},\"inLanguage\":\"en-US\",\"potentialAction\":[{\"@type\":\"ReadAction\",\"target\":[\"https:\\\/\\\/staging.cdsboutique.com\\\/en\\\/product\\\/do-a-dot-art-6-rainbow-markers\\\/\"]}]},{\"@type\":\"ImageObject\",\"inLanguage\":\"en-US\",\"@id\":\"https:\\\/\\\/staging.cdsboutique.com\\\/en\\\/product\\\/do-a-dot-art-6-rainbow-markers\\\/#primaryimage\",\"url\":\"https:\\\/\\\/staging.cdsboutique.com\\\/wp-content\\\/uploads\\\/2024\\\/07\\\/25349_do_a_dot_art-2.jpg\",\"contentUrl\":\"https:\\\/\\\/staging.cdsboutique.com\\\/wp-content\\\/uploads\\\/2024\\\/07\\\/25349_do_a_dot_art-2.jpg\",\"width\":1050,\"height\":1050,\"caption\":\"An adult uses the Do-A-dot-Art kit on a blank sheet of paper.\"},{\"@type\":\"BreadcrumbList\",\"@id\":\"https:\\\/\\\/staging.cdsboutique.com\\\/en\\\/product\\\/do-a-dot-art-6-rainbow-markers\\\/#breadcrumb\",\"itemListElement\":[{\"@type\":\"ListItem\",\"position\":1,\"name\":\"Home\",\"item\":\"https:\\\/\\\/staging.cdsboutique.com\\\/en\\\/\"},{\"@type\":\"ListItem\",\"position\":2,\"name\":\"Products\",\"item\":\"https:\\\/\\\/staging.cdsboutique.com\\\/en\\\/products\\\/\"},{\"@type\":\"ListItem\",\"position\":3,\"name\":\"Do-A-Dot-Art &#8211; 6 Rainbow markers\"}]},{\"@type\":\"WebSite\",\"@id\":\"https:\\\/\\\/staging.cdsboutique.com\\\/#website\",\"url\":\"https:\\\/\\\/staging.cdsboutique.com\\\/\",\"name\":\"CDS boutique A\u00een\u00e9s\",\"description\":\"Pour une meilleure qualit\u00e9 de vie\",\"publisher\":{\"@id\":\"https:\\\/\\\/staging.cdsboutique.com\\\/#organization\"},\"potentialAction\":[{\"@type\":\"SearchAction\",\"target\":{\"@type\":\"EntryPoint\",\"urlTemplate\":\"https:\\\/\\\/staging.cdsboutique.com\\\/?s={search_term_string}\"},\"query-input\":{\"@type\":\"PropertyValueSpecification\",\"valueRequired\":true,\"valueName\":\"search_term_string\"}}],\"inLanguage\":\"en-US\"},{\"@type\":\"Organization\",\"@id\":\"https:\\\/\\\/staging.cdsboutique.com\\\/#organization\",\"name\":\"CDS Boutique\",\"url\":\"https:\\\/\\\/staging.cdsboutique.com\\\/\",\"logo\":{\"@type\":\"ImageObject\",\"inLanguage\":\"en-US\",\"@id\":\"https:\\\/\\\/staging.cdsboutique.com\\\/#\\\/schema\\\/logo\\\/image\\\/\",\"url\":\"https:\\\/\\\/staging.cdsboutique.com\\\/wp-content\\\/uploads\\\/2024\\\/09\\\/logoCDS-Boutique_final2024.jpg\",\"contentUrl\":\"https:\\\/\\\/staging.cdsboutique.com\\\/wp-content\\\/uploads\\\/2024\\\/09\\\/logoCDS-Boutique_final2024.jpg\",\"width\":900,\"height\":600,\"caption\":\"CDS Boutique\"},\"image\":{\"@id\":\"https:\\\/\\\/staging.cdsboutique.com\\\/#\\\/schema\\\/logo\\\/image\\\/\"},\"sameAs\":[\"https:\\\/\\\/www.facebook.com\\\/CDSBoutique.Aines.Seniors\",\"https:\\\/\\\/www.youtube.com\\\/@cdsboutique4046\",\"https:\\\/\\\/www.linkedin.com\\\/company\\\/cds-boutique\\\/\",\"https:\\\/\\\/www.instagram.com\\\/cdsboutique\\\/\"]}]}<\/script>\n<!-- \/ Yoast SEO plugin. -->","yoast_head_json":{"title":"Do-A-Dot-Art - 6 Rainbow markers - CDS boutique A\u00een\u00e9s","description":"This Do-A-Dot-Art set of markers features a circular applicator and a sponge tip, making it the perfect tool for a wide range of uses.","robots":{"index":"noindex","follow":"follow","max-snippet":"max-snippet:-1","max-image-preview":"max-image-preview:large","max-video-preview":"max-video-preview:-1"},"og_locale":"en_US","og_type":"article","og_title":"Do-A-Dot-Art - 6 Rainbow markers - CDS boutique A\u00een\u00e9s","og_description":"This Do-A-Dot-Art set of markers features a circular applicator and a sponge tip, making it the perfect tool for a wide range of uses.","og_url":"https:\/\/staging.cdsboutique.com\/en\/product\/do-a-dot-art-6-rainbow-markers\/","og_site_name":"CDS boutique A\u00een\u00e9s","article_publisher":"https:\/\/www.facebook.com\/CDSBoutique.Aines.Seniors","article_modified_time":"2024-10-11T19:30:54+00:00","og_image":[{"width":1050,"height":1050,"url":"https:\/\/staging.cdsboutique.com\/wp-content\/uploads\/2024\/07\/25349_do_a_dot_art-2.jpg?_t=1728675054","type":"image\/jpeg"}],"twitter_card":"summary_large_image","twitter_misc":{"Est. reading time":"2 minutes"},"schema":{"@context":"https:\/\/schema.org","@graph":[{"@type":"WebPage","@id":"https:\/\/staging.cdsboutique.com\/en\/product\/do-a-dot-art-6-rainbow-markers\/","url":"https:\/\/staging.cdsboutique.com\/en\/product\/do-a-dot-art-6-rainbow-markers\/","name":"Do-A-Dot-Art - 6 Rainbow markers - CDS boutique A\u00een\u00e9s","isPartOf":{"@id":"https:\/\/staging.cdsboutique.com\/#website"},"primaryImageOfPage":{"@id":"https:\/\/staging.cdsboutique.com\/en\/product\/do-a-dot-art-6-rainbow-markers\/#primaryimage"},"image":{"@id":"https:\/\/staging.cdsboutique.com\/en\/product\/do-a-dot-art-6-rainbow-markers\/#primaryimage"},"thumbnailUrl":"https:\/\/staging.cdsboutique.com\/wp-content\/uploads\/2024\/07\/25349_do_a_dot_art-2.jpg","datePublished":"2024-09-25T15:13:08+00:00","dateModified":"2024-10-11T19:30:54+00:00","description":"This Do-A-Dot-Art set of markers features a circular applicator and a sponge tip, making it the perfect tool for a wide range of uses.","breadcrumb":{"@id":"https:\/\/staging.cdsboutique.com\/en\/product\/do-a-dot-art-6-rainbow-markers\/#breadcrumb"},"inLanguage":"en-US","potentialAction":[{"@type":"ReadAction","target":["https:\/\/staging.cdsboutique.com\/en\/product\/do-a-dot-art-6-rainbow-markers\/"]}]},{"@type":"ImageObject","inLanguage":"en-US","@id":"https:\/\/staging.cdsboutique.com\/en\/product\/do-a-dot-art-6-rainbow-markers\/#primaryimage","url":"https:\/\/staging.cdsboutique.com\/wp-content\/uploads\/2024\/07\/25349_do_a_dot_art-2.jpg","contentUrl":"https:\/\/staging.cdsboutique.com\/wp-content\/uploads\/2024\/07\/25349_do_a_dot_art-2.jpg","width":1050,"height":1050,"caption":"An adult uses the Do-A-dot-Art kit on a blank sheet of paper."},{"@type":"BreadcrumbList","@id":"https:\/\/staging.cdsboutique.com\/en\/product\/do-a-dot-art-6-rainbow-markers\/#breadcrumb","itemListElement":[{"@type":"ListItem","position":1,"name":"Home","item":"https:\/\/staging.cdsboutique.com\/en\/"},{"@type":"ListItem","position":2,"name":"Products","item":"https:\/\/staging.cdsboutique.com\/en\/products\/"},{"@type":"ListItem","position":3,"name":"Do-A-Dot-Art &#8211; 6 Rainbow markers"}]},{"@type":"WebSite","@id":"https:\/\/staging.cdsboutique.com\/#website","url":"https:\/\/staging.cdsboutique.com\/","name":"CDS boutique A\u00een\u00e9s","description":"Pour une meilleure qualit\u00e9 de vie","publisher":{"@id":"https:\/\/staging.cdsboutique.com\/#organization"},"potentialAction":[{"@type":"SearchAction","target":{"@type":"EntryPoint","urlTemplate":"https:\/\/staging.cdsboutique.com\/?s={search_term_string}"},"query-input":{"@type":"PropertyValueSpecification","valueRequired":true,"valueName":"search_term_string"}}],"inLanguage":"en-US"},{"@type":"Organization","@id":"https:\/\/staging.cdsboutique.com\/#organization","name":"CDS Boutique","url":"https:\/\/staging.cdsboutique.com\/","logo":{"@type":"ImageObject","inLanguage":"en-US","@id":"https:\/\/staging.cdsboutique.com\/#\/schema\/logo\/image\/","url":"https:\/\/staging.cdsboutique.com\/wp-content\/uploads\/2024\/09\/logoCDS-Boutique_final2024.jpg","contentUrl":"https:\/\/staging.cdsboutique.com\/wp-content\/uploads\/2024\/09\/logoCDS-Boutique_final2024.jpg","width":900,"height":600,"caption":"CDS Boutique"},"image":{"@id":"https:\/\/staging.cdsboutique.com\/#\/schema\/logo\/image\/"},"sameAs":["https:\/\/www.facebook.com\/CDSBoutique.Aines.Seniors","https:\/\/www.youtube.com\/@cdsboutique4046","https:\/\/www.linkedin.com\/company\/cds-boutique\/","https:\/\/www.instagram.com\/cdsboutique\/"]}]}},"_links":{"self":[{"href":"https:\/\/staging.cdsboutique.com\/en\/wp-json\/wp\/v2\/product\/64100","targetHints":{"allow":["GET"]}}],"collection":[{"href":"https:\/\/staging.cdsboutique.com\/en\/wp-json\/wp\/v2\/product"}],"about":[{"href":"https:\/\/staging.cdsboutique.com\/en\/wp-json\/wp\/v2\/types\/product"}],"replies":[{"embeddable":true,"href":"https:\/\/staging.cdsboutique.com\/en\/wp-json\/wp\/v2\/comments?post=64100"}],"wp:featuredmedia":[{"embeddable":true,"href":"https:\/\/staging.cdsboutique.com\/en\/wp-json\/wp\/v2\/media\/64096"}],"wp:attachment":[{"href":"https:\/\/staging.cdsboutique.com\/en\/wp-json\/wp\/v2\/media?parent=64100"}],"wp:term":[{"taxonomy":"product_brand","embeddable":true,"href":"https:\/\/staging.cdsboutique.com\/en\/wp-json\/wp\/v2\/product_brand?post=64100"},{"taxonomy":"product_cat","embeddable":true,"href":"https:\/\/staging.cdsboutique.com\/en\/wp-json\/wp\/v2\/product_cat?post=64100"},{"taxonomy":"product_tag","embeddable":true,"href":"https:\/\/staging.cdsboutique.com\/en\/wp-json\/wp\/v2\/product_tag?post=64100"}],"curies":[{"name":"wp","href":"https:\/\/api.w.org\/{rel}","templated":true}]}}