{"id":64160,"date":"2024-09-25T11:36:02","date_gmt":"2024-09-25T15:34:32","guid":{"rendered":"https:\/\/cdsboutique.com\/?post_type=product&#038;p=64160"},"modified":"2024-09-25T11:34:32","modified_gmt":"2024-09-25T15:34:32","slug":"10-wahshable-poster-paint-500-ml","status":"publish","type":"product","link":"https:\/\/staging.cdsboutique.com\/en\/produit\/10-wahshable-poster-paint-500-ml\/","title":{"rendered":"10 Wahshable Poster Paint 500 ml"},"content":{"rendered":"<p><strong>If you have several artists in residence, it&#8217;s definitely time to stock up! This set of 10 bottles of quality Poster Paint is perfect for you.<\/strong><\/p>\n<p>Your seniors will be delighted to be able to create works of all kinds with this array of vibrant colours. Paint on foil, plaster or canvas: this paint is perfect for all your needs. What&#8217;s more, your residents, whether autonomous or suffering from neurodegenerative diseases such as Alzheimer&#8217;s or Parkinson&#8217;s, will be able to fully enjoy this activity with their fingers as much as with a brush, thanks to the non-toxic nature of Poster Paint. And if their creativity extends beyond the surface you&#8217;ve provided, don&#8217;t worry: the paint is easily washable, whether it&#8217;s on their skin or their clothes.<\/p>\n<p>If you want to avoid spills and messes, we suggest you buy the Flying Colours [see here], a high-quality centrifuge that will enable your elders to create abstract art without too much direct contact with the paint.<\/p>\n<p>It&#8217;s time to get out the brushes and let the magic of colour transform your home into a veritable art studio!<\/p>\n<p><strong>Everything you need to know about Poster Paint bottles:<\/strong><\/p>\n<ul>\n<li>Contains 10 paint bottles of 500ml each (1x red, 1x orange, 1x yellow, 1x green, 1x blue, 1x black, 1x mauve, 1x pink, 1x brown and 1x white).<\/li>\n<\/ul>\n","protected":false},"excerpt":{"rendered":"<p>If you have several artists in residence, it&#8217;s definitely time to stock up! This set of 10 bottles of quality Poster Paint is perfect for you. Your seniors will be delighted to be able to create works of all kinds with this array of vibrant colours. Paint on foil, plaster or canvas: this paint is [&hellip;]<\/p>\n","protected":false},"featured_media":65554,"comment_status":"closed","ping_status":"closed","template":"","meta":{"_acf_changed":false},"product_brand":[],"product_cat":[2958,4401,2816,4091],"product_tag":[4680],"class_list":{"0":"post-64160","1":"product","2":"type-product","3":"status-publish","4":"has-post-thumbnail","6":"product_cat-accessories-supplies","7":"product_cat-all","8":"product_cat-arts-crafts","9":"product_cat-new-arrivals","10":"product_tag-news-en","11":"product_shipping_class-frais-de-livraison-en","13":"first","14":"instock","15":"taxable","16":"shipping-taxable","17":"purchasable","18":"product-type-simple"},"bundled_by":[],"bundle_stock_status":"instock","bundle_stock_quantity":null,"bundle_virtual":false,"bundle_layout":"","bundle_add_to_cart_form_location":"","bundle_editable_in_cart":false,"bundle_sold_individually_context":"","bundle_item_grouping":"","bundle_min_size":"","bundle_max_size":"","bundle_price":[],"bundled_items":[],"bundle_sell_ids":[],"acf":[],"featured_image_urls_v2":{"full":["https:\/\/staging.cdsboutique.com\/wp-content\/uploads\/2024\/09\/208A7892.png",5760,3840,false],"thumbnail":["https:\/\/staging.cdsboutique.com\/wp-content\/uploads\/2024\/09\/208A7892-150x150.png",150,150,true],"medium":["https:\/\/staging.cdsboutique.com\/wp-content\/uploads\/2024\/09\/208A7892-300x200.png",300,200,true],"medium_large":["https:\/\/staging.cdsboutique.com\/wp-content\/uploads\/2024\/09\/208A7892-768x512.png",768,512,true],"large":["https:\/\/staging.cdsboutique.com\/wp-content\/uploads\/2024\/09\/208A7892-1024x683.png",980,654,true],"1536x1536":["https:\/\/staging.cdsboutique.com\/wp-content\/uploads\/2024\/09\/208A7892-1536x1024.png",1536,1024,true],"2048x2048":["https:\/\/staging.cdsboutique.com\/wp-content\/uploads\/2024\/09\/208A7892-2048x1365.png",2048,1365,true],"gform-image-choice-sm":["https:\/\/staging.cdsboutique.com\/wp-content\/uploads\/2024\/09\/208A7892.png",300,200,false],"gform-image-choice-md":["https:\/\/staging.cdsboutique.com\/wp-content\/uploads\/2024\/09\/208A7892.png",400,267,false],"gform-image-choice-lg":["https:\/\/staging.cdsboutique.com\/wp-content\/uploads\/2024\/09\/208A7892.png",600,400,false],"woocommerce_thumbnail":["https:\/\/staging.cdsboutique.com\/wp-content\/uploads\/2024\/09\/208A7892-300x200.png",300,200,true],"woocommerce_single":["https:\/\/staging.cdsboutique.com\/wp-content\/uploads\/2024\/09\/208A7892-600x400.png",600,400,true],"woocommerce_gallery_thumbnail":["https:\/\/staging.cdsboutique.com\/wp-content\/uploads\/2024\/09\/208A7892-100x100.png",100,100,true],"variation_swatches_image_size":["https:\/\/staging.cdsboutique.com\/wp-content\/uploads\/2024\/09\/208A7892-50x50.png",50,50,true],"variation_swatches_tooltip_size":["https:\/\/staging.cdsboutique.com\/wp-content\/uploads\/2024\/09\/208A7892-100x100.png",100,100,true],"logo-size":["https:\/\/staging.cdsboutique.com\/wp-content\/uploads\/2024\/09\/208A7892-126x84.png",126,84,true],"blog":["https:\/\/staging.cdsboutique.com\/wp-content\/uploads\/2024\/09\/208A7892-350x260.png",350,260,true]},"post_excerpt_stackable_v2":"<p>If you have several artists in residence, it&#8217;s definitely time to stock up! This set of 10 bottles of quality Poster Paint is perfect for you. Your seniors will be delighted to be able to create works of all kinds with this array of vibrant colours. Paint on foil, plaster or canvas: this paint is perfect for all your needs. What&#8217;s more, your residents, whether autonomous or suffering from neurodegenerative diseases such as Alzheimer&#8217;s or Parkinson&#8217;s, will be able to fully enjoy this activity with their fingers as much as with a brush, thanks to the non-toxic nature of Poster&hellip;<\/p>\n","category_list_v2":"","author_info_v2":{"name":"","url":""},"comments_num_v2":"0 comments","yoast_head":"<!-- This site is optimized with the Yoast SEO plugin v27.4 - https:\/\/yoast.com\/product\/yoast-seo-wordpress\/ -->\n<title>10 Wahshable Poster Paint 500 ml - CDS boutique A\u00een\u00e9s<\/title>\n<meta name=\"description\" content=\"Need to fill up on paint? This set of 10 high-quality Poster Paint bottles is perfect for you!\" \/>\n<meta name=\"robots\" content=\"noindex, follow, max-snippet:-1, max-image-preview:large, max-video-preview:-1\" \/>\n<meta property=\"og:locale\" content=\"en_US\" \/>\n<meta property=\"og:type\" content=\"article\" \/>\n<meta property=\"og:title\" content=\"10 Wahshable Poster Paint 500 ml - CDS boutique A\u00een\u00e9s\" \/>\n<meta property=\"og:description\" content=\"Need to fill up on paint? This set of 10 high-quality Poster Paint bottles is perfect for you!\" \/>\n<meta property=\"og:url\" content=\"https:\/\/staging.cdsboutique.com\/en\/product\/10-wahshable-poster-paint-500-ml\/\" \/>\n<meta property=\"og:site_name\" content=\"CDS boutique A\u00een\u00e9s\" \/>\n<meta property=\"article:publisher\" content=\"https:\/\/www.facebook.com\/CDSBoutique.Aines.Seniors\" \/>\n<meta property=\"og:image\" content=\"https:\/\/staging.cdsboutique.com\/wp-content\/uploads\/2024\/09\/208A7892-1024x683.png\" \/>\n\t<meta property=\"og:image:width\" content=\"1024\" \/>\n\t<meta property=\"og:image:height\" content=\"683\" \/>\n\t<meta property=\"og:image:type\" content=\"image\/png\" \/>\n<meta name=\"twitter:card\" content=\"summary_large_image\" \/>\n<meta name=\"twitter:label1\" content=\"Est. reading time\" \/>\n\t<meta name=\"twitter:data1\" content=\"2 minutes\" \/>\n<script type=\"application\/ld+json\" class=\"yoast-schema-graph\">{\"@context\":\"https:\\\/\\\/schema.org\",\"@graph\":[{\"@type\":\"WebPage\",\"@id\":\"https:\\\/\\\/staging.cdsboutique.com\\\/en\\\/product\\\/10-wahshable-poster-paint-500-ml\\\/\",\"url\":\"https:\\\/\\\/staging.cdsboutique.com\\\/en\\\/product\\\/10-wahshable-poster-paint-500-ml\\\/\",\"name\":\"10 Wahshable Poster Paint 500 ml - CDS boutique A\u00een\u00e9s\",\"isPartOf\":{\"@id\":\"https:\\\/\\\/staging.cdsboutique.com\\\/#website\"},\"primaryImageOfPage\":{\"@id\":\"https:\\\/\\\/staging.cdsboutique.com\\\/en\\\/product\\\/10-wahshable-poster-paint-500-ml\\\/#primaryimage\"},\"image\":{\"@id\":\"https:\\\/\\\/staging.cdsboutique.com\\\/en\\\/product\\\/10-wahshable-poster-paint-500-ml\\\/#primaryimage\"},\"thumbnailUrl\":\"https:\\\/\\\/staging.cdsboutique.com\\\/wp-content\\\/uploads\\\/2024\\\/09\\\/208A7892.png\",\"datePublished\":\"2024-09-25T15:34:32+00:00\",\"description\":\"Need to fill up on paint? This set of 10 high-quality Poster Paint bottles is perfect for you!\",\"breadcrumb\":{\"@id\":\"https:\\\/\\\/staging.cdsboutique.com\\\/en\\\/product\\\/10-wahshable-poster-paint-500-ml\\\/#breadcrumb\"},\"inLanguage\":\"en-US\",\"potentialAction\":[{\"@type\":\"ReadAction\",\"target\":[\"https:\\\/\\\/staging.cdsboutique.com\\\/en\\\/product\\\/10-wahshable-poster-paint-500-ml\\\/\"]}]},{\"@type\":\"ImageObject\",\"inLanguage\":\"en-US\",\"@id\":\"https:\\\/\\\/staging.cdsboutique.com\\\/en\\\/product\\\/10-wahshable-poster-paint-500-ml\\\/#primaryimage\",\"url\":\"https:\\\/\\\/staging.cdsboutique.com\\\/wp-content\\\/uploads\\\/2024\\\/09\\\/208A7892.png\",\"contentUrl\":\"https:\\\/\\\/staging.cdsboutique.com\\\/wp-content\\\/uploads\\\/2024\\\/09\\\/208A7892.png\",\"width\":5760,\"height\":3840},{\"@type\":\"BreadcrumbList\",\"@id\":\"https:\\\/\\\/staging.cdsboutique.com\\\/en\\\/product\\\/10-wahshable-poster-paint-500-ml\\\/#breadcrumb\",\"itemListElement\":[{\"@type\":\"ListItem\",\"position\":1,\"name\":\"Home\",\"item\":\"https:\\\/\\\/staging.cdsboutique.com\\\/en\\\/\"},{\"@type\":\"ListItem\",\"position\":2,\"name\":\"Products\",\"item\":\"https:\\\/\\\/staging.cdsboutique.com\\\/en\\\/products\\\/\"},{\"@type\":\"ListItem\",\"position\":3,\"name\":\"10 Wahshable Poster Paint 500 ml\"}]},{\"@type\":\"WebSite\",\"@id\":\"https:\\\/\\\/staging.cdsboutique.com\\\/#website\",\"url\":\"https:\\\/\\\/staging.cdsboutique.com\\\/\",\"name\":\"CDS boutique A\u00een\u00e9s\",\"description\":\"Pour une meilleure qualit\u00e9 de vie\",\"publisher\":{\"@id\":\"https:\\\/\\\/staging.cdsboutique.com\\\/#organization\"},\"potentialAction\":[{\"@type\":\"SearchAction\",\"target\":{\"@type\":\"EntryPoint\",\"urlTemplate\":\"https:\\\/\\\/staging.cdsboutique.com\\\/?s={search_term_string}\"},\"query-input\":{\"@type\":\"PropertyValueSpecification\",\"valueRequired\":true,\"valueName\":\"search_term_string\"}}],\"inLanguage\":\"en-US\"},{\"@type\":\"Organization\",\"@id\":\"https:\\\/\\\/staging.cdsboutique.com\\\/#organization\",\"name\":\"CDS Boutique\",\"url\":\"https:\\\/\\\/staging.cdsboutique.com\\\/\",\"logo\":{\"@type\":\"ImageObject\",\"inLanguage\":\"en-US\",\"@id\":\"https:\\\/\\\/staging.cdsboutique.com\\\/#\\\/schema\\\/logo\\\/image\\\/\",\"url\":\"https:\\\/\\\/staging.cdsboutique.com\\\/wp-content\\\/uploads\\\/2024\\\/09\\\/logoCDS-Boutique_final2024.jpg\",\"contentUrl\":\"https:\\\/\\\/staging.cdsboutique.com\\\/wp-content\\\/uploads\\\/2024\\\/09\\\/logoCDS-Boutique_final2024.jpg\",\"width\":900,\"height\":600,\"caption\":\"CDS Boutique\"},\"image\":{\"@id\":\"https:\\\/\\\/staging.cdsboutique.com\\\/#\\\/schema\\\/logo\\\/image\\\/\"},\"sameAs\":[\"https:\\\/\\\/www.facebook.com\\\/CDSBoutique.Aines.Seniors\",\"https:\\\/\\\/www.youtube.com\\\/@cdsboutique4046\",\"https:\\\/\\\/www.linkedin.com\\\/company\\\/cds-boutique\\\/\",\"https:\\\/\\\/www.instagram.com\\\/cdsboutique\\\/\"]}]}<\/script>\n<!-- \/ Yoast SEO plugin. -->","yoast_head_json":{"title":"10 Wahshable Poster Paint 500 ml - CDS boutique A\u00een\u00e9s","description":"Need to fill up on paint? This set of 10 high-quality Poster Paint bottles is perfect for you!","robots":{"index":"noindex","follow":"follow","max-snippet":"max-snippet:-1","max-image-preview":"max-image-preview:large","max-video-preview":"max-video-preview:-1"},"og_locale":"en_US","og_type":"article","og_title":"10 Wahshable Poster Paint 500 ml - CDS boutique A\u00een\u00e9s","og_description":"Need to fill up on paint? This set of 10 high-quality Poster Paint bottles is perfect for you!","og_url":"https:\/\/staging.cdsboutique.com\/en\/product\/10-wahshable-poster-paint-500-ml\/","og_site_name":"CDS boutique A\u00een\u00e9s","article_publisher":"https:\/\/www.facebook.com\/CDSBoutique.Aines.Seniors","og_image":[{"width":1024,"height":683,"url":"https:\/\/staging.cdsboutique.com\/wp-content\/uploads\/2024\/09\/208A7892-1024x683.png","type":"image\/png"}],"twitter_card":"summary_large_image","twitter_misc":{"Est. reading time":"2 minutes"},"schema":{"@context":"https:\/\/schema.org","@graph":[{"@type":"WebPage","@id":"https:\/\/staging.cdsboutique.com\/en\/product\/10-wahshable-poster-paint-500-ml\/","url":"https:\/\/staging.cdsboutique.com\/en\/product\/10-wahshable-poster-paint-500-ml\/","name":"10 Wahshable Poster Paint 500 ml - CDS boutique A\u00een\u00e9s","isPartOf":{"@id":"https:\/\/staging.cdsboutique.com\/#website"},"primaryImageOfPage":{"@id":"https:\/\/staging.cdsboutique.com\/en\/product\/10-wahshable-poster-paint-500-ml\/#primaryimage"},"image":{"@id":"https:\/\/staging.cdsboutique.com\/en\/product\/10-wahshable-poster-paint-500-ml\/#primaryimage"},"thumbnailUrl":"https:\/\/staging.cdsboutique.com\/wp-content\/uploads\/2024\/09\/208A7892.png","datePublished":"2024-09-25T15:34:32+00:00","description":"Need to fill up on paint? This set of 10 high-quality Poster Paint bottles is perfect for you!","breadcrumb":{"@id":"https:\/\/staging.cdsboutique.com\/en\/product\/10-wahshable-poster-paint-500-ml\/#breadcrumb"},"inLanguage":"en-US","potentialAction":[{"@type":"ReadAction","target":["https:\/\/staging.cdsboutique.com\/en\/product\/10-wahshable-poster-paint-500-ml\/"]}]},{"@type":"ImageObject","inLanguage":"en-US","@id":"https:\/\/staging.cdsboutique.com\/en\/product\/10-wahshable-poster-paint-500-ml\/#primaryimage","url":"https:\/\/staging.cdsboutique.com\/wp-content\/uploads\/2024\/09\/208A7892.png","contentUrl":"https:\/\/staging.cdsboutique.com\/wp-content\/uploads\/2024\/09\/208A7892.png","width":5760,"height":3840},{"@type":"BreadcrumbList","@id":"https:\/\/staging.cdsboutique.com\/en\/product\/10-wahshable-poster-paint-500-ml\/#breadcrumb","itemListElement":[{"@type":"ListItem","position":1,"name":"Home","item":"https:\/\/staging.cdsboutique.com\/en\/"},{"@type":"ListItem","position":2,"name":"Products","item":"https:\/\/staging.cdsboutique.com\/en\/products\/"},{"@type":"ListItem","position":3,"name":"10 Wahshable Poster Paint 500 ml"}]},{"@type":"WebSite","@id":"https:\/\/staging.cdsboutique.com\/#website","url":"https:\/\/staging.cdsboutique.com\/","name":"CDS boutique A\u00een\u00e9s","description":"Pour une meilleure qualit\u00e9 de vie","publisher":{"@id":"https:\/\/staging.cdsboutique.com\/#organization"},"potentialAction":[{"@type":"SearchAction","target":{"@type":"EntryPoint","urlTemplate":"https:\/\/staging.cdsboutique.com\/?s={search_term_string}"},"query-input":{"@type":"PropertyValueSpecification","valueRequired":true,"valueName":"search_term_string"}}],"inLanguage":"en-US"},{"@type":"Organization","@id":"https:\/\/staging.cdsboutique.com\/#organization","name":"CDS Boutique","url":"https:\/\/staging.cdsboutique.com\/","logo":{"@type":"ImageObject","inLanguage":"en-US","@id":"https:\/\/staging.cdsboutique.com\/#\/schema\/logo\/image\/","url":"https:\/\/staging.cdsboutique.com\/wp-content\/uploads\/2024\/09\/logoCDS-Boutique_final2024.jpg","contentUrl":"https:\/\/staging.cdsboutique.com\/wp-content\/uploads\/2024\/09\/logoCDS-Boutique_final2024.jpg","width":900,"height":600,"caption":"CDS Boutique"},"image":{"@id":"https:\/\/staging.cdsboutique.com\/#\/schema\/logo\/image\/"},"sameAs":["https:\/\/www.facebook.com\/CDSBoutique.Aines.Seniors","https:\/\/www.youtube.com\/@cdsboutique4046","https:\/\/www.linkedin.com\/company\/cds-boutique\/","https:\/\/www.instagram.com\/cdsboutique\/"]}]}},"_links":{"self":[{"href":"https:\/\/staging.cdsboutique.com\/en\/wp-json\/wp\/v2\/product\/64160","targetHints":{"allow":["GET"]}}],"collection":[{"href":"https:\/\/staging.cdsboutique.com\/en\/wp-json\/wp\/v2\/product"}],"about":[{"href":"https:\/\/staging.cdsboutique.com\/en\/wp-json\/wp\/v2\/types\/product"}],"replies":[{"embeddable":true,"href":"https:\/\/staging.cdsboutique.com\/en\/wp-json\/wp\/v2\/comments?post=64160"}],"wp:featuredmedia":[{"embeddable":true,"href":"https:\/\/staging.cdsboutique.com\/en\/wp-json\/wp\/v2\/media\/65554"}],"wp:attachment":[{"href":"https:\/\/staging.cdsboutique.com\/en\/wp-json\/wp\/v2\/media?parent=64160"}],"wp:term":[{"taxonomy":"product_brand","embeddable":true,"href":"https:\/\/staging.cdsboutique.com\/en\/wp-json\/wp\/v2\/product_brand?post=64160"},{"taxonomy":"product_cat","embeddable":true,"href":"https:\/\/staging.cdsboutique.com\/en\/wp-json\/wp\/v2\/product_cat?post=64160"},{"taxonomy":"product_tag","embeddable":true,"href":"https:\/\/staging.cdsboutique.com\/en\/wp-json\/wp\/v2\/product_tag?post=64160"}],"curies":[{"name":"wp","href":"https:\/\/api.w.org\/{rel}","templated":true}]}}