{"id":64174,"date":"2024-09-25T09:24:34","date_gmt":"2024-09-25T13:24:17","guid":{"rendered":"https:\/\/cdsboutique.com\/?post_type=product&#038;p=64174"},"modified":"2025-07-31T15:23:50","modified_gmt":"2025-07-31T19:23:50","slug":"sensory-fidget-tubes-set-of-4","status":"publish","type":"product","link":"https:\/\/staging.cdsboutique.com\/en\/produit\/sensory-fidget-tubes-set-of-4\/","title":{"rendered":"Sensory Fidget Tubes Set of 4"},"content":{"rendered":"<p><strong>Looking to bring a little balance to your residence? Your seniors will feel soothed, calm and relaxed from the moment they set eyes on these hypnotically powerful sensory fidget tubes and anti-anxiety. <\/strong><\/p>\n<p>Your most autonomous seniors, as well as those living with cognitive degeneration, will be captivated by these formidable sensory stimulation tools. What&#8217;s more, the ideal format of these bottles makes them easy to handle, making the experience much more accessible to all your seniors. Their high-quality sealing and absence of small parts make them very safe for all your residents.<\/p>\n<p>Each of the sensory tubes in the set has different properties, but they&#8217;re all excellent for promoting well-being and working on hand-eye coordination. The orange tube calms seniors with its gently swirling golden glitter. The purple tube, on the other hand, brings precision by requiring you to press a button at precise moments to make the little stars and red stones rise and twirl. The green tube has a hypnotic effect, with its constant rotation capturing the attention. Finally, the blue tube brings a lightness of spirit through its visual magic, while at the slightest movement, the mauve sparklers go against the grain to rise to the surface. The four tubes can be used in activities to restore calm, promote self-awareness, encourage hand-eye coordination or help communication.<\/p>\n<p>Offer your seniors this relaxing experience and let them marvel at the simple yet powerful magic of these sensory tubes!<\/p>\n<p><strong>Everything you need to know about the sensory tubes:<\/strong><\/p>\n<ul>\n<li>Tube size: 9 x 8 x 2.5 in.<\/li>\n<li>Contains four sensory fidget tubes.<\/li>\n<\/ul>\n","protected":false},"excerpt":{"rendered":"<p>Looking to bring a little balance to your residence? Your seniors will feel soothed, calm and relaxed from the moment they set eyes on these hypnotically powerful sensory fidget tubes and anti-anxiety. Your most autonomous seniors, as well as those living with cognitive degeneration, will be captivated by these formidable sensory stimulation tools. What&#8217;s more, [&hellip;]<\/p>\n","protected":false},"featured_media":64173,"comment_status":"closed","ping_status":"closed","template":"","meta":{"_acf_changed":false},"product_brand":[],"product_cat":[4401,4091,2982],"product_tag":[4680],"class_list":{"0":"post-64174","1":"product","2":"type-product","3":"status-publish","4":"has-post-thumbnail","6":"product_cat-all","7":"product_cat-new-arrivals","8":"product_cat-sensory-tubes-cascades","9":"product_tag-news-en","10":"product_shipping_class-frais-de-livraison-en","12":"first","13":"instock","14":"taxable","15":"shipping-taxable","16":"purchasable","17":"product-type-simple"},"bundled_by":[],"bundle_stock_status":"instock","bundle_stock_quantity":null,"bundle_virtual":false,"bundle_layout":"","bundle_add_to_cart_form_location":"","bundle_editable_in_cart":false,"bundle_sold_individually_context":"","bundle_item_grouping":"","bundle_min_size":"","bundle_max_size":"","bundle_price":[],"bundled_items":[],"bundle_sell_ids":[],"acf":[],"featured_image_urls_v2":{"full":["https:\/\/staging.cdsboutique.com\/wp-content\/uploads\/2024\/07\/25365_tubes_sensoriels_1-1.jpg",1050,1050,false],"thumbnail":["https:\/\/staging.cdsboutique.com\/wp-content\/uploads\/2024\/07\/25365_tubes_sensoriels_1-1-150x150.jpg",150,150,true],"medium":["https:\/\/staging.cdsboutique.com\/wp-content\/uploads\/2024\/07\/25365_tubes_sensoriels_1-1-300x300.jpg",300,300,true],"medium_large":["https:\/\/staging.cdsboutique.com\/wp-content\/uploads\/2024\/07\/25365_tubes_sensoriels_1-1-768x768.jpg",768,768,true],"large":["https:\/\/staging.cdsboutique.com\/wp-content\/uploads\/2024\/07\/25365_tubes_sensoriels_1-1-1024x1024.jpg",980,980,true],"1536x1536":["https:\/\/staging.cdsboutique.com\/wp-content\/uploads\/2024\/07\/25365_tubes_sensoriels_1-1.jpg",1050,1050,false],"2048x2048":["https:\/\/staging.cdsboutique.com\/wp-content\/uploads\/2024\/07\/25365_tubes_sensoriels_1-1.jpg",1050,1050,false],"gform-image-choice-sm":["https:\/\/staging.cdsboutique.com\/wp-content\/uploads\/2024\/07\/25365_tubes_sensoriels_1-1.jpg",300,300,false],"gform-image-choice-md":["https:\/\/staging.cdsboutique.com\/wp-content\/uploads\/2024\/07\/25365_tubes_sensoriels_1-1.jpg",400,400,false],"gform-image-choice-lg":["https:\/\/staging.cdsboutique.com\/wp-content\/uploads\/2024\/07\/25365_tubes_sensoriels_1-1.jpg",600,600,false],"woocommerce_thumbnail":["https:\/\/staging.cdsboutique.com\/wp-content\/uploads\/2024\/07\/25365_tubes_sensoriels_1-1-300x300.jpg",300,300,true],"woocommerce_single":["https:\/\/staging.cdsboutique.com\/wp-content\/uploads\/2024\/07\/25365_tubes_sensoriels_1-1-600x600.jpg",600,600,true],"woocommerce_gallery_thumbnail":["https:\/\/staging.cdsboutique.com\/wp-content\/uploads\/2024\/07\/25365_tubes_sensoriels_1-1-100x100.jpg",100,100,true],"variation_swatches_image_size":["https:\/\/staging.cdsboutique.com\/wp-content\/uploads\/2024\/07\/25365_tubes_sensoriels_1-1-50x50.jpg",50,50,true],"variation_swatches_tooltip_size":["https:\/\/staging.cdsboutique.com\/wp-content\/uploads\/2024\/07\/25365_tubes_sensoriels_1-1-100x100.jpg",100,100,true],"logo-size":["https:\/\/staging.cdsboutique.com\/wp-content\/uploads\/2024\/07\/25365_tubes_sensoriels_1-1-84x84.jpg",84,84,true],"blog":["https:\/\/staging.cdsboutique.com\/wp-content\/uploads\/2024\/07\/25365_tubes_sensoriels_1-1-350x260.jpg",350,260,true]},"post_excerpt_stackable_v2":"<p>Looking to bring a little balance to your residence? Your seniors will feel soothed, calm and relaxed from the moment they set eyes on these hypnotically powerful sensory fidget tubes and anti-anxiety. Your most autonomous seniors, as well as those living with cognitive degeneration, will be captivated by these formidable sensory stimulation tools. What&#8217;s more, the ideal format of these bottles makes them easy to handle, making the experience much more accessible to all your seniors. Their high-quality sealing and absence of small parts make them very safe for all your residents. Each of the sensory tubes in the set&hellip;<\/p>\n","category_list_v2":"","author_info_v2":{"name":"","url":""},"comments_num_v2":"0 comments","yoast_head":"<!-- This site is optimized with the Yoast SEO plugin v27.4 - https:\/\/yoast.com\/product\/yoast-seo-wordpress\/ -->\n<title>Sensory Fidget Tubes Set of 4 - CDS boutique A\u00een\u00e9s<\/title>\n<meta name=\"description\" content=\"Soothe your seniors with calm and well-being as soon as their eyes fall on these hypnotic, anti-anxiety sensory tubes.\" \/>\n<meta name=\"robots\" content=\"noindex, follow, max-snippet:-1, max-image-preview:large, max-video-preview:-1\" \/>\n<meta property=\"og:locale\" content=\"en_US\" \/>\n<meta property=\"og:type\" content=\"article\" \/>\n<meta property=\"og:title\" content=\"Sensory Fidget Tubes Set of 4 - CDS boutique A\u00een\u00e9s\" \/>\n<meta property=\"og:description\" content=\"Soothe your seniors with calm and well-being as soon as their eyes fall on these hypnotic, anti-anxiety sensory tubes.\" \/>\n<meta property=\"og:url\" content=\"https:\/\/staging.cdsboutique.com\/en\/product\/sensory-fidget-tubes-set-of-4\/\" \/>\n<meta property=\"og:site_name\" content=\"CDS boutique A\u00een\u00e9s\" \/>\n<meta property=\"article:publisher\" content=\"https:\/\/www.facebook.com\/CDSBoutique.Aines.Seniors\" \/>\n<meta property=\"article:modified_time\" content=\"2025-07-31T19:23:50+00:00\" \/>\n<meta property=\"og:image\" content=\"https:\/\/staging.cdsboutique.com\/wp-content\/uploads\/2024\/07\/25365_tubes_sensoriels_1-1.jpg?_t=1727270658\" \/>\n\t<meta property=\"og:image:width\" content=\"1050\" \/>\n\t<meta property=\"og:image:height\" content=\"1050\" \/>\n\t<meta property=\"og:image:type\" content=\"image\/jpeg\" \/>\n<meta name=\"twitter:card\" content=\"summary_large_image\" \/>\n<meta name=\"twitter:label1\" content=\"Est. reading time\" \/>\n\t<meta name=\"twitter:data1\" content=\"2 minutes\" \/>\n<script type=\"application\/ld+json\" class=\"yoast-schema-graph\">{\"@context\":\"https:\\\/\\\/schema.org\",\"@graph\":[{\"@type\":\"WebPage\",\"@id\":\"https:\\\/\\\/staging.cdsboutique.com\\\/en\\\/product\\\/sensory-fidget-tubes-set-of-4\\\/\",\"url\":\"https:\\\/\\\/staging.cdsboutique.com\\\/en\\\/product\\\/sensory-fidget-tubes-set-of-4\\\/\",\"name\":\"Sensory Fidget Tubes Set of 4 - CDS boutique A\u00een\u00e9s\",\"isPartOf\":{\"@id\":\"https:\\\/\\\/staging.cdsboutique.com\\\/#website\"},\"primaryImageOfPage\":{\"@id\":\"https:\\\/\\\/staging.cdsboutique.com\\\/en\\\/product\\\/sensory-fidget-tubes-set-of-4\\\/#primaryimage\"},\"image\":{\"@id\":\"https:\\\/\\\/staging.cdsboutique.com\\\/en\\\/product\\\/sensory-fidget-tubes-set-of-4\\\/#primaryimage\"},\"thumbnailUrl\":\"https:\\\/\\\/staging.cdsboutique.com\\\/wp-content\\\/uploads\\\/2024\\\/07\\\/25365_tubes_sensoriels_1-1.jpg\",\"datePublished\":\"2024-09-25T13:24:17+00:00\",\"dateModified\":\"2025-07-31T19:23:50+00:00\",\"description\":\"Soothe your seniors with calm and well-being as soon as their eyes fall on these hypnotic, anti-anxiety sensory tubes.\",\"breadcrumb\":{\"@id\":\"https:\\\/\\\/staging.cdsboutique.com\\\/en\\\/product\\\/sensory-fidget-tubes-set-of-4\\\/#breadcrumb\"},\"inLanguage\":\"en-US\",\"potentialAction\":[{\"@type\":\"ReadAction\",\"target\":[\"https:\\\/\\\/staging.cdsboutique.com\\\/en\\\/product\\\/sensory-fidget-tubes-set-of-4\\\/\"]}]},{\"@type\":\"ImageObject\",\"inLanguage\":\"en-US\",\"@id\":\"https:\\\/\\\/staging.cdsboutique.com\\\/en\\\/product\\\/sensory-fidget-tubes-set-of-4\\\/#primaryimage\",\"url\":\"https:\\\/\\\/staging.cdsboutique.com\\\/wp-content\\\/uploads\\\/2024\\\/07\\\/25365_tubes_sensoriels_1-1.jpg\",\"contentUrl\":\"https:\\\/\\\/staging.cdsboutique.com\\\/wp-content\\\/uploads\\\/2024\\\/07\\\/25365_tubes_sensoriels_1-1.jpg\",\"width\":1050,\"height\":1050},{\"@type\":\"BreadcrumbList\",\"@id\":\"https:\\\/\\\/staging.cdsboutique.com\\\/en\\\/product\\\/sensory-fidget-tubes-set-of-4\\\/#breadcrumb\",\"itemListElement\":[{\"@type\":\"ListItem\",\"position\":1,\"name\":\"Home\",\"item\":\"https:\\\/\\\/staging.cdsboutique.com\\\/en\\\/\"},{\"@type\":\"ListItem\",\"position\":2,\"name\":\"Products\",\"item\":\"https:\\\/\\\/staging.cdsboutique.com\\\/en\\\/products\\\/\"},{\"@type\":\"ListItem\",\"position\":3,\"name\":\"Sensory Fidget Tubes Set of 4\"}]},{\"@type\":\"WebSite\",\"@id\":\"https:\\\/\\\/staging.cdsboutique.com\\\/#website\",\"url\":\"https:\\\/\\\/staging.cdsboutique.com\\\/\",\"name\":\"CDS boutique A\u00een\u00e9s\",\"description\":\"Pour une meilleure qualit\u00e9 de vie\",\"publisher\":{\"@id\":\"https:\\\/\\\/staging.cdsboutique.com\\\/#organization\"},\"potentialAction\":[{\"@type\":\"SearchAction\",\"target\":{\"@type\":\"EntryPoint\",\"urlTemplate\":\"https:\\\/\\\/staging.cdsboutique.com\\\/?s={search_term_string}\"},\"query-input\":{\"@type\":\"PropertyValueSpecification\",\"valueRequired\":true,\"valueName\":\"search_term_string\"}}],\"inLanguage\":\"en-US\"},{\"@type\":\"Organization\",\"@id\":\"https:\\\/\\\/staging.cdsboutique.com\\\/#organization\",\"name\":\"CDS Boutique\",\"url\":\"https:\\\/\\\/staging.cdsboutique.com\\\/\",\"logo\":{\"@type\":\"ImageObject\",\"inLanguage\":\"en-US\",\"@id\":\"https:\\\/\\\/staging.cdsboutique.com\\\/#\\\/schema\\\/logo\\\/image\\\/\",\"url\":\"https:\\\/\\\/staging.cdsboutique.com\\\/wp-content\\\/uploads\\\/2024\\\/09\\\/logoCDS-Boutique_final2024.jpg\",\"contentUrl\":\"https:\\\/\\\/staging.cdsboutique.com\\\/wp-content\\\/uploads\\\/2024\\\/09\\\/logoCDS-Boutique_final2024.jpg\",\"width\":900,\"height\":600,\"caption\":\"CDS Boutique\"},\"image\":{\"@id\":\"https:\\\/\\\/staging.cdsboutique.com\\\/#\\\/schema\\\/logo\\\/image\\\/\"},\"sameAs\":[\"https:\\\/\\\/www.facebook.com\\\/CDSBoutique.Aines.Seniors\",\"https:\\\/\\\/www.youtube.com\\\/@cdsboutique4046\",\"https:\\\/\\\/www.linkedin.com\\\/company\\\/cds-boutique\\\/\",\"https:\\\/\\\/www.instagram.com\\\/cdsboutique\\\/\"]}]}<\/script>\n<!-- \/ Yoast SEO plugin. -->","yoast_head_json":{"title":"Sensory Fidget Tubes Set of 4 - CDS boutique A\u00een\u00e9s","description":"Soothe your seniors with calm and well-being as soon as their eyes fall on these hypnotic, anti-anxiety sensory tubes.","robots":{"index":"noindex","follow":"follow","max-snippet":"max-snippet:-1","max-image-preview":"max-image-preview:large","max-video-preview":"max-video-preview:-1"},"og_locale":"en_US","og_type":"article","og_title":"Sensory Fidget Tubes Set of 4 - CDS boutique A\u00een\u00e9s","og_description":"Soothe your seniors with calm and well-being as soon as their eyes fall on these hypnotic, anti-anxiety sensory tubes.","og_url":"https:\/\/staging.cdsboutique.com\/en\/product\/sensory-fidget-tubes-set-of-4\/","og_site_name":"CDS boutique A\u00een\u00e9s","article_publisher":"https:\/\/www.facebook.com\/CDSBoutique.Aines.Seniors","article_modified_time":"2025-07-31T19:23:50+00:00","og_image":[{"width":1050,"height":1050,"url":"https:\/\/staging.cdsboutique.com\/wp-content\/uploads\/2024\/07\/25365_tubes_sensoriels_1-1.jpg?_t=1727270658","type":"image\/jpeg"}],"twitter_card":"summary_large_image","twitter_misc":{"Est. reading time":"2 minutes"},"schema":{"@context":"https:\/\/schema.org","@graph":[{"@type":"WebPage","@id":"https:\/\/staging.cdsboutique.com\/en\/product\/sensory-fidget-tubes-set-of-4\/","url":"https:\/\/staging.cdsboutique.com\/en\/product\/sensory-fidget-tubes-set-of-4\/","name":"Sensory Fidget Tubes Set of 4 - CDS boutique A\u00een\u00e9s","isPartOf":{"@id":"https:\/\/staging.cdsboutique.com\/#website"},"primaryImageOfPage":{"@id":"https:\/\/staging.cdsboutique.com\/en\/product\/sensory-fidget-tubes-set-of-4\/#primaryimage"},"image":{"@id":"https:\/\/staging.cdsboutique.com\/en\/product\/sensory-fidget-tubes-set-of-4\/#primaryimage"},"thumbnailUrl":"https:\/\/staging.cdsboutique.com\/wp-content\/uploads\/2024\/07\/25365_tubes_sensoriels_1-1.jpg","datePublished":"2024-09-25T13:24:17+00:00","dateModified":"2025-07-31T19:23:50+00:00","description":"Soothe your seniors with calm and well-being as soon as their eyes fall on these hypnotic, anti-anxiety sensory tubes.","breadcrumb":{"@id":"https:\/\/staging.cdsboutique.com\/en\/product\/sensory-fidget-tubes-set-of-4\/#breadcrumb"},"inLanguage":"en-US","potentialAction":[{"@type":"ReadAction","target":["https:\/\/staging.cdsboutique.com\/en\/product\/sensory-fidget-tubes-set-of-4\/"]}]},{"@type":"ImageObject","inLanguage":"en-US","@id":"https:\/\/staging.cdsboutique.com\/en\/product\/sensory-fidget-tubes-set-of-4\/#primaryimage","url":"https:\/\/staging.cdsboutique.com\/wp-content\/uploads\/2024\/07\/25365_tubes_sensoriels_1-1.jpg","contentUrl":"https:\/\/staging.cdsboutique.com\/wp-content\/uploads\/2024\/07\/25365_tubes_sensoriels_1-1.jpg","width":1050,"height":1050},{"@type":"BreadcrumbList","@id":"https:\/\/staging.cdsboutique.com\/en\/product\/sensory-fidget-tubes-set-of-4\/#breadcrumb","itemListElement":[{"@type":"ListItem","position":1,"name":"Home","item":"https:\/\/staging.cdsboutique.com\/en\/"},{"@type":"ListItem","position":2,"name":"Products","item":"https:\/\/staging.cdsboutique.com\/en\/products\/"},{"@type":"ListItem","position":3,"name":"Sensory Fidget Tubes Set of 4"}]},{"@type":"WebSite","@id":"https:\/\/staging.cdsboutique.com\/#website","url":"https:\/\/staging.cdsboutique.com\/","name":"CDS boutique A\u00een\u00e9s","description":"Pour une meilleure qualit\u00e9 de vie","publisher":{"@id":"https:\/\/staging.cdsboutique.com\/#organization"},"potentialAction":[{"@type":"SearchAction","target":{"@type":"EntryPoint","urlTemplate":"https:\/\/staging.cdsboutique.com\/?s={search_term_string}"},"query-input":{"@type":"PropertyValueSpecification","valueRequired":true,"valueName":"search_term_string"}}],"inLanguage":"en-US"},{"@type":"Organization","@id":"https:\/\/staging.cdsboutique.com\/#organization","name":"CDS Boutique","url":"https:\/\/staging.cdsboutique.com\/","logo":{"@type":"ImageObject","inLanguage":"en-US","@id":"https:\/\/staging.cdsboutique.com\/#\/schema\/logo\/image\/","url":"https:\/\/staging.cdsboutique.com\/wp-content\/uploads\/2024\/09\/logoCDS-Boutique_final2024.jpg","contentUrl":"https:\/\/staging.cdsboutique.com\/wp-content\/uploads\/2024\/09\/logoCDS-Boutique_final2024.jpg","width":900,"height":600,"caption":"CDS Boutique"},"image":{"@id":"https:\/\/staging.cdsboutique.com\/#\/schema\/logo\/image\/"},"sameAs":["https:\/\/www.facebook.com\/CDSBoutique.Aines.Seniors","https:\/\/www.youtube.com\/@cdsboutique4046","https:\/\/www.linkedin.com\/company\/cds-boutique\/","https:\/\/www.instagram.com\/cdsboutique\/"]}]}},"_links":{"self":[{"href":"https:\/\/staging.cdsboutique.com\/en\/wp-json\/wp\/v2\/product\/64174","targetHints":{"allow":["GET"]}}],"collection":[{"href":"https:\/\/staging.cdsboutique.com\/en\/wp-json\/wp\/v2\/product"}],"about":[{"href":"https:\/\/staging.cdsboutique.com\/en\/wp-json\/wp\/v2\/types\/product"}],"replies":[{"embeddable":true,"href":"https:\/\/staging.cdsboutique.com\/en\/wp-json\/wp\/v2\/comments?post=64174"}],"wp:featuredmedia":[{"embeddable":true,"href":"https:\/\/staging.cdsboutique.com\/en\/wp-json\/wp\/v2\/media\/64173"}],"wp:attachment":[{"href":"https:\/\/staging.cdsboutique.com\/en\/wp-json\/wp\/v2\/media?parent=64174"}],"wp:term":[{"taxonomy":"product_brand","embeddable":true,"href":"https:\/\/staging.cdsboutique.com\/en\/wp-json\/wp\/v2\/product_brand?post=64174"},{"taxonomy":"product_cat","embeddable":true,"href":"https:\/\/staging.cdsboutique.com\/en\/wp-json\/wp\/v2\/product_cat?post=64174"},{"taxonomy":"product_tag","embeddable":true,"href":"https:\/\/staging.cdsboutique.com\/en\/wp-json\/wp\/v2\/product_tag?post=64174"}],"curies":[{"name":"wp","href":"https:\/\/api.w.org\/{rel}","templated":true}]}}