{"id":64260,"date":"2024-09-25T09:30:23","date_gmt":"2024-09-25T13:30:23","guid":{"rendered":"https:\/\/cdsboutique.com\/?post_type=product&#038;p=64260"},"modified":"2025-12-18T15:57:27","modified_gmt":"2025-12-18T20:57:27","slug":"around-the-world-in-31-smells","status":"publish","type":"product","link":"https:\/\/staging.cdsboutique.com\/en\/produit\/around-the-world-in-31-smells\/","title":{"rendered":"Around the World in 31 Smells"},"content":{"rendered":"<p>Invite your seniors on a trip around the world that will last only the time of an activity, but that will be oh-so-pleasant and enriching for them!<\/p>\n<p>The 31 high-quality scent cups in this set will keep the whole residence entertained for a long time. Your less autonomous residents can simply smell the scents, then say whether they like them or not, and whether memories emerge from contact with those different essences. Imagine the happiness of a resident who, smelling the scent of hot chocolate, recalls sweet moments of his youth around the fire at the family home. For your more independent residents, you can offer them to play with the original version of the game, explained in detail in the booklet provided, in which they can make connections between smells, places, colors, shapes and more. Perhaps you&#8217;ll learn some new anecdotes about your residents, such as amazing travel stories or untold generational traditions?<\/p>\n<p>Voyage Olfactif is an activity with many powers, as it not only stimulates the senses in seniors, but also other components necessary to their well-being and the maintenance of their autonomy. If you want to work on concentration, thinking and bonding skills, you can do this activity alone with a senior. For socialization, sharing and mutual support, you&#8217;re better off proposing this activity to a group of residents.<\/p>\n<p>Fasten your seatbelt and head for the world&#8217;s most emblematic scents!<\/p>\n<p><strong>Everything you need to know about Voyage Olfactif:<\/strong><\/p>\n<ul>\n<li>Box size: 28 x 28 x 4.5 cm.<\/li>\n<li>Contains 35 double-sided photo cards, 1 game board, 12 number cards and 31 scent cups (pear, banana, exotic fruit, blackberry, strawberry, orange, hazelnut, forest, wood, mint, mushroom, lemongrass, grass, hot chocolate, cinnamon, tea, milk, baguette, curry, blue hyacinth, rose, monoi, lavender, oriental scent, animal, leather, fish, sea, wood fire, incense and stone).<\/li>\n<\/ul>\n<p>WARNING: some scents may cause allergies. Check the booklet supplied to find out which substances may cause reactions.<\/p>\n","protected":false},"excerpt":{"rendered":"<p>Invite your seniors on a trip around the world that will last only the time of an activity, but that will be oh-so-pleasant and enriching for them! The 31 high-quality scent cups in this set will keep the whole residence entertained for a long time. Your less autonomous residents can simply smell the scents, then [&hellip;]<\/p>\n","protected":false},"featured_media":64256,"comment_status":"closed","ping_status":"closed","template":"","meta":{"_acf_changed":false},"product_brand":[],"product_cat":[4401,4091],"product_tag":[4680],"class_list":{"0":"post-64260","1":"product","2":"type-product","3":"status-publish","4":"has-post-thumbnail","6":"product_cat-all","7":"product_cat-new-arrivals","8":"product_tag-news-en","9":"product_shipping_class-frais-de-livraison-en","11":"first","12":"instock","13":"taxable","14":"shipping-taxable","15":"purchasable","16":"product-type-simple"},"bundled_by":[],"bundle_stock_status":"instock","bundle_stock_quantity":null,"bundle_virtual":false,"bundle_layout":"","bundle_add_to_cart_form_location":"","bundle_editable_in_cart":false,"bundle_sold_individually_context":"","bundle_item_grouping":"","bundle_min_size":"","bundle_max_size":"","bundle_price":[],"bundled_items":[],"bundle_sell_ids":[],"acf":[],"featured_image_urls_v2":{"full":["https:\/\/staging.cdsboutique.com\/wp-content\/uploads\/2024\/07\/25374_voyage_olfactif-1.jpg",1050,1050,false],"thumbnail":["https:\/\/staging.cdsboutique.com\/wp-content\/uploads\/2024\/07\/25374_voyage_olfactif-1-150x150.jpg",150,150,true],"medium":["https:\/\/staging.cdsboutique.com\/wp-content\/uploads\/2024\/07\/25374_voyage_olfactif-1-300x300.jpg",300,300,true],"medium_large":["https:\/\/staging.cdsboutique.com\/wp-content\/uploads\/2024\/07\/25374_voyage_olfactif-1-768x768.jpg",768,768,true],"large":["https:\/\/staging.cdsboutique.com\/wp-content\/uploads\/2024\/07\/25374_voyage_olfactif-1-1024x1024.jpg",980,980,true],"1536x1536":["https:\/\/staging.cdsboutique.com\/wp-content\/uploads\/2024\/07\/25374_voyage_olfactif-1.jpg",1050,1050,false],"2048x2048":["https:\/\/staging.cdsboutique.com\/wp-content\/uploads\/2024\/07\/25374_voyage_olfactif-1.jpg",1050,1050,false],"gform-image-choice-sm":["https:\/\/staging.cdsboutique.com\/wp-content\/uploads\/2024\/07\/25374_voyage_olfactif-1.jpg",300,300,false],"gform-image-choice-md":["https:\/\/staging.cdsboutique.com\/wp-content\/uploads\/2024\/07\/25374_voyage_olfactif-1.jpg",400,400,false],"gform-image-choice-lg":["https:\/\/staging.cdsboutique.com\/wp-content\/uploads\/2024\/07\/25374_voyage_olfactif-1.jpg",600,600,false],"woocommerce_thumbnail":["https:\/\/staging.cdsboutique.com\/wp-content\/uploads\/2024\/07\/25374_voyage_olfactif-1-300x300.jpg",300,300,true],"woocommerce_single":["https:\/\/staging.cdsboutique.com\/wp-content\/uploads\/2024\/07\/25374_voyage_olfactif-1-600x600.jpg",600,600,true],"woocommerce_gallery_thumbnail":["https:\/\/staging.cdsboutique.com\/wp-content\/uploads\/2024\/07\/25374_voyage_olfactif-1-100x100.jpg",100,100,true],"variation_swatches_image_size":["https:\/\/staging.cdsboutique.com\/wp-content\/uploads\/2024\/07\/25374_voyage_olfactif-1-50x50.jpg",50,50,true],"variation_swatches_tooltip_size":["https:\/\/staging.cdsboutique.com\/wp-content\/uploads\/2024\/07\/25374_voyage_olfactif-1-100x100.jpg",100,100,true],"logo-size":["https:\/\/staging.cdsboutique.com\/wp-content\/uploads\/2024\/07\/25374_voyage_olfactif-1-84x84.jpg",84,84,true],"blog":["https:\/\/staging.cdsboutique.com\/wp-content\/uploads\/2024\/07\/25374_voyage_olfactif-1-350x260.jpg",350,260,true]},"post_excerpt_stackable_v2":"<p>Invite your seniors on a trip around the world that will last only the time of an activity, but that will be oh-so-pleasant and enriching for them! The 31 high-quality scent cups in this set will keep the whole residence entertained for a long time. Your less autonomous residents can simply smell the scents, then say whether they like them or not, and whether memories emerge from contact with those different essences. Imagine the happiness of a resident who, smelling the scent of hot chocolate, recalls sweet moments of his youth around the fire at the family home. For your&hellip;<\/p>\n","category_list_v2":"","author_info_v2":{"name":"","url":""},"comments_num_v2":"0 comments","yoast_head":"<!-- This site is optimized with the Yoast SEO plugin v27.4 - https:\/\/yoast.com\/product\/yoast-seo-wordpress\/ -->\n<title>Around the World in 31 Smells - CDS boutique A\u00een\u00e9s<\/title>\n<meta name=\"description\" content=\"Invite your seniors on a trip around the world that will last only the time of an activity, but that will be oh-so-pleasant and enriching for them!\" \/>\n<meta name=\"robots\" content=\"noindex, follow, max-snippet:-1, max-image-preview:large, max-video-preview:-1\" \/>\n<meta property=\"og:locale\" content=\"en_US\" \/>\n<meta property=\"og:type\" content=\"article\" \/>\n<meta property=\"og:title\" content=\"Around the World in 31 Smells - CDS boutique A\u00een\u00e9s\" \/>\n<meta property=\"og:description\" content=\"Invite your seniors on a trip around the world that will last only the time of an activity, but that will be oh-so-pleasant and enriching for them!\" \/>\n<meta property=\"og:url\" content=\"https:\/\/staging.cdsboutique.com\/en\/product\/around-the-world-in-31-smells\/\" \/>\n<meta property=\"og:site_name\" content=\"CDS boutique A\u00een\u00e9s\" \/>\n<meta property=\"article:publisher\" content=\"https:\/\/www.facebook.com\/CDSBoutique.Aines.Seniors\" \/>\n<meta property=\"article:modified_time\" content=\"2025-12-18T20:57:27+00:00\" \/>\n<meta property=\"og:image\" content=\"https:\/\/staging.cdsboutique.com\/wp-content\/uploads\/2024\/07\/25374_voyage_olfactif-1.jpg?_t=1766091447\" \/>\n\t<meta property=\"og:image:width\" content=\"1050\" \/>\n\t<meta property=\"og:image:height\" content=\"1050\" \/>\n\t<meta property=\"og:image:type\" content=\"image\/jpeg\" \/>\n<meta name=\"twitter:card\" content=\"summary_large_image\" \/>\n<meta name=\"twitter:label1\" content=\"Est. reading time\" \/>\n\t<meta name=\"twitter:data1\" content=\"2 minutes\" \/>\n<script type=\"application\/ld+json\" class=\"yoast-schema-graph\">{\"@context\":\"https:\\\/\\\/schema.org\",\"@graph\":[{\"@type\":\"WebPage\",\"@id\":\"https:\\\/\\\/staging.cdsboutique.com\\\/en\\\/product\\\/around-the-world-in-31-smells\\\/\",\"url\":\"https:\\\/\\\/staging.cdsboutique.com\\\/en\\\/product\\\/around-the-world-in-31-smells\\\/\",\"name\":\"Around the World in 31 Smells - CDS boutique A\u00een\u00e9s\",\"isPartOf\":{\"@id\":\"https:\\\/\\\/staging.cdsboutique.com\\\/#website\"},\"primaryImageOfPage\":{\"@id\":\"https:\\\/\\\/staging.cdsboutique.com\\\/en\\\/product\\\/around-the-world-in-31-smells\\\/#primaryimage\"},\"image\":{\"@id\":\"https:\\\/\\\/staging.cdsboutique.com\\\/en\\\/product\\\/around-the-world-in-31-smells\\\/#primaryimage\"},\"thumbnailUrl\":\"https:\\\/\\\/staging.cdsboutique.com\\\/wp-content\\\/uploads\\\/2024\\\/07\\\/25374_voyage_olfactif-1.jpg\",\"datePublished\":\"2024-09-25T13:30:23+00:00\",\"dateModified\":\"2025-12-18T20:57:27+00:00\",\"description\":\"Invite your seniors on a trip around the world that will last only the time of an activity, but that will be oh-so-pleasant and enriching for them!\",\"breadcrumb\":{\"@id\":\"https:\\\/\\\/staging.cdsboutique.com\\\/en\\\/product\\\/around-the-world-in-31-smells\\\/#breadcrumb\"},\"inLanguage\":\"en-US\",\"potentialAction\":[{\"@type\":\"ReadAction\",\"target\":[\"https:\\\/\\\/staging.cdsboutique.com\\\/en\\\/product\\\/around-the-world-in-31-smells\\\/\"]}]},{\"@type\":\"ImageObject\",\"inLanguage\":\"en-US\",\"@id\":\"https:\\\/\\\/staging.cdsboutique.com\\\/en\\\/product\\\/around-the-world-in-31-smells\\\/#primaryimage\",\"url\":\"https:\\\/\\\/staging.cdsboutique.com\\\/wp-content\\\/uploads\\\/2024\\\/07\\\/25374_voyage_olfactif-1.jpg\",\"contentUrl\":\"https:\\\/\\\/staging.cdsboutique.com\\\/wp-content\\\/uploads\\\/2024\\\/07\\\/25374_voyage_olfactif-1.jpg\",\"width\":1050,\"height\":1050,\"caption\":\"Game board, box and accessories of Around the World in 31 Smells\"},{\"@type\":\"BreadcrumbList\",\"@id\":\"https:\\\/\\\/staging.cdsboutique.com\\\/en\\\/product\\\/around-the-world-in-31-smells\\\/#breadcrumb\",\"itemListElement\":[{\"@type\":\"ListItem\",\"position\":1,\"name\":\"Home\",\"item\":\"https:\\\/\\\/staging.cdsboutique.com\\\/en\\\/\"},{\"@type\":\"ListItem\",\"position\":2,\"name\":\"Products\",\"item\":\"https:\\\/\\\/staging.cdsboutique.com\\\/en\\\/products\\\/\"},{\"@type\":\"ListItem\",\"position\":3,\"name\":\"Around the World in 31 Smells\"}]},{\"@type\":\"WebSite\",\"@id\":\"https:\\\/\\\/staging.cdsboutique.com\\\/#website\",\"url\":\"https:\\\/\\\/staging.cdsboutique.com\\\/\",\"name\":\"CDS boutique A\u00een\u00e9s\",\"description\":\"Pour une meilleure qualit\u00e9 de vie\",\"publisher\":{\"@id\":\"https:\\\/\\\/staging.cdsboutique.com\\\/#organization\"},\"potentialAction\":[{\"@type\":\"SearchAction\",\"target\":{\"@type\":\"EntryPoint\",\"urlTemplate\":\"https:\\\/\\\/staging.cdsboutique.com\\\/?s={search_term_string}\"},\"query-input\":{\"@type\":\"PropertyValueSpecification\",\"valueRequired\":true,\"valueName\":\"search_term_string\"}}],\"inLanguage\":\"en-US\"},{\"@type\":\"Organization\",\"@id\":\"https:\\\/\\\/staging.cdsboutique.com\\\/#organization\",\"name\":\"CDS Boutique\",\"url\":\"https:\\\/\\\/staging.cdsboutique.com\\\/\",\"logo\":{\"@type\":\"ImageObject\",\"inLanguage\":\"en-US\",\"@id\":\"https:\\\/\\\/staging.cdsboutique.com\\\/#\\\/schema\\\/logo\\\/image\\\/\",\"url\":\"https:\\\/\\\/staging.cdsboutique.com\\\/wp-content\\\/uploads\\\/2024\\\/09\\\/logoCDS-Boutique_final2024.jpg\",\"contentUrl\":\"https:\\\/\\\/staging.cdsboutique.com\\\/wp-content\\\/uploads\\\/2024\\\/09\\\/logoCDS-Boutique_final2024.jpg\",\"width\":900,\"height\":600,\"caption\":\"CDS Boutique\"},\"image\":{\"@id\":\"https:\\\/\\\/staging.cdsboutique.com\\\/#\\\/schema\\\/logo\\\/image\\\/\"},\"sameAs\":[\"https:\\\/\\\/www.facebook.com\\\/CDSBoutique.Aines.Seniors\",\"https:\\\/\\\/www.youtube.com\\\/@cdsboutique4046\",\"https:\\\/\\\/www.linkedin.com\\\/company\\\/cds-boutique\\\/\",\"https:\\\/\\\/www.instagram.com\\\/cdsboutique\\\/\"]}]}<\/script>\n<!-- \/ Yoast SEO plugin. -->","yoast_head_json":{"title":"Around the World in 31 Smells - CDS boutique A\u00een\u00e9s","description":"Invite your seniors on a trip around the world that will last only the time of an activity, but that will be oh-so-pleasant and enriching for them!","robots":{"index":"noindex","follow":"follow","max-snippet":"max-snippet:-1","max-image-preview":"max-image-preview:large","max-video-preview":"max-video-preview:-1"},"og_locale":"en_US","og_type":"article","og_title":"Around the World in 31 Smells - CDS boutique A\u00een\u00e9s","og_description":"Invite your seniors on a trip around the world that will last only the time of an activity, but that will be oh-so-pleasant and enriching for them!","og_url":"https:\/\/staging.cdsboutique.com\/en\/product\/around-the-world-in-31-smells\/","og_site_name":"CDS boutique A\u00een\u00e9s","article_publisher":"https:\/\/www.facebook.com\/CDSBoutique.Aines.Seniors","article_modified_time":"2025-12-18T20:57:27+00:00","og_image":[{"width":1050,"height":1050,"url":"https:\/\/staging.cdsboutique.com\/wp-content\/uploads\/2024\/07\/25374_voyage_olfactif-1.jpg?_t=1766091447","type":"image\/jpeg"}],"twitter_card":"summary_large_image","twitter_misc":{"Est. reading time":"2 minutes"},"schema":{"@context":"https:\/\/schema.org","@graph":[{"@type":"WebPage","@id":"https:\/\/staging.cdsboutique.com\/en\/product\/around-the-world-in-31-smells\/","url":"https:\/\/staging.cdsboutique.com\/en\/product\/around-the-world-in-31-smells\/","name":"Around the World in 31 Smells - CDS boutique A\u00een\u00e9s","isPartOf":{"@id":"https:\/\/staging.cdsboutique.com\/#website"},"primaryImageOfPage":{"@id":"https:\/\/staging.cdsboutique.com\/en\/product\/around-the-world-in-31-smells\/#primaryimage"},"image":{"@id":"https:\/\/staging.cdsboutique.com\/en\/product\/around-the-world-in-31-smells\/#primaryimage"},"thumbnailUrl":"https:\/\/staging.cdsboutique.com\/wp-content\/uploads\/2024\/07\/25374_voyage_olfactif-1.jpg","datePublished":"2024-09-25T13:30:23+00:00","dateModified":"2025-12-18T20:57:27+00:00","description":"Invite your seniors on a trip around the world that will last only the time of an activity, but that will be oh-so-pleasant and enriching for them!","breadcrumb":{"@id":"https:\/\/staging.cdsboutique.com\/en\/product\/around-the-world-in-31-smells\/#breadcrumb"},"inLanguage":"en-US","potentialAction":[{"@type":"ReadAction","target":["https:\/\/staging.cdsboutique.com\/en\/product\/around-the-world-in-31-smells\/"]}]},{"@type":"ImageObject","inLanguage":"en-US","@id":"https:\/\/staging.cdsboutique.com\/en\/product\/around-the-world-in-31-smells\/#primaryimage","url":"https:\/\/staging.cdsboutique.com\/wp-content\/uploads\/2024\/07\/25374_voyage_olfactif-1.jpg","contentUrl":"https:\/\/staging.cdsboutique.com\/wp-content\/uploads\/2024\/07\/25374_voyage_olfactif-1.jpg","width":1050,"height":1050,"caption":"Game board, box and accessories of Around the World in 31 Smells"},{"@type":"BreadcrumbList","@id":"https:\/\/staging.cdsboutique.com\/en\/product\/around-the-world-in-31-smells\/#breadcrumb","itemListElement":[{"@type":"ListItem","position":1,"name":"Home","item":"https:\/\/staging.cdsboutique.com\/en\/"},{"@type":"ListItem","position":2,"name":"Products","item":"https:\/\/staging.cdsboutique.com\/en\/products\/"},{"@type":"ListItem","position":3,"name":"Around the World in 31 Smells"}]},{"@type":"WebSite","@id":"https:\/\/staging.cdsboutique.com\/#website","url":"https:\/\/staging.cdsboutique.com\/","name":"CDS boutique A\u00een\u00e9s","description":"Pour une meilleure qualit\u00e9 de vie","publisher":{"@id":"https:\/\/staging.cdsboutique.com\/#organization"},"potentialAction":[{"@type":"SearchAction","target":{"@type":"EntryPoint","urlTemplate":"https:\/\/staging.cdsboutique.com\/?s={search_term_string}"},"query-input":{"@type":"PropertyValueSpecification","valueRequired":true,"valueName":"search_term_string"}}],"inLanguage":"en-US"},{"@type":"Organization","@id":"https:\/\/staging.cdsboutique.com\/#organization","name":"CDS Boutique","url":"https:\/\/staging.cdsboutique.com\/","logo":{"@type":"ImageObject","inLanguage":"en-US","@id":"https:\/\/staging.cdsboutique.com\/#\/schema\/logo\/image\/","url":"https:\/\/staging.cdsboutique.com\/wp-content\/uploads\/2024\/09\/logoCDS-Boutique_final2024.jpg","contentUrl":"https:\/\/staging.cdsboutique.com\/wp-content\/uploads\/2024\/09\/logoCDS-Boutique_final2024.jpg","width":900,"height":600,"caption":"CDS Boutique"},"image":{"@id":"https:\/\/staging.cdsboutique.com\/#\/schema\/logo\/image\/"},"sameAs":["https:\/\/www.facebook.com\/CDSBoutique.Aines.Seniors","https:\/\/www.youtube.com\/@cdsboutique4046","https:\/\/www.linkedin.com\/company\/cds-boutique\/","https:\/\/www.instagram.com\/cdsboutique\/"]}]}},"_links":{"self":[{"href":"https:\/\/staging.cdsboutique.com\/en\/wp-json\/wp\/v2\/product\/64260","targetHints":{"allow":["GET"]}}],"collection":[{"href":"https:\/\/staging.cdsboutique.com\/en\/wp-json\/wp\/v2\/product"}],"about":[{"href":"https:\/\/staging.cdsboutique.com\/en\/wp-json\/wp\/v2\/types\/product"}],"replies":[{"embeddable":true,"href":"https:\/\/staging.cdsboutique.com\/en\/wp-json\/wp\/v2\/comments?post=64260"}],"wp:featuredmedia":[{"embeddable":true,"href":"https:\/\/staging.cdsboutique.com\/en\/wp-json\/wp\/v2\/media\/64256"}],"wp:attachment":[{"href":"https:\/\/staging.cdsboutique.com\/en\/wp-json\/wp\/v2\/media?parent=64260"}],"wp:term":[{"taxonomy":"product_brand","embeddable":true,"href":"https:\/\/staging.cdsboutique.com\/en\/wp-json\/wp\/v2\/product_brand?post=64260"},{"taxonomy":"product_cat","embeddable":true,"href":"https:\/\/staging.cdsboutique.com\/en\/wp-json\/wp\/v2\/product_cat?post=64260"},{"taxonomy":"product_tag","embeddable":true,"href":"https:\/\/staging.cdsboutique.com\/en\/wp-json\/wp\/v2\/product_tag?post=64260"}],"curies":[{"name":"wp","href":"https:\/\/api.w.org\/{rel}","templated":true}]}}