{"id":65270,"date":"2024-09-12T14:33:08","date_gmt":"2024-09-12T18:33:08","guid":{"rendered":"https:\/\/cdsboutique.com\/produit\/mandala-colouring-table-mat-18x12-inches\/"},"modified":"2024-09-12T14:45:31","modified_gmt":"2024-09-12T18:45:31","slug":"mandala-colouring-table-mat-18x12-inches","status":"publish","type":"product","link":"https:\/\/staging.cdsboutique.com\/en\/produit\/mandala-colouring-table-mat-18x12-inches\/","title":{"rendered":"Mandala Colouring Table Mat 18&#215;12 inches"},"content":{"rendered":"<p>This beautiful 45-inch Mandala colouring table mat is easy to use and washable!!<\/p>\n<p>Enjoy some quality time in a group or as a duo by colouring this fully washable mandala tablecloth! Use your favourite washable markers to add some colour!<\/p>\n<p>R\u00e9put\u00e9 pour apporter un sentiment de d\u00e9tente, le coloriage de Mandala est une activit\u00e9 cr\u00e9ative et appr\u00e9ci\u00e9e de tous!<\/p>\n<p>It&#8217;s the perfect colouring tablecloth for cognitive stimulation!<\/p>\n<p>Not only is colouring well-known for helping people with cognitive impairment to maintain their ability to focus, but it&#8217;s also a great way to improve coordination!<\/p>\n<p>Washing recommendation :<\/p>\n<p>Machine wash in cold water<br \/>\nWash with laundry soap<br \/>\nDo NOT bleach<br \/>\nTumble dry low<\/p>\n","protected":false},"excerpt":{"rendered":"<p>This beautiful 45-inch Mandala colouring table mat is easy to use and washable!! Enjoy some quality time in a group or as a duo by colouring this fully washable mandala tablecloth! Use your favourite washable markers to add some colour! R\u00e9put\u00e9 pour apporter un sentiment de d\u00e9tente, le coloriage de Mandala est une activit\u00e9 cr\u00e9ative [&hellip;]<\/p>\n","protected":false},"featured_media":65261,"comment_status":"closed","ping_status":"closed","template":"","meta":{"_acf_changed":false},"product_brand":[],"product_cat":[4401,2816,2864],"product_tag":[],"class_list":{"0":"post-65270","1":"product","2":"type-product","3":"status-publish","4":"has-post-thumbnail","6":"product_cat-all","7":"product_cat-arts-crafts","8":"product_cat-colouring-books","10":"first","11":"instock","12":"taxable","13":"shipping-taxable","14":"purchasable","15":"product-type-simple"},"bundled_by":[],"bundle_stock_status":"instock","bundle_stock_quantity":null,"bundle_virtual":false,"bundle_layout":"","bundle_add_to_cart_form_location":"","bundle_editable_in_cart":false,"bundle_sold_individually_context":"","bundle_item_grouping":"","bundle_min_size":"","bundle_max_size":"","bundle_price":[],"bundled_items":[],"bundle_sell_ids":[],"acf":[],"featured_image_urls_v2":{"full":["https:\/\/staging.cdsboutique.com\/wp-content\/uploads\/2024\/09\/Napperon-1.jpg",1500,1500,false],"thumbnail":["https:\/\/staging.cdsboutique.com\/wp-content\/uploads\/2024\/09\/Napperon-1-150x150.jpg",150,150,true],"medium":["https:\/\/staging.cdsboutique.com\/wp-content\/uploads\/2024\/09\/Napperon-1-300x300.jpg",300,300,true],"medium_large":["https:\/\/staging.cdsboutique.com\/wp-content\/uploads\/2024\/09\/Napperon-1-768x768.jpg",768,768,true],"large":["https:\/\/staging.cdsboutique.com\/wp-content\/uploads\/2024\/09\/Napperon-1-1024x1024.jpg",980,980,true],"1536x1536":["https:\/\/staging.cdsboutique.com\/wp-content\/uploads\/2024\/09\/Napperon-1.jpg",1500,1500,false],"2048x2048":["https:\/\/staging.cdsboutique.com\/wp-content\/uploads\/2024\/09\/Napperon-1.jpg",1500,1500,false],"gform-image-choice-sm":["https:\/\/staging.cdsboutique.com\/wp-content\/uploads\/2024\/09\/Napperon-1.jpg",300,300,false],"gform-image-choice-md":["https:\/\/staging.cdsboutique.com\/wp-content\/uploads\/2024\/09\/Napperon-1.jpg",400,400,false],"gform-image-choice-lg":["https:\/\/staging.cdsboutique.com\/wp-content\/uploads\/2024\/09\/Napperon-1.jpg",600,600,false],"woocommerce_thumbnail":["https:\/\/staging.cdsboutique.com\/wp-content\/uploads\/2024\/09\/Napperon-1-300x300.jpg",300,300,true],"woocommerce_single":["https:\/\/staging.cdsboutique.com\/wp-content\/uploads\/2024\/09\/Napperon-1-600x600.jpg",600,600,true],"woocommerce_gallery_thumbnail":["https:\/\/staging.cdsboutique.com\/wp-content\/uploads\/2024\/09\/Napperon-1-100x100.jpg",100,100,true],"variation_swatches_image_size":["https:\/\/staging.cdsboutique.com\/wp-content\/uploads\/2024\/09\/Napperon-1-50x50.jpg",50,50,true],"variation_swatches_tooltip_size":["https:\/\/staging.cdsboutique.com\/wp-content\/uploads\/2024\/09\/Napperon-1-100x100.jpg",100,100,true],"logo-size":["https:\/\/staging.cdsboutique.com\/wp-content\/uploads\/2024\/09\/Napperon-1-84x84.jpg",84,84,true],"blog":["https:\/\/staging.cdsboutique.com\/wp-content\/uploads\/2024\/09\/Napperon-1-350x260.jpg",350,260,true]},"post_excerpt_stackable_v2":"<p>This beautiful 45-inch Mandala colouring table mat is easy to use and washable!! Enjoy some quality time in a group or as a duo by colouring this fully washable mandala tablecloth! Use your favourite washable markers to add some colour! R\u00e9put\u00e9 pour apporter un sentiment de d\u00e9tente, le coloriage de Mandala est une activit\u00e9 cr\u00e9ative et appr\u00e9ci\u00e9e de tous! It&#8217;s the perfect colouring tablecloth for cognitive stimulation! Not only is colouring well-known for helping people with cognitive impairment to maintain their ability to focus, but it&#8217;s also a great way to improve coordination! Washing recommendation : Machine wash in cold&hellip;<\/p>\n","category_list_v2":"","author_info_v2":{"name":"","url":""},"comments_num_v2":"0 comments","yoast_head":"<!-- This site is optimized with the Yoast SEO plugin v27.4 - https:\/\/yoast.com\/product\/yoast-seo-wordpress\/ -->\n<title>Mandala Colouring Table Mat 18x12 inches - CDS boutique A\u00een\u00e9s<\/title>\n<meta name=\"robots\" content=\"noindex, follow, max-snippet:-1, max-image-preview:large, max-video-preview:-1\" \/>\n<meta property=\"og:locale\" content=\"en_US\" \/>\n<meta property=\"og:type\" content=\"article\" \/>\n<meta property=\"og:title\" content=\"Mandala Colouring Table Mat 18x12 inches - CDS boutique A\u00een\u00e9s\" \/>\n<meta property=\"og:description\" content=\"This beautiful 45-inch Mandala colouring table mat is easy to use and washable!! Enjoy some quality time in a group or as a duo by colouring this fully washable mandala tablecloth! Use your favourite washable markers to add some colour! R\u00e9put\u00e9 pour apporter un sentiment de d\u00e9tente, le coloriage de Mandala est une activit\u00e9 cr\u00e9ative [&hellip;]\" \/>\n<meta property=\"og:url\" content=\"https:\/\/staging.cdsboutique.com\/en\/product\/mandala-colouring-table-mat-18x12-inches\/\" \/>\n<meta property=\"og:site_name\" content=\"CDS boutique A\u00een\u00e9s\" \/>\n<meta property=\"article:publisher\" content=\"https:\/\/www.facebook.com\/CDSBoutique.Aines.Seniors\" \/>\n<meta property=\"article:modified_time\" content=\"2024-09-12T18:45:31+00:00\" \/>\n<meta property=\"og:image\" content=\"https:\/\/staging.cdsboutique.com\/wp-content\/uploads\/2024\/09\/Napperon-1.jpg?_t=1726166731\" \/>\n\t<meta property=\"og:image:width\" content=\"1500\" \/>\n\t<meta property=\"og:image:height\" content=\"1500\" \/>\n\t<meta property=\"og:image:type\" content=\"image\/jpeg\" \/>\n<meta name=\"twitter:card\" content=\"summary_large_image\" \/>\n<meta name=\"twitter:label1\" content=\"Est. reading time\" \/>\n\t<meta name=\"twitter:data1\" content=\"1 minute\" \/>\n<script type=\"application\/ld+json\" class=\"yoast-schema-graph\">{\"@context\":\"https:\\\/\\\/schema.org\",\"@graph\":[{\"@type\":\"WebPage\",\"@id\":\"https:\\\/\\\/staging.cdsboutique.com\\\/en\\\/product\\\/mandala-colouring-table-mat-18x12-inches\\\/\",\"url\":\"https:\\\/\\\/staging.cdsboutique.com\\\/en\\\/product\\\/mandala-colouring-table-mat-18x12-inches\\\/\",\"name\":\"Mandala Colouring Table Mat 18x12 inches - CDS boutique A\u00een\u00e9s\",\"isPartOf\":{\"@id\":\"https:\\\/\\\/staging.cdsboutique.com\\\/#website\"},\"primaryImageOfPage\":{\"@id\":\"https:\\\/\\\/staging.cdsboutique.com\\\/en\\\/product\\\/mandala-colouring-table-mat-18x12-inches\\\/#primaryimage\"},\"image\":{\"@id\":\"https:\\\/\\\/staging.cdsboutique.com\\\/en\\\/product\\\/mandala-colouring-table-mat-18x12-inches\\\/#primaryimage\"},\"thumbnailUrl\":\"https:\\\/\\\/staging.cdsboutique.com\\\/wp-content\\\/uploads\\\/2024\\\/09\\\/Napperon-1.jpg\",\"datePublished\":\"2024-09-12T18:33:08+00:00\",\"dateModified\":\"2024-09-12T18:45:31+00:00\",\"breadcrumb\":{\"@id\":\"https:\\\/\\\/staging.cdsboutique.com\\\/en\\\/product\\\/mandala-colouring-table-mat-18x12-inches\\\/#breadcrumb\"},\"inLanguage\":\"en-US\",\"potentialAction\":[{\"@type\":\"ReadAction\",\"target\":[\"https:\\\/\\\/staging.cdsboutique.com\\\/en\\\/product\\\/mandala-colouring-table-mat-18x12-inches\\\/\"]}]},{\"@type\":\"ImageObject\",\"inLanguage\":\"en-US\",\"@id\":\"https:\\\/\\\/staging.cdsboutique.com\\\/en\\\/product\\\/mandala-colouring-table-mat-18x12-inches\\\/#primaryimage\",\"url\":\"https:\\\/\\\/staging.cdsboutique.com\\\/wp-content\\\/uploads\\\/2024\\\/09\\\/Napperon-1.jpg\",\"contentUrl\":\"https:\\\/\\\/staging.cdsboutique.com\\\/wp-content\\\/uploads\\\/2024\\\/09\\\/Napperon-1.jpg\",\"width\":1500,\"height\":1500},{\"@type\":\"BreadcrumbList\",\"@id\":\"https:\\\/\\\/staging.cdsboutique.com\\\/en\\\/product\\\/mandala-colouring-table-mat-18x12-inches\\\/#breadcrumb\",\"itemListElement\":[{\"@type\":\"ListItem\",\"position\":1,\"name\":\"Home\",\"item\":\"https:\\\/\\\/staging.cdsboutique.com\\\/en\\\/\"},{\"@type\":\"ListItem\",\"position\":2,\"name\":\"Products\",\"item\":\"https:\\\/\\\/staging.cdsboutique.com\\\/en\\\/products\\\/\"},{\"@type\":\"ListItem\",\"position\":3,\"name\":\"Mandala Colouring Table Mat 18&#215;12 inches\"}]},{\"@type\":\"WebSite\",\"@id\":\"https:\\\/\\\/staging.cdsboutique.com\\\/#website\",\"url\":\"https:\\\/\\\/staging.cdsboutique.com\\\/\",\"name\":\"CDS boutique A\u00een\u00e9s\",\"description\":\"Pour une meilleure qualit\u00e9 de vie\",\"publisher\":{\"@id\":\"https:\\\/\\\/staging.cdsboutique.com\\\/#organization\"},\"potentialAction\":[{\"@type\":\"SearchAction\",\"target\":{\"@type\":\"EntryPoint\",\"urlTemplate\":\"https:\\\/\\\/staging.cdsboutique.com\\\/?s={search_term_string}\"},\"query-input\":{\"@type\":\"PropertyValueSpecification\",\"valueRequired\":true,\"valueName\":\"search_term_string\"}}],\"inLanguage\":\"en-US\"},{\"@type\":\"Organization\",\"@id\":\"https:\\\/\\\/staging.cdsboutique.com\\\/#organization\",\"name\":\"CDS Boutique\",\"url\":\"https:\\\/\\\/staging.cdsboutique.com\\\/\",\"logo\":{\"@type\":\"ImageObject\",\"inLanguage\":\"en-US\",\"@id\":\"https:\\\/\\\/staging.cdsboutique.com\\\/#\\\/schema\\\/logo\\\/image\\\/\",\"url\":\"https:\\\/\\\/staging.cdsboutique.com\\\/wp-content\\\/uploads\\\/2024\\\/09\\\/logoCDS-Boutique_final2024.jpg\",\"contentUrl\":\"https:\\\/\\\/staging.cdsboutique.com\\\/wp-content\\\/uploads\\\/2024\\\/09\\\/logoCDS-Boutique_final2024.jpg\",\"width\":900,\"height\":600,\"caption\":\"CDS Boutique\"},\"image\":{\"@id\":\"https:\\\/\\\/staging.cdsboutique.com\\\/#\\\/schema\\\/logo\\\/image\\\/\"},\"sameAs\":[\"https:\\\/\\\/www.facebook.com\\\/CDSBoutique.Aines.Seniors\",\"https:\\\/\\\/www.youtube.com\\\/@cdsboutique4046\",\"https:\\\/\\\/www.linkedin.com\\\/company\\\/cds-boutique\\\/\",\"https:\\\/\\\/www.instagram.com\\\/cdsboutique\\\/\"]}]}<\/script>\n<!-- \/ Yoast SEO plugin. -->","yoast_head_json":{"title":"Mandala Colouring Table Mat 18x12 inches - CDS boutique A\u00een\u00e9s","robots":{"index":"noindex","follow":"follow","max-snippet":"max-snippet:-1","max-image-preview":"max-image-preview:large","max-video-preview":"max-video-preview:-1"},"og_locale":"en_US","og_type":"article","og_title":"Mandala Colouring Table Mat 18x12 inches - CDS boutique A\u00een\u00e9s","og_description":"This beautiful 45-inch Mandala colouring table mat is easy to use and washable!! Enjoy some quality time in a group or as a duo by colouring this fully washable mandala tablecloth! Use your favourite washable markers to add some colour! R\u00e9put\u00e9 pour apporter un sentiment de d\u00e9tente, le coloriage de Mandala est une activit\u00e9 cr\u00e9ative [&hellip;]","og_url":"https:\/\/staging.cdsboutique.com\/en\/product\/mandala-colouring-table-mat-18x12-inches\/","og_site_name":"CDS boutique A\u00een\u00e9s","article_publisher":"https:\/\/www.facebook.com\/CDSBoutique.Aines.Seniors","article_modified_time":"2024-09-12T18:45:31+00:00","og_image":[{"width":1500,"height":1500,"url":"https:\/\/staging.cdsboutique.com\/wp-content\/uploads\/2024\/09\/Napperon-1.jpg?_t=1726166731","type":"image\/jpeg"}],"twitter_card":"summary_large_image","twitter_misc":{"Est. reading time":"1 minute"},"schema":{"@context":"https:\/\/schema.org","@graph":[{"@type":"WebPage","@id":"https:\/\/staging.cdsboutique.com\/en\/product\/mandala-colouring-table-mat-18x12-inches\/","url":"https:\/\/staging.cdsboutique.com\/en\/product\/mandala-colouring-table-mat-18x12-inches\/","name":"Mandala Colouring Table Mat 18x12 inches - CDS boutique A\u00een\u00e9s","isPartOf":{"@id":"https:\/\/staging.cdsboutique.com\/#website"},"primaryImageOfPage":{"@id":"https:\/\/staging.cdsboutique.com\/en\/product\/mandala-colouring-table-mat-18x12-inches\/#primaryimage"},"image":{"@id":"https:\/\/staging.cdsboutique.com\/en\/product\/mandala-colouring-table-mat-18x12-inches\/#primaryimage"},"thumbnailUrl":"https:\/\/staging.cdsboutique.com\/wp-content\/uploads\/2024\/09\/Napperon-1.jpg","datePublished":"2024-09-12T18:33:08+00:00","dateModified":"2024-09-12T18:45:31+00:00","breadcrumb":{"@id":"https:\/\/staging.cdsboutique.com\/en\/product\/mandala-colouring-table-mat-18x12-inches\/#breadcrumb"},"inLanguage":"en-US","potentialAction":[{"@type":"ReadAction","target":["https:\/\/staging.cdsboutique.com\/en\/product\/mandala-colouring-table-mat-18x12-inches\/"]}]},{"@type":"ImageObject","inLanguage":"en-US","@id":"https:\/\/staging.cdsboutique.com\/en\/product\/mandala-colouring-table-mat-18x12-inches\/#primaryimage","url":"https:\/\/staging.cdsboutique.com\/wp-content\/uploads\/2024\/09\/Napperon-1.jpg","contentUrl":"https:\/\/staging.cdsboutique.com\/wp-content\/uploads\/2024\/09\/Napperon-1.jpg","width":1500,"height":1500},{"@type":"BreadcrumbList","@id":"https:\/\/staging.cdsboutique.com\/en\/product\/mandala-colouring-table-mat-18x12-inches\/#breadcrumb","itemListElement":[{"@type":"ListItem","position":1,"name":"Home","item":"https:\/\/staging.cdsboutique.com\/en\/"},{"@type":"ListItem","position":2,"name":"Products","item":"https:\/\/staging.cdsboutique.com\/en\/products\/"},{"@type":"ListItem","position":3,"name":"Mandala Colouring Table Mat 18&#215;12 inches"}]},{"@type":"WebSite","@id":"https:\/\/staging.cdsboutique.com\/#website","url":"https:\/\/staging.cdsboutique.com\/","name":"CDS boutique A\u00een\u00e9s","description":"Pour une meilleure qualit\u00e9 de vie","publisher":{"@id":"https:\/\/staging.cdsboutique.com\/#organization"},"potentialAction":[{"@type":"SearchAction","target":{"@type":"EntryPoint","urlTemplate":"https:\/\/staging.cdsboutique.com\/?s={search_term_string}"},"query-input":{"@type":"PropertyValueSpecification","valueRequired":true,"valueName":"search_term_string"}}],"inLanguage":"en-US"},{"@type":"Organization","@id":"https:\/\/staging.cdsboutique.com\/#organization","name":"CDS Boutique","url":"https:\/\/staging.cdsboutique.com\/","logo":{"@type":"ImageObject","inLanguage":"en-US","@id":"https:\/\/staging.cdsboutique.com\/#\/schema\/logo\/image\/","url":"https:\/\/staging.cdsboutique.com\/wp-content\/uploads\/2024\/09\/logoCDS-Boutique_final2024.jpg","contentUrl":"https:\/\/staging.cdsboutique.com\/wp-content\/uploads\/2024\/09\/logoCDS-Boutique_final2024.jpg","width":900,"height":600,"caption":"CDS Boutique"},"image":{"@id":"https:\/\/staging.cdsboutique.com\/#\/schema\/logo\/image\/"},"sameAs":["https:\/\/www.facebook.com\/CDSBoutique.Aines.Seniors","https:\/\/www.youtube.com\/@cdsboutique4046","https:\/\/www.linkedin.com\/company\/cds-boutique\/","https:\/\/www.instagram.com\/cdsboutique\/"]}]}},"_links":{"self":[{"href":"https:\/\/staging.cdsboutique.com\/en\/wp-json\/wp\/v2\/product\/65270","targetHints":{"allow":["GET"]}}],"collection":[{"href":"https:\/\/staging.cdsboutique.com\/en\/wp-json\/wp\/v2\/product"}],"about":[{"href":"https:\/\/staging.cdsboutique.com\/en\/wp-json\/wp\/v2\/types\/product"}],"replies":[{"embeddable":true,"href":"https:\/\/staging.cdsboutique.com\/en\/wp-json\/wp\/v2\/comments?post=65270"}],"wp:featuredmedia":[{"embeddable":true,"href":"https:\/\/staging.cdsboutique.com\/en\/wp-json\/wp\/v2\/media\/65261"}],"wp:attachment":[{"href":"https:\/\/staging.cdsboutique.com\/en\/wp-json\/wp\/v2\/media?parent=65270"}],"wp:term":[{"taxonomy":"product_brand","embeddable":true,"href":"https:\/\/staging.cdsboutique.com\/en\/wp-json\/wp\/v2\/product_brand?post=65270"},{"taxonomy":"product_cat","embeddable":true,"href":"https:\/\/staging.cdsboutique.com\/en\/wp-json\/wp\/v2\/product_cat?post=65270"},{"taxonomy":"product_tag","embeddable":true,"href":"https:\/\/staging.cdsboutique.com\/en\/wp-json\/wp\/v2\/product_tag?post=65270"}],"curies":[{"name":"wp","href":"https:\/\/api.w.org\/{rel}","templated":true}]}}