{"id":65331,"date":"2024-09-25T11:57:44","date_gmt":"2024-09-25T15:57:44","guid":{"rendered":"https:\/\/cdsboutique.com\/?post_type=product&#038;p=65331"},"modified":"2024-09-19T11:42:15","modified_gmt":"2024-09-19T15:42:15","slug":"radio-hamilton-buhl-cd-cassette-tapes-mp3-usb-remote-controller","status":"publish","type":"product","link":"https:\/\/staging.cdsboutique.com\/en\/produit\/radio-hamilton-buhl-cd-cassette-tapes-mp3-usb-remote-controller\/","title":{"rendered":"Radio Hamilton Buhl CD\/ Cassette Tapes\/ Mp3\/ USB + Remote Controller"},"content":{"rendered":"<p><strong>Brightening up your day by listening to music that soothes the soul is a pleasure like no other. Give your residents the chance to add beauty to their daily lives with the Hamilton radio CD player, which will let them play familiar, comforting tunes!<\/strong><\/p>\n<p>The Hamilton radio CD is appreciated by residents and caregivers alike for its compact design and ease of use, while the buttons are clearly identified and large enough to be visible and accessible to everyone. As a result, your seniors with macular degeneration or even those with cognitive disorders such as Alzheimer&#8217;s disease will be able to be independent for longer when it comes to using their radios.<\/p>\n<p>Among its interesting features, you&#8217;ll notice that the Hamilton CD radio can convert CDs into mp3 files, directly to a USB key. You&#8217;ll be able to create long lists of artists your residents know, much to their delight!<\/p>\n<p>Quality sound is also one of the strong points of this device. Whether the music is projected across a room or centralised in headphones, your residents will be able to enjoy amazing sound quality. What&#8217;s more, the Hamilton CD radio can connect up to 6 pairs of headphones (not included): an ideal option if you want to offer your seniors a musical moment without disturbing the rest of the residence.<\/p>\n<p>The Hamilton radio CD is ideal for initiating group or solo activities, such as singing or reminiscence, as music has the power to bring back vivid souvenirs, even for people with poor memories.<\/p>\n<p>Everything you need to know about Hamilton CD Player:<br \/>\n\u2022 Radio dimensions: 25.5 \u00d7 25.5 \u00d7 30.5 cm.<\/p>\n","protected":false},"excerpt":{"rendered":"<p>Brightening up your day by listening to music that soothes the soul is a pleasure like no other. Give your residents the chance to add beauty to their daily lives with the Hamilton radio CD player, which will let them play familiar, comforting tunes! The Hamilton radio CD is appreciated by residents and caregivers alike [&hellip;]<\/p>\n","protected":false},"featured_media":64290,"comment_status":"closed","ping_status":"closed","template":"","meta":{"_acf_changed":false},"product_brand":[],"product_cat":[4401,4091,2967],"product_tag":[4680],"class_list":{"0":"post-65331","1":"product","2":"type-product","3":"status-publish","4":"has-post-thumbnail","6":"product_cat-all","7":"product_cat-new-arrivals","8":"product_cat-players-accessories","9":"product_tag-news-en","10":"product_shipping_class-frais-de-livraison-en","12":"first","13":"instock","14":"taxable","15":"shipping-taxable","16":"purchasable","17":"product-type-simple"},"bundled_by":[],"bundle_stock_status":"instock","bundle_stock_quantity":null,"bundle_virtual":false,"bundle_layout":"","bundle_add_to_cart_form_location":"","bundle_editable_in_cart":false,"bundle_sold_individually_context":"","bundle_item_grouping":"","bundle_min_size":"","bundle_max_size":"","bundle_price":[],"bundled_items":[],"bundle_sell_ids":[],"acf":[],"featured_image_urls_v2":{"full":["https:\/\/staging.cdsboutique.com\/wp-content\/uploads\/2024\/07\/25376_RADIO_HAMILTON.jpg",1050,1050,false],"thumbnail":["https:\/\/staging.cdsboutique.com\/wp-content\/uploads\/2024\/07\/25376_RADIO_HAMILTON-150x150.jpg",150,150,true],"medium":["https:\/\/staging.cdsboutique.com\/wp-content\/uploads\/2024\/07\/25376_RADIO_HAMILTON-300x300.jpg",300,300,true],"medium_large":["https:\/\/staging.cdsboutique.com\/wp-content\/uploads\/2024\/07\/25376_RADIO_HAMILTON-768x768.jpg",768,768,true],"large":["https:\/\/staging.cdsboutique.com\/wp-content\/uploads\/2024\/07\/25376_RADIO_HAMILTON-1024x1024.jpg",980,980,true],"1536x1536":["https:\/\/staging.cdsboutique.com\/wp-content\/uploads\/2024\/07\/25376_RADIO_HAMILTON.jpg",1050,1050,false],"2048x2048":["https:\/\/staging.cdsboutique.com\/wp-content\/uploads\/2024\/07\/25376_RADIO_HAMILTON.jpg",1050,1050,false],"gform-image-choice-sm":["https:\/\/staging.cdsboutique.com\/wp-content\/uploads\/2024\/07\/25376_RADIO_HAMILTON.jpg",300,300,false],"gform-image-choice-md":["https:\/\/staging.cdsboutique.com\/wp-content\/uploads\/2024\/07\/25376_RADIO_HAMILTON.jpg",400,400,false],"gform-image-choice-lg":["https:\/\/staging.cdsboutique.com\/wp-content\/uploads\/2024\/07\/25376_RADIO_HAMILTON.jpg",600,600,false],"woocommerce_thumbnail":["https:\/\/staging.cdsboutique.com\/wp-content\/uploads\/2024\/07\/25376_RADIO_HAMILTON-300x300.jpg",300,300,true],"woocommerce_single":["https:\/\/staging.cdsboutique.com\/wp-content\/uploads\/2024\/07\/25376_RADIO_HAMILTON-600x600.jpg",600,600,true],"woocommerce_gallery_thumbnail":["https:\/\/staging.cdsboutique.com\/wp-content\/uploads\/2024\/07\/25376_RADIO_HAMILTON-100x100.jpg",100,100,true],"variation_swatches_image_size":["https:\/\/staging.cdsboutique.com\/wp-content\/uploads\/2024\/07\/25376_RADIO_HAMILTON-50x50.jpg",50,50,true],"variation_swatches_tooltip_size":["https:\/\/staging.cdsboutique.com\/wp-content\/uploads\/2024\/07\/25376_RADIO_HAMILTON-100x100.jpg",100,100,true],"logo-size":["https:\/\/staging.cdsboutique.com\/wp-content\/uploads\/2024\/07\/25376_RADIO_HAMILTON-84x84.jpg",84,84,true],"blog":["https:\/\/staging.cdsboutique.com\/wp-content\/uploads\/2024\/07\/25376_RADIO_HAMILTON-350x260.jpg",350,260,true]},"post_excerpt_stackable_v2":"<p>Brightening up your day by listening to music that soothes the soul is a pleasure like no other. Give your residents the chance to add beauty to their daily lives with the Hamilton radio CD player, which will let them play familiar, comforting tunes! The Hamilton radio CD is appreciated by residents and caregivers alike for its compact design and ease of use, while the buttons are clearly identified and large enough to be visible and accessible to everyone. As a result, your seniors with macular degeneration or even those with cognitive disorders such as Alzheimer&#8217;s disease will be able&hellip;<\/p>\n","category_list_v2":"","author_info_v2":{"name":"","url":""},"comments_num_v2":"0 comments","yoast_head":"<!-- This site is optimized with the Yoast SEO plugin v27.4 - https:\/\/yoast.com\/product\/yoast-seo-wordpress\/ -->\n<title>Radio Hamilton Buhl CD\/ Cassette Tapes\/ Mp3\/ USB + Remote Controller - CDS boutique A\u00een\u00e9s<\/title>\n<meta name=\"description\" content=\"Brightening up your day by listening to music that soothes the soul is a pleasure like no other. Give your residents the chance to add beauty to their daily lives with the Hamilton radio CD player, which will let them play familiar, comforting tunes!\" \/>\n<meta name=\"robots\" content=\"noindex, follow, max-snippet:-1, max-image-preview:large, max-video-preview:-1\" \/>\n<meta property=\"og:locale\" content=\"en_US\" \/>\n<meta property=\"og:type\" content=\"article\" \/>\n<meta property=\"og:title\" content=\"Radio Hamilton Buhl CD\/ Cassette Tapes\/ Mp3\/ USB + Remote Controller - CDS boutique A\u00een\u00e9s\" \/>\n<meta property=\"og:description\" content=\"Brightening up your day by listening to music that soothes the soul is a pleasure like no other. Give your residents the chance to add beauty to their daily lives with the Hamilton radio CD player, which will let them play familiar, comforting tunes!\" \/>\n<meta property=\"og:url\" content=\"https:\/\/staging.cdsboutique.com\/en\/product\/radio-hamilton-buhl-cd-cassette-tapes-mp3-usb-remote-controller\/\" \/>\n<meta property=\"og:site_name\" content=\"CDS boutique A\u00een\u00e9s\" \/>\n<meta property=\"article:publisher\" content=\"https:\/\/www.facebook.com\/CDSBoutique.Aines.Seniors\" \/>\n<meta property=\"og:image\" content=\"https:\/\/staging.cdsboutique.com\/wp-content\/uploads\/2024\/07\/25376_RADIO_HAMILTON.jpg?_t=1726760535\" \/>\n\t<meta property=\"og:image:width\" content=\"1050\" \/>\n\t<meta property=\"og:image:height\" content=\"1050\" \/>\n\t<meta property=\"og:image:type\" content=\"image\/jpeg\" \/>\n<meta name=\"twitter:card\" content=\"summary_large_image\" \/>\n<meta name=\"twitter:label1\" content=\"Est. reading time\" \/>\n\t<meta name=\"twitter:data1\" content=\"2 minutes\" \/>\n<script type=\"application\/ld+json\" class=\"yoast-schema-graph\">{\"@context\":\"https:\\\/\\\/schema.org\",\"@graph\":[{\"@type\":\"WebPage\",\"@id\":\"https:\\\/\\\/staging.cdsboutique.com\\\/en\\\/product\\\/radio-hamilton-buhl-cd-cassette-tapes-mp3-usb-remote-controller\\\/\",\"url\":\"https:\\\/\\\/staging.cdsboutique.com\\\/en\\\/product\\\/radio-hamilton-buhl-cd-cassette-tapes-mp3-usb-remote-controller\\\/\",\"name\":\"Radio Hamilton Buhl CD\\\/ Cassette Tapes\\\/ Mp3\\\/ USB + Remote Controller - CDS boutique A\u00een\u00e9s\",\"isPartOf\":{\"@id\":\"https:\\\/\\\/staging.cdsboutique.com\\\/#website\"},\"primaryImageOfPage\":{\"@id\":\"https:\\\/\\\/staging.cdsboutique.com\\\/en\\\/product\\\/radio-hamilton-buhl-cd-cassette-tapes-mp3-usb-remote-controller\\\/#primaryimage\"},\"image\":{\"@id\":\"https:\\\/\\\/staging.cdsboutique.com\\\/en\\\/product\\\/radio-hamilton-buhl-cd-cassette-tapes-mp3-usb-remote-controller\\\/#primaryimage\"},\"thumbnailUrl\":\"https:\\\/\\\/staging.cdsboutique.com\\\/wp-content\\\/uploads\\\/2024\\\/07\\\/25376_RADIO_HAMILTON.jpg\",\"datePublished\":\"2024-09-25T15:57:44+00:00\",\"description\":\"Brightening up your day by listening to music that soothes the soul is a pleasure like no other. Give your residents the chance to add beauty to their daily lives with the Hamilton radio CD player, which will let them play familiar, comforting tunes!\",\"breadcrumb\":{\"@id\":\"https:\\\/\\\/staging.cdsboutique.com\\\/en\\\/product\\\/radio-hamilton-buhl-cd-cassette-tapes-mp3-usb-remote-controller\\\/#breadcrumb\"},\"inLanguage\":\"en-US\",\"potentialAction\":[{\"@type\":\"ReadAction\",\"target\":[\"https:\\\/\\\/staging.cdsboutique.com\\\/en\\\/product\\\/radio-hamilton-buhl-cd-cassette-tapes-mp3-usb-remote-controller\\\/\"]}]},{\"@type\":\"ImageObject\",\"inLanguage\":\"en-US\",\"@id\":\"https:\\\/\\\/staging.cdsboutique.com\\\/en\\\/product\\\/radio-hamilton-buhl-cd-cassette-tapes-mp3-usb-remote-controller\\\/#primaryimage\",\"url\":\"https:\\\/\\\/staging.cdsboutique.com\\\/wp-content\\\/uploads\\\/2024\\\/07\\\/25376_RADIO_HAMILTON.jpg\",\"contentUrl\":\"https:\\\/\\\/staging.cdsboutique.com\\\/wp-content\\\/uploads\\\/2024\\\/07\\\/25376_RADIO_HAMILTON.jpg\",\"width\":1050,\"height\":1050,\"caption\":\"Radio Hamilton and its remote controller\"},{\"@type\":\"BreadcrumbList\",\"@id\":\"https:\\\/\\\/staging.cdsboutique.com\\\/en\\\/product\\\/radio-hamilton-buhl-cd-cassette-tapes-mp3-usb-remote-controller\\\/#breadcrumb\",\"itemListElement\":[{\"@type\":\"ListItem\",\"position\":1,\"name\":\"Home\",\"item\":\"https:\\\/\\\/staging.cdsboutique.com\\\/en\\\/\"},{\"@type\":\"ListItem\",\"position\":2,\"name\":\"Products\",\"item\":\"https:\\\/\\\/staging.cdsboutique.com\\\/en\\\/products\\\/\"},{\"@type\":\"ListItem\",\"position\":3,\"name\":\"Radio Hamilton Buhl CD\\\/ Cassette Tapes\\\/ Mp3\\\/ USB + Remote Controller\"}]},{\"@type\":\"WebSite\",\"@id\":\"https:\\\/\\\/staging.cdsboutique.com\\\/#website\",\"url\":\"https:\\\/\\\/staging.cdsboutique.com\\\/\",\"name\":\"CDS boutique A\u00een\u00e9s\",\"description\":\"Pour une meilleure qualit\u00e9 de vie\",\"publisher\":{\"@id\":\"https:\\\/\\\/staging.cdsboutique.com\\\/#organization\"},\"potentialAction\":[{\"@type\":\"SearchAction\",\"target\":{\"@type\":\"EntryPoint\",\"urlTemplate\":\"https:\\\/\\\/staging.cdsboutique.com\\\/?s={search_term_string}\"},\"query-input\":{\"@type\":\"PropertyValueSpecification\",\"valueRequired\":true,\"valueName\":\"search_term_string\"}}],\"inLanguage\":\"en-US\"},{\"@type\":\"Organization\",\"@id\":\"https:\\\/\\\/staging.cdsboutique.com\\\/#organization\",\"name\":\"CDS Boutique\",\"url\":\"https:\\\/\\\/staging.cdsboutique.com\\\/\",\"logo\":{\"@type\":\"ImageObject\",\"inLanguage\":\"en-US\",\"@id\":\"https:\\\/\\\/staging.cdsboutique.com\\\/#\\\/schema\\\/logo\\\/image\\\/\",\"url\":\"https:\\\/\\\/staging.cdsboutique.com\\\/wp-content\\\/uploads\\\/2024\\\/09\\\/logoCDS-Boutique_final2024.jpg\",\"contentUrl\":\"https:\\\/\\\/staging.cdsboutique.com\\\/wp-content\\\/uploads\\\/2024\\\/09\\\/logoCDS-Boutique_final2024.jpg\",\"width\":900,\"height\":600,\"caption\":\"CDS Boutique\"},\"image\":{\"@id\":\"https:\\\/\\\/staging.cdsboutique.com\\\/#\\\/schema\\\/logo\\\/image\\\/\"},\"sameAs\":[\"https:\\\/\\\/www.facebook.com\\\/CDSBoutique.Aines.Seniors\",\"https:\\\/\\\/www.youtube.com\\\/@cdsboutique4046\",\"https:\\\/\\\/www.linkedin.com\\\/company\\\/cds-boutique\\\/\",\"https:\\\/\\\/www.instagram.com\\\/cdsboutique\\\/\"]}]}<\/script>\n<!-- \/ Yoast SEO plugin. -->","yoast_head_json":{"title":"Radio Hamilton Buhl CD\/ Cassette Tapes\/ Mp3\/ USB + Remote Controller - CDS boutique A\u00een\u00e9s","description":"Brightening up your day by listening to music that soothes the soul is a pleasure like no other. Give your residents the chance to add beauty to their daily lives with the Hamilton radio CD player, which will let them play familiar, comforting tunes!","robots":{"index":"noindex","follow":"follow","max-snippet":"max-snippet:-1","max-image-preview":"max-image-preview:large","max-video-preview":"max-video-preview:-1"},"og_locale":"en_US","og_type":"article","og_title":"Radio Hamilton Buhl CD\/ Cassette Tapes\/ Mp3\/ USB + Remote Controller - CDS boutique A\u00een\u00e9s","og_description":"Brightening up your day by listening to music that soothes the soul is a pleasure like no other. Give your residents the chance to add beauty to their daily lives with the Hamilton radio CD player, which will let them play familiar, comforting tunes!","og_url":"https:\/\/staging.cdsboutique.com\/en\/product\/radio-hamilton-buhl-cd-cassette-tapes-mp3-usb-remote-controller\/","og_site_name":"CDS boutique A\u00een\u00e9s","article_publisher":"https:\/\/www.facebook.com\/CDSBoutique.Aines.Seniors","og_image":[{"width":1050,"height":1050,"url":"https:\/\/staging.cdsboutique.com\/wp-content\/uploads\/2024\/07\/25376_RADIO_HAMILTON.jpg?_t=1726760535","type":"image\/jpeg"}],"twitter_card":"summary_large_image","twitter_misc":{"Est. reading time":"2 minutes"},"schema":{"@context":"https:\/\/schema.org","@graph":[{"@type":"WebPage","@id":"https:\/\/staging.cdsboutique.com\/en\/product\/radio-hamilton-buhl-cd-cassette-tapes-mp3-usb-remote-controller\/","url":"https:\/\/staging.cdsboutique.com\/en\/product\/radio-hamilton-buhl-cd-cassette-tapes-mp3-usb-remote-controller\/","name":"Radio Hamilton Buhl CD\/ Cassette Tapes\/ Mp3\/ USB + Remote Controller - CDS boutique A\u00een\u00e9s","isPartOf":{"@id":"https:\/\/staging.cdsboutique.com\/#website"},"primaryImageOfPage":{"@id":"https:\/\/staging.cdsboutique.com\/en\/product\/radio-hamilton-buhl-cd-cassette-tapes-mp3-usb-remote-controller\/#primaryimage"},"image":{"@id":"https:\/\/staging.cdsboutique.com\/en\/product\/radio-hamilton-buhl-cd-cassette-tapes-mp3-usb-remote-controller\/#primaryimage"},"thumbnailUrl":"https:\/\/staging.cdsboutique.com\/wp-content\/uploads\/2024\/07\/25376_RADIO_HAMILTON.jpg","datePublished":"2024-09-25T15:57:44+00:00","description":"Brightening up your day by listening to music that soothes the soul is a pleasure like no other. Give your residents the chance to add beauty to their daily lives with the Hamilton radio CD player, which will let them play familiar, comforting tunes!","breadcrumb":{"@id":"https:\/\/staging.cdsboutique.com\/en\/product\/radio-hamilton-buhl-cd-cassette-tapes-mp3-usb-remote-controller\/#breadcrumb"},"inLanguage":"en-US","potentialAction":[{"@type":"ReadAction","target":["https:\/\/staging.cdsboutique.com\/en\/product\/radio-hamilton-buhl-cd-cassette-tapes-mp3-usb-remote-controller\/"]}]},{"@type":"ImageObject","inLanguage":"en-US","@id":"https:\/\/staging.cdsboutique.com\/en\/product\/radio-hamilton-buhl-cd-cassette-tapes-mp3-usb-remote-controller\/#primaryimage","url":"https:\/\/staging.cdsboutique.com\/wp-content\/uploads\/2024\/07\/25376_RADIO_HAMILTON.jpg","contentUrl":"https:\/\/staging.cdsboutique.com\/wp-content\/uploads\/2024\/07\/25376_RADIO_HAMILTON.jpg","width":1050,"height":1050,"caption":"Radio Hamilton and its remote controller"},{"@type":"BreadcrumbList","@id":"https:\/\/staging.cdsboutique.com\/en\/product\/radio-hamilton-buhl-cd-cassette-tapes-mp3-usb-remote-controller\/#breadcrumb","itemListElement":[{"@type":"ListItem","position":1,"name":"Home","item":"https:\/\/staging.cdsboutique.com\/en\/"},{"@type":"ListItem","position":2,"name":"Products","item":"https:\/\/staging.cdsboutique.com\/en\/products\/"},{"@type":"ListItem","position":3,"name":"Radio Hamilton Buhl CD\/ Cassette Tapes\/ Mp3\/ USB + Remote Controller"}]},{"@type":"WebSite","@id":"https:\/\/staging.cdsboutique.com\/#website","url":"https:\/\/staging.cdsboutique.com\/","name":"CDS boutique A\u00een\u00e9s","description":"Pour une meilleure qualit\u00e9 de vie","publisher":{"@id":"https:\/\/staging.cdsboutique.com\/#organization"},"potentialAction":[{"@type":"SearchAction","target":{"@type":"EntryPoint","urlTemplate":"https:\/\/staging.cdsboutique.com\/?s={search_term_string}"},"query-input":{"@type":"PropertyValueSpecification","valueRequired":true,"valueName":"search_term_string"}}],"inLanguage":"en-US"},{"@type":"Organization","@id":"https:\/\/staging.cdsboutique.com\/#organization","name":"CDS Boutique","url":"https:\/\/staging.cdsboutique.com\/","logo":{"@type":"ImageObject","inLanguage":"en-US","@id":"https:\/\/staging.cdsboutique.com\/#\/schema\/logo\/image\/","url":"https:\/\/staging.cdsboutique.com\/wp-content\/uploads\/2024\/09\/logoCDS-Boutique_final2024.jpg","contentUrl":"https:\/\/staging.cdsboutique.com\/wp-content\/uploads\/2024\/09\/logoCDS-Boutique_final2024.jpg","width":900,"height":600,"caption":"CDS Boutique"},"image":{"@id":"https:\/\/staging.cdsboutique.com\/#\/schema\/logo\/image\/"},"sameAs":["https:\/\/www.facebook.com\/CDSBoutique.Aines.Seniors","https:\/\/www.youtube.com\/@cdsboutique4046","https:\/\/www.linkedin.com\/company\/cds-boutique\/","https:\/\/www.instagram.com\/cdsboutique\/"]}]}},"_links":{"self":[{"href":"https:\/\/staging.cdsboutique.com\/en\/wp-json\/wp\/v2\/product\/65331","targetHints":{"allow":["GET"]}}],"collection":[{"href":"https:\/\/staging.cdsboutique.com\/en\/wp-json\/wp\/v2\/product"}],"about":[{"href":"https:\/\/staging.cdsboutique.com\/en\/wp-json\/wp\/v2\/types\/product"}],"replies":[{"embeddable":true,"href":"https:\/\/staging.cdsboutique.com\/en\/wp-json\/wp\/v2\/comments?post=65331"}],"wp:featuredmedia":[{"embeddable":true,"href":"https:\/\/staging.cdsboutique.com\/en\/wp-json\/wp\/v2\/media\/64290"}],"wp:attachment":[{"href":"https:\/\/staging.cdsboutique.com\/en\/wp-json\/wp\/v2\/media?parent=65331"}],"wp:term":[{"taxonomy":"product_brand","embeddable":true,"href":"https:\/\/staging.cdsboutique.com\/en\/wp-json\/wp\/v2\/product_brand?post=65331"},{"taxonomy":"product_cat","embeddable":true,"href":"https:\/\/staging.cdsboutique.com\/en\/wp-json\/wp\/v2\/product_cat?post=65331"},{"taxonomy":"product_tag","embeddable":true,"href":"https:\/\/staging.cdsboutique.com\/en\/wp-json\/wp\/v2\/product_tag?post=65331"}],"curies":[{"name":"wp","href":"https:\/\/api.w.org\/{rel}","templated":true}]}}