{"id":65334,"date":"2024-09-20T12:08:04","date_gmt":"2024-09-19T17:48:16","guid":{"rendered":"https:\/\/cdsboutique.com\/?post_type=product&#038;p=65334"},"modified":"2026-02-23T08:49:07","modified_gmt":"2026-02-23T13:49:07","slug":"the-sensory-tubes-sounds-of-rain","status":"publish","type":"product","link":"https:\/\/staging.cdsboutique.com\/en\/produit\/the-sensory-tubes-sounds-of-rain\/","title":{"rendered":"The Sensory Tubes Sounds of Rain"},"content":{"rendered":"<p><strong>Close your eyes and recall a grey day at home when, with the window slightly open, you snuggled up in your blankets to listen to the soft sound of rain falling on the ground. It&#8217;s this sense of calm and well-being that the gentle, familiar sound of this set of sensory tubes will bring to your residents.<\/strong><\/p>\n<p>Drizzle, downpour or storm: each of the sensory tubes represents a type of precipitation around which your residents can share memories or express the emotions evoked. Let the little balls fall gently for a more soothing experience, or shake the tubes to simulate sudden, torrential downpours.  What&#8217;s more, the colour of the clouds at the extremities of the tubes indicates the strength of the downpour: for your more independent elders, ask them about their guess before they listen to the sound of the chosen sensory tube! For your seniors suffering from Alzheimer&#8217;s disease or any other cognitive degeneration, hand them a tube, let them listen to it and then observe their reaction so you can adapt the activity! Ask them about their appreciation of the noise, or the memories associated with it: sounds are often known to bring out well-buried memories!\n<\/p>\n<p>The sensory rain tubes have been designed to be easy and pleasant to hold. Thanks to their plastic design, you can easily clean them with warm water and mild soap after each activity. Their sober, uncluttered style means they can easily be left on a small table in a communal room or in a sensory area so that everyone has easy access to them.<\/p>\n<p>Offer your residents this unique experience and enjoy the benefits of the gentle songs of the rain!<\/p>\n<p>Everything you need to know about Sensory Tubes Sounds of Rain:<br \/>\n\u2022 The Sensory Tubes Sounds of Rain set contains a white tube representing drizzle, a grey tube representing a downpour and a navy-blue tube representing a gentle storm.<br \/>\n\u2022 Tube size: 8 x 3 x 3in.<\/p>\n","protected":false},"excerpt":{"rendered":"<p>Close your eyes and recall a grey day at home when, with the window slightly open, you snuggled up in your blankets to listen to the soft sound of rain falling on the ground. It&#8217;s this sense of calm and well-being that the gentle, familiar sound of this set of sensory tubes will bring to [&hellip;]<\/p>\n","protected":false},"featured_media":64315,"comment_status":"closed","ping_status":"closed","template":"","meta":{"_acf_changed":false},"product_brand":[],"product_cat":[4401,2990,4091],"product_tag":[4680],"class_list":{"0":"post-65334","1":"product","2":"type-product","3":"status-publish","4":"has-post-thumbnail","6":"product_cat-all","7":"product_cat-lights-and-sounds","8":"product_cat-new-arrivals","9":"product_tag-news-en","10":"product_shipping_class-frais-de-livraison-en","12":"first","13":"instock","14":"taxable","15":"shipping-taxable","16":"purchasable","17":"product-type-simple"},"bundled_by":[],"bundle_stock_status":"instock","bundle_stock_quantity":null,"bundle_virtual":false,"bundle_layout":"","bundle_add_to_cart_form_location":"","bundle_editable_in_cart":false,"bundle_sold_individually_context":"","bundle_item_grouping":"","bundle_min_size":"","bundle_max_size":"","bundle_price":[],"bundled_items":[],"bundle_sell_ids":[],"acf":[],"featured_image_urls_v2":{"full":["https:\/\/staging.cdsboutique.com\/wp-content\/uploads\/2024\/07\/25379_batons_ensemble-WEB.jpg",1050,1050,false],"thumbnail":["https:\/\/staging.cdsboutique.com\/wp-content\/uploads\/2024\/07\/25379_batons_ensemble-WEB-150x150.jpg",150,150,true],"medium":["https:\/\/staging.cdsboutique.com\/wp-content\/uploads\/2024\/07\/25379_batons_ensemble-WEB-300x300.jpg",300,300,true],"medium_large":["https:\/\/staging.cdsboutique.com\/wp-content\/uploads\/2024\/07\/25379_batons_ensemble-WEB-768x768.jpg",768,768,true],"large":["https:\/\/staging.cdsboutique.com\/wp-content\/uploads\/2024\/07\/25379_batons_ensemble-WEB-1024x1024.jpg",980,980,true],"1536x1536":["https:\/\/staging.cdsboutique.com\/wp-content\/uploads\/2024\/07\/25379_batons_ensemble-WEB.jpg",1050,1050,false],"2048x2048":["https:\/\/staging.cdsboutique.com\/wp-content\/uploads\/2024\/07\/25379_batons_ensemble-WEB.jpg",1050,1050,false],"gform-image-choice-sm":["https:\/\/staging.cdsboutique.com\/wp-content\/uploads\/2024\/07\/25379_batons_ensemble-WEB.jpg",300,300,false],"gform-image-choice-md":["https:\/\/staging.cdsboutique.com\/wp-content\/uploads\/2024\/07\/25379_batons_ensemble-WEB.jpg",400,400,false],"gform-image-choice-lg":["https:\/\/staging.cdsboutique.com\/wp-content\/uploads\/2024\/07\/25379_batons_ensemble-WEB.jpg",600,600,false],"woocommerce_thumbnail":["https:\/\/staging.cdsboutique.com\/wp-content\/uploads\/2024\/07\/25379_batons_ensemble-WEB-300x300.jpg",300,300,true],"woocommerce_single":["https:\/\/staging.cdsboutique.com\/wp-content\/uploads\/2024\/07\/25379_batons_ensemble-WEB-600x600.jpg",600,600,true],"woocommerce_gallery_thumbnail":["https:\/\/staging.cdsboutique.com\/wp-content\/uploads\/2024\/07\/25379_batons_ensemble-WEB-100x100.jpg",100,100,true],"variation_swatches_image_size":["https:\/\/staging.cdsboutique.com\/wp-content\/uploads\/2024\/07\/25379_batons_ensemble-WEB-50x50.jpg",50,50,true],"variation_swatches_tooltip_size":["https:\/\/staging.cdsboutique.com\/wp-content\/uploads\/2024\/07\/25379_batons_ensemble-WEB-100x100.jpg",100,100,true],"logo-size":["https:\/\/staging.cdsboutique.com\/wp-content\/uploads\/2024\/07\/25379_batons_ensemble-WEB-84x84.jpg",84,84,true],"blog":["https:\/\/staging.cdsboutique.com\/wp-content\/uploads\/2024\/07\/25379_batons_ensemble-WEB-350x260.jpg",350,260,true]},"post_excerpt_stackable_v2":"<p>Close your eyes and recall a grey day at home when, with the window slightly open, you snuggled up in your blankets to listen to the soft sound of rain falling on the ground. It&#8217;s this sense of calm and well-being that the gentle, familiar sound of this set of sensory tubes will bring to your residents. Drizzle, downpour or storm: each of the sensory tubes represents a type of precipitation around which your residents can share memories or express the emotions evoked. Let the little balls fall gently for a more soothing experience, or shake the tubes to simulate&hellip;<\/p>\n","category_list_v2":"","author_info_v2":{"name":"","url":""},"comments_num_v2":"1 comment","yoast_head":"<!-- This site is optimized with the Yoast SEO plugin v27.4 - https:\/\/yoast.com\/product\/yoast-seo-wordpress\/ -->\n<title>The Sensory Tubes Sounds of Rain - CDS boutique A\u00een\u00e9s<\/title>\n<meta name=\"description\" content=\"Close your eyes and recall a grey day at home when, with the window slightly open, you snuggled up in your blankets to listen to the soft sound of rain falling on the ground. It&#039;s this sense of calm and well-being that the gentle, familiar sound of this set of sensory tubes will bring to your residents.\" \/>\n<meta name=\"robots\" content=\"noindex, follow, max-snippet:-1, max-image-preview:large, max-video-preview:-1\" \/>\n<meta property=\"og:locale\" content=\"en_US\" \/>\n<meta property=\"og:type\" content=\"article\" \/>\n<meta property=\"og:title\" content=\"The Sensory Tubes Sounds of Rain - CDS boutique A\u00een\u00e9s\" \/>\n<meta property=\"og:description\" content=\"Close your eyes and recall a grey day at home when, with the window slightly open, you snuggled up in your blankets to listen to the soft sound of rain falling on the ground. It&#039;s this sense of calm and well-being that the gentle, familiar sound of this set of sensory tubes will bring to your residents.\" \/>\n<meta property=\"og:url\" content=\"https:\/\/staging.cdsboutique.com\/en\/product\/the-sensory-tubes-sounds-of-rain\/\" \/>\n<meta property=\"og:site_name\" content=\"CDS boutique A\u00een\u00e9s\" \/>\n<meta property=\"article:publisher\" content=\"https:\/\/www.facebook.com\/CDSBoutique.Aines.Seniors\" \/>\n<meta property=\"article:modified_time\" content=\"2026-02-23T13:49:07+00:00\" \/>\n<meta property=\"og:image\" content=\"https:\/\/staging.cdsboutique.com\/wp-content\/uploads\/2024\/07\/25379_batons_ensemble-WEB.jpg?_t=1726848509\" \/>\n\t<meta property=\"og:image:width\" content=\"1050\" \/>\n\t<meta property=\"og:image:height\" content=\"1050\" \/>\n\t<meta property=\"og:image:type\" content=\"image\/jpeg\" \/>\n<meta name=\"twitter:card\" content=\"summary_large_image\" \/>\n<meta name=\"twitter:label1\" content=\"Est. reading time\" \/>\n\t<meta name=\"twitter:data1\" content=\"2 minutes\" \/>\n<script type=\"application\/ld+json\" class=\"yoast-schema-graph\">{\"@context\":\"https:\\\/\\\/schema.org\",\"@graph\":[{\"@type\":\"WebPage\",\"@id\":\"https:\\\/\\\/staging.cdsboutique.com\\\/en\\\/product\\\/the-sensory-tubes-sounds-of-rain\\\/\",\"url\":\"https:\\\/\\\/staging.cdsboutique.com\\\/en\\\/product\\\/the-sensory-tubes-sounds-of-rain\\\/\",\"name\":\"The Sensory Tubes Sounds of Rain - CDS boutique A\u00een\u00e9s\",\"isPartOf\":{\"@id\":\"https:\\\/\\\/staging.cdsboutique.com\\\/#website\"},\"primaryImageOfPage\":{\"@id\":\"https:\\\/\\\/staging.cdsboutique.com\\\/en\\\/product\\\/the-sensory-tubes-sounds-of-rain\\\/#primaryimage\"},\"image\":{\"@id\":\"https:\\\/\\\/staging.cdsboutique.com\\\/en\\\/product\\\/the-sensory-tubes-sounds-of-rain\\\/#primaryimage\"},\"thumbnailUrl\":\"https:\\\/\\\/staging.cdsboutique.com\\\/wp-content\\\/uploads\\\/2024\\\/07\\\/25379_batons_ensemble-WEB.jpg\",\"datePublished\":\"2024-09-19T17:48:16+00:00\",\"dateModified\":\"2026-02-23T13:49:07+00:00\",\"description\":\"Close your eyes and recall a grey day at home when, with the window slightly open, you snuggled up in your blankets to listen to the soft sound of rain falling on the ground. It's this sense of calm and well-being that the gentle, familiar sound of this set of sensory tubes will bring to your residents.\",\"breadcrumb\":{\"@id\":\"https:\\\/\\\/staging.cdsboutique.com\\\/en\\\/product\\\/the-sensory-tubes-sounds-of-rain\\\/#breadcrumb\"},\"inLanguage\":\"en-US\",\"potentialAction\":[{\"@type\":\"ReadAction\",\"target\":[\"https:\\\/\\\/staging.cdsboutique.com\\\/en\\\/product\\\/the-sensory-tubes-sounds-of-rain\\\/\"]}]},{\"@type\":\"ImageObject\",\"inLanguage\":\"en-US\",\"@id\":\"https:\\\/\\\/staging.cdsboutique.com\\\/en\\\/product\\\/the-sensory-tubes-sounds-of-rain\\\/#primaryimage\",\"url\":\"https:\\\/\\\/staging.cdsboutique.com\\\/wp-content\\\/uploads\\\/2024\\\/07\\\/25379_batons_ensemble-WEB.jpg\",\"contentUrl\":\"https:\\\/\\\/staging.cdsboutique.com\\\/wp-content\\\/uploads\\\/2024\\\/07\\\/25379_batons_ensemble-WEB.jpg\",\"width\":1050,\"height\":1050},{\"@type\":\"BreadcrumbList\",\"@id\":\"https:\\\/\\\/staging.cdsboutique.com\\\/en\\\/product\\\/the-sensory-tubes-sounds-of-rain\\\/#breadcrumb\",\"itemListElement\":[{\"@type\":\"ListItem\",\"position\":1,\"name\":\"Home\",\"item\":\"https:\\\/\\\/staging.cdsboutique.com\\\/en\\\/\"},{\"@type\":\"ListItem\",\"position\":2,\"name\":\"Products\",\"item\":\"https:\\\/\\\/staging.cdsboutique.com\\\/en\\\/products\\\/\"},{\"@type\":\"ListItem\",\"position\":3,\"name\":\"The Sensory Tubes Sounds of Rain\"}]},{\"@type\":\"WebSite\",\"@id\":\"https:\\\/\\\/staging.cdsboutique.com\\\/#website\",\"url\":\"https:\\\/\\\/staging.cdsboutique.com\\\/\",\"name\":\"CDS boutique A\u00een\u00e9s\",\"description\":\"Pour une meilleure qualit\u00e9 de vie\",\"publisher\":{\"@id\":\"https:\\\/\\\/staging.cdsboutique.com\\\/#organization\"},\"potentialAction\":[{\"@type\":\"SearchAction\",\"target\":{\"@type\":\"EntryPoint\",\"urlTemplate\":\"https:\\\/\\\/staging.cdsboutique.com\\\/?s={search_term_string}\"},\"query-input\":{\"@type\":\"PropertyValueSpecification\",\"valueRequired\":true,\"valueName\":\"search_term_string\"}}],\"inLanguage\":\"en-US\"},{\"@type\":\"Organization\",\"@id\":\"https:\\\/\\\/staging.cdsboutique.com\\\/#organization\",\"name\":\"CDS Boutique\",\"url\":\"https:\\\/\\\/staging.cdsboutique.com\\\/\",\"logo\":{\"@type\":\"ImageObject\",\"inLanguage\":\"en-US\",\"@id\":\"https:\\\/\\\/staging.cdsboutique.com\\\/#\\\/schema\\\/logo\\\/image\\\/\",\"url\":\"https:\\\/\\\/staging.cdsboutique.com\\\/wp-content\\\/uploads\\\/2024\\\/09\\\/logoCDS-Boutique_final2024.jpg\",\"contentUrl\":\"https:\\\/\\\/staging.cdsboutique.com\\\/wp-content\\\/uploads\\\/2024\\\/09\\\/logoCDS-Boutique_final2024.jpg\",\"width\":900,\"height\":600,\"caption\":\"CDS Boutique\"},\"image\":{\"@id\":\"https:\\\/\\\/staging.cdsboutique.com\\\/#\\\/schema\\\/logo\\\/image\\\/\"},\"sameAs\":[\"https:\\\/\\\/www.facebook.com\\\/CDSBoutique.Aines.Seniors\",\"https:\\\/\\\/www.youtube.com\\\/@cdsboutique4046\",\"https:\\\/\\\/www.linkedin.com\\\/company\\\/cds-boutique\\\/\",\"https:\\\/\\\/www.instagram.com\\\/cdsboutique\\\/\"]}]}<\/script>\n<!-- \/ Yoast SEO plugin. -->","yoast_head_json":{"title":"The Sensory Tubes Sounds of Rain - CDS boutique A\u00een\u00e9s","description":"Close your eyes and recall a grey day at home when, with the window slightly open, you snuggled up in your blankets to listen to the soft sound of rain falling on the ground. It's this sense of calm and well-being that the gentle, familiar sound of this set of sensory tubes will bring to your residents.","robots":{"index":"noindex","follow":"follow","max-snippet":"max-snippet:-1","max-image-preview":"max-image-preview:large","max-video-preview":"max-video-preview:-1"},"og_locale":"en_US","og_type":"article","og_title":"The Sensory Tubes Sounds of Rain - CDS boutique A\u00een\u00e9s","og_description":"Close your eyes and recall a grey day at home when, with the window slightly open, you snuggled up in your blankets to listen to the soft sound of rain falling on the ground. It's this sense of calm and well-being that the gentle, familiar sound of this set of sensory tubes will bring to your residents.","og_url":"https:\/\/staging.cdsboutique.com\/en\/product\/the-sensory-tubes-sounds-of-rain\/","og_site_name":"CDS boutique A\u00een\u00e9s","article_publisher":"https:\/\/www.facebook.com\/CDSBoutique.Aines.Seniors","article_modified_time":"2026-02-23T13:49:07+00:00","og_image":[{"width":1050,"height":1050,"url":"https:\/\/staging.cdsboutique.com\/wp-content\/uploads\/2024\/07\/25379_batons_ensemble-WEB.jpg?_t=1726848509","type":"image\/jpeg"}],"twitter_card":"summary_large_image","twitter_misc":{"Est. reading time":"2 minutes"},"schema":{"@context":"https:\/\/schema.org","@graph":[{"@type":"WebPage","@id":"https:\/\/staging.cdsboutique.com\/en\/product\/the-sensory-tubes-sounds-of-rain\/","url":"https:\/\/staging.cdsboutique.com\/en\/product\/the-sensory-tubes-sounds-of-rain\/","name":"The Sensory Tubes Sounds of Rain - CDS boutique A\u00een\u00e9s","isPartOf":{"@id":"https:\/\/staging.cdsboutique.com\/#website"},"primaryImageOfPage":{"@id":"https:\/\/staging.cdsboutique.com\/en\/product\/the-sensory-tubes-sounds-of-rain\/#primaryimage"},"image":{"@id":"https:\/\/staging.cdsboutique.com\/en\/product\/the-sensory-tubes-sounds-of-rain\/#primaryimage"},"thumbnailUrl":"https:\/\/staging.cdsboutique.com\/wp-content\/uploads\/2024\/07\/25379_batons_ensemble-WEB.jpg","datePublished":"2024-09-19T17:48:16+00:00","dateModified":"2026-02-23T13:49:07+00:00","description":"Close your eyes and recall a grey day at home when, with the window slightly open, you snuggled up in your blankets to listen to the soft sound of rain falling on the ground. It's this sense of calm and well-being that the gentle, familiar sound of this set of sensory tubes will bring to your residents.","breadcrumb":{"@id":"https:\/\/staging.cdsboutique.com\/en\/product\/the-sensory-tubes-sounds-of-rain\/#breadcrumb"},"inLanguage":"en-US","potentialAction":[{"@type":"ReadAction","target":["https:\/\/staging.cdsboutique.com\/en\/product\/the-sensory-tubes-sounds-of-rain\/"]}]},{"@type":"ImageObject","inLanguage":"en-US","@id":"https:\/\/staging.cdsboutique.com\/en\/product\/the-sensory-tubes-sounds-of-rain\/#primaryimage","url":"https:\/\/staging.cdsboutique.com\/wp-content\/uploads\/2024\/07\/25379_batons_ensemble-WEB.jpg","contentUrl":"https:\/\/staging.cdsboutique.com\/wp-content\/uploads\/2024\/07\/25379_batons_ensemble-WEB.jpg","width":1050,"height":1050},{"@type":"BreadcrumbList","@id":"https:\/\/staging.cdsboutique.com\/en\/product\/the-sensory-tubes-sounds-of-rain\/#breadcrumb","itemListElement":[{"@type":"ListItem","position":1,"name":"Home","item":"https:\/\/staging.cdsboutique.com\/en\/"},{"@type":"ListItem","position":2,"name":"Products","item":"https:\/\/staging.cdsboutique.com\/en\/products\/"},{"@type":"ListItem","position":3,"name":"The Sensory Tubes Sounds of Rain"}]},{"@type":"WebSite","@id":"https:\/\/staging.cdsboutique.com\/#website","url":"https:\/\/staging.cdsboutique.com\/","name":"CDS boutique A\u00een\u00e9s","description":"Pour une meilleure qualit\u00e9 de vie","publisher":{"@id":"https:\/\/staging.cdsboutique.com\/#organization"},"potentialAction":[{"@type":"SearchAction","target":{"@type":"EntryPoint","urlTemplate":"https:\/\/staging.cdsboutique.com\/?s={search_term_string}"},"query-input":{"@type":"PropertyValueSpecification","valueRequired":true,"valueName":"search_term_string"}}],"inLanguage":"en-US"},{"@type":"Organization","@id":"https:\/\/staging.cdsboutique.com\/#organization","name":"CDS Boutique","url":"https:\/\/staging.cdsboutique.com\/","logo":{"@type":"ImageObject","inLanguage":"en-US","@id":"https:\/\/staging.cdsboutique.com\/#\/schema\/logo\/image\/","url":"https:\/\/staging.cdsboutique.com\/wp-content\/uploads\/2024\/09\/logoCDS-Boutique_final2024.jpg","contentUrl":"https:\/\/staging.cdsboutique.com\/wp-content\/uploads\/2024\/09\/logoCDS-Boutique_final2024.jpg","width":900,"height":600,"caption":"CDS Boutique"},"image":{"@id":"https:\/\/staging.cdsboutique.com\/#\/schema\/logo\/image\/"},"sameAs":["https:\/\/www.facebook.com\/CDSBoutique.Aines.Seniors","https:\/\/www.youtube.com\/@cdsboutique4046","https:\/\/www.linkedin.com\/company\/cds-boutique\/","https:\/\/www.instagram.com\/cdsboutique\/"]}]}},"_links":{"self":[{"href":"https:\/\/staging.cdsboutique.com\/en\/wp-json\/wp\/v2\/product\/65334","targetHints":{"allow":["GET"]}}],"collection":[{"href":"https:\/\/staging.cdsboutique.com\/en\/wp-json\/wp\/v2\/product"}],"about":[{"href":"https:\/\/staging.cdsboutique.com\/en\/wp-json\/wp\/v2\/types\/product"}],"replies":[{"embeddable":true,"href":"https:\/\/staging.cdsboutique.com\/en\/wp-json\/wp\/v2\/comments?post=65334"}],"wp:featuredmedia":[{"embeddable":true,"href":"https:\/\/staging.cdsboutique.com\/en\/wp-json\/wp\/v2\/media\/64315"}],"wp:attachment":[{"href":"https:\/\/staging.cdsboutique.com\/en\/wp-json\/wp\/v2\/media?parent=65334"}],"wp:term":[{"taxonomy":"product_brand","embeddable":true,"href":"https:\/\/staging.cdsboutique.com\/en\/wp-json\/wp\/v2\/product_brand?post=65334"},{"taxonomy":"product_cat","embeddable":true,"href":"https:\/\/staging.cdsboutique.com\/en\/wp-json\/wp\/v2\/product_cat?post=65334"},{"taxonomy":"product_tag","embeddable":true,"href":"https:\/\/staging.cdsboutique.com\/en\/wp-json\/wp\/v2\/product_tag?post=65334"}],"curies":[{"name":"wp","href":"https:\/\/api.w.org\/{rel}","templated":true}]}}