{"id":65645,"date":"2024-10-01T15:23:41","date_gmt":"2024-10-10T19:15:24","guid":{"rendered":"https:\/\/cdsboutique.com\/?post_type=product&#038;p=65645"},"modified":"2025-05-05T15:50:37","modified_gmt":"2025-05-05T19:50:37","slug":"reborn-doll-mila","status":"publish","type":"product","link":"https:\/\/staging.cdsboutique.com\/en\/produit\/reborn-doll-mila\/","title":{"rendered":"Reborn Doll &#8211; Mila"},"content":{"rendered":"<p><strong>Immerse your seniors in a soothing sensory experience with the therapeutic Reborn doll Mila. <\/strong><strong>Offering a resident the opportunity to cuddle a realistic baby doll helps rekindle an emotional bond deeply rooted in affective memory and daily routine. The Mila doll is designed to evoke tenderness, a sense of responsibility, and calmness in older adults, especially those living with cognitive disorders.<\/strong><\/p>\n<p><strong>Features of the Reborn Mila doll<\/strong><\/p>\n<ul>\n<li>Realistic, expressive brown open eyes<\/li>\n<li>Hand-painted blonde hair<\/li>\n<li>Measures 19 inches and weighs 2.5 pounds<\/li>\n<li>Head made of vinyl and body made of fabric<\/li>\n<li>Dresses in 0-3 month clothing (can be adapted to boy or girl)<\/li>\n<li>Perfect therapeutic doll for the<span style=\"color: #993366;\"> <a style=\"color: #993366;\" href=\"https:\/\/staging.cdsboutique.com\/en\/product\/doll-therapy\/\" title=\"doll approach (book available here)\">doll approach (book available here)<\/a><\/span><\/li>\n<\/ul>\n<p class=\"\" data-start=\"794\" data-end=\"1107\">Mila\u2019s open eyes invite ongoing interaction and foster a sense of presence. For a senior, the feeling of being seen and acknowledged by this doll can help ground them in the present moment and reinforce a sense of purpose. It helps reduce agitation, encourages communication, and even supports certain care tasks.<\/p>\n<p class=\"\" data-start=\"1109\" data-end=\"1460\">A therapeutic Reborn doll like Mila awakens deep caregiving instincts rooted in procedural memory. Rocking, dressing, or sharing a tender look, these simple gestures stimulate cognitive and motor functions while offering real emotional comfort. Reborn dolls become invaluable companions for daily life, both for healthcare professionals and caregivers.<\/p>\n<p class=\"\" data-start=\"1462\" data-end=\"1718\">Carefully designed by <strong data-start=\"1484\" data-end=\"1503\">Louise Vendette<\/strong>, a nurse specialized in geriatric care, Mila was created to meet the specific needs of senior living environments. Every detail, from her weight to her facial expression, was chosen to promote attachment and comfort.<\/p>\n<p class=\"\" data-start=\"1720\" data-end=\"1870\"><strong data-start=\"1720\" data-end=\"1870\">Incorporating Mila into your seniors\u2019 daily lives means offering them a moment of tenderness and a calming presence that truly makes a difference.<\/strong><\/p>\n","protected":false},"excerpt":{"rendered":"<p>Immerse your seniors in a soothing sensory experience with the therapeutic Reborn doll Mila. Offering a resident the opportunity to cuddle a realistic baby doll helps rekindle an emotional bond deeply rooted in affective memory and daily routine. The Mila doll is designed to evoke tenderness, a sense of responsibility, and calmness in older adults, [&hellip;]<\/p>\n","protected":false},"featured_media":65818,"comment_status":"closed","ping_status":"closed","template":"","meta":{"_acf_changed":false},"product_brand":[],"product_cat":[4401,4091,4727],"product_tag":[4680],"class_list":{"0":"post-65645","1":"product","2":"type-product","3":"status-publish","4":"has-post-thumbnail","6":"product_cat-all","7":"product_cat-new-arrivals","8":"product_cat-reborn-dolls","9":"product_tag-news-en","10":"product_shipping_class-additional-shipping-costs","12":"first","13":"instock","14":"taxable","15":"shipping-taxable","16":"purchasable","17":"product-type-simple"},"bundled_by":[],"bundle_stock_status":"instock","bundle_stock_quantity":null,"bundle_virtual":false,"bundle_layout":"","bundle_add_to_cart_form_location":"","bundle_editable_in_cart":false,"bundle_sold_individually_context":"","bundle_item_grouping":"","bundle_min_size":"","bundle_max_size":"","bundle_price":[],"bundled_items":[],"bundle_sell_ids":[],"acf":[],"featured_image_urls_v2":{"full":["https:\/\/staging.cdsboutique.com\/wp-content\/uploads\/2024\/10\/25383-Mila.png",3840,4865,false],"thumbnail":["https:\/\/staging.cdsboutique.com\/wp-content\/uploads\/2024\/10\/25383-Mila-150x150.png",150,150,true],"medium":["https:\/\/staging.cdsboutique.com\/wp-content\/uploads\/2024\/10\/25383-Mila-237x300.png",237,300,true],"medium_large":["https:\/\/staging.cdsboutique.com\/wp-content\/uploads\/2024\/10\/25383-Mila-768x973.png",768,973,true],"large":["https:\/\/staging.cdsboutique.com\/wp-content\/uploads\/2024\/10\/25383-Mila-808x1024.png",808,1024,true],"1536x1536":["https:\/\/staging.cdsboutique.com\/wp-content\/uploads\/2024\/10\/25383-Mila-1212x1536.png",1212,1536,true],"2048x2048":["https:\/\/staging.cdsboutique.com\/wp-content\/uploads\/2024\/10\/25383-Mila-1617x2048.png",1617,2048,true],"gform-image-choice-sm":["https:\/\/staging.cdsboutique.com\/wp-content\/uploads\/2024\/10\/25383-Mila.png",237,300,false],"gform-image-choice-md":["https:\/\/staging.cdsboutique.com\/wp-content\/uploads\/2024\/10\/25383-Mila.png",316,400,false],"gform-image-choice-lg":["https:\/\/staging.cdsboutique.com\/wp-content\/uploads\/2024\/10\/25383-Mila.png",474,600,false],"woocommerce_thumbnail":["https:\/\/staging.cdsboutique.com\/wp-content\/uploads\/2024\/10\/25383-Mila-300x380.png",300,380,true],"woocommerce_single":["https:\/\/staging.cdsboutique.com\/wp-content\/uploads\/2024\/10\/25383-Mila-600x760.png",600,760,true],"woocommerce_gallery_thumbnail":["https:\/\/staging.cdsboutique.com\/wp-content\/uploads\/2024\/10\/25383-Mila-100x100.png",100,100,true],"variation_swatches_image_size":["https:\/\/staging.cdsboutique.com\/wp-content\/uploads\/2024\/10\/25383-Mila-50x50.png",50,50,true],"variation_swatches_tooltip_size":["https:\/\/staging.cdsboutique.com\/wp-content\/uploads\/2024\/10\/25383-Mila-100x100.png",100,100,true],"logo-size":["https:\/\/staging.cdsboutique.com\/wp-content\/uploads\/2024\/10\/25383-Mila-66x84.png",66,84,true],"blog":["https:\/\/staging.cdsboutique.com\/wp-content\/uploads\/2024\/10\/25383-Mila-350x260.png",350,260,true]},"post_excerpt_stackable_v2":"<p>Immerse your seniors in a soothing sensory experience with the therapeutic Reborn doll Mila. Offering a resident the opportunity to cuddle a realistic baby doll helps rekindle an emotional bond deeply rooted in affective memory and daily routine. The Mila doll is designed to evoke tenderness, a sense of responsibility, and calmness in older adults, especially those living with cognitive disorders. Features of the Reborn Mila doll Realistic, expressive brown open eyes Hand-painted blonde hair Measures 19 inches and weighs 2.5 pounds Head made of vinyl and body made of fabric Dresses in 0-3 month clothing (can be adapted to&hellip;<\/p>\n","category_list_v2":"","author_info_v2":{"name":"","url":""},"comments_num_v2":"0 comments","yoast_head":"<!-- This site is optimized with the Yoast SEO plugin v27.4 - https:\/\/yoast.com\/product\/yoast-seo-wordpress\/ -->\n<title>Reborn Doll - Mila - CDS boutique A\u00een\u00e9s<\/title>\n<meta name=\"description\" content=\"Offer seniors a comforting presence with the therapeutic Reborn doll Mila. Ideal for stimulating empathy, memory, and overall well-being.\" \/>\n<meta name=\"robots\" content=\"noindex, follow, max-snippet:-1, max-image-preview:large, max-video-preview:-1\" \/>\n<meta property=\"og:locale\" content=\"en_US\" \/>\n<meta property=\"og:type\" content=\"article\" \/>\n<meta property=\"og:title\" content=\"Reborn Doll - Mila - CDS boutique A\u00een\u00e9s\" \/>\n<meta property=\"og:description\" content=\"Offer seniors a comforting presence with the therapeutic Reborn doll Mila. Ideal for stimulating empathy, memory, and overall well-being.\" \/>\n<meta property=\"og:url\" content=\"https:\/\/staging.cdsboutique.com\/en\/product\/reborn-doll-mila\/\" \/>\n<meta property=\"og:site_name\" content=\"CDS boutique A\u00een\u00e9s\" \/>\n<meta property=\"article:publisher\" content=\"https:\/\/www.facebook.com\/CDSBoutique.Aines.Seniors\" \/>\n<meta property=\"article:modified_time\" content=\"2025-05-05T19:50:37+00:00\" \/>\n<meta property=\"og:image\" content=\"https:\/\/staging.cdsboutique.com\/wp-content\/uploads\/2024\/10\/25383-Mila-808x1024.png\" \/>\n\t<meta property=\"og:image:width\" content=\"808\" \/>\n\t<meta property=\"og:image:height\" content=\"1024\" \/>\n\t<meta property=\"og:image:type\" content=\"image\/png\" \/>\n<meta name=\"twitter:card\" content=\"summary_large_image\" \/>\n<meta name=\"twitter:label1\" content=\"Est. reading time\" \/>\n\t<meta name=\"twitter:data1\" content=\"2 minutes\" \/>\n<script type=\"application\/ld+json\" class=\"yoast-schema-graph\">{\"@context\":\"https:\\\/\\\/schema.org\",\"@graph\":[{\"@type\":\"WebPage\",\"@id\":\"https:\\\/\\\/staging.cdsboutique.com\\\/en\\\/product\\\/reborn-doll-mila\\\/\",\"url\":\"https:\\\/\\\/staging.cdsboutique.com\\\/en\\\/product\\\/reborn-doll-mila\\\/\",\"name\":\"Reborn Doll - Mila - CDS boutique A\u00een\u00e9s\",\"isPartOf\":{\"@id\":\"https:\\\/\\\/staging.cdsboutique.com\\\/#website\"},\"primaryImageOfPage\":{\"@id\":\"https:\\\/\\\/staging.cdsboutique.com\\\/en\\\/product\\\/reborn-doll-mila\\\/#primaryimage\"},\"image\":{\"@id\":\"https:\\\/\\\/staging.cdsboutique.com\\\/en\\\/product\\\/reborn-doll-mila\\\/#primaryimage\"},\"thumbnailUrl\":\"https:\\\/\\\/staging.cdsboutique.com\\\/wp-content\\\/uploads\\\/2024\\\/10\\\/25383-Mila.png\",\"datePublished\":\"2024-10-10T19:15:24+00:00\",\"dateModified\":\"2025-05-05T19:50:37+00:00\",\"description\":\"Offer seniors a comforting presence with the therapeutic Reborn doll Mila. Ideal for stimulating empathy, memory, and overall well-being.\",\"breadcrumb\":{\"@id\":\"https:\\\/\\\/staging.cdsboutique.com\\\/en\\\/product\\\/reborn-doll-mila\\\/#breadcrumb\"},\"inLanguage\":\"en-US\",\"potentialAction\":[{\"@type\":\"ReadAction\",\"target\":[\"https:\\\/\\\/staging.cdsboutique.com\\\/en\\\/product\\\/reborn-doll-mila\\\/\"]}]},{\"@type\":\"ImageObject\",\"inLanguage\":\"en-US\",\"@id\":\"https:\\\/\\\/staging.cdsboutique.com\\\/en\\\/product\\\/reborn-doll-mila\\\/#primaryimage\",\"url\":\"https:\\\/\\\/staging.cdsboutique.com\\\/wp-content\\\/uploads\\\/2024\\\/10\\\/25383-Mila.png\",\"contentUrl\":\"https:\\\/\\\/staging.cdsboutique.com\\\/wp-content\\\/uploads\\\/2024\\\/10\\\/25383-Mila.png\",\"width\":3840,\"height\":4865,\"caption\":\"Poup\u00e9e Reborn th\u00e9rapeutique Mila therapeutic Reborn doll Mila\"},{\"@type\":\"BreadcrumbList\",\"@id\":\"https:\\\/\\\/staging.cdsboutique.com\\\/en\\\/product\\\/reborn-doll-mila\\\/#breadcrumb\",\"itemListElement\":[{\"@type\":\"ListItem\",\"position\":1,\"name\":\"Home\",\"item\":\"https:\\\/\\\/staging.cdsboutique.com\\\/en\\\/\"},{\"@type\":\"ListItem\",\"position\":2,\"name\":\"Products\",\"item\":\"https:\\\/\\\/staging.cdsboutique.com\\\/en\\\/products\\\/\"},{\"@type\":\"ListItem\",\"position\":3,\"name\":\"Reborn Doll &#8211; Mila\"}]},{\"@type\":\"WebSite\",\"@id\":\"https:\\\/\\\/staging.cdsboutique.com\\\/#website\",\"url\":\"https:\\\/\\\/staging.cdsboutique.com\\\/\",\"name\":\"CDS boutique A\u00een\u00e9s\",\"description\":\"Pour une meilleure qualit\u00e9 de vie\",\"publisher\":{\"@id\":\"https:\\\/\\\/staging.cdsboutique.com\\\/#organization\"},\"potentialAction\":[{\"@type\":\"SearchAction\",\"target\":{\"@type\":\"EntryPoint\",\"urlTemplate\":\"https:\\\/\\\/staging.cdsboutique.com\\\/?s={search_term_string}\"},\"query-input\":{\"@type\":\"PropertyValueSpecification\",\"valueRequired\":true,\"valueName\":\"search_term_string\"}}],\"inLanguage\":\"en-US\"},{\"@type\":\"Organization\",\"@id\":\"https:\\\/\\\/staging.cdsboutique.com\\\/#organization\",\"name\":\"CDS Boutique\",\"url\":\"https:\\\/\\\/staging.cdsboutique.com\\\/\",\"logo\":{\"@type\":\"ImageObject\",\"inLanguage\":\"en-US\",\"@id\":\"https:\\\/\\\/staging.cdsboutique.com\\\/#\\\/schema\\\/logo\\\/image\\\/\",\"url\":\"https:\\\/\\\/staging.cdsboutique.com\\\/wp-content\\\/uploads\\\/2024\\\/09\\\/logoCDS-Boutique_final2024.jpg\",\"contentUrl\":\"https:\\\/\\\/staging.cdsboutique.com\\\/wp-content\\\/uploads\\\/2024\\\/09\\\/logoCDS-Boutique_final2024.jpg\",\"width\":900,\"height\":600,\"caption\":\"CDS Boutique\"},\"image\":{\"@id\":\"https:\\\/\\\/staging.cdsboutique.com\\\/#\\\/schema\\\/logo\\\/image\\\/\"},\"sameAs\":[\"https:\\\/\\\/www.facebook.com\\\/CDSBoutique.Aines.Seniors\",\"https:\\\/\\\/www.youtube.com\\\/@cdsboutique4046\",\"https:\\\/\\\/www.linkedin.com\\\/company\\\/cds-boutique\\\/\",\"https:\\\/\\\/www.instagram.com\\\/cdsboutique\\\/\"]}]}<\/script>\n<!-- \/ Yoast SEO plugin. -->","yoast_head_json":{"title":"Reborn Doll - Mila - CDS boutique A\u00een\u00e9s","description":"Offer seniors a comforting presence with the therapeutic Reborn doll Mila. Ideal for stimulating empathy, memory, and overall well-being.","robots":{"index":"noindex","follow":"follow","max-snippet":"max-snippet:-1","max-image-preview":"max-image-preview:large","max-video-preview":"max-video-preview:-1"},"og_locale":"en_US","og_type":"article","og_title":"Reborn Doll - Mila - CDS boutique A\u00een\u00e9s","og_description":"Offer seniors a comforting presence with the therapeutic Reborn doll Mila. Ideal for stimulating empathy, memory, and overall well-being.","og_url":"https:\/\/staging.cdsboutique.com\/en\/product\/reborn-doll-mila\/","og_site_name":"CDS boutique A\u00een\u00e9s","article_publisher":"https:\/\/www.facebook.com\/CDSBoutique.Aines.Seniors","article_modified_time":"2025-05-05T19:50:37+00:00","og_image":[{"width":808,"height":1024,"url":"https:\/\/staging.cdsboutique.com\/wp-content\/uploads\/2024\/10\/25383-Mila-808x1024.png","type":"image\/png"}],"twitter_card":"summary_large_image","twitter_misc":{"Est. reading time":"2 minutes"},"schema":{"@context":"https:\/\/schema.org","@graph":[{"@type":"WebPage","@id":"https:\/\/staging.cdsboutique.com\/en\/product\/reborn-doll-mila\/","url":"https:\/\/staging.cdsboutique.com\/en\/product\/reborn-doll-mila\/","name":"Reborn Doll - Mila - CDS boutique A\u00een\u00e9s","isPartOf":{"@id":"https:\/\/staging.cdsboutique.com\/#website"},"primaryImageOfPage":{"@id":"https:\/\/staging.cdsboutique.com\/en\/product\/reborn-doll-mila\/#primaryimage"},"image":{"@id":"https:\/\/staging.cdsboutique.com\/en\/product\/reborn-doll-mila\/#primaryimage"},"thumbnailUrl":"https:\/\/staging.cdsboutique.com\/wp-content\/uploads\/2024\/10\/25383-Mila.png","datePublished":"2024-10-10T19:15:24+00:00","dateModified":"2025-05-05T19:50:37+00:00","description":"Offer seniors a comforting presence with the therapeutic Reborn doll Mila. Ideal for stimulating empathy, memory, and overall well-being.","breadcrumb":{"@id":"https:\/\/staging.cdsboutique.com\/en\/product\/reborn-doll-mila\/#breadcrumb"},"inLanguage":"en-US","potentialAction":[{"@type":"ReadAction","target":["https:\/\/staging.cdsboutique.com\/en\/product\/reborn-doll-mila\/"]}]},{"@type":"ImageObject","inLanguage":"en-US","@id":"https:\/\/staging.cdsboutique.com\/en\/product\/reborn-doll-mila\/#primaryimage","url":"https:\/\/staging.cdsboutique.com\/wp-content\/uploads\/2024\/10\/25383-Mila.png","contentUrl":"https:\/\/staging.cdsboutique.com\/wp-content\/uploads\/2024\/10\/25383-Mila.png","width":3840,"height":4865,"caption":"Poup\u00e9e Reborn th\u00e9rapeutique Mila therapeutic Reborn doll Mila"},{"@type":"BreadcrumbList","@id":"https:\/\/staging.cdsboutique.com\/en\/product\/reborn-doll-mila\/#breadcrumb","itemListElement":[{"@type":"ListItem","position":1,"name":"Home","item":"https:\/\/staging.cdsboutique.com\/en\/"},{"@type":"ListItem","position":2,"name":"Products","item":"https:\/\/staging.cdsboutique.com\/en\/products\/"},{"@type":"ListItem","position":3,"name":"Reborn Doll &#8211; Mila"}]},{"@type":"WebSite","@id":"https:\/\/staging.cdsboutique.com\/#website","url":"https:\/\/staging.cdsboutique.com\/","name":"CDS boutique A\u00een\u00e9s","description":"Pour une meilleure qualit\u00e9 de vie","publisher":{"@id":"https:\/\/staging.cdsboutique.com\/#organization"},"potentialAction":[{"@type":"SearchAction","target":{"@type":"EntryPoint","urlTemplate":"https:\/\/staging.cdsboutique.com\/?s={search_term_string}"},"query-input":{"@type":"PropertyValueSpecification","valueRequired":true,"valueName":"search_term_string"}}],"inLanguage":"en-US"},{"@type":"Organization","@id":"https:\/\/staging.cdsboutique.com\/#organization","name":"CDS Boutique","url":"https:\/\/staging.cdsboutique.com\/","logo":{"@type":"ImageObject","inLanguage":"en-US","@id":"https:\/\/staging.cdsboutique.com\/#\/schema\/logo\/image\/","url":"https:\/\/staging.cdsboutique.com\/wp-content\/uploads\/2024\/09\/logoCDS-Boutique_final2024.jpg","contentUrl":"https:\/\/staging.cdsboutique.com\/wp-content\/uploads\/2024\/09\/logoCDS-Boutique_final2024.jpg","width":900,"height":600,"caption":"CDS Boutique"},"image":{"@id":"https:\/\/staging.cdsboutique.com\/#\/schema\/logo\/image\/"},"sameAs":["https:\/\/www.facebook.com\/CDSBoutique.Aines.Seniors","https:\/\/www.youtube.com\/@cdsboutique4046","https:\/\/www.linkedin.com\/company\/cds-boutique\/","https:\/\/www.instagram.com\/cdsboutique\/"]}]}},"_links":{"self":[{"href":"https:\/\/staging.cdsboutique.com\/en\/wp-json\/wp\/v2\/product\/65645","targetHints":{"allow":["GET"]}}],"collection":[{"href":"https:\/\/staging.cdsboutique.com\/en\/wp-json\/wp\/v2\/product"}],"about":[{"href":"https:\/\/staging.cdsboutique.com\/en\/wp-json\/wp\/v2\/types\/product"}],"replies":[{"embeddable":true,"href":"https:\/\/staging.cdsboutique.com\/en\/wp-json\/wp\/v2\/comments?post=65645"}],"wp:featuredmedia":[{"embeddable":true,"href":"https:\/\/staging.cdsboutique.com\/en\/wp-json\/wp\/v2\/media\/65818"}],"wp:attachment":[{"href":"https:\/\/staging.cdsboutique.com\/en\/wp-json\/wp\/v2\/media?parent=65645"}],"wp:term":[{"taxonomy":"product_brand","embeddable":true,"href":"https:\/\/staging.cdsboutique.com\/en\/wp-json\/wp\/v2\/product_brand?post=65645"},{"taxonomy":"product_cat","embeddable":true,"href":"https:\/\/staging.cdsboutique.com\/en\/wp-json\/wp\/v2\/product_cat?post=65645"},{"taxonomy":"product_tag","embeddable":true,"href":"https:\/\/staging.cdsboutique.com\/en\/wp-json\/wp\/v2\/product_tag?post=65645"}],"curies":[{"name":"wp","href":"https:\/\/api.w.org\/{rel}","templated":true}]}}