{"id":65646,"date":"2024-10-01T15:27:54","date_gmt":"2024-10-01T19:27:54","guid":{"rendered":"https:\/\/cdsboutique.com\/?post_type=product&#038;p=65646"},"modified":"2024-12-31T13:52:45","modified_gmt":"2024-12-31T18:52:45","slug":"reborn-doll-lin","status":"publish","type":"product","link":"https:\/\/staging.cdsboutique.com\/en\/produit\/reborn-doll-lin\/","title":{"rendered":"Reborn Doll &#8211; Lin"},"content":{"rendered":"<div><strong>Meet Lin, a therapeutic Reborn doll with Asian origins whose calm, comforting presence will soothe your seniors and warm their hearts.<\/strong><\/div>\n<div><\/div>\n<div>\n<hr \/>\n<\/div>\n<div><strong>LIN REBORN DOLL FEATURES<\/strong><\/div>\n<div><\/div>\n<ul>\n<li>Open brown acrylic eyes;<\/li>\n<li>Hand-painted black hair;<\/li>\n<li>Lin measures 19 inches and weighs 2 pounds;<\/li>\n<li>Her head, feet and hands are made of vinyl and the rest of her body is made of fabric;<\/li>\n<li>Can be dressed in 0-3 month clothes (boy or girl);<\/li>\n<li>Perfect therapeutic doll for the doll approach <span style=\"color: #993366;\"><a style=\"color: #993366;\" href=\"https:\/\/staging.cdsboutique.com\/en\/product\/doll-therapy\/\" title=\"(book available here)\">(book available here)<\/a>.<\/span><\/li>\n<\/ul>\n<hr \/>\n<p>Reborn dolls can be great tools to help reduce anxiety in people with Alzheimer&#8217;s disease, or in those with agitated behavior. They also encourage social interaction for all seniors, from those who feel isolated to those who need to feel useful on a daily basis. Indeed, their mere presence offers a sense of comfort and security to their caregivers. Reborn babies are also used to improve the fine motor skills of seniors of all levels of autonomy, whether by the simple gesture of tying their clothes, or the movement of rocking them.<\/p>\n<p>Louise Vendette, an experienced senior care nurse, designed the realistic Lin doll with the specific needs of the seniors in mind, especially those living with Alzheimer&#8217;s disease. Drawing on her expertise in caring for the seniors, she has created perfectly adapted dolls that offer soothing, beneficial interactions on a daily basis.<\/p>\n<p><strong>Having a therapeutic Reborn doll within easy reach of your seniors means bringing warmth and comfort to their daily lives!<\/strong><\/p>\n<p><!--StartFragment --><\/p>\n<p>\u2014<\/p>\n<p class=\"pf0\"><strong><span class=\"cf0\">IMPORTANT NOTES:<\/span><\/strong><\/p>\n<ol>\n<li class=\"pf0\">For hygiene reasons, Reborn dolls cannot be returned.<\/li>\n<li class=\"pf0\">\n<div><span style=\"color: black;\">Clothes may vary from one doll to another, as they are chosen by the supplier.\u00a0<\/span><\/div>\n<\/li>\n<\/ol>\n<p>&nbsp;<\/p>\n","protected":false},"excerpt":{"rendered":"<p>Meet Lin, a therapeutic Reborn doll with Asian origins whose calm, comforting presence will soothe your seniors and warm their hearts. LIN REBORN DOLL FEATURES Open brown acrylic eyes; Hand-painted black hair; Lin measures 19 inches and weighs 2 pounds; Her head, feet and hands are made of vinyl and the rest of her body [&hellip;]<\/p>\n","protected":false},"featured_media":65816,"comment_status":"closed","ping_status":"closed","template":"","meta":{"_acf_changed":false},"product_brand":[],"product_cat":[4401,4091],"product_tag":[4680],"class_list":{"0":"post-65646","1":"product","2":"type-product","3":"status-publish","4":"has-post-thumbnail","6":"product_cat-all","7":"product_cat-new-arrivals","8":"product_tag-news-en","9":"product_shipping_class-additional-shipping-costs","11":"first","12":"instock","13":"taxable","14":"shipping-taxable","15":"purchasable","16":"product-type-simple"},"bundled_by":[],"bundle_stock_status":"instock","bundle_stock_quantity":null,"bundle_virtual":false,"bundle_layout":"","bundle_add_to_cart_form_location":"","bundle_editable_in_cart":false,"bundle_sold_individually_context":"","bundle_item_grouping":"","bundle_min_size":"","bundle_max_size":"","bundle_price":[],"bundled_items":[],"bundle_sell_ids":[],"acf":[],"featured_image_urls_v2":{"full":["https:\/\/staging.cdsboutique.com\/wp-content\/uploads\/2024\/10\/25384-Lin.png",3571,4458,false],"thumbnail":["https:\/\/staging.cdsboutique.com\/wp-content\/uploads\/2024\/10\/25384-Lin-150x150.png",150,150,true],"medium":["https:\/\/staging.cdsboutique.com\/wp-content\/uploads\/2024\/10\/25384-Lin-240x300.png",240,300,true],"medium_large":["https:\/\/staging.cdsboutique.com\/wp-content\/uploads\/2024\/10\/25384-Lin-768x959.png",768,959,true],"large":["https:\/\/staging.cdsboutique.com\/wp-content\/uploads\/2024\/10\/25384-Lin-820x1024.png",820,1024,true],"1536x1536":["https:\/\/staging.cdsboutique.com\/wp-content\/uploads\/2024\/10\/25384-Lin-1230x1536.png",1230,1536,true],"2048x2048":["https:\/\/staging.cdsboutique.com\/wp-content\/uploads\/2024\/10\/25384-Lin-1641x2048.png",1641,2048,true],"gform-image-choice-sm":["https:\/\/staging.cdsboutique.com\/wp-content\/uploads\/2024\/10\/25384-Lin.png",240,300,false],"gform-image-choice-md":["https:\/\/staging.cdsboutique.com\/wp-content\/uploads\/2024\/10\/25384-Lin.png",320,400,false],"gform-image-choice-lg":["https:\/\/staging.cdsboutique.com\/wp-content\/uploads\/2024\/10\/25384-Lin.png",481,600,false],"woocommerce_thumbnail":["https:\/\/staging.cdsboutique.com\/wp-content\/uploads\/2024\/10\/25384-Lin-300x375.png",300,375,true],"woocommerce_single":["https:\/\/staging.cdsboutique.com\/wp-content\/uploads\/2024\/10\/25384-Lin-600x749.png",600,749,true],"woocommerce_gallery_thumbnail":["https:\/\/staging.cdsboutique.com\/wp-content\/uploads\/2024\/10\/25384-Lin-100x100.png",100,100,true],"variation_swatches_image_size":["https:\/\/staging.cdsboutique.com\/wp-content\/uploads\/2024\/10\/25384-Lin-50x50.png",50,50,true],"variation_swatches_tooltip_size":["https:\/\/staging.cdsboutique.com\/wp-content\/uploads\/2024\/10\/25384-Lin-100x100.png",100,100,true],"logo-size":["https:\/\/staging.cdsboutique.com\/wp-content\/uploads\/2024\/10\/25384-Lin-67x84.png",67,84,true],"blog":["https:\/\/staging.cdsboutique.com\/wp-content\/uploads\/2024\/10\/25384-Lin-350x260.png",350,260,true]},"post_excerpt_stackable_v2":"<p>Meet Lin, a therapeutic Reborn doll with Asian origins whose calm, comforting presence will soothe your seniors and warm their hearts. LIN REBORN DOLL FEATURES Open brown acrylic eyes; Hand-painted black hair; Lin measures 19 inches and weighs 2 pounds; Her head, feet and hands are made of vinyl and the rest of her body is made of fabric; Can be dressed in 0-3 month clothes (boy or girl); Perfect therapeutic doll for the doll approach (book available here). Reborn dolls can be great tools to help reduce anxiety in people with Alzheimer&#8217;s disease, or in those with agitated behavior.&hellip;<\/p>\n","category_list_v2":"","author_info_v2":{"name":"","url":""},"comments_num_v2":"0 comments","yoast_head":"<!-- This site is optimized with the Yoast SEO plugin v27.4 - https:\/\/yoast.com\/product\/yoast-seo-wordpress\/ -->\n<title>Therapeutic Reborn doll - Lin - CDS boutique A\u00een\u00e9s<\/title>\n<meta name=\"description\" content=\"Meet Lin, a therapeutic Reborn doll of Asian origins whose comforting presence will soothe your seniors and warm their hearts.\" \/>\n<meta name=\"robots\" content=\"noindex, follow, max-snippet:-1, max-image-preview:large, max-video-preview:-1\" \/>\n<meta property=\"og:locale\" content=\"en_US\" \/>\n<meta property=\"og:type\" content=\"article\" \/>\n<meta property=\"og:title\" content=\"Therapeutic Reborn doll - Lin - CDS boutique A\u00een\u00e9s\" \/>\n<meta property=\"og:description\" content=\"Meet Lin, a therapeutic Reborn doll of Asian origins whose comforting presence will soothe your seniors and warm their hearts.\" \/>\n<meta property=\"og:url\" content=\"https:\/\/staging.cdsboutique.com\/en\/product\/reborn-doll-lin\/\" \/>\n<meta property=\"og:site_name\" content=\"CDS boutique A\u00een\u00e9s\" \/>\n<meta property=\"article:publisher\" content=\"https:\/\/www.facebook.com\/CDSBoutique.Aines.Seniors\" \/>\n<meta property=\"article:modified_time\" content=\"2024-12-31T18:52:45+00:00\" \/>\n<meta property=\"og:image\" content=\"https:\/\/staging.cdsboutique.com\/wp-content\/uploads\/2024\/10\/25384-Lin-820x1024.png\" \/>\n\t<meta property=\"og:image:width\" content=\"820\" \/>\n\t<meta property=\"og:image:height\" content=\"1024\" \/>\n\t<meta property=\"og:image:type\" content=\"image\/png\" \/>\n<meta name=\"twitter:card\" content=\"summary_large_image\" \/>\n<meta name=\"twitter:label1\" content=\"Est. reading time\" \/>\n\t<meta name=\"twitter:data1\" content=\"2 minutes\" \/>\n<script type=\"application\/ld+json\" class=\"yoast-schema-graph\">{\"@context\":\"https:\\\/\\\/schema.org\",\"@graph\":[{\"@type\":\"WebPage\",\"@id\":\"https:\\\/\\\/staging.cdsboutique.com\\\/en\\\/product\\\/reborn-doll-lin\\\/\",\"url\":\"https:\\\/\\\/staging.cdsboutique.com\\\/en\\\/product\\\/reborn-doll-lin\\\/\",\"name\":\"Therapeutic Reborn doll - Lin - CDS boutique A\u00een\u00e9s\",\"isPartOf\":{\"@id\":\"https:\\\/\\\/staging.cdsboutique.com\\\/#website\"},\"primaryImageOfPage\":{\"@id\":\"https:\\\/\\\/staging.cdsboutique.com\\\/en\\\/product\\\/reborn-doll-lin\\\/#primaryimage\"},\"image\":{\"@id\":\"https:\\\/\\\/staging.cdsboutique.com\\\/en\\\/product\\\/reborn-doll-lin\\\/#primaryimage\"},\"thumbnailUrl\":\"https:\\\/\\\/staging.cdsboutique.com\\\/wp-content\\\/uploads\\\/2024\\\/10\\\/25384-Lin.png\",\"datePublished\":\"2024-10-01T19:27:54+00:00\",\"dateModified\":\"2024-12-31T18:52:45+00:00\",\"description\":\"Meet Lin, a therapeutic Reborn doll of Asian origins whose comforting presence will soothe your seniors and warm their hearts.\",\"breadcrumb\":{\"@id\":\"https:\\\/\\\/staging.cdsboutique.com\\\/en\\\/product\\\/reborn-doll-lin\\\/#breadcrumb\"},\"inLanguage\":\"en-US\",\"potentialAction\":[{\"@type\":\"ReadAction\",\"target\":[\"https:\\\/\\\/staging.cdsboutique.com\\\/en\\\/product\\\/reborn-doll-lin\\\/\"]}]},{\"@type\":\"ImageObject\",\"inLanguage\":\"en-US\",\"@id\":\"https:\\\/\\\/staging.cdsboutique.com\\\/en\\\/product\\\/reborn-doll-lin\\\/#primaryimage\",\"url\":\"https:\\\/\\\/staging.cdsboutique.com\\\/wp-content\\\/uploads\\\/2024\\\/10\\\/25384-Lin.png\",\"contentUrl\":\"https:\\\/\\\/staging.cdsboutique.com\\\/wp-content\\\/uploads\\\/2024\\\/10\\\/25384-Lin.png\",\"width\":3571,\"height\":4458,\"caption\":\"Poup\u00e9e Reborn th\u00e9rapeutique asiatique Therapeutic Reborn Doll Asian origins\"},{\"@type\":\"BreadcrumbList\",\"@id\":\"https:\\\/\\\/staging.cdsboutique.com\\\/en\\\/product\\\/reborn-doll-lin\\\/#breadcrumb\",\"itemListElement\":[{\"@type\":\"ListItem\",\"position\":1,\"name\":\"Home\",\"item\":\"https:\\\/\\\/staging.cdsboutique.com\\\/en\\\/\"},{\"@type\":\"ListItem\",\"position\":2,\"name\":\"Products\",\"item\":\"https:\\\/\\\/staging.cdsboutique.com\\\/en\\\/products\\\/\"},{\"@type\":\"ListItem\",\"position\":3,\"name\":\"Reborn Doll &#8211; Lin\"}]},{\"@type\":\"WebSite\",\"@id\":\"https:\\\/\\\/staging.cdsboutique.com\\\/#website\",\"url\":\"https:\\\/\\\/staging.cdsboutique.com\\\/\",\"name\":\"CDS boutique A\u00een\u00e9s\",\"description\":\"Pour une meilleure qualit\u00e9 de vie\",\"publisher\":{\"@id\":\"https:\\\/\\\/staging.cdsboutique.com\\\/#organization\"},\"potentialAction\":[{\"@type\":\"SearchAction\",\"target\":{\"@type\":\"EntryPoint\",\"urlTemplate\":\"https:\\\/\\\/staging.cdsboutique.com\\\/?s={search_term_string}\"},\"query-input\":{\"@type\":\"PropertyValueSpecification\",\"valueRequired\":true,\"valueName\":\"search_term_string\"}}],\"inLanguage\":\"en-US\"},{\"@type\":\"Organization\",\"@id\":\"https:\\\/\\\/staging.cdsboutique.com\\\/#organization\",\"name\":\"CDS Boutique\",\"url\":\"https:\\\/\\\/staging.cdsboutique.com\\\/\",\"logo\":{\"@type\":\"ImageObject\",\"inLanguage\":\"en-US\",\"@id\":\"https:\\\/\\\/staging.cdsboutique.com\\\/#\\\/schema\\\/logo\\\/image\\\/\",\"url\":\"https:\\\/\\\/staging.cdsboutique.com\\\/wp-content\\\/uploads\\\/2024\\\/09\\\/logoCDS-Boutique_final2024.jpg\",\"contentUrl\":\"https:\\\/\\\/staging.cdsboutique.com\\\/wp-content\\\/uploads\\\/2024\\\/09\\\/logoCDS-Boutique_final2024.jpg\",\"width\":900,\"height\":600,\"caption\":\"CDS Boutique\"},\"image\":{\"@id\":\"https:\\\/\\\/staging.cdsboutique.com\\\/#\\\/schema\\\/logo\\\/image\\\/\"},\"sameAs\":[\"https:\\\/\\\/www.facebook.com\\\/CDSBoutique.Aines.Seniors\",\"https:\\\/\\\/www.youtube.com\\\/@cdsboutique4046\",\"https:\\\/\\\/www.linkedin.com\\\/company\\\/cds-boutique\\\/\",\"https:\\\/\\\/www.instagram.com\\\/cdsboutique\\\/\"]}]}<\/script>\n<!-- \/ Yoast SEO plugin. -->","yoast_head_json":{"title":"Therapeutic Reborn doll - Lin - CDS boutique A\u00een\u00e9s","description":"Meet Lin, a therapeutic Reborn doll of Asian origins whose comforting presence will soothe your seniors and warm their hearts.","robots":{"index":"noindex","follow":"follow","max-snippet":"max-snippet:-1","max-image-preview":"max-image-preview:large","max-video-preview":"max-video-preview:-1"},"og_locale":"en_US","og_type":"article","og_title":"Therapeutic Reborn doll - Lin - CDS boutique A\u00een\u00e9s","og_description":"Meet Lin, a therapeutic Reborn doll of Asian origins whose comforting presence will soothe your seniors and warm their hearts.","og_url":"https:\/\/staging.cdsboutique.com\/en\/product\/reborn-doll-lin\/","og_site_name":"CDS boutique A\u00een\u00e9s","article_publisher":"https:\/\/www.facebook.com\/CDSBoutique.Aines.Seniors","article_modified_time":"2024-12-31T18:52:45+00:00","og_image":[{"width":820,"height":1024,"url":"https:\/\/staging.cdsboutique.com\/wp-content\/uploads\/2024\/10\/25384-Lin-820x1024.png","type":"image\/png"}],"twitter_card":"summary_large_image","twitter_misc":{"Est. reading time":"2 minutes"},"schema":{"@context":"https:\/\/schema.org","@graph":[{"@type":"WebPage","@id":"https:\/\/staging.cdsboutique.com\/en\/product\/reborn-doll-lin\/","url":"https:\/\/staging.cdsboutique.com\/en\/product\/reborn-doll-lin\/","name":"Therapeutic Reborn doll - Lin - CDS boutique A\u00een\u00e9s","isPartOf":{"@id":"https:\/\/staging.cdsboutique.com\/#website"},"primaryImageOfPage":{"@id":"https:\/\/staging.cdsboutique.com\/en\/product\/reborn-doll-lin\/#primaryimage"},"image":{"@id":"https:\/\/staging.cdsboutique.com\/en\/product\/reborn-doll-lin\/#primaryimage"},"thumbnailUrl":"https:\/\/staging.cdsboutique.com\/wp-content\/uploads\/2024\/10\/25384-Lin.png","datePublished":"2024-10-01T19:27:54+00:00","dateModified":"2024-12-31T18:52:45+00:00","description":"Meet Lin, a therapeutic Reborn doll of Asian origins whose comforting presence will soothe your seniors and warm their hearts.","breadcrumb":{"@id":"https:\/\/staging.cdsboutique.com\/en\/product\/reborn-doll-lin\/#breadcrumb"},"inLanguage":"en-US","potentialAction":[{"@type":"ReadAction","target":["https:\/\/staging.cdsboutique.com\/en\/product\/reborn-doll-lin\/"]}]},{"@type":"ImageObject","inLanguage":"en-US","@id":"https:\/\/staging.cdsboutique.com\/en\/product\/reborn-doll-lin\/#primaryimage","url":"https:\/\/staging.cdsboutique.com\/wp-content\/uploads\/2024\/10\/25384-Lin.png","contentUrl":"https:\/\/staging.cdsboutique.com\/wp-content\/uploads\/2024\/10\/25384-Lin.png","width":3571,"height":4458,"caption":"Poup\u00e9e Reborn th\u00e9rapeutique asiatique Therapeutic Reborn Doll Asian origins"},{"@type":"BreadcrumbList","@id":"https:\/\/staging.cdsboutique.com\/en\/product\/reborn-doll-lin\/#breadcrumb","itemListElement":[{"@type":"ListItem","position":1,"name":"Home","item":"https:\/\/staging.cdsboutique.com\/en\/"},{"@type":"ListItem","position":2,"name":"Products","item":"https:\/\/staging.cdsboutique.com\/en\/products\/"},{"@type":"ListItem","position":3,"name":"Reborn Doll &#8211; Lin"}]},{"@type":"WebSite","@id":"https:\/\/staging.cdsboutique.com\/#website","url":"https:\/\/staging.cdsboutique.com\/","name":"CDS boutique A\u00een\u00e9s","description":"Pour une meilleure qualit\u00e9 de vie","publisher":{"@id":"https:\/\/staging.cdsboutique.com\/#organization"},"potentialAction":[{"@type":"SearchAction","target":{"@type":"EntryPoint","urlTemplate":"https:\/\/staging.cdsboutique.com\/?s={search_term_string}"},"query-input":{"@type":"PropertyValueSpecification","valueRequired":true,"valueName":"search_term_string"}}],"inLanguage":"en-US"},{"@type":"Organization","@id":"https:\/\/staging.cdsboutique.com\/#organization","name":"CDS Boutique","url":"https:\/\/staging.cdsboutique.com\/","logo":{"@type":"ImageObject","inLanguage":"en-US","@id":"https:\/\/staging.cdsboutique.com\/#\/schema\/logo\/image\/","url":"https:\/\/staging.cdsboutique.com\/wp-content\/uploads\/2024\/09\/logoCDS-Boutique_final2024.jpg","contentUrl":"https:\/\/staging.cdsboutique.com\/wp-content\/uploads\/2024\/09\/logoCDS-Boutique_final2024.jpg","width":900,"height":600,"caption":"CDS Boutique"},"image":{"@id":"https:\/\/staging.cdsboutique.com\/#\/schema\/logo\/image\/"},"sameAs":["https:\/\/www.facebook.com\/CDSBoutique.Aines.Seniors","https:\/\/www.youtube.com\/@cdsboutique4046","https:\/\/www.linkedin.com\/company\/cds-boutique\/","https:\/\/www.instagram.com\/cdsboutique\/"]}]}},"_links":{"self":[{"href":"https:\/\/staging.cdsboutique.com\/en\/wp-json\/wp\/v2\/product\/65646","targetHints":{"allow":["GET"]}}],"collection":[{"href":"https:\/\/staging.cdsboutique.com\/en\/wp-json\/wp\/v2\/product"}],"about":[{"href":"https:\/\/staging.cdsboutique.com\/en\/wp-json\/wp\/v2\/types\/product"}],"replies":[{"embeddable":true,"href":"https:\/\/staging.cdsboutique.com\/en\/wp-json\/wp\/v2\/comments?post=65646"}],"wp:featuredmedia":[{"embeddable":true,"href":"https:\/\/staging.cdsboutique.com\/en\/wp-json\/wp\/v2\/media\/65816"}],"wp:attachment":[{"href":"https:\/\/staging.cdsboutique.com\/en\/wp-json\/wp\/v2\/media?parent=65646"}],"wp:term":[{"taxonomy":"product_brand","embeddable":true,"href":"https:\/\/staging.cdsboutique.com\/en\/wp-json\/wp\/v2\/product_brand?post=65646"},{"taxonomy":"product_cat","embeddable":true,"href":"https:\/\/staging.cdsboutique.com\/en\/wp-json\/wp\/v2\/product_cat?post=65646"},{"taxonomy":"product_tag","embeddable":true,"href":"https:\/\/staging.cdsboutique.com\/en\/wp-json\/wp\/v2\/product_tag?post=65646"}],"curies":[{"name":"wp","href":"https:\/\/api.w.org\/{rel}","templated":true}]}}